{"id":1565,"date":"2025-04-22T08:05:42","date_gmt":"2025-04-22T08:05:42","guid":{"rendered":"https:\/\/shaliteink.com\/?post_type=product&#038;p=1565"},"modified":"2025-12-10T11:30:41","modified_gmt":"2025-12-10T11:30:41","slug":"compre-tinta-de-serigrafia-nb-azul-brillante-vibrante-sin-pvc-en-shaliteink","status":"publish","type":"product","link":"https:\/\/shaliteink.com\/es\/producto\/compre-tinta-de-serigrafia-nb-azul-brillante-vibrante-sin-pvc-en-shaliteink\/","title":{"rendered":"Tinta de serigraf\u00eda NB azul brillante sin PVC"},"content":{"rendered":"<p class=\"ng-star-inserted\"><strong class=\"ng-star-inserted\"><span class=\"ng-star-inserted\">\u00bfPor qu\u00e9 elegir Shaliteink?<\/span><\/strong><\/p>\n<p>Entendemos que la tinta de serigraf\u00eda confiable es la columna vertebral de su negocio. En serio, cuando compra directamente de <strong><a href=\"https:\/\/shaliteink.com\/es\/\">Shaliteink<\/a><\/strong>, Eliminas al intermediario, lo que garantiza la mejor calidad al mejor precio. Nuestra f\u00f3rmula azul brillante proporciona una consistencia cremosa y ligera que se corta f\u00e1cilmente, facilitando enormemente la impresi\u00f3n desde el primer momento.<\/p>\n<p><img decoding=\"async\" class=\"aligncenter wp-image-4231 size-large\" src=\"https:\/\/shaliteink.com\/wp-content\/uploads\/2025\/04\/Bright-Blue-PVC-Free-NB-Screen-Printing-Ink-1024x984.png\" alt=\"Tinta de serigraf\u00eda NB azul brillante sin PVC\" width=\"1024\" height=\"984\" srcset=\"https:\/\/shaliteink.com\/wp-content\/uploads\/2025\/04\/Bright-Blue-PVC-Free-NB-Screen-Printing-Ink-1024x984.png 1024w, https:\/\/shaliteink.com\/wp-content\/uploads\/2025\/04\/Bright-Blue-PVC-Free-NB-Screen-Printing-Ink-300x288.png 300w, https:\/\/shaliteink.com\/wp-content\/uploads\/2025\/04\/Bright-Blue-PVC-Free-NB-Screen-Printing-Ink-768x738.png 768w, https:\/\/shaliteink.com\/wp-content\/uploads\/2025\/04\/Bright-Blue-PVC-Free-NB-Screen-Printing-Ink-12x12.png 12w, https:\/\/shaliteink.com\/wp-content\/uploads\/2025\/04\/Bright-Blue-PVC-Free-NB-Screen-Printing-Ink-150x144.png 150w, https:\/\/shaliteink.com\/wp-content\/uploads\/2025\/04\/Bright-Blue-PVC-Free-NB-Screen-Printing-Ink.png 1040w\" sizes=\"(max-width: 1024px) 100vw, 1024px\" \/><\/p>\n<p class=\"ng-star-inserted\"><strong class=\"ng-star-inserted\"><span class=\"ng-star-inserted\">Caracter\u00edsticas y beneficios clave:<\/span><\/strong><\/p>\n<ul class=\"ng-star-inserted\">\n<li class=\"ng-star-inserted\"><span class=\"ng-star-inserted\">Vibrante y audaz<\/span>Nuestro tinte azul brillante proporciona un color muy opaco, fuerte y saturado que se destaca tanto en prendas claras como oscuras.<\/li>\n<li><span class=\"ng-star-inserted\">Tecnolog\u00eda sin bloqueo<\/span> :La f\u00f3rmula de la tinta Plastisol NB evita que las impresiones se peguen entre s\u00ed, lo que reduce el desperdicio y el da\u00f1o a la ropa durante el proceso de apilado.<\/li>\n<li><span class=\"ng-star-inserted\">Libre de PVC y ecol\u00f3gico:<\/span><span class=\"ng-star-inserted\">Ha sido dise\u00f1ado para cumplir con las regulaciones ambientales modernas sin sacrificar la durabilidad cl\u00e1sica del plastisol.<\/span><\/li>\n<li><span class=\"ng-star-inserted\">Sensaci\u00f3n suave al tacto<\/span>:Logra un acabado suave y profesional en mezclas de algod\u00f3n y poli\u00e9ster, evitando la sensaci\u00f3n pesada y \u201ca prueba de balas\u201d de las tintas baratas.<\/li>\n<li><span class=\"ng-star-inserted\">Valor directo de f\u00e1brica<\/span>Aproveche 20 a\u00f1os de experiencia en fabricaci\u00f3n para obtener tintas profesionales a precios minoristas.<\/li>\n<\/ul>\n<p class=\"ng-star-inserted\"><strong class=\"ng-star-inserted\"><span class=\"ng-star-inserted\">Pautas de curado y tapajuntas:<\/span><\/strong><\/p>\n<p>Un tratamiento t\u00e9rmico adecuado es clave para garantizar la longevidad de su tinta de serigraf\u00eda. \u00bfSabe qu\u00e9? Tenga en cuenta los siguientes ajustes de temperatura para las instalaciones de Shaliteink:<\/p>\n<ul>\n<li>Punto de inflamaci\u00f3n: entre 120 \u00b0C y 140 \u00b0C. En serio, este rango garantiza que la tinta est\u00e9 seca al tacto para la siguiente estaci\u00f3n de color sin curarse por completo.<\/li>\n<li>Temperatura de procesamiento: 160\u00b0C. En serio, toda la capa de tinta debe alcanzar esta temperatura para adherirse mec\u00e1nicamente a la tela.<\/li>\n<\/ul>\n<p class=\"ng-star-inserted\"><strong class=\"ng-star-inserted\"><span class=\"ng-star-inserted\">Consejos profesionales para obtener los mejores resultados:<\/span><\/strong><\/p>\n<ol>\n<li style=\"list-style-type: none;\">\n<ol class=\"ng-star-inserted\">\n<li class=\"ng-star-inserted\">Recomendaci\u00f3n inferior: aunque nuestro azul claro es muy opaco, recomendamos utilizar una base blanca sobre prendas negras o azul marino oscuro para garantizar el m\u00e1ximo color.<\/li>\n<li class=\"ng-star-inserted\">Prueba de estiramiento: Realice siempre una prueba de estiramiento antes de comenzar todo el proceso de fabricaci\u00f3n. Tire de la tela aproximadamente dos tercios. Si la tinta se agrieta y no se retrae con la tela, no se adherir\u00e1.<\/li>\n<li>Y, por supuesto, los n\u00fameros de cuadr\u00edcula: esto <strong><a href=\"https:\/\/shaliteink.com\/es\/categoria-producto\/tinta-de-serigrafia-nb-sin-pvc\/\">Tinta plastisol NB<\/a><\/strong> Funciona perfectamente con n\u00fameros de cuadr\u00edcula entre 110 y 230, dependiendo del detalle requerido.<\/li>\n<\/ol>\n<\/li>\n<\/ol>\n<p class=\"ng-star-inserted\"><strong class=\"ng-star-inserted\"><span class=\"ng-star-inserted\">Limpieza y almacenamiento:<\/span><\/strong><\/p>\n<ul class=\"ng-star-inserted\">\n<li class=\"ng-star-inserted\">Limpieza: Use un limpiador de pantallas est\u00e1ndar o un removedor de tinta. La tinta se elimina f\u00e1cilmente de las pantallas y las almohadillas de goma.<\/li>\n<li class=\"ng-star-inserted\">\u00bfAdivina qu\u00e9? Almacenamiento: Guarda la tinta plastisol a temperatura ambiente (18-32 \u00b0C). Evita la luz solar directa para mantener una consistencia cremosa y estable.<\/li>\n<\/ul>\n<p>Actualice su impresora hoy Compre nuestra tinta Shaliteink y experimente la diferencia que marcan 20 a\u00f1os de excelencia en la fabricaci\u00f3n.<\/p>\n<p><img decoding=\"async\" class=\"aligncenter wp-image-4232 size-full\" src=\"https:\/\/shaliteink.com\/wp-content\/uploads\/2025\/04\/Bright-Blue-PVC-Free-NB-Screen-Printing-Ink-1.png\" alt=\"Tinta de serigraf\u00eda NB azul brillante sin PVC\" width=\"992\" height=\"953\" srcset=\"https:\/\/shaliteink.com\/wp-content\/uploads\/2025\/04\/Bright-Blue-PVC-Free-NB-Screen-Printing-Ink-1.png 992w, https:\/\/shaliteink.com\/wp-content\/uploads\/2025\/04\/Bright-Blue-PVC-Free-NB-Screen-Printing-Ink-1-300x288.png 300w, https:\/\/shaliteink.com\/wp-content\/uploads\/2025\/04\/Bright-Blue-PVC-Free-NB-Screen-Printing-Ink-1-768x738.png 768w, https:\/\/shaliteink.com\/wp-content\/uploads\/2025\/04\/Bright-Blue-PVC-Free-NB-Screen-Printing-Ink-1-12x12.png 12w, https:\/\/shaliteink.com\/wp-content\/uploads\/2025\/04\/Bright-Blue-PVC-Free-NB-Screen-Printing-Ink-1-150x144.png 150w\" sizes=\"(max-width: 992px) 100vw, 992px\" \/><\/p>\n<p>&nbsp;<\/p>","protected":false},"excerpt":{"rendered":"<p>Descubra la profesionalidad y la durabilidad con Shaliteink, l\u00edder mundial en la industria de la serigraf\u00eda. Con m\u00e1s de dos d\u00e9cadas de experiencia en fabricaci\u00f3n, ofrecemos calidad directa de f\u00e1brica que respalda a las marcas m\u00e1s reconocidas del mundo. \u00bfSabe qu\u00e9? La tinta de serigraf\u00eda NB sin PVC Azul Brillante est\u00e1 dise\u00f1ada para impresoras que requieren un alto rendimiento, una composici\u00f3n ecol\u00f3gica y un valor inigualable.<br \/>\nYa sea que utilice una prensa rotativa manual o automatizada de alto volumen, esta tinta plastisol NB (antiadherente) est\u00e1 dise\u00f1ada para simplificar su flujo de trabajo. \u00bfSabe qu\u00e9? A diferencia de las tintas convencionales, que pueden quedar pegajosas y hacer que la ropa se pegue al calentarse, nuestra tecnolog\u00eda especial &quot;antigrumos&quot; proporciona un acabado suave y antiadherente inmediatamente despu\u00e9s del curado.<\/p>","protected":false},"featured_media":1566,"comment_status":"open","ping_status":"closed","template":"","meta":[],"product_brand":[],"product_cat":[43],"product_tag":[],"class_list":{"0":"post-1565","1":"product","2":"type-product","3":"status-publish","4":"has-post-thumbnail","6":"product_cat-pvc-free-nb-screen-printing-ink","8":"first","9":"instock","10":"shipping-taxable","11":"purchasable","12":"product-type-variable"},"tiered_pricing_type":"fixed","tiered_pricing_fixed_rules":[],"tiered_pricing_product_settings":{"layout":"default","base_unit_name":{"singular":null,"plural":null},"default_variation":null},"tiered_pricing_minimum_quantity":null,"tiered_pricing_roles_data":[],"tiered_pricing_percentage_rules":[],"tiered_pricing_maximum_quantity":null,"tiered_pricing_quantity_step":null,"_links":{"self":[{"href":"https:\/\/shaliteink.com\/es\/wp-json\/wp\/v2\/product\/1565","targetHints":{"allow":["GET"]}}],"collection":[{"href":"https:\/\/shaliteink.com\/es\/wp-json\/wp\/v2\/product"}],"about":[{"href":"https:\/\/shaliteink.com\/es\/wp-json\/wp\/v2\/types\/product"}],"replies":[{"embeddable":true,"href":"https:\/\/shaliteink.com\/es\/wp-json\/wp\/v2\/comments?post=1565"}],"version-history":[{"count":0,"href":"https:\/\/shaliteink.com\/es\/wp-json\/wp\/v2\/product\/1565\/revisions"}],"wp:featuredmedia":[{"embeddable":true,"href":"https:\/\/shaliteink.com\/es\/wp-json\/wp\/v2\/media\/1566"}],"wp:attachment":[{"href":"https:\/\/shaliteink.com\/es\/wp-json\/wp\/v2\/media?parent=1565"}],"wp:term":[{"taxonomy":"product_brand","embeddable":true,"href":"https:\/\/shaliteink.com\/es\/wp-json\/wp\/v2\/product_brand?post=1565"},{"taxonomy":"product_cat","embeddable":true,"href":"https:\/\/shaliteink.com\/es\/wp-json\/wp\/v2\/product_cat?post=1565"},{"taxonomy":"product_tag","embeddable":true,"href":"https:\/\/shaliteink.com\/es\/wp-json\/wp\/v2\/product_tag?post=1565"}],"curies":[{"name":"wp","href":"https:\/\/api.w.org\/{rel}","templated":true}]}}