{"id":1557,"date":"2025-04-22T07:59:52","date_gmt":"2025-04-22T07:59:52","guid":{"rendered":"https:\/\/shaliteink.com\/?post_type=product&#038;p=1557"},"modified":"2025-12-10T11:31:16","modified_gmt":"2025-12-10T11:31:16","slug":"compre-tinta-de-serigrafia-nb-negra-sin-pvc-en-shaliteink","status":"publish","type":"product","link":"https:\/\/shaliteink.com\/es\/producto\/compre-tinta-de-serigrafia-nb-negra-sin-pvc-en-shaliteink\/","title":{"rendered":"Tinta de serigraf\u00eda NB negra sin PVC"},"content":{"rendered":"<p>Caracter\u00edsticas y beneficios principales:<\/p>\n<ul>\n<li>Valor directo de f\u00e1brica: obtenga calidad superior directamente de la f\u00e1brica de Shalitink, ahorr\u00e1ndole dinero en cada compra.<\/li>\n<li>Alta opacidad: proporciona una cobertura negra intensa y fuerte, incluso en superficies dif\u00edciles.<\/li>\n<li>Nota: Tecnolog\u00eda de tinta plastisol: la f\u00f3rmula antibloqueo garantiza que las impresiones no se peguen entre s\u00ed despu\u00e9s del curado\/apilado.<\/li>\n<li>Textura cremosa: lista para usar nada m\u00e1s sacarla del envase; f\u00e1cil de sacar e imprimir.<\/li>\n<li>\u00a0Impresiones suaves a mano: deja una sensaci\u00f3n suave y profesional en algod\u00f3n y mezclas.<\/li>\n<li>Uso universal: Ideal para una amplia gama de tejidos, telas y mallas.<\/li>\n<\/ul>\n<p><img decoding=\"async\" class=\"aligncenter wp-image-4226 size-full\" src=\"https:\/\/shaliteink.com\/wp-content\/uploads\/2025\/04\/Black-PVC-Free-NB-Screen-Printing-Ink.png\" alt=\"Tinta de serigraf\u00eda NB negra sin PVC\" width=\"940\" height=\"940\" srcset=\"https:\/\/shaliteink.com\/wp-content\/uploads\/2025\/04\/Black-PVC-Free-NB-Screen-Printing-Ink.png 940w, https:\/\/shaliteink.com\/wp-content\/uploads\/2025\/04\/Black-PVC-Free-NB-Screen-Printing-Ink-300x300.png 300w, https:\/\/shaliteink.com\/wp-content\/uploads\/2025\/04\/Black-PVC-Free-NB-Screen-Printing-Ink-150x150.png 150w, https:\/\/shaliteink.com\/wp-content\/uploads\/2025\/04\/Black-PVC-Free-NB-Screen-Printing-Ink-768x768.png 768w, https:\/\/shaliteink.com\/wp-content\/uploads\/2025\/04\/Black-PVC-Free-NB-Screen-Printing-Ink-12x12.png 12w, https:\/\/shaliteink.com\/wp-content\/uploads\/2025\/04\/Black-PVC-Free-NB-Screen-Printing-Ink-600x600.png 600w\" sizes=\"(max-width: 940px) 100vw, 940px\" \/><\/p>\n<p class=\"ng-star-inserted\"><strong class=\"ng-star-inserted\"><span class=\"ng-star-inserted\">Pautas de curaci\u00f3n:<\/span><\/strong><\/p>\n<p>El curado adecuado es esencial para la longevidad de la impresi\u00f3n.\u00a0 <strong><a href=\"https:\/\/shaliteink.com\/es\/\">Shalitnik<\/a><\/strong> Los accesorios est\u00e1n dise\u00f1ados para durar.<\/p>\n<ul>\n<li>Punto de inflamaci\u00f3n: 120\u00b0C a 140\u00b0C (248\u00b0F a 284\u00b0F).<\/li>\n<li>Y ah, s\u00ed, temperatura de curado: 160\u00b0C (320\u00b0F).<\/li>\n<li>Pruebas: Recomendamos realizar una prueba de estiramiento y una prueba de lavado antes de la producci\u00f3n completa. Despu\u00e9s del procesamiento, estire la impresi\u00f3n hasta aproximadamente 2\/3 de la camiseta. Si la impresi\u00f3n se agrieta y no se retrae, es posible que la tinta no se haya fijado correctamente. Aseg\u00farese de que toda la capa de tinta alcance los 160 \u00b0C para que se adhiera completamente al material.<\/li>\n<\/ul>\n<p class=\"ng-star-inserted\"><span class=\"ng-star-inserted\">Consejos profesionales para obtener los mejores resultados:<\/span><\/p>\n<p>Para prendas oscuras, aunque el negro es muy opaco, usar una capa base blanca puede aumentar la intensidad al imprimir patrones multicolores. \u00bfAdivina qu\u00e9? Como esto es... <strong><a href=\"https:\/\/shaliteink.com\/es\/categoria-producto\/tinta-de-serigrafia-nb-sin-pvc\/\">Tinta plastisol NB<\/a><\/strong>, es resistente a la presi\u00f3n pero requiere calor constante para el curado final.<\/p>\n<p class=\"ng-star-inserted\"><strong class=\"ng-star-inserted\"><span class=\"ng-star-inserted\">Limpieza:<\/span><\/strong><\/p>\n<ul class=\"ng-star-inserted\">\n<li class=\"ng-star-inserted\">Bajo presi\u00f3n: utilice el lavado de prensa Plastisol est\u00e1ndar\u2026<\/li>\n<li class=\"ng-star-inserted\">En el fregadero: utilice un removedor de tinta o un limpiador de pantallas adecuado.<\/li>\n<li class=\"ng-star-inserted\">Almacenamiento: Almacene la tinta plastisol a temperatura ambiente (18-32 \u00b0C). \u00bfAdivina qu\u00e9? Evite la luz solar directa para evitar que la tinta se cristalice en el tanque.<\/li>\n<\/ul>\n<p class=\"ng-star-inserted\"><strong class=\"ng-star-inserted\"><span class=\"ng-star-inserted\">\u00bfPor qu\u00e9 comprar en Shaliteink?<\/span><\/strong><\/p>\n<p>Al comprar tinta para serigraf\u00eda con nosotros, no solo compra consumibles; contamos con dos d\u00e9cadas de experiencia en la fabricaci\u00f3n. Ofrecemos las mejores soluciones de tinta plastisol para impulsar el crecimiento de su negocio, reduciendo costos y mejorando la calidad de impresi\u00f3n.<\/p>\n<p><img decoding=\"async\" class=\"aligncenter wp-image-4227 size-full\" src=\"https:\/\/shaliteink.com\/wp-content\/uploads\/2025\/04\/Black-PVC-Free-NB-Screen-Printing-Ink-1.png\" alt=\"Tinta de serigraf\u00eda NB negra sin PVC\" width=\"750\" height=\"750\" srcset=\"https:\/\/shaliteink.com\/wp-content\/uploads\/2025\/04\/Black-PVC-Free-NB-Screen-Printing-Ink-1.png 750w, https:\/\/shaliteink.com\/wp-content\/uploads\/2025\/04\/Black-PVC-Free-NB-Screen-Printing-Ink-1-300x300.png 300w, https:\/\/shaliteink.com\/wp-content\/uploads\/2025\/04\/Black-PVC-Free-NB-Screen-Printing-Ink-1-150x150.png 150w, https:\/\/shaliteink.com\/wp-content\/uploads\/2025\/04\/Black-PVC-Free-NB-Screen-Printing-Ink-1-12x12.png 12w, https:\/\/shaliteink.com\/wp-content\/uploads\/2025\/04\/Black-PVC-Free-NB-Screen-Printing-Ink-1-600x600.png 600w\" sizes=\"(max-width: 750px) 100vw, 750px\" \/><\/p>","protected":false},"excerpt":{"rendered":"<p>La tinta Plastisol NB (antibloqueante) se utiliza para solucionar problemas comunes de impresi\u00f3n. Tanto si se utiliza una prensa de anillo manual como una autom\u00e1tica, esta tinta proporciona una textura cremosa y corta que se corta r\u00e1pidamente y facilita enormemente el trabajo. Ofrece una excelente cobertura en una variedad de tejidos, proporciona negros profundos y muy cubrientes.<br \/>\n\u00bfAdivina qu\u00e9? A diferencia de las tintas convencionales, que pueden quedar pegajosas, nuestra tecnolog\u00eda de tinta Plastisol NB proporciona una superficie lisa y sin obstrucciones despu\u00e9s del curado. Est\u00e1 dise\u00f1ada para ser f\u00e1cil de usar tanto para principiantes como para profesionales experimentados, y proporciona la sensaci\u00f3n de suavidad que los clientes adoran en su ropa. Al elegir Shaliteink, elige una tinta de serigraf\u00eda que combina la fiabilidad del plastisol tradicional con los est\u00e1ndares modernos sin PVC.<\/p>","protected":false},"featured_media":1558,"comment_status":"open","ping_status":"closed","template":"","meta":[],"product_brand":[],"product_cat":[43,50],"product_tag":[],"class_list":{"0":"post-1557","1":"product","2":"type-product","3":"status-publish","4":"has-post-thumbnail","6":"product_cat-pvc-free-nb-screen-printing-ink","7":"product_cat-black-screen-printing-ink-plastisol","9":"first","10":"instock","11":"shipping-taxable","12":"purchasable","13":"product-type-variable"},"tiered_pricing_type":"fixed","tiered_pricing_fixed_rules":[],"tiered_pricing_product_settings":{"layout":"default","base_unit_name":{"singular":null,"plural":null},"default_variation":null},"tiered_pricing_minimum_quantity":null,"tiered_pricing_roles_data":[],"tiered_pricing_percentage_rules":[],"tiered_pricing_maximum_quantity":null,"tiered_pricing_quantity_step":null,"_links":{"self":[{"href":"https:\/\/shaliteink.com\/es\/wp-json\/wp\/v2\/product\/1557","targetHints":{"allow":["GET"]}}],"collection":[{"href":"https:\/\/shaliteink.com\/es\/wp-json\/wp\/v2\/product"}],"about":[{"href":"https:\/\/shaliteink.com\/es\/wp-json\/wp\/v2\/types\/product"}],"replies":[{"embeddable":true,"href":"https:\/\/shaliteink.com\/es\/wp-json\/wp\/v2\/comments?post=1557"}],"version-history":[{"count":0,"href":"https:\/\/shaliteink.com\/es\/wp-json\/wp\/v2\/product\/1557\/revisions"}],"wp:featuredmedia":[{"embeddable":true,"href":"https:\/\/shaliteink.com\/es\/wp-json\/wp\/v2\/media\/1558"}],"wp:attachment":[{"href":"https:\/\/shaliteink.com\/es\/wp-json\/wp\/v2\/media?parent=1557"}],"wp:term":[{"taxonomy":"product_brand","embeddable":true,"href":"https:\/\/shaliteink.com\/es\/wp-json\/wp\/v2\/product_brand?post=1557"},{"taxonomy":"product_cat","embeddable":true,"href":"https:\/\/shaliteink.com\/es\/wp-json\/wp\/v2\/product_cat?post=1557"},{"taxonomy":"product_tag","embeddable":true,"href":"https:\/\/shaliteink.com\/es\/wp-json\/wp\/v2\/product_tag?post=1557"}],"curies":[{"name":"wp","href":"https:\/\/api.w.org\/{rel}","templated":true}]}}