{"id":1545,"date":"2025-04-19T07:30:19","date_gmt":"2025-04-19T07:30:19","guid":{"rendered":"https:\/\/shaliteink.com\/?post_type=product&#038;p=1545"},"modified":"2025-12-10T11:31:40","modified_gmt":"2025-12-10T11:31:40","slug":"tinta-de-serigrafia-de-alta-densidad-plastisol","status":"publish","type":"product","link":"https:\/\/shaliteink.com\/es\/producto\/tinta-de-serigrafia-de-alta-densidad-plastisol\/","title":{"rendered":"Tinta de serigraf\u00eda de alta densidad Plastisol"},"content":{"rendered":"<h3 class=\"ng-star-inserted\"><span class=\"ng-star-inserted\">\u00bfPor qu\u00e9 elegir Shaliteink de alta densidad?\u00a0<\/span><strong class=\"ng-star-inserted\"><span class=\"ng-star-inserted\">Tinta plastisol<\/span><\/strong><span class=\"ng-star-inserted\">?<\/span><\/h3>\n<p>Nuestro <strong>tinta plastisol de alta densidad<\/strong> Es m\u00e1s que solo tinta; es un compromiso con la calidad, la eficiencia y unas vistas impresionantes. Dise\u00f1ada por expertos para expertos, esta tinta de serigraf\u00eda le permite lograr impresiones n\u00edtidas y vibrantes con una durabilidad excepcional. Tanto si es un profesional experimentado como si busca mejorar su equipo, Shaliteink le ofrece el rendimiento fiable que necesita.<\/p>\n<p class=\"ng-star-inserted\"><strong class=\"ng-star-inserted\"><span class=\"ng-star-inserted\">Beneficios clave de la tinta plastisol de alta densidad Shaliteink:<\/span><\/strong><\/p>\n<ul class=\"ng-star-inserted\">\n<li class=\"ng-star-inserted\">Temperatura de curado optimizada: se cura de manera eficiente a una temperatura precisa de 160 \u00b0C (320 \u00b0F), protegiendo la prenda de quemaduras y encogimiento, y es adecuada para una amplia gama de telas.<\/li>\n<li class=\"ng-star-inserted\">Opacidad superior: gracias a su alta opacidad, consigue colores vivos y vibrantes incluso en telas oscuras con pasadas bajas.<\/li>\n<li class=\"ng-star-inserted\">Sensaci\u00f3n suave en la mano: a pesar de su formulaci\u00f3n de alta densidad, nuestra tinta mantiene una sensaci\u00f3n de suavidad lujosa, lo que garantiza productos terminados c\u00f3modos y de aspecto profesional.<\/li>\n<li class=\"ng-star-inserted\">Excelente versatilidad: aplicaci\u00f3n universal para una amplia variedad de tejidos, incluidos algod\u00f3n, mezclas de algod\u00f3n y poli\u00e9ster e incluso mezclas de poli\u00e9ster con la base adecuada.<\/li>\n<li class=\"ng-star-inserted\">Propiedades de bajo sangrado: reduce la migraci\u00f3n del tinte en mezclas de poli\u00e9ster, manteniendo la integridad de la impresi\u00f3n y la vitalidad del color.<\/li>\n<li class=\"ng-star-inserted\">F\u00f3rmula sin ftalatos: comprometidos con la seguridad y la responsabilidad ambiental, nuestra tinta est\u00e1 libre de ftalatos.<\/li>\n<li class=\"ng-star-inserted\">Consistencia f\u00e1cil de usar: una textura cremosa y desmenuzable hace que sea incre\u00edblemente f\u00e1cil trabajar con \u00e9l tanto dentro como fuera de la prensa.<\/li>\n<li class=\"ng-star-inserted\">Acabado semibrillante: proporciona un aspecto profesional y atractivo a sus impresiones terminadas.<\/li>\n<li class=\"ng-star-inserted\">Calidad directa de f\u00e1brica: aproveche nuestros veinte a\u00f1os de experiencia en fabricaci\u00f3n y precios directos de f\u00e1brica.<\/li>\n<\/ul>\n<h3><img decoding=\"async\" class=\"aligncenter wp-image-4072 size-large\" src=\"https:\/\/shaliteink.com\/wp-content\/uploads\/2025\/04\/High-Density-Screen-Printing-Ink-Plastisol-1024x672.jpg\" alt=\"Tinta de serigraf\u00eda de alta densidad Plastisol\" width=\"1024\" height=\"672\" srcset=\"https:\/\/shaliteink.com\/wp-content\/uploads\/2025\/04\/High-Density-Screen-Printing-Ink-Plastisol-1024x672.jpg 1024w, https:\/\/shaliteink.com\/wp-content\/uploads\/2025\/04\/High-Density-Screen-Printing-Ink-Plastisol-300x197.jpg 300w, https:\/\/shaliteink.com\/wp-content\/uploads\/2025\/04\/High-Density-Screen-Printing-Ink-Plastisol-768x504.jpg 768w, https:\/\/shaliteink.com\/wp-content\/uploads\/2025\/04\/High-Density-Screen-Printing-Ink-Plastisol-18x12.jpg 18w, https:\/\/shaliteink.com\/wp-content\/uploads\/2025\/04\/High-Density-Screen-Printing-Ink-Plastisol-1200x788.jpg 1200w, https:\/\/shaliteink.com\/wp-content\/uploads\/2025\/04\/High-Density-Screen-Printing-Ink-Plastisol-150x98.jpg 150w, https:\/\/shaliteink.com\/wp-content\/uploads\/2025\/04\/High-Density-Screen-Printing-Ink-Plastisol.jpg 1440w\" sizes=\"(max-width: 1024px) 100vw, 1024px\" \/><\/h3>\n<h3 class=\"ng-star-inserted\"><span class=\"ng-star-inserted\">Desbloqueando la eficiencia de producci\u00f3n con Shaliteink<\/span><\/h3>\n<p>Nuestra tinta plastisol de alta densidad est\u00e1 dise\u00f1ada para optimizar su flujo de trabajo. La temperatura de tratamiento optimizada de 160 \u00b0C se traduce en tiempos de producci\u00f3n m\u00e1s r\u00e1pidos y un menor consumo de energ\u00eda. Olv\u00eddese de los costosos secadores de cinta transportadora de alta temperatura. Shaliteink <strong><a href=\"https:\/\/shaliteink.com\/es\/categoria-producto\/tinta-plastisol\/\">tintas plastisol<\/a><\/strong> Le ayudamos a lograr un curado perfecto de forma constante, ahorr\u00e1ndole tiempo y dinero, y aumentando su productividad. El rendimiento confiable de esta tinta de serigraf\u00eda le brinda la tranquilidad de que cada impresi\u00f3n cumplir\u00e1 con sus altos est\u00e1ndares.<\/p>\n<h3 class=\"ng-star-inserted\"><strong class=\"ng-star-inserted\"><span class=\"ng-star-inserted\">Tinta de serigraf\u00eda<\/span><\/strong><span class=\"ng-star-inserted\">\u00a0para cada proyecto<\/span><\/h3>\n<p><strong><a href=\"https:\/\/shaliteink.com\/es\/\">Shaliteink<\/a><\/strong> La tinta plastisol de alta densidad es la opci\u00f3n ideal para numerosos proyectos de serigraf\u00eda. Su alta opacidad la hace excelente para la base sobre telas oscuras, proporcionando una base resistente para colores vibrantes. Para impresiones monocrom\u00e1ticas, proporciona un brillo y una cobertura excepcionales. Esta tinta plastisol ha sido dise\u00f1ada para ofrecer resultados brillantes y v\u00edvidos, manteniendo un tacto suave, una caracter\u00edstica importante para prendas de alta calidad. Nuestro compromiso con una soluci\u00f3n de tinta para serigraf\u00eda vers\u00e1til y robusta convierte a Shaliteink en su socio ideal para todas sus necesidades de impresi\u00f3n.<\/p>\n<h3 class=\"ng-star-inserted\"><span class=\"ng-star-inserted\">Pautas de curado para tinta Shalite de alta densidad\u00a0<\/span><strong class=\"ng-star-inserted\"><span class=\"ng-star-inserted\">Tinta plastisol<\/span><\/strong><\/h3>\n<p>Lograr un curado preciso es esencial para la durabilidad de la impresi\u00f3n. Las tintas plastisol Shaliteink est\u00e1n formuladas para un curado continuo.<\/p>\n<ul>\n<li>Temperatura de curado: 160 \u00b0C (320 \u00b0F). Aseg\u00farese de que toda la capa de tinta alcance esta temperatura para un curado completo.<\/li>\n<li>Temperatura de flash: 120 \u00b0C a 140 \u00b0C (248 \u00b0F a 284 \u00b0F) durante 3-5 segundos. Proporciona una gelificaci\u00f3n r\u00e1pida sin mucho curado.<\/li>\n<\/ul>\n<p>Consejo profesional sobre el curado: Las lecturas de temperatura superficial de la pistola l\u00e1ser pueden ser enga\u00f1osas. Para obtener lecturas precisas, especialmente en los primeros ciclos de curado, se recomiendan sondas de donut o tiras de temperatura para confirmar que la capa interna de tinta ha alcanzado la temperatura de curado completa. Factores como el grosor del dep\u00f3sito de tinta, el tipo de prenda (algod\u00f3n o mezcla de poli\u00e9ster) y la longitud del t\u00fanel de secado afectan el tiempo de curado. Realice siempre una prueba de lavado y una prueba de estiramiento para validar los ajustes de curado antes de la producci\u00f3n en masa. Una impresi\u00f3n correctamente curada se estirar\u00e1 sin rasgarse y resistir\u00e1 repetidos lavados.<\/p>\n<h3 class=\"ng-star-inserted\"><span class=\"ng-star-inserted\">F\u00e1cil limpieza<\/span><\/h3>\n<p>La tinta plastisol de alta densidad Shaliteink simplifica su proceso de limpieza.<\/p>\n<ul>\n<li>En prensa: utilice un limpiador de prensa de plastisol espec\u00edfico o un degradante de tinta.<\/li>\n<li>Limpieza de pantalla: utilice limpiador de pantalla Plastisol o degradante de tinta para limpiar completamente la pantalla.<\/li>\n<\/ul>\n<h3><img decoding=\"async\" class=\"aligncenter wp-image-4073 size-large\" src=\"https:\/\/shaliteink.com\/wp-content\/uploads\/2025\/04\/High-Density-Screen-Printing-Ink-Plastisol-1-1024x917.jpg\" alt=\"Tinta de serigraf\u00eda de alta densidad Plastisol\" width=\"1024\" height=\"917\" srcset=\"https:\/\/shaliteink.com\/wp-content\/uploads\/2025\/04\/High-Density-Screen-Printing-Ink-Plastisol-1-1024x917.jpg 1024w, https:\/\/shaliteink.com\/wp-content\/uploads\/2025\/04\/High-Density-Screen-Printing-Ink-Plastisol-1-300x269.jpg 300w, https:\/\/shaliteink.com\/wp-content\/uploads\/2025\/04\/High-Density-Screen-Printing-Ink-Plastisol-1-768x688.jpg 768w, https:\/\/shaliteink.com\/wp-content\/uploads\/2025\/04\/High-Density-Screen-Printing-Ink-Plastisol-1-13x12.jpg 13w, https:\/\/shaliteink.com\/wp-content\/uploads\/2025\/04\/High-Density-Screen-Printing-Ink-Plastisol-1-150x134.jpg 150w, https:\/\/shaliteink.com\/wp-content\/uploads\/2025\/04\/High-Density-Screen-Printing-Ink-Plastisol-1.jpg 1200w\" sizes=\"(max-width: 1024px) 100vw, 1024px\" \/><\/h3>\n<h3 class=\"ng-star-inserted\"><span class=\"ng-star-inserted\">Informaci\u00f3n de almacenamiento<\/span><\/h3>\n<p>Para mantener la calidad y durabilidad de su tinta plastisol Shaliteink, gu\u00e1rdela a temperatura ambiente (18-32 \u00b0C \/ 65-90 \u00b0F), alejada de la luz solar directa. La exposici\u00f3n prolongada a temperaturas superiores a 32 \u00b0C (90 \u00b0F) puede provocar que la tinta se solidifique en el envase.<\/p>\n<h3 class=\"ng-star-inserted\"><span class=\"ng-star-inserted\">\u00bfPor qu\u00e9 Shaliteink?<\/span><\/h3>\n<p>Con m\u00e1s de veinte a\u00f1os de experiencia en el sector, Shaliteink es su socio de confianza para tintas de serigraf\u00eda premium. Nuestro modelo directo de f\u00e1brica le ofrece un valor excepcional sin sacrificar la calidad. Nos dedicamos a proporcionar tintas plastisol que no solo cumplen, sino que superan sus expectativas, ayud\u00e1ndole a lograr impresiones excelentes y duraderas en todo momento. \u00a1Experimente la diferencia de Shaliteink hoy mismo!<\/p>","protected":false},"excerpt":{"rendered":"<p>En Shaliteink, con dos d\u00e9cadas de excelencia en la fabricaci\u00f3n y presencia global, comprendemos las necesidades de los profesionales de la serigraf\u00eda. Nuestro enfoque directo de f\u00e1brica y nuestras alianzas con marcas de renombre mundial garantizan que usted reciba \u00fanicamente tintas plastisol de la m\u00e1s alta calidad. Le presentamos la tinta plastisol de alta densidad para serigraf\u00eda de Shaliteink, dise\u00f1ada para obtener resultados excepcionales y una experiencia de impresi\u00f3n impecable.<\/p>","protected":false},"featured_media":1525,"comment_status":"open","ping_status":"closed","template":"","meta":[],"product_brand":[],"product_cat":[47],"product_tag":[],"class_list":{"0":"post-1545","1":"product","2":"type-product","3":"status-publish","4":"has-post-thumbnail","6":"product_cat-screenprinting-ink-special-effects-specialty-ink","8":"first","9":"instock","10":"shipping-taxable","11":"purchasable","12":"product-type-variable"},"tiered_pricing_type":"fixed","tiered_pricing_fixed_rules":[],"tiered_pricing_product_settings":{"layout":"default","base_unit_name":{"singular":null,"plural":null},"default_variation":null},"tiered_pricing_minimum_quantity":null,"tiered_pricing_roles_data":[],"tiered_pricing_percentage_rules":[],"tiered_pricing_maximum_quantity":null,"tiered_pricing_quantity_step":null,"_links":{"self":[{"href":"https:\/\/shaliteink.com\/es\/wp-json\/wp\/v2\/product\/1545","targetHints":{"allow":["GET"]}}],"collection":[{"href":"https:\/\/shaliteink.com\/es\/wp-json\/wp\/v2\/product"}],"about":[{"href":"https:\/\/shaliteink.com\/es\/wp-json\/wp\/v2\/types\/product"}],"replies":[{"embeddable":true,"href":"https:\/\/shaliteink.com\/es\/wp-json\/wp\/v2\/comments?post=1545"}],"version-history":[{"count":0,"href":"https:\/\/shaliteink.com\/es\/wp-json\/wp\/v2\/product\/1545\/revisions"}],"wp:featuredmedia":[{"embeddable":true,"href":"https:\/\/shaliteink.com\/es\/wp-json\/wp\/v2\/media\/1525"}],"wp:attachment":[{"href":"https:\/\/shaliteink.com\/es\/wp-json\/wp\/v2\/media?parent=1545"}],"wp:term":[{"taxonomy":"product_brand","embeddable":true,"href":"https:\/\/shaliteink.com\/es\/wp-json\/wp\/v2\/product_brand?post=1545"},{"taxonomy":"product_cat","embeddable":true,"href":"https:\/\/shaliteink.com\/es\/wp-json\/wp\/v2\/product_cat?post=1545"},{"taxonomy":"product_tag","embeddable":true,"href":"https:\/\/shaliteink.com\/es\/wp-json\/wp\/v2\/product_tag?post=1545"}],"curies":[{"name":"wp","href":"https:\/\/api.w.org\/{rel}","templated":true}]}}