{"id":1543,"date":"2025-04-19T07:26:57","date_gmt":"2025-04-19T07:26:57","guid":{"rendered":"https:\/\/shaliteink.com\/?post_type=product&#038;p=1543"},"modified":"2025-12-10T11:27:37","modified_gmt":"2025-12-10T11:27:37","slug":"tinta-de-serigrafia-plastisol","status":"publish","type":"product","link":"https:\/\/shaliteink.com\/es\/producto\/tinta-de-serigrafia-plastisol\/","title":{"rendered":"Tinta para serigraf\u00eda Puff Plastisol"},"content":{"rendered":"<h3 class=\"ng-star-inserted\"><span class=\"ng-star-inserted\">Beneficios clave de la tinta plastisol Shaliteink Puff:<\/span><\/h3>\n<ul class=\"ng-star-inserted\">\n<li class=\"ng-star-inserted\">Efecto Puff din\u00e1mico: obtenga impresiones impresionantes y en relieve que agregan textura y profundidad a su dise\u00f1o.<\/li>\n<li class=\"ng-star-inserted\">Temperatura de curado \u00f3ptima: Se cura de manera eficiente a una temperatura baja de 160 \u00b0C, lo que reduce los costos de energ\u00eda y reduce el quemado de las prendas.<\/li>\n<li class=\"ng-star-inserted\">Excelente opacidad: proporciona colores intensos y vivos que resaltan tanto en telas claras como oscuras, eliminando a menudo la necesidad de una base inferior.<\/li>\n<li class=\"ng-star-inserted\">Estabilidad f\u00e1cil de usar: dise\u00f1ado para una impresi\u00f3n suave y f\u00e1cil directamente desde el cubo, lo que lo hace ideal para una variedad de configuraciones de impresi\u00f3n.<\/li>\n<li class=\"ng-star-inserted\">Sensaci\u00f3n suave al tacto (despu\u00e9s de la aplicaci\u00f3n): la tinta mantiene una sensaci\u00f3n agradable una vez curada, al tiempo que crea un efecto unidimensional.<\/li>\n<li class=\"ng-star-inserted\">F\u00f3rmula sin ftalatos: una opci\u00f3n segura tanto para la impresora como para el medio ambiente.<\/li>\n<li class=\"ng-star-inserted\">Compatibilidad vers\u00e1til con tejidos: funciona excepcionalmente bien en una amplia gama de materiales, incluidos algod\u00f3n, mezclas de algod\u00f3n y poli\u00e9ster e incluso algunos tejidos de poli\u00e9ster (con t\u00e9cnicas de impresi\u00f3n adecuadas).<\/li>\n<li class=\"ng-star-inserted\">Bajo sangrado: dise\u00f1ado para una migraci\u00f3n m\u00ednima del tinte, especialmente importante cuando se trabaja con mezclas de poli\u00e9ster.<\/li>\n<\/ul>\n<h3><img decoding=\"async\" class=\"aligncenter wp-image-4069 size-full\" src=\"https:\/\/shaliteink.com\/wp-content\/uploads\/2025\/04\/Puff-Screen-Printing-Ink-Plastisol.jpg\" alt=\"Tinta para serigraf\u00eda Puff Plastisol\" width=\"736\" height=\"654\" srcset=\"https:\/\/shaliteink.com\/wp-content\/uploads\/2025\/04\/Puff-Screen-Printing-Ink-Plastisol.jpg 736w, https:\/\/shaliteink.com\/wp-content\/uploads\/2025\/04\/Puff-Screen-Printing-Ink-Plastisol-300x267.jpg 300w, https:\/\/shaliteink.com\/wp-content\/uploads\/2025\/04\/Puff-Screen-Printing-Ink-Plastisol-14x12.jpg 14w, https:\/\/shaliteink.com\/wp-content\/uploads\/2025\/04\/Puff-Screen-Printing-Ink-Plastisol-150x133.jpg 150w\" sizes=\"(max-width: 736px) 100vw, 736px\" \/><\/h3>\n<h3 class=\"ng-star-inserted\"><span class=\"ng-star-inserted\">\u00bfPor qu\u00e9 elegir la tinta plastisol Shaliteink Puff?<\/span><\/h3>\n<p>Nuestro <a href=\"https:\/\/shaliteink.com\/es\/categoria-producto\/tinta-de-serigrafia-tinta-especial-para-efectos-especiales\/\"><strong>tinta plastisol en forma de nube<\/strong><\/a> Es m\u00e1s que una simple tinta; es una herramienta para transformar tus dise\u00f1os comunes en creaciones extraordinarias. La exclusiva propiedad de expansi\u00f3n de este... <strong><a href=\"https:\/\/shaliteink.com\/es\/screen-printing-ink\/\">tinta de serigraf\u00eda<\/a><\/strong> Durante el proceso de curado, crea una distintiva superficie en relieve que aporta un toque premium y sofisticado a cualquier prenda. Esto la hace perfecta para ropa de moda, deportiva y cualquier dise\u00f1o que desee destacar.<br \/>\nDesarrollado teniendo en mente a los serigrafistas, <a href=\"https:\/\/shaliteink.com\/es\/\"><strong>Tinta plastisol Shaliteink Puff<\/strong><\/a> Ofrece una textura cremosa y fluida que es un placer trabajar. Su alta opacidad garantiza una excelente cobertura incluso en telas oscuras, simplificando el proceso de impresi\u00f3n y ahorrando tiempo y materiales. La baja temperatura de curado de 160 \u00b0C es una ventaja significativa, ya que ayuda a prevenir problemas comunes como el encogimiento o el quemado de las prendas, propios de las tintas de alta temperatura. Tambi\u00e9n contribuye al ahorro energ\u00e9tico, haciendo que su producci\u00f3n sea m\u00e1s econ\u00f3mica y ecol\u00f3gica.<br \/>\nEn Shaliteink, nos enorgullecemos de ofrecer no solo productos, sino tambi\u00e9n soluciones. Nuestros veinte a\u00f1os de experiencia en la fabricaci\u00f3n le garantizan tintas plastisol cuidadosamente formuladas que cumplen con los m\u00e1s altos est\u00e1ndares de la industria. Ya sea que busque una textura sutil o un efecto de relieve espectacular, nuestra tinta plastisol Puff le permite lograr resultados de calidad profesional en todo momento.<\/p>\n<h3 class=\"ng-star-inserted\"><span class=\"ng-star-inserted\">Instrucciones de curado para la tinta plastisol Shaliteink Puff:<\/span><\/h3>\n<p>Obtener un curado preciso es importante para la durabilidad y el aspecto de su impresi\u00f3n.<\/p>\n<ul>\n<li>Temperatura de curado: aseg\u00farese de que toda la capa de tinta alcance y mantenga los 160 \u00b0C (320 \u00b0F) durante el tiempo recomendado.<\/li>\n<li>Temperatura de flash: Flash a 120 \u00b0C \u2013 140 \u00b0C (248 \u00b0F \u2013 284 \u00b0F) durante 3 a 5 segundos para lograr superficies sin adherencia para impresiones multicolor o capas adicionales.<\/li>\n<li>Nota importante sobre poli\u00e9ster: Si bien nuestras tintas est\u00e1n dise\u00f1adas para ser vers\u00e1tiles, al imprimir en telas de poli\u00e9ster o mezclas de poli\u00e9ster, preste mucha atenci\u00f3n a la temperatura de curado. Curar cerca de 160 \u00b0C puede ayudar a prevenir la migraci\u00f3n del tinte (desvanecimiento) que suele ocurrir cuando los tintes de poli\u00e9ster alcanzan su estado gaseoso a temperaturas m\u00e1s altas (normalmente entre 130 \u00b0C y 149 \u00b0C). Realice siempre pruebas de preproducci\u00f3n.<\/li>\n<li class=\"ng-star-inserted\"><strong class=\"ng-star-inserted\"><span class=\"ng-star-inserted\">Pruebas de curaci\u00f3n:<\/span><\/strong><\/li>\n<\/ul>\n<ul class=\"ng-star-inserted\">\n<li class=\"ng-star-inserted\">Prueba de estiramiento: Despu\u00e9s de enfriar, estire la impresi\u00f3n hasta aproximadamente dos tercios de su elasticidad normal. Si la tinta revienta y no se retrae, es posible que no cicatrice correctamente.<\/li>\n<li class=\"ng-star-inserted\">Prueba de lavado: Para una prueba definitiva, lave la prenda de 5 a 10 veces. Las impresiones poco cocidas mostrar\u00e1n un deterioro significativo despu\u00e9s de solo 1 a 3 lavados.<\/li>\n<\/ul>\n<h3 class=\"ng-star-inserted\"><span class=\"ng-star-inserted\">Pruebas generales y mejores pr\u00e1cticas:<\/span><\/h3>\n<p>Antes de iniciar la producci\u00f3n en masa, realice siempre una prueba exhaustiva de estiramiento y lavado para confirmar el curado y la calidad de impresi\u00f3n adecuados. Si la prueba falla, aumente el tiempo de curado o ajuste la configuraci\u00f3n del secador. Para obtener mejores resultados, <strong>Tinta plastisol Shaliteink Puff<\/strong> Tiene un excelente rendimiento en telas de algod\u00f3n 100%, aunque tambi\u00e9n funciona bien en mezclas con la t\u00e9cnica adecuada.<\/p>\n<h3 class=\"ng-star-inserted\"><span class=\"ng-star-inserted\">Limpieza:<\/span><\/h3>\n<p>La tinta plastisol Shaliteink Puff es f\u00e1cil de limpiar despu\u00e9s de la impresi\u00f3n.<\/p>\n<ul>\n<li>En prensa: utilice un lavado de prensa de plastisol espec\u00edfico o un degradador de tinta para limpiar r\u00e1pidamente las pantallas y las escobillas de goma.<\/li>\n<li>En el fregadero: utilice Plastisol Screen Wash o Degradaci\u00f3n de tinta para una limpieza profunda de la pantalla.<\/li>\n<\/ul>\n<h3><img decoding=\"async\" class=\"aligncenter wp-image-4070 size-large\" src=\"https:\/\/shaliteink.com\/wp-content\/uploads\/2025\/04\/Puff-Screen-Printing-Ink-Plastisol-1-733x1024.jpg\" alt=\"Tinta para serigraf\u00eda Puff Plastisol\" width=\"733\" height=\"1024\" srcset=\"https:\/\/shaliteink.com\/wp-content\/uploads\/2025\/04\/Puff-Screen-Printing-Ink-Plastisol-1-733x1024.jpg 733w, https:\/\/shaliteink.com\/wp-content\/uploads\/2025\/04\/Puff-Screen-Printing-Ink-Plastisol-1-215x300.jpg 215w, https:\/\/shaliteink.com\/wp-content\/uploads\/2025\/04\/Puff-Screen-Printing-Ink-Plastisol-1-768x1072.jpg 768w, https:\/\/shaliteink.com\/wp-content\/uploads\/2025\/04\/Puff-Screen-Printing-Ink-Plastisol-1-1100x1536.jpg 1100w, https:\/\/shaliteink.com\/wp-content\/uploads\/2025\/04\/Puff-Screen-Printing-Ink-Plastisol-1-9x12.jpg 9w, https:\/\/shaliteink.com\/wp-content\/uploads\/2025\/04\/Puff-Screen-Printing-Ink-Plastisol-1-1200x1676.jpg 1200w, https:\/\/shaliteink.com\/wp-content\/uploads\/2025\/04\/Puff-Screen-Printing-Ink-Plastisol-1-150x209.jpg 150w, https:\/\/shaliteink.com\/wp-content\/uploads\/2025\/04\/Puff-Screen-Printing-Ink-Plastisol-1.jpg 1279w\" sizes=\"(max-width: 733px) 100vw, 733px\" \/><\/h3>\n<h3 class=\"ng-star-inserted\"><span class=\"ng-star-inserted\">Consejos profesionales de Shaliteink:<\/span><\/h3>\n<ul>\n<li>La tinta plastisol forma un enlace mec\u00e1nico envolvi\u00e9ndose alrededor de las fibras de la tela en lugar de colorearlas.<\/li>\n<li>Guarde su tinta Puff Plastisol a temperatura ambiente, idealmente entre 18 y 32 \u00b0C (65 y 90 \u00b0F). Evite la exposici\u00f3n prolongada a temperaturas superiores a 32 \u00b0C (90 \u00b0F), ya que la tinta del envase podr\u00eda solidificarse.<\/li>\n<li>Al imprimir sobre telas muy oscuras con tintas de soplado de colores claros, considere usar un color blanco como base para lograr efectos de soplado a\u00fan m\u00e1s brillantes y consistentes.<\/li>\n<\/ul>\n<p>Shaliteink es su socio de confianza para suministros de serigraf\u00eda de alta calidad. Explore nuestra gama de soluciones de tinta plastisol y experimente la diferencia que marcan veinte a\u00f1os de experiencia.<\/p>","protected":false},"excerpt":{"rendered":"<p><strong>Tinta para serigraf\u00eda Shalitink Puff<\/strong> Descubra el poder de la dimensionalidad con Plastisol. Como l\u00edder mundial en tintas de serigraf\u00eda durante dos d\u00e9cadas, Shalitink le ofrece una soluci\u00f3n premium, directamente de f\u00e1brica, dise\u00f1ada para ayudarle a lograr efectos tridimensionales impresionantes en sus tejidos. Entendemos las necesidades tanto de los serigrafistas experimentados como de quienes se inician en el sector, y nuestra tinta plastisol en relieve est\u00e1 formulada para ofrecer resultados excepcionales, eficiencia y facilidad de uso.<br \/>\nShalitink se ha ganado una reputaci\u00f3n de calidad y confiabilidad al trabajar en estrecha colaboraci\u00f3n con muchas marcas de renombre mundial. <strong>Tinta plastisol Puff<\/strong> Este compromiso se refleja en el rendimiento constante y en la durabilidad de las impresiones. Esta innovadora tinta plastisol permite crear dise\u00f1os llamativos que realmente destacan, aportando un atractivo t\u00e1ctil y visual \u00fanico a camisetas, sudaderas con capucha y otras prendas de vestir.<\/p>","protected":false},"featured_media":1527,"comment_status":"open","ping_status":"closed","template":"","meta":[],"product_brand":[],"product_cat":[47],"product_tag":[],"class_list":{"0":"post-1543","1":"product","2":"type-product","3":"status-publish","4":"has-post-thumbnail","6":"product_cat-screenprinting-ink-special-effects-specialty-ink","8":"first","9":"instock","10":"shipping-taxable","11":"purchasable","12":"product-type-variable"},"tiered_pricing_type":"fixed","tiered_pricing_fixed_rules":[],"tiered_pricing_product_settings":{"layout":"default","base_unit_name":{"singular":null,"plural":null},"default_variation":null},"tiered_pricing_minimum_quantity":null,"tiered_pricing_roles_data":[],"tiered_pricing_percentage_rules":[],"tiered_pricing_maximum_quantity":null,"tiered_pricing_quantity_step":null,"_links":{"self":[{"href":"https:\/\/shaliteink.com\/es\/wp-json\/wp\/v2\/product\/1543","targetHints":{"allow":["GET"]}}],"collection":[{"href":"https:\/\/shaliteink.com\/es\/wp-json\/wp\/v2\/product"}],"about":[{"href":"https:\/\/shaliteink.com\/es\/wp-json\/wp\/v2\/types\/product"}],"replies":[{"embeddable":true,"href":"https:\/\/shaliteink.com\/es\/wp-json\/wp\/v2\/comments?post=1543"}],"version-history":[{"count":0,"href":"https:\/\/shaliteink.com\/es\/wp-json\/wp\/v2\/product\/1543\/revisions"}],"wp:featuredmedia":[{"embeddable":true,"href":"https:\/\/shaliteink.com\/es\/wp-json\/wp\/v2\/media\/1527"}],"wp:attachment":[{"href":"https:\/\/shaliteink.com\/es\/wp-json\/wp\/v2\/media?parent=1543"}],"wp:term":[{"taxonomy":"product_brand","embeddable":true,"href":"https:\/\/shaliteink.com\/es\/wp-json\/wp\/v2\/product_brand?post=1543"},{"taxonomy":"product_cat","embeddable":true,"href":"https:\/\/shaliteink.com\/es\/wp-json\/wp\/v2\/product_cat?post=1543"},{"taxonomy":"product_tag","embeddable":true,"href":"https:\/\/shaliteink.com\/es\/wp-json\/wp\/v2\/product_tag?post=1543"}],"curies":[{"name":"wp","href":"https:\/\/api.w.org\/{rel}","templated":true}]}}