{"id":1541,"date":"2025-04-19T07:24:29","date_gmt":"2025-04-19T07:24:29","guid":{"rendered":"https:\/\/shaliteink.com\/?post_type=product&#038;p=1541"},"modified":"2025-12-10T11:31:10","modified_gmt":"2025-12-10T11:31:10","slug":"tinta-de-serigrafia-elastica-plastisol","status":"publish","type":"product","link":"https:\/\/shaliteink.com\/es\/producto\/tinta-de-serigrafia-elastica-plastisol\/","title":{"rendered":"Tinta de serigraf\u00eda el\u00e1stica Plastisol"},"content":{"rendered":"<h3 class=\"ng-star-inserted\"><span class=\"ng-star-inserted\">Beneficios clave de la tinta plastisol el\u00e1stica Shaliteink:<\/span><\/h3>\n<ul class=\"ng-star-inserted\">\n<li class=\"ng-star-inserted\">Temperatura de curado \u00f3ptima: Se cura de manera eficiente a tan solo 160 \u2103 (320 \u00b0F), lo que reduce los costos de energ\u00eda y minimiza el quemado de las telas, especialmente en telas sensibles al calor.<\/li>\n<li class=\"ng-star-inserted\">Estampados suaves a mano: obtenga estampados incre\u00edblemente suaves y flexibles que son c\u00f3modos de usar y realzan la sensaci\u00f3n natural de la prenda.<\/li>\n<li class=\"ng-star-inserted\">Alta opacidad y colores vibrantes: Nuestros <strong><a href=\"https:\/\/shaliteink.com\/es\/categoria-producto\/tinta-plastisol\/\">tintas plastisol<\/a><\/strong> Proporciona una cobertura intensa y opaca, asegurando que sus colores resalten incluso en telas oscuras.<\/li>\n<li class=\"ng-star-inserted\">Flexibilidad para durabilidad: dise\u00f1ado con flexibilidad para resistir desgarros y desprendimientos, brindando impresiones duraderas que soportan m\u00faltiples lavados.<\/li>\n<li class=\"ng-star-inserted\">Compatibilidad universal con telas: Excelente adhesi\u00f3n a una amplia variedad de telas, incluidos algod\u00f3n, mezclas de algod\u00f3n y poli\u00e9ster y poli\u00e9ster.<\/li>\n<li class=\"ng-star-inserted\">F\u00f3rmula de bajo sangrado: especialmente dise\u00f1ada para reducir la migraci\u00f3n del tinte en telas de poli\u00e9ster y mezclas de poli\u00e9ster, manteniendo la integridad del dise\u00f1o.<\/li>\n<li class=\"ng-star-inserted\">F\u00e1cil de trabajar: presenta una textura cremosa y fina para una impresi\u00f3n suave, reduciendo la fatiga y mejorando la eficiencia de la producci\u00f3n.<\/li>\n<li class=\"ng-star-inserted\">Sin ftalatos: respetuoso con el medio ambiente y seguro tanto para los impresores como para los usuarios.<\/li>\n<li class=\"ng-star-inserted\">Acabado semibrillante: proporciona un acabado profesional y atractivo a sus dise\u00f1os impresos.<\/li>\n<\/ul>\n<h3><img decoding=\"async\" class=\"aligncenter wp-image-4067 size-full\" src=\"https:\/\/shaliteink.com\/wp-content\/uploads\/2025\/04\/Elastic-Screen-Printing-Ink-Plastisol.jpg\" alt=\"Tinta de serigraf\u00eda el\u00e1stica Plastisol\" width=\"1279\" height=\"1554\" srcset=\"https:\/\/shaliteink.com\/wp-content\/uploads\/2025\/04\/Elastic-Screen-Printing-Ink-Plastisol.jpg 1279w, https:\/\/shaliteink.com\/wp-content\/uploads\/2025\/04\/Elastic-Screen-Printing-Ink-Plastisol-247x300.jpg 247w, https:\/\/shaliteink.com\/wp-content\/uploads\/2025\/04\/Elastic-Screen-Printing-Ink-Plastisol-843x1024.jpg 843w, https:\/\/shaliteink.com\/wp-content\/uploads\/2025\/04\/Elastic-Screen-Printing-Ink-Plastisol-768x933.jpg 768w, https:\/\/shaliteink.com\/wp-content\/uploads\/2025\/04\/Elastic-Screen-Printing-Ink-Plastisol-1264x1536.jpg 1264w, https:\/\/shaliteink.com\/wp-content\/uploads\/2025\/04\/Elastic-Screen-Printing-Ink-Plastisol-10x12.jpg 10w, https:\/\/shaliteink.com\/wp-content\/uploads\/2025\/04\/Elastic-Screen-Printing-Ink-Plastisol-1200x1458.jpg 1200w, https:\/\/shaliteink.com\/wp-content\/uploads\/2025\/04\/Elastic-Screen-Printing-Ink-Plastisol-150x182.jpg 150w\" sizes=\"(max-width: 1279px) 100vw, 1279px\" \/><\/h3>\n<h3 class=\"ng-star-inserted\"><span class=\"ng-star-inserted\">\u00bfPor qu\u00e9 elegir Shaliteink para sus necesidades de serigraf\u00eda?<\/span><\/h3>\n<p>En Shaliteink, nuestros veinte a\u00f1os de experiencia en fabricaci\u00f3n significan que entendemos las complejidades de <strong><a href=\"https:\/\/shaliteink.com\/es\/screen-printing-ink\/\">tinta de serigraf\u00eda<\/a><\/strong> Producci\u00f3n. Nos centramos en la venta directa de f\u00e1brica para ofrecerle productos premium a precios competitivos. Nuestra s\u00f3lida colaboraci\u00f3n con marcas globales demuestra la calidad y fiabilidad de nuestras tintas plastisol. Al elegir Shaliteink, elige un socio dedicado al \u00e9xito de su impresi\u00f3n, que no solo le proporciona tinta, sino tambi\u00e9n la base para la creatividad y la excelencia.<br \/>\nNuestra tinta plastisol para serigraf\u00eda es ideal para crear prendas lujosas de calidad profesional. Su f\u00f3rmula superior garantiza resultados consistentes, optimizando y optimizando su proceso de producci\u00f3n. Para telas oscuras, recomendamos aplicar una base para una reproducci\u00f3n de color m\u00e1s vibrante y precisa.<\/p>\n<h3 class=\"ng-star-inserted\"><span class=\"ng-star-inserted\">Pautas de curado para obtener resultados \u00f3ptimos:<\/span><\/h3>\n<p>Para garantizar la durabilidad y la vitalidad de su impresi\u00f3n, es fundamental un curado adecuado. Shaliteink <strong><a href=\"https:\/\/shaliteink.com\/es\/producto\/tinta-de-serigrafia-elastica-plastisol\/\">tintas plastisol el\u00e1sticas<\/a><\/strong> Est\u00e1n dise\u00f1ados para una curaci\u00f3n eficiente.<\/p>\n<ul>\n<li>Temperatura de curado: curar a 160 \u00b0C (320 \u00b0F) durante 60 a 90 segundos, asegurando que toda la capa de tinta alcance la temperatura objetivo.<\/li>\n<li>Temperatura de secado: Secar a una temperatura de 120 \u00b0C a 140 \u00b0C (248 \u00b0F a 284 \u00b0F) durante 3-5 segundos. El tiempo de secado puede variar seg\u00fan el equipo y la configuraci\u00f3n de producci\u00f3n.<\/li>\n<\/ul>\n<p>Consejo profesional para el curado: El curado completo se logra cuando toda la capa de tinta alcanza los 160 \u00b0C. Las lecturas de temperatura superficial de las pistolas l\u00e1ser pueden ser enga\u00f1osas. Para obtener mejores resultados, considere usar sondas de rosquilla o tiras de temperatura para medir con precisi\u00f3n la temperatura interna de la tinta. Realice una prueba de estiramiento y una prueba de lavado (despu\u00e9s de 24 horas) en la prenda de muestra antes de la producci\u00f3n completa para confirmar el curado correcto. Una impresi\u00f3n bien curada no se rasgar\u00e1 ni se deformar\u00e1 despu\u00e9s del lavado y el estiramiento.<\/p>\n<h3 class=\"ng-star-inserted\"><span class=\"ng-star-inserted\">F\u00e1cil limpieza y almacenamiento:<\/span><\/h3>\n<p>El mantenimiento de su equipo es fundamental para una calidad de impresi\u00f3n constante. Las tintas de serigraf\u00eda Shaliteink est\u00e1n dise\u00f1adas para una limpieza sencilla.<\/p>\n<ul>\n<li>Limpieza en prensa: utilice un limpiador de prensa Plastisol espec\u00edfico o un degradante de tinta para eliminar la tinta de las pantallas de manera r\u00e1pida y eficiente.<\/li>\n<li>Lavado de pantalla: para una limpieza profunda del fregadero, utilice un limpiador de pantalla Plastisol especial para eliminar todos los residuos de tinta.<\/li>\n<\/ul>\n<p>Informaci\u00f3n de almacenamiento: Conserve la tinta plastisol Shaliteink en un lugar fresco y oscuro, idealmente entre 18 y 32 \u00b0C (65 y 90 \u00b0F), alejada de la luz solar directa. La exposici\u00f3n prolongada a temperaturas superiores a 32 \u00b0C (90 \u00b0F) puede provocar que la tinta se solidifique en el envase.<\/p>\n<h3 class=\"ng-star-inserted\"><span class=\"ng-star-inserted\">\u00bfNecesita m\u00e1s informaci\u00f3n?<\/span><\/h3>\n<p>Explora nuestros recursos para obtener m\u00e1s consejos y trucos para dominar tus t\u00e9cnicas de serigraf\u00eda. Desde m\u00e9todos de tratamiento avanzados hasta mezcla de colores, Shaliteink est\u00e1 aqu\u00ed para ayudarte en tu proceso.<br \/>\n[Enlace a la Hoja de Datos de Seguridad (FDS): proporcione aqu\u00ed el enlace a su FDS real]<br \/>\n[Enlace a la gu\u00eda de colores\/c\u00f3digo hexadecimal: proporcione aqu\u00ed el enlace a su gu\u00eda de colores real]<\/p>","protected":false},"excerpt":{"rendered":"<p>Bienvenido a Shaliteink, l\u00edder mundial en la venta minorista de tintas para serigraf\u00eda, con dos d\u00e9cadas de excelencia en la fabricaci\u00f3n. Nos hemos asociado con marcas de renombre mundial y ahora ponemos nuestra experiencia a su disposici\u00f3n con nuestras tintas plastisol el\u00e1sticas premium para serigraf\u00eda. Dise\u00f1adas tanto para impresores profesionales como para principiantes, las tintas plastisol Shaliteink ofrecen una calidad inigualable, resultados vibrantes y una experiencia intuitiva que mejorar\u00e1 sus proyectos de impresi\u00f3n.<br \/>\nNuestra tinta plastisol el\u00e1stica est\u00e1 formulada para brindar una experiencia de impresi\u00f3n superior, garantizando que sus dise\u00f1os destaquen con una claridad y durabilidad excepcionales. Ya sea que trabaje con telas delicadas o resistentes, esta tinta est\u00e1 dise\u00f1ada para brindar versatilidad y un rendimiento consistente. Olv\u00eddese de las frustraciones habituales al imprimir y disfrute de la confiabilidad de Shaliteink.<\/p>","protected":false},"featured_media":1533,"comment_status":"open","ping_status":"closed","template":"","meta":[],"product_brand":[],"product_cat":[47],"product_tag":[],"class_list":{"0":"post-1541","1":"product","2":"type-product","3":"status-publish","4":"has-post-thumbnail","6":"product_cat-screenprinting-ink-special-effects-specialty-ink","8":"first","9":"instock","10":"shipping-taxable","11":"purchasable","12":"product-type-variable"},"tiered_pricing_type":"fixed","tiered_pricing_fixed_rules":[],"tiered_pricing_product_settings":{"layout":"default","base_unit_name":{"singular":null,"plural":null},"default_variation":null},"tiered_pricing_minimum_quantity":null,"tiered_pricing_roles_data":[],"tiered_pricing_percentage_rules":[],"tiered_pricing_maximum_quantity":null,"tiered_pricing_quantity_step":null,"_links":{"self":[{"href":"https:\/\/shaliteink.com\/es\/wp-json\/wp\/v2\/product\/1541","targetHints":{"allow":["GET"]}}],"collection":[{"href":"https:\/\/shaliteink.com\/es\/wp-json\/wp\/v2\/product"}],"about":[{"href":"https:\/\/shaliteink.com\/es\/wp-json\/wp\/v2\/types\/product"}],"replies":[{"embeddable":true,"href":"https:\/\/shaliteink.com\/es\/wp-json\/wp\/v2\/comments?post=1541"}],"version-history":[{"count":0,"href":"https:\/\/shaliteink.com\/es\/wp-json\/wp\/v2\/product\/1541\/revisions"}],"wp:featuredmedia":[{"embeddable":true,"href":"https:\/\/shaliteink.com\/es\/wp-json\/wp\/v2\/media\/1533"}],"wp:attachment":[{"href":"https:\/\/shaliteink.com\/es\/wp-json\/wp\/v2\/media?parent=1541"}],"wp:term":[{"taxonomy":"product_brand","embeddable":true,"href":"https:\/\/shaliteink.com\/es\/wp-json\/wp\/v2\/product_brand?post=1541"},{"taxonomy":"product_cat","embeddable":true,"href":"https:\/\/shaliteink.com\/es\/wp-json\/wp\/v2\/product_cat?post=1541"},{"taxonomy":"product_tag","embeddable":true,"href":"https:\/\/shaliteink.com\/es\/wp-json\/wp\/v2\/product_tag?post=1541"}],"curies":[{"name":"wp","href":"https:\/\/api.w.org\/{rel}","templated":true}]}}