{"id":1539,"date":"2025-04-19T07:22:37","date_gmt":"2025-04-19T07:22:37","guid":{"rendered":"https:\/\/shaliteink.com\/?post_type=product&#038;p=1539"},"modified":"2025-12-10T11:29:19","modified_gmt":"2025-12-10T11:29:19","slug":"tinta-de-serigrafia-antimigracion-plastisol","status":"publish","type":"product","link":"https:\/\/shaliteink.com\/es\/producto\/tinta-de-serigrafia-antimigracion-plastisol\/","title":{"rendered":"Tinta de serigraf\u00eda antimigraci\u00f3n Plastisol"},"content":{"rendered":"<h3 class=\"ng-star-inserted\"><span class=\"ng-star-inserted\">Serigraf\u00eda antimigraci\u00f3n Shaliteink\u00a0<\/span><strong class=\"ng-star-inserted\"><span class=\"ng-star-inserted\">Tinta plastisol<\/span><\/strong><span class=\"ng-star-inserted\">\u00a0\u2013 Alta opacidad y tacto suave<\/span><\/h3>\n<p>Eleve sus proyectos de serigraf\u00eda con Shaliteink premium <strong>Tinta de serigraf\u00eda antimigraci\u00f3n Plastisol<\/strong>. Con dos d\u00e9cadas de excelencia en fabricaci\u00f3n y presencia global, Shaliteink es su socio de confianza para soluciones de tinta plastisol de alta calidad. Trabajamos en estrecha colaboraci\u00f3n con marcas de renombre mundial, ofreci\u00e9ndole precios directos de f\u00e1brica sin comprometer el rendimiento. Nuestra tinta plastisol antimigraci\u00f3n est\u00e1 dise\u00f1ada para ofrecer impresiones brillantes y duraderas, lo que la convierte en la opci\u00f3n ideal tanto para profesionales experimentados como para principiantes ambiciosos que buscan lo mejor. <strong><a href=\"https:\/\/shaliteink.com\/es\/screen-printing-ink\/\">tinta de serigraf\u00eda.<\/a><\/strong><\/p>\n<h4><img decoding=\"async\" class=\"aligncenter wp-image-4065 size-large\" src=\"https:\/\/shaliteink.com\/wp-content\/uploads\/2025\/04\/Anti-migration-Screen-Printing-Ink-Plastisol-1024x975.png\" alt=\"Tinta de serigraf\u00eda antimigraci\u00f3n Plastisol\" width=\"1024\" height=\"975\" srcset=\"https:\/\/shaliteink.com\/wp-content\/uploads\/2025\/04\/Anti-migration-Screen-Printing-Ink-Plastisol-1024x975.png 1024w, https:\/\/shaliteink.com\/wp-content\/uploads\/2025\/04\/Anti-migration-Screen-Printing-Ink-Plastisol-300x286.png 300w, https:\/\/shaliteink.com\/wp-content\/uploads\/2025\/04\/Anti-migration-Screen-Printing-Ink-Plastisol-768x731.png 768w, https:\/\/shaliteink.com\/wp-content\/uploads\/2025\/04\/Anti-migration-Screen-Printing-Ink-Plastisol-13x12.png 13w, https:\/\/shaliteink.com\/wp-content\/uploads\/2025\/04\/Anti-migration-Screen-Printing-Ink-Plastisol-150x143.png 150w, https:\/\/shaliteink.com\/wp-content\/uploads\/2025\/04\/Anti-migration-Screen-Printing-Ink-Plastisol.png 1080w\" sizes=\"(max-width: 1024px) 100vw, 1024px\" \/><\/h4>\n<h4 class=\"ng-star-inserted\"><span class=\"ng-star-inserted\">BENEFICIOS CLAVE:<\/span><\/h4>\n<ul class=\"ng-star-inserted\">\n<li class=\"ng-star-inserted\">Bajo nivel de decoloraci\u00f3n para mezclas de poli\u00e9ster: especialmente formulado para evitar la migraci\u00f3n del tinte, lo que garantiza impresiones limpias y vibrantes en telas resistentes.<\/li>\n<li class=\"ng-star-inserted\">Temperatura de curado \u00f3ptima: se cura de manera eficiente a una temperatura precisa de 160 \u00b0C, lo que reduce los costos de energ\u00eda y protege la prenda contra quemaduras o encogimiento.<\/li>\n<li class=\"ng-star-inserted\">Temperatura de flash r\u00e1pido: logre un flash r\u00e1pido entre 120 \u00b0C y 140 \u00b0C, acelerando su flujo de trabajo de producci\u00f3n.<\/li>\n<li class=\"ng-star-inserted\">Impresi\u00f3n suave: crea una textura suave y tersa en las prendas terminadas, mejorando la comodidad y el atractivo est\u00e9tico.<\/li>\n<li class=\"ng-star-inserted\">Altamente opaco: proporciona colores intensos y vivos con una excelente cobertura incluso en sustratos oscuros, lo que reduce la necesidad de m\u00faltiples pasadas.<\/li>\n<li class=\"ng-star-inserted\">F\u00e1cil de trabajar: presenta una consistencia cremosa y granular para una impresi\u00f3n suave y detalles m\u00e1s finos.<\/li>\n<li class=\"ng-star-inserted\">F\u00f3rmula sin ftalatos: segura tanto para impresoras como para usuarios finales, cumpliendo con los est\u00e1ndares de seguridad modernos.<\/li>\n<li class=\"ng-star-inserted\">Compatibilidad universal con tejidos: Excelente adhesi\u00f3n y rendimiento en una amplia gama de tejidos, incluidos algod\u00f3n, mezclas y poli\u00e9ster.<\/li>\n<\/ul>\n<h4 class=\"ng-star-inserted\"><span class=\"ng-star-inserted\">PAUTAS DE CURADO:<\/span><\/h4>\n<p>Obtener un curado adecuado es importante para la durabilidad de la impresi\u00f3n. <strong><a href=\"https:\/\/shaliteink.com\/es\/\">Shaliteink<\/a><\/strong> La tinta de serigraf\u00eda antimigraci\u00f3n Plastisol est\u00e1 formulada para un curado eficiente a temperaturas precisas.<\/p>\n<ul>\n<li>Curado a 160 \u00b0C (320 \u00b0F): aseg\u00farese de que toda la capa de tinta alcance y mantenga esta temperatura durante un tiempo espec\u00edfico para lograr el curado completo.<\/li>\n<li>Flash a 120 \u00b0C \u2013 140 \u00b0C (248 \u00b0F \u2013 284 \u00b0F): Dependiendo de la unidad de flash y del espesor de la tinta, se pueden lograr tiempos de flash cortos dentro de este rango, normalmente de 3 a 5 segundos.<\/li>\n<\/ul>\n<p>Prueba de su tratamiento: Recomendamos encarecidamente realizar una prueba de estiramiento y una prueba de lavado antes de la producci\u00f3n completa. Estire la impresi\u00f3n hasta aproximadamente dos tercios de la capacidad de estiramiento de la prenda. Si la impresi\u00f3n se rompe y no se retrae, indica un curado insuficiente. Para las pruebas de lavado, las impresiones completamente curadas resistir\u00e1n de 5 a 10 lavados sin deteriorarse, mientras que las impresiones menos curadas pueden mostrar signos de agrietamiento o decoloraci\u00f3n despu\u00e9s de solo 1 a 3 lavados. Ajuste el tiempo de permanencia o la velocidad de la cinta transportadora seg\u00fan sea necesario.<\/p>\n<p>Consejo profesional para poli\u00e9ster: Nuestra tinta plastisol antimigraci\u00f3n est\u00e1 dise\u00f1ada para reducir la migraci\u00f3n de tinta en el poli\u00e9ster. Al curar a 160 \u00b0C, se mantiene por debajo del punto de sublimaci\u00f3n t\u00edpico de muchos tejidos de poli\u00e9ster (a menudo, 132 \u00b0C-149 \u00b0C), lo que evita que los tintes de la tela se traspasen a la tinta. Esta importante caracter\u00edstica proporciona tranquilidad al imprimir en tejidos de poli\u00e9ster delicados o de color.<\/p>\n<h4 class=\"ng-star-inserted\"><span class=\"ng-star-inserted\">LIMPIEZA:<\/span><\/h4>\n<p>El mantenimiento de su equipo es esencial para obtener resultados consistentes. La tinta plastisol Shaliteink es f\u00e1cil de limpiar:<\/p>\n<ul>\n<li>En prensa: utilice un lavado de prensa Plastisol espec\u00edfico o un degradante de tinta para una limpieza de pantalla r\u00e1pida y eficiente entre trabajos o cambios de color.<\/li>\n<li>En el fregadero: para un lavado de pantalla completo, use un limpiador de pantalla plastisol potente o un degradante de tinta para eliminar todos los residuos de tinta de la pantalla y las herramientas.<\/li>\n<\/ul>\n<h4 class=\"ng-star-inserted\"><span class=\"ng-star-inserted\">INFORMACI\u00d3N DE ALMACENAMIENTO:<\/span><\/h4>\n<p>Guarde la tinta plastisol Shaliteink a temperatura ambiente, idealmente entre 18 \u00b0C y 32 \u00b0C (65 \u00b0F y 90 \u00b0F), alejada de la luz solar directa. La exposici\u00f3n prolongada a temperaturas superiores a 32 \u00b0C (90 \u00b0F) puede provocar que la tinta se solidifique en el envase.<\/p>\n<h4 class=\"ng-star-inserted\"><span class=\"ng-star-inserted\">\u00bfPOR QU\u00c9 ELEGIR SHALITEINK?<\/span><\/h4>\n<p>Como minorista l\u00edder a nivel mundial con m\u00e1s de veinte a\u00f1os de experiencia en la fabricaci\u00f3n, Shaliteink es sin\u00f3nimo de calidad, fiabilidad e innovaci\u00f3n en tintas de serigraf\u00eda. Nuestro modelo de producci\u00f3n directa garantiza productos premium como nuestra tinta plastisol antimigraci\u00f3n a precios competitivos. Conf\u00ede en Shaliteink para impresiones brillantes y duraderas y una experiencia de impresi\u00f3n impecable. Si busca &quot;d\u00f3nde comprar tinta plastisol&quot; o &quot;la mejor tinta de serigraf\u00eda&quot;, no busque m\u00e1s: Shaliteink es su aliado para el \u00e9xito en la impresi\u00f3n.<\/p>","protected":false},"excerpt":{"rendered":"<p>Nuestra exclusiva tinta plastisol antimigraci\u00f3n est\u00e1 dise\u00f1ada para superar los desaf\u00edos comunes de la impresi\u00f3n en tejidos dif\u00edciles, especialmente en mezclas de poli\u00e9ster. Olv\u00eddese de la migraci\u00f3n de tinta y el efecto fantasma, y disfrute de impresiones n\u00edtidas y vibrantes en cada ocasi\u00f3n. Su f\u00f3rmula sin ftalatos garantiza un tacto suave, brindando a sus prendas un acabado profesional que encantar\u00e1 a sus clientes. F\u00e1ciles de usar e incre\u00edblemente vers\u00e1tiles, las tintas plastisol Shaliteink son el complemento perfecto para cualquier imprenta que busque aumentar su producci\u00f3n y eficiencia.<\/p>","protected":false},"featured_media":1535,"comment_status":"open","ping_status":"closed","template":"","meta":[],"product_brand":[],"product_cat":[47],"product_tag":[],"class_list":{"0":"post-1539","1":"product","2":"type-product","3":"status-publish","4":"has-post-thumbnail","6":"product_cat-screenprinting-ink-special-effects-specialty-ink","8":"first","9":"instock","10":"shipping-taxable","11":"purchasable","12":"product-type-variable"},"tiered_pricing_type":"fixed","tiered_pricing_fixed_rules":[],"tiered_pricing_product_settings":{"layout":"default","base_unit_name":{"singular":null,"plural":null},"default_variation":null},"tiered_pricing_minimum_quantity":null,"tiered_pricing_roles_data":[],"tiered_pricing_percentage_rules":[],"tiered_pricing_maximum_quantity":null,"tiered_pricing_quantity_step":null,"_links":{"self":[{"href":"https:\/\/shaliteink.com\/es\/wp-json\/wp\/v2\/product\/1539","targetHints":{"allow":["GET"]}}],"collection":[{"href":"https:\/\/shaliteink.com\/es\/wp-json\/wp\/v2\/product"}],"about":[{"href":"https:\/\/shaliteink.com\/es\/wp-json\/wp\/v2\/types\/product"}],"replies":[{"embeddable":true,"href":"https:\/\/shaliteink.com\/es\/wp-json\/wp\/v2\/comments?post=1539"}],"version-history":[{"count":0,"href":"https:\/\/shaliteink.com\/es\/wp-json\/wp\/v2\/product\/1539\/revisions"}],"wp:featuredmedia":[{"embeddable":true,"href":"https:\/\/shaliteink.com\/es\/wp-json\/wp\/v2\/media\/1535"}],"wp:attachment":[{"href":"https:\/\/shaliteink.com\/es\/wp-json\/wp\/v2\/media?parent=1539"}],"wp:term":[{"taxonomy":"product_brand","embeddable":true,"href":"https:\/\/shaliteink.com\/es\/wp-json\/wp\/v2\/product_brand?post=1539"},{"taxonomy":"product_cat","embeddable":true,"href":"https:\/\/shaliteink.com\/es\/wp-json\/wp\/v2\/product_cat?post=1539"},{"taxonomy":"product_tag","embeddable":true,"href":"https:\/\/shaliteink.com\/es\/wp-json\/wp\/v2\/product_tag?post=1539"}],"curies":[{"name":"wp","href":"https:\/\/api.w.org\/{rel}","templated":true}]}}