{"id":1537,"date":"2025-04-19T07:19:35","date_gmt":"2025-04-19T07:19:35","guid":{"rendered":"https:\/\/shaliteink.com\/?post_type=product&#038;p=1537"},"modified":"2025-12-10T11:31:49","modified_gmt":"2025-12-10T11:31:49","slug":"tinta-para-serigrafia-plateada-plastisol","status":"publish","type":"product","link":"https:\/\/shaliteink.com\/es\/producto\/tinta-para-serigrafia-plateada-plastisol\/","title":{"rendered":"Tinta para serigraf\u00eda plateada Plastisol"},"content":{"rendered":"<p class=\"ng-star-inserted\"><strong class=\"ng-star-inserted\"><span class=\"ng-star-inserted\">T\u00edtulo: Tinta plastisol para serigraf\u00eda plateada Shaliteink: alta opacidad, tacto suave<\/span><\/strong><\/p>\n<p>Dise\u00f1ado para la eficiencia y la rentabilidad, Shaliteink Silver <strong><a href=\"https:\/\/shaliteink.com\/es\/producto\/tinta-para-serigrafia-plateada-plastisol\/\">Tinta plastisol para serigraf\u00eda<\/a><\/strong> Se cura de forma r\u00e1pida y fiable a 160 \u00b0C (320 \u00b0F). Esta baja temperatura de curado evita que la prenda se queme y encoja, lo que resulta especialmente beneficioso al trabajar con materiales sensibles al calor. Disfrute de tiempos de producci\u00f3n m\u00e1s cortos y menores costes energ\u00e9ticos sin comprometer la calidad de la impresi\u00f3n ni la intensidad del lavado. Tanto si trabaja con algod\u00f3n 100%, mezclas de poli\u00e9ster u otros tejidos, Shaliteink ofrece resultados uniformes y de calidad profesional.<\/p>\n<p>Nuestro compromiso con la calidad se extiende a la responsabilidad medioambiental. <strong><a href=\"https:\/\/shaliteink.com\/es\/\">Shaliteink<\/a><\/strong> La tinta plastisol plateada no contiene ftalatos, lo que garantiza un entorno de impresi\u00f3n seguro para usted y su equipo. Entendemos las exigencias de la serigraf\u00eda moderna, por lo que nuestras tintas son altamente opacas y ofrecen una excelente cobertura incluso en telas oscuras. Para una m\u00e1xima intensidad en sustratos oscuros, se recomienda una base blanca, pero comprobar\u00e1 que nuestra tinta plateada ofrece un rendimiento excepcional. Elija Shaliteink para obtener tintas de serigraf\u00eda fiables y de alto rendimiento que transformen sus visiones creativas en productos tangibles y de alta calidad.<\/p>\n<p><img decoding=\"async\" class=\"aligncenter wp-image-4063 size-large\" src=\"https:\/\/shaliteink.com\/wp-content\/uploads\/2025\/04\/Silver-Screen-Printing-Ink-Plastisol-1024x1022.jpg\" alt=\"Tinta para serigraf\u00eda plateada Plastisol\" width=\"1024\" height=\"1022\" srcset=\"https:\/\/shaliteink.com\/wp-content\/uploads\/2025\/04\/Silver-Screen-Printing-Ink-Plastisol-1024x1022.jpg 1024w, https:\/\/shaliteink.com\/wp-content\/uploads\/2025\/04\/Silver-Screen-Printing-Ink-Plastisol-300x300.jpg 300w, https:\/\/shaliteink.com\/wp-content\/uploads\/2025\/04\/Silver-Screen-Printing-Ink-Plastisol-150x150.jpg 150w, https:\/\/shaliteink.com\/wp-content\/uploads\/2025\/04\/Silver-Screen-Printing-Ink-Plastisol-768x766.jpg 768w, https:\/\/shaliteink.com\/wp-content\/uploads\/2025\/04\/Silver-Screen-Printing-Ink-Plastisol-12x12.jpg 12w, https:\/\/shaliteink.com\/wp-content\/uploads\/2025\/04\/Silver-Screen-Printing-Ink-Plastisol-600x600.jpg 600w, https:\/\/shaliteink.com\/wp-content\/uploads\/2025\/04\/Silver-Screen-Printing-Ink-Plastisol-1200x1198.jpg 1200w, https:\/\/shaliteink.com\/wp-content\/uploads\/2025\/04\/Silver-Screen-Printing-Ink-Plastisol.jpg 1506w\" sizes=\"(max-width: 1024px) 100vw, 1024px\" \/><\/p>\n<p class=\"ng-star-inserted\"><strong class=\"ng-star-inserted\"><span class=\"ng-star-inserted\">Beneficios clave:<\/span><\/strong><\/p>\n<ul class=\"ng-star-inserted\">\n<li class=\"ng-star-inserted\">Cura de manera confiable a 160 \u00b0C (320 \u00b0F): producci\u00f3n r\u00e1pida, bajos costos de energ\u00eda y da\u00f1o m\u00ednimo a la prenda.<\/li>\n<li class=\"ng-star-inserted\">Impresi\u00f3n suave a mano: obtenga una sensaci\u00f3n c\u00f3moda y de alta calidad en sus prendas terminadas.<\/li>\n<li class=\"ng-star-inserted\">Alta opacidad y plata vibrante: Excelente cobertura y un brillo met\u00e1lico impresionante.<\/li>\n<li class=\"ng-star-inserted\">Bajo sangrado para mezclas de poli\u00e9ster: impresi\u00f3n confiable en una amplia variedad de telas.<\/li>\n<li class=\"ng-star-inserted\">F\u00f3rmula sin ftalatos: una opci\u00f3n segura para su espacio de trabajo y entorno.<\/li>\n<li class=\"ng-star-inserted\">F\u00e1cil de trabajar: Consistencia cremosa y granular para una impresi\u00f3n suave.<\/li>\n<li class=\"ng-star-inserted\">Universal para una variedad de tejidos: optimizado para diversas aplicaciones textiles.<\/li>\n<li>Calidad directa de f\u00e1brica: Benef\u00edciese de dos d\u00e9cadas de excelencia en la fabricaci\u00f3n.<\/li>\n<\/ul>\n<p class=\"ng-star-inserted\"><strong class=\"ng-star-inserted\"><span class=\"ng-star-inserted\">Pautas de curaci\u00f3n:<\/span><\/strong><\/p>\n<p>La tinta plastisol plateada Shaliteink est\u00e1 formulada para un curado \u00f3ptimo a 160 \u00b0C (320 \u00b0F).<\/p>\n<ul>\n<li>Curado instant\u00e1neo: Para el curado instant\u00e1neo, mantenga la temperatura entre 120 \u00b0C y 140 \u00b0C (248 \u00b0F y 284 \u00b0F) durante 3 a 5 segundos. El tiempo de secado puede variar seg\u00fan el dispositivo y el espesor del dep\u00f3sito de tinta.<\/li>\n<li>Curado completo: La tinta est\u00e1 completamente curada cuando toda la capa de tinta alcanza los 160 \u00b0C (320 \u00b0F). Las lecturas de temperatura superficial de las pistolas l\u00e1ser pueden ser enga\u00f1osas; recomendamos usar sondas de d\u00f3nut o tiras de temperatura para medir con precisi\u00f3n la temperatura interna de la tinta.<\/li>\n<li>Prueba de lavado: Espere 24 horas despu\u00e9s de la cicatrizaci\u00f3n antes de realizar una prueba de lavado. Una impresi\u00f3n completamente curada resistir\u00e1 m\u00faltiples lavados sin agrietarse ni deste\u00f1irse. Para la prueba inicial, realice una prueba de estiramiento estirando la prenda impresa aproximadamente 2\/3 de su ancho. Si la impresi\u00f3n se rompe y no se retrae, es posible que no cicatrice correctamente.<\/li>\n<li>Compatibilidad con tejidos: Si bien Shaliteink ofrece un rendimiento excepcional en una variedad de tejidos, los mejores resultados suelen obtenerse con algod\u00f3n 100%. Al imprimir sobre poli\u00e9ster o mezclas de poli\u00e9ster, la baja temperatura de curado de Shaliteink ayuda a prevenir la migraci\u00f3n del tinte (desvanecimiento) que puede ocurrir cuando los tintes de poli\u00e9ster reaccionan a altas temperaturas.<\/li>\n<\/ul>\n<p class=\"ng-star-inserted\"><strong class=\"ng-star-inserted\"><span class=\"ng-star-inserted\">Limpieza:<\/span><\/strong><\/p>\n<p>Las tintas plastisol Shaliteink son f\u00e1ciles de limpiar despu\u00e9s de la impresi\u00f3n.<\/p>\n<ul>\n<li>En prensa: utilice un limpiador de prensa Plastisol espec\u00edfico o un degradante de tinta para una limpieza r\u00e1pida y eficiente de pantallas y escobillas de goma.<\/li>\n<li>En el fregadero: para una limpieza m\u00e1s profunda de la pantalla, utilice Plastisol Screen Wash o degradante de tinta para eliminar todos los residuos de tinta.<\/li>\n<\/ul>\n<p class=\"ng-star-inserted\"><strong class=\"ng-star-inserted\"><span class=\"ng-star-inserted\">Informaci\u00f3n de almacenamiento:<\/span><\/strong><\/p>\n<p>Guarde la tinta plastisol para serigraf\u00eda plateada Shaliteink en un lugar fresco y seco, alejado de la luz solar directa, idealmente entre 18 y 32 \u00b0C (65 y 90 \u00b0F). La exposici\u00f3n prolongada a temperaturas superiores a 32 \u00b0C (90 \u00b0F) puede provocar que la tinta se congele en el envase, lo que reducir\u00eda su rendimiento.<\/p>\n<p class=\"ng-star-inserted\"><strong class=\"ng-star-inserted\"><span class=\"ng-star-inserted\">Consejos profesionales para obtener los mejores resultados:<\/span><\/strong><\/p>\n<ul class=\"ng-star-inserted\">\n<li class=\"ng-star-inserted\">Base para telas oscuras: al imprimir plata sobre telas oscuras, aplicar una base blanca puede aumentar significativamente el brillo y la opacidad de la impresi\u00f3n final.<\/li>\n<li class=\"ng-star-inserted\">Adherencia mec\u00e1nica: Recuerde que la tinta plastisol forma una uni\u00f3n mec\u00e1nica con las fibras de la tela en lugar de te\u00f1irlas. Un tratamiento adecuado es necesario para que esta adhesi\u00f3n sea fuerte y duradera.<\/li>\n<li class=\"ng-star-inserted\">Prueba antes de la producci\u00f3n: Realice siempre una prueba de estiramiento y lavado en la tela elegida con la configuraci\u00f3n espec\u00edfica de su equipo antes de comenzar la producci\u00f3n en masa para garantizar un curado y una calidad de impresi\u00f3n \u00f3ptimos.<\/li>\n<\/ul>\n<p class=\"ng-star-inserted\"><strong class=\"ng-star-inserted\"><span class=\"ng-star-inserted\">Hoja de datos de seguridad:<\/span><\/strong><\/p>\n<p>[Enlace a la hoja de datos de seguridad de la tinta plastisol de plata Shaliteink]<\/p>\n<p class=\"ng-star-inserted\"><strong class=\"ng-star-inserted\"><span class=\"ng-star-inserted\">Explora nuestra gama completa:<\/span><\/strong><\/p>\n<p>Encuentre m\u00e1s tintas plastisol Shaliteink de alta calidad y <strong><a href=\"https:\/\/shaliteink.com\/es\/screen-printing-ink\/\">tinta de serigraf\u00eda<\/a><\/strong> \u00a1en nuestro sitio web!<\/p>\n<p>&nbsp;<\/p>","protected":false},"excerpt":{"rendered":"<p>Mejore sus proyectos de serigraf\u00eda con la tinta plastisol para serigraf\u00eda plateada Shaliteink, una soluci\u00f3n premium de alta opacidad dise\u00f1ada para obtener resultados excepcionales. Con m\u00e1s de dos d\u00e9cadas de experiencia en fabricaci\u00f3n, Shaliteink le ofrece la calidad de f\u00e1brica que le ha valido la confianza de numerosas marcas de renombre mundial. Nuestras tintas plastisol est\u00e1n dise\u00f1adas para un rendimiento superior, ofreciendo una combinaci\u00f3n perfecta de intensidad, durabilidad y facilidad de uso, lo que las convierte en la opci\u00f3n ideal tanto para imprentas profesionales como para aficionados entusiastas.<br \/>\nLa tinta plastisol plateada Shaliteink ofrece un brillo met\u00e1lico brillante que garantiza que sus dise\u00f1os destaquen con un acabado impecable. Esta tinta de serigraf\u00eda posee una textura incre\u00edblemente cremosa y de grano fino, lo que permite una impresi\u00f3n suave y una aplicaci\u00f3n uniforme. Experimente la satisfacci\u00f3n de recibir impresiones n\u00edtidas y detalladas con una sensaci\u00f3n de suavidad excepcional que encantar\u00e1 a sus clientes. Nuestra f\u00f3rmula avanzada garantiza un sangrado m\u00ednimo incluso en telas dif\u00edciles como las mezclas de poli\u00e9ster, lo que le brinda confianza en cada tirada.<\/p>","protected":false},"featured_media":1529,"comment_status":"open","ping_status":"closed","template":"","meta":[],"product_brand":[],"product_cat":[46],"product_tag":[],"class_list":{"0":"post-1537","1":"product","2":"type-product","3":"status-publish","4":"has-post-thumbnail","6":"product_cat-metallic-screen-printing-ink","8":"first","9":"instock","10":"shipping-taxable","11":"purchasable","12":"product-type-variable"},"tiered_pricing_type":"fixed","tiered_pricing_fixed_rules":[],"tiered_pricing_product_settings":{"layout":"default","base_unit_name":{"singular":null,"plural":null},"default_variation":null},"tiered_pricing_minimum_quantity":null,"tiered_pricing_roles_data":[],"tiered_pricing_percentage_rules":[],"tiered_pricing_maximum_quantity":null,"tiered_pricing_quantity_step":null,"_links":{"self":[{"href":"https:\/\/shaliteink.com\/es\/wp-json\/wp\/v2\/product\/1537","targetHints":{"allow":["GET"]}}],"collection":[{"href":"https:\/\/shaliteink.com\/es\/wp-json\/wp\/v2\/product"}],"about":[{"href":"https:\/\/shaliteink.com\/es\/wp-json\/wp\/v2\/types\/product"}],"replies":[{"embeddable":true,"href":"https:\/\/shaliteink.com\/es\/wp-json\/wp\/v2\/comments?post=1537"}],"version-history":[{"count":0,"href":"https:\/\/shaliteink.com\/es\/wp-json\/wp\/v2\/product\/1537\/revisions"}],"wp:featuredmedia":[{"embeddable":true,"href":"https:\/\/shaliteink.com\/es\/wp-json\/wp\/v2\/media\/1529"}],"wp:attachment":[{"href":"https:\/\/shaliteink.com\/es\/wp-json\/wp\/v2\/media?parent=1537"}],"wp:term":[{"taxonomy":"product_brand","embeddable":true,"href":"https:\/\/shaliteink.com\/es\/wp-json\/wp\/v2\/product_brand?post=1537"},{"taxonomy":"product_cat","embeddable":true,"href":"https:\/\/shaliteink.com\/es\/wp-json\/wp\/v2\/product_cat?post=1537"},{"taxonomy":"product_tag","embeddable":true,"href":"https:\/\/shaliteink.com\/es\/wp-json\/wp\/v2\/product_tag?post=1537"}],"curies":[{"name":"wp","href":"https:\/\/api.w.org\/{rel}","templated":true}]}}