{"id":1523,"date":"2025-04-19T07:17:50","date_gmt":"2025-04-19T07:17:50","guid":{"rendered":"https:\/\/shaliteink.com\/?post_type=product&#038;p=1523"},"modified":"2026-04-06T09:05:00","modified_gmt":"2026-04-06T09:05:00","slug":"tinta-de-serigrafia-dorada-plastisol","status":"publish","type":"product","link":"https:\/\/shaliteink.com\/es\/producto\/tinta-de-serigrafia-dorada-plastisol\/","title":{"rendered":"Tinta para serigraf\u00eda dorada Plastisol"},"content":{"rendered":"<h1 class=\"ng-star-inserted\"><span class=\"ng-star-inserted\">Tinta plastisol dorada para serigraf\u00eda: Mi arma secreta para imprimir dinero (literalmente)<\/span><\/h1>\n<p class=\"ng-star-inserted\"><span class=\"ng-star-inserted\">Mira, llevo m\u00e1s de veinte a\u00f1os detr\u00e1s de una escobilla limpiacristales. Lo he visto todo. He visto tiendas quebrar por ahorrar hasta el \u00faltimo c\u00e9ntimo en suministros y he visto peque\u00f1os garajes convertirse en imperios porque sab\u00edan una cosa:\u00a0<\/span><strong class=\"ng-star-inserted\"><span class=\"ng-star-inserted\">La calidad vende.<\/span><\/strong><\/p>\n<p class=\"ng-star-inserted\"><span class=\"ng-star-inserted\">Si todav\u00eda imprimes colores planos y aburridos, est\u00e1s perdiendo dinero. Hoy te voy a revelar un secreto. Si quieres cobrar precios premium, necesitas ofrecer efectos premium. Estamos hablando de\u00a0<\/span><span class=\"ng-star-inserted\">Tinta para serigraf\u00eda dorada Plastisol<\/span><span class=\"ng-star-inserted\">.<\/span><\/p>\n<p class=\"ng-star-inserted\"><span class=\"ng-star-inserted\">Cuando un cliente ve una impresi\u00f3n dorada que realmente parece metal real, no regatea el precio. Simplemente saca su billetera. As\u00ed es como lo uso\u00a0<\/span><a href=\"https:\/\/shaliteink.com\/es\/\"><span class=\"ng-star-inserted\">Tinta plastisol Shaliteink<\/span><\/a><span class=\"ng-star-inserted\">\u00a0dominar el mercado.<\/span><\/p>\n<hr class=\"ng-star-inserted\" \/>\n<h2 class=\"ng-star-inserted\"><span class=\"ng-star-inserted\">1. Por qu\u00e9 la tinta dorada puede cambiar las reglas del juego para tu tienda.<\/span><\/h2>\n<p class=\"ng-star-inserted\"><span class=\"ng-star-inserted\">Seamos sinceros. La mayor\u00eda de las tintas &quot;doradas&quot; del mercado parecen mostaza sucia al contacto con la tela. Son opacas, se agrietan y se sienten como una armadura de pl\u00e1stico en el pecho.<\/span><\/p>\n<p class=\"ng-star-inserted\"><span class=\"ng-star-inserted\">Pero cuando consigues el adecuado\u00a0<\/span><a href=\"https:\/\/shaliteink.com\/es\/categoria-producto\/tinta-de-serigrafia-metalica\/\"><span class=\"ng-star-inserted\">Tinta de serigraf\u00eda met\u00e1lica<\/span><\/a><span class=\"ng-star-inserted\">, La magia sucede.<\/span><\/p>\n<h3 class=\"ng-star-inserted\"><span class=\"ng-star-inserted\">La psicolog\u00eda del brillo<\/span><\/h3>\n<p class=\"ng-star-inserted\"><span class=\"ng-star-inserted\">La gente es como las urracas; les encantan las cosas brillantes. Un estampado dorado sugiere lujo y exclusividad. Transforma una camiseta b\u00e1sica $5 en una prenda urbana de &quot;edici\u00f3n limitada&quot; $35. Al utilizar un material de alta calidad\u00a0<\/span><span class=\"ng-star-inserted\">Tienda de tintas met\u00e1licas<\/span><span class=\"ng-star-inserted\">, No solo vendes una camiseta, sino que vendes una vibra.<\/span><\/p>\n<h3 class=\"ng-star-inserted\"><span class=\"ng-star-inserted\">M\u00e1rgenes m\u00e1s altos<\/span><\/h3>\n<p class=\"ng-star-inserted\"><span class=\"ng-star-inserted\">En mi experiencia, a\u00f1adir un toque met\u00e1lico a un dise\u00f1o permite aumentar el margen de beneficio en al menos 20-30%. El coste de la tinta por camiseta solo sube unos c\u00e9ntimos, pero el valor percibido se dispara.<\/span><\/p>\n<hr class=\"ng-star-inserted\" \/>\n<h2 class=\"ng-star-inserted\"><span class=\"ng-star-inserted\">2. Mi opini\u00f3n sincera: Por qu\u00e9 uso Shaliteink<\/span><\/h2>\n<p class=\"ng-star-inserted\"><span class=\"ng-star-inserted\">No tengo tiempo para tinta que obstruya mis pantallas o se deposite en el fondo del cubo. Necesito algo que est\u00e9 listo para usar. Por eso cambi\u00e9 a\u00a0<\/span><span class=\"ng-star-inserted\">Tinta plastisol Shaliteink<\/span><span class=\"ng-star-inserted\">.<\/span><\/p>\n<h3 class=\"ng-star-inserted\"><span class=\"ng-star-inserted\">El factor \u201cOoh La La\u201d<\/span><\/h3>\n<p class=\"ng-star-inserted\"><span class=\"ng-star-inserted\">La primera vez que hice una impresi\u00f3n usando su\u00a0<\/span><span class=\"ng-star-inserted\">Oro <a href=\"https:\/\/shaliteink.com\/es\/tinta-de-serigrafia-3\/\">Tinta de plastisol para serigraf\u00eda<\/a><\/span><span class=\"ng-star-inserted\">, Me qued\u00e9 impresionada. El brillo era intenso, pero la textura era sorprendentemente suave. La mayor\u00eda de las tintas met\u00e1licas son \u00e1speras, pero esta es muy suave.<\/span><\/p>\n<h3 class=\"ng-star-inserted\"><span class=\"ng-star-inserted\">Limpio y seguro<\/span><\/h3>\n<p class=\"ng-star-inserted\"><span class=\"ng-star-inserted\">Tengo hijos y me preocupa el planeta. No quiero respirar sustancias qu\u00edmicas nocivas todo el d\u00eda. Shaliteink ofrece\u00a0<\/span><a href=\"https:\/\/shaliteink.com\/es\/categoria-producto\/tinta-plastisol-sin-pvc\/\"><span class=\"ng-star-inserted\">Tinta plastisol sin PVC<\/span><\/a><span class=\"ng-star-inserted\">\u00a0que cumple con todos los est\u00e1ndares de seguridad importantes. Es\u00a0<\/span><span class=\"ng-star-inserted\">Eco-Frie<\/span><span class=\"ng-star-inserted\">n<\/span><span class=\"ng-star-inserted\">Tinta de serigraf\u00eda dly<\/span><span class=\"ng-star-inserted\">\u00a0que realmente funciona como el plastisol tradicional. Sin concesiones.<\/span><\/p>\n<h3 class=\"ng-star-inserted\"><span class=\"ng-star-inserted\">Consistencia<\/span><\/h3>\n<p class=\"ng-star-inserted\"><span class=\"ng-star-inserted\">No hay nada peor que comprar un gal\u00f3n de tinta y descubrir que es de un tono diferente al anterior. Como un top\u00a0<\/span><span class=\"ng-star-inserted\">Tienda de tintas para serigraf\u00eda<\/span><span class=\"ng-star-inserted\">, Shaliteink mantiene sus lotes con precisi\u00f3n. El oro que compro hoy ser\u00e1 igual al que compre dentro de seis meses.<\/span><\/p>\n<div class=\"table-container ng-star-inserted\">\n<table>\n<tbody>\n<tr class=\"table-header ng-star-inserted\">\n<td class=\"ng-star-inserted\"><span class=\"ng-star-inserted\">Caracter\u00edstica<\/span><\/td>\n<td class=\"ng-star-inserted\"><strong><span class=\"ng-star-inserted\">Oro Shaliteink<\/span><\/strong><\/td>\n<td class=\"ng-star-inserted\"><span class=\"ng-star-inserted\">Tinta barata de bajo presupuesto<\/span><\/td>\n<\/tr>\n<tr class=\"ng-star-inserted\">\n<td class=\"ng-star-inserted\"><strong class=\"ng-star-inserted\"><span class=\"ng-star-inserted\">Tama\u00f1o de part\u00edcula<\/span><\/strong><\/td>\n<td class=\"ng-star-inserted\"><span class=\"ng-star-inserted\">Ultrafino (no se obstruye)<\/span><\/td>\n<td class=\"ng-star-inserted\"><span class=\"ng-star-inserted\">Grueso (Pantallas de muerte)<\/span><\/td>\n<\/tr>\n<tr class=\"ng-star-inserted\">\n<td class=\"ng-star-inserted\"><strong class=\"ng-star-inserted\"><span class=\"ng-star-inserted\">Brillo<\/span><\/strong><\/td>\n<td class=\"ng-star-inserted\"><span class=\"ng-star-inserted\">Alta reflectividad<\/span><\/td>\n<td class=\"ng-star-inserted\"><span class=\"ng-star-inserted\">Mate\/Apagado<\/span><\/td>\n<\/tr>\n<tr class=\"ng-star-inserted\">\n<td class=\"ng-star-inserted\"><strong class=\"ng-star-inserted\"><span class=\"ng-star-inserted\">Opacidad<\/span><\/strong><\/td>\n<td class=\"ng-star-inserted\"><span class=\"ng-star-inserted\">Cobertura de un solo golpe<\/span><\/td>\n<td class=\"ng-star-inserted\"><span class=\"ng-star-inserted\">Necesita 3 capas<\/span><\/td>\n<\/tr>\n<tr class=\"ng-star-inserted\">\n<td class=\"ng-star-inserted\"><strong class=\"ng-star-inserted\"><span class=\"ng-star-inserted\">Seguridad<\/span><\/strong><\/td>\n<td class=\"ng-star-inserted\"><span class=\"ng-star-inserted\">Libre de ftalatos<\/span><\/td>\n<td class=\"ng-star-inserted\"><span class=\"ng-star-inserted\">Sustancias qu\u00edmicas desconocidas<\/span><\/td>\n<\/tr>\n<\/tbody>\n<\/table>\n<p><img decoding=\"async\" class=\"alignnone wp-image-4640\" src=\"https:\/\/shaliteink.com\/wp-content\/uploads\/2025\/04\/Gold-Screen-Printing-Ink-Plastisol-1-300x300.jpg\" alt=\"Tinta para serigraf\u00eda dorada Plastisol\" width=\"451\" height=\"451\" srcset=\"https:\/\/shaliteink.com\/wp-content\/uploads\/2025\/04\/Gold-Screen-Printing-Ink-Plastisol-1-300x300.jpg 300w, https:\/\/shaliteink.com\/wp-content\/uploads\/2025\/04\/Gold-Screen-Printing-Ink-Plastisol-1-150x150.jpg 150w, https:\/\/shaliteink.com\/wp-content\/uploads\/2025\/04\/Gold-Screen-Printing-Ink-Plastisol-1-12x12.jpg 12w, https:\/\/shaliteink.com\/wp-content\/uploads\/2025\/04\/Gold-Screen-Printing-Ink-Plastisol-1-600x600.jpg 600w, https:\/\/shaliteink.com\/wp-content\/uploads\/2025\/04\/Gold-Screen-Printing-Ink-Plastisol-1.jpg 750w\" sizes=\"(max-width: 451px) 100vw, 451px\" \/><\/p>\n<\/div>\n<hr class=\"ng-star-inserted\" \/>\n<h2 class=\"ng-star-inserted\"><span class=\"ng-star-inserted\">3. Los detalles t\u00e9cnicos: C\u00f3mo imprimir oro como un profesional<\/span><\/h2>\n<p class=\"ng-star-inserted\"><span class=\"ng-star-inserted\">Puedes tener la mejor tinta del mundo, pero si tu t\u00e9cnica es deficiente, tus impresiones se ver\u00e1n fatal. Sigue mis &quot;Reglas de Oro&quot; para que te salgan perfectas siempre.<\/span><\/p>\n<h3 class=\"ng-star-inserted\"><span class=\"ng-star-inserted\">Regla #1: La malla lo es todo<\/span><\/h3>\n<p class=\"ng-star-inserted\"><span class=\"ng-star-inserted\">La tinta dorada contiene diminutas part\u00edculas de metal o mica. Si se utiliza una malla demasiado fina, estas part\u00edculas se atascar\u00e1n.<\/span><\/p>\n<ul class=\"ng-star-inserted\">\n<li class=\"ng-star-inserted\">\n<p class=\"ng-star-inserted\"><strong class=\"ng-star-inserted\"><span class=\"ng-star-inserted\">Para oro brillante<\/span><\/strong><span class=\"ng-star-inserted\">: Utilice una malla de 60 a 86.<\/span><\/p>\n<\/li>\n<li class=\"ng-star-inserted\">\n<p class=\"ng-star-inserted\"><strong class=\"ng-star-inserted\"><span class=\"ng-star-inserted\">Para detalles finos en oro<\/span><\/strong><span class=\"ng-star-inserted\">: Utilice una malla de 110 a 125.<\/span><\/p>\n<\/li>\n<li class=\"ng-star-inserted\">\n<p class=\"ng-star-inserted\"><span class=\"ng-star-inserted\">Cualquier valor superior a 160 te augura un dolor de cabeza.<\/span><\/p>\n<\/li>\n<\/ul>\n<h3 class=\"ng-star-inserted\"><span class=\"ng-star-inserted\">Regla #2: Usa una emulsi\u00f3n letal.<\/span><\/h3>\n<p class=\"ng-star-inserted\"><span class=\"ng-star-inserted\">Necesitas una plantilla que pueda soportar el flujo intenso de tinta met\u00e1lica. Yo siempre opto por\u00a0<\/span><span class=\"ng-star-inserted\">Emulsi\u00f3n fotosensible de alta densidad<\/span><span class=\"ng-star-inserted\">. Crea una pared gruesa y afilada que mantiene el oro exactamente donde debe estar. Si usas barato\u00a0<\/span><span class=\"ng-star-inserted\">Emulsi\u00f3n fotosensible<\/span><span class=\"ng-star-inserted\">, los bordes se ver\u00e1n borrosos.<\/span><\/p>\n<h3 class=\"ng-star-inserted\"><span class=\"ng-star-inserted\">Regla #3: El secreto de Underbase<\/span><\/h3>\n<p class=\"ng-star-inserted\"><span class=\"ng-star-inserted\">Si va a imprimir sobre una camiseta negra, es posible que desee imprimir una capa fina de\u00a0<\/span><span class=\"ng-star-inserted\">Tinta de serigraf\u00eda NB blanca sin PVC<\/span><span class=\"ng-star-inserted\">\u00a0Primero, aplica un flash y luego el dorado. Esto hace que el dorado resalte much\u00edsimo. Sin embargo, con el dorado de alta opacidad de Shaliteink, a menudo puedo omitir la base y aun as\u00ed obtener un resultado brillante.<\/span><\/p>\n<hr class=\"ng-star-inserted\" \/>\n<h2 class=\"ng-star-inserted\"><span class=\"ng-star-inserted\">4. Efectos avanzados para dejar boquiabiertos a tus clientes.<\/span><\/h2>\n<p class=\"ng-star-inserted\"><span class=\"ng-star-inserted\">Si quieres ganar el premio a la &quot;Impresora del A\u00f1o&quot; en tu ciudad, prueba estas combinaciones:<\/span><\/p>\n<ol class=\"ng-star-inserted\">\n<li class=\"ng-star-inserted\">\n<p class=\"ng-star-inserted\"><strong class=\"ng-star-inserted\"><span class=\"ng-star-inserted\">Oro 3D<\/span><\/strong><span class=\"ng-star-inserted\">: Mezcla tu oro con\u00a0<\/span><span class=\"ng-star-inserted\">Tinta de plastisol de alta densidad para serigraf\u00eda<\/span><span class=\"ng-star-inserted\">. El estampado literalmente se despegar\u00e1 de la camiseta. Parece una moneda acu\u00f1ada a medida.<\/span><\/p>\n<\/li>\n<li class=\"ng-star-inserted\">\n<p class=\"ng-star-inserted\"><strong class=\"ng-star-inserted\"><span class=\"ng-star-inserted\">Gold Puff<\/span><\/strong><span class=\"ng-star-inserted\">: Usar\u00a0<\/span><span class=\"ng-star-inserted\">Tinta para serigraf\u00eda Puff Plastisol<\/span><span class=\"ng-star-inserted\">\u00a0debajo de la capa dorada. Al entrar en contacto con la secadora, se expande y adquiere una textura dorada suave, como la de un malvavisco.<\/span><\/p>\n<\/li>\n<li class=\"ng-star-inserted\">\n<p class=\"ng-star-inserted\"><strong class=\"ng-star-inserted\"><span class=\"ng-star-inserted\">La medida de \u201cno migraci\u00f3n\u201d<\/span><\/strong><span class=\"ng-star-inserted\">\u00bfImprimir oro sobre poli\u00e9ster? Utilice\u00a0<\/span><span class=\"ng-star-inserted\">Tinta de serigraf\u00eda antimigraci\u00f3n plastisol<\/span><span class=\"ng-star-inserted\">\u00a0Como bloqueador. Esto evita que el tinte de la camisa se corra sobre tu hermoso color dorado. Nadie quiere un &quot;dorado verdoso&quot;.\u201c<\/span><\/p>\n<\/li>\n<\/ol>\n<p><img decoding=\"async\" class=\"alignnone wp-image-4641\" src=\"https:\/\/shaliteink.com\/wp-content\/uploads\/2025\/04\/Gold-Screen-Printing-Ink-Plastisol1-300x300.jpg\" alt=\"Tinta para serigraf\u00eda dorada Plastisol\" width=\"450\" height=\"450\" srcset=\"https:\/\/shaliteink.com\/wp-content\/uploads\/2025\/04\/Gold-Screen-Printing-Ink-Plastisol1-300x300.jpg 300w, https:\/\/shaliteink.com\/wp-content\/uploads\/2025\/04\/Gold-Screen-Printing-Ink-Plastisol1-150x150.jpg 150w, https:\/\/shaliteink.com\/wp-content\/uploads\/2025\/04\/Gold-Screen-Printing-Ink-Plastisol1-12x12.jpg 12w, https:\/\/shaliteink.com\/wp-content\/uploads\/2025\/04\/Gold-Screen-Printing-Ink-Plastisol1-600x600.jpg 600w, https:\/\/shaliteink.com\/wp-content\/uploads\/2025\/04\/Gold-Screen-Printing-Ink-Plastisol1.jpg 750w\" sizes=\"(max-width: 450px) 100vw, 450px\" \/><\/p>\n<hr class=\"ng-star-inserted\" \/>\n<h2 class=\"ng-star-inserted\"><span class=\"ng-star-inserted\">5. \u00a1No olvides el curado! (El asesino de las ganancias)<\/span><\/h2>\n<p class=\"ng-star-inserted\"><span class=\"ng-star-inserted\">He visto imprentas perder miles de d\u00f3lares porque el oro se desprendi\u00f3 durante el lavado. \u00bfPor qu\u00e9? Porque las part\u00edculas met\u00e1licas reflejan el calor.<\/span><\/p>\n<p class=\"ng-star-inserted\"><span class=\"ng-star-inserted\">Cuando uses\u00a0<\/span><span class=\"ng-star-inserted\">Tinta plastisol<\/span><span class=\"ng-star-inserted\">, La tinta debe alcanzar los 160 \u00b0C (320 \u00b0F) en toda su extensi\u00f3n. Debido a que el oro refleja los rayos infrarrojos de la secadora, tarda un poco m\u00e1s en secarse que la tinta negra.<\/span><\/p>\n<p class=\"ng-star-inserted\"><strong class=\"ng-star-inserted\"><span class=\"ng-star-inserted\">Consejo profesional<\/span><\/strong><span class=\"ng-star-inserted\">Disminuya la velocidad de la cinta transportadora o aumente la temperatura 10 grados al realizar un trabajo de dorado. Realice una prueba de estiramiento una vez que la camisa se enfr\u00ede. Si el dorado se agrieta, significa que no est\u00e1 curado.<\/span><\/p>\n<hr class=\"ng-star-inserted\" \/>\n<h2 class=\"ng-star-inserted\"><span class=\"ng-star-inserted\">6. Caso pr\u00e1ctico: El \u00e9xito de la sudadera con capucha &quot;dorada&quot;<\/span><\/h2>\n<p class=\"ng-star-inserted\"><span class=\"ng-star-inserted\">El due\u00f1o de un gimnasio local se me acerc\u00f3. Estaba vendiendo sudaderas grises aburridas con un logo negro por $40. No se vend\u00edan.<\/span><\/p>\n<p class=\"ng-star-inserted\"><span class=\"ng-star-inserted\">Le dije: \u201cCambiemos el logo a\u00a0<\/span><span class=\"ng-star-inserted\">Tinta para serigraf\u00eda plateada Plastisol<\/span><span class=\"ng-star-inserted\">\u00a0con un\u00a0<\/span><span class=\"ng-star-inserted\">Tinta para serigraf\u00eda dorada Plastisol<\/span><span class=\"ng-star-inserted\">\u00a0describir.&quot;\u201d<\/span><\/p>\n<p class=\"ng-star-inserted\"><span class=\"ng-star-inserted\">Nosotros usamos\u00a0<\/span><span class=\"ng-star-inserted\">Tinta plastisol Shaliteink<\/span><span class=\"ng-star-inserted\">\u00a0para el trabajo.<\/span><\/p>\n<ul class=\"ng-star-inserted\">\n<li class=\"ng-star-inserted\">\n<p class=\"ng-star-inserted\"><strong class=\"ng-star-inserted\"><span class=\"ng-star-inserted\">Ventas anteriores<\/span><\/strong><span class=\"ng-star-inserted\">: 5 sudaderas con capucha al mes.<\/span><\/p>\n<\/li>\n<li class=\"ng-star-inserted\">\n<p class=\"ng-star-inserted\"><strong class=\"ng-star-inserted\"><span class=\"ng-star-inserted\">Nuevas ventas<\/span><\/strong><span class=\"ng-star-inserted\">: 50 sudaderas con capucha en la primera semana.<\/span><\/p>\n<\/li>\n<li class=\"ng-star-inserted\">\n<p class=\"ng-star-inserted\"><strong class=\"ng-star-inserted\"><span class=\"ng-star-inserted\">Aumento de precios<\/span><\/strong><span class=\"ng-star-inserted\">: Subi\u00f3 el precio a $65 y se agotaron.<\/span><\/p>\n<\/li>\n<\/ul>\n<p class=\"ng-star-inserted\"><span class=\"ng-star-inserted\">\u00bfLa lecci\u00f3n? La gente paga por la &quot;apariencia&quot;.\u201c<\/span><\/p>\n<hr class=\"ng-star-inserted\" \/>\n<h2 class=\"ng-star-inserted\"><span class=\"ng-star-inserted\">7. Preguntas frecuentes<\/span><\/h2>\n<h3 class=\"ng-star-inserted\"><span class=\"ng-star-inserted\">\u00bfEs dif\u00edcil limpiar la tinta dorada?<\/span><\/h3>\n<p class=\"ng-star-inserted\"><span class=\"ng-star-inserted\">Puede ser un desastre debido a la purpurina. Recomiendo usar un lavado espec\u00edfico para planchas. Si quieres hacerte la vida m\u00e1s f\u00e1cil, echa un vistazo a\u00a0<\/span><span class=\"ng-star-inserted\">Kit para principiantes de tinta de impresi\u00f3n NB<\/span><span class=\"ng-star-inserted\">\u00a0que tiene todo lo que necesitas para empezar de cero.<\/span><\/p>\n<h3 class=\"ng-star-inserted\"><span class=\"ng-star-inserted\">\u00bfDeja una sensaci\u00f3n \u00e1spera en la piel?<\/span><\/h3>\n<p class=\"ng-star-inserted\"><span class=\"ng-star-inserted\">Si utiliza\u00a0<\/span><span class=\"ng-star-inserted\">Tinta brillante para serigraf\u00eda<\/span><span class=\"ng-star-inserted\">, Notar\u00e1s una ligera textura. Pero en comparaci\u00f3n con las tintas &quot;\u00e1speras&quot; de los a\u00f1os 90, Shaliteink es incre\u00edblemente suave.<\/span><\/p>\n<h3 class=\"ng-star-inserted\"><span class=\"ng-star-inserted\">\u00bfPuedo mezclar el dorado con otros colores?<\/span><\/h3>\n<p class=\"ng-star-inserted\"><span class=\"ng-star-inserted\">\u00a1S\u00ed! A menudo mezclo un poco.\u00a0<\/span><span class=\"ng-star-inserted\">Tinta plastisol para serigraf\u00eda amarilla de proceso<\/span><span class=\"ng-star-inserted\">\u00a0en mi oro para cambiar el tono. Puedes crear \u201coro rosa\u201d a\u00f1adiendo una gota de\u00a0<\/span><span class=\"ng-star-inserted\">Proceso Rojo<\/span><span class=\"ng-star-inserted\">.<\/span><\/p>\n<h3 class=\"ng-star-inserted\"><strong class=\"ng-star-inserted\"><span class=\"ng-star-inserted\">\u00bfNecesito una base blanca para este color dorado sobre camisas oscuras?<\/span><\/strong><\/h3>\n<p class=\"ng-star-inserted\"><span class=\"ng-star-inserted\">No siempre necesitas uno. <\/span><span class=\"ng-star-inserted\">Tinta de serigraf\u00eda Shaliteink Gold Plastisol<\/span><span class=\"ng-star-inserted\">\u00a0Es muy grueso y cubre bien la tela negra. Pero si quieres un aspecto s\u00faper brillante, puedes imprimirlo.\u00a0<\/span><span class=\"ng-star-inserted\">Tinta de serigraf\u00eda NB blanca sin PVC<\/span><span class=\"ng-star-inserted\">\u00a0Primero, esto hace que el oro parezca metal real y, adem\u00e1s, te ayuda a usar menos tinta dorada, que suele ser cara, lo que te permite ahorrar dinero. Es un truco inteligente para impresores profesionales.<\/span><\/p>\n<h3 class=\"ng-star-inserted\"><strong class=\"ng-star-inserted\"><span class=\"ng-star-inserted\">\u00bfC\u00f3mo puedo quitar los destellos dorados de mi pantalla despu\u00e9s de la instalaci\u00f3n?<\/span><\/strong><\/h3>\n<p class=\"ng-star-inserted\"><span class=\"ng-star-inserted\">La tinta dorada es como la purpurina porque se pega a todo. Si no tienes cuidado, tu pr\u00f3ximo <\/span><span class=\"ng-star-inserted\">Proceso de impresi\u00f3n serigr\u00e1fica azul con tinta plastisol<\/span><span class=\"ng-star-inserted\">\u00a0El trabajo tendr\u00e1 brillos no deseados. Use un trapo limpio para la limpieza final y no comparta trapos entre colores. Utilizo un desengrasante fuerte para asegurarme de que cada peque\u00f1a parte de\u00a0<\/span><span class=\"ng-star-inserted\">Tinta de serigraf\u00eda met\u00e1lica<\/span><span class=\"ng-star-inserted\">\u00a0Se ha ido. Esto mantiene tu tienda limpia y a tus clientes contentos.<\/span><\/p>\n<hr class=\"ng-star-inserted\" \/>\n<h2 class=\"ng-star-inserted\"><span class=\"ng-star-inserted\">8. Reflexiones finales: Deja de darle tantas vueltas y empieza a imprimir.<\/span><\/h2>\n<p class=\"ng-star-inserted\"><span class=\"ng-star-inserted\">Puedes pasarte todo el d\u00eda investigando o puedes empezar a imprimir ya. El mercado se mueve a toda velocidad. Las marcas buscan dise\u00f1os exclusivos y los quieren ya.<\/span><\/p>\n<p class=\"ng-star-inserted\"><span class=\"ng-star-inserted\">Si est\u00e1s listo para llevar tu tienda al siguiente nivel, consigue un gal\u00f3n de\u00a0<\/span><span class=\"ng-star-inserted\">Tinta para serigraf\u00eda dorada Plastisol<\/span><span class=\"ng-star-inserted\">\u00a0de\u00a0<\/span><span class=\"ng-star-inserted\">Shaliteink<\/span><span class=\"ng-star-inserted\">. Es la forma m\u00e1s sencilla de mejorar tu cartera de inversiones y tu cuenta bancaria.<\/span><\/p>","protected":false},"excerpt":{"rendered":"<p><span class=\"ng-star-inserted\">Deja de conformarte con estampados apagados y amarillentos que se decoloran despu\u00e9s de un solo lavado. Nuestros\u00a0<\/span><span class=\"ng-star-inserted\">Tinta para serigraf\u00eda dorada Plastisol<\/span><span class=\"ng-star-inserted\">\u00a0Ofrece un brillo met\u00e1lico rico y lujoso que llama la atenci\u00f3n al instante. Dise\u00f1ado para una alta opacidad en telas oscuras, este\u00a0<\/span><span class=\"ng-star-inserted\">Tinta plastisol<\/span><span class=\"ng-star-inserted\">\u00a0Fluye como la mantequilla y se seca con un acabado brillante y resistente al lavado. Es lo \u00faltimo.\u00a0<\/span><span class=\"ng-star-inserted\">Tinta de serigraf\u00eda met\u00e1lica<\/span><span class=\"ng-star-inserted\">\u00a0Para creadores que desean cobrar precios premium por dise\u00f1os premium. Adem\u00e1s, no es t\u00f3xico y est\u00e1 libre de ftalatos, por lo que puede imprimir con confianza. Mejore su tienda con el est\u00e1ndar de oro de\u00a0<\/span><span class=\"ng-star-inserted\">Shaliteink<\/span><span class=\"ng-star-inserted\">\u00a0hoy.<\/span><\/p>","protected":false},"featured_media":1531,"comment_status":"open","ping_status":"closed","template":"","meta":[],"product_brand":[],"product_cat":[39,46],"product_tag":[109],"class_list":{"0":"post-1523","1":"product","2":"type-product","3":"status-publish","4":"has-post-thumbnail","6":"product_cat-plastisol-ink","7":"product_cat-metallic-screen-printing-ink","8":"product_tag-gold-screen-printing-ink-plastisol","10":"first","11":"instock","12":"shipping-taxable","13":"purchasable","14":"product-type-variable"},"tiered_pricing_type":"fixed","tiered_pricing_fixed_rules":[],"tiered_pricing_product_settings":{"layout":"default","base_unit_name":{"singular":null,"plural":null},"default_variation":null},"tiered_pricing_minimum_quantity":null,"tiered_pricing_roles_data":[],"tiered_pricing_percentage_rules":[],"tiered_pricing_maximum_quantity":null,"tiered_pricing_quantity_step":null,"_links":{"self":[{"href":"https:\/\/shaliteink.com\/es\/wp-json\/wp\/v2\/product\/1523","targetHints":{"allow":["GET"]}}],"collection":[{"href":"https:\/\/shaliteink.com\/es\/wp-json\/wp\/v2\/product"}],"about":[{"href":"https:\/\/shaliteink.com\/es\/wp-json\/wp\/v2\/types\/product"}],"replies":[{"embeddable":true,"href":"https:\/\/shaliteink.com\/es\/wp-json\/wp\/v2\/comments?post=1523"}],"version-history":[{"count":3,"href":"https:\/\/shaliteink.com\/es\/wp-json\/wp\/v2\/product\/1523\/revisions"}],"predecessor-version":[{"id":4644,"href":"https:\/\/shaliteink.com\/es\/wp-json\/wp\/v2\/product\/1523\/revisions\/4644"}],"wp:featuredmedia":[{"embeddable":true,"href":"https:\/\/shaliteink.com\/es\/wp-json\/wp\/v2\/media\/1531"}],"wp:attachment":[{"href":"https:\/\/shaliteink.com\/es\/wp-json\/wp\/v2\/media?parent=1523"}],"wp:term":[{"taxonomy":"product_brand","embeddable":true,"href":"https:\/\/shaliteink.com\/es\/wp-json\/wp\/v2\/product_brand?post=1523"},{"taxonomy":"product_cat","embeddable":true,"href":"https:\/\/shaliteink.com\/es\/wp-json\/wp\/v2\/product_cat?post=1523"},{"taxonomy":"product_tag","embeddable":true,"href":"https:\/\/shaliteink.com\/es\/wp-json\/wp\/v2\/product_tag?post=1523"}],"curies":[{"name":"wp","href":"https:\/\/api.w.org\/{rel}","templated":true}]}}