{"id":1319,"date":"2025-04-12T11:41:36","date_gmt":"2025-04-12T11:41:36","guid":{"rendered":"https:\/\/shaliteink.com\/?post_type=product&#038;p=1319"},"modified":"2025-12-10T11:31:14","modified_gmt":"2025-12-10T11:31:14","slug":"tinta-plastisol-para-serigrafia-amarilla-de-proceso","status":"publish","type":"product","link":"https:\/\/shaliteink.com\/es\/producto\/tinta-plastisol-para-serigrafia-amarilla-de-proceso\/","title":{"rendered":"Tinta plastisol para serigraf\u00eda amarilla de proceso"},"content":{"rendered":"<p class=\"ng-star-inserted\"><strong class=\"ng-star-inserted\"><span class=\"ng-star-inserted\">Beneficios clave de la tinta plastisol amarilla de proceso Shaliteink:<\/span><\/strong><\/p>\n<ul class=\"ng-star-inserted\">\n<li class=\"ng-star-inserted\">Colores vibrantes y opacos: obtenga impresiones en amarillo brillante, llamativas y muy opacas que reflejen verdaderamente la intenci\u00f3n de su dise\u00f1o.<\/li>\n<li class=\"ng-star-inserted\">Temperatura de curado \u00f3ptima: Se cura de manera eficiente a 160 \u00b0C (320 \u00b0F), lo que reduce los costos de energ\u00eda y protege la prenda de quemaduras o encogimiento.<\/li>\n<li class=\"ng-star-inserted\">Tiempo de flash r\u00e1pido: con una temperatura de flash entre 120 \u00b0C (248 \u00b0F) y 140 \u00b0C (284 \u00b0F), puede acelerar su proceso de producci\u00f3n.<\/li>\n<li class=\"ng-star-inserted\">Sensaci\u00f3n suave al tacto: a pesar de su opacidad, los estampados conservan una sensaci\u00f3n lujosa y suave al tacto, lo que aumenta la comodidad y el atractivo de la prenda.<\/li>\n<li class=\"ng-star-inserted\">Compatibilidad universal con telas: excelente para una amplia gama de telas, desde algod\u00f3n 100% hasta desafiantes mezclas de poli\u00e9ster, lo que garantiza versatilidad en sus proyectos de serigraf\u00eda.<\/li>\n<li class=\"ng-star-inserted\">Propiedades de bajo sangrado: especialmente formulado para reducir la migraci\u00f3n del tinte en mezclas de poli\u00e9ster, manteniendo la integridad de los colores de su tinta plastisol.<\/li>\n<li class=\"ng-star-inserted\">Consistencia f\u00e1cil de usar: una textura cremosa y fluida hace que esta tinta plastisol para serigraf\u00eda sea incre\u00edblemente f\u00e1cil de trabajar tanto dentro como fuera de la prensa.<\/li>\n<li>F\u00f3rmula sin ftalatos: comprometidos con la seguridad y la responsabilidad ambiental, nuestra tinta plastisol no contiene ftalatos.<\/li>\n<\/ul>\n<p><img decoding=\"async\" class=\"aligncenter wp-image-4057 size-large\" src=\"https:\/\/shaliteink.com\/wp-content\/uploads\/2025\/04\/Process-Yellow-Screen-Printing-Plastisol-Ink-1024x683.jpg\" alt=\"Tinta plastisol para serigraf\u00eda amarilla de proceso\" width=\"1024\" height=\"683\" srcset=\"https:\/\/shaliteink.com\/wp-content\/uploads\/2025\/04\/Process-Yellow-Screen-Printing-Plastisol-Ink-1024x683.jpg 1024w, https:\/\/shaliteink.com\/wp-content\/uploads\/2025\/04\/Process-Yellow-Screen-Printing-Plastisol-Ink-300x200.jpg 300w, https:\/\/shaliteink.com\/wp-content\/uploads\/2025\/04\/Process-Yellow-Screen-Printing-Plastisol-Ink-768x512.jpg 768w, https:\/\/shaliteink.com\/wp-content\/uploads\/2025\/04\/Process-Yellow-Screen-Printing-Plastisol-Ink-1536x1024.jpg 1536w, https:\/\/shaliteink.com\/wp-content\/uploads\/2025\/04\/Process-Yellow-Screen-Printing-Plastisol-Ink-2048x1365.jpg 2048w, https:\/\/shaliteink.com\/wp-content\/uploads\/2025\/04\/Process-Yellow-Screen-Printing-Plastisol-Ink-18x12.jpg 18w, https:\/\/shaliteink.com\/wp-content\/uploads\/2025\/04\/Process-Yellow-Screen-Printing-Plastisol-Ink-1200x800.jpg 1200w, https:\/\/shaliteink.com\/wp-content\/uploads\/2025\/04\/Process-Yellow-Screen-Printing-Plastisol-Ink-150x100.jpg 150w\" sizes=\"(max-width: 1024px) 100vw, 1024px\" \/><\/p>\n<p class=\"ng-star-inserted\"><strong class=\"ng-star-inserted\"><span class=\"ng-star-inserted\">Desbloquee una productividad y calidad inigualables con Shaliteink<\/span><\/strong><\/p>\n<p>De Shalitink <strong><a href=\"https:\/\/shaliteink.com\/es\/producto\/tinta-plastisol-para-serigrafia-amarilla-de-proceso\/\">Tinta plastisol amarilla de proceso<\/a><\/strong> Es m\u00e1s que una simple tinta; es una herramienta dise\u00f1ada para aumentar la eficiencia de su serigraf\u00eda y mejorar su producto final. Su consistencia, cuidadosamente elaborada, garantiza un flujo uniforme en la pantalla, reduciendo las frustraciones comunes de la impresi\u00f3n. Su alta opacidad permite lograr la intensidad deseada con menos pasadas, ahorrando tiempo y tinta. Para telas m\u00e1s oscuras, se recomienda usar una base blanca para maximizar el brillo de la tinta Plastisol Amarillo de Proceso.<\/p>\n<p>Nuestro compromiso con la calidad, respaldado por m\u00e1s de veinte a\u00f1os de experiencia en fabricaci\u00f3n, le garantiza una tinta de serigraf\u00eda fiable y consistente. La precisi\u00f3n en las temperaturas de curado y secado es crucial para lograr impresiones duraderas que resistan m\u00faltiples lavados sin agrietarse ni decolorarse. Este excelente rendimiento garantiza la satisfacci\u00f3n del cliente y consolida su reputaci\u00f3n como proveedor de serigraf\u00eda de alta calidad.<\/p>\n<p class=\"ng-star-inserted\"><strong class=\"ng-star-inserted\"><span class=\"ng-star-inserted\">Pautas de curado y secado r\u00e1pido:<\/span><\/strong><\/p>\n<p>Para garantizar una durabilidad \u00f3ptima de la impresi\u00f3n y resistencia al lavado, siga estas pautas para la tinta plastisol amarilla de proceso Shalitink:<\/p>\n<ul>\n<li>Curado: 160 \u00b0C (320 \u00b0F). Aseg\u00farese de que toda la capa de tinta alcance esta temperatura para un curado completo. Las lecturas de temperatura superficial de las pistolas l\u00e1ser pueden ser enga\u00f1osas; considere usar una sonda de d\u00f3nut para obtener una temperatura precisa de la capa de tinta interna.<\/li>\n<li>Flash: de 120 \u00b0C (248 \u00b0F) a 140 \u00b0C (284 \u00b0F) durante aproximadamente 3-5 segundos. El tiempo de flash puede variar seg\u00fan el dispositivo y el espesor del dep\u00f3sito de tinta.<br \/>\nPrueba de lavado: Espere 24 horas despu\u00e9s de la curaci\u00f3n antes de realizar la prueba de lavado. Una impresi\u00f3n perfectamente curada no se deteriorar\u00e1 incluso despu\u00e9s de 5 a 10 lavados. Las impresiones a medio hornear se romper\u00e1n o deste\u00f1ir\u00e1n despu\u00e9s de 1 a 3 lavados.<\/li>\n<li>Prueba de estiramiento: Estire suavemente la prenda impresa hasta aproximadamente dos tercios de su longitud. Si la impresi\u00f3n se rompe y no se retrae, es posible que no cicatrice correctamente. Ajuste el tiempo o la temperatura de curado seg\u00fan corresponda.<\/li>\n<li>Mezcla de poli\u00e9ster y migraci\u00f3n de tinte: Nuestras tintas plastisol est\u00e1n formuladas para minimizar el traspaso de tinta. Al tratarlas a 160 \u00b0C, se mantiene por debajo del punto de migraci\u00f3n de tinta de la mayor\u00eda de las telas de poli\u00e9ster, evitando que el tinte traspase su vibrante dise\u00f1o en Amarillo Proceso.<\/li>\n<\/ul>\n<p class=\"ng-star-inserted\"><strong class=\"ng-star-inserted\"><span class=\"ng-star-inserted\">Limpieza sencilla para un flujo de trabajo eficiente:<\/span><\/strong><\/p>\n<p class=\"ng-star-inserted\"><span class=\"ng-star-inserted\">Mantener un espacio de trabajo y un equipo limpios es muy sencillo con Shaliteink\u00a0<\/span><strong class=\"ng-star-inserted\"><span class=\"ng-star-inserted\">Tinta plastisol<\/span><\/strong><span class=\"ng-star-inserted\">.<\/span><\/p>\n<ul class=\"ng-star-inserted\">\n<li class=\"ng-star-inserted\">Limpieza en prensa: utilice un limpiador de prensa Plastisol espec\u00edfico o un degradante de tinta para limpiar r\u00e1pidamente las pantallas y las escobillas de goma durante la producci\u00f3n.<\/li>\n<li class=\"ng-star-inserted\">Recuperaci\u00f3n de pantalla: para limpiar y recuperar la pantalla al final del d\u00eda, un limpiador de pantalla a base de plastisol fuerte o un degradante de tinta eliminar\u00e1 eficazmente todos los residuos de tinta.<\/li>\n<\/ul>\n<p><img decoding=\"async\" class=\"aligncenter wp-image-4058 size-large\" src=\"https:\/\/shaliteink.com\/wp-content\/uploads\/2025\/04\/Deep-Lemon-Yellow-Screen-Printing-Plastisol-Ink-2-1024x683.jpg\" alt=\"Tinta plastisol para serigraf\u00eda de color amarillo lim\u00f3n intenso\" width=\"1024\" height=\"683\" srcset=\"https:\/\/shaliteink.com\/wp-content\/uploads\/2025\/04\/Deep-Lemon-Yellow-Screen-Printing-Plastisol-Ink-2-1024x683.jpg 1024w, https:\/\/shaliteink.com\/wp-content\/uploads\/2025\/04\/Deep-Lemon-Yellow-Screen-Printing-Plastisol-Ink-2-300x200.jpg 300w, https:\/\/shaliteink.com\/wp-content\/uploads\/2025\/04\/Deep-Lemon-Yellow-Screen-Printing-Plastisol-Ink-2-768x512.jpg 768w, https:\/\/shaliteink.com\/wp-content\/uploads\/2025\/04\/Deep-Lemon-Yellow-Screen-Printing-Plastisol-Ink-2-1536x1024.jpg 1536w, https:\/\/shaliteink.com\/wp-content\/uploads\/2025\/04\/Deep-Lemon-Yellow-Screen-Printing-Plastisol-Ink-2-2048x1365.jpg 2048w, https:\/\/shaliteink.com\/wp-content\/uploads\/2025\/04\/Deep-Lemon-Yellow-Screen-Printing-Plastisol-Ink-2-18x12.jpg 18w, https:\/\/shaliteink.com\/wp-content\/uploads\/2025\/04\/Deep-Lemon-Yellow-Screen-Printing-Plastisol-Ink-2-1200x800.jpg 1200w, https:\/\/shaliteink.com\/wp-content\/uploads\/2025\/04\/Deep-Lemon-Yellow-Screen-Printing-Plastisol-Ink-2-150x100.jpg 150w\" sizes=\"(max-width: 1024px) 100vw, 1024px\" \/><\/p>\n<p class=\"ng-star-inserted\"><strong class=\"ng-star-inserted\"><span class=\"ng-star-inserted\">Consejos profesionales para obtener resultados \u00f3ptimos:<\/span><\/strong><\/p>\n<ul>\n<li>Almacenamiento: Tienda <strong><a href=\"https:\/\/shaliteink.com\/es\/\">Shalightink<\/a><\/strong> Tinta Plastisol a temperatura ambiente (18-32 \u00b0C\/65-90 \u00b0F), alejada de la luz solar directa. La exposici\u00f3n prolongada a temperaturas superiores a 32 \u00b0C (90 \u00b0F) puede provocar que la tinta se solidifique en el envase.<\/li>\n<li>Selecci\u00f3n de telas: Si bien son vers\u00e1tiles, las fibras naturales como el algod\u00f3n 100% generalmente dar\u00e1n los mejores resultados con tintas plastisol.<\/li>\n<li>Enlace mec\u00e1nico: Recuerde, <strong><a href=\"https:\/\/shaliteink.com\/es\/categoria-producto\/tinta-plastisol\/\">tinta plastisol<\/a><\/strong> Crea una uni\u00f3n mec\u00e1nica al envolver las fibras de la tela en lugar de te\u00f1irlas. Esta cualidad \u00fanica contribuye a la durabilidad y el brillo de la tinta.<\/li>\n<\/ul>\n<p>Elija la tinta plastisol amarilla para serigraf\u00eda Shalitink Process para una calidad consistente, colores brillantes y una experiencia de serigraf\u00eda impecable. Nuestros precios directos de f\u00e1brica le garantizan tintas de serigraf\u00eda premium sin comprometer su presupuesto.<\/p>\n<p>&nbsp;<\/p>","protected":false},"excerpt":{"rendered":"<p>Experimente la m\u00e1xima calidad en serigraf\u00eda con la tinta plastisol amarilla de proceso de Shalitink. Como l\u00edder mundial en la fabricaci\u00f3n de tinta plastisol durante m\u00e1s de dos d\u00e9cadas, Shalitink le ofrece soluciones confiables, directas de f\u00e1brica, de marcas de renombre mundial. Nuestra tinta plastisol amarilla de proceso est\u00e1 dise\u00f1ada para un rendimiento superior, brindando resultados vibrantes y consistentes que realzan sus dise\u00f1os. Tanto si es un profesional experimentado como si est\u00e1 empezando, esta tinta le ofrece una experiencia excepcional en serigraf\u00eda, garantizando que sus proyectos destaquen.<\/p>","protected":false},"featured_media":1495,"comment_status":"open","ping_status":"closed","template":"","meta":[],"product_brand":[],"product_cat":[63],"product_tag":[],"class_list":{"0":"post-1319","1":"product","2":"type-product","3":"status-publish","4":"has-post-thumbnail","6":"product_cat-plastisol-cmyk-ink","8":"first","9":"instock","10":"shipping-taxable","11":"purchasable","12":"product-type-variable"},"tiered_pricing_type":"fixed","tiered_pricing_fixed_rules":[],"tiered_pricing_product_settings":{"layout":"default","base_unit_name":{"singular":null,"plural":null},"default_variation":null},"tiered_pricing_minimum_quantity":null,"tiered_pricing_roles_data":[],"tiered_pricing_percentage_rules":[],"tiered_pricing_maximum_quantity":null,"tiered_pricing_quantity_step":null,"_links":{"self":[{"href":"https:\/\/shaliteink.com\/es\/wp-json\/wp\/v2\/product\/1319","targetHints":{"allow":["GET"]}}],"collection":[{"href":"https:\/\/shaliteink.com\/es\/wp-json\/wp\/v2\/product"}],"about":[{"href":"https:\/\/shaliteink.com\/es\/wp-json\/wp\/v2\/types\/product"}],"replies":[{"embeddable":true,"href":"https:\/\/shaliteink.com\/es\/wp-json\/wp\/v2\/comments?post=1319"}],"version-history":[{"count":0,"href":"https:\/\/shaliteink.com\/es\/wp-json\/wp\/v2\/product\/1319\/revisions"}],"wp:featuredmedia":[{"embeddable":true,"href":"https:\/\/shaliteink.com\/es\/wp-json\/wp\/v2\/media\/1495"}],"wp:attachment":[{"href":"https:\/\/shaliteink.com\/es\/wp-json\/wp\/v2\/media?parent=1319"}],"wp:term":[{"taxonomy":"product_brand","embeddable":true,"href":"https:\/\/shaliteink.com\/es\/wp-json\/wp\/v2\/product_brand?post=1319"},{"taxonomy":"product_cat","embeddable":true,"href":"https:\/\/shaliteink.com\/es\/wp-json\/wp\/v2\/product_cat?post=1319"},{"taxonomy":"product_tag","embeddable":true,"href":"https:\/\/shaliteink.com\/es\/wp-json\/wp\/v2\/product_tag?post=1319"}],"curies":[{"name":"wp","href":"https:\/\/api.w.org\/{rel}","templated":true}]}}