{"id":1314,"date":"2025-04-12T11:36:33","date_gmt":"2025-04-12T11:36:33","guid":{"rendered":"https:\/\/shaliteink.com\/?post_type=product&#038;p=1314"},"modified":"2025-12-10T11:29:31","modified_gmt":"2025-12-10T11:29:31","slug":"tinta-plastisol-para-serigrafia-extra-negra-2","status":"publish","type":"product","link":"https:\/\/shaliteink.com\/es\/producto\/tinta-plastisol-para-serigrafia-extra-negra-2\/","title":{"rendered":"Tinta plastisol para serigraf\u00eda negra Extar"},"content":{"rendered":"<p>Adicional <strong>Tinta plastisol negra Extar<\/strong> Est\u00e1 dise\u00f1ada para simplificar su flujo de trabajo y mejorar su producto final. Esta f\u00f3rmula sin grasa est\u00e1 lista para usar, presenta una estabilidad cremosa y un cuerpo compacto, lo que facilita enormemente su aplicaci\u00f3n en la prensa. Su alta ambig\u00fcedad garantiza una excelente cobertura, incluso en ropa oscura, y a menudo elimina la necesidad de una base. El acabado semibrillante a\u00f1ade un toque profesional a sus dise\u00f1os, realzando los colores. Esta tinta es universalmente compatible con diferentes tipos de ropa, lo que proporciona una soluci\u00f3n vers\u00e1til para todas sus necesidades. <strong>serigraf\u00eda<\/strong> proyectos.<\/p>\n<p><a href=\"https:\/\/shaliteink.com\/es\/\"><strong>Shaliteink<\/strong><\/a> tiene sus propiedades de tratamiento eficientes, una de las caracter\u00edsticas destacadas de los<strong> tinta plastisol negra<\/strong>. Con una temperatura de flash entre la<strong> temperatura de tratamiento de 160 \u00b0 C (320 \u00b0 F) y una temperatura de flash entre 120 \u00b0 C (248 \u00b0 F-284 \u00b0 F),<\/strong> Permite una producci\u00f3n r\u00e1pida y eficiente, y ayuda a evitar que la prenda se queme y encoja, especialmente en telas sensibles al calor como las mezclas de poli\u00e9ster. Esta baja temperatura de evaporaci\u00f3n y tratamiento no solo ahorra costos de energ\u00eda, sino que tambi\u00e9n garantiza la durabilidad y la vitalidad de su impresi\u00f3n. Confianza. <strong>Shaliteink<\/strong> Se requiere para obtener resultados conscientes y profesionales que le brinden una alta calidad. <a href=\"https:\/\/shaliteink.com\/es\/categoria-producto\/tinta-plastisol\/\"><strong>tinta plastisol<\/strong><\/a>.<\/p>\n<h3><img decoding=\"async\" class=\"wp-image-3820 size-large aligncenter\" src=\"https:\/\/shaliteink.com\/wp-content\/uploads\/2025\/04\/Extar-Black-Screen-Printing-Plastisol-Ink-871x1024.png\" alt=\"Tinta plastisol para serigraf\u00eda negra Extar\" width=\"871\" height=\"1024\" srcset=\"https:\/\/shaliteink.com\/wp-content\/uploads\/2025\/04\/Extar-Black-Screen-Printing-Plastisol-Ink-871x1024.png 871w, https:\/\/shaliteink.com\/wp-content\/uploads\/2025\/04\/Extar-Black-Screen-Printing-Plastisol-Ink-255x300.png 255w, https:\/\/shaliteink.com\/wp-content\/uploads\/2025\/04\/Extar-Black-Screen-Printing-Plastisol-Ink-768x903.png 768w, https:\/\/shaliteink.com\/wp-content\/uploads\/2025\/04\/Extar-Black-Screen-Printing-Plastisol-Ink-1306x1536.png 1306w, https:\/\/shaliteink.com\/wp-content\/uploads\/2025\/04\/Extar-Black-Screen-Printing-Plastisol-Ink-1741x2048.png 1741w, https:\/\/shaliteink.com\/wp-content\/uploads\/2025\/04\/Extar-Black-Screen-Printing-Plastisol-Ink-10x12.png 10w, https:\/\/shaliteink.com\/wp-content\/uploads\/2025\/04\/Extar-Black-Screen-Printing-Plastisol-Ink-1200x1411.png 1200w, https:\/\/shaliteink.com\/wp-content\/uploads\/2025\/04\/Extar-Black-Screen-Printing-Plastisol-Ink-150x176.png 150w\" sizes=\"(max-width: 871px) 100vw, 871px\" \/><\/h3>\n<h3 class=\"ng-star-inserted\"><span class=\"ng-star-inserted\">Caracter\u00edsticas y beneficios clave<\/span><\/h3>\n<ul class=\"ng-star-inserted\">\n<li class=\"ng-star-inserted\"><strong>Negro intenso y profundo:<\/strong> Obtenga impresiones negras oscuras y consistentes con alta pigmentaci\u00f3n.<\/li>\n<li class=\"ng-star-inserted\"><strong>Opkar superior:<\/strong> Excelente cobertura, incluso en ropa oscura, reduciendo la necesidad de muchas pasadas o bases.<\/li>\n<li class=\"ng-star-inserted\"><strong>Huellas de manos suaves:<\/strong> Una sensaci\u00f3n suave y sedosa sobre la tela aumenta la comodidad de la prenda.<\/li>\n<li class=\"ng-star-inserted\"><strong>Es f\u00e1cil trabajar con:<\/strong> Estabilidad de cuerpos cortos para una impresi\u00f3n cremosa y espont\u00e1nea y un flujo suave a trav\u00e9s de la pantalla.<\/li>\n<li class=\"ng-star-inserted\"><strong>Compatibilidad universal con tejidos:<\/strong> Ideal para diferentes tipos de prendas, incluido el algod\u00f3n 100%, mezclas de algod\u00f3n\/poli\u00e9ster y la mayor\u00eda de las mezclas de poli\u00e9ster.<\/li>\n<li class=\"ng-star-inserted\"><strong>F\u00f3rmula sin ftalatos:<\/strong> Respetuoso con el medio ambiente y seguro para su uso.<\/li>\n<li class=\"ng-star-inserted\"><strong>Propiedades de bajo sangrado:<\/strong> Garantiza un dise\u00f1o limpio y n\u00edtido, reduce la migraci\u00f3n de tinte en prendas de poli\u00e9ster y poli\u00e9ster.<\/li>\n<li class=\"ng-star-inserted\"><strong>Tratamiento especializado:<\/strong> Tratamiento a 160\u00b0C (320\u00b0F), ahorro de tiempo y energ\u00eda.<\/li>\n<li><strong>Destello r\u00e1pido:<\/strong> Para una producci\u00f3n r\u00e1pida, brilla r\u00e1pidamente a 120 \u00b0 C a 140 \u00b0 C (248 \u00b0 F-284 \u00b0 F).<\/li>\n<\/ul>\n<p><strong>Semibrillante finland\u00e9s:<\/strong> Agrega un aspecto profesional y pulido a sus impresiones preparadas.<\/p>\n<h3 class=\"ng-star-inserted\"><span class=\"ng-star-inserted\">Instrucciones de curado<\/span><\/h3>\n<p class=\"ng-star-inserted\">Para una adhesi\u00f3n y un lavado \u00f3ptimos, la tinta plastisol Shaliteink Extra Black requiere un tratamiento completo. Cuando toda la capa de tinta alcanza una temperatura de 160 \u00b0C (320 \u00b0F), la tinta est\u00e1 completamente curada.<\/p>\n<ul class=\"ng-star-inserted\">\n<li class=\"ng-star-inserted\">Temperatura de flash: 120 \u00b0C a 140 \u00b0C (248 \u00b0F a 284 \u00b0F) durante 3-5 segundos. El tiempo de flash puede variar seg\u00fan el dispositivo y el grosor de la impresi\u00f3n.<\/li>\n<li>Temperatura de tratamiento: 160\u00b0C (320\u00b0F) en toda la capa de tinta.<\/li>\n<li>Prueba de tratamiento: Es necesario un tratamiento confiable. Recomendamos realizar pruebas de estiramiento y de lavado. Para la prueba de estiramiento, extienda la prenda impresa hasta aproximadamente dos tercios de su tama\u00f1o original. Si la tinta se agrieta y no regresa, es posible que se trate de un tratamiento deficiente. Para la prueba de lavado, deje que la impresi\u00f3n se enfr\u00ede por completo y luego lave la prenda. Si observa una disminuci\u00f3n despu\u00e9s de 1 a 3 lavados, es menos probable que la tinta se deteriore. Ajuste la velocidad y la temperatura de la secadora seg\u00fan corresponda. Recuerde que el tiempo y la temperatura son interdependientes. Los dep\u00f3sitos de tinta densos requieren una mayor duraci\u00f3n.<\/li>\n<li>Mezcla de poli\u00e9ster: Al trabajar con poli\u00e9ster o poliestireno, se debe alcanzar una temperatura de 160 \u00b0C (320 \u00b0F) y reducirla al m\u00ednimo para evitar la migraci\u00f3n del colorante. Las propiedades de bajo tratamiento de la tinta Shalite ayudan a reducir este problema com\u00fan.<\/li>\n<\/ul>\n<h3 class=\"ng-star-inserted\"><span class=\"ng-star-inserted\">Limpieza<\/span><\/h3>\n<p>Es importante mantener limpio el equipo para garantizar resultados constantes. Limpiar nuestra tinta plastisol es f\u00e1cil:<\/p>\n<ul>\n<li>En la prensa: utilice un lavado de prensa de plastisol\/degradaci\u00f3n de tinta espec\u00edfico para comprimir la pantalla limpia y comprimir de manera eficiente.<\/li>\n<li>En el fregadero: para una limpieza profunda, utilice plastisol limpiador de pantallas\/degradador de tinta para eliminar todos los residuos de tinta de la pantalla.<\/li>\n<\/ul>\n<h3 class=\"ng-star-inserted\"><span class=\"ng-star-inserted\">Informaci\u00f3n de almacenamiento<br \/>\n<\/span><\/h3>\n<p>Guarde la tinta plastisol Shaliteink a temperatura ambiente, idealmente entre 18 y 32 \u00b0C (65 y 90 \u00b0F). Evite la exposici\u00f3n a temperaturas superiores a la luz solar directa y por m\u00e1s tiempo a 32 \u00b0C (90 \u00b0F), ya que podr\u00eda iniciarse el tratamiento en los contenedores de tinta.<\/p>\n<p><img decoding=\"async\" class=\"wp-image-3821 size-large aligncenter\" src=\"https:\/\/shaliteink.com\/wp-content\/uploads\/2025\/04\/Extar-Black-Screen-Printing-Plastisol-Ink-1-1024x992.png\" alt=\"Tinta plastisol para serigraf\u00eda negra Extar\" width=\"1024\" height=\"992\" srcset=\"https:\/\/shaliteink.com\/wp-content\/uploads\/2025\/04\/Extar-Black-Screen-Printing-Plastisol-Ink-1-1024x992.png 1024w, https:\/\/shaliteink.com\/wp-content\/uploads\/2025\/04\/Extar-Black-Screen-Printing-Plastisol-Ink-1-300x291.png 300w, https:\/\/shaliteink.com\/wp-content\/uploads\/2025\/04\/Extar-Black-Screen-Printing-Plastisol-Ink-1-768x744.png 768w, https:\/\/shaliteink.com\/wp-content\/uploads\/2025\/04\/Extar-Black-Screen-Printing-Plastisol-Ink-1-1536x1489.png 1536w, https:\/\/shaliteink.com\/wp-content\/uploads\/2025\/04\/Extar-Black-Screen-Printing-Plastisol-Ink-1-2048x1985.png 2048w, https:\/\/shaliteink.com\/wp-content\/uploads\/2025\/04\/Extar-Black-Screen-Printing-Plastisol-Ink-1-12x12.png 12w, https:\/\/shaliteink.com\/wp-content\/uploads\/2025\/04\/Extar-Black-Screen-Printing-Plastisol-Ink-1-1200x1163.png 1200w, https:\/\/shaliteink.com\/wp-content\/uploads\/2025\/04\/Extar-Black-Screen-Printing-Plastisol-Ink-1-150x145.png 150w\" sizes=\"(max-width: 1024px) 100vw, 1024px\" \/><\/p>","protected":false},"excerpt":{"rendered":"<p class=\"ng-star-inserted\">Bienvenido a <strong>Shaliteink<\/strong>, su l\u00edder mundial en <strong>tinta plastisol para serigraf\u00eda<\/strong>. Con dos d\u00e9cadas de experiencia en fabricaci\u00f3n y ventas directas de f\u00e1brica, nos enorgullece colaborar con marcas de renombre mundial para ofrecerle la mejor calidad. <strong>tinta plastisol<\/strong>. Adem\u00e1s de nosotros, <strong>Tinta plastisol negra<\/strong> Dise\u00f1ado para un mejor rendimiento, ofrece un \u00f3ptimo \u00fanico y un tacto suave que mejorar\u00e1 la calidad de impresi\u00f3n. Diga adi\u00f3s a las impresiones apagadas y descoloridas y disfrute de resultados vibrantes e intensos que solo usted puede obtener. <strong>tinta de esquisto<\/strong> puede distribuir. Ya sea que trabaje con algod\u00f3n, prendas de vestir por turnos u otras prendas, nuestra <strong>tinta de serigraf\u00eda<\/strong> Ofrece una cobertura y durabilidad extraordinarias, convirti\u00e9ndola en una opci\u00f3n ideal tanto para profesionales experimentados como para artistas emergentes. Siente la diferencia que ofrece la calidad superior. <strong>suministros para serigraf\u00eda<\/strong> puede crear innumerables clientes satisfechos e incluir a aquellos que conf\u00edan en <strong>tinta de esquisto<\/strong> para sus necesidades de impresi\u00f3n.<\/p>","protected":false},"featured_media":1491,"comment_status":"open","ping_status":"closed","template":"","meta":[],"product_brand":[],"product_cat":[50,63],"product_tag":[],"class_list":{"0":"post-1314","1":"product","2":"type-product","3":"status-publish","4":"has-post-thumbnail","6":"product_cat-black-screen-printing-ink-plastisol","7":"product_cat-plastisol-cmyk-ink","9":"first","10":"instock","11":"shipping-taxable","12":"purchasable","13":"product-type-variable"},"tiered_pricing_type":"fixed","tiered_pricing_fixed_rules":[],"tiered_pricing_product_settings":{"layout":"default","base_unit_name":{"singular":null,"plural":null},"default_variation":null},"tiered_pricing_minimum_quantity":null,"tiered_pricing_roles_data":[],"tiered_pricing_percentage_rules":[],"tiered_pricing_maximum_quantity":null,"tiered_pricing_quantity_step":null,"_links":{"self":[{"href":"https:\/\/shaliteink.com\/es\/wp-json\/wp\/v2\/product\/1314","targetHints":{"allow":["GET"]}}],"collection":[{"href":"https:\/\/shaliteink.com\/es\/wp-json\/wp\/v2\/product"}],"about":[{"href":"https:\/\/shaliteink.com\/es\/wp-json\/wp\/v2\/types\/product"}],"replies":[{"embeddable":true,"href":"https:\/\/shaliteink.com\/es\/wp-json\/wp\/v2\/comments?post=1314"}],"version-history":[{"count":0,"href":"https:\/\/shaliteink.com\/es\/wp-json\/wp\/v2\/product\/1314\/revisions"}],"wp:featuredmedia":[{"embeddable":true,"href":"https:\/\/shaliteink.com\/es\/wp-json\/wp\/v2\/media\/1491"}],"wp:attachment":[{"href":"https:\/\/shaliteink.com\/es\/wp-json\/wp\/v2\/media?parent=1314"}],"wp:term":[{"taxonomy":"product_brand","embeddable":true,"href":"https:\/\/shaliteink.com\/es\/wp-json\/wp\/v2\/product_brand?post=1314"},{"taxonomy":"product_cat","embeddable":true,"href":"https:\/\/shaliteink.com\/es\/wp-json\/wp\/v2\/product_cat?post=1314"},{"taxonomy":"product_tag","embeddable":true,"href":"https:\/\/shaliteink.com\/es\/wp-json\/wp\/v2\/product_tag?post=1314"}],"curies":[{"name":"wp","href":"https:\/\/api.w.org\/{rel}","templated":true}]}}