{"id":1309,"date":"2025-04-12T11:32:22","date_gmt":"2025-04-12T11:32:22","guid":{"rendered":"https:\/\/shaliteink.com\/?post_type=product&#038;p=1309"},"modified":"2025-12-10T11:31:22","modified_gmt":"2025-12-10T11:31:22","slug":"tinta-plastisol-para-serigrafia-roja-de-proceso","status":"publish","type":"product","link":"https:\/\/shaliteink.com\/es\/producto\/tinta-plastisol-para-serigrafia-roja-de-proceso\/","title":{"rendered":"Proceso de impresi\u00f3n en rojo con tinta plastisol"},"content":{"rendered":"<p>En Shaliteink, entendemos la importancia de la eficiencia y la calidad en la serigraf\u00eda. Nuestra <strong>Tintas plastisol rojas de proceso<\/strong> Tienen una textura cremosa y granulada que facilita enormemente su uso en la prensa, permitiendo impresiones suaves y uniformes. Su alta opacidad permite obtener resultados v\u00edvidos incluso en telas oscuras, reduciendo a menudo la necesidad de m\u00faltiples pasadas. Hemos dise\u00f1ado esta tinta de serigraf\u00eda para proporcionar un tacto suave, garantizando que sus telas terminadas no solo sean atractivas a la vista, sino tambi\u00e9n c\u00f3modas de usar. Con Shaliteink Process Red, no solo compra una tinta; invierte en una soluci\u00f3n que aumenta la productividad, reduce el desperdicio y ofrece consistentemente los resultados profesionales que sus clientes esperan.<\/p>\n<h3><img decoding=\"async\" class=\"aligncenter wp-image-4051 size-large\" src=\"https:\/\/shaliteink.com\/wp-content\/uploads\/2025\/04\/Process-Red-Screen-Printing-Plastisol-Ink-1-1024x683.jpg\" alt=\"Proceso de impresi\u00f3n en rojo con tinta plastisol\" width=\"1024\" height=\"683\" srcset=\"https:\/\/shaliteink.com\/wp-content\/uploads\/2025\/04\/Process-Red-Screen-Printing-Plastisol-Ink-1-1024x683.jpg 1024w, https:\/\/shaliteink.com\/wp-content\/uploads\/2025\/04\/Process-Red-Screen-Printing-Plastisol-Ink-1-300x200.jpg 300w, https:\/\/shaliteink.com\/wp-content\/uploads\/2025\/04\/Process-Red-Screen-Printing-Plastisol-Ink-1-768x512.jpg 768w, https:\/\/shaliteink.com\/wp-content\/uploads\/2025\/04\/Process-Red-Screen-Printing-Plastisol-Ink-1-1536x1024.jpg 1536w, https:\/\/shaliteink.com\/wp-content\/uploads\/2025\/04\/Process-Red-Screen-Printing-Plastisol-Ink-1-2048x1365.jpg 2048w, https:\/\/shaliteink.com\/wp-content\/uploads\/2025\/04\/Process-Red-Screen-Printing-Plastisol-Ink-1-18x12.jpg 18w, https:\/\/shaliteink.com\/wp-content\/uploads\/2025\/04\/Process-Red-Screen-Printing-Plastisol-Ink-1-1200x800.jpg 1200w, https:\/\/shaliteink.com\/wp-content\/uploads\/2025\/04\/Process-Red-Screen-Printing-Plastisol-Ink-1-150x100.jpg 150w\" sizes=\"(max-width: 1024px) 100vw, 1024px\" \/><\/h3>\n<h3 class=\"ng-star-inserted\"><span class=\"ng-star-inserted\">Beneficios y caracter\u00edsticas clave<\/span><\/h3>\n<ul class=\"ng-star-inserted\">\n<li class=\"ng-star-inserted\">Curado a 160 \u00b0C: experimente ciclos de producci\u00f3n m\u00e1s r\u00e1pidos y menores costos de energ\u00eda con nuestro curado a baja temperatura <strong><a href=\"https:\/\/shaliteink.com\/es\/categoria-producto\/tinta-plastisol\/\">tinta plastisol<\/a><\/strong>s.<\/li>\n<li class=\"ng-star-inserted\">Impresi\u00f3n suave: obtenga una sensaci\u00f3n excepcionalmente suave en sus prendas estampadas, mejorando la comodidad del usuario.<\/li>\n<li class=\"ng-star-inserted\">Universal para una variedad de telas: la tinta de serigraf\u00eda vers\u00e1til es adecuada para una amplia gama de materiales, incluidos algod\u00f3n, mezclas de algod\u00f3n\/poli\u00e9ster y otros.<\/li>\n<li class=\"ng-star-inserted\">Mezclas de poli\u00e9ster de bajo sangrado: especialmente formulado para reducir la migraci\u00f3n del tinte cuando se trabaja con telas dif\u00edciles de mezcla de poli\u00e9ster y poli\u00e9ster.<\/li>\n<li class=\"ng-star-inserted\">Sin ftalatos: respetuoso con el medio ambiente y seguro tanto para la impresora como para el usuario final.<\/li>\n<li class=\"ng-star-inserted\">Altamente opaco: proporciona una cobertura de color fuerte y vibrante con pasadas bajas, incluso en sustratos oscuros.<\/li>\n<li class=\"ng-star-inserted\">F\u00e1cil de trabajar: Su textura cremosa y fina garantiza una impresi\u00f3n suave y menor fatiga del operador.<\/li>\n<li class=\"ng-star-inserted\">Acabado semibrillante: proporciona un aspecto profesional y atractivo a sus impresiones terminadas.<\/li>\n<li class=\"ng-star-inserted\">Rojo vibrante: un color rojo intenso y atrevido que llama la atenci\u00f3n.<\/li>\n<li class=\"ng-star-inserted\">Calidad directa de f\u00e1brica: Benef\u00edciese de nuestros veinte a\u00f1os de experiencia en fabricaci\u00f3n y ventas directas, garantizando tintas plastisol de alta calidad constante.<\/li>\n<\/ul>\n<h3 class=\"ng-star-inserted\"><span class=\"ng-star-inserted\">Pautas de curado<\/span><\/h3>\n<p class=\"ng-star-inserted\"><span class=\"ng-star-inserted\">Conseguir un curado adecuado es crucial para la durabilidad y lavabilidad de sus impresiones.<strong><a href=\"https:\/\/shaliteink.com\/es\/\"> Shaliteink<\/a><\/strong> Proceso Rojo\u00a0<\/span><strong><a href=\"https:\/\/shaliteink.com\/es\/categoria-producto\/tinta-plastisol\/\"><span class=\"ng-star-inserted\">tinta plastisol<\/span><\/a><\/strong><span class=\"ng-star-inserted\">\u00a0Est\u00e1 dise\u00f1ado para un curado eficiente.<\/span><\/p>\n<ul class=\"ng-star-inserted\">\n<li class=\"ng-star-inserted\">Temperatura de curado: Nuestras tintas plastisol se curan completamente a 160 \u00b0C (320 \u00b0F). Aseg\u00farese de que toda la capa de tinta alcance esta temperatura para un curado completo.<\/li>\n<li>Temperatura de flash: para impresiones multicolor o cuando se requiere una base, flash a 120 \u00b0C a 140 \u00b0C (248 \u00b0F a 284 \u00b0F) durante 3 a 5 segundos.<\/li>\n<li>Consejo profesional: Las lecturas de temperatura superficial de las pistolas l\u00e1ser pueden ser enga\u00f1osas. Para un curado preciso, es fundamental que toda la capa de tinta alcance la temperatura especificada. Ajuste la velocidad y la temperatura de la secadora seg\u00fan el grosor del dep\u00f3sito de tinta y el tipo de prenda. Las prendas de algod\u00f3n pueden durar un poco m\u00e1s debido a la absorci\u00f3n de humedad.<\/li>\n<li><strong class=\"ng-star-inserted\"><span class=\"ng-star-inserted\">Pruebas de curaci\u00f3n:<\/span><\/strong>\n<ul class=\"ng-star-inserted\">\n<li class=\"ng-star-inserted\">Prueba de estiramiento: Despu\u00e9s de enfriar, estire la impresi\u00f3n hasta aproximadamente dos tercios de la elasticidad normal de la prenda. Si la tinta revienta y no se retrae, significa que no se ha curado.<\/li>\n<li class=\"ng-star-inserted\">Prueba de lavado: Para una prueba definitiva, lave la prenda de 5 a 10 veces. Si observa signos de deterioro despu\u00e9s de 1 a 3 lavados, esto indica que el tratamiento es insuficiente.<\/li>\n<\/ul>\n<\/li>\n<\/ul>\n<h3 class=\"ng-star-inserted\"><span class=\"ng-star-inserted\">Limpieza<\/span><\/h3>\n<p>El mantenimiento de su equipo es f\u00e1cil con la tinta plastisol roja de proceso Shaliteink.<\/p>\n<ul>\n<li>En prensa: utilice un limpiador de prensa de plastisol espec\u00edfico o un degradante de tinta para limpiar r\u00e1pidamente las pantallas y las escobillas de goma.<\/li>\n<li>En el fregadero: para una limpieza profunda de la pantalla, utilice Plastisol Screen Wash o degradante de tinta para eliminar todos los residuos de tinta.<\/li>\n<\/ul>\n<h3 class=\"ng-star-inserted\"><span class=\"ng-star-inserted\">Informaci\u00f3n de almacenamiento<\/span><\/h3>\n<p>Para maximizar la vida \u00fatil y el rendimiento de sus tintas plastisol:<\/p>\n<ul>\n<li>Guarde la tinta plastisol roja de proceso Shalighteink a temperatura ambiente, idealmente entre 18 y 32 \u00b0C (65 y 90 \u00b0F).<\/li>\n<li>Evite la exposici\u00f3n prolongada a la luz solar directa y a temperaturas superiores a 32 \u00b0C (90 \u00b0F), ya que esto puede provocar que la tinta del recipiente se solidifique.<\/li>\n<\/ul>\n<h3 class=\"ng-star-inserted\"><span class=\"ng-star-inserted\">\u00bfPor qu\u00e9 elegir la tinta plastisol roja de proceso Shaliteink?<\/span><\/h3>\n<p>Durante dos d\u00e9cadas, Shaliteink ha sido sin\u00f3nimo de calidad y fiabilidad en la industria de la serigraf\u00eda. Nuestra tinta plastisol Process Red representa esta tradici\u00f3n, ofreciendo una potente combinaci\u00f3n de colores vibrantes, opacidad superior y facilidad de uso. Ya sea que imprima dise\u00f1os complejos o gr\u00e1ficos llamativos, esta tinta de serigraf\u00eda le proporciona la estabilidad y el rendimiento que necesita para lograr resultados profesionales. \u00danase a los innumerables clientes satisfechos que conf\u00edan en Shaliteink para sus necesidades de tinta plastisol y experimente la diferencia que veinte a\u00f1os de experiencia pueden marcar.<\/p>","protected":false},"excerpt":{"rendered":"<p>Bienvenido a Shaliteink, su l\u00edder mundial de confianza en tintas plastisol para serigraf\u00eda desde hace m\u00e1s de dos d\u00e9cadas. Con una amplia experiencia en fabricaci\u00f3n y venta directa de f\u00e1brica, colaboramos con marcas de renombre mundial para ofrecerle soluciones superiores en tinta plastisol. Nuestras tintas plastisol rojas para serigraf\u00eda han sido cuidadosamente formuladas para satisfacer las exigentes necesidades de los serigrafistas modernos, garantizando resultados excepcionales en cada uso. Esta tinta plastisol premium ofrece un rojo vibrante e intenso, lo que la convierte en la opci\u00f3n ideal para una amplia gama de proyectos textiles. Dise\u00f1ada para facilitar su uso y ofrecer un rendimiento constante, Shaliteink Rojo Proceso es perfecta tanto para profesionales experimentados como para quienes se inician en la serigraf\u00eda. Experimente la diferencia que marcan las tintas plastisol de alta calidad y libres de ftalatos, que simplifican su flujo de trabajo y mejoran sus impresiones.<\/p>","protected":false},"featured_media":1493,"comment_status":"open","ping_status":"closed","template":"","meta":[],"product_brand":[],"product_cat":[63],"product_tag":[],"class_list":{"0":"post-1309","1":"product","2":"type-product","3":"status-publish","4":"has-post-thumbnail","6":"product_cat-plastisol-cmyk-ink","8":"first","9":"instock","10":"shipping-taxable","11":"purchasable","12":"product-type-variable"},"tiered_pricing_type":"fixed","tiered_pricing_fixed_rules":[],"tiered_pricing_product_settings":{"layout":"default","base_unit_name":{"singular":null,"plural":null},"default_variation":null},"tiered_pricing_minimum_quantity":null,"tiered_pricing_roles_data":[],"tiered_pricing_percentage_rules":[],"tiered_pricing_maximum_quantity":null,"tiered_pricing_quantity_step":null,"_links":{"self":[{"href":"https:\/\/shaliteink.com\/es\/wp-json\/wp\/v2\/product\/1309","targetHints":{"allow":["GET"]}}],"collection":[{"href":"https:\/\/shaliteink.com\/es\/wp-json\/wp\/v2\/product"}],"about":[{"href":"https:\/\/shaliteink.com\/es\/wp-json\/wp\/v2\/types\/product"}],"replies":[{"embeddable":true,"href":"https:\/\/shaliteink.com\/es\/wp-json\/wp\/v2\/comments?post=1309"}],"version-history":[{"count":0,"href":"https:\/\/shaliteink.com\/es\/wp-json\/wp\/v2\/product\/1309\/revisions"}],"wp:featuredmedia":[{"embeddable":true,"href":"https:\/\/shaliteink.com\/es\/wp-json\/wp\/v2\/media\/1493"}],"wp:attachment":[{"href":"https:\/\/shaliteink.com\/es\/wp-json\/wp\/v2\/media?parent=1309"}],"wp:term":[{"taxonomy":"product_brand","embeddable":true,"href":"https:\/\/shaliteink.com\/es\/wp-json\/wp\/v2\/product_brand?post=1309"},{"taxonomy":"product_cat","embeddable":true,"href":"https:\/\/shaliteink.com\/es\/wp-json\/wp\/v2\/product_cat?post=1309"},{"taxonomy":"product_tag","embeddable":true,"href":"https:\/\/shaliteink.com\/es\/wp-json\/wp\/v2\/product_tag?post=1309"}],"curies":[{"name":"wp","href":"https:\/\/api.w.org\/{rel}","templated":true}]}}