{"id":1304,"date":"2025-04-12T11:27:57","date_gmt":"2025-04-12T11:27:57","guid":{"rendered":"https:\/\/shaliteink.com\/?post_type=product&#038;p=1304"},"modified":"2025-12-10T11:28:59","modified_gmt":"2025-12-10T11:28:59","slug":"tinta-plastisol-para-serigrafia-azul-de-proceso","status":"publish","type":"product","link":"https:\/\/shaliteink.com\/es\/producto\/tinta-plastisol-para-serigrafia-azul-de-proceso\/","title":{"rendered":"Proceso de impresi\u00f3n serigr\u00e1fica azul con tinta plastisol"},"content":{"rendered":"<p class=\"ng-star-inserted\"><strong class=\"ng-star-inserted\"><span class=\"ng-star-inserted\">Beneficios clave de la tinta plastisol azul de proceso Shaliteink:<\/span><\/strong><\/p>\n<ul class=\"ng-star-inserted\">\n<li class=\"ng-star-inserted\">Azul vibrante: obtenga impresiones azules impactantes y con colores reales que capten la atenci\u00f3n.<\/li>\n<li class=\"ng-star-inserted\">Opacidad superior: proporciona una excelente cobertura incluso en ropa oscura, lo que reduce la necesidad de utilizar una base frecuente.<\/li>\n<li class=\"ng-star-inserted\">Sensaci\u00f3n suave al tacto: produce impresiones con una textura incre\u00edblemente suave y tersa que encantar\u00e1 a los usuarios.<\/li>\n<li class=\"ng-star-inserted\">Compatibilidad universal con tejidos: Vers\u00e1til para una amplia gama de tejidos, incluidos algod\u00f3n, mezclas de algod\u00f3n y poli\u00e9ster y muchos sint\u00e9ticos.<\/li>\n<li class=\"ng-star-inserted\">F\u00f3rmula sin ftalatos: una opci\u00f3n segura tanto para la impresora como para el medio ambiente.<\/li>\n<li class=\"ng-star-inserted\">F\u00e1cil de trabajar: nuestra tinta plastisol tiene una consistencia cremosa y fluida para una impresi\u00f3n sin esfuerzo.<\/li>\n<li class=\"ng-star-inserted\">Curado reutilizable: optimizado para una producci\u00f3n eficiente, lo que garantiza impresiones duraderas en todo momento.<\/li>\n<\/ul>\n<p><img decoding=\"async\" class=\"aligncenter wp-image-4047 size-large\" src=\"https:\/\/shaliteink.com\/wp-content\/uploads\/2025\/04\/Process-Blue-Screen-Printing-Plastisol-Ink-1024x683.jpg\" alt=\"Proceso de impresi\u00f3n serigr\u00e1fica azul con tinta plastisol\" width=\"1024\" height=\"683\" srcset=\"https:\/\/shaliteink.com\/wp-content\/uploads\/2025\/04\/Process-Blue-Screen-Printing-Plastisol-Ink-1024x683.jpg 1024w, https:\/\/shaliteink.com\/wp-content\/uploads\/2025\/04\/Process-Blue-Screen-Printing-Plastisol-Ink-300x200.jpg 300w, https:\/\/shaliteink.com\/wp-content\/uploads\/2025\/04\/Process-Blue-Screen-Printing-Plastisol-Ink-768x512.jpg 768w, https:\/\/shaliteink.com\/wp-content\/uploads\/2025\/04\/Process-Blue-Screen-Printing-Plastisol-Ink-1536x1024.jpg 1536w, https:\/\/shaliteink.com\/wp-content\/uploads\/2025\/04\/Process-Blue-Screen-Printing-Plastisol-Ink-2048x1365.jpg 2048w, https:\/\/shaliteink.com\/wp-content\/uploads\/2025\/04\/Process-Blue-Screen-Printing-Plastisol-Ink-18x12.jpg 18w, https:\/\/shaliteink.com\/wp-content\/uploads\/2025\/04\/Process-Blue-Screen-Printing-Plastisol-Ink-1200x800.jpg 1200w, https:\/\/shaliteink.com\/wp-content\/uploads\/2025\/04\/Process-Blue-Screen-Printing-Plastisol-Ink-150x100.jpg 150w\" sizes=\"(max-width: 1024px) 100vw, 1024px\" \/><\/p>\n<p class=\"ng-star-inserted\"><strong class=\"ng-star-inserted\"><span class=\"ng-star-inserted\">Experimente la diferencia Shaliteink<\/span><\/strong><\/p>\n<p><strong><a href=\"https:\/\/shaliteink.com\/es\/\">Shaliteink<\/a><\/strong> Process Blue es m\u00e1s que una simple tinta plastisol para serigraf\u00eda; es una soluci\u00f3n dise\u00f1ada para realzar sus proyectos de impresi\u00f3n. Su alta opacidad le permite obtener impresiones brillantes y v\u00edvidas con menos pasadas, ahorrando tiempo y tinta. Su tacto suave garantiza que sus prendas terminadas sean c\u00f3modas y atractivas al tacto. <strong><a href=\"https:\/\/shaliteink.com\/es\/categoria-producto\/tinta-plastisol\/\">tinta plastisol<\/a><\/strong> Es ideal tanto para dise\u00f1os intrincados como para bloques de colores s\u00f3lidos, ofreciendo resultados consistentes y profesionales en todo momento.<\/p>\n<p>Nuestras tintas plastisol est\u00e1n dise\u00f1adas para un rendimiento consistente desde el primer momento. Su excelente reolog\u00eda minimiza la obstrucci\u00f3n de la pantalla y facilita la impresi\u00f3n, tanto para profesionales experimentados como para principiantes. La versatilidad de esta tinta de serigraf\u00eda la convierte en un producto imprescindible para cualquier taller que produzca prendas de alta calidad y durabilidad.<\/p>\n<p class=\"ng-star-inserted\"><strong class=\"ng-star-inserted\"><span class=\"ng-star-inserted\">Instrucciones de curado para obtener resultados \u00f3ptimos:<\/span><\/strong><\/p>\n<p>Es importante obtener una impresi\u00f3n perfectamente curada para mayor durabilidad y resistencia al lavado. Shaliteink <strong>Tinta plastisol azul de proceso<\/strong> Est\u00e1 formulado para un curado eficiente.<\/p>\n<p>Temperatura de curado: Curar a 160 \u00b0C (320 \u00b0F) en toda la capa de tinta.<br \/>\nTemperatura de flash: Flash a una temperatura de 120 \u00b0C a 140 \u00b0C (248 \u00b0F a 284 \u00b0F) durante 3-5 segundos. El tiempo de flash puede variar seg\u00fan el dispositivo y el grosor del dep\u00f3sito de tinta.<\/p>\n<p class=\"ng-star-inserted\"><strong class=\"ng-star-inserted\"><span class=\"ng-star-inserted\">Notas importantes de curado:<\/span><\/strong><\/p>\n<p>Para asegurar un curado completo, toda la capa de tinta debe alcanzar la temperatura especificada. Confiar \u00fanicamente en una pistola l\u00e1ser de temperatura para las lecturas de la superficie puede ser enga\u00f1oso. Para obtener lecturas precisas, especialmente para dep\u00f3sitos de tinta espesos, se recomienda insertar una sonda tipo donut o un term\u00f3metro de sonda en la capa de tinta. Factores como el grosor del dep\u00f3sito de tinta, el material de la prenda (el algod\u00f3n absorbe m\u00e1s humedad y se calienta m\u00e1s lentamente que el poli\u00e9ster) y la eficiencia de la secadora afectar\u00e1n el tiempo \u00f3ptimo de curado. Realice siempre una prueba de lavado y una prueba de estiramiento en una prenda de muestra para confirmar el curado completo antes de comenzar la producci\u00f3n. Las impresiones a medio hornear se ver\u00e1n agrietadas o deste\u00f1idas despu\u00e9s del lavado.<\/p>\n<p class=\"ng-star-inserted\"><strong class=\"ng-star-inserted\"><span class=\"ng-star-inserted\">Limpieza y almacenamiento:<\/span><\/strong><\/p>\n<p>Mantener su equipo es f\u00e1cil con Shaliteink Process Blue.<\/p>\n<ul>\n<li>Limpieza en prensa: utilice un lavado de prensa Plastisol espec\u00edfico o un degradador de tinta para cambios r\u00e1pidos de color y limpieza de pantalla.<\/li>\n<li>Lavado de pantalla: para una limpieza profunda de la pantalla, utilice Plastisol Screen Wash\/Ink Degrader en su cabina de lavado.<\/li>\n<li>Almacenamiento: Guarde la tinta plastisol en un lugar fresco y oscuro, entre 18 \u00b0C y 32 \u00b0C (65 \u00b0F y 90 \u00b0F), alejado de la luz solar directa. La exposici\u00f3n prolongada a temperaturas superiores a 32 \u00b0C (90 \u00b0F) puede provocar que la tinta se solidifique en el envase.<\/li>\n<\/ul>\n<p><img decoding=\"async\" class=\"aligncenter wp-image-4048 size-large\" src=\"https:\/\/shaliteink.com\/wp-content\/uploads\/2025\/04\/Process-Blue-Screen-Printing-Plastisol-Ink-1-1024x683.jpg\" alt=\"Proceso de impresi\u00f3n serigr\u00e1fica azul con tinta plastisol\" width=\"1024\" height=\"683\" srcset=\"https:\/\/shaliteink.com\/wp-content\/uploads\/2025\/04\/Process-Blue-Screen-Printing-Plastisol-Ink-1-1024x683.jpg 1024w, https:\/\/shaliteink.com\/wp-content\/uploads\/2025\/04\/Process-Blue-Screen-Printing-Plastisol-Ink-1-300x200.jpg 300w, https:\/\/shaliteink.com\/wp-content\/uploads\/2025\/04\/Process-Blue-Screen-Printing-Plastisol-Ink-1-768x512.jpg 768w, https:\/\/shaliteink.com\/wp-content\/uploads\/2025\/04\/Process-Blue-Screen-Printing-Plastisol-Ink-1-1536x1024.jpg 1536w, https:\/\/shaliteink.com\/wp-content\/uploads\/2025\/04\/Process-Blue-Screen-Printing-Plastisol-Ink-1-2048x1365.jpg 2048w, https:\/\/shaliteink.com\/wp-content\/uploads\/2025\/04\/Process-Blue-Screen-Printing-Plastisol-Ink-1-18x12.jpg 18w, https:\/\/shaliteink.com\/wp-content\/uploads\/2025\/04\/Process-Blue-Screen-Printing-Plastisol-Ink-1-1200x800.jpg 1200w, https:\/\/shaliteink.com\/wp-content\/uploads\/2025\/04\/Process-Blue-Screen-Printing-Plastisol-Ink-1-150x100.jpg 150w\" sizes=\"(max-width: 1024px) 100vw, 1024px\" \/><\/p>\n<p class=\"ng-star-inserted\"><strong class=\"ng-star-inserted\"><span class=\"ng-star-inserted\">Consejos profesionales para serigraf\u00eda con tinta plastisol Shaliteink:<\/span><\/strong><\/p>\n<ul>\n<li>Base para telas oscuras: Para obtener resultados excepcionalmente v\u00edvidos en telas oscuras, considere usar una base blanca, incluso con nuestro Azul de proceso de alta opacidad.<\/li>\n<li>C\u00e1lculos de malla: experimente con diferentes c\u00e1lculos de malla para lograr el dep\u00f3sito de tinta y el detalle deseados.<\/li>\n<li>Agitar bien: siempre agite bien las tintas plastisol antes de usarlas para garantizar una viscosidad uniforme y una distribuci\u00f3n del pigmento.<\/li>\n<li>La ilustraci\u00f3n no est\u00e1 respaldada: recuerde, el color azul vibrante de la tinta plastisol Shaliteink Process Blue est\u00e1 dise\u00f1ado \u00fanicamente para la expresi\u00f3n art\u00edstica y comercial sobre tela.<\/li>\n<\/ul>\n<p>Shaliteink es su socio de confianza para soluciones de tintas de serigraf\u00eda premium. Consiga lo mejor al mejor precio y haga que sus impresiones destaquen con nuestra tinta plastisol azul de proceso de alta calidad. Explore nuestra gama completa de colores de tinta plastisol y encuentre la combinaci\u00f3n perfecta para su pr\u00f3ximo proyecto.<\/p>","protected":false},"excerpt":{"rendered":"<p>Para los serigrafistas que buscan una calidad inigualable y resultados vibrantes, la tinta plastisol para serigraf\u00eda Shaliteink Process Blue se destaca como la mejor opci\u00f3n. Con m\u00e1s de dos d\u00e9cadas de experiencia en fabricaci\u00f3n, Shaliteink le ofrece una tinta plastisol premium que combina un rendimiento excepcional con un precio directo de f\u00e1brica. Nos hemos asociado con marcas de renombre mundial y nuestro compromiso con la excelencia se refleja en cada tinta de serigraf\u00eda.<\/p>","protected":false},"featured_media":1973,"comment_status":"open","ping_status":"closed","template":"","meta":[],"product_brand":[],"product_cat":[63],"product_tag":[],"class_list":{"0":"post-1304","1":"product","2":"type-product","3":"status-publish","4":"has-post-thumbnail","6":"product_cat-plastisol-cmyk-ink","8":"first","9":"instock","10":"shipping-taxable","11":"purchasable","12":"product-type-variable"},"tiered_pricing_type":"fixed","tiered_pricing_fixed_rules":[],"tiered_pricing_product_settings":{"layout":"default","base_unit_name":{"singular":null,"plural":null},"default_variation":null},"tiered_pricing_minimum_quantity":null,"tiered_pricing_roles_data":[],"tiered_pricing_percentage_rules":[],"tiered_pricing_maximum_quantity":null,"tiered_pricing_quantity_step":null,"_links":{"self":[{"href":"https:\/\/shaliteink.com\/es\/wp-json\/wp\/v2\/product\/1304","targetHints":{"allow":["GET"]}}],"collection":[{"href":"https:\/\/shaliteink.com\/es\/wp-json\/wp\/v2\/product"}],"about":[{"href":"https:\/\/shaliteink.com\/es\/wp-json\/wp\/v2\/types\/product"}],"replies":[{"embeddable":true,"href":"https:\/\/shaliteink.com\/es\/wp-json\/wp\/v2\/comments?post=1304"}],"version-history":[{"count":0,"href":"https:\/\/shaliteink.com\/es\/wp-json\/wp\/v2\/product\/1304\/revisions"}],"wp:featuredmedia":[{"embeddable":true,"href":"https:\/\/shaliteink.com\/es\/wp-json\/wp\/v2\/media\/1973"}],"wp:attachment":[{"href":"https:\/\/shaliteink.com\/es\/wp-json\/wp\/v2\/media?parent=1304"}],"wp:term":[{"taxonomy":"product_brand","embeddable":true,"href":"https:\/\/shaliteink.com\/es\/wp-json\/wp\/v2\/product_brand?post=1304"},{"taxonomy":"product_cat","embeddable":true,"href":"https:\/\/shaliteink.com\/es\/wp-json\/wp\/v2\/product_cat?post=1304"},{"taxonomy":"product_tag","embeddable":true,"href":"https:\/\/shaliteink.com\/es\/wp-json\/wp\/v2\/product_tag?post=1304"}],"curies":[{"name":"wp","href":"https:\/\/api.w.org\/{rel}","templated":true}]}}