{"id":1299,"date":"2025-04-12T11:24:31","date_gmt":"2025-04-12T11:24:31","guid":{"rendered":"https:\/\/shaliteink.com\/?post_type=product&#038;p=1299"},"modified":"2025-12-10T11:31:55","modified_gmt":"2025-12-10T11:31:55","slug":"tinta-plastisol-para-serigrafia-violeta-fluorescente","status":"publish","type":"product","link":"https:\/\/shaliteink.com\/es\/producto\/tinta-plastisol-para-serigrafia-violeta-fluorescente\/","title":{"rendered":"Tinta plastisol para serigraf\u00eda violeta fluorescente"},"content":{"rendered":"<p class=\"ng-star-inserted\"><strong class=\"ng-star-inserted\"><span class=\"ng-star-inserted\">T\u00edtulo: Tinta plastisol para serigraf\u00eda fluorescente violeta Shaliteink: alta opacidad, bajo curado, impresiones vibrantes<\/span><\/strong><\/p>\n<p>Lo que realmente hace que la tinta plastisol para serigraf\u00eda violeta fluorescente Shaliteink sea revolucionaria es su baja temperatura de curado. Con un curado eficaz a tan solo 160 \u00b0C (320 \u00b0F), esta tinta reduce significativamente el riesgo de quemar o encoger las telas, especialmente al trabajar con tejidos sensibles como las mezclas de poli\u00e9ster. Este menor requisito de temperatura se traduce en importantes beneficios para su taller: ciclos de producci\u00f3n m\u00e1s r\u00e1pidos, menor consumo de energ\u00eda y mayor versatilidad de las prendas. El impresionante rango de temperatura de flash de 120 \u00b0C a 140 \u00b0C (248 \u00b0F a 284 \u00b0F) aumenta a\u00fan m\u00e1s la eficiencia, permitiendo un secado intermedio r\u00e1pido entre capas. Experimente una resistencia superior a la migraci\u00f3n de tinte, lo que garantiza que sus colores p\u00farpura fluorescente se mantengan fieles y brillantes con el tiempo, incluso en telas de poli\u00e9ster dif\u00edciles.<\/p>\n<p>Ya sea que est\u00e9 creando prendas personalizadas, art\u00edculos promocionales o impresiones art\u00edsticas, <strong><a href=\"https:\/\/shaliteink.com\/es\/\">Shaliteink<\/a><\/strong> La tinta plastisol violeta fluorescente le ofrece la fiabilidad y el rendimiento que necesita. Su potente f\u00f3rmula garantiza una excelente resistencia al lavado y durabilidad, lo que significa que sus impresiones resistir\u00e1n m\u00faltiples lavados sin agrietarse ni decolorarse. \u00danase a los innumerables clientes satisfechos que conf\u00edan en Shaliteink para sus necesidades de tinta de serigraf\u00eda y descubra la diferencia que la calidad, la innovaci\u00f3n y veinte a\u00f1os de experiencia pueden marcar en su proyecto de impresi\u00f3n. La tinta plastisol ayuda a los serigrafistas a lograr los resultados m\u00e1s efectivos y econ\u00f3micos, aumentando la productividad y ahorrando dinero en el proceso.<\/p>\n<p><img decoding=\"async\" class=\"aligncenter wp-image-4043 size-large\" src=\"https:\/\/shaliteink.com\/wp-content\/uploads\/2025\/04\/Fluorescent-Violet-Screen-Printing-Plastisol-Ink-1024x683.jpg\" alt=\"Tinta plastisol para serigraf\u00eda violeta fluorescente\" width=\"1024\" height=\"683\" srcset=\"https:\/\/shaliteink.com\/wp-content\/uploads\/2025\/04\/Fluorescent-Violet-Screen-Printing-Plastisol-Ink-1024x683.jpg 1024w, https:\/\/shaliteink.com\/wp-content\/uploads\/2025\/04\/Fluorescent-Violet-Screen-Printing-Plastisol-Ink-300x200.jpg 300w, https:\/\/shaliteink.com\/wp-content\/uploads\/2025\/04\/Fluorescent-Violet-Screen-Printing-Plastisol-Ink-768x512.jpg 768w, https:\/\/shaliteink.com\/wp-content\/uploads\/2025\/04\/Fluorescent-Violet-Screen-Printing-Plastisol-Ink-1536x1024.jpg 1536w, https:\/\/shaliteink.com\/wp-content\/uploads\/2025\/04\/Fluorescent-Violet-Screen-Printing-Plastisol-Ink-2048x1365.jpg 2048w, https:\/\/shaliteink.com\/wp-content\/uploads\/2025\/04\/Fluorescent-Violet-Screen-Printing-Plastisol-Ink-18x12.jpg 18w, https:\/\/shaliteink.com\/wp-content\/uploads\/2025\/04\/Fluorescent-Violet-Screen-Printing-Plastisol-Ink-1200x800.jpg 1200w, https:\/\/shaliteink.com\/wp-content\/uploads\/2025\/04\/Fluorescent-Violet-Screen-Printing-Plastisol-Ink-150x100.jpg 150w\" sizes=\"(max-width: 1024px) 100vw, 1024px\" \/><\/p>\n<p class=\"ng-star-inserted\"><strong class=\"ng-star-inserted\"><span class=\"ng-star-inserted\">Beneficios clave:<\/span><\/strong><\/p>\n<ul class=\"ng-star-inserted\">\n<li class=\"ng-star-inserted\">P\u00farpura fluorescente vibrante: obtenga un color llamativo y de alto impacto.<\/li>\n<li class=\"ng-star-inserted\">Curado a 160 \u00b0C (320 \u00b0F): El curado a baja temperatura evita que las telas se quemen y encojan, ahorrando as\u00ed energ\u00eda.<\/li>\n<li class=\"ng-star-inserted\">Alta opacidad: Excelente cobertura tanto en telas claras como oscuras, minimiza las pasadas de impresi\u00f3n.<\/li>\n<li class=\"ng-star-inserted\">Impresi\u00f3n suave a mano: crea una sensaci\u00f3n c\u00f3moda y de primera calidad en las prendas.<\/li>\n<li class=\"ng-star-inserted\">F\u00f3rmula sin ftalatos: segura y respetuosa con el medio ambiente.<\/li>\n<li class=\"ng-star-inserted\">F\u00e1cil de trabajar: Textura cremosa y fina para una impresi\u00f3n suave y detalles finos.<\/li>\n<li class=\"ng-star-inserted\">Aplicaci\u00f3n universal: adecuado para una variedad de tejidos, incluidas mezclas de poli\u00e9ster.<\/li>\n<li class=\"ng-star-inserted\">Flash a 120\u00b0C a 140\u00b0C (248\u00b0F a 284\u00b0F): Secado intermedio eficiente.<\/li>\n<\/ul>\n<p class=\"ng-star-inserted\"><strong class=\"ng-star-inserted\"><span class=\"ng-star-inserted\">Instrucciones de curado:<\/span><\/strong><\/p>\n<p>La tinta plastisol violeta fluorescente Shaliteink est\u00e1 dise\u00f1ada para un rendimiento \u00f3ptimo al curarse a 160 \u00b0C (320 \u00b0F). Una vez que toda la capa de tinta alcanza y mantiene esta temperatura, la tinta est\u00e1 completamente curada. Para el secado, se recomienda un rango de temperatura de 120 \u00b0C a 140 \u00b0C (248 \u00b0F a 284 \u00b0F) durante 3-5 segundos. Tenga en cuenta que los tiempos exactos de curado y secado pueden variar seg\u00fan el equipo, el espesor del dep\u00f3sito de tinta y las condiciones ambientales del taller.<\/p>\n<ul>\n<li>Prueba de tratamiento: Una prueba fiable para un tratamiento adecuado es la &quot;prueba de estiramiento&quot;. Estire la tela impresa hasta aproximadamente dos tercios de su longitud original. Si la tinta revienta y no se retrae, es posible que no se recupere correctamente. Para una prueba definitiva, realice una prueba de lavado despu\u00e9s de que la tinta se haya enfriado por completo. Una impresi\u00f3n correctamente curada puede resistir de 5 a 10 lavados sin deteriorarse. Recomendamos encarecidamente realizar pruebas de estiramiento y lavado antes de comenzar la producci\u00f3n en masa para garantizar resultados \u00f3ptimos.<\/li>\n<li>Mezcla de poli\u00e9ster y migraci\u00f3n de tintes: Nuestras tintas de bajo curado est\u00e1n formuladas para minimizar la migraci\u00f3n de tintes, lo cual es especialmente importante al trabajar con poli\u00e9ster. Al curar a 160 \u00b0C, se mantienen los tintes de la tela por debajo de su temperatura de activaci\u00f3n (generalmente entre 130 \u00b0C y 149 \u00b0C), evitando que se desti\u00f1an en la vibrante tinta p\u00farpura.<\/li>\n<\/ul>\n<p class=\"ng-star-inserted\"><strong class=\"ng-star-inserted\"><span class=\"ng-star-inserted\">Limpieza:<\/span><\/strong><\/p>\n<p class=\"ng-star-inserted\"><span class=\"ng-star-inserted\">Limpieza despu\u00e9s de usar Shaliteink\u00a0<\/span><strong><a href=\"https:\/\/shaliteink.com\/es\/categoria-producto\/tinta-plastisol\/\"><span class=\"ng-star-inserted\">Tinta plastisol<\/span><\/a><\/strong><span class=\"ng-star-inserted\">\u00a0Es sencillo.<\/span><\/p>\n<ul class=\"ng-star-inserted\">\n<li class=\"ng-star-inserted\">En prensa: utilice un limpiador de prensa de plastisol espec\u00edfico o un degradador de tinta.<\/li>\n<li class=\"ng-star-inserted\">En el fregadero: para las pantallas, utilice Plastisol Screen Wash o Ink Degrader para eliminar eficazmente los residuos de tinta.<\/li>\n<\/ul>\n<p><img decoding=\"async\" class=\"aligncenter wp-image-4044 size-large\" src=\"https:\/\/shaliteink.com\/wp-content\/uploads\/2025\/04\/Fluorescent-Violet-Screen-Printing-Plastisol-Ink-1-1024x683.jpg\" alt=\"Tinta plastisol para serigraf\u00eda violeta fluorescente\" width=\"1024\" height=\"683\" srcset=\"https:\/\/shaliteink.com\/wp-content\/uploads\/2025\/04\/Fluorescent-Violet-Screen-Printing-Plastisol-Ink-1-1024x683.jpg 1024w, https:\/\/shaliteink.com\/wp-content\/uploads\/2025\/04\/Fluorescent-Violet-Screen-Printing-Plastisol-Ink-1-300x200.jpg 300w, https:\/\/shaliteink.com\/wp-content\/uploads\/2025\/04\/Fluorescent-Violet-Screen-Printing-Plastisol-Ink-1-768x512.jpg 768w, https:\/\/shaliteink.com\/wp-content\/uploads\/2025\/04\/Fluorescent-Violet-Screen-Printing-Plastisol-Ink-1-1536x1024.jpg 1536w, https:\/\/shaliteink.com\/wp-content\/uploads\/2025\/04\/Fluorescent-Violet-Screen-Printing-Plastisol-Ink-1-2048x1365.jpg 2048w, https:\/\/shaliteink.com\/wp-content\/uploads\/2025\/04\/Fluorescent-Violet-Screen-Printing-Plastisol-Ink-1-18x12.jpg 18w, https:\/\/shaliteink.com\/wp-content\/uploads\/2025\/04\/Fluorescent-Violet-Screen-Printing-Plastisol-Ink-1-1200x800.jpg 1200w, https:\/\/shaliteink.com\/wp-content\/uploads\/2025\/04\/Fluorescent-Violet-Screen-Printing-Plastisol-Ink-1-150x100.jpg 150w\" sizes=\"(max-width: 1024px) 100vw, 1024px\" \/><\/p>\n<p class=\"ng-star-inserted\"><strong class=\"ng-star-inserted\"><span class=\"ng-star-inserted\">Informaci\u00f3n de almacenamiento:<\/span><\/strong><\/p>\n<p>Guarde la tinta plastisol violeta fluorescente Shaliteink a temperatura ambiente, idealmente entre 18 y 32 \u00b0C (65 y 90 \u00b0F), y evite la luz solar directa. La exposici\u00f3n prolongada a temperaturas superiores a 32 \u00b0C (90 \u00b0F) puede provocar que la tinta se solidifique en el envase.<\/p>","protected":false},"excerpt":{"rendered":"<p>Realce sus dise\u00f1os textiles con la tinta plastisol violeta fluorescente para serigraf\u00eda Shaliteink, una opci\u00f3n premium para serigrafistas profesionales y aficionados. Con dos d\u00e9cadas de excelencia en la fabricaci\u00f3n y precios directos de f\u00e1brica, Shaliteink es l\u00edder mundial y colabora con marcas de renombre mundial para ofrecerle soluciones superiores de tinta plastisol. Nuestra tinta violeta fluorescente ha sido cuidadosamente dise\u00f1ada para ofrecer impresiones vibrantes e impactantes que llaman la atenci\u00f3n. Esta excepcional tinta de serigraf\u00eda est\u00e1 dise\u00f1ada para una facilidad de uso inigualable, garantizando una experiencia de impresi\u00f3n fluida y eficiente en todo momento.<br \/>\nLa tinta plastisol violeta fluorescente Shaliteink ofrece una impresionante combinaci\u00f3n de caracter\u00edsticas que la distinguen. Su alta opacidad garantiza una reproducci\u00f3n de colores intensos y profundos, incluso en telas oscuras, que suelen requerir menos pasadas. Esto no solo ahorra tiempo de producci\u00f3n, sino que tambi\u00e9n reduce el consumo de tinta. Formulada con tinta sin ftalatos, cumple con las normas modernas de seguridad y medio ambiente, lo que le brinda tranquilidad. Su textura cremosa y de grano fino facilita enormemente el trabajo, fluyendo suavemente por la pantalla y permitiendo crear detalles intrincados en sus dise\u00f1os. Obtenga impresiones suaves a mano que no solo son atractivas a la vista, sino tambi\u00e9n c\u00f3modas al tacto, mejorando la calidad general de sus productos terminados.<\/p>","protected":false},"featured_media":1509,"comment_status":"open","ping_status":"closed","template":"","meta":[],"product_brand":[],"product_cat":[39],"product_tag":[],"class_list":{"0":"post-1299","1":"product","2":"type-product","3":"status-publish","4":"has-post-thumbnail","6":"product_cat-plastisol-ink","8":"first","9":"instock","10":"shipping-taxable","11":"purchasable","12":"product-type-variable"},"tiered_pricing_type":"fixed","tiered_pricing_fixed_rules":[],"tiered_pricing_product_settings":{"layout":"default","base_unit_name":{"singular":null,"plural":null},"default_variation":null},"tiered_pricing_minimum_quantity":null,"tiered_pricing_roles_data":[],"tiered_pricing_percentage_rules":[],"tiered_pricing_maximum_quantity":null,"tiered_pricing_quantity_step":null,"_links":{"self":[{"href":"https:\/\/shaliteink.com\/es\/wp-json\/wp\/v2\/product\/1299","targetHints":{"allow":["GET"]}}],"collection":[{"href":"https:\/\/shaliteink.com\/es\/wp-json\/wp\/v2\/product"}],"about":[{"href":"https:\/\/shaliteink.com\/es\/wp-json\/wp\/v2\/types\/product"}],"replies":[{"embeddable":true,"href":"https:\/\/shaliteink.com\/es\/wp-json\/wp\/v2\/comments?post=1299"}],"version-history":[{"count":0,"href":"https:\/\/shaliteink.com\/es\/wp-json\/wp\/v2\/product\/1299\/revisions"}],"wp:featuredmedia":[{"embeddable":true,"href":"https:\/\/shaliteink.com\/es\/wp-json\/wp\/v2\/media\/1509"}],"wp:attachment":[{"href":"https:\/\/shaliteink.com\/es\/wp-json\/wp\/v2\/media?parent=1299"}],"wp:term":[{"taxonomy":"product_brand","embeddable":true,"href":"https:\/\/shaliteink.com\/es\/wp-json\/wp\/v2\/product_brand?post=1299"},{"taxonomy":"product_cat","embeddable":true,"href":"https:\/\/shaliteink.com\/es\/wp-json\/wp\/v2\/product_cat?post=1299"},{"taxonomy":"product_tag","embeddable":true,"href":"https:\/\/shaliteink.com\/es\/wp-json\/wp\/v2\/product_tag?post=1299"}],"curies":[{"name":"wp","href":"https:\/\/api.w.org\/{rel}","templated":true}]}}