{"id":1294,"date":"2025-04-12T11:20:59","date_gmt":"2025-04-12T11:20:59","guid":{"rendered":"https:\/\/shaliteink.com\/?post_type=product&#038;p=1294"},"modified":"2025-12-10T11:30:15","modified_gmt":"2025-12-10T11:30:15","slug":"tinta-plastisol-para-serigrafia-de-color-rojo-rosa-fluorescente","status":"publish","type":"product","link":"https:\/\/shaliteink.com\/es\/producto\/tinta-plastisol-para-serigrafia-de-color-rojo-rosa-fluorescente\/","title":{"rendered":"Tinta plastisol para serigraf\u00eda de color rojo rosa fluorescente"},"content":{"rendered":"<h3 class=\"ng-star-inserted\"><span class=\"ng-star-inserted\">Beneficios clave que te encantar\u00e1n:<\/span><\/h3>\n<ul class=\"ng-star-inserted\">\n<li class=\"ng-star-inserted\">Rosa roja fluorescente brillante: obtenga impresiones llamativas y brillantes que capten la atenci\u00f3n.<\/li>\n<li class=\"ng-star-inserted\">Temperatura de curado \u00f3ptima: Se cura eficientemente a 160 \u2103, lo que reduce el tiempo de producci\u00f3n y protege la prenda de quemaduras.<\/li>\n<li class=\"ng-star-inserted\">Sensaci\u00f3n suave al tacto: crea impresiones incre\u00edblemente suaves y flexibles que no comprometen la ca\u00edda natural de la tela.<\/li>\n<li class=\"ng-star-inserted\">Compatibilidad universal con telas: excelente para una amplia gama de materiales, lo que lo convierte en una opci\u00f3n vers\u00e1til para una variedad de proyectos de serigraf\u00eda.<\/li>\n<li class=\"ng-star-inserted\">Bajo nivel de sangrado para mezclas de poli\u00e9ster: especialmente formulado para reducir la migraci\u00f3n del tinte en telas de poli\u00e9ster y mezclas de poli\u00e9ster, lo que garantiza resultados limpios y n\u00edtidos.<\/li>\n<li class=\"ng-star-inserted\">F\u00f3rmula sin ftalatos: comprometida con la seguridad y la responsabilidad ambiental.<\/li>\n<li class=\"ng-star-inserted\">Opacidad superior: proporciona colores intensos y vivos tanto en telas claras como oscuras, a menudo sin necesidad de base.<\/li>\n<li class=\"ng-star-inserted\">Consistencia f\u00e1cil de usar: es f\u00e1cil de trabajar con su textura cremosa de grano fino, que garantiza una aplicaci\u00f3n suave y detalles n\u00edtidos.<\/li>\n<li class=\"ng-star-inserted\">Acabado semibrillante: proporciona un brillo profesional y atractivo que realza su dise\u00f1o.<\/li>\n<\/ul>\n<h3><img decoding=\"async\" class=\"aligncenter wp-image-4040 size-large\" src=\"https:\/\/shaliteink.com\/wp-content\/uploads\/2025\/04\/Fluorescent-Rose-Red-Screen-Printing-Plastisol-Ink-1024x683.jpg\" alt=\"Tinta plastisol para serigraf\u00eda de color rojo rosa fluorescente\" width=\"1024\" height=\"683\" srcset=\"https:\/\/shaliteink.com\/wp-content\/uploads\/2025\/04\/Fluorescent-Rose-Red-Screen-Printing-Plastisol-Ink-1024x683.jpg 1024w, https:\/\/shaliteink.com\/wp-content\/uploads\/2025\/04\/Fluorescent-Rose-Red-Screen-Printing-Plastisol-Ink-300x200.jpg 300w, https:\/\/shaliteink.com\/wp-content\/uploads\/2025\/04\/Fluorescent-Rose-Red-Screen-Printing-Plastisol-Ink-768x512.jpg 768w, https:\/\/shaliteink.com\/wp-content\/uploads\/2025\/04\/Fluorescent-Rose-Red-Screen-Printing-Plastisol-Ink-1536x1024.jpg 1536w, https:\/\/shaliteink.com\/wp-content\/uploads\/2025\/04\/Fluorescent-Rose-Red-Screen-Printing-Plastisol-Ink-2048x1365.jpg 2048w, https:\/\/shaliteink.com\/wp-content\/uploads\/2025\/04\/Fluorescent-Rose-Red-Screen-Printing-Plastisol-Ink-18x12.jpg 18w, https:\/\/shaliteink.com\/wp-content\/uploads\/2025\/04\/Fluorescent-Rose-Red-Screen-Printing-Plastisol-Ink-1200x800.jpg 1200w, https:\/\/shaliteink.com\/wp-content\/uploads\/2025\/04\/Fluorescent-Rose-Red-Screen-Printing-Plastisol-Ink-150x100.jpg 150w\" sizes=\"(max-width: 1024px) 100vw, 1024px\" \/><\/h3>\n<h3 class=\"ng-star-inserted\"><span class=\"ng-star-inserted\">Descripci\u00f3n:<\/span><\/h3>\n<p>Nuestro <strong>Tinta plastisol para serigraf\u00eda de color rojo rosa fluorescente <\/strong>es m\u00e1s que un simple color: es una declaraci\u00f3n. Elaborado con precisi\u00f3n y pasi\u00f3n por <strong><a href=\"https:\/\/shaliteink.com\/es\/\">Shaliteink<\/a><\/strong>, este <strong><a href=\"https:\/\/shaliteink.com\/es\/categoria-producto\/tinta-plastisol\/\">tinta plastisol<\/a><\/strong> Ofrece un acabado brillante e impactante que destaca. Dise\u00f1ada pensando en la serigraf\u00eda moderna, destaca por su versatilidad, lo que la convierte en la tinta de serigraf\u00eda ideal para una amplia variedad de materiales, incluyendo mezclas de poli\u00e9ster complejas. Su innovador curado a baja temperatura de 160 \u00b0C (320 \u00b0F) reduce significativamente el riesgo de encogimiento y decoloraci\u00f3n de la tela, un problema com\u00fan con las tintas de alto curado. Esto no solo protege sus prendas, sino que tambi\u00e9n optimiza su proceso de producci\u00f3n, permitiendo una entrega m\u00e1s r\u00e1pida sin necesidad de costosos y potentes secadores de cinta transportadora.<\/p>\n<p>La textura cremosa y fina de la tinta garantiza una acci\u00f3n suave, desliz\u00e1ndose f\u00e1cilmente por la pantalla para obtener impresiones n\u00edtidas y detalladas. Su alta opacidad le permite obtener resultados vibrantes y de color real incluso en telas oscuras. Para una intensidad \u00f3ptima en ropa extremadamente oscura, considere una base blanca para un brillo realmente intenso. En Shaliteink, comprendemos los matices de la serigraf\u00eda, y nuestra tinta plastisol rojo rosa fluorescente demuestra nuestro compromiso de ofrecer productos que cumplen y superan los est\u00e1ndares de la industria. Experimente la diferencia de Shaliteink: calidad confiable, colores que cautivan.<\/p>\n<h3 class=\"ng-star-inserted\"><span class=\"ng-star-inserted\">Instrucciones de curado para la tinta plastisol rojo rosa fluorescente Shaliteink:<\/span><\/h3>\n<ul class=\"ng-star-inserted\">\n<li class=\"ng-star-inserted\">Temperatura de curado: El curado completo se logra a 160 \u00b0C (320 \u00b0F). Aseg\u00farese de que toda la capa de tinta alcance y mantenga esta temperatura para un curado completo.<\/li>\n<li class=\"ng-star-inserted\">Temperatura del flash: Flash entre 120\u2103 y 140\u2103 (248-284\u00b0F) durante 3-5 segundos.<\/li>\n<li class=\"ng-star-inserted\">Prueba de curado completo: Recomendamos realizar una prueba de estiramiento y una prueba de lavado antes de la producci\u00f3n completa. Para la prueba de estiramiento, estire la prenda impresa aproximadamente dos tercios de su longitud; si la tinta se rompe y no se retrae, es posible que no se cure correctamente. Para la prueba de lavado, espere 24 horas despu\u00e9s de la impresi\u00f3n y luego lave la prenda de 5 a 10 veces. Los signos de deterioro despu\u00e9s de 1 a 3 lavados indican un tratamiento insuficiente. Si la prueba falla, ajuste el tiempo de permanencia o la temperatura. Los resultados \u00f3ptimos suelen obtenerse en algod\u00f3n 100%, pero nuestras tintas de plastisol funcionan bien en una variedad de telas.<\/li>\n<\/ul>\n<p>Consejo profesional sobre mezclas de poli\u00e9ster: La baja temperatura de curado de la tinta plastisol Shaliteink es especialmente beneficiosa para telas de poli\u00e9ster y mezclas de poli\u00e9ster. Al curar a 160 \u00b0C, se reduce significativamente el riesgo de migraci\u00f3n del tinte, ya que muchos tintes de poli\u00e9ster se activan a temperaturas m\u00e1s altas (normalmente entre 130 y 149 \u00b0C). Curar por debajo de este punto de sangrado ayuda a evitar que el tinte de la tela se desgasifique y manche la impresi\u00f3n, manteniendo la integridad y el brillo del rojo rosa fluorescente.<\/p>\n<h3><img decoding=\"async\" class=\"aligncenter wp-image-4041 size-large\" src=\"https:\/\/shaliteink.com\/wp-content\/uploads\/2025\/04\/Fluorescent-Rose-Red-Screen-Printing-Plastisol-Ink-1-1024x683.jpg\" alt=\"Tinta plastisol para serigraf\u00eda de color rojo rosa fluorescente\" width=\"1024\" height=\"683\" srcset=\"https:\/\/shaliteink.com\/wp-content\/uploads\/2025\/04\/Fluorescent-Rose-Red-Screen-Printing-Plastisol-Ink-1-1024x683.jpg 1024w, https:\/\/shaliteink.com\/wp-content\/uploads\/2025\/04\/Fluorescent-Rose-Red-Screen-Printing-Plastisol-Ink-1-300x200.jpg 300w, https:\/\/shaliteink.com\/wp-content\/uploads\/2025\/04\/Fluorescent-Rose-Red-Screen-Printing-Plastisol-Ink-1-768x512.jpg 768w, https:\/\/shaliteink.com\/wp-content\/uploads\/2025\/04\/Fluorescent-Rose-Red-Screen-Printing-Plastisol-Ink-1-1536x1024.jpg 1536w, https:\/\/shaliteink.com\/wp-content\/uploads\/2025\/04\/Fluorescent-Rose-Red-Screen-Printing-Plastisol-Ink-1-2048x1365.jpg 2048w, https:\/\/shaliteink.com\/wp-content\/uploads\/2025\/04\/Fluorescent-Rose-Red-Screen-Printing-Plastisol-Ink-1-18x12.jpg 18w, https:\/\/shaliteink.com\/wp-content\/uploads\/2025\/04\/Fluorescent-Rose-Red-Screen-Printing-Plastisol-Ink-1-1200x800.jpg 1200w, https:\/\/shaliteink.com\/wp-content\/uploads\/2025\/04\/Fluorescent-Rose-Red-Screen-Printing-Plastisol-Ink-1-150x100.jpg 150w\" sizes=\"(max-width: 1024px) 100vw, 1024px\" \/><\/h3>\n<h3 class=\"ng-star-inserted\"><span class=\"ng-star-inserted\">Limpieza:<\/span><\/h3>\n<ul class=\"ng-star-inserted\">\n<li class=\"ng-star-inserted\">En prensa: utilice un limpiador de prensa de plastisol espec\u00edfico o un degradante de tinta para limpiar r\u00e1pidamente la pantalla entre tiradas o para cambios de color.<\/li>\n<li class=\"ng-star-inserted\">En el fregadero: Para una limpieza profunda de la pantalla, utilice Plastisol Screen Wash o Degradante de Tinta.<\/li>\n<\/ul>\n<h3 class=\"ng-star-inserted\"><span class=\"ng-star-inserted\">Informaci\u00f3n de almacenamiento:<\/span><\/h3>\n<p>Guarde la tinta plastisol para serigraf\u00eda Shaliteink Fluorescente Rosa Rojo en un lugar fresco y seco, entre 18 y 32 \u00b0C (65 y 90 \u00b0F), alejada de la luz solar directa. La exposici\u00f3n prolongada a temperaturas superiores a este l\u00edmite puede causar un curado prematuro dentro del envase.<\/p>\n<p>Shaliteink es su proveedor confiable de tintas plastisol de alta calidad. Disfrute de colores vibrantes, un rendimiento confiable y una atenci\u00f3n al cliente excepcional con cada compra.<\/p>","protected":false},"excerpt":{"rendered":"<p>Shaliteink se enorgullece de presentar nuestra Tinta Plastisol para Serigraf\u00eda Rojo Rosa Fluorescente, una soluci\u00f3n vibrante y de alto rendimiento dise\u00f1ada para dar vida a sus dise\u00f1os con un brillo \u00fanico. Con m\u00e1s de dos d\u00e9cadas de experiencia en fabricaci\u00f3n y ventas directas de f\u00e1brica, Shaliteink es l\u00edder mundial en la venta minorista de tinta plastisol, colaborando con numerosas marcas de renombre mundial. Nuestra tinta rojo rosa fluorescente representa esta tradici\u00f3n, ofreciendo una calidad y consistencia excepcionales para todas sus necesidades de serigraf\u00eda.<\/p>","protected":false},"featured_media":1513,"comment_status":"open","ping_status":"closed","template":"","meta":[],"product_brand":[],"product_cat":[39],"product_tag":[],"class_list":{"0":"post-1294","1":"product","2":"type-product","3":"status-publish","4":"has-post-thumbnail","6":"product_cat-plastisol-ink","8":"first","9":"instock","10":"shipping-taxable","11":"purchasable","12":"product-type-variable"},"tiered_pricing_type":"fixed","tiered_pricing_fixed_rules":[],"tiered_pricing_product_settings":{"layout":"default","base_unit_name":{"singular":null,"plural":null},"default_variation":null},"tiered_pricing_minimum_quantity":null,"tiered_pricing_roles_data":[],"tiered_pricing_percentage_rules":[],"tiered_pricing_maximum_quantity":null,"tiered_pricing_quantity_step":null,"_links":{"self":[{"href":"https:\/\/shaliteink.com\/es\/wp-json\/wp\/v2\/product\/1294","targetHints":{"allow":["GET"]}}],"collection":[{"href":"https:\/\/shaliteink.com\/es\/wp-json\/wp\/v2\/product"}],"about":[{"href":"https:\/\/shaliteink.com\/es\/wp-json\/wp\/v2\/types\/product"}],"replies":[{"embeddable":true,"href":"https:\/\/shaliteink.com\/es\/wp-json\/wp\/v2\/comments?post=1294"}],"version-history":[{"count":0,"href":"https:\/\/shaliteink.com\/es\/wp-json\/wp\/v2\/product\/1294\/revisions"}],"wp:featuredmedia":[{"embeddable":true,"href":"https:\/\/shaliteink.com\/es\/wp-json\/wp\/v2\/media\/1513"}],"wp:attachment":[{"href":"https:\/\/shaliteink.com\/es\/wp-json\/wp\/v2\/media?parent=1294"}],"wp:term":[{"taxonomy":"product_brand","embeddable":true,"href":"https:\/\/shaliteink.com\/es\/wp-json\/wp\/v2\/product_brand?post=1294"},{"taxonomy":"product_cat","embeddable":true,"href":"https:\/\/shaliteink.com\/es\/wp-json\/wp\/v2\/product_cat?post=1294"},{"taxonomy":"product_tag","embeddable":true,"href":"https:\/\/shaliteink.com\/es\/wp-json\/wp\/v2\/product_tag?post=1294"}],"curies":[{"name":"wp","href":"https:\/\/api.w.org\/{rel}","templated":true}]}}