{"id":1288,"date":"2025-04-12T10:21:39","date_gmt":"2025-04-12T10:21:39","guid":{"rendered":"https:\/\/shaliteink.com\/?post_type=product&#038;p=1288"},"modified":"2025-12-10T11:27:05","modified_gmt":"2025-12-10T11:27:05","slug":"tinta-plastisol-para-serigrafia-rosa-fluorescente","status":"publish","type":"product","link":"https:\/\/shaliteink.com\/es\/producto\/tinta-plastisol-para-serigrafia-rosa-fluorescente\/","title":{"rendered":"Tinta plastisol para serigraf\u00eda rosa fluorescente"},"content":{"rendered":"<p class=\"ng-star-inserted\"><strong class=\"ng-star-inserted\"><span class=\"ng-star-inserted\">Beneficios clave de la tinta plastisol rosa fluorescente Shaliteink:<\/span><\/strong><\/p>\n<ul class=\"ng-star-inserted\">\n<li class=\"ng-star-inserted\">Rosa fluorescente vibrante: obtenga impresiones llamativas y llamativas que se destaquen.<\/li>\n<li class=\"ng-star-inserted\">Baja temperatura de curado: Cura eficientemente a 160 \u00b0C (320 \u00b0F), reduciendo los costos de energ\u00eda y el riesgo de quemar la prenda.<\/li>\n<li class=\"ng-star-inserted\">Impresi\u00f3n suave: crea un acabado suave y c\u00f3modo en la ropa.<\/li>\n<li class=\"ng-star-inserted\">Altamente opaco: Excelente cobertura incluso en ropa oscura, eliminando a menudo la necesidad de una base.<\/li>\n<li class=\"ng-star-inserted\">Compatibilidad universal con telas: funciona perfectamente con una amplia gama de telas, incluidos algod\u00f3n, poli\u00e9ster y mezclas.<\/li>\n<li class=\"ng-star-inserted\">F\u00f3rmula sin ftalatos: respetuosa con el medio ambiente y segura de usar.<\/li>\n<li class=\"ng-star-inserted\">Compatibilidad f\u00e1cil de usar: f\u00e1cil de operar, proporciona una experiencia de impresi\u00f3n perfecta.<\/li>\n<li class=\"ng-star-inserted\">REDUCE EL SANGRADO: Especialmente formulado para mezclas de poli\u00e9ster para reducir la migraci\u00f3n del tinte.<\/li>\n<li class=\"ng-star-inserted\">Tiempo de secado r\u00e1pido: Se seca r\u00e1pidamente entre 120 \u00b0C y 140 \u00b0C (248 \u00b0F y 284 \u00b0F), lo que aumenta la eficiencia de la producci\u00f3n.<\/li>\n<\/ul>\n<p><img decoding=\"async\" class=\"aligncenter wp-image-4036 size-large\" src=\"https:\/\/shaliteink.com\/wp-content\/uploads\/2025\/04\/Fluorescent-Pink-Screen-Printing-Plastisol-Ink-1024x683.jpg\" alt=\"Tinta plastisol para serigraf\u00eda rosa fluorescente\" width=\"1024\" height=\"683\" srcset=\"https:\/\/shaliteink.com\/wp-content\/uploads\/2025\/04\/Fluorescent-Pink-Screen-Printing-Plastisol-Ink-1024x683.jpg 1024w, https:\/\/shaliteink.com\/wp-content\/uploads\/2025\/04\/Fluorescent-Pink-Screen-Printing-Plastisol-Ink-300x200.jpg 300w, https:\/\/shaliteink.com\/wp-content\/uploads\/2025\/04\/Fluorescent-Pink-Screen-Printing-Plastisol-Ink-768x512.jpg 768w, https:\/\/shaliteink.com\/wp-content\/uploads\/2025\/04\/Fluorescent-Pink-Screen-Printing-Plastisol-Ink-1536x1024.jpg 1536w, https:\/\/shaliteink.com\/wp-content\/uploads\/2025\/04\/Fluorescent-Pink-Screen-Printing-Plastisol-Ink-2048x1365.jpg 2048w, https:\/\/shaliteink.com\/wp-content\/uploads\/2025\/04\/Fluorescent-Pink-Screen-Printing-Plastisol-Ink-18x12.jpg 18w, https:\/\/shaliteink.com\/wp-content\/uploads\/2025\/04\/Fluorescent-Pink-Screen-Printing-Plastisol-Ink-1200x800.jpg 1200w, https:\/\/shaliteink.com\/wp-content\/uploads\/2025\/04\/Fluorescent-Pink-Screen-Printing-Plastisol-Ink-150x100.jpg 150w\" sizes=\"(max-width: 1024px) 100vw, 1024px\" \/><\/p>\n<p>Shaliteink <strong>Tinta plastisol rosa fluorescente<\/strong> Est\u00e1 dise\u00f1ada por serigrafistas, para serigrafistas, para ofrecer un rendimiento y una relaci\u00f3n calidad-precio inigualables. Esta tinta plastisol lista para usar fluye f\u00e1cilmente desde el cubo, garantizando una impresi\u00f3n consistente y de alta calidad en todo momento. Sus colores vivos y su opacidad superior la convierten en la opci\u00f3n ideal para crear dise\u00f1os audaces e impactantes.<\/p>\n<p>El bajo curado de nuestra tinta plastisol rosa fluorescente se traduce en una mejora significativa de la velocidad de producci\u00f3n y un menor consumo de energ\u00eda. Al tratarla a tan solo 160 \u00b0C (320 \u00b0F), se reduce el riesgo de encoger o quemar las telas sensibles al calor. Tambi\u00e9n ayuda a prevenir la transferencia de tinta, especialmente al trabajar con mezclas de poli\u00e9ster, ya que la tinta cura por debajo del punto de sangrado t\u00edpico de la mayor\u00eda de los tintes de poli\u00e9ster. Esto es especialmente importante para lograr impresiones n\u00edtidas y limpias en telas dif\u00edciles.<\/p>\n<p>Nuestro <strong><a href=\"https:\/\/shaliteink.com\/es\/categoria-producto\/tinta-plastisol\/\">tinta plastisol<\/a><\/strong> Forma una fuerte uni\u00f3n mec\u00e1nica con las fibras del tejido, lo que garantiza durabilidad y resistencia al lavado. Para obtener los mejores resultados, recomendamos usar fibras naturales, siendo el algod\u00f3n 100% el ideal. Al imprimir sobre tejidos oscuros, aunque nuestras tintas son muy opacas, una base blanca puede realzar a\u00fan m\u00e1s el brillo del color rosa fluorescente.<\/p>\n<p class=\"ng-star-inserted\"><strong class=\"ng-star-inserted\"><span class=\"ng-star-inserted\">Pautas de curaci\u00f3n:<\/span><\/strong><\/p>\n<ul class=\"ng-star-inserted\">\n<li class=\"ng-star-inserted\">Curado a 160 \u00b0C (320 \u00b0F). La tinta est\u00e1 completamente curada cuando toda la capa alcanza los 160 \u00b0C (320 \u00b0F).<\/li>\n<li class=\"ng-star-inserted\">Seque a una temperatura de 120 \u00b0C a 140 \u00b0C (248 \u00b0F a 284 \u00b0F) durante 3-5 segundos. Los tiempos de secado y curado pueden variar seg\u00fan el equipo, el espesor del dep\u00f3sito de tinta y el tipo de prenda.<\/li>\n<li class=\"ng-star-inserted\">Prueba de estiramiento: Tras el curado, estire la prenda impresa hasta aproximadamente dos tercios de su longitud. Si la impresi\u00f3n se rompe y no se retrae, es posible que no cicatrice correctamente.<\/li>\n<li class=\"ng-star-inserted\">Prueba de lavado: Espere 24 horas despu\u00e9s del tratamiento antes de realizar la prueba. La curaci\u00f3n completa suele confirmarse despu\u00e9s de 5 a 10 lavados, aunque las afecciones graves, si no se curan, empeorar\u00e1n despu\u00e9s de 1 a 3 lavados.<\/li>\n<li>Consejo profesional: Las lecturas de temperatura superficial de las pistolas l\u00e1ser pueden ser enga\u00f1osas. Para obtener mediciones de curado precisas, especialmente con dep\u00f3sitos de tinta espesos, se recomiendan sondas de d\u00f3nut o tiras de temperatura para garantizar que toda la capa de tinta alcance la temperatura objetivo.<\/li>\n<\/ul>\n<p><img decoding=\"async\" class=\"aligncenter wp-image-4037 size-large\" src=\"https:\/\/shaliteink.com\/wp-content\/uploads\/2025\/04\/Fluorescent-Pink-Screen-Printing-Plastisol-Ink-1-1024x683.jpg\" alt=\"Tinta plastisol para serigraf\u00eda rosa fluorescente\" width=\"1024\" height=\"683\" srcset=\"https:\/\/shaliteink.com\/wp-content\/uploads\/2025\/04\/Fluorescent-Pink-Screen-Printing-Plastisol-Ink-1-1024x683.jpg 1024w, https:\/\/shaliteink.com\/wp-content\/uploads\/2025\/04\/Fluorescent-Pink-Screen-Printing-Plastisol-Ink-1-300x200.jpg 300w, https:\/\/shaliteink.com\/wp-content\/uploads\/2025\/04\/Fluorescent-Pink-Screen-Printing-Plastisol-Ink-1-768x512.jpg 768w, https:\/\/shaliteink.com\/wp-content\/uploads\/2025\/04\/Fluorescent-Pink-Screen-Printing-Plastisol-Ink-1-1536x1024.jpg 1536w, https:\/\/shaliteink.com\/wp-content\/uploads\/2025\/04\/Fluorescent-Pink-Screen-Printing-Plastisol-Ink-1-2048x1365.jpg 2048w, https:\/\/shaliteink.com\/wp-content\/uploads\/2025\/04\/Fluorescent-Pink-Screen-Printing-Plastisol-Ink-1-18x12.jpg 18w, https:\/\/shaliteink.com\/wp-content\/uploads\/2025\/04\/Fluorescent-Pink-Screen-Printing-Plastisol-Ink-1-1200x800.jpg 1200w, https:\/\/shaliteink.com\/wp-content\/uploads\/2025\/04\/Fluorescent-Pink-Screen-Printing-Plastisol-Ink-1-150x100.jpg 150w\" sizes=\"(max-width: 1024px) 100vw, 1024px\" \/><\/p>\n<p class=\"ng-star-inserted\"><strong class=\"ng-star-inserted\"><span class=\"ng-star-inserted\">Limpieza:<\/span><\/strong><\/p>\n<ul>\n<li>En prensa: utilice un producto de limpieza de prensa\/degradador de tinta Plastisol espec\u00edfico.<\/li>\n<\/ul>\n<p>Limpieza de pantalla: utilice limpiador de pantalla\/degradador de tinta Plastisol para una limpieza profunda.<\/p>\n<p class=\"ng-star-inserted\"><strong class=\"ng-star-inserted\"><span class=\"ng-star-inserted\">Informaci\u00f3n de almacenamiento:<\/span><\/strong><\/p>\n<ul class=\"ng-star-inserted\">\n<li class=\"ng-star-inserted\">Guarde la tinta plastisol rosa fluorescente Shaliteink a temperatura ambiente, idealmente entre 18 y 32 \u00b0C (65 y 90 \u00b0F), y evite la luz solar directa. La exposici\u00f3n prolongada a temperaturas superiores a 32 \u00b0C (90 \u00b0F) puede provocar que la tinta se solidifique en el envase.<\/li>\n<\/ul>\n<p>Elegir <strong><a href=\"https:\/\/shaliteink.com\/es\/\">Shaliteink<\/a><\/strong> Para sus necesidades de serigraf\u00eda y experimente la diferencia que marcan veinte a\u00f1os de experiencia. Nuestra tinta plastisol rosa fluorescente ofrece una calidad excepcional, colores vibrantes y facilidad de uso, lo que la convierte en la opci\u00f3n perfecta para su pr\u00f3ximo proyecto.<\/p>\n<p>&nbsp;<\/p>","protected":false},"excerpt":{"rendered":"<p>Con m\u00e1s de dos d\u00e9cadas de experiencia en la fabricaci\u00f3n, Shaliteink es l\u00edder mundial en tintas para serigraf\u00eda, ofreciendo precios directos de f\u00e1brica. Colaboramos con orgullo con numerosas marcas de renombre internacional, ofreci\u00e9ndole productos de primera calidad dise\u00f1ados para obtener resultados excepcionales. Nuestra especialidad son las tintas plastisol para serigraf\u00eda, y nos complace presentar nuestro vibrante rosa fluorescente.<\/p>","protected":false},"featured_media":1507,"comment_status":"open","ping_status":"closed","template":"","meta":[],"product_brand":[],"product_cat":[39],"product_tag":[],"class_list":{"0":"post-1288","1":"product","2":"type-product","3":"status-publish","4":"has-post-thumbnail","6":"product_cat-plastisol-ink","8":"first","9":"instock","10":"shipping-taxable","11":"purchasable","12":"product-type-variable"},"tiered_pricing_type":"fixed","tiered_pricing_fixed_rules":[],"tiered_pricing_product_settings":{"layout":"default","base_unit_name":{"singular":null,"plural":null},"default_variation":null},"tiered_pricing_minimum_quantity":null,"tiered_pricing_roles_data":[],"tiered_pricing_percentage_rules":[],"tiered_pricing_maximum_quantity":null,"tiered_pricing_quantity_step":null,"_links":{"self":[{"href":"https:\/\/shaliteink.com\/es\/wp-json\/wp\/v2\/product\/1288","targetHints":{"allow":["GET"]}}],"collection":[{"href":"https:\/\/shaliteink.com\/es\/wp-json\/wp\/v2\/product"}],"about":[{"href":"https:\/\/shaliteink.com\/es\/wp-json\/wp\/v2\/types\/product"}],"replies":[{"embeddable":true,"href":"https:\/\/shaliteink.com\/es\/wp-json\/wp\/v2\/comments?post=1288"}],"version-history":[{"count":0,"href":"https:\/\/shaliteink.com\/es\/wp-json\/wp\/v2\/product\/1288\/revisions"}],"wp:featuredmedia":[{"embeddable":true,"href":"https:\/\/shaliteink.com\/es\/wp-json\/wp\/v2\/media\/1507"}],"wp:attachment":[{"href":"https:\/\/shaliteink.com\/es\/wp-json\/wp\/v2\/media?parent=1288"}],"wp:term":[{"taxonomy":"product_brand","embeddable":true,"href":"https:\/\/shaliteink.com\/es\/wp-json\/wp\/v2\/product_brand?post=1288"},{"taxonomy":"product_cat","embeddable":true,"href":"https:\/\/shaliteink.com\/es\/wp-json\/wp\/v2\/product_cat?post=1288"},{"taxonomy":"product_tag","embeddable":true,"href":"https:\/\/shaliteink.com\/es\/wp-json\/wp\/v2\/product_tag?post=1288"}],"curies":[{"name":"wp","href":"https:\/\/api.w.org\/{rel}","templated":true}]}}