{"id":1281,"date":"2025-04-12T10:09:45","date_gmt":"2025-04-12T10:09:45","guid":{"rendered":"https:\/\/shaliteink.com\/?post_type=product&#038;p=1281"},"modified":"2025-12-10T11:30:49","modified_gmt":"2025-12-10T11:30:49","slug":"tinta-plastisol-para-serigrafia-fluorescente-roja-y-rosa","status":"publish","type":"product","link":"https:\/\/shaliteink.com\/es\/producto\/tinta-plastisol-para-serigrafia-fluorescente-roja-y-rosa\/","title":{"rendered":"Tinta plastisol para serigraf\u00eda fluorescente roja y rosa"},"content":{"rendered":"<h2 class=\"ng-star-inserted\"><span class=\"ng-star-inserted\">Beneficios clave de Shaliteink Fluorescente Rojo Rosa\u00a0<\/span><strong class=\"ng-star-inserted\"><span class=\"ng-star-inserted\">Tinta plastisol<\/span><\/strong><span class=\"ng-star-inserted\">:<\/span><\/h2>\n<ul class=\"ng-star-inserted\">\n<li class=\"ng-star-inserted\">Rojo rosa fluorescente vibrante: obtenga dise\u00f1os brillantes e inolvidables que realmente resaltan.<\/li>\n<li class=\"ng-star-inserted\">Temperatura de curado \u00f3ptima: Trata eficientemente a solo 160 \u00b0C (320 \u00b0F), reduciendo el consumo de energ\u00eda y protegiendo la ropa de quemaduras.<\/li>\n<li class=\"ng-star-inserted\">Temperatura de flash baja: parpadea r\u00e1pidamente entre 120 \u00b0C y 140 \u00b0C (248 \u00b0F y 284 \u00b0F) para trabajos r\u00e1pidos en varios colores.<\/li>\n<li class=\"ng-star-inserted\">Impresi\u00f3n suave a mano: crea una sensaci\u00f3n suave y c\u00f3moda en la tela, mejorando la experiencia del usuario.<\/li>\n<li class=\"ng-star-inserted\">Alta opacidad: Excelente cobertura incluso en telas oscuras, reduciendo la necesidad de m\u00faltiples pasadas.<\/li>\n<li class=\"ng-star-inserted\">F\u00e1cil de trabajar: Formulado para tener una textura cremosa y desmenuzable, asegurando una impresi\u00f3n suave y menos fatiga.<\/li>\n<li class=\"ng-star-inserted\">Compatibilidad universal con telas: funciona perfectamente con una variedad de telas, incluidas algod\u00f3n, mezclas de poli\u00e9ster y otras.<\/li>\n<li class=\"ng-star-inserted\">F\u00f3rmula sin ftalatos: una opci\u00f3n segura tanto para la impresora como para el medio ambiente.<\/li>\n<li class=\"ng-star-inserted\">Acabado semibrillante: agrega un brillo profesional a sus impresiones terminadas.<\/li>\n<li class=\"ng-star-inserted\">Calidad directa de f\u00e1brica: Benef\u00edciese de veinte a\u00f1os de experiencia en fabricaci\u00f3n y precios directos.<\/li>\n<\/ul>\n<h2><img decoding=\"async\" class=\"aligncenter wp-image-4033 size-large\" src=\"https:\/\/shaliteink.com\/wp-content\/uploads\/2025\/04\/Fluorescent-Red-Pink-Screen-Printing-Plastisol-Ink-1024x683.jpg\" alt=\"Tinta plastisol para serigraf\u00eda fluorescente roja y rosa\" width=\"1024\" height=\"683\" srcset=\"https:\/\/shaliteink.com\/wp-content\/uploads\/2025\/04\/Fluorescent-Red-Pink-Screen-Printing-Plastisol-Ink-1024x683.jpg 1024w, https:\/\/shaliteink.com\/wp-content\/uploads\/2025\/04\/Fluorescent-Red-Pink-Screen-Printing-Plastisol-Ink-300x200.jpg 300w, https:\/\/shaliteink.com\/wp-content\/uploads\/2025\/04\/Fluorescent-Red-Pink-Screen-Printing-Plastisol-Ink-768x512.jpg 768w, https:\/\/shaliteink.com\/wp-content\/uploads\/2025\/04\/Fluorescent-Red-Pink-Screen-Printing-Plastisol-Ink-1536x1024.jpg 1536w, https:\/\/shaliteink.com\/wp-content\/uploads\/2025\/04\/Fluorescent-Red-Pink-Screen-Printing-Plastisol-Ink-2048x1365.jpg 2048w, https:\/\/shaliteink.com\/wp-content\/uploads\/2025\/04\/Fluorescent-Red-Pink-Screen-Printing-Plastisol-Ink-18x12.jpg 18w, https:\/\/shaliteink.com\/wp-content\/uploads\/2025\/04\/Fluorescent-Red-Pink-Screen-Printing-Plastisol-Ink-1200x800.jpg 1200w, https:\/\/shaliteink.com\/wp-content\/uploads\/2025\/04\/Fluorescent-Red-Pink-Screen-Printing-Plastisol-Ink-150x100.jpg 150w\" sizes=\"(max-width: 1024px) 100vw, 1024px\" \/><\/h2>\n<h2 class=\"ng-star-inserted\"><span class=\"ng-star-inserted\">Descubra la ventaja de Shaliteink<\/span><\/h2>\n<p>Nuestro <strong>Tinta plastisol rosa roja fluorescente<\/strong> No se trata solo de su color brillante; se trata de toda la experiencia de impresi\u00f3n. Su viscosidad cuidadosamente equilibrada y la alta carga de pigmento garantizan resultados consistentes y vibrantes en todo momento. Su capacidad de curado a baja temperatura es revolucionaria, ya que ayuda a prevenir la migraci\u00f3n del tinte en mezclas de poli\u00e9ster y reduce significativamente el riesgo de da\u00f1ar las prendas. Esto se traduce en menos desperdicio, mayor eficiencia y, en definitiva, mayores beneficios para su negocio.<\/p>\n<p><strong><a href=\"https:\/\/shaliteink.com\/es\/\">Shaliteink<\/a><\/strong> comprende las exigencias de la serigraf\u00eda moderna. Por eso, nuestra <strong><a href=\"https:\/\/shaliteink.com\/es\/categoria-producto\/tinta-plastisol\/\">Tintas plastisol<\/a><\/strong> Est\u00e1n formulados para un rendimiento confiable, con tiempos de secado r\u00e1pidos y un curado uniforme. Los brillantes pigmentos fluorescentes conservan su intensidad incluso despu\u00e9s del lavado, garantizando que sus dise\u00f1os conserven su atractivo visual mucho despu\u00e9s de salir de la tienda. Para obtener mejores resultados en telas oscuras, recomendamos aplicar blanco como base.<\/p>\n<h2 class=\"ng-star-inserted\"><span class=\"ng-star-inserted\">Pautas de curado para Shaliteink\u00a0<\/span><strong class=\"ng-star-inserted\"><span class=\"ng-star-inserted\">Tinta plastisol<\/span><\/strong><span class=\"ng-star-inserted\">:<\/span><\/h2>\n<p class=\"ng-star-inserted\"><span class=\"ng-star-inserted\">Conseguir un curado adecuado es crucial para la durabilidad de sus impresiones.<\/span><\/p>\n<ul class=\"ng-star-inserted\">\n<li class=\"ng-star-inserted\">Temperatura de curado: Curar a 160 \u00b0C (320 \u00b0F). Aseg\u00farese de que toda la capa de tinta alcance y mantenga esta temperatura para una adhesi\u00f3n \u00f3ptima y una alta resistencia al lavado.<\/li>\n<li>Temperatura de secado: Secar a 120 \u00b0C \u2013 140 \u00b0C (248 \u00b0F \u2013 284 \u00b0F) durante 3-5 segundos. El tiempo de secado puede variar seg\u00fan el equipo y el espesor de la tinta depositada.<\/li>\n<li>Pruebas: Recomendamos encarecidamente realizar pruebas de estiramiento y de lavado antes de la producci\u00f3n completa. Si la impresi\u00f3n se rasga o desgasta despu\u00e9s del lavado, aumente el tiempo o la temperatura de curado. Para obtener lecturas de temperatura precisas, considere usar una sonda de donut, ya que las pistolas l\u00e1ser de temperatura pueden dar lecturas superficiales err\u00f3neas. Recuerde que toda la capa de tinta debe alcanzar la temperatura de curado especificada. Las prendas de algod\u00f3n pueden tardar un poco m\u00e1s en calentarse debido a su capacidad de absorci\u00f3n.<\/li>\n<\/ul>\n<h2 class=\"ng-star-inserted\"><span class=\"ng-star-inserted\">Limpieza y almacenamiento:<\/span><\/h2>\n<ul>\n<li>En prensa: utilice un limpiador de prensa Plastisol espec\u00edfico o un degradante de tinta para una limpieza f\u00e1cil.<\/li>\n<li>En el fregadero: para las pantallas, utilice Plastisol Screen Wash o Degradant de tinta.<\/li>\n<li>Almacenamiento: Conserve la tinta plastisol Shaliteink a temperatura ambiente, idealmente entre 18 y 32 \u00b0C (65 y 90 \u00b0F), y evite la luz solar directa. La exposici\u00f3n prolongada a temperaturas superiores a 32 \u00b0C (90 \u00b0F) puede provocar que la tinta se solidifique en el envase.<\/li>\n<\/ul>\n<h2><img decoding=\"async\" class=\"aligncenter wp-image-4034 size-large\" src=\"https:\/\/shaliteink.com\/wp-content\/uploads\/2025\/04\/Fluorescent-Red-Pink-Screen-Printing-Plastisol-Ink-1-1024x683.jpg\" alt=\"Tinta plastisol para serigraf\u00eda fluorescente roja y rosa\" width=\"1024\" height=\"683\" srcset=\"https:\/\/shaliteink.com\/wp-content\/uploads\/2025\/04\/Fluorescent-Red-Pink-Screen-Printing-Plastisol-Ink-1-1024x683.jpg 1024w, https:\/\/shaliteink.com\/wp-content\/uploads\/2025\/04\/Fluorescent-Red-Pink-Screen-Printing-Plastisol-Ink-1-300x200.jpg 300w, https:\/\/shaliteink.com\/wp-content\/uploads\/2025\/04\/Fluorescent-Red-Pink-Screen-Printing-Plastisol-Ink-1-768x512.jpg 768w, https:\/\/shaliteink.com\/wp-content\/uploads\/2025\/04\/Fluorescent-Red-Pink-Screen-Printing-Plastisol-Ink-1-1536x1024.jpg 1536w, https:\/\/shaliteink.com\/wp-content\/uploads\/2025\/04\/Fluorescent-Red-Pink-Screen-Printing-Plastisol-Ink-1-2048x1365.jpg 2048w, https:\/\/shaliteink.com\/wp-content\/uploads\/2025\/04\/Fluorescent-Red-Pink-Screen-Printing-Plastisol-Ink-1-18x12.jpg 18w, https:\/\/shaliteink.com\/wp-content\/uploads\/2025\/04\/Fluorescent-Red-Pink-Screen-Printing-Plastisol-Ink-1-1200x800.jpg 1200w, https:\/\/shaliteink.com\/wp-content\/uploads\/2025\/04\/Fluorescent-Red-Pink-Screen-Printing-Plastisol-Ink-1-150x100.jpg 150w\" sizes=\"(max-width: 1024px) 100vw, 1024px\" \/><\/h2>\n<h2 class=\"ng-star-inserted\"><span class=\"ng-star-inserted\">\u00bfPor qu\u00e9 elegir Shaliteink para su negocio?\u00a0<\/span><strong class=\"ng-star-inserted\"><span class=\"ng-star-inserted\">Serigraf\u00eda<\/span><\/strong><span class=\"ng-star-inserted\">\u00a0\u00bfNecesidades?<\/span><\/h2>\n<p>Con m\u00e1s de veinte a\u00f1os de excelencia en la fabricaci\u00f3n, Shaliteink es su socio de confianza para tintas plastisol de serigraf\u00eda de alta calidad. Nuestra tinta plastisol rojo-rosa fluorescente es un testimonio de nuestro compromiso con la innovaci\u00f3n y el rendimiento. Capacitamos a los impresores para lograr excelentes resultados con productos que no solo son eficaces, sino tambi\u00e9n asequibles y f\u00e1ciles de usar. \u00danase a los innumerables clientes satisfechos que conf\u00edan en Shaliteink por sus impresiones vibrantes y duraderas.<\/p>\n<p>\u00bfBuscas tinta plastisol que destaque? Shaliteink te la ofrece.<\/p>","protected":false},"excerpt":{"rendered":"<p>Experimente la diferencia con Shaliteink, l\u00edder mundial en tintas plastisol para serigraf\u00eda durante dos d\u00e9cadas. Nuestro enfoque directo de f\u00e1brica, junto con la colaboraci\u00f3n con marcas de renombre mundial, le garantiza una calidad superior a precios competitivos. Presentamos nuestra tinta plastisol para serigraf\u00eda rojo-rosa fluorescente, dise\u00f1ada para ofrecer resultados impresionantes e impactantes con facilidad y eficiencia.<\/p>\n<p>Tanto si eres un profesional experimentado como si est\u00e1s empezando, la tinta plastisol rojo rosa fluorescente de Shaliteink est\u00e1 dise\u00f1ada para optimizar tu producci\u00f3n y realzar tus impresiones. Esta tinta vibrante y llamativa ofrece una opacidad excepcional y un tacto suave, lo que la convierte en una opci\u00f3n vers\u00e1til para una amplia gama de telas y proyectos.<\/p>","protected":false},"featured_media":1515,"comment_status":"open","ping_status":"closed","template":"","meta":[],"product_brand":[],"product_cat":[39],"product_tag":[],"class_list":{"0":"post-1281","1":"product","2":"type-product","3":"status-publish","4":"has-post-thumbnail","6":"product_cat-plastisol-ink","8":"first","9":"instock","10":"shipping-taxable","11":"purchasable","12":"product-type-variable"},"tiered_pricing_type":"fixed","tiered_pricing_fixed_rules":[],"tiered_pricing_product_settings":{"layout":"default","base_unit_name":{"singular":null,"plural":null},"default_variation":null},"tiered_pricing_minimum_quantity":null,"tiered_pricing_roles_data":[],"tiered_pricing_percentage_rules":[],"tiered_pricing_maximum_quantity":null,"tiered_pricing_quantity_step":null,"_links":{"self":[{"href":"https:\/\/shaliteink.com\/es\/wp-json\/wp\/v2\/product\/1281","targetHints":{"allow":["GET"]}}],"collection":[{"href":"https:\/\/shaliteink.com\/es\/wp-json\/wp\/v2\/product"}],"about":[{"href":"https:\/\/shaliteink.com\/es\/wp-json\/wp\/v2\/types\/product"}],"replies":[{"embeddable":true,"href":"https:\/\/shaliteink.com\/es\/wp-json\/wp\/v2\/comments?post=1281"}],"version-history":[{"count":0,"href":"https:\/\/shaliteink.com\/es\/wp-json\/wp\/v2\/product\/1281\/revisions"}],"wp:featuredmedia":[{"embeddable":true,"href":"https:\/\/shaliteink.com\/es\/wp-json\/wp\/v2\/media\/1515"}],"wp:attachment":[{"href":"https:\/\/shaliteink.com\/es\/wp-json\/wp\/v2\/media?parent=1281"}],"wp:term":[{"taxonomy":"product_brand","embeddable":true,"href":"https:\/\/shaliteink.com\/es\/wp-json\/wp\/v2\/product_brand?post=1281"},{"taxonomy":"product_cat","embeddable":true,"href":"https:\/\/shaliteink.com\/es\/wp-json\/wp\/v2\/product_cat?post=1281"},{"taxonomy":"product_tag","embeddable":true,"href":"https:\/\/shaliteink.com\/es\/wp-json\/wp\/v2\/product_tag?post=1281"}],"curies":[{"name":"wp","href":"https:\/\/api.w.org\/{rel}","templated":true}]}}