{"id":1276,"date":"2025-04-12T10:04:52","date_gmt":"2025-04-12T10:04:52","guid":{"rendered":"https:\/\/shaliteink.com\/?post_type=product&#038;p=1276"},"modified":"2025-12-10T11:31:11","modified_gmt":"2025-12-10T11:31:11","slug":"tinta-plastisol-para-serigrafia-roja-fluorescente","status":"publish","type":"product","link":"https:\/\/shaliteink.com\/es\/producto\/tinta-plastisol-para-serigrafia-roja-fluorescente\/","title":{"rendered":"Tinta plastisol para serigraf\u00eda roja fluorescente"},"content":{"rendered":"<p class=\"ng-star-inserted\"><strong class=\"ng-star-inserted\"><span class=\"ng-star-inserted\">Beneficios clave de la tinta plastisol roja fluorescente Shaliteink:<\/span><\/strong><\/p>\n<ul class=\"ng-star-inserted\">\n<li class=\"ng-star-inserted\">Rojo fluorescente vibrante: obtenga dise\u00f1os llamativos, de alto impacto y que se destaquen.<\/li>\n<li class=\"ng-star-inserted\">Temperatura de curado \u00f3ptima: Cura eficientemente a 160\u00b0C, reduciendo los costos de energ\u00eda y protegiendo la prenda de quemaduras.<\/li>\n<li class=\"ng-star-inserted\">Sensaci\u00f3n suave al tacto: crea impresiones suaves y flexibles que lucen geniales en la tela.<\/li>\n<li class=\"ng-star-inserted\">Excelente opacidad: proporciona colores intensos y vivos en una variedad de telas, incluso en telas oscuras (se recomienda una base para una vitalidad \u00f3ptima).<\/li>\n<li class=\"ng-star-inserted\">F\u00e1cil de trabajar: nuestro plastisol para serigraf\u00eda, cremoso y de cuerpo peque\u00f1o, est\u00e1 dise\u00f1ado para una impresi\u00f3n perfecta, directamente desde el bote de tinta.<\/li>\n<li class=\"ng-star-inserted\">Propiedades de bajo sangrado: ideal para usar en mezclas de poli\u00e9ster, reduciendo la migraci\u00f3n del tinte.<\/li>\n<li class=\"ng-star-inserted\">F\u00f3rmula sin ftalatos: una opci\u00f3n segura tanto para la impresora como para el medio ambiente.<\/li>\n<li>Acabado semibrillante: agrega un toque profesional a sus impresiones terminadas.<\/li>\n<\/ul>\n<p><img decoding=\"async\" class=\"aligncenter wp-image-4030 size-large\" src=\"https:\/\/shaliteink.com\/wp-content\/uploads\/2025\/04\/Fluorescent-Red-Screen-Printing-Plastisol-Ink-1024x683.jpg\" alt=\"Tinta plastisol para serigraf\u00eda roja fluorescente\" width=\"1024\" height=\"683\" srcset=\"https:\/\/shaliteink.com\/wp-content\/uploads\/2025\/04\/Fluorescent-Red-Screen-Printing-Plastisol-Ink-1024x683.jpg 1024w, https:\/\/shaliteink.com\/wp-content\/uploads\/2025\/04\/Fluorescent-Red-Screen-Printing-Plastisol-Ink-300x200.jpg 300w, https:\/\/shaliteink.com\/wp-content\/uploads\/2025\/04\/Fluorescent-Red-Screen-Printing-Plastisol-Ink-768x512.jpg 768w, https:\/\/shaliteink.com\/wp-content\/uploads\/2025\/04\/Fluorescent-Red-Screen-Printing-Plastisol-Ink-1536x1024.jpg 1536w, https:\/\/shaliteink.com\/wp-content\/uploads\/2025\/04\/Fluorescent-Red-Screen-Printing-Plastisol-Ink-2048x1365.jpg 2048w, https:\/\/shaliteink.com\/wp-content\/uploads\/2025\/04\/Fluorescent-Red-Screen-Printing-Plastisol-Ink-18x12.jpg 18w, https:\/\/shaliteink.com\/wp-content\/uploads\/2025\/04\/Fluorescent-Red-Screen-Printing-Plastisol-Ink-1200x800.jpg 1200w, https:\/\/shaliteink.com\/wp-content\/uploads\/2025\/04\/Fluorescent-Red-Screen-Printing-Plastisol-Ink-150x100.jpg 150w\" sizes=\"(max-width: 1024px) 100vw, 1024px\" \/><\/p>\n<p class=\"ng-star-inserted\"><strong class=\"ng-star-inserted\"><span class=\"ng-star-inserted\">Experimente la diferencia Shaliteink<\/span><\/strong><\/p>\n<p>En <strong><a href=\"https:\/\/shaliteink.com\/es\/\">Shaliteink<\/a><\/strong>, Entendemos las exigencias de la serigraf\u00eda profesional. Por eso, nuestros... <strong>Tinta plastisol roja fluorescente<\/strong> Ha sido dise\u00f1ada para aumentar su productividad y garantizar resultados consistentes y de alta calidad. Su baja temperatura de curado no solo ahorra valioso tiempo de producci\u00f3n, sino que tambi\u00e9n prolonga la vida \u00fatil de sus telas al reducir la exposici\u00f3n al calor. Olv\u00eddese del encogimiento y la decoloraci\u00f3n de las prendas y d\u00e9 la bienvenida a una impresi\u00f3n eficiente y vibrante.<\/p>\n<p>Nuestro <strong><a href=\"https:\/\/shaliteink.com\/es\/categoria-producto\/tinta-plastisol\/\">tinta plastisol<\/a><\/strong> Proporciona una cobertura excepcional, lo que la convierte en una opci\u00f3n confiable tanto para iluminaciones como para dise\u00f1os de cobertura total. Su textura suave facilita la limpieza de la pantalla, lo que reduce la fatiga y mejora la consistencia de la impresi\u00f3n. Tanto si eres un profesional experimentado como si est\u00e1s empezando, Shaliteink hace que la serigraf\u00eda sea un proceso m\u00e1s agradable y gratificante.<\/p>\n<p class=\"ng-star-inserted\"><strong class=\"ng-star-inserted\"><span class=\"ng-star-inserted\">Pautas de curaci\u00f3n:<\/span><\/strong><\/p>\n<ul class=\"ng-star-inserted\">\n<li class=\"ng-star-inserted\">Temperatura de curado: 160 \u00b0C (320 \u00b0F). Aseg\u00farese de que toda la capa de tinta alcance esta temperatura para un curado completo.<\/li>\n<li class=\"ng-star-inserted\">Temperatura del flash: 120 \u00b0C \u2013 140 \u00b0C (248 \u00b0F \u2013 284 \u00b0F). Flash de 3 a 5 segundos, ajust\u00e1ndose seg\u00fan el dispositivo y el grosor del dep\u00f3sito de tinta.<\/li>\n<\/ul>\n<p class=\"ng-star-inserted\"><strong class=\"ng-star-inserted\"><span class=\"ng-star-inserted\">Lograr una cura perfecta:<\/span><\/strong><\/p>\n<p>Una impresi\u00f3n correctamente curada es esencial para su durabilidad. Si bien las pistolas de temperatura superficial son \u00fatiles, pueden ser enga\u00f1osas, ya que solo miden la capa superior. Para un curado preciso, recomendamos usar una sonda de donut o un term\u00f3metro para asegurar que el n\u00facleo de la capa de tinta alcance los 160 \u00b0C.<\/p>\n<p class=\"ng-star-inserted\"><strong class=\"ng-star-inserted\"><span class=\"ng-star-inserted\">Prueba de sus impresiones:<\/span><\/strong><\/p>\n<ul class=\"ng-star-inserted\">\n<li class=\"ng-star-inserted\">Prueba de estiramiento: Tras enfriarse, estire la impresi\u00f3n hasta aproximadamente dos tercios de la elasticidad normal de la prenda. Si la tinta se corre y no se retrae, indica un curado insuficiente.<\/li>\n<li class=\"ng-star-inserted\">Prueba de lavado: Para una prueba definitiva, lave la prenda de 5 a 10 veces. Las impresiones mal curadas se deteriorar\u00e1n despu\u00e9s de 1 a 3 lavados.<\/li>\n<li class=\"ng-star-inserted\">Consejo profesional: Realice siempre una prueba de estiramiento y lavado en una prenda de muestra antes de iniciar la producci\u00f3n completa para confirmar la configuraci\u00f3n \u00f3ptima de curado. Si la prueba falla, prolongue el tratamiento.<\/li>\n<\/ul>\n<p class=\"ng-star-inserted\"><strong class=\"ng-star-inserted\"><span class=\"ng-star-inserted\">Limpieza:<\/span><\/strong><\/p>\n<p>Limpiar despu\u00e9s de una tirada de impresi\u00f3n es f\u00e1cil con Shaliteink.<\/p>\n<ul>\n<li>En prensa: utilice un limpiador de prensa de plastisol espec\u00edfico o un degradante de tinta.<\/li>\n<li>En el fregadero: utilice Plastisol Screen Wash o Ink Degradant para una limpieza profunda de la pantalla.<\/li>\n<\/ul>\n<p class=\"ng-star-inserted\"><strong class=\"ng-star-inserted\"><span class=\"ng-star-inserted\"><img decoding=\"async\" class=\"aligncenter wp-image-4031 size-large\" src=\"https:\/\/shaliteink.com\/wp-content\/uploads\/2025\/04\/Fluorescent-Red-Screen-Printing-Plastisol-Ink-1-1024x683.jpg\" alt=\"Tinta plastisol para serigraf\u00eda roja fluorescente\" width=\"1024\" height=\"683\" srcset=\"https:\/\/shaliteink.com\/wp-content\/uploads\/2025\/04\/Fluorescent-Red-Screen-Printing-Plastisol-Ink-1-1024x683.jpg 1024w, https:\/\/shaliteink.com\/wp-content\/uploads\/2025\/04\/Fluorescent-Red-Screen-Printing-Plastisol-Ink-1-300x200.jpg 300w, https:\/\/shaliteink.com\/wp-content\/uploads\/2025\/04\/Fluorescent-Red-Screen-Printing-Plastisol-Ink-1-768x512.jpg 768w, https:\/\/shaliteink.com\/wp-content\/uploads\/2025\/04\/Fluorescent-Red-Screen-Printing-Plastisol-Ink-1-1536x1024.jpg 1536w, https:\/\/shaliteink.com\/wp-content\/uploads\/2025\/04\/Fluorescent-Red-Screen-Printing-Plastisol-Ink-1-2048x1365.jpg 2048w, https:\/\/shaliteink.com\/wp-content\/uploads\/2025\/04\/Fluorescent-Red-Screen-Printing-Plastisol-Ink-1-18x12.jpg 18w, https:\/\/shaliteink.com\/wp-content\/uploads\/2025\/04\/Fluorescent-Red-Screen-Printing-Plastisol-Ink-1-1200x800.jpg 1200w, https:\/\/shaliteink.com\/wp-content\/uploads\/2025\/04\/Fluorescent-Red-Screen-Printing-Plastisol-Ink-1-150x100.jpg 150w\" sizes=\"(max-width: 1024px) 100vw, 1024px\" \/>Informaci\u00f3n de almacenamiento:<\/span><\/strong><\/p>\n<p>Para mantener la calidad y durabilidad de su tinta plastisol, gu\u00e1rdela a temperatura ambiente, idealmente entre 18 y 32 \u00b0C (65 y 90 \u00b0F). Evite la exposici\u00f3n prolongada a la luz solar directa y a temperaturas superiores a 32 \u00b0C (90 \u00b0F), ya que esto puede solidificar la tinta del envase.<\/p>\n<p>Aviso legal: Todos los colores son aproximados y pueden variar seg\u00fan la configuraci\u00f3n del monitor. Para obtener mejores resultados en telas oscuras, recomendamos imprimir con una base blanca.<\/p>\n<p>&nbsp;<\/p>","protected":false},"excerpt":{"rendered":"<p>Mejore sus proyectos de serigraf\u00eda con la tinta plastisol para serigraf\u00eda roja fluorescente Shaliteink. Como l\u00edder mundial con m\u00e1s de dos d\u00e9cadas de experiencia en fabricaci\u00f3n, Shaliteink le ofrece tintas plastisol premium directamente desde nuestra f\u00e1brica. Nos hemos asociado con marcas de renombre mundial para ofrecerle una tinta que combina colores vibrantes, un rendimiento excepcional y facilidad de uso. Este brillante rojo fluorescente es perfecto para realzar sus dise\u00f1os y garantizar que sus impresiones sean siempre atractivas.<\/p>","protected":false},"featured_media":1499,"comment_status":"open","ping_status":"closed","template":"","meta":[],"product_brand":[],"product_cat":[39],"product_tag":[],"class_list":{"0":"post-1276","1":"product","2":"type-product","3":"status-publish","4":"has-post-thumbnail","6":"product_cat-plastisol-ink","8":"first","9":"instock","10":"shipping-taxable","11":"purchasable","12":"product-type-variable"},"tiered_pricing_type":"fixed","tiered_pricing_fixed_rules":[],"tiered_pricing_product_settings":{"layout":"default","base_unit_name":{"singular":null,"plural":null},"default_variation":null},"tiered_pricing_minimum_quantity":null,"tiered_pricing_roles_data":[],"tiered_pricing_percentage_rules":[],"tiered_pricing_maximum_quantity":null,"tiered_pricing_quantity_step":null,"_links":{"self":[{"href":"https:\/\/shaliteink.com\/es\/wp-json\/wp\/v2\/product\/1276","targetHints":{"allow":["GET"]}}],"collection":[{"href":"https:\/\/shaliteink.com\/es\/wp-json\/wp\/v2\/product"}],"about":[{"href":"https:\/\/shaliteink.com\/es\/wp-json\/wp\/v2\/types\/product"}],"replies":[{"embeddable":true,"href":"https:\/\/shaliteink.com\/es\/wp-json\/wp\/v2\/comments?post=1276"}],"version-history":[{"count":0,"href":"https:\/\/shaliteink.com\/es\/wp-json\/wp\/v2\/product\/1276\/revisions"}],"wp:featuredmedia":[{"embeddable":true,"href":"https:\/\/shaliteink.com\/es\/wp-json\/wp\/v2\/media\/1499"}],"wp:attachment":[{"href":"https:\/\/shaliteink.com\/es\/wp-json\/wp\/v2\/media?parent=1276"}],"wp:term":[{"taxonomy":"product_brand","embeddable":true,"href":"https:\/\/shaliteink.com\/es\/wp-json\/wp\/v2\/product_brand?post=1276"},{"taxonomy":"product_cat","embeddable":true,"href":"https:\/\/shaliteink.com\/es\/wp-json\/wp\/v2\/product_cat?post=1276"},{"taxonomy":"product_tag","embeddable":true,"href":"https:\/\/shaliteink.com\/es\/wp-json\/wp\/v2\/product_tag?post=1276"}],"curies":[{"name":"wp","href":"https:\/\/api.w.org\/{rel}","templated":true}]}}