{"id":1271,"date":"2025-04-12T09:59:43","date_gmt":"2025-04-12T09:59:43","guid":{"rendered":"https:\/\/shaliteink.com\/?post_type=product&#038;p=1271"},"modified":"2025-12-10T11:28:09","modified_gmt":"2025-12-10T11:28:09","slug":"tinta-plastisol-para-serigrafia-de-color-naranja-fluorescente","status":"publish","type":"product","link":"https:\/\/shaliteink.com\/es\/producto\/tinta-plastisol-para-serigrafia-de-color-naranja-fluorescente\/","title":{"rendered":"Tinta plastisol para serigraf\u00eda naranja fluorescente"},"content":{"rendered":"<p class=\"ng-star-inserted\"><strong class=\"ng-star-inserted\"><span class=\"ng-star-inserted\">Beneficios clave que hacen de Shaliteink su mejor opci\u00f3n:<\/span><\/strong><\/p>\n<ul class=\"ng-star-inserted\">\n<li class=\"ng-star-inserted\">Naranja fluorescente vibrante: obtenga impresiones sorprendentes y de alto impacto que llamen la atenci\u00f3n.<\/li>\n<li class=\"ng-star-inserted\">Tratamiento \u00f3ptimo a baja temperatura (160 \u00b0C\/320 \u00b0F): experimente ciclos de producci\u00f3n m\u00e1s r\u00e1pidos, menores costos de energ\u00eda y minimice el quemado o encogimiento de las telas, especialmente en telas sensibles al calor.<\/li>\n<li class=\"ng-star-inserted\">Sensaci\u00f3n suave al tacto: a pesar de su alta opacidad, nuestra tinta plastisol para serigraf\u00eda garantiza un acabado suave y liso en sus telas.<\/li>\n<li class=\"ng-star-inserted\">Opacidad superior: proporciona una cobertura excepcional tanto en telas claras como oscuras, y a menudo requiere menos pasadas.<\/li>\n<li class=\"ng-star-inserted\">Compatibilidad universal con telas: dise\u00f1ado para una excelente adhesi\u00f3n y rendimiento en una amplia gama de materiales, incluidos algod\u00f3n, mezclas de algod\u00f3n y poli\u00e9ster y poli\u00e9ster 100%.<\/li>\n<li class=\"ng-star-inserted\">F\u00f3rmula sin ftalatos: conforme a los est\u00e1ndares de seguridad modernos, una opci\u00f3n segura tanto para impresores como para usuarios.<\/li>\n<li class=\"ng-star-inserted\">F\u00e1cil de trabajar: Formulado para tener una consistencia cremosa y un cuerpo peque\u00f1o, lo que hace que sea un sue\u00f1o imprimirlo, reduciendo la fatiga y mejorando la eficiencia.<\/li>\n<li class=\"ng-star-inserted\">Propiedades de bajo sangrado: desarrollado especialmente para combatir la migraci\u00f3n de tinte en telas de poli\u00e9ster y mezclas de poli\u00e9ster, lo que garantiza que su color naranja vibrante permanezca intacto.<\/li>\n<\/ul>\n<p><img decoding=\"async\" class=\"aligncenter wp-image-4027 size-large\" src=\"https:\/\/shaliteink.com\/wp-content\/uploads\/2025\/04\/Fluorescent-Orange-Screen-Printing-Plastisol-Ink-1024x683.jpg\" alt=\"Tinta plastisol para serigraf\u00eda naranja fluorescente\" width=\"1024\" height=\"683\" srcset=\"https:\/\/shaliteink.com\/wp-content\/uploads\/2025\/04\/Fluorescent-Orange-Screen-Printing-Plastisol-Ink-1024x683.jpg 1024w, https:\/\/shaliteink.com\/wp-content\/uploads\/2025\/04\/Fluorescent-Orange-Screen-Printing-Plastisol-Ink-300x200.jpg 300w, https:\/\/shaliteink.com\/wp-content\/uploads\/2025\/04\/Fluorescent-Orange-Screen-Printing-Plastisol-Ink-768x512.jpg 768w, https:\/\/shaliteink.com\/wp-content\/uploads\/2025\/04\/Fluorescent-Orange-Screen-Printing-Plastisol-Ink-1536x1024.jpg 1536w, https:\/\/shaliteink.com\/wp-content\/uploads\/2025\/04\/Fluorescent-Orange-Screen-Printing-Plastisol-Ink-2048x1365.jpg 2048w, https:\/\/shaliteink.com\/wp-content\/uploads\/2025\/04\/Fluorescent-Orange-Screen-Printing-Plastisol-Ink-18x12.jpg 18w, https:\/\/shaliteink.com\/wp-content\/uploads\/2025\/04\/Fluorescent-Orange-Screen-Printing-Plastisol-Ink-1200x800.jpg 1200w, https:\/\/shaliteink.com\/wp-content\/uploads\/2025\/04\/Fluorescent-Orange-Screen-Printing-Plastisol-Ink-150x100.jpg 150w\" sizes=\"(max-width: 1024px) 100vw, 1024px\" \/><\/p>\n<p class=\"ng-star-inserted\"><strong class=\"ng-star-inserted\"><span class=\"ng-star-inserted\">Libera el poder del naranja fluorescente:<\/span><\/strong><\/p>\n<p>Shaliteink <strong>La tinta plastisol naranja fluorescente es<\/strong> M\u00e1s que un simple color; es una declaraci\u00f3n de intenciones. Perfecta para ropa deportiva, equipo de seguridad, moda o cualquier dise\u00f1o que necesite resaltar, esta tinta ofrece una saturaci\u00f3n profunda y una durabilidad excepcional. Su excepcional opacidad permite obtener resultados brillantes e intensos incluso al imprimir sobre sustratos oscuros, aunque siempre se recomienda una base para obtener el m\u00e1ximo brillo en telas muy oscuras.<\/p>\n<p class=\"ng-star-inserted\"><strong class=\"ng-star-inserted\"><span class=\"ng-star-inserted\">\u00bfPor qu\u00e9 elegir Shaliteink para sus necesidades de serigraf\u00eda?<\/span><\/strong><\/p>\n<p>Como l\u00edder mundial en la venta minorista de tintas para serigraf\u00eda, <strong><a href=\"https:\/\/shaliteink.com\/es\/\">Shaliteink<\/a><\/strong> Entendemos las demandas de la industria. Nuestro modelo directo de f\u00e1brica significa que usted obtiene productos premium. <a href=\"https:\/\/shaliteink.com\/es\/categoria-producto\/tinta-plastisol\/\"><strong>tinta plastisol<\/strong><\/a> Sin el margen de beneficio de intermediarios, ofrecemos una propuesta de valor \u00fanica. Nos comprometemos a proporcionar tintas de alto rendimiento, f\u00e1ciles de usar y consistentes entre lotes. Al elegir Shaliteink, elige un socio comprometido con la fiabilidad, la innovaci\u00f3n y su \u00e9xito. Tanto si es un profesional experimentado como si est\u00e1 empezando en la serigraf\u00eda, nuestras tintas plastisol est\u00e1n dise\u00f1adas para mejorar su t\u00e9cnica.<\/p>\n<p class=\"ng-star-inserted\"><strong class=\"ng-star-inserted\"><span class=\"ng-star-inserted\">Instrucciones de curado para obtener resultados impecables:<\/span><\/strong><\/p>\n<p>Recibir un tratamiento adecuado es importante para la longevidad y lavabilidad de sus impresiones.<\/p>\n<ul>\n<li>Temperatura de curado: Nuestra tinta plastisol naranja fluorescente Shaliteink cura \u00f3ptimamente a 160 \u00b0C (320 \u00b0F). Aseg\u00farese de que toda la capa de tinta alcance esta temperatura para un curado completo.<\/li>\n<li>Temperatura de secado: Para trabajos multicolor o bases, seque a 120 \u00b0C \u2013 140 \u00b0C (248 \u00b0F \u2013 284 \u00b0F) durante aproximadamente 3-5 segundos, dependiendo de la unidad de secado y el espesor del dep\u00f3sito de tinta. La tinta debe estar seca al tacto, pero no completamente curada.<\/li>\n<\/ul>\n<p>Consejo profesional sobre el curado: Las lecturas de la temperatura superficial de la pistola l\u00e1ser pueden ser enga\u00f1osas. Para un curado preciso, es necesario asegurar que la temperatura central de la tinta alcance los 160 \u00b0C (320 \u00b0F). Realice pruebas de estiramiento y lavado antes de la producci\u00f3n completa para confirmar un curado \u00f3ptimo. Si la impresi\u00f3n se rasga o se deteriora despu\u00e9s del lavado, aumente el tiempo o la temperatura de curado. En telas sint\u00e9ticas como el poli\u00e9ster, la baja temperatura de curado de Shaliteink ayuda a prevenir la migraci\u00f3n del tinte, asegurando que el naranja fluorescente se mantenga vibrante y aut\u00e9ntico.<\/p>\n<p class=\"ng-star-inserted\"><strong class=\"ng-star-inserted\"><span class=\"ng-star-inserted\">F\u00e1cil limpieza:<\/span><\/strong><\/p>\n<p>Las tintas plastisol Shaliteink facilitan el mantenimiento de un lugar de trabajo y un equipo limpios.<\/p>\n<ul>\n<li>En prensa: utilice un limpiador de prensa de plastisol espec\u00edfico o un degradante de tinta para limpiar r\u00e1pidamente las pantallas y las escobillas de goma.<\/li>\n<li>En el fregadero: para una recuperaci\u00f3n completa de la pantalla, utilice Plastisol Screen Wash\/Ink Degradant.<\/li>\n<\/ul>\n<p class=\"ng-star-inserted\"><strong class=\"ng-star-inserted\"><span class=\"ng-star-inserted\">Informaci\u00f3n de almacenamiento:<\/span><\/strong><\/p>\n<p>Para mantener la calidad y durabilidad de su tinta plastisol naranja fluorescente Shaliteink, gu\u00e1rdela en un lugar fresco y seco, entre 18 \u00b0C y 32 \u00b0C (65 \u00b0F y 90 \u00b0F), alejada de la luz solar directa. La exposici\u00f3n prolongada a temperaturas superiores a 32 \u00b0C (90 \u00b0F) puede provocar que la tinta se solidifique en el envase.<\/p>\n<p>\u00a1Invierta hoy en Shaliteink y vea c\u00f3mo sus dise\u00f1os brillan! Nuestras tintas plastisol para serigraf\u00eda est\u00e1n dise\u00f1adas con excelencia, brind\u00e1ndole colores brillantes, f\u00e1cil manejo y resultados duraderos. Experimente la diferencia de Shaliteink: calidad confiable a un precio que le encantar\u00e1.<\/p>\n<p><img decoding=\"async\" class=\"aligncenter wp-image-4028 size-large\" src=\"https:\/\/shaliteink.com\/wp-content\/uploads\/2025\/04\/Fluorescent-Orange-Screen-Printing-Plastisol-Ink-1-1024x683.jpg\" alt=\"Tinta plastisol para serigraf\u00eda naranja fluorescente\" width=\"1024\" height=\"683\" srcset=\"https:\/\/shaliteink.com\/wp-content\/uploads\/2025\/04\/Fluorescent-Orange-Screen-Printing-Plastisol-Ink-1-1024x683.jpg 1024w, https:\/\/shaliteink.com\/wp-content\/uploads\/2025\/04\/Fluorescent-Orange-Screen-Printing-Plastisol-Ink-1-300x200.jpg 300w, https:\/\/shaliteink.com\/wp-content\/uploads\/2025\/04\/Fluorescent-Orange-Screen-Printing-Plastisol-Ink-1-768x512.jpg 768w, https:\/\/shaliteink.com\/wp-content\/uploads\/2025\/04\/Fluorescent-Orange-Screen-Printing-Plastisol-Ink-1-1536x1024.jpg 1536w, https:\/\/shaliteink.com\/wp-content\/uploads\/2025\/04\/Fluorescent-Orange-Screen-Printing-Plastisol-Ink-1-2048x1365.jpg 2048w, https:\/\/shaliteink.com\/wp-content\/uploads\/2025\/04\/Fluorescent-Orange-Screen-Printing-Plastisol-Ink-1-18x12.jpg 18w, https:\/\/shaliteink.com\/wp-content\/uploads\/2025\/04\/Fluorescent-Orange-Screen-Printing-Plastisol-Ink-1-1200x800.jpg 1200w, https:\/\/shaliteink.com\/wp-content\/uploads\/2025\/04\/Fluorescent-Orange-Screen-Printing-Plastisol-Ink-1-150x100.jpg 150w\" sizes=\"(max-width: 1024px) 100vw, 1024px\" \/><\/p>","protected":false},"excerpt":{"rendered":"<p>Shaliteink te ofrece la mejor tinta plastisol naranja fluorescente para serigraf\u00eda, dise\u00f1ada para dar vida a tus impresiones con un color brillante y llamativo. Con dos d\u00e9cadas de excelencia en la fabricaci\u00f3n y precios directos de f\u00e1brica, ayudamos a los serigrafistas a lograr resultados profesionales sin sacrificar la calidad ni el presupuesto. Nuestra estrecha colaboraci\u00f3n con marcas de renombre mundial garantiza que cada gota de tinta plastisol Shaliteink cumpla con los m\u00e1s altos est\u00e1ndares de la industria.<\/p>","protected":false},"featured_media":1501,"comment_status":"open","ping_status":"closed","template":"","meta":[],"product_brand":[],"product_cat":[39],"product_tag":[],"class_list":{"0":"post-1271","1":"product","2":"type-product","3":"status-publish","4":"has-post-thumbnail","6":"product_cat-plastisol-ink","8":"first","9":"instock","10":"shipping-taxable","11":"purchasable","12":"product-type-variable"},"tiered_pricing_type":"fixed","tiered_pricing_fixed_rules":[],"tiered_pricing_product_settings":{"layout":"default","base_unit_name":{"singular":null,"plural":null},"default_variation":null},"tiered_pricing_minimum_quantity":null,"tiered_pricing_roles_data":[],"tiered_pricing_percentage_rules":[],"tiered_pricing_maximum_quantity":null,"tiered_pricing_quantity_step":null,"_links":{"self":[{"href":"https:\/\/shaliteink.com\/es\/wp-json\/wp\/v2\/product\/1271","targetHints":{"allow":["GET"]}}],"collection":[{"href":"https:\/\/shaliteink.com\/es\/wp-json\/wp\/v2\/product"}],"about":[{"href":"https:\/\/shaliteink.com\/es\/wp-json\/wp\/v2\/types\/product"}],"replies":[{"embeddable":true,"href":"https:\/\/shaliteink.com\/es\/wp-json\/wp\/v2\/comments?post=1271"}],"version-history":[{"count":0,"href":"https:\/\/shaliteink.com\/es\/wp-json\/wp\/v2\/product\/1271\/revisions"}],"wp:featuredmedia":[{"embeddable":true,"href":"https:\/\/shaliteink.com\/es\/wp-json\/wp\/v2\/media\/1501"}],"wp:attachment":[{"href":"https:\/\/shaliteink.com\/es\/wp-json\/wp\/v2\/media?parent=1271"}],"wp:term":[{"taxonomy":"product_brand","embeddable":true,"href":"https:\/\/shaliteink.com\/es\/wp-json\/wp\/v2\/product_brand?post=1271"},{"taxonomy":"product_cat","embeddable":true,"href":"https:\/\/shaliteink.com\/es\/wp-json\/wp\/v2\/product_cat?post=1271"},{"taxonomy":"product_tag","embeddable":true,"href":"https:\/\/shaliteink.com\/es\/wp-json\/wp\/v2\/product_tag?post=1271"}],"curies":[{"name":"wp","href":"https:\/\/api.w.org\/{rel}","templated":true}]}}