{"id":1266,"date":"2025-04-12T09:53:35","date_gmt":"2025-04-12T09:53:35","guid":{"rendered":"https:\/\/shaliteink.com\/?post_type=product&#038;p=1266"},"modified":"2025-12-10T09:21:51","modified_gmt":"2025-12-10T09:21:51","slug":"tinta-plastisol-para-serigrafia-de-color-amarillo-fluorescente","status":"publish","type":"product","link":"https:\/\/shaliteink.com\/es\/producto\/tinta-plastisol-para-serigrafia-de-color-amarillo-fluorescente\/","title":{"rendered":"Tinta plastisol para serigraf\u00eda amarilla fluorescente"},"content":{"rendered":"<p class=\"ng-star-inserted\"><strong class=\"ng-star-inserted\"><span class=\"ng-star-inserted\">Beneficios clave de la tinta plastisol amarilla fluorescente Shaliteink:<\/span><\/strong><\/p>\n<ul class=\"ng-star-inserted\">\n<li class=\"ng-star-inserted\">Amarillo fluorescente vibrante: obtenga impresiones llamativas y de alto impacto que realmente se destaquen.<\/li>\n<li class=\"ng-star-inserted\">Impresi\u00f3n suave a mano: disfrute de una sensaci\u00f3n suave y c\u00f3moda en sus prendas terminadas.<\/li>\n<li class=\"ng-star-inserted\">Compatibilidad universal con tejidos: Excelente adhesi\u00f3n y rendimiento en una amplia gama de tejidos.<\/li>\n<li class=\"ng-star-inserted\">Bajo sangrado para mezclas de poli\u00e9ster: reduce la migraci\u00f3n del tinte, lo cual es especialmente importante para mezclas de poli\u00e9ster.<\/li>\n<li class=\"ng-star-inserted\">F\u00f3rmula sin ftalatos: una opci\u00f3n segura tanto para la impresora como para el usuario final.<\/li>\n<li class=\"ng-star-inserted\">Cobertura altamente opaca: proporciona una excelente saturaci\u00f3n de color tanto en telas claras como oscuras.<\/li>\n<li class=\"ng-star-inserted\">F\u00e1cil de trabajar: Textura cremosa y cuerpo peque\u00f1o para una impresi\u00f3n sin esfuerzo.<\/li>\n<li class=\"ng-star-inserted\">Curado r\u00e1pido a 160\u00b0C: Acelera la producci\u00f3n y reduce los costos de energ\u00eda.<\/li>\n<li class=\"ng-star-inserted\">Temperatura de flash optimizada: flash a 120-140 \u00b0C para un secado intermedio r\u00e1pido.<\/li>\n<li class=\"ng-star-inserted\">Calidad directa de f\u00e1brica: Benef\u00edciese de nuestros veinte a\u00f1os de excelencia en la fabricaci\u00f3n.<\/li>\n<\/ul>\n<ul class=\"ng-star-inserted\">\n<li class=\"ng-star-inserted\"><img decoding=\"async\" class=\"aligncenter wp-image-4025 size-large\" src=\"https:\/\/shaliteink.com\/wp-content\/uploads\/2025\/04\/Fluorescent-Yellow-Screen-Printing-Plastisol-Ink-1-1024x683.jpg\" alt=\"Tinta plastisol para serigraf\u00eda amarilla fluorescente\" width=\"1024\" height=\"683\" srcset=\"https:\/\/shaliteink.com\/wp-content\/uploads\/2025\/04\/Fluorescent-Yellow-Screen-Printing-Plastisol-Ink-1-1024x683.jpg 1024w, https:\/\/shaliteink.com\/wp-content\/uploads\/2025\/04\/Fluorescent-Yellow-Screen-Printing-Plastisol-Ink-1-300x200.jpg 300w, https:\/\/shaliteink.com\/wp-content\/uploads\/2025\/04\/Fluorescent-Yellow-Screen-Printing-Plastisol-Ink-1-768x512.jpg 768w, https:\/\/shaliteink.com\/wp-content\/uploads\/2025\/04\/Fluorescent-Yellow-Screen-Printing-Plastisol-Ink-1-1536x1024.jpg 1536w, https:\/\/shaliteink.com\/wp-content\/uploads\/2025\/04\/Fluorescent-Yellow-Screen-Printing-Plastisol-Ink-1-2048x1365.jpg 2048w, https:\/\/shaliteink.com\/wp-content\/uploads\/2025\/04\/Fluorescent-Yellow-Screen-Printing-Plastisol-Ink-1-18x12.jpg 18w, https:\/\/shaliteink.com\/wp-content\/uploads\/2025\/04\/Fluorescent-Yellow-Screen-Printing-Plastisol-Ink-1-1200x800.jpg 1200w, https:\/\/shaliteink.com\/wp-content\/uploads\/2025\/04\/Fluorescent-Yellow-Screen-Printing-Plastisol-Ink-1-150x100.jpg 150w\" sizes=\"(max-width: 1024px) 100vw, 1024px\" \/><\/li>\n<\/ul>\n<p>Shaliteink <strong>Tinta plastisol amarilla fluorescente<\/strong> Est\u00e1 dise\u00f1ado para serigrafistas que exigen resultados impresionantes y flujos de trabajo eficientes. Este producto premium <strong><a href=\"https:\/\/shaliteink.com\/es\/screen-printing-ink\/\">tinta de serigraf\u00eda<\/a><\/strong> Cura a una temperatura baja de 160 \u00b0C, lo que reduce significativamente el tiempo de secado y el riesgo de que la prenda se queme o encoja, especialmente al trabajar con telas sensibles a la temperatura. La consistencia f\u00e1cil de trabajar de la tinta garantiza una impresi\u00f3n uniforme, mientras que su alta opacidad proporciona una excelente cobertura y colores vivos, incluso sin base, en muchas telas.<\/p>\n<p>Nuestras tintas plastisol son una innovaci\u00f3n para los talleres que buscan aumentar la productividad y reducir los costos operativos. Temperaturas m\u00e1s bajas implican un menor consumo de energ\u00eda para su secadora de cinta transportadora y plazos de entrega m\u00e1s r\u00e1pidos para sus proyectos. Este tono amarillo fluorescente es perfecto para a\u00f1adir un color brillante y en\u00e9rgico a cualquier dise\u00f1o, haciendo que su impresi\u00f3n sea inolvidable.<\/p>\n<p class=\"ng-star-inserted\"><strong class=\"ng-star-inserted\"><span class=\"ng-star-inserted\">Caracter\u00edsticas que hacen que Shaliteink se destaque:<\/span><\/strong><\/p>\n<ul class=\"ng-star-inserted\">\n<li style=\"list-style-type: none;\">\n<ul class=\"ng-star-inserted\">\n<li class=\"ng-star-inserted\">Color atrevido e inconfundible: este tono amarillo fluorescente est\u00e1 dise\u00f1ado para llamar la atenci\u00f3n.<\/li>\n<\/ul>\n<\/li>\n<\/ul>\n<p>Opacidad superior: logre una fuerte vitalidad de color en una variedad de colores de prendas.<\/p>\n<ul class=\"ng-star-inserted\">\n<li class=\"ng-star-inserted\">Cremoso y f\u00e1cil de imprimir: formulado para pasadas suaves y consistentes en la prensa.<\/li>\n<li class=\"ng-star-inserted\">Excelente durabilidad al lavado: las impresiones conservan su integridad y brillo incluso despu\u00e9s de m\u00faltiples lavados.<\/li>\n<li class=\"ng-star-inserted\">TIEMPOS DE FLASH BAJOS: Acelera los trabajos multicolores con un secado intermedio eficiente.<\/li>\n<li>Calidad constante: respaldada por dos d\u00e9cadas de experiencia en fabricaci\u00f3n de Shaliteink.<\/li>\n<\/ul>\n<p class=\"ng-star-inserted\"><strong class=\"ng-star-inserted\"><span class=\"ng-star-inserted\">Instrucciones de curado para la tinta plastisol amarilla fluorescente Shaliteink:<\/span><\/strong><\/p>\n<p>Para garantizar una adhesi\u00f3n \u00f3ptima y resistencia al lavado, cure su tinta Shaliteink <strong><a href=\"https:\/\/shaliteink.com\/es\/categoria-producto\/tinta-plastisol\/\">tintas plastisol<\/a><\/strong> a 160\u00b0C (320\u00b0F) en toda la capa de tinta.<\/p>\n<ul>\n<li>Temperatura de secado r\u00e1pido: 120-140 \u00b0C (248-284 \u00b0F) durante 3-5 segundos. Ajuste seg\u00fan sea necesario seg\u00fan su secadora y configuraci\u00f3n.<\/li>\n<li>Curado completo: La tinta est\u00e1 completamente curada cuando toda la capa alcanza los 160 \u00b0C. Las lecturas de temperatura superficial de las pistolas l\u00e1ser pueden ser enga\u00f1osas; para obtener lecturas precisas, se recomiendan sondas de d\u00f3nut o tiras de temperatura para confirmar la temperatura central.<\/li>\n<li>Prueba de lavado: Realice siempre una prueba de lavado despu\u00e9s de instalar una nueva configuraci\u00f3n de secadora. Generalmente, se requieren de 5 a 10 lavados para una prueba completa, pero el problema empeorar\u00e1 despu\u00e9s de 1 a 3 lavados si el tratamiento es muy breve.<\/li>\n<li>Prueba de estiramiento: Para una prueba r\u00e1pida, estire la prenda impresa hasta aproximadamente 2\/3 de su elasticidad normal. Si la impresi\u00f3n se rasga demasiado y no se retrae, es posible que no cicatrice correctamente.<\/li>\n<li>Migraci\u00f3n de tintes en mezclas de poli\u00e9ster: Nuestra f\u00f3rmula de bajo sangrado ayuda a minimizar la migraci\u00f3n de tintes. El curado a la temperatura recomendada de 160 \u00b0C, que suele ser inferior a la temperatura de fijaci\u00f3n de muchos tejidos de poli\u00e9ster (270-300 \u00b0F), reduce a\u00fan m\u00e1s el riesgo de que los tintes se desti\u00f1an en sus vibrantes tintas de serigraf\u00eda.<\/li>\n<\/ul>\n<p class=\"ng-star-inserted\"><strong class=\"ng-star-inserted\"><span class=\"ng-star-inserted\">Limpieza:<\/span><\/strong><\/p>\n<p>Limpieza despu\u00e9s de usar <strong><a href=\"https:\/\/shaliteink.com\/es\/\">Shaliteink<\/a><\/strong> La tinta plastisol es sencilla:<\/p>\n<ul>\n<li>En la prensa: utilice un limpiador de prensa de plastisol espec\u00edfico o un degradante de tinta para limpiar las pantallas y la escobilla de goma.<br \/>\ns.<\/li>\n<li>En el fregadero: utilice Plastisol Screen Wash o Ink Degradant para una limpieza profunda de la pantalla.<\/li>\n<\/ul>\n<p class=\"ng-star-inserted\"><strong class=\"ng-star-inserted\"><span class=\"ng-star-inserted\">Informaci\u00f3n de almacenamiento:<\/span><\/strong><\/p>\n<p>Guarde su tinta Plastisol Shaliteink a temperatura ambiente, idealmente entre 18 y 32 \u00b0C (65 y 90 \u00b0F), y alejada de la luz solar directa. La exposici\u00f3n prolongada a temperaturas superiores a este l\u00edmite puede provocar que la tinta en su envase se seque prematuramente.<\/p>\n<p>Shaliteink es su proveedor de confianza de tintas de serigraf\u00eda de alta calidad. Nuestra tinta plastisol amarilla fluorescente ofrece un rendimiento superior, facilidad de uso y una excelente relaci\u00f3n calidad-precio, lo que la convierte en la opci\u00f3n ideal tanto para serigrafistas profesionales como para principiantes. \u00a1Compre ahora y mejore sus impresiones con Shaliteink!<\/p>\n<p>&nbsp;<\/p>\n<p><img decoding=\"async\" class=\"aligncenter wp-image-4024 size-large\" src=\"https:\/\/shaliteink.com\/wp-content\/uploads\/2025\/04\/Fluorescent-Yellow-Screen-Printing-Plastisol-Ink-1024x683.jpg\" alt=\"Tinta plastisol para serigraf\u00eda amarilla fluorescente\" width=\"1024\" height=\"683\" srcset=\"https:\/\/shaliteink.com\/wp-content\/uploads\/2025\/04\/Fluorescent-Yellow-Screen-Printing-Plastisol-Ink-1024x683.jpg 1024w, https:\/\/shaliteink.com\/wp-content\/uploads\/2025\/04\/Fluorescent-Yellow-Screen-Printing-Plastisol-Ink-300x200.jpg 300w, https:\/\/shaliteink.com\/wp-content\/uploads\/2025\/04\/Fluorescent-Yellow-Screen-Printing-Plastisol-Ink-768x512.jpg 768w, https:\/\/shaliteink.com\/wp-content\/uploads\/2025\/04\/Fluorescent-Yellow-Screen-Printing-Plastisol-Ink-1536x1024.jpg 1536w, https:\/\/shaliteink.com\/wp-content\/uploads\/2025\/04\/Fluorescent-Yellow-Screen-Printing-Plastisol-Ink-2048x1365.jpg 2048w, https:\/\/shaliteink.com\/wp-content\/uploads\/2025\/04\/Fluorescent-Yellow-Screen-Printing-Plastisol-Ink-18x12.jpg 18w, https:\/\/shaliteink.com\/wp-content\/uploads\/2025\/04\/Fluorescent-Yellow-Screen-Printing-Plastisol-Ink-1200x800.jpg 1200w, https:\/\/shaliteink.com\/wp-content\/uploads\/2025\/04\/Fluorescent-Yellow-Screen-Printing-Plastisol-Ink-150x100.jpg 150w\" sizes=\"(max-width: 1024px) 100vw, 1024px\" \/><\/p>","protected":false},"excerpt":{"rendered":"<p>Experimente una viveza y eficiencia de impresi\u00f3n inigualables con la tinta plastisol amarilla fluorescente para serigraf\u00eda de Shaliteink. Como l\u00edder mundial en suministros para serigraf\u00eda con dos d\u00e9cadas de experiencia en fabricaci\u00f3n, Shaliteink ofrece la calidad directa de f\u00e1brica en la que conf\u00edan los profesionales. Colaboramos con marcas de renombre mundial para brindarle soluciones de tinta plastisol que superan las expectativas.<\/p>","protected":false},"featured_media":1497,"comment_status":"open","ping_status":"closed","template":"","meta":[],"product_brand":[],"product_cat":[39],"product_tag":[],"class_list":{"0":"post-1266","1":"product","2":"type-product","3":"status-publish","4":"has-post-thumbnail","6":"product_cat-plastisol-ink","8":"first","9":"instock","10":"shipping-taxable","11":"purchasable","12":"product-type-variable"},"tiered_pricing_type":"fixed","tiered_pricing_fixed_rules":[],"tiered_pricing_product_settings":{"layout":"default","base_unit_name":{"singular":null,"plural":null},"default_variation":null},"tiered_pricing_minimum_quantity":null,"tiered_pricing_roles_data":[],"tiered_pricing_percentage_rules":[],"tiered_pricing_maximum_quantity":null,"tiered_pricing_quantity_step":null,"_links":{"self":[{"href":"https:\/\/shaliteink.com\/es\/wp-json\/wp\/v2\/product\/1266","targetHints":{"allow":["GET"]}}],"collection":[{"href":"https:\/\/shaliteink.com\/es\/wp-json\/wp\/v2\/product"}],"about":[{"href":"https:\/\/shaliteink.com\/es\/wp-json\/wp\/v2\/types\/product"}],"replies":[{"embeddable":true,"href":"https:\/\/shaliteink.com\/es\/wp-json\/wp\/v2\/comments?post=1266"}],"version-history":[{"count":0,"href":"https:\/\/shaliteink.com\/es\/wp-json\/wp\/v2\/product\/1266\/revisions"}],"wp:featuredmedia":[{"embeddable":true,"href":"https:\/\/shaliteink.com\/es\/wp-json\/wp\/v2\/media\/1497"}],"wp:attachment":[{"href":"https:\/\/shaliteink.com\/es\/wp-json\/wp\/v2\/media?parent=1266"}],"wp:term":[{"taxonomy":"product_brand","embeddable":true,"href":"https:\/\/shaliteink.com\/es\/wp-json\/wp\/v2\/product_brand?post=1266"},{"taxonomy":"product_cat","embeddable":true,"href":"https:\/\/shaliteink.com\/es\/wp-json\/wp\/v2\/product_cat?post=1266"},{"taxonomy":"product_tag","embeddable":true,"href":"https:\/\/shaliteink.com\/es\/wp-json\/wp\/v2\/product_tag?post=1266"}],"curies":[{"name":"wp","href":"https:\/\/api.w.org\/{rel}","templated":true}]}}