{"id":1254,"date":"2025-04-12T09:47:33","date_gmt":"2025-04-12T09:47:33","guid":{"rendered":"https:\/\/shaliteink.com\/?post_type=product&#038;p=1254"},"modified":"2025-12-10T11:28:47","modified_gmt":"2025-12-10T11:28:47","slug":"tinta-plastisol-para-serigrafia-verde-fluorescente","status":"publish","type":"product","link":"https:\/\/shaliteink.com\/es\/producto\/tinta-plastisol-para-serigrafia-verde-fluorescente\/","title":{"rendered":"Tinta plastisol para serigraf\u00eda verde fluorescente"},"content":{"rendered":"<h2 class=\"ng-star-inserted\"><span class=\"ng-star-inserted\">Tinta plastisol para serigraf\u00eda verde fluorescente Shaliteink: tonos vibrantes, impresiones sin esfuerzo<\/span><\/h2>\n<h4 class=\"ng-star-inserted\"><span class=\"ng-star-inserted\">Descripci\u00f3n del Producto<\/span><\/h4>\n<p class=\"ng-star-inserted\">Libere una explosi\u00f3n de color electrizante con la tinta plastisol verde fluorescente para serigraf\u00eda Shaliteink. Esta tinta plastisol de alto rendimiento est\u00e1 especialmente formulada para ofrecer un color verde fluorescente brillante y atractivo en una amplia gama de telas. Con una consistencia cremosa y f\u00e1cil de usar, y un cuerpo compacto, garantiza impresiones suaves y uniformes en todo momento, minimizando el tiempo de configuraci\u00f3n y maximizando su productividad. Nuestra f\u00f3rmula avanzada garantiza una excelente opacidad, permiti\u00e9ndole lograr colores vibrantes incluso en telas oscuras, sin necesidad de usar bases frecuentes.<\/p>\n<p>Adem\u00e1s de su atractivo visual, nuestro <strong>tinta plastisol verde fluorescente<\/strong> Ofrece importantes ventajas operativas. Con una temperatura baja de tan solo 160 \u00b0C (320 \u00b0F), ayuda a evitar que las prendas se quemen y encojan, especialmente al trabajar con mezclas sensibles a la temperatura como el poli\u00e9ster. Este l\u00edmite de tratamiento m\u00e1s bajo no solo protege sus prendas, sino que tambi\u00e9n contribuye al ahorro de energ\u00eda al reducir la demanda de su secadora de cinta transportadora. Experimente la suavidad que mantiene sus impresiones c\u00f3modas y duraderas incluso despu\u00e9s de innumerables lavados. Ya sea que est\u00e9 creando prendas personalizadas, art\u00edculos promocionales o dise\u00f1os art\u00edsticos, la serigraf\u00eda verde fluorescente Shaliteink... <strong><a href=\"https:\/\/shaliteink.com\/es\/categoria-producto\/tinta-plastisol\/\">tinta plastisol<\/a><\/strong> Brindamos la confiabilidad y calidad que necesita para que sus proyectos se destaquen.<\/p>\n<h3><img decoding=\"async\" class=\"aligncenter wp-image-4021 size-large\" src=\"https:\/\/shaliteink.com\/wp-content\/uploads\/2025\/04\/Fluorescent-Green-Screen-Printing-Plastisol-Ink-1024x683.jpg\" alt=\"Tinta plastisol para serigraf\u00eda verde fluorescente\" width=\"1024\" height=\"683\" srcset=\"https:\/\/shaliteink.com\/wp-content\/uploads\/2025\/04\/Fluorescent-Green-Screen-Printing-Plastisol-Ink-1024x683.jpg 1024w, https:\/\/shaliteink.com\/wp-content\/uploads\/2025\/04\/Fluorescent-Green-Screen-Printing-Plastisol-Ink-300x200.jpg 300w, https:\/\/shaliteink.com\/wp-content\/uploads\/2025\/04\/Fluorescent-Green-Screen-Printing-Plastisol-Ink-768x512.jpg 768w, https:\/\/shaliteink.com\/wp-content\/uploads\/2025\/04\/Fluorescent-Green-Screen-Printing-Plastisol-Ink-1536x1024.jpg 1536w, https:\/\/shaliteink.com\/wp-content\/uploads\/2025\/04\/Fluorescent-Green-Screen-Printing-Plastisol-Ink-2048x1365.jpg 2048w, https:\/\/shaliteink.com\/wp-content\/uploads\/2025\/04\/Fluorescent-Green-Screen-Printing-Plastisol-Ink-18x12.jpg 18w, https:\/\/shaliteink.com\/wp-content\/uploads\/2025\/04\/Fluorescent-Green-Screen-Printing-Plastisol-Ink-1200x800.jpg 1200w, https:\/\/shaliteink.com\/wp-content\/uploads\/2025\/04\/Fluorescent-Green-Screen-Printing-Plastisol-Ink-150x100.jpg 150w\" sizes=\"(max-width: 1024px) 100vw, 1024px\" \/><\/h3>\n<h3 class=\"ng-star-inserted\"><span class=\"ng-star-inserted\">Beneficios clave de <strong><a href=\"https:\/\/shaliteink.com\/es\/\">Shaliteink<\/a><\/strong> Tinta plastisol verde fluorescente:<\/span><\/h3>\n<ul class=\"ng-star-inserted\">\n<li class=\"ng-star-inserted\">Verde fluorescente vibrante: obtenga colores atrevidos y electrizantes que llamen la atenci\u00f3n.<\/li>\n<li class=\"ng-star-inserted\">Opacidad \u00f3ptima: proporciona una excelente cobertura, incluso en sustratos oscuros, para obtener impresiones v\u00edvidas.<\/li>\n<li class=\"ng-star-inserted\">Impresi\u00f3n suave a mano: garantiza una sensaci\u00f3n c\u00f3moda y flexible en sus prendas terminadas.<\/li>\n<li class=\"ng-star-inserted\">F\u00e1cil de trabajar: Consistencia cremosa sin enjuague para aplicaciones suaves y consistentes.<\/li>\n<li class=\"ng-star-inserted\">Compatibilidad universal con telas: funciona excepcionalmente bien en una amplia variedad de telas, incluido el algod\u00f3n 100%, mezclas de algod\u00f3n y poli\u00e9ster y poli\u00e9ster (con tecnolog\u00edas adecuadas de bajo sangrado).<\/li>\n<li class=\"ng-star-inserted\">Baja temperatura: Cura eficientemente a 160 \u00b0C (320 \u00b0F), lo que reduce el quemado y el encogimiento de las telas.<\/li>\n<li class=\"ng-star-inserted\">Tiempos de flash r\u00e1pidos: logra un flash \u00f3ptimo a 120 \u00b0C-140 \u00b0C (248 \u00b0F-284 \u00b0F) para operaciones r\u00e1pidas de impresi\u00f3n-flash-impresi\u00f3n.<\/li>\n<li class=\"ng-star-inserted\">F\u00f3rmula sin ftalatos: respetuosa con el medio ambiente y segura para los usuarios.<\/li>\n<li class=\"ng-star-inserted\">Acabado semibrillante: proporciona un aspecto profesional y atractivo a sus impresiones.<\/li>\n<li class=\"ng-star-inserted\">Calidad directa de f\u00e1brica: Benef\u00edciese de dos d\u00e9cadas de excelencia en la fabricaci\u00f3n y suministro directo.<\/li>\n<\/ul>\n<h3 class=\"ng-star-inserted\"><span class=\"ng-star-inserted\">Instrucciones de curado:<\/span><\/h3>\n<p>El curado completo es fundamental para la durabilidad de la impresi\u00f3n. La tinta plastisol verde fluorescente Shaliteink est\u00e1 dise\u00f1ada para un curado eficiente a bajas temperaturas.<\/p>\n<ul>\n<li>Temperatura de curado: 160\u00b0C (320\u00b0F) en toda la capa de tinta.<\/li>\n<li>Temperatura de flash: 120\u00b0C-140\u00b0C (248\u00b0F-284\u00b0F) durante 3-5 segundos.<\/li>\n<\/ul>\n<p>Instrucciones importantes de curado: Para garantizar un curado adecuado, recomendamos encarecidamente realizar una prueba de estiramiento y una prueba de lavado antes de la producci\u00f3n completa. Estire la prenda impresa aproximadamente dos tercios de su longitud; si la tinta se corre y no se retrae, indica un curado insuficiente. Para una prueba exhaustiva, realice de 5 a 10 lavados para confirmar el curado completo. Si la prueba falla, prolongue el tiempo de secado.<\/p>\n<p>Migraci\u00f3n de Tinte en Mezclas de Poli\u00e9ster: Nuestra baja temperatura de curado ayuda a reducir la migraci\u00f3n de tinte, un problema com\u00fan en las telas de poli\u00e9ster. Los tintes de poli\u00e9ster suelen desgasificarse a temperaturas superiores a 132 \u00b0C (270 \u00b0F). Al curar eficientemente nuestras tintas plastisol a 160 \u00b0C (320 \u00b0F), minimiza el riesgo de que el tinte se desti\u00f1a en sus vibrantes impresiones verdes fluorescentes. Realice siempre pruebas preliminares en los nuevos tipos de tela para optimizar los par\u00e1metros de curado. Recuerde que las lecturas de temperatura superficial de las pistolas l\u00e1ser pueden ser enga\u00f1osas. El objetivo es garantizar que toda la capa de tinta alcance la temperatura de curado deseada.<\/p>\n<h3 class=\"ng-star-inserted\"><span class=\"ng-star-inserted\">Limpieza:<\/span><\/h3>\n<p>El mantenimiento de su equipo es f\u00e1cil con las tintas plastisol Shalitink:<\/p>\n<ul>\n<li>Limpieza en prensa: utilice un limpiador de prensa Plastisol espec\u00edfico o un degradante de tinta.<\/li>\n<li>Lavado de pantalla: utilice Plastisol Screen Wash o Degradant de tinta para una limpieza profunda de la pantalla.<\/li>\n<\/ul>\n<h3><img decoding=\"async\" class=\"aligncenter wp-image-4022 size-large\" src=\"https:\/\/shaliteink.com\/wp-content\/uploads\/2025\/04\/Fluorescent-Green-Screen-Printing-Plastisol-Ink-1-1024x683.jpg\" alt=\"Tinta plastisol para serigraf\u00eda verde fluorescente\" width=\"1024\" height=\"683\" srcset=\"https:\/\/shaliteink.com\/wp-content\/uploads\/2025\/04\/Fluorescent-Green-Screen-Printing-Plastisol-Ink-1-1024x683.jpg 1024w, https:\/\/shaliteink.com\/wp-content\/uploads\/2025\/04\/Fluorescent-Green-Screen-Printing-Plastisol-Ink-1-300x200.jpg 300w, https:\/\/shaliteink.com\/wp-content\/uploads\/2025\/04\/Fluorescent-Green-Screen-Printing-Plastisol-Ink-1-768x512.jpg 768w, https:\/\/shaliteink.com\/wp-content\/uploads\/2025\/04\/Fluorescent-Green-Screen-Printing-Plastisol-Ink-1-1536x1024.jpg 1536w, https:\/\/shaliteink.com\/wp-content\/uploads\/2025\/04\/Fluorescent-Green-Screen-Printing-Plastisol-Ink-1-2048x1365.jpg 2048w, https:\/\/shaliteink.com\/wp-content\/uploads\/2025\/04\/Fluorescent-Green-Screen-Printing-Plastisol-Ink-1-18x12.jpg 18w, https:\/\/shaliteink.com\/wp-content\/uploads\/2025\/04\/Fluorescent-Green-Screen-Printing-Plastisol-Ink-1-1200x800.jpg 1200w, https:\/\/shaliteink.com\/wp-content\/uploads\/2025\/04\/Fluorescent-Green-Screen-Printing-Plastisol-Ink-1-150x100.jpg 150w\" sizes=\"(max-width: 1024px) 100vw, 1024px\" \/><\/h3>\n<h3 class=\"ng-star-inserted\"><span class=\"ng-star-inserted\">Consejos profesionales para la tinta Shaliteink Plastisol:<\/span><\/h3>\n<ul>\n<li>Recomendaci\u00f3n de base: para lograr m\u00e1xima vitalidad y opacidad en telas muy oscuras, considere imprimir con base blanca.<\/li>\n<li>Almacenamiento: Conserve la tinta plastisol a temperatura ambiente (18-32 \u00b0C\/65-90 \u00b0F), alejada de la luz solar directa. La exposici\u00f3n prolongada a temperaturas superiores a 32 \u00b0C (90 \u00b0F) puede provocar que la tinta se solidifique en el envase.<\/li>\n<li>Adherencia: Recuerde que las tintas plastisol forman una uni\u00f3n mec\u00e1nica al envolver las fibras de la tela en lugar de te\u00f1irlas. Esto garantiza una durabilidad superior y una retenci\u00f3n de color vibrante.<\/li>\n<\/ul>\n<p>\u00a1Consigue lo mejor al precio m\u00e1s bajo! Compra lo mejor. <strong>tintas de serigraf\u00eda<\/strong> Tintas plastisol vibrantes a precios inmejorables. Perfectas para cualquier proyecto. \u00a1Haz clic para ver nuestras ofertas!<\/p>","protected":false},"excerpt":{"rendered":"<p>Shaliteink es l\u00edder mundial en la venta de tinta plastisol para serigraf\u00eda, con veinte a\u00f1os de experiencia en fabricaci\u00f3n y venta directa de f\u00e1brica. Colaboramos estrechamente con numerosas marcas de renombre internacional para ofrecerle tintas plastisol de primera calidad. Nuestra tinta plastisol verde fluorescente para serigraf\u00eda est\u00e1 dise\u00f1ada para producir resultados impactantes y vibrantes con excepcional facilidad, lo que la convierte en la opci\u00f3n ideal tanto para profesionales experimentados como para quienes se inician en la serigraf\u00eda.<\/p>","protected":false},"featured_media":1503,"comment_status":"open","ping_status":"closed","template":"","meta":[],"product_brand":[],"product_cat":[39],"product_tag":[],"class_list":{"0":"post-1254","1":"product","2":"type-product","3":"status-publish","4":"has-post-thumbnail","6":"product_cat-plastisol-ink","8":"first","9":"instock","10":"shipping-taxable","11":"purchasable","12":"product-type-variable"},"tiered_pricing_type":"fixed","tiered_pricing_fixed_rules":[],"tiered_pricing_product_settings":{"layout":"default","base_unit_name":{"singular":null,"plural":null},"default_variation":null},"tiered_pricing_minimum_quantity":null,"tiered_pricing_roles_data":[],"tiered_pricing_percentage_rules":[],"tiered_pricing_maximum_quantity":null,"tiered_pricing_quantity_step":null,"_links":{"self":[{"href":"https:\/\/shaliteink.com\/es\/wp-json\/wp\/v2\/product\/1254","targetHints":{"allow":["GET"]}}],"collection":[{"href":"https:\/\/shaliteink.com\/es\/wp-json\/wp\/v2\/product"}],"about":[{"href":"https:\/\/shaliteink.com\/es\/wp-json\/wp\/v2\/types\/product"}],"replies":[{"embeddable":true,"href":"https:\/\/shaliteink.com\/es\/wp-json\/wp\/v2\/comments?post=1254"}],"version-history":[{"count":0,"href":"https:\/\/shaliteink.com\/es\/wp-json\/wp\/v2\/product\/1254\/revisions"}],"wp:featuredmedia":[{"embeddable":true,"href":"https:\/\/shaliteink.com\/es\/wp-json\/wp\/v2\/media\/1503"}],"wp:attachment":[{"href":"https:\/\/shaliteink.com\/es\/wp-json\/wp\/v2\/media?parent=1254"}],"wp:term":[{"taxonomy":"product_brand","embeddable":true,"href":"https:\/\/shaliteink.com\/es\/wp-json\/wp\/v2\/product_brand?post=1254"},{"taxonomy":"product_cat","embeddable":true,"href":"https:\/\/shaliteink.com\/es\/wp-json\/wp\/v2\/product_cat?post=1254"},{"taxonomy":"product_tag","embeddable":true,"href":"https:\/\/shaliteink.com\/es\/wp-json\/wp\/v2\/product_tag?post=1254"}],"curies":[{"name":"wp","href":"https:\/\/api.w.org\/{rel}","templated":true}]}}