{"id":1212,"date":"2025-04-11T09:43:50","date_gmt":"2025-04-11T09:43:50","guid":{"rendered":"https:\/\/shaliteink.com\/?post_type=product&#038;p=1212"},"modified":"2025-12-10T11:31:33","modified_gmt":"2025-12-10T11:31:33","slug":"tinta-plastisol-para-serigrafia-azul-fluorescente","status":"publish","type":"product","link":"https:\/\/shaliteink.com\/es\/producto\/tinta-plastisol-para-serigrafia-azul-fluorescente\/","title":{"rendered":"Tinta plastisol para serigraf\u00eda azul fluorescente"},"content":{"rendered":"<h2 class=\"ng-star-inserted\"><span class=\"ng-star-inserted\">Tinta plastisol azul fluorescente Shaliteink: serigraf\u00eda v\u00edvida y vers\u00e1til<\/span><\/h2>\n<p>Nuestro compromiso con la innovaci\u00f3n implica que nuestras tintas est\u00e1n dise\u00f1adas para optimizar su proceso de producci\u00f3n, ofreciendo resultados consistentemente impresionantes en cada impresi\u00f3n. Este azul fluorescente... <strong><a href=\"https:\/\/shaliteink.com\/es\/categoria-producto\/tinta-plastisol\/\">tinta plastisol<\/a><\/strong> Ofrece una excelente opacidad y una textura suave y cremosa, lo que garantiza una impresi\u00f3n uniforme, ya sea que trabaje con telas claras u oscuras. Experimente la <strong><a href=\"https:\/\/shaliteink.com\/es\/producto\/tinta-plastisol-para-serigrafia-azul-fluorescente\/\">Shaliteink<\/a><\/strong> Diferencia: rendimiento superior, colores vibrantes y confiabilidad inigualable para todas sus necesidades de serigraf\u00eda.<\/p>\n<h3><img decoding=\"async\" class=\"aligncenter wp-image-4018 size-large\" src=\"https:\/\/shaliteink.com\/wp-content\/uploads\/2025\/04\/Fluorescent-Blue-Screen-Printing-Plastisol-Ink-1024x683.jpg\" alt=\"Tinta plastisol para serigraf\u00eda azul fluorescente\" width=\"1024\" height=\"683\" srcset=\"https:\/\/shaliteink.com\/wp-content\/uploads\/2025\/04\/Fluorescent-Blue-Screen-Printing-Plastisol-Ink-1024x683.jpg 1024w, https:\/\/shaliteink.com\/wp-content\/uploads\/2025\/04\/Fluorescent-Blue-Screen-Printing-Plastisol-Ink-300x200.jpg 300w, https:\/\/shaliteink.com\/wp-content\/uploads\/2025\/04\/Fluorescent-Blue-Screen-Printing-Plastisol-Ink-768x512.jpg 768w, https:\/\/shaliteink.com\/wp-content\/uploads\/2025\/04\/Fluorescent-Blue-Screen-Printing-Plastisol-Ink-1536x1024.jpg 1536w, https:\/\/shaliteink.com\/wp-content\/uploads\/2025\/04\/Fluorescent-Blue-Screen-Printing-Plastisol-Ink-2048x1365.jpg 2048w, https:\/\/shaliteink.com\/wp-content\/uploads\/2025\/04\/Fluorescent-Blue-Screen-Printing-Plastisol-Ink-18x12.jpg 18w, https:\/\/shaliteink.com\/wp-content\/uploads\/2025\/04\/Fluorescent-Blue-Screen-Printing-Plastisol-Ink-1200x800.jpg 1200w, https:\/\/shaliteink.com\/wp-content\/uploads\/2025\/04\/Fluorescent-Blue-Screen-Printing-Plastisol-Ink-150x100.jpg 150w\" sizes=\"(max-width: 1024px) 100vw, 1024px\" \/><\/h3>\n<h3 class=\"ng-star-inserted\"><span class=\"ng-star-inserted\">Beneficios clave de la tinta plastisol azul fluorescente Shaliteink:<\/span><\/h3>\n<ul class=\"ng-star-inserted\">\n<li class=\"ng-star-inserted\">Azul fluorescente brillante: obtenga impresiones en azul brillante y llamativas que destaquen.<\/li>\n<li class=\"ng-star-inserted\">Temperatura de curado \u00f3ptima: cura eficientemente a 160 \u2103, minimizando el consumo de energ\u00eda y maximizando la velocidad de producci\u00f3n.<\/li>\n<li class=\"ng-star-inserted\">Impresi\u00f3n suave a mano: produce impresiones con una sensaci\u00f3n suave y flexible que se adaptan maravillosamente a la tela.<\/li>\n<li class=\"ng-star-inserted\">Compatibilidad universal con tejidos: ideal para una amplia gama de materiales, incluidos algod\u00f3n, mezclas y algunos poli\u00e9steres.<\/li>\n<li class=\"ng-star-inserted\">F\u00f3rmula de bajo sangrado: especialmente dise\u00f1ada para evitar la migraci\u00f3n del tinte en telas de poli\u00e9ster y mezclas de poli\u00e9ster cuando se cura correctamente.<\/li>\n<li class=\"ng-star-inserted\">Tinta sin ftalatos: f\u00f3rmula respetuosa con el medio ambiente, segura para una amplia gama de aplicaciones.<\/li>\n<li class=\"ng-star-inserted\">Alta opacidad: proporciona una excelente cobertura y una magn\u00edfica saturaci\u00f3n de color tanto en telas claras como oscuras.<\/li>\n<li class=\"ng-star-inserted\">F\u00e1cil de trabajar: su consistencia suave y compacta permite mezclar, recoger e imprimir f\u00e1cilmente.<\/li>\n<li class=\"ng-star-inserted\">Acabado semibrillante: proporciona un brillo profesional y atractivo a sus impresiones terminadas.<\/li>\n<li class=\"ng-star-inserted\">Excelente lavabilidad: dise\u00f1ado para brindar durabilidad, lo que garantiza que las impresiones puedan soportar m\u00faltiples lavados sin decolorarse ni arrugarse.<\/li>\n<\/ul>\n<p>La tinta plastisol azul fluorescente Shalitienk est\u00e1 dise\u00f1ada para optimizar su flujo de trabajo de serigraf\u00eda. Su baja temperatura de 160 \u00b0C (en comparaci\u00f3n con tintas de mayor temperatura) implica una menor exposici\u00f3n al calor de sus prendas, lo que reduce el riesgo de quemaduras o encogimiento, especialmente en prendas sensibles al calor. Esto tambi\u00e9n se traduce en un importante ahorro de energ\u00eda y tiempos de producci\u00f3n m\u00e1s r\u00e1pidos, ya que su secadora de cinta transportadora puede funcionar con mayor eficiencia. La textura cremosa y el cuerpo compacto de la tinta garantizan una impresi\u00f3n suave, reduciendo la fatiga del operador y mejorando la consistencia de la impresi\u00f3n. Para obtener resultados a\u00fan m\u00e1s vibrantes en prendas oscuras, recomendamos aplicar blanco como base.<\/p>\n<h3 class=\"ng-star-inserted\"><span class=\"ng-star-inserted\">Instrucciones de curado para la tinta plastisol azul fluorescente Shaliteink:<\/span><\/h3>\n<p>Recibir un tratamiento adecuado es fundamental para la longevidad y durabilidad de sus impresiones. Shaliteink <strong>Tinta plastisol azul fluorescente<\/strong> Est\u00e1 formulado para un curado confiable a 160 \u00b0C (320 \u00b0F).<\/p>\n<ul>\n<li>Temperatura de curado: aseg\u00farese de que toda la capa de tinta alcance los 160 \u00b0C (320 \u00b0F).<\/li>\n<li>Temperatura de flash: Flash a 120 \u00b0C a 140 \u00b0C (248 \u00b0F a 284 \u00b0F) durante 3-5 segundos. Esto suele ocurrir cuando la superficie de la tinta est\u00e1 seca al tacto, lo que facilita la aplicaci\u00f3n de capas de color posteriores o su manipulaci\u00f3n.<\/li>\n<li>Pautas generales de prueba: Antes de cualquier producci\u00f3n importante, realice siempre una prueba de estiramiento y una prueba de lavado en una prenda de muestra. Ajuste el tiempo de permanencia o la velocidad de la cinta transportadora seg\u00fan sea necesario para garantizar un tratamiento \u00f3ptimo. Las prendas de algod\u00f3n pueden necesitar una mayor duraci\u00f3n debido a su capacidad de absorci\u00f3n.<\/li>\n<li>\n<p class=\"ng-star-inserted\"><strong class=\"ng-star-inserted\"><span class=\"ng-star-inserted\">Pruebas de curaci\u00f3n:<\/span><\/strong><\/p>\n<ul class=\"ng-star-inserted\">\n<li class=\"ng-star-inserted\">Prueba de lavado: Deje que la tinta se enfr\u00ede por completo. Lave el pa\u00f1o de 5 a 10 veces. Si la impresi\u00f3n no presenta defectos, est\u00e1 completamente reparada. Las impresiones poco cocidas se deteriorar\u00e1n significativamente despu\u00e9s de 1 a 3 lavados.<\/li>\n<li class=\"ng-star-inserted\">Prueba de estiramiento: Estire la zona impresa de la prenda aproximadamente dos tercios. Si la tinta revienta y no regresa, probablemente no se haya curado correctamente.<\/li>\n<\/ul>\n<\/li>\n<\/ul>\n<h3 class=\"ng-star-inserted\"><span class=\"ng-star-inserted\">Limpieza y almacenamiento:<\/span><\/h3>\n<p>La limpieza y el almacenamiento adecuados son esenciales para mantener la calidad de sus tintas y equipos de plastisol para serigraf\u00eda.<\/p>\n<ul>\n<li>Limpieza en prensa: utilice un limpiador de prensa Plastisol espec\u00edfico o un degradante de tinta para limpiar la pantalla y la escobilla de goma.<\/li>\n<li>Limpieza de pantalla: para una limpieza profunda de la pantalla, utilice Plastisol Screen Wash o Degradant de tinta.<\/li>\n<li>Almacenamiento: Conserve la tinta plastisol Shaliteink a temperatura ambiente, idealmente entre 18 y 32 \u00b0C (65 y 90 \u00b0F). Evite la exposici\u00f3n prolongada a la luz solar directa y a temperaturas superiores a 32 \u00b0C (90 \u00b0F), ya que podr\u00edan solidificar la tinta del envase.<\/li>\n<\/ul>\n<h3 class=\"ng-star-inserted\"><span class=\"ng-star-inserted\">Consejos profesionales para serigraf\u00eda con tinta plastisol Shaliteink:<\/span><\/h3>\n<ul>\n<li>Base para telas oscuras: Para obtener un azul fluorescente m\u00e1s vibrante en telas oscuras, imprima siempre con una base blanca.<\/li>\n<li>Enlace mec\u00e1nico: Recuerde, <strong>tinta plastisol<\/strong> Crea una uni\u00f3n mec\u00e1nica envolvi\u00e9ndolas en lugar de te\u00f1irlas. Esto garantiza una mayor durabilidad.<\/li>\n<li>Espesor de la tinta: los dep\u00f3sitos de tinta m\u00e1s gruesos requerir\u00e1n una permanencia m\u00e1s prolongada en la secadora para garantizar que toda la capa de tinta alcance la temperatura de curado adecuada.<\/li>\n<li>Mezclas de poli\u00e9ster: al imprimir en poli\u00e9ster o mezclas de poli\u00e9ster, la baja temperatura de curado de la tinta Plastisol Shaliteink ayuda a prevenir la migraci\u00f3n del tinte, ya que se cura por debajo de la temperatura de sublimaci\u00f3n t\u00edpica de los tintes de poli\u00e9ster (270-300 \u00b0F).<\/li>\n<\/ul>\n<p>Elija la tinta plastisol azul fluorescente Shaliteink para su pr\u00f3ximo proyecto de serigraf\u00eda y disfrute de la combinaci\u00f3n perfecta de colores vivos, rendimiento excepcional y facilidad de uso. Como distribuidor l\u00edder de tintas para serigraf\u00eda, Shaliteink es su socio de confianza para soluciones de alta calidad, directamente de f\u00e1brica.<\/p>\n<p><img decoding=\"async\" class=\"aligncenter wp-image-4019 size-large\" src=\"https:\/\/shaliteink.com\/wp-content\/uploads\/2025\/04\/Fluorescent-Blue-Screen-Printing-Plastisol-Ink-1-1024x683.jpg\" alt=\"Tinta plastisol para serigraf\u00eda azul fluorescente\" width=\"1024\" height=\"683\" srcset=\"https:\/\/shaliteink.com\/wp-content\/uploads\/2025\/04\/Fluorescent-Blue-Screen-Printing-Plastisol-Ink-1-1024x683.jpg 1024w, https:\/\/shaliteink.com\/wp-content\/uploads\/2025\/04\/Fluorescent-Blue-Screen-Printing-Plastisol-Ink-1-300x200.jpg 300w, https:\/\/shaliteink.com\/wp-content\/uploads\/2025\/04\/Fluorescent-Blue-Screen-Printing-Plastisol-Ink-1-768x512.jpg 768w, https:\/\/shaliteink.com\/wp-content\/uploads\/2025\/04\/Fluorescent-Blue-Screen-Printing-Plastisol-Ink-1-1536x1024.jpg 1536w, https:\/\/shaliteink.com\/wp-content\/uploads\/2025\/04\/Fluorescent-Blue-Screen-Printing-Plastisol-Ink-1-2048x1365.jpg 2048w, https:\/\/shaliteink.com\/wp-content\/uploads\/2025\/04\/Fluorescent-Blue-Screen-Printing-Plastisol-Ink-1-18x12.jpg 18w, https:\/\/shaliteink.com\/wp-content\/uploads\/2025\/04\/Fluorescent-Blue-Screen-Printing-Plastisol-Ink-1-1200x800.jpg 1200w, https:\/\/shaliteink.com\/wp-content\/uploads\/2025\/04\/Fluorescent-Blue-Screen-Printing-Plastisol-Ink-1-150x100.jpg 150w\" sizes=\"(max-width: 1024px) 100vw, 1024px\" \/><\/p>","protected":false},"excerpt":{"rendered":"<p>Shaliteink se enorgullece en presentar su tinta plastisol azul fluorescente, una opci\u00f3n premium para profesionales y aficionados de la serigraf\u00eda que buscan colores brillantes e impactantes. Con m\u00e1s de dos d\u00e9cadas de experiencia en fabricaci\u00f3n, Shaliteink es l\u00edder mundial en soluciones de tinta para serigraf\u00eda, ofreciendo calidad directa de f\u00e1brica que se ha ganado la confianza de numerosas marcas de renombre internacional. Nuestra tinta plastisol azul fluorescente est\u00e1 especialmente dise\u00f1ada para una vibraci\u00f3n excepcional y una aplicaci\u00f3n sencilla, convirti\u00e9ndola en un elemento esencial para tu kit de serigraf\u00eda.<\/p>","protected":false},"featured_media":1505,"comment_status":"open","ping_status":"closed","template":"","meta":[],"product_brand":[],"product_cat":[39],"product_tag":[],"class_list":{"0":"post-1212","1":"product","2":"type-product","3":"status-publish","4":"has-post-thumbnail","6":"product_cat-plastisol-ink","8":"first","9":"instock","10":"shipping-taxable","11":"purchasable","12":"product-type-variable"},"tiered_pricing_type":"fixed","tiered_pricing_fixed_rules":[],"tiered_pricing_product_settings":{"layout":"default","base_unit_name":{"singular":null,"plural":null},"default_variation":null},"tiered_pricing_minimum_quantity":null,"tiered_pricing_roles_data":[],"tiered_pricing_percentage_rules":[],"tiered_pricing_maximum_quantity":null,"tiered_pricing_quantity_step":null,"_links":{"self":[{"href":"https:\/\/shaliteink.com\/es\/wp-json\/wp\/v2\/product\/1212","targetHints":{"allow":["GET"]}}],"collection":[{"href":"https:\/\/shaliteink.com\/es\/wp-json\/wp\/v2\/product"}],"about":[{"href":"https:\/\/shaliteink.com\/es\/wp-json\/wp\/v2\/types\/product"}],"replies":[{"embeddable":true,"href":"https:\/\/shaliteink.com\/es\/wp-json\/wp\/v2\/comments?post=1212"}],"version-history":[{"count":0,"href":"https:\/\/shaliteink.com\/es\/wp-json\/wp\/v2\/product\/1212\/revisions"}],"wp:featuredmedia":[{"embeddable":true,"href":"https:\/\/shaliteink.com\/es\/wp-json\/wp\/v2\/media\/1505"}],"wp:attachment":[{"href":"https:\/\/shaliteink.com\/es\/wp-json\/wp\/v2\/media?parent=1212"}],"wp:term":[{"taxonomy":"product_brand","embeddable":true,"href":"https:\/\/shaliteink.com\/es\/wp-json\/wp\/v2\/product_brand?post=1212"},{"taxonomy":"product_cat","embeddable":true,"href":"https:\/\/shaliteink.com\/es\/wp-json\/wp\/v2\/product_cat?post=1212"},{"taxonomy":"product_tag","embeddable":true,"href":"https:\/\/shaliteink.com\/es\/wp-json\/wp\/v2\/product_tag?post=1212"}],"curies":[{"name":"wp","href":"https:\/\/api.w.org\/{rel}","templated":true}]}}