{"id":1207,"date":"2025-04-11T09:27:46","date_gmt":"2025-04-11T09:27:46","guid":{"rendered":"https:\/\/shaliteink.com\/?post_type=product&#038;p=1207"},"modified":"2025-12-10T11:29:05","modified_gmt":"2025-12-10T11:29:05","slug":"tinta-plastisol-para-serigrafia-de-color-rojo-violaceo","status":"publish","type":"product","link":"https:\/\/shaliteink.com\/es\/producto\/tinta-plastisol-para-serigrafia-de-color-rojo-violaceo\/","title":{"rendered":"Tinta plastisol para serigraf\u00eda de color rojo viol\u00e1ceo"},"content":{"rendered":"<h3 class=\"ng-star-inserted\"><span class=\"ng-star-inserted\">\u00bfPor qu\u00e9 elegir Shaliteink Purplish Red?\u00a0<\/span><strong class=\"ng-star-inserted\"><span class=\"ng-star-inserted\">Tinta plastisol<\/span><\/strong><span class=\"ng-star-inserted\">?<\/span><\/h3>\n<p>Nuestra tinta plastisol rojo viol\u00e1ceo ha sido cuidadosamente dise\u00f1ada para satisfacer las demandas de serigrafistas profesionales y aficionados. No es una tinta de serigraf\u00eda cualquiera; es un testimonio de nuestro compromiso con la innovaci\u00f3n, la calidad y la satisfacci\u00f3n del usuario. <strong><a href=\"https:\/\/shaliteink.com\/es\/\">Shaliteink<\/a><\/strong>, No solo est\u00e1 comprando tinta; est\u00e1 invirtiendo en un producto que agiliza su flujo de trabajo, mejora su calidad de impresi\u00f3n y, en \u00faltima instancia, le ahorra tiempo y dinero.<\/p>\n<p><img decoding=\"async\" class=\"wp-image-4015 size-large aligncenter\" src=\"https:\/\/shaliteink.com\/wp-content\/uploads\/2025\/04\/Purplish-Red-Screen-Printing-Plastisol-Ink-1024x683.jpg\" alt=\"Tinta plastisol para serigraf\u00eda de color rojo viol\u00e1ceo\" width=\"1024\" height=\"683\" srcset=\"https:\/\/shaliteink.com\/wp-content\/uploads\/2025\/04\/Purplish-Red-Screen-Printing-Plastisol-Ink-1024x683.jpg 1024w, https:\/\/shaliteink.com\/wp-content\/uploads\/2025\/04\/Purplish-Red-Screen-Printing-Plastisol-Ink-300x200.jpg 300w, https:\/\/shaliteink.com\/wp-content\/uploads\/2025\/04\/Purplish-Red-Screen-Printing-Plastisol-Ink-768x512.jpg 768w, https:\/\/shaliteink.com\/wp-content\/uploads\/2025\/04\/Purplish-Red-Screen-Printing-Plastisol-Ink-1536x1024.jpg 1536w, https:\/\/shaliteink.com\/wp-content\/uploads\/2025\/04\/Purplish-Red-Screen-Printing-Plastisol-Ink-2048x1365.jpg 2048w, https:\/\/shaliteink.com\/wp-content\/uploads\/2025\/04\/Purplish-Red-Screen-Printing-Plastisol-Ink-18x12.jpg 18w, https:\/\/shaliteink.com\/wp-content\/uploads\/2025\/04\/Purplish-Red-Screen-Printing-Plastisol-Ink-1200x800.jpg 1200w, https:\/\/shaliteink.com\/wp-content\/uploads\/2025\/04\/Purplish-Red-Screen-Printing-Plastisol-Ink-150x100.jpg 150w\" sizes=\"(max-width: 1024px) 100vw, 1024px\" \/><\/p>\n<p class=\"ng-star-inserted\"><strong class=\"ng-star-inserted\"><span class=\"ng-star-inserted\">Beneficios clave:<\/span><\/strong><\/p>\n<ul class=\"ng-star-inserted\">\n<li class=\"ng-star-inserted\">Cobertura alta, opaca, vibrante y audaz: obtenga un estampado rojo p\u00farpura intenso y llamativo con una opacidad excepcional, perfecto tanto para prendas claras como oscuras. <strong><a href=\"https:\/\/shaliteink.com\/es\/categoria-producto\/tinta-plastisol\/\">tinta plastisol<\/a><\/strong> Proporciona colores brillantes a tus dise\u00f1os.<\/li>\n<li class=\"ng-star-inserted\">Impresi\u00f3n suave a mano: a pesar de su alta opacidad, nuestra tinta de serigraf\u00eda mantiene una sensaci\u00f3n notablemente suave en la tela, mejorando la comodidad y el atractivo de sus prendas terminadas.<\/li>\n<li class=\"ng-star-inserted\">Compatibilidad universal con telas: dise\u00f1ada para brindar versatilidad, esta tinta plastisol funciona maravillosamente en una variedad de telas, lo que la convierte en la opci\u00f3n preferida para una variedad de proyectos.<\/li>\n<li class=\"ng-star-inserted\">F\u00e1cil de usar y trabajar: formulado para tener una textura cremosa y fluida, Shalitink <strong>Tinta plastisol de color rojo viol\u00e1ceo<\/strong> Ofrece una excelente trabajabilidad, haciendo que su proceso de serigraf\u00eda sea m\u00e1s f\u00e1cil y eficiente.<\/li>\n<li class=\"ng-star-inserted\">F\u00f3rmula sin ftalatos: comprometidos con la seguridad y la responsabilidad ambiental, nuestra tinta plastisol no contiene ftalatos, lo que le brinda tranquilidad a usted y a sus clientes.<br \/>\nTemperaturas de curado y flash optimizadas: dise\u00f1adas para la eficiencia, nuestras tintas agilizan su producci\u00f3n sin comprometer la calidad.<\/li>\n<\/ul>\n<h3 class=\"ng-star-inserted\"><span class=\"ng-star-inserted\">Caracter\u00edsticas que distinguen a Shaliteink<\/span><\/h3>\n<p>Nuestra tinta plastisol rojo p\u00farpura combina a la perfecci\u00f3n rendimiento y practicidad. Es una tinta que trabaja tan duro como usted y ofrece caracter\u00edsticas dise\u00f1adas espec\u00edficamente para entornos de serigraf\u00eda modernos.<\/p>\n<ul>\n<li>Opacidad excepcional: esta tinta plastisol proporciona una excelente cobertura, lo que la convierte en una excelente opci\u00f3n como base sobre telas oscuras o para impresiones de una sola pasada sobre sustratos claros.<\/li>\n<li>Consistencia lista para usar: reci\u00e9n salida del balde, nuestra tinta de serigraf\u00eda est\u00e1 lista para la acci\u00f3n, eliminando la necesidad de mezclarla extensamente o usar aditivos.<\/li>\n<li>Capacidad limitada de impresi\u00f3n h\u00famedo sobre h\u00famedo: obtenga dise\u00f1os n\u00edtidos y limpios con impresi\u00f3n h\u00famedo sobre h\u00famedo controlada para trabajos multicolor.<\/li>\n<li>Rendimiento constante: cada cubo de tinta plastisol Shaliteink ofrece resultados confiables, lo que garantiza la consistencia en todas sus tiradas de impresi\u00f3n.<\/li>\n<\/ul>\n<h3 class=\"ng-star-inserted\"><span class=\"ng-star-inserted\">Instrucciones de curado<\/span><\/h3>\n<p class=\"ng-star-inserted\"><span class=\"ng-star-inserted\">Lograr un curado perfecto es crucial para la durabilidad de la impresi\u00f3n. Shaliteink Rojo Purp\u00fareo <\/span><strong class=\"ng-star-inserted\"><span class=\"ng-star-inserted\">Tinta plastisol<\/span><\/strong><span class=\"ng-star-inserted\">\u00a0Est\u00e1 dise\u00f1ado para un curado eficiente para optimizar su producci\u00f3n.<\/span><\/p>\n<ul class=\"ng-star-inserted\">\n<li class=\"ng-star-inserted\">Temperatura de curado: Nuestras tintas plastisol se curan completamente a 160 \u00b0C (320 \u00b0F). Aseg\u00farese de que toda la capa de tinta alcance esta temperatura para una impresi\u00f3n permanente. Se recomienda usar una sonda de donut para obtener lecturas precisas de la temperatura de la capa de tinta interna, en comparaci\u00f3n con una pistola l\u00e1ser que mide la temperatura en la superficie.<\/li>\n<li class=\"ng-star-inserted\">Temperatura de secado: Secar a una temperatura de 120 \u00b0C a 140 \u00b0C (248 \u00b0F a 284 \u00b0F) durante 3-5 segundos. El tiempo de secado puede variar seg\u00fan el equipo y la configuraci\u00f3n de producci\u00f3n.<\/li>\n<li>Recomendaci\u00f3n general: Para obtener resultados \u00f3ptimos, especialmente en algod\u00f3n 100%, realice una prueba de elasticidad y una prueba de lavado en una prenda de muestra antes de comenzar grandes producciones. Al imprimir sobre telas oscuras, recomendamos encarecidamente usar una base blanca.<\/li>\n<li>\n<p class=\"ng-star-inserted\"><strong class=\"ng-star-inserted\"><span class=\"ng-star-inserted\">Pruebas de curaci\u00f3n:<\/span><\/strong><\/p>\n<\/li>\n<\/ul>\n<ul>\n<li>Prueba de lavado: Deje pasar 24 horas despu\u00e9s del curado antes de lavar. El curado completo suele confirmarse despu\u00e9s de 5 a 10 lavados; sin embargo, un curado insuficiente severo se deteriorar\u00e1 en 1 a 3 lavados.<\/li>\n<li>Prueba de estiramiento: Estire la prenda impresa hasta aproximadamente dos tercios de su elasticidad m\u00e1xima. Si la impresi\u00f3n se rompe y no se retrae, indica un curado insuficiente. Si la prueba falla, aumente el tiempo de permanencia o la temperatura.<\/li>\n<\/ul>\n<h3 class=\"ng-star-inserted\"><span class=\"ng-star-inserted\">Limpieza<\/span><\/h3>\n<p class=\"ng-star-inserted\"><span class=\"ng-star-inserted\">Una limpieza f\u00e1cil es una parte esencial de cualquier sistema eficiente.\u00a0<\/span><strong class=\"ng-star-inserted\"><span class=\"ng-star-inserted\">serigraf\u00eda<\/span><\/strong><span class=\"ng-star-inserted\">\u00a0proceso.<\/span><\/p>\n<ul class=\"ng-star-inserted\">\n<li class=\"ng-star-inserted\">En prensa: utilice un detergente de prensa Plastisol\/degradante de tinta espec\u00edfico para una limpieza r\u00e1pida y eficaz de sus pantallas y herramientas.<\/li>\n<li class=\"ng-star-inserted\">En el fregadero: para una limpieza profunda de la pantalla, utilice Plastisol Screen Wash\/Ink Degradant.<\/li>\n<\/ul>\n<h3><img decoding=\"async\" class=\"aligncenter wp-image-4016 size-large\" src=\"https:\/\/shaliteink.com\/wp-content\/uploads\/2025\/04\/Purplish-Red-Screen-Printing-Plastisol-Ink-1-1024x683.jpg\" alt=\"Tinta plastisol para serigraf\u00eda de color rojo viol\u00e1ceo\" width=\"1024\" height=\"683\" srcset=\"https:\/\/shaliteink.com\/wp-content\/uploads\/2025\/04\/Purplish-Red-Screen-Printing-Plastisol-Ink-1-1024x683.jpg 1024w, https:\/\/shaliteink.com\/wp-content\/uploads\/2025\/04\/Purplish-Red-Screen-Printing-Plastisol-Ink-1-300x200.jpg 300w, https:\/\/shaliteink.com\/wp-content\/uploads\/2025\/04\/Purplish-Red-Screen-Printing-Plastisol-Ink-1-768x512.jpg 768w, https:\/\/shaliteink.com\/wp-content\/uploads\/2025\/04\/Purplish-Red-Screen-Printing-Plastisol-Ink-1-1536x1024.jpg 1536w, https:\/\/shaliteink.com\/wp-content\/uploads\/2025\/04\/Purplish-Red-Screen-Printing-Plastisol-Ink-1-2048x1365.jpg 2048w, https:\/\/shaliteink.com\/wp-content\/uploads\/2025\/04\/Purplish-Red-Screen-Printing-Plastisol-Ink-1-18x12.jpg 18w, https:\/\/shaliteink.com\/wp-content\/uploads\/2025\/04\/Purplish-Red-Screen-Printing-Plastisol-Ink-1-1200x800.jpg 1200w, https:\/\/shaliteink.com\/wp-content\/uploads\/2025\/04\/Purplish-Red-Screen-Printing-Plastisol-Ink-1-150x100.jpg 150w\" sizes=\"(max-width: 1024px) 100vw, 1024px\" \/><\/h3>\n<h3 class=\"ng-star-inserted\"><span class=\"ng-star-inserted\">Consejos profesionales para Shaliteink\u00a0<\/span><strong class=\"ng-star-inserted\"><span class=\"ng-star-inserted\">Tinta plastisol<\/span><\/strong><\/h3>\n<ul>\n<li>Almacenamiento: Conserve las tintas Shaliteink Plastisol a temperatura ambiente (18-32 \u00b0C \/ 65-90 \u00b0F), alejadas de la luz solar directa. La exposici\u00f3n prolongada a temperaturas superiores a 32 \u00b0C (90 \u00b0F) puede provocar que la tinta se solidifique en el envase.<\/li>\n<li>Aplicaci\u00f3n: Recuerde que la tinta plastisol forma un enlace mec\u00e1nico envolvi\u00e9ndose alrededor de las fibras de la tela en lugar de colorearlas.<\/li>\n<li>Ficha de datos de seguridad: Para obtener informaci\u00f3n de seguridad detallada, consulte nuestra Hoja de datos de seguridad (SDS).<\/li>\n<\/ul>\n<p>Elige la tinta plastisol rojo viol\u00e1ceo Shaliteink para tu pr\u00f3ximo proyecto de serigraf\u00eda y experimenta la diferencia que marcan veinte a\u00f1os de experiencia en fabricaci\u00f3n. \u00a1Compra ahora y ampl\u00eda tus impresiones!<\/p>","protected":false},"excerpt":{"rendered":"<p>Bienvenido a Shaliteink, su l\u00edder mundial de confianza en soluciones de tinta para serigraf\u00eda, con dos d\u00e9cadas de excelencia en la fabricaci\u00f3n. Nos enorgullece ofrecer nuestra tinta plastisol rojo p\u00farpura premium, una f\u00f3rmula de alta opacidad y f\u00e1cil aplicaci\u00f3n, dise\u00f1ada para brindar resultados espectaculares en todos sus proyectos de serigraf\u00eda. Formulada con precisi\u00f3n y respaldada por una amplia experiencia en la industria, la tinta plastisol rojo p\u00farpura de Shaliteink se vende directamente de f\u00e1brica, lo que le garantiza la m\u00e1xima calidad a precios competitivos; la misma calidad en la que conf\u00edan muchas marcas de renombre mundial.<\/p>","protected":false},"featured_media":1453,"comment_status":"open","ping_status":"closed","template":"","meta":[],"product_brand":[],"product_cat":[39],"product_tag":[],"class_list":{"0":"post-1207","1":"product","2":"type-product","3":"status-publish","4":"has-post-thumbnail","6":"product_cat-plastisol-ink","8":"first","9":"instock","10":"shipping-taxable","11":"purchasable","12":"product-type-variable"},"tiered_pricing_type":"fixed","tiered_pricing_fixed_rules":[],"tiered_pricing_product_settings":{"layout":"default","base_unit_name":{"singular":null,"plural":null},"default_variation":null},"tiered_pricing_minimum_quantity":null,"tiered_pricing_roles_data":[],"tiered_pricing_percentage_rules":[],"tiered_pricing_maximum_quantity":null,"tiered_pricing_quantity_step":null,"_links":{"self":[{"href":"https:\/\/shaliteink.com\/es\/wp-json\/wp\/v2\/product\/1207","targetHints":{"allow":["GET"]}}],"collection":[{"href":"https:\/\/shaliteink.com\/es\/wp-json\/wp\/v2\/product"}],"about":[{"href":"https:\/\/shaliteink.com\/es\/wp-json\/wp\/v2\/types\/product"}],"replies":[{"embeddable":true,"href":"https:\/\/shaliteink.com\/es\/wp-json\/wp\/v2\/comments?post=1207"}],"version-history":[{"count":0,"href":"https:\/\/shaliteink.com\/es\/wp-json\/wp\/v2\/product\/1207\/revisions"}],"wp:featuredmedia":[{"embeddable":true,"href":"https:\/\/shaliteink.com\/es\/wp-json\/wp\/v2\/media\/1453"}],"wp:attachment":[{"href":"https:\/\/shaliteink.com\/es\/wp-json\/wp\/v2\/media?parent=1207"}],"wp:term":[{"taxonomy":"product_brand","embeddable":true,"href":"https:\/\/shaliteink.com\/es\/wp-json\/wp\/v2\/product_brand?post=1207"},{"taxonomy":"product_cat","embeddable":true,"href":"https:\/\/shaliteink.com\/es\/wp-json\/wp\/v2\/product_cat?post=1207"},{"taxonomy":"product_tag","embeddable":true,"href":"https:\/\/shaliteink.com\/es\/wp-json\/wp\/v2\/product_tag?post=1207"}],"curies":[{"name":"wp","href":"https:\/\/api.w.org\/{rel}","templated":true}]}}