{"id":1202,"date":"2025-04-11T09:23:05","date_gmt":"2025-04-11T09:23:05","guid":{"rendered":"https:\/\/shaliteink.com\/?post_type=product&#038;p=1202"},"modified":"2025-12-10T11:31:16","modified_gmt":"2025-12-10T11:31:16","slug":"tinta-plastisol-para-serigrafia-rosa","status":"publish","type":"product","link":"https:\/\/shaliteink.com\/es\/producto\/tinta-plastisol-para-serigrafia-rosa\/","title":{"rendered":"Tinta plastisol para serigraf\u00eda rosa"},"content":{"rendered":"<h3 class=\"ng-star-inserted\"><span class=\"ng-star-inserted\">Beneficios clave que te encantar\u00e1n:<\/span><\/h3>\n<ul class=\"ng-star-inserted\">\n<li class=\"ng-star-inserted\">ROSA VIBRANTE Y ATREVIDO: obt\u00e9n tonos rosados impresionantes y llamativos que lucen geniales en cualquier atuendo.<\/li>\n<li class=\"ng-star-inserted\">Alta opacidad: Excelente cobertura incluso en telas oscuras, reduciendo la necesidad de m\u00faltiples pasadas.<\/li>\n<li class=\"ng-star-inserted\">Impresi\u00f3n suave a mano: experimente una sensaci\u00f3n de suavidad lujosa que sus clientes apreciar\u00e1n.<\/li>\n<li class=\"ng-star-inserted\">Compatibilidad universal con tejidos: ideal para una amplia gama de materiales, desde algod\u00f3n 100% hasta complejas mezclas de poli\u00e9ster.<\/li>\n<li class=\"ng-star-inserted\">F\u00f3rmula de bajo sangrado: especialmente dise\u00f1ada para evitar la migraci\u00f3n del tinte en mezclas de poli\u00e9ster, lo que garantiza impresiones n\u00edtidas y limpias.<\/li>\n<li class=\"ng-star-inserted\">Curado eficiente a baja temperatura: cura a una temperatura notablemente baja de 160 \u2103 (320 \u00b0F), lo que ahorra energ\u00eda y reduce el tiempo de producci\u00f3n.<\/li>\n<li class=\"ng-star-inserted\">Consistencia f\u00e1cil de usar: Textura cremosa y fina para una impresi\u00f3n sin esfuerzo en la prensa.<\/li>\n<li class=\"ng-star-inserted\">Sin ftalatos: respetuoso con el medio ambiente y seguro tanto para los impresores como para los usuarios.<\/li>\n<li class=\"ng-star-inserted\">Acabado semibrillante: agrega un brillo profesional a sus impresiones terminadas.<\/li>\n<\/ul>\n<p>Nuestro Shaliteink <strong><a href=\"https:\/\/shaliteink.com\/es\/producto\/tinta-plastisol-para-serigrafia-rosa\/\">Tinta plastisol rosa<\/a><\/strong> No es solo una tinta; es una prueba de innovaci\u00f3n y calidad. Su vibrante pigmentaci\u00f3n y alta opacidad la convierten en la opci\u00f3n ideal tanto para dise\u00f1os independientes como para un componente din\u00e1mico en impresiones multicolor. Su fijaci\u00f3n suave y f\u00e1cil de usar garantiza menos fatiga y resultados m\u00e1s consistentes, haciendo que su proceso de serigraf\u00eda sea agradable y eficiente.<\/p>\n<h3><img decoding=\"async\" class=\"aligncenter wp-image-4012 size-large\" src=\"https:\/\/shaliteink.com\/wp-content\/uploads\/2025\/04\/Pink-Screen-Printing-Plastisol-Ink-1024x683.jpg\" alt=\"Tinta plastisol para serigraf\u00eda rosa\" width=\"1024\" height=\"683\" srcset=\"https:\/\/shaliteink.com\/wp-content\/uploads\/2025\/04\/Pink-Screen-Printing-Plastisol-Ink-1024x683.jpg 1024w, https:\/\/shaliteink.com\/wp-content\/uploads\/2025\/04\/Pink-Screen-Printing-Plastisol-Ink-300x200.jpg 300w, https:\/\/shaliteink.com\/wp-content\/uploads\/2025\/04\/Pink-Screen-Printing-Plastisol-Ink-768x512.jpg 768w, https:\/\/shaliteink.com\/wp-content\/uploads\/2025\/04\/Pink-Screen-Printing-Plastisol-Ink-1536x1024.jpg 1536w, https:\/\/shaliteink.com\/wp-content\/uploads\/2025\/04\/Pink-Screen-Printing-Plastisol-Ink-2048x1365.jpg 2048w, https:\/\/shaliteink.com\/wp-content\/uploads\/2025\/04\/Pink-Screen-Printing-Plastisol-Ink-18x12.jpg 18w, https:\/\/shaliteink.com\/wp-content\/uploads\/2025\/04\/Pink-Screen-Printing-Plastisol-Ink-1200x800.jpg 1200w, https:\/\/shaliteink.com\/wp-content\/uploads\/2025\/04\/Pink-Screen-Printing-Plastisol-Ink-150x100.jpg 150w\" sizes=\"(max-width: 1024px) 100vw, 1024px\" \/><\/h3>\n<h3 class=\"ng-star-inserted\"><span class=\"ng-star-inserted\">Dise\u00f1ado para el rendimiento y la eficiencia<\/span><\/h3>\n<p>La tinta plastisol rosa Shaliteink cuenta con un curado a baja temperatura de vanguardia, lo que la distingue en la industria. Con una temperatura de tratamiento de tan solo 160 \u00b0C (320 \u00b0F), puede reducir significativamente el consumo de energ\u00eda y acelerar su flujo de trabajo de producci\u00f3n. Esta baja temperatura es especialmente beneficiosa al trabajar con telas sensibles al calor, ya que reduce significativamente el riesgo de quemarlas o encogerlas. Olv\u00eddese de la frustraci\u00f3n de la tinta tradicional de alta temperatura y disfrute de la eficiencia de Shaliteink.<\/p>\n<p>La excelente opacidad de la tinta le permite obtener impresiones v\u00edvidas y con colores fieles al original en menos pasadas, lo que aumenta su productividad y reduce el desperdicio de material. Ya sea que cree ropa personalizada, art\u00edculos promocionales o impresiones art\u00edsticas, nuestra tinta plastisol rosa garantiza que sus dise\u00f1os destaquen con una claridad y durabilidad excepcionales.<\/p>\n<h3 class=\"ng-star-inserted\"><span class=\"ng-star-inserted\">Pautas de curado para obtener resultados \u00f3ptimos:<\/span><\/h3>\n<p>Lograr un curado preciso es importante para la longevidad y la lavabilidad de sus impresiones. Nuestras <strong><a href=\"https:\/\/shaliteink.com\/es\/\">Shaliteink<\/a> <\/strong>La tinta plastisol rosa est\u00e1 formulada para facilitar el curado a temperaturas espec\u00edficas.<\/p>\n<ul>\n<li>Temperatura de curado: 160 \u00b0C (320 \u00b0F). Aseg\u00farese de que toda la capa de tinta alcance esta temperatura para un curado completo.<\/li>\n<li>Temperatura de secado: 120 \u00b0C a 140 \u00b0C (248 \u00b0F a 284 \u00b0F). Secar de 3 a 5 segundos para obtener una superficie sin pegajosidad para la impresi\u00f3n multicolor.<\/li>\n<\/ul>\n<p>Consejo profesional para el curado: Si bien las pistolas l\u00e1ser de temperatura pueden proporcionar una lectura superficial, una sonda tipo donut o tiras de temperatura proporcionan una lectura m\u00e1s precisa de la temperatura central de la tinta. Para un curado completo, la tinta plastisol debe alcanzar los 160 \u00b0C en toda la capa de tinta. Al imprimir sobre telas oscuras o mezclas de poli\u00e9ster, considere la tecnolog\u00eda de impresi\u00f3n flash para una opacidad \u00f3ptima y evitar la migraci\u00f3n de tinta.<\/p>\n<h3 class=\"ng-star-inserted\"><span class=\"ng-star-inserted\">Recomendaciones generales de pruebas:<\/span><\/h3>\n<p>Antes de comenzar la producci\u00f3n en masa, recomendamos encarecidamente realizar pruebas de estiramiento y de lavado. Estos sencillos pasos garantizan que sus impresiones se sequen correctamente y resistan repetidos lavados. Si la tinta se desgasta excesivamente durante la prueba de estiramiento o despu\u00e9s de 1 a 3 lavados, aumente el tiempo de secado. Para obtener los mejores resultados, las telas de algod\u00f3n 100% son ideales, aunque nuestra f\u00f3rmula de bajo sangrado tambi\u00e9n es excelente para las mezclas de poli\u00e9ster.<\/p>\n<h3 class=\"ng-star-inserted\"><span class=\"ng-star-inserted\">Limpieza sin esfuerzo:<\/span><\/h3>\n<p>Mantener un lugar de trabajo limpio es f\u00e1cil con la tinta plastisol rosa Shelliteink.<\/p>\n<ul>\n<li>En prensa: utilice un dispositivo dedicado <strong><a href=\"https:\/\/shaliteink.com\/es\/categoria-producto\/tinta-plastisol\/\">Tinta plastisol<\/a><\/strong> Lavado de prensa o degradante de tinta para una limpieza r\u00e1pida de pantallas y rasquetas.<\/li>\n<li>En el fregadero: para una limpieza profunda de la pantalla, utilice Plastisol Screen Wash o degradante de tinta para eliminar todos los residuos de tinta.<\/li>\n<\/ul>\n<h3><img decoding=\"async\" class=\"aligncenter wp-image-4013 size-large\" src=\"https:\/\/shaliteink.com\/wp-content\/uploads\/2025\/04\/Pink-Screen-Printing-Plastisol-Ink-1-1024x683.jpg\" alt=\"Tinta plastisol para serigraf\u00eda rosa\" width=\"1024\" height=\"683\" srcset=\"https:\/\/shaliteink.com\/wp-content\/uploads\/2025\/04\/Pink-Screen-Printing-Plastisol-Ink-1-1024x683.jpg 1024w, https:\/\/shaliteink.com\/wp-content\/uploads\/2025\/04\/Pink-Screen-Printing-Plastisol-Ink-1-300x200.jpg 300w, https:\/\/shaliteink.com\/wp-content\/uploads\/2025\/04\/Pink-Screen-Printing-Plastisol-Ink-1-768x512.jpg 768w, https:\/\/shaliteink.com\/wp-content\/uploads\/2025\/04\/Pink-Screen-Printing-Plastisol-Ink-1-1536x1024.jpg 1536w, https:\/\/shaliteink.com\/wp-content\/uploads\/2025\/04\/Pink-Screen-Printing-Plastisol-Ink-1-2048x1365.jpg 2048w, https:\/\/shaliteink.com\/wp-content\/uploads\/2025\/04\/Pink-Screen-Printing-Plastisol-Ink-1-18x12.jpg 18w, https:\/\/shaliteink.com\/wp-content\/uploads\/2025\/04\/Pink-Screen-Printing-Plastisol-Ink-1-1200x800.jpg 1200w, https:\/\/shaliteink.com\/wp-content\/uploads\/2025\/04\/Pink-Screen-Printing-Plastisol-Ink-1-150x100.jpg 150w\" sizes=\"(max-width: 1024px) 100vw, 1024px\" \/><\/h3>\n<h3 class=\"ng-star-inserted\"><span class=\"ng-star-inserted\">Informaci\u00f3n de almacenamiento:<\/span><\/h3>\n<p>Guarde su tinta plastisol rosa Shaliteink en un lugar fresco y seco, entre 18 y 32 \u00b0C (65 y 90 \u00b0F). Evite la exposici\u00f3n prolongada a la luz solar directa y a temperaturas superiores a 32 \u00b0C (90 \u00b0F), ya que esto podr\u00eda provocar que la tinta del envase se solidifique.<\/p>\n<h3 class=\"ng-star-inserted\"><span class=\"ng-star-inserted\">\u00bfPor qu\u00e9 elegir Shaliteink Pink?\u00a0<\/span><strong class=\"ng-star-inserted\"><span class=\"ng-star-inserted\">Tinta plastisol<\/span><\/strong><span class=\"ng-star-inserted\">?<\/span><\/h3>\n<p>En Shaliteink, combinamos nuestra amplia experiencia con un profundo conocimiento de sus necesidades de serigraf\u00eda. Nuestra tinta plastisol rosa demuestra nuestro compromiso con la calidad, el rendimiento y el valor. Ya sea que desee crear prendas llamativas, productos \u00fanicos o simplemente descubrir el arte de la serigraf\u00eda, nuestra vibrante tinta rosa ofrece resultados profesionales en todo momento. \u00a1Prep\u00e1rese para convertir sus ideas en realidades impactantes con Shaliteink!<\/p>\n<p>&nbsp;<\/p>","protected":false},"excerpt":{"rendered":"<p>Bienvenido a Shaliteink, su l\u00edder mundial de confianza en tintas para serigraf\u00eda, con m\u00e1s de dos d\u00e9cadas de excelencia en la fabricaci\u00f3n. Nos enorgullece presentar nuestra tinta plastisol rosa para serigraf\u00eda, una soluci\u00f3n vibrante y de alto rendimiento dise\u00f1ada para realzar sus dise\u00f1os. Nuestra venta directa de f\u00e1brica le garantiza una calidad superior a precios inmejorables, un compromiso que ha impulsado s\u00f3lidas alianzas con marcas de renombre mundial. Esta excepcional tinta plastisol est\u00e1 dise\u00f1ada tanto para impresores profesionales como para aficionados entusiastas, y produce resultados asombrosos en cada impresi\u00f3n.<\/p>","protected":false},"featured_media":1479,"comment_status":"open","ping_status":"closed","template":"","meta":[],"product_brand":[],"product_cat":[39],"product_tag":[],"class_list":{"0":"post-1202","1":"product","2":"type-product","3":"status-publish","4":"has-post-thumbnail","6":"product_cat-plastisol-ink","8":"first","9":"instock","10":"shipping-taxable","11":"purchasable","12":"product-type-variable"},"tiered_pricing_type":"fixed","tiered_pricing_fixed_rules":[],"tiered_pricing_product_settings":{"layout":"default","base_unit_name":{"singular":null,"plural":null},"default_variation":null},"tiered_pricing_minimum_quantity":null,"tiered_pricing_roles_data":[],"tiered_pricing_percentage_rules":[],"tiered_pricing_maximum_quantity":null,"tiered_pricing_quantity_step":null,"_links":{"self":[{"href":"https:\/\/shaliteink.com\/es\/wp-json\/wp\/v2\/product\/1202","targetHints":{"allow":["GET"]}}],"collection":[{"href":"https:\/\/shaliteink.com\/es\/wp-json\/wp\/v2\/product"}],"about":[{"href":"https:\/\/shaliteink.com\/es\/wp-json\/wp\/v2\/types\/product"}],"replies":[{"embeddable":true,"href":"https:\/\/shaliteink.com\/es\/wp-json\/wp\/v2\/comments?post=1202"}],"version-history":[{"count":0,"href":"https:\/\/shaliteink.com\/es\/wp-json\/wp\/v2\/product\/1202\/revisions"}],"wp:featuredmedia":[{"embeddable":true,"href":"https:\/\/shaliteink.com\/es\/wp-json\/wp\/v2\/media\/1479"}],"wp:attachment":[{"href":"https:\/\/shaliteink.com\/es\/wp-json\/wp\/v2\/media?parent=1202"}],"wp:term":[{"taxonomy":"product_brand","embeddable":true,"href":"https:\/\/shaliteink.com\/es\/wp-json\/wp\/v2\/product_brand?post=1202"},{"taxonomy":"product_cat","embeddable":true,"href":"https:\/\/shaliteink.com\/es\/wp-json\/wp\/v2\/product_cat?post=1202"},{"taxonomy":"product_tag","embeddable":true,"href":"https:\/\/shaliteink.com\/es\/wp-json\/wp\/v2\/product_tag?post=1202"}],"curies":[{"name":"wp","href":"https:\/\/api.w.org\/{rel}","templated":true}]}}