{"id":1197,"date":"2025-04-11T09:17:03","date_gmt":"2025-04-11T09:17:03","guid":{"rendered":"https:\/\/shaliteink.com\/?post_type=product&#038;p=1197"},"modified":"2025-12-10T11:30:45","modified_gmt":"2025-12-10T11:30:45","slug":"tinta-plastisol-para-serigrafia-magenta","status":"publish","type":"product","link":"https:\/\/shaliteink.com\/es\/producto\/tinta-plastisol-para-serigrafia-magenta\/","title":{"rendered":"Tinta plastisol para serigraf\u00eda magenta"},"content":{"rendered":"<h3 class=\"ng-star-inserted\"><span class=\"ng-star-inserted\">Beneficios clave que te encantar\u00e1n:<\/span><\/h3>\n<ul class=\"ng-star-inserted\">\n<li class=\"ng-star-inserted\">Magenta vibrante e intenso: Obtenga impresiones en magenta vibrantes y llamativas que realmente destaquen. Nuestras tintas ofrecen una saturaci\u00f3n de color excepcional.<\/li>\n<li class=\"ng-star-inserted\">Sensaci\u00f3n suave al tacto: impresiones que no solo son vibrantes sino tambi\u00e9n suaves al tacto, lo que aumenta la comodidad y el atractivo de la prenda.<\/li>\n<li class=\"ng-star-inserted\">Compatibilidad universal con telas: Excelente adhesi\u00f3n y rendimiento para una amplia gama de telas, incluidas algod\u00f3n 100%, mezclas de algod\u00f3n\/poli\u00e9ster e incluso algunas mezclas de poli\u00e9ster con la base adecuada.<\/li>\n<li class=\"ng-star-inserted\">Opacidad \u00f3ptima: su f\u00f3rmula altamente opaca proporciona una cobertura excelente, lo que reduce la necesidad de m\u00faltiples pasadas y la hace ideal tanto para uso claro como oscuro.<\/li>\n<li class=\"ng-star-inserted\">F\u00e1cil operaci\u00f3n: disfrute de la textura cremosa y fina que hace que la impresi\u00f3n sea intuitiva y sencilla, reduciendo la fatiga y mejorando el flujo de producci\u00f3n.<\/li>\n<li class=\"ng-star-inserted\">F\u00f3rmula sin ftalatos: comprometidos con la seguridad y la responsabilidad ambiental, nuestras tintas est\u00e1n formuladas sin ftalatos.<\/li>\n<li class=\"ng-star-inserted\">Curado eficiente: dise\u00f1ado para un curado r\u00e1pido a temperaturas tan bajas como 160 \u00b0C (320 \u00b0F), ahorrando energ\u00eda y reduciendo el riesgo de que la prenda se queme o encoja.<\/li>\n<li class=\"ng-star-inserted\">Temperatura de flash baja: logre destellos r\u00e1pidos entre 120 \u00b0C y 140 \u00b0C (248 \u00b0F y 284 \u00b0F), lo que permite operaciones multicolor m\u00e1s r\u00e1pidas.<\/li>\n<li class=\"ng-star-inserted\">Durabilidad superior al lavado: las impresiones est\u00e1n dise\u00f1adas para soportar m\u00faltiples lavados sin arrugarse ni decolorarse, lo que garantiza que sus dise\u00f1os duren m\u00e1s.<\/li>\n<\/ul>\n<h3><img decoding=\"async\" class=\"wp-image-4009 size-large aligncenter\" src=\"https:\/\/shaliteink.com\/wp-content\/uploads\/2025\/04\/Magenta-Screen-Printing-Plastisol-Ink-1024x683.jpg\" alt=\"Tinta plastisol para serigraf\u00eda magenta\" width=\"1024\" height=\"683\" srcset=\"https:\/\/shaliteink.com\/wp-content\/uploads\/2025\/04\/Magenta-Screen-Printing-Plastisol-Ink-1024x683.jpg 1024w, https:\/\/shaliteink.com\/wp-content\/uploads\/2025\/04\/Magenta-Screen-Printing-Plastisol-Ink-300x200.jpg 300w, https:\/\/shaliteink.com\/wp-content\/uploads\/2025\/04\/Magenta-Screen-Printing-Plastisol-Ink-768x512.jpg 768w, https:\/\/shaliteink.com\/wp-content\/uploads\/2025\/04\/Magenta-Screen-Printing-Plastisol-Ink-1536x1024.jpg 1536w, https:\/\/shaliteink.com\/wp-content\/uploads\/2025\/04\/Magenta-Screen-Printing-Plastisol-Ink-2048x1365.jpg 2048w, https:\/\/shaliteink.com\/wp-content\/uploads\/2025\/04\/Magenta-Screen-Printing-Plastisol-Ink-18x12.jpg 18w, https:\/\/shaliteink.com\/wp-content\/uploads\/2025\/04\/Magenta-Screen-Printing-Plastisol-Ink-1200x800.jpg 1200w, https:\/\/shaliteink.com\/wp-content\/uploads\/2025\/04\/Magenta-Screen-Printing-Plastisol-Ink-150x100.jpg 150w\" sizes=\"(max-width: 1024px) 100vw, 1024px\" \/><\/h3>\n<h3 class=\"ng-star-inserted\"><span class=\"ng-star-inserted\">\u00bfPor qu\u00e9 elegir Shaliteink Magenta?\u00a0<\/span><strong class=\"ng-star-inserted\"><span class=\"ng-star-inserted\">Tinta plastisol<\/span><\/strong><span class=\"ng-star-inserted\">?<\/span><\/h3>\n<p>Shalitink <strong>tintas plastisol magenta<\/strong> Han sido cuidadosamente formuladas para satisfacer las crecientes necesidades de la industria de la serigraf\u00eda. Nuestros veinte a\u00f1os de excelencia en la fabricaci\u00f3n le garantizan un producto fruto de un profundo conocimiento y una innovaci\u00f3n constante. Entendemos que el tiempo y la calidad son importantes. Por eso, nuestras tintas est\u00e1n listas para usar directamente del envase, ofreciendo una funcionalidad excepcional sin necesidad de aditivos ni ajustes excesivos.<\/p>\n<p>La baja temperatura de curado de 160 \u00b0C (320 \u00b0F) es una ventaja significativa, especialmente para las imprentas modernas. Esta caracter\u00edstica no solo reduce el consumo de energ\u00eda y los costos operativos, sino que tambi\u00e9n ayuda a prevenir la migraci\u00f3n de tintes en mezclas de poli\u00e9ster sensibles. Al curar a esta baja temperatura, se reduce el riesgo de que los tintes de poli\u00e9ster se desgasifiquen y se traspasen a la vibrante tinta magenta, lo que garantiza impresiones n\u00edtidas y limpias incluso en sustratos dif\u00edciles. Esto hace... <strong><a href=\"https:\/\/shaliteink.com\/es\/\">Shaliteink<\/a> <\/strong>Tinta plastisol magenta, una opci\u00f3n econ\u00f3micamente sensata para cualquier negocio de serigraf\u00eda que busque alta productividad y facturas de servicios p\u00fablicos bajas.<\/p>\n<h3 class=\"ng-star-inserted\"><span class=\"ng-star-inserted\">Instrucciones de curado para obtener resultados \u00f3ptimos:<\/span><\/h3>\n<p>Lograr un curado preciso es fundamental para la durabilidad y la calidad de su dise\u00f1o serigr\u00e1fico. La tinta plastisol magenta Shaliteink cura eficazmente a 160 \u00b0C (320 \u00b0F).<\/p>\n<ul>\n<li>Curado instant\u00e1neo: Para impresiones multicolor o cuando se requiera una base, seque a 120-140 \u00b0C (248-284 \u00b0F) durante aproximadamente 3-5 segundos. El tiempo exacto puede variar seg\u00fan el equipo y el espesor del dep\u00f3sito de tinta.<\/li>\n<li>Curado completo: Aseg\u00farese de que toda la capa de tinta alcance los 160 \u00b0C (320 \u00b0F) y permanezca intacta. Las lecturas de temperatura superficial de las pistolas l\u00e1ser pueden ser enga\u00f1osas, ya que solo miden la capa superior. Para un curado preciso, recomendamos usar una sonda de rosquilla o un term\u00f3metro de tira para verificar la temperatura del n\u00facleo de la tinta.<\/li>\n<\/ul>\n<p class=\"ng-star-inserted\"><strong class=\"ng-star-inserted\"><span class=\"ng-star-inserted\">Pruebas de curaci\u00f3n:<\/span><\/strong><\/p>\n<ul class=\"ng-star-inserted\">\n<li class=\"ng-star-inserted\">Prueba de estiramiento: Despu\u00e9s de enfriar, estire la impresi\u00f3n hasta aproximadamente dos tercios de su elasticidad normal. Si la tinta revienta y no se retrae, es posible que no cicatrice correctamente.<\/li>\n<li class=\"ng-star-inserted\">Prueba de lavado: Para una prueba m\u00e1s fiable, deje que la impresi\u00f3n se enfr\u00ede y luego lave la prenda de 5 a 10 veces. Si observa signos de deterioro despu\u00e9s de 1 a 3 lavados, esto indica que el tratamiento es insuficiente. Realice siempre una prueba antes de iniciar la producci\u00f3n en masa.<\/li>\n<\/ul>\n<h3><img decoding=\"async\" class=\"aligncenter wp-image-4010 size-large\" src=\"https:\/\/shaliteink.com\/wp-content\/uploads\/2025\/04\/Magenta-Screen-Printing-Plastisol-Ink-1-1024x683.jpg\" alt=\"Tinta plastisol para serigraf\u00eda magenta\" width=\"1024\" height=\"683\" srcset=\"https:\/\/shaliteink.com\/wp-content\/uploads\/2025\/04\/Magenta-Screen-Printing-Plastisol-Ink-1-1024x683.jpg 1024w, https:\/\/shaliteink.com\/wp-content\/uploads\/2025\/04\/Magenta-Screen-Printing-Plastisol-Ink-1-300x200.jpg 300w, https:\/\/shaliteink.com\/wp-content\/uploads\/2025\/04\/Magenta-Screen-Printing-Plastisol-Ink-1-768x512.jpg 768w, https:\/\/shaliteink.com\/wp-content\/uploads\/2025\/04\/Magenta-Screen-Printing-Plastisol-Ink-1-1536x1024.jpg 1536w, https:\/\/shaliteink.com\/wp-content\/uploads\/2025\/04\/Magenta-Screen-Printing-Plastisol-Ink-1-2048x1365.jpg 2048w, https:\/\/shaliteink.com\/wp-content\/uploads\/2025\/04\/Magenta-Screen-Printing-Plastisol-Ink-1-18x12.jpg 18w, https:\/\/shaliteink.com\/wp-content\/uploads\/2025\/04\/Magenta-Screen-Printing-Plastisol-Ink-1-1200x800.jpg 1200w, https:\/\/shaliteink.com\/wp-content\/uploads\/2025\/04\/Magenta-Screen-Printing-Plastisol-Ink-1-150x100.jpg 150w\" sizes=\"(max-width: 1024px) 100vw, 1024px\" \/><\/h3>\n<h3 class=\"ng-star-inserted\"><span class=\"ng-star-inserted\">Limpieza y almacenamiento:<\/span><\/h3>\n<ul>\n<li>En prensa: Para cambios r\u00e1pidos de color o limpieza a mitad de producci\u00f3n, utilice un <strong><a href=\"https:\/\/shaliteink.com\/es\/categoria-producto\/tinta-plastisol\/\">tinta plastisol<\/a><\/strong> lavado de prensa o degradante de tinta.<\/li>\n<li>Limpieza de pantalla: despu\u00e9s de imprimir, limpie la pantalla completamente con un limpiador de pantalla con tinta Plastisol de alta calidad o un degradante de tinta.<\/li>\n<li>Almacenamiento: Conserve la tinta plastisol magenta Shalighteink en un lugar fresco y seco, entre 18 y 32 \u00b0C (65 y 90 \u00b0F), alejada de la luz solar directa y de temperaturas extremas. La exposici\u00f3n prolongada a temperaturas superiores a 32 \u00b0C (90 \u00b0F) puede provocar que la tinta se solidifique en el envase.<\/li>\n<\/ul>\n<h3 class=\"ng-star-inserted\"><span class=\"ng-star-inserted\">Consejos profesionales para el \u00e9xito:<\/span><\/h3>\n<ul>\n<li>Base: al imprimir con tinta plastisol magenta sobre telas oscuras, recomendamos utilizar una base blanca para lograr resultados de color m\u00e1s vibrantes y reales.<\/li>\n<li>Malla: Para una opacidad \u00f3ptima y un tacto suave, experimente con la malla adecuada. Una malla m\u00e1s baja generalmente produce dep\u00f3sitos de tinta m\u00e1s densos y mayor opacidad.<\/li>\n<li>Selecci\u00f3n de telas: Si bien nuestras tintas son vers\u00e1tiles, los mejores resultados suelen obtenerse con algod\u00f3n 100%. Al trabajar con mezclas de poli\u00e9ster, aseg\u00farese de controlar la temperatura cuidadosamente para evitar la transferencia de tinta.<\/li>\n<\/ul>\n<p>Elija la tinta plastisol para serigraf\u00eda magenta Shaliteink para obtener una calidad constante, colores brillantes y una experiencia de impresi\u00f3n que respalde su \u00e9xito.<\/p>","protected":false},"excerpt":{"rendered":"<p>Experimente un brillo y una eficiencia inigualables con la tinta plastisol para serigraf\u00eda magenta Shalietink. Como l\u00edder mundial en la fabricaci\u00f3n de tintas para serigraf\u00eda con m\u00e1s de dos d\u00e9cadas de experiencia, Shaliteink ofrece calidad directa de f\u00e1brica que satisface constantemente las demandas de marcas de renombre mundial. Nuestra tinta plastisol magenta est\u00e1 dise\u00f1ada para proporcionar resultados impresionantes y duraderos en todos sus proyectos textiles.<br \/>\nEsta tinta plastisol magenta premium est\u00e1 dise\u00f1ada para simplificar su proceso de impresi\u00f3n y mejorar la calidad de sus productos finales. Tanto si es un profesional experimentado como si est\u00e1 empezando, las tintas plastisol magenta Shaliteink ofrecen el equilibrio perfecto entre rendimiento y facilidad de uso, garantizando impresiones vibrantes y opacas en todo momento.<\/p>","protected":false},"featured_media":1457,"comment_status":"open","ping_status":"closed","template":"","meta":[],"product_brand":[],"product_cat":[39],"product_tag":[],"class_list":{"0":"post-1197","1":"product","2":"type-product","3":"status-publish","4":"has-post-thumbnail","6":"product_cat-plastisol-ink","8":"first","9":"instock","10":"shipping-taxable","11":"purchasable","12":"product-type-variable"},"tiered_pricing_type":"fixed","tiered_pricing_fixed_rules":[],"tiered_pricing_product_settings":{"layout":"default","base_unit_name":{"singular":null,"plural":null},"default_variation":null},"tiered_pricing_minimum_quantity":null,"tiered_pricing_roles_data":[],"tiered_pricing_percentage_rules":[],"tiered_pricing_maximum_quantity":null,"tiered_pricing_quantity_step":null,"_links":{"self":[{"href":"https:\/\/shaliteink.com\/es\/wp-json\/wp\/v2\/product\/1197","targetHints":{"allow":["GET"]}}],"collection":[{"href":"https:\/\/shaliteink.com\/es\/wp-json\/wp\/v2\/product"}],"about":[{"href":"https:\/\/shaliteink.com\/es\/wp-json\/wp\/v2\/types\/product"}],"replies":[{"embeddable":true,"href":"https:\/\/shaliteink.com\/es\/wp-json\/wp\/v2\/comments?post=1197"}],"version-history":[{"count":0,"href":"https:\/\/shaliteink.com\/es\/wp-json\/wp\/v2\/product\/1197\/revisions"}],"wp:featuredmedia":[{"embeddable":true,"href":"https:\/\/shaliteink.com\/es\/wp-json\/wp\/v2\/media\/1457"}],"wp:attachment":[{"href":"https:\/\/shaliteink.com\/es\/wp-json\/wp\/v2\/media?parent=1197"}],"wp:term":[{"taxonomy":"product_brand","embeddable":true,"href":"https:\/\/shaliteink.com\/es\/wp-json\/wp\/v2\/product_brand?post=1197"},{"taxonomy":"product_cat","embeddable":true,"href":"https:\/\/shaliteink.com\/es\/wp-json\/wp\/v2\/product_cat?post=1197"},{"taxonomy":"product_tag","embeddable":true,"href":"https:\/\/shaliteink.com\/es\/wp-json\/wp\/v2\/product_tag?post=1197"}],"curies":[{"name":"wp","href":"https:\/\/api.w.org\/{rel}","templated":true}]}}