{"id":1186,"date":"2025-04-11T09:02:38","date_gmt":"2025-04-11T09:02:38","guid":{"rendered":"https:\/\/shaliteink.com\/?post_type=product&#038;p=1186"},"modified":"2025-12-10T11:30:25","modified_gmt":"2025-12-10T11:30:25","slug":"tinta-plastisol-para-serigrafia-roja-2","status":"publish","type":"product","link":"https:\/\/shaliteink.com\/es\/producto\/tinta-plastisol-para-serigrafia-roja-2\/","title":{"rendered":"Tinta plastisol para serigraf\u00eda roja"},"content":{"rendered":"<h3><img decoding=\"async\" class=\"wp-image-4003 size-large aligncenter\" src=\"https:\/\/shaliteink.com\/wp-content\/uploads\/2025\/04\/Red-Screen-Printing-Plastisol-Ink-1024x683.jpg\" alt=\"Tinta plastisol para serigraf\u00eda roja\" width=\"1024\" height=\"683\" srcset=\"https:\/\/shaliteink.com\/wp-content\/uploads\/2025\/04\/Red-Screen-Printing-Plastisol-Ink-1024x683.jpg 1024w, https:\/\/shaliteink.com\/wp-content\/uploads\/2025\/04\/Red-Screen-Printing-Plastisol-Ink-300x200.jpg 300w, https:\/\/shaliteink.com\/wp-content\/uploads\/2025\/04\/Red-Screen-Printing-Plastisol-Ink-768x512.jpg 768w, https:\/\/shaliteink.com\/wp-content\/uploads\/2025\/04\/Red-Screen-Printing-Plastisol-Ink-1536x1024.jpg 1536w, https:\/\/shaliteink.com\/wp-content\/uploads\/2025\/04\/Red-Screen-Printing-Plastisol-Ink-2048x1365.jpg 2048w, https:\/\/shaliteink.com\/wp-content\/uploads\/2025\/04\/Red-Screen-Printing-Plastisol-Ink-18x12.jpg 18w, https:\/\/shaliteink.com\/wp-content\/uploads\/2025\/04\/Red-Screen-Printing-Plastisol-Ink-1200x800.jpg 1200w, https:\/\/shaliteink.com\/wp-content\/uploads\/2025\/04\/Red-Screen-Printing-Plastisol-Ink-150x100.jpg 150w\" sizes=\"(max-width: 1024px) 100vw, 1024px\" \/><\/h3>\n<h3 class=\"ng-star-inserted\"><span class=\"ng-star-inserted\">Beneficios y caracter\u00edsticas clave:<\/span><\/h3>\n<ul class=\"ng-star-inserted\">\n<li class=\"ng-star-inserted\">Rojo vibrante y atrevido: obtenga el llamativo estampado rojo con colores reales que se destacan en el exterior.<\/li>\n<li class=\"ng-star-inserted\">Extremadamente opaco: excelente cobertura, incluso en ropa oscura, reduciendo la necesidad de muchas pasadas.<\/li>\n<li class=\"ng-star-inserted\">Impresi\u00f3n suave a mano: disfrute de un acabado suave y flexible que luce genial al tacto.<\/li>\n<li class=\"ng-star-inserted\">Compatibilidad universal con tejidos: ideal para una amplia gama de materiales, incluidos algod\u00f3n 100%, mezclas de algod\u00f3n y poli\u00e9ster y muchos tejidos sint\u00e9ticos.<\/li>\n<li class=\"ng-star-inserted\">F\u00f3rmula de bajo sangrado: especialmente dise\u00f1ada para evitar la migraci\u00f3n del tinte en prendas de poli\u00e9ster y con cabezal de poli\u00e9ster, lo que garantiza l\u00edneas limpias y n\u00edtidas.<\/li>\n<li class=\"ng-star-inserted\">Sin ftalatos: respetuoso con el medio ambiente y seguro tanto para los impresores como para los usuarios.<\/li>\n<li class=\"ng-star-inserted\">Es f\u00e1cil trabajar con \u00e9l: nuestra tinta plastisol cremosa de borde corto fluye f\u00e1cilmente a trav\u00e9s de la pantalla, lo que crea una impresi\u00f3n elegante para profesionales principiantes y experimentados.<\/li>\n<li class=\"ng-star-inserted\">Tratamiento confiable: Un tratamiento preciso a 160\u00b0C (320\u00b0F) trata de manera eficiente tiempos de producci\u00f3n r\u00e1pidos y consumo de energ\u00eda.<\/li>\n<li class=\"ng-star-inserted\">Temperatura de flash \u00f3ptima: brilla r\u00e1pidamente a 120\u2013140 \u00b0C (248\u2013284 \u00b0F) para una impresi\u00f3n eficiente de m\u00faltiples llamadas.<\/li>\n<li class=\"ng-star-inserted\">Calidad constante: Confiable por veinte a\u00f1os de excelencia en la fabricaci\u00f3n y confiable por marcas mundialmente famosas.<\/li>\n<\/ul>\n<h3 class=\"ng-star-inserted\"><span class=\"ng-star-inserted\">Da rienda suelta a tu creatividad con Shaliteink Red\u00a0<\/span><strong class=\"ng-star-inserted\"><span class=\"ng-star-inserted\">Tinta plastisol<\/span><\/strong><\/h3>\n<p>La tinta plastisol roja Shaliteink est\u00e1 dise\u00f1ada para su soluci\u00f3n Go-Two para serigraf\u00eda de alta calidad. Ya sea que cree ropa personalizada, art\u00edculos para campa\u00f1as o dise\u00f1os art\u00edsticos, nuestra tinta ofrece un rendimiento confiable y resultados incre\u00edbles. Su alta variable operativa le permite obtener una impresi\u00f3n en rojo intenso con pocas capas, ahorrando tiempo y tinta. Su tacto suave garantiza la m\u00e1xima comodidad, haciendo que sus prendas impresas sean muy atractivas.<\/p>\n<p>Entendemos los desaf\u00edos de la serigraf\u00eda, especialmente al trabajar con diferentes tipos de telas. Por eso, nuestra f\u00f3rmula de bajo sangrado es revolucionaria para las mezclas de poli\u00e9ster, ya que evita la temida migraci\u00f3n de tinte y preserva la integridad de sus dise\u00f1os. <strong><a href=\"https:\/\/shaliteink.com\/es\/\">Shalitink<\/a><\/strong> El compromiso con la innovaci\u00f3n y la calidad garantiza que cada balde de tinta plastisol roja cumpla con los m\u00e1s altos est\u00e1ndares de la industria, lo que le permite producir impresiones de calidad profesional en todo momento.<\/p>\n<h3 class=\"ng-star-inserted\"><span class=\"ng-star-inserted\">Instrucciones y pautas de curado:<\/span><\/h3>\n<p>Para una adhesi\u00f3n \u00f3ptima y una buena resistencia al lavado, fije la tinta plastisol roja Shaliteink a 160 \u00b0C (320 \u00b0F). Cuando toda la capa de tinta alcance los 160 \u00b0C (320 \u00b0F), estar\u00e1 completamente curada.<\/p>\n<ul class=\"ng-star-inserted\">\n<li class=\"ng-star-inserted\">\n<p class=\"ng-star-inserted\"><strong class=\"ng-star-inserted\"><span class=\"ng-star-inserted\">Temperatura de curado:<\/span><\/strong><span class=\"ng-star-inserted\">\u00a0160 \u00b0C (320 \u00b0F)<\/span><\/p>\n<\/li>\n<\/ul>\n<ul>\n<li class=\"ng-star-inserted\"><strong class=\"ng-star-inserted\"><span class=\"ng-star-inserted\">Temperatura de flash:<\/span><\/strong><span class=\"ng-star-inserted\">\u00a0120-140\u00b0C (248-284\u00b0F) durante 3-5 segundos.<br \/>\n<\/span><\/li>\n<\/ul>\n<p class=\"ng-star-inserted\"><strong class=\"ng-star-inserted\"><span class=\"ng-star-inserted\">Consejos importantes para la curaci\u00f3n:<\/span><\/strong><\/p>\n<ul>\n<li>Tratamiento completo: Se recomienda usar una sonda de d\u00f3nut o tiras de temperatura para asegurar que el n\u00facleo de la capa de tinta alcance la temperatura objetivo. Las pistolas l\u00e1ser pueden ser enga\u00f1osas en la lectura de la temperatura superficial.<\/li>\n<li>Prueba de lavado: Despu\u00e9s del tratamiento, deje que la impresi\u00f3n se enfr\u00ede y realice una prueba de lavado (despu\u00e9s de 24 horas) para verificar que el tratamiento sea adecuado. La impresi\u00f3n deber\u00eda resistir de 5 a 10 lavados sin deteriorarse.<\/li>\n<li>Prueba de estiramiento: Extienda la tela impresa lentamente hasta aproximadamente dos tercios de su elasticidad m\u00e1xima. Si las grietas de tinta no desaparecen, puede ser un tratamiento deficiente.<\/li>\n<li>Ideas para la ropa: La ropa de algod\u00f3n puede requerir un poco m\u00e1s de tiempo en la secadora que la de poli\u00e9ster debido al contenido de humedad. Ajuste la configuraci\u00f3n de la secadora seg\u00fan corresponda.<\/li>\n<li>Espesor del dep\u00f3sito de tinta: Los dep\u00f3sitos de tinta gruesos naturalmente requerir\u00e1n m\u00e1s tiempo para alcanzar el tratamiento completo en toda la capa.<\/li>\n<\/ul>\n<h3 class=\"ng-star-inserted\"><span class=\"ng-star-inserted\">Limpieza y almacenamiento:<\/span><\/h3>\n<ul>\n<li>En la prensa: Utilice un producto ecol\u00f3gico espec\u00edfico <strong><a href=\"https:\/\/shaliteink.com\/es\/categoria-producto\/tinta-plastisol\/\">tinta plastisol<\/a><\/strong> Lavado de prensa o degradaci\u00f3n de tinta para una limpieza r\u00e1pida entre trabajos.<\/li>\n<li>En el fregadero: para limpiar la pantalla, utilice un limpiador de pantalla con tinta plastisol fuerte o un degradador de tinta para eliminar bien los residuos de tinta.<\/li>\n<li>Almacenamiento: Conserve la tinta plastisol roja en un lugar fresco y seco, entre 18 y 32 \u00b0C (65 y 90 \u00b0F), alejada de la luz solar directa y de temperaturas extremas. La tinta puede comenzar a funcionar en el envase si se mantiene en contacto prolongado con temperaturas superiores a 32 \u00b0C (90 \u00b0F).<\/li>\n<\/ul>\n<h3><img decoding=\"async\" class=\"wp-image-4004 size-large aligncenter\" src=\"https:\/\/shaliteink.com\/wp-content\/uploads\/2025\/04\/Red-Screen-Printing-Plastisol-Ink-1-1024x683.jpg\" alt=\"Tinta plastisol para serigraf\u00eda roja\" width=\"1024\" height=\"683\" srcset=\"https:\/\/shaliteink.com\/wp-content\/uploads\/2025\/04\/Red-Screen-Printing-Plastisol-Ink-1-1024x683.jpg 1024w, https:\/\/shaliteink.com\/wp-content\/uploads\/2025\/04\/Red-Screen-Printing-Plastisol-Ink-1-300x200.jpg 300w, https:\/\/shaliteink.com\/wp-content\/uploads\/2025\/04\/Red-Screen-Printing-Plastisol-Ink-1-768x512.jpg 768w, https:\/\/shaliteink.com\/wp-content\/uploads\/2025\/04\/Red-Screen-Printing-Plastisol-Ink-1-1536x1024.jpg 1536w, https:\/\/shaliteink.com\/wp-content\/uploads\/2025\/04\/Red-Screen-Printing-Plastisol-Ink-1-2048x1365.jpg 2048w, https:\/\/shaliteink.com\/wp-content\/uploads\/2025\/04\/Red-Screen-Printing-Plastisol-Ink-1-18x12.jpg 18w, https:\/\/shaliteink.com\/wp-content\/uploads\/2025\/04\/Red-Screen-Printing-Plastisol-Ink-1-1200x800.jpg 1200w, https:\/\/shaliteink.com\/wp-content\/uploads\/2025\/04\/Red-Screen-Printing-Plastisol-Ink-1-150x100.jpg 150w\" sizes=\"(max-width: 1024px) 100vw, 1024px\" \/><\/h3>\n<h3 class=\"ng-star-inserted\"><span class=\"ng-star-inserted\">\u00bfPor qu\u00e9 elegir Shaliteink para su negocio?\u00a0<\/span><a href=\"https:\/\/shaliteink.com\/es\/screen-printing-ink\/\"><strong class=\"ng-star-inserted\"><span class=\"ng-star-inserted\">Tinta de serigraf\u00eda<\/span><\/strong><\/a><span class=\"ng-star-inserted\">\u00a0\u00bfNecesidades?<\/span><\/h3>\n<p>En shaliteink, no solo vendemos tinta plastisol; ofrecemos soluciones que potencian su creatividad y aumentan su producci\u00f3n. Nuestro modelo de producci\u00f3n directa garantiza la mejor calidad a precios competitivos. Con la tinta plastisol roja shaliteink, usted elige un producto desarrollado con veinte a\u00f1os de experiencia en el sector, dise\u00f1ado para un rendimiento excepcional y para que su experiencia de serigraf\u00eda sea c\u00f3moda y exitosa.<\/p>\n<p>\u00a1Compra ahora y descubre la diferencia que ofrece Shaliteink para tu pr\u00f3ximo proyecto de serigraf\u00eda! Consigue la mejor tinta de serigraf\u00eda para obtener resultados vibrantes y aplicaciones f\u00e1ciles.<\/p>","protected":false},"excerpt":{"rendered":"<p>Dale vida a tus proyectos de serigraf\u00eda con la tinta plastisol roja premium de Shaliteink. Como l\u00edder mundial con dos d\u00e9cadas de experiencia en fabricaci\u00f3n, Shaliteink se compromete a ofrecer suministros de serigraf\u00eda de la m\u00e1s alta calidad directamente de f\u00e1brica. Nuestra tinta plastisol roja proporciona una excelente viveza, forma y facilidad de uso, garantizando impresiones siempre n\u00edtidas y hermosas.<\/p>","protected":false},"featured_media":1459,"comment_status":"open","ping_status":"closed","template":"","meta":[],"product_brand":[],"product_cat":[39],"product_tag":[],"class_list":{"0":"post-1186","1":"product","2":"type-product","3":"status-publish","4":"has-post-thumbnail","6":"product_cat-plastisol-ink","8":"first","9":"instock","10":"shipping-taxable","11":"purchasable","12":"product-type-variable"},"tiered_pricing_type":"fixed","tiered_pricing_fixed_rules":[],"tiered_pricing_product_settings":{"layout":"default","base_unit_name":{"singular":null,"plural":null},"default_variation":null},"tiered_pricing_minimum_quantity":null,"tiered_pricing_roles_data":[],"tiered_pricing_percentage_rules":[],"tiered_pricing_maximum_quantity":null,"tiered_pricing_quantity_step":null,"_links":{"self":[{"href":"https:\/\/shaliteink.com\/es\/wp-json\/wp\/v2\/product\/1186","targetHints":{"allow":["GET"]}}],"collection":[{"href":"https:\/\/shaliteink.com\/es\/wp-json\/wp\/v2\/product"}],"about":[{"href":"https:\/\/shaliteink.com\/es\/wp-json\/wp\/v2\/types\/product"}],"replies":[{"embeddable":true,"href":"https:\/\/shaliteink.com\/es\/wp-json\/wp\/v2\/comments?post=1186"}],"version-history":[{"count":0,"href":"https:\/\/shaliteink.com\/es\/wp-json\/wp\/v2\/product\/1186\/revisions"}],"wp:featuredmedia":[{"embeddable":true,"href":"https:\/\/shaliteink.com\/es\/wp-json\/wp\/v2\/media\/1459"}],"wp:attachment":[{"href":"https:\/\/shaliteink.com\/es\/wp-json\/wp\/v2\/media?parent=1186"}],"wp:term":[{"taxonomy":"product_brand","embeddable":true,"href":"https:\/\/shaliteink.com\/es\/wp-json\/wp\/v2\/product_brand?post=1186"},{"taxonomy":"product_cat","embeddable":true,"href":"https:\/\/shaliteink.com\/es\/wp-json\/wp\/v2\/product_cat?post=1186"},{"taxonomy":"product_tag","embeddable":true,"href":"https:\/\/shaliteink.com\/es\/wp-json\/wp\/v2\/product_tag?post=1186"}],"curies":[{"name":"wp","href":"https:\/\/api.w.org\/{rel}","templated":true}]}}