{"id":1178,"date":"2025-04-11T08:49:33","date_gmt":"2025-04-11T08:49:33","guid":{"rendered":"https:\/\/shaliteink.com\/?post_type=product&#038;p=1178"},"modified":"2025-12-10T11:28:18","modified_gmt":"2025-12-10T11:28:18","slug":"tinta-plastisol-para-serigrafia-roja","status":"publish","type":"product","link":"https:\/\/shaliteink.com\/es\/producto\/tinta-plastisol-para-serigrafia-roja\/","title":{"rendered":"Tinta plastisol para serigraf\u00eda de color rojo intenso"},"content":{"rendered":"<p class=\"ng-star-inserted\"><strong class=\"ng-star-inserted\"><span class=\"ng-star-inserted\">T\u00edtulo: Tinta plastisol para serigraf\u00eda de color rojo intenso: consiga impresiones vibrantes con Shaliteink<\/span><\/strong><\/p>\n<p>Teniendo al usuario en mente, esto <a href=\"https:\/\/shaliteink.com\/es\/categoria-producto\/tinta-plastisol\/\"><strong>tinta plastisol<\/strong><\/a> Con una textura cremosa y una estabilidad f\u00e1cil de trabajar, garantiza una impresi\u00f3n fluida, tanto para profesionales experimentados como para principiantes. Su tama\u00f1o compacto la hace ideal para aplicaciones frecuentes, lo que permite detalles n\u00edtidos y una cobertura completa en una variedad de prendas. La extraordinaria variedad de colores de Shaliteink Deep Red permite reducir los colores vivos en prendas oscuras con varias pasadas, optimizando as\u00ed el proceso de producci\u00f3n.<\/p>\n<p><img decoding=\"async\" class=\"wp-image-4001 size-large aligncenter\" src=\"https:\/\/shaliteink.com\/wp-content\/uploads\/2025\/04\/Deep-Red-Screen-Printing-Plastisol-Ink-1-1024x683.jpg\" alt=\"Tinta plastisol para serigraf\u00eda de color rojo intenso\" width=\"1024\" height=\"683\" srcset=\"https:\/\/shaliteink.com\/wp-content\/uploads\/2025\/04\/Deep-Red-Screen-Printing-Plastisol-Ink-1-1024x683.jpg 1024w, https:\/\/shaliteink.com\/wp-content\/uploads\/2025\/04\/Deep-Red-Screen-Printing-Plastisol-Ink-1-300x200.jpg 300w, https:\/\/shaliteink.com\/wp-content\/uploads\/2025\/04\/Deep-Red-Screen-Printing-Plastisol-Ink-1-768x512.jpg 768w, https:\/\/shaliteink.com\/wp-content\/uploads\/2025\/04\/Deep-Red-Screen-Printing-Plastisol-Ink-1-1536x1024.jpg 1536w, https:\/\/shaliteink.com\/wp-content\/uploads\/2025\/04\/Deep-Red-Screen-Printing-Plastisol-Ink-1-2048x1365.jpg 2048w, https:\/\/shaliteink.com\/wp-content\/uploads\/2025\/04\/Deep-Red-Screen-Printing-Plastisol-Ink-1-18x12.jpg 18w, https:\/\/shaliteink.com\/wp-content\/uploads\/2025\/04\/Deep-Red-Screen-Printing-Plastisol-Ink-1-1200x800.jpg 1200w, https:\/\/shaliteink.com\/wp-content\/uploads\/2025\/04\/Deep-Red-Screen-Printing-Plastisol-Ink-1-150x100.jpg 150w\" sizes=\"(max-width: 1024px) 100vw, 1024px\" \/><\/p>\n<p>Una de las caracter\u00edsticas destacadas de Shaliteink <strong>Tinta plastisol de color rojo intenso<\/strong> Su eficiente perfil de tratamiento. Trata a 160 \u00b0C (320 \u00b0F) y logra un equilibrio ideal entre velocidad e integridad de la prenda. Este tratamiento personalizado ayuda a prevenir el quemado y encogimiento de las prendas por la temperatura, especialmente beneficioso para mezclas de poli\u00e9ster, como las prendas sensibles al verano. La temperatura de secado r\u00e1pido de 120 \u00b0C a 140 \u00b0C (248 \u00b0F a 284 \u00b0F) permite un secado r\u00e1pido entre capas, lo que mejora la productividad y facilita la creaci\u00f3n de dise\u00f1os n\u00edtidos y multicolores. Este secado a baja temperatura es particularmente eficaz para prevenir la migraci\u00f3n de tinta al imprimir sobre poli\u00e9ster.<\/p>\n<p>Entendemos la importancia de una mano suave en la ropa preparada. <strong><a href=\"https:\/\/shaliteink.com\/es\/\">Shaliteink<\/a><\/strong> La tinta Plastisol Rojo Intenso est\u00e1 dise\u00f1ada para crear una impresi\u00f3n suave y flexible que se adapta a la tela y garantiza la m\u00e1xima comodidad. Esta tinta, que no se descompone en grasa, tambi\u00e9n ofrece seguridad, cumpliendo con los est\u00e1ndares modernos de medio ambiente y salud. Su versatilidad la convierte en una opci\u00f3n universal para una amplia gama de prendas, ofreciendo resultados uniformes y profesionales en todo momento, desde algod\u00f3n 100% hasta diversos poli\u00e9steres.<\/p>\n<p class=\"ng-star-inserted\"><strong class=\"ng-star-inserted\"><span class=\"ng-star-inserted\">Caracter\u00edsticas y beneficios clave:<\/span><\/strong><\/p>\n<ul class=\"ng-star-inserted\">\n<li class=\"ng-star-inserted\">Rojo oscuro vivo: consigue estampados rojos atrevidos, lujosos y llamativos.<\/li>\n<li class=\"ng-star-inserted\">Mayor cobertura opaca: excelente cobertura en ropa clara y oscura, reduciendo el paso de impresi\u00f3n.<\/li>\n<li class=\"ng-star-inserted\">Tratamiento \u00f3ptimo: 160\u00b0C (320\u00b0F) trata firmemente, reduce el da\u00f1o a la prenda.<\/li>\n<li class=\"ng-star-inserted\">Flash r\u00e1pido: para una impresi\u00f3n eficiente de m\u00faltiples llamadas, de 120 \u00b0 C a 140 \u00b0 C (248 \u00b0 F a 284 \u00b0 F) brilla r\u00e1pidamente.<\/li>\n<li class=\"ng-star-inserted\">Sensaci\u00f3n suave al tacto: las impresiones permanecen suaves y flexibles, la prenda aumenta la comodidad.<\/li>\n<li class=\"ng-star-inserted\">Es f\u00e1cil de trabajar: garantiza una estabilidad cremosa y una aplicaci\u00f3n suave y breve.<\/li>\n<li class=\"ng-star-inserted\">Compatibilidad universal con tejidos: ideal para algod\u00f3n, poli\u00e9ster y otros sustratos populares.<\/li>\n<li class=\"ng-star-inserted\">Bajo sangrado: especialmente dise\u00f1ado para reducir la migraci\u00f3n del tinte en mezclas de poli\u00e9ster.<\/li>\n<li class=\"ng-star-inserted\">Sin ftalatos: respetuoso con el medio ambiente y seguro para los usuarios.<\/li>\n<\/ul>\n<p class=\"ng-star-inserted\"><strong class=\"ng-star-inserted\"><span class=\"ng-star-inserted\">Pautas de curaci\u00f3n:<\/span><\/strong><\/p>\n<p>Para una durabilidad y solidez \u00f3ptimas al lavado, fije la tinta plastisol rojo intenso Shaliteink a 160 \u00b0C (320 \u00b0F) en toda la capa de tinta. Dependiendo del equipo de su taller y de los dep\u00f3sitos de tinta, realice un secado instant\u00e1neo entre 120 \u00b0C y 140 \u00b0C (248 \u00b0F y 284 \u00b0F) durante 3 a 5 segundos. Realice siempre una prueba de estiramiento y una prueba de lavado en una prenda de muestra antes de iniciar una tirada completa para confirmar que el tratamiento es correcto. Una impresi\u00f3n bien tratada se deteriorar\u00e1 con la tela y resistir\u00e1 varios lavados. Recuerde que la pistola l\u00e1ser puede ser enga\u00f1osa en la lectura de la temperatura de la superficie; para obtener resultados precisos, utilice una sonda de donut o tiras de temperatura para medir la temperatura interna de la tinta.<\/p>\n<p><img decoding=\"async\" class=\"wp-image-4000 size-large aligncenter\" src=\"https:\/\/shaliteink.com\/wp-content\/uploads\/2025\/04\/Deep-Red-Screen-Printing-Plastisol-Ink-1024x683.jpg\" alt=\"Tinta plastisol para serigraf\u00eda de color rojo intenso\" width=\"1024\" height=\"683\" srcset=\"https:\/\/shaliteink.com\/wp-content\/uploads\/2025\/04\/Deep-Red-Screen-Printing-Plastisol-Ink-1024x683.jpg 1024w, https:\/\/shaliteink.com\/wp-content\/uploads\/2025\/04\/Deep-Red-Screen-Printing-Plastisol-Ink-300x200.jpg 300w, https:\/\/shaliteink.com\/wp-content\/uploads\/2025\/04\/Deep-Red-Screen-Printing-Plastisol-Ink-768x512.jpg 768w, https:\/\/shaliteink.com\/wp-content\/uploads\/2025\/04\/Deep-Red-Screen-Printing-Plastisol-Ink-1536x1024.jpg 1536w, https:\/\/shaliteink.com\/wp-content\/uploads\/2025\/04\/Deep-Red-Screen-Printing-Plastisol-Ink-2048x1365.jpg 2048w, https:\/\/shaliteink.com\/wp-content\/uploads\/2025\/04\/Deep-Red-Screen-Printing-Plastisol-Ink-18x12.jpg 18w, https:\/\/shaliteink.com\/wp-content\/uploads\/2025\/04\/Deep-Red-Screen-Printing-Plastisol-Ink-1200x800.jpg 1200w, https:\/\/shaliteink.com\/wp-content\/uploads\/2025\/04\/Deep-Red-Screen-Printing-Plastisol-Ink-150x100.jpg 150w\" sizes=\"(max-width: 1024px) 100vw, 1024px\" \/><\/p>\n<p class=\"ng-star-inserted\"><strong class=\"ng-star-inserted\"><span class=\"ng-star-inserted\">Limpieza:<\/span><\/strong><\/p>\n<p>La limpieza se realiza inmediatamente despu\u00e9s de la impresi\u00f3n con tinta plastisol Shaliteink. Para la limpieza inmediata, utilice un limpiador de prensas espec\u00edfico para plastisol o un degradador de tinta. Para la reimpresi\u00f3n de pantallas, un limpiador de pantallas de plastisol o un degradador de tinta potente eliminar\u00e1 eficazmente cualquier resto de tinta.<\/p>\n<p class=\"ng-star-inserted\"><strong class=\"ng-star-inserted\"><span class=\"ng-star-inserted\">Informaci\u00f3n de almacenamiento:<\/span><\/strong><\/p>\n<p>Guarde la tinta plastisol rojo intenso Shaliteink en un lugar fresco y seco, entre 18 y 32 \u00b0C (65 y 90 \u00b0F), alejado de la luz solar directa. En caso de contacto prolongado con temperaturas superiores a este l\u00edmite, el tratamiento puede comenzar en el contenedor de tinta.<\/p>","protected":false},"excerpt":{"rendered":"<p>La tinta plastisol rojo intenso de Shaliteink realza tus proyectos de impresi\u00f3n textil, una opci\u00f3n premium para serigrafistas que buscan una excelente viveza de color y un rendimiento fiable. Durante dos d\u00e9cadas, Shaliteink ha sido l\u00edder mundial en la fabricaci\u00f3n de tinta plastisol de alta calidad para serigraf\u00eda, colaborando con marcas de renombre internacional para ofrecer una excelencia superior. Nuestra tinta plastisol rojo intenso es un s\u00edmbolo de este compromiso, ofreciendo un color rico y opaco que transforma el dise\u00f1o en impresiones asombrosas y duraderas.<\/p>","protected":false},"featured_media":1455,"comment_status":"open","ping_status":"closed","template":"","meta":[],"product_brand":[],"product_cat":[39],"product_tag":[],"class_list":{"0":"post-1178","1":"product","2":"type-product","3":"status-publish","4":"has-post-thumbnail","6":"product_cat-plastisol-ink","8":"first","9":"instock","10":"shipping-taxable","11":"purchasable","12":"product-type-variable"},"tiered_pricing_type":"fixed","tiered_pricing_fixed_rules":[],"tiered_pricing_product_settings":{"layout":"default","base_unit_name":{"singular":null,"plural":null},"default_variation":null},"tiered_pricing_minimum_quantity":null,"tiered_pricing_roles_data":[],"tiered_pricing_percentage_rules":[],"tiered_pricing_maximum_quantity":null,"tiered_pricing_quantity_step":null,"_links":{"self":[{"href":"https:\/\/shaliteink.com\/es\/wp-json\/wp\/v2\/product\/1178","targetHints":{"allow":["GET"]}}],"collection":[{"href":"https:\/\/shaliteink.com\/es\/wp-json\/wp\/v2\/product"}],"about":[{"href":"https:\/\/shaliteink.com\/es\/wp-json\/wp\/v2\/types\/product"}],"replies":[{"embeddable":true,"href":"https:\/\/shaliteink.com\/es\/wp-json\/wp\/v2\/comments?post=1178"}],"version-history":[{"count":0,"href":"https:\/\/shaliteink.com\/es\/wp-json\/wp\/v2\/product\/1178\/revisions"}],"wp:featuredmedia":[{"embeddable":true,"href":"https:\/\/shaliteink.com\/es\/wp-json\/wp\/v2\/media\/1455"}],"wp:attachment":[{"href":"https:\/\/shaliteink.com\/es\/wp-json\/wp\/v2\/media?parent=1178"}],"wp:term":[{"taxonomy":"product_brand","embeddable":true,"href":"https:\/\/shaliteink.com\/es\/wp-json\/wp\/v2\/product_brand?post=1178"},{"taxonomy":"product_cat","embeddable":true,"href":"https:\/\/shaliteink.com\/es\/wp-json\/wp\/v2\/product_cat?post=1178"},{"taxonomy":"product_tag","embeddable":true,"href":"https:\/\/shaliteink.com\/es\/wp-json\/wp\/v2\/product_tag?post=1178"}],"curies":[{"name":"wp","href":"https:\/\/api.w.org\/{rel}","templated":true}]}}