{"id":1173,"date":"2025-04-11T08:43:33","date_gmt":"2025-04-11T08:43:33","guid":{"rendered":"https:\/\/shaliteink.com\/?post_type=product&#038;p=1173"},"modified":"2025-12-10T11:29:08","modified_gmt":"2025-12-10T11:29:08","slug":"tinta-plastisol-para-serigrafia-de-color-rojo-anaranjado","status":"publish","type":"product","link":"https:\/\/shaliteink.com\/es\/producto\/tinta-plastisol-para-serigrafia-de-color-rojo-anaranjado\/","title":{"rendered":"Tinta plastisol para serigraf\u00eda de color rojo anaranjado"},"content":{"rendered":"<p class=\"ng-star-inserted\"><strong class=\"ng-star-inserted\"><span class=\"ng-star-inserted\">Tinta plastisol para serigraf\u00eda Shaliteink naranja y roja: desata tu creatividad vibrante<\/span><\/strong><\/p>\n<p>En <strong><a href=\"https:\/\/shaliteink.com\/es\/\">Shaliteink<\/a><\/strong>, Con dos d\u00e9cadas de excelencia en la fabricaci\u00f3n y ventas directas de f\u00e1brica, nos enorgullece ser l\u00edder mundial en tinta plastisol para serigraf\u00eda. Nos asociamos con marcas de renombre mundial para ofrecerle la mejor calidad. <strong>tinta plastisol de color rojo anaranjado<\/strong> No es la excepci\u00f3n. Dise\u00f1ada tanto para imprentas profesionales como para aficionados, garantiza impresiones impactantes y duraderas en una amplia gama de prendas con tinta de alto rendimiento.<\/p>\n<p><img decoding=\"async\" class=\"wp-image-3997 size-large aligncenter\" src=\"https:\/\/shaliteink.com\/wp-content\/uploads\/2025\/04\/Orange-Red-Screen-Printing-Plastisol-Ink-1024x683.jpg\" alt=\"Tinta plastisol para serigraf\u00eda de color rojo anaranjado\" width=\"1024\" height=\"683\" srcset=\"https:\/\/shaliteink.com\/wp-content\/uploads\/2025\/04\/Orange-Red-Screen-Printing-Plastisol-Ink-1024x683.jpg 1024w, https:\/\/shaliteink.com\/wp-content\/uploads\/2025\/04\/Orange-Red-Screen-Printing-Plastisol-Ink-300x200.jpg 300w, https:\/\/shaliteink.com\/wp-content\/uploads\/2025\/04\/Orange-Red-Screen-Printing-Plastisol-Ink-768x512.jpg 768w, https:\/\/shaliteink.com\/wp-content\/uploads\/2025\/04\/Orange-Red-Screen-Printing-Plastisol-Ink-1536x1024.jpg 1536w, https:\/\/shaliteink.com\/wp-content\/uploads\/2025\/04\/Orange-Red-Screen-Printing-Plastisol-Ink-2048x1365.jpg 2048w, https:\/\/shaliteink.com\/wp-content\/uploads\/2025\/04\/Orange-Red-Screen-Printing-Plastisol-Ink-18x12.jpg 18w, https:\/\/shaliteink.com\/wp-content\/uploads\/2025\/04\/Orange-Red-Screen-Printing-Plastisol-Ink-1200x800.jpg 1200w, https:\/\/shaliteink.com\/wp-content\/uploads\/2025\/04\/Orange-Red-Screen-Printing-Plastisol-Ink-150x100.jpg 150w\" sizes=\"(max-width: 1024px) 100vw, 1024px\" \/><\/p>\n<p class=\"ng-star-inserted\"><strong class=\"ng-star-inserted\"><span class=\"ng-star-inserted\">Beneficios clave que nos diferencian:<\/span><\/strong><\/p>\n<ul class=\"ng-star-inserted\">\n<li class=\"ng-star-inserted\">Rojo anaranjado vibrante y atrevido: obtenga estampados llamativos y de colores reales que resaltan en diversos disfraces.<\/li>\n<li class=\"ng-star-inserted\">Cobertura superior: Excelente cobertura, incluso en prendas oscuras, a menudo elimina la necesidad de una base.<\/li>\n<li class=\"ng-star-inserted\">Sensaci\u00f3n suave al tacto: su impresi\u00f3n ser\u00e1 notablemente suave al tacto, lo que aumenta la comodidad de la prenda.<\/li>\n<li class=\"ng-star-inserted\">Es f\u00e1cil de trabajar: una estabilidad cremosa y de bordes cortos hace que la impresi\u00f3n sea suave y sencilla y reduce la fatiga.<\/li>\n<li class=\"ng-star-inserted\">Compatibilidad de tejidos universales: algod\u00f3n 100%, mezclas de algod\u00f3n\/poli\u00e9ster e incluso una amplia gama de materiales incluidas algunas mezclas de poli\u00e9ster.<\/li>\n<li class=\"ng-star-inserted\">F\u00f3rmula sin ftalatos: una opci\u00f3n segura tanto para la impresora como para el medio ambiente.<\/li>\n<li class=\"ng-star-inserted\">Sangrado bajo confiable: limpio, n\u00edtido, asegura resultados n\u00edtidos, reduce la migraci\u00f3n del tinte en mezclas de poli\u00e9ster.<\/li>\n<li class=\"ng-star-inserted\">Semibrillante finland\u00e9s: se agrega un brillo profesional a su impresi\u00f3n preparada.<\/li>\n<li class=\"ng-star-inserted\">Calidad directa de f\u00e1brica: Benef\u00edciese de nuestros veinte a\u00f1os de experiencia en fabricaci\u00f3n y precios directos.<\/li>\n<\/ul>\n<p class=\"ng-star-inserted\"><strong class=\"ng-star-inserted\"><span class=\"ng-star-inserted\">Curado optimizado para un rendimiento m\u00e1ximo:<\/span><\/strong><\/p>\n<p>La tinta plastisol color rojo anaranjado Shaliteink est\u00e1 dise\u00f1ada para un tratamiento eficiente y confiable.<\/p>\n<ul>\n<li>Temperatura de tratamiento: Obtenga un tratamiento completo a 160 \u00b0C (320 \u00b0F). Esta temperatura precisa garantiza m\u00e1xima durabilidad y un lavado r\u00e1pido.<\/li>\n<li>Temperatura de flash: Flash a 120 \u00b0C \u2013 140 \u00b0C (248 \u00b0F \u2013 284 \u00b0F) durante 3-5 segundos. Este corto tiempo de flash ayuda a agilizar los trabajos multicolor.<\/li>\n<\/ul>\n<p class=\"ng-star-inserted\"><strong class=\"ng-star-inserted\"><span class=\"ng-star-inserted\">Pautas importantes de curado:<\/span><\/strong><\/p>\n<p>Un tratamiento adecuado es fundamental para la durabilidad de su impresi\u00f3n. Recomendamos realizar una prueba de estiramiento y una de lavado antes de la producci\u00f3n completa. Para la prueba de estiramiento, extienda la prenda impresa aproximadamente dos tercios. Si las grietas de la impresi\u00f3n no desaparecen, es posible que disminuyan. Para la prueba de lavado, deje que la durabilidad se eval\u00fae perfectamente durante 5 a 10 lavados. Si las impresiones muestran un deterioro despu\u00e9s de 1 a 3 lavados, aumente el tiempo de tratamiento o ajuste la configuraci\u00f3n de la secadora. Recuerde que toda la capa de tinta debe alcanzar la temperatura de tratamiento de 160 \u00b0C. Las pistolas l\u00e1ser pueden ser enga\u00f1osas en la lectura de la temperatura superficial; considere usar una sonda de donut para obtener una temperatura interna de la capa de tinta m\u00e1s precisa. Los dep\u00f3sitos de tinta gruesos, la temperatura de la tinta y la longitud del t\u00fanel de secado afectan el tratamiento en todo momento.<\/p>\n<p class=\"ng-star-inserted\"><strong class=\"ng-star-inserted\"><span class=\"ng-star-inserted\">Limpieza sin esfuerzo:<\/span><\/strong><\/p>\n<p>La limpieza despu\u00e9s de la impresi\u00f3n es sencilla con Shaliteink.<\/p>\n<ul>\n<li>Limpieza en prensa: utilice un lavado de prensa de plastisol espec\u00edfico o un degradador de tinta para limpiar r\u00e1pidamente la pantalla limpia.<\/li>\n<li>Limpieza profunda de la pantalla: para una limpieza completa de la pantalla, utilice un limpiador de pantalla plastisol o un degradador de tinta en el fregadero.<\/li>\n<\/ul>\n<p class=\"ng-star-inserted\"><strong class=\"ng-star-inserted\"><span class=\"ng-star-inserted\">Consejos profesionales para dominar tus impresiones:<\/span><\/strong><\/p>\n<ul>\n<li>Almacenamiento: Almacenar la tinta shalite <strong><a href=\"https:\/\/shaliteink.com\/es\/categoria-producto\/tinta-plastisol\/\">tinta plastisol<\/a><\/strong> A temperatura ambiente, idealmente entre 18 y 32 \u00b0C (65 y 90 \u00b0F). Evite el contacto prolongado con temperaturas superiores a 32 \u00b0C (90 \u00b0F), ya que podr\u00eda iniciarse el tratamiento en los contenedores de tinta.<\/li>\n<li>Recomendaci\u00f3n de base: si bien nuestra tinta plastisol de color rojo anaranjado proporciona una gran ambig\u00fcedad, recomendamos utilizar una base blanca al imprimir sobre ropa muy oscura para obtener un color m\u00e1s vibrante y preciso.<\/li>\n<li>Entendiendo el plastisol: Recuerde, el plastisol es tinta, no tinte; se adhiere a la fibra y forma una fuerte uni\u00f3n mec\u00e1nica. Por eso es tan importante un tratamiento adecuado.<\/li>\n<li>Datos de seguridad: Consulte la hoja de datos de seguridad de nuestra tinta plastisol de color rojo anaranjado para obtener informaci\u00f3n de seguridad detallada.<\/li>\n<\/ul>\n<p><img decoding=\"async\" class=\"aligncenter wp-image-3998 size-large\" src=\"https:\/\/shaliteink.com\/wp-content\/uploads\/2025\/04\/Orange-Red-Screen-Printing-Plastisol-Ink-1-1024x683.jpg\" alt=\"Tinta plastisol para serigraf\u00eda de color rojo anaranjado\" width=\"1024\" height=\"683\" srcset=\"https:\/\/shaliteink.com\/wp-content\/uploads\/2025\/04\/Orange-Red-Screen-Printing-Plastisol-Ink-1-1024x683.jpg 1024w, https:\/\/shaliteink.com\/wp-content\/uploads\/2025\/04\/Orange-Red-Screen-Printing-Plastisol-Ink-1-300x200.jpg 300w, https:\/\/shaliteink.com\/wp-content\/uploads\/2025\/04\/Orange-Red-Screen-Printing-Plastisol-Ink-1-768x512.jpg 768w, https:\/\/shaliteink.com\/wp-content\/uploads\/2025\/04\/Orange-Red-Screen-Printing-Plastisol-Ink-1-1536x1024.jpg 1536w, https:\/\/shaliteink.com\/wp-content\/uploads\/2025\/04\/Orange-Red-Screen-Printing-Plastisol-Ink-1-2048x1365.jpg 2048w, https:\/\/shaliteink.com\/wp-content\/uploads\/2025\/04\/Orange-Red-Screen-Printing-Plastisol-Ink-1-18x12.jpg 18w, https:\/\/shaliteink.com\/wp-content\/uploads\/2025\/04\/Orange-Red-Screen-Printing-Plastisol-Ink-1-1200x800.jpg 1200w, https:\/\/shaliteink.com\/wp-content\/uploads\/2025\/04\/Orange-Red-Screen-Printing-Plastisol-Ink-1-150x100.jpg 150w\" sizes=\"(max-width: 1024px) 100vw, 1024px\" \/><\/p>\n<p class=\"ng-star-inserted\"><strong class=\"ng-star-inserted\"><span class=\"ng-star-inserted\">\u00bfPor qu\u00e9 elegir Shaliteink?<\/span><\/strong><\/p>\n<p>Con shaliteink, no solo compra tinta para serigraf\u00eda; invierte en veinte a\u00f1os de calidad, fiabilidad y experiencia en el sector. Nuestro modelo de venta directa de f\u00e1brica le garantiza tinta plastsol de primera calidad a precios competitivos, lo que nos convierte en la mejor opci\u00f3n para su pr\u00f3ximo proyecto de impresi\u00f3n. \u00a1Experimente una diferencia vibrante hoy mismo! Tanto si es un profesional con experiencia como si est\u00e1 empezando, nuestra tinta plastisol rojo anaranjado mejorar\u00e1 sus resultados de serigraf\u00eda. Compre nuestra tinta de serigraf\u00eda de primera calidad y nuestra vibrante tinta plastisol a precios inmejorables.<\/p>","protected":false},"excerpt":{"rendered":"<p>Nuestra tinta plastisol naranja rojiza para serigraf\u00eda ha sido dise\u00f1ada para ofrecer eficiencia y resultados extraordinarios. Experimente la facilidad de una tinta premium que proporciona un color vibrante y opaco en cada impresi\u00f3n. Olv\u00eddese de la configuraci\u00f3n compleja y d\u00e9 la bienvenida a una producci\u00f3n optimizada con una tinta que trabaja tan duro como usted.<\/p>","protected":false},"featured_media":1465,"comment_status":"open","ping_status":"closed","template":"","meta":[],"product_brand":[],"product_cat":[39],"product_tag":[],"class_list":{"0":"post-1173","1":"product","2":"type-product","3":"status-publish","4":"has-post-thumbnail","6":"product_cat-plastisol-ink","8":"first","9":"instock","10":"shipping-taxable","11":"purchasable","12":"product-type-variable"},"tiered_pricing_type":"fixed","tiered_pricing_fixed_rules":[],"tiered_pricing_product_settings":{"layout":"default","base_unit_name":{"singular":null,"plural":null},"default_variation":null},"tiered_pricing_minimum_quantity":null,"tiered_pricing_roles_data":[],"tiered_pricing_percentage_rules":[],"tiered_pricing_maximum_quantity":null,"tiered_pricing_quantity_step":null,"_links":{"self":[{"href":"https:\/\/shaliteink.com\/es\/wp-json\/wp\/v2\/product\/1173","targetHints":{"allow":["GET"]}}],"collection":[{"href":"https:\/\/shaliteink.com\/es\/wp-json\/wp\/v2\/product"}],"about":[{"href":"https:\/\/shaliteink.com\/es\/wp-json\/wp\/v2\/types\/product"}],"replies":[{"embeddable":true,"href":"https:\/\/shaliteink.com\/es\/wp-json\/wp\/v2\/comments?post=1173"}],"version-history":[{"count":0,"href":"https:\/\/shaliteink.com\/es\/wp-json\/wp\/v2\/product\/1173\/revisions"}],"wp:featuredmedia":[{"embeddable":true,"href":"https:\/\/shaliteink.com\/es\/wp-json\/wp\/v2\/media\/1465"}],"wp:attachment":[{"href":"https:\/\/shaliteink.com\/es\/wp-json\/wp\/v2\/media?parent=1173"}],"wp:term":[{"taxonomy":"product_brand","embeddable":true,"href":"https:\/\/shaliteink.com\/es\/wp-json\/wp\/v2\/product_brand?post=1173"},{"taxonomy":"product_cat","embeddable":true,"href":"https:\/\/shaliteink.com\/es\/wp-json\/wp\/v2\/product_cat?post=1173"},{"taxonomy":"product_tag","embeddable":true,"href":"https:\/\/shaliteink.com\/es\/wp-json\/wp\/v2\/product_tag?post=1173"}],"curies":[{"name":"wp","href":"https:\/\/api.w.org\/{rel}","templated":true}]}}