{"id":1168,"date":"2025-04-11T08:37:54","date_gmt":"2025-04-11T08:37:54","guid":{"rendered":"https:\/\/shaliteink.com\/?post_type=product&#038;p=1168"},"modified":"2025-12-10T11:23:48","modified_gmt":"2025-12-10T11:23:48","slug":"tinta-plastisol-para-serigrafia-de-color-amarillo-anaranjado","status":"publish","type":"product","link":"https:\/\/shaliteink.com\/es\/producto\/tinta-plastisol-para-serigrafia-de-color-amarillo-anaranjado\/","title":{"rendered":"Tinta plastisol para serigraf\u00eda de color amarillo anaranjado"},"content":{"rendered":"<p class=\"ng-star-inserted\"><strong class=\"ng-star-inserted\"><span class=\"ng-star-inserted\">Tinta plastisol para serigraf\u00eda Shaliteink color amarillo anaranjado: crea impresiones vibrantes con una eficiencia inigualable<\/span><\/strong><\/p>\n<p>Experimente el m\u00e1ximo rendimiento en serigraf\u00eda con la tinta plastisol para serigraf\u00eda Shaliteink Amarillo Naranja. Como l\u00edder mundial en el suministro de serigraf\u00eda con dos d\u00e9cadas de excelencia en la fabricaci\u00f3n, Shaliteink le ofrece una tinta premium. <strong><a href=\"https:\/\/shaliteink.com\/es\/categoria-producto\/tinta-plastisol\/\">tinta plastisol<\/a><\/strong> Dise\u00f1ado para resultados extraordinarios y una facilidad de uso \u00fanica. Nuestro enfoque directo a f\u00e1brica, combinado con una s\u00f3lida colaboraci\u00f3n con marcas de renombre mundial, garantiza productos de alta calidad que realzan sus impresiones.<\/p>\n<p><img decoding=\"async\" class=\"aligncenter wp-image-3994 size-large\" src=\"https:\/\/shaliteink.com\/wp-content\/uploads\/2025\/04\/Orange-Yellow-Screen-Printing-Plastisol-Ink-1024x683.jpg\" alt=\"Tinta plastisol para serigraf\u00eda de color amarillo anaranjado\" width=\"1024\" height=\"683\" srcset=\"https:\/\/shaliteink.com\/wp-content\/uploads\/2025\/04\/Orange-Yellow-Screen-Printing-Plastisol-Ink-1024x683.jpg 1024w, https:\/\/shaliteink.com\/wp-content\/uploads\/2025\/04\/Orange-Yellow-Screen-Printing-Plastisol-Ink-300x200.jpg 300w, https:\/\/shaliteink.com\/wp-content\/uploads\/2025\/04\/Orange-Yellow-Screen-Printing-Plastisol-Ink-768x512.jpg 768w, https:\/\/shaliteink.com\/wp-content\/uploads\/2025\/04\/Orange-Yellow-Screen-Printing-Plastisol-Ink-1536x1024.jpg 1536w, https:\/\/shaliteink.com\/wp-content\/uploads\/2025\/04\/Orange-Yellow-Screen-Printing-Plastisol-Ink-2048x1365.jpg 2048w, https:\/\/shaliteink.com\/wp-content\/uploads\/2025\/04\/Orange-Yellow-Screen-Printing-Plastisol-Ink-18x12.jpg 18w, https:\/\/shaliteink.com\/wp-content\/uploads\/2025\/04\/Orange-Yellow-Screen-Printing-Plastisol-Ink-1200x800.jpg 1200w, https:\/\/shaliteink.com\/wp-content\/uploads\/2025\/04\/Orange-Yellow-Screen-Printing-Plastisol-Ink-150x100.jpg 150w\" sizes=\"(max-width: 1024px) 100vw, 1024px\" \/><\/p>\n<p class=\"ng-star-inserted\"><strong class=\"ng-star-inserted\"><span class=\"ng-star-inserted\">Beneficios y caracter\u00edsticas clave:<\/span><\/strong><\/p>\n<ul class=\"ng-star-inserted\">\n<li class=\"ng-star-inserted\">Cobertura vibrante y opaca: Obtenga impresiones lujosas y vibrantes en amarillo anaranjado que realmente resaltan, incluso en ropa oscura. Nuestra tinta plastisol ofrece una excelente ambig\u00fcedad y, a menudo, reduce la necesidad de varias pasadas.<\/li>\n<li class=\"ng-star-inserted\">Estampados suaves: Un acabado lujoso, apenas perceptible en la ropa. Esta tinta plastisol para serigraf\u00eda se cura formando una capa fina y flexible que conserva la ca\u00edda natural de la tela.<\/li>\n<li class=\"ng-star-inserted\">Compatibilidad universal con telas: Perfecta para diferentes tipos de materiales, desde algod\u00f3n 100% hasta mezclas de algod\u00f3n y pol\u00edmero, e incluso poli\u00e9ster (con las t\u00e9cnicas adecuadas). Crea una tinta plastisol ideal para diversos proyectos.<\/li>\n<li class=\"ng-star-inserted\">Propiedades \u00f3ptimas de bajo sangrado: especialmente dise\u00f1ado para reducir la migraci\u00f3n del tinte, especialmente cuando se trabaja con mezclas de poli\u00e9ster desafiantes, asegur\u00e1ndose de que su naranja sea perfecto para el color de impresi\u00f3n amarillo.<\/li>\n<li class=\"ng-star-inserted\">Formulaci\u00f3n sin ftalatos: alineada con los est\u00e1ndares modernos de la industria, una opci\u00f3n segura tanto para las impresoras como para el medio ambiente.<\/li>\n<li class=\"ng-star-inserted\">F\u00e1cil de usar: Nuestra tinta plastisol ofrece una textura cremosa y una estabilidad de borde corto, lista para usar directamente desde el envase. Ofrece una excelente estabilidad en la pantalla y una impresi\u00f3n fluida, lo que la convierte en un placer para cualquier proyecto de serigraf\u00eda.<\/li>\n<li class=\"ng-star-inserted\">Tratamiento r\u00e1pido para mayor eficiencia: Con baja temperatura de tratamiento, este <strong><a href=\"https:\/\/shaliteink.com\/es\/screen-printing-ink\/\">tinta de serigraf\u00eda<\/a><\/strong> Produce ciclos de producci\u00f3n de tinta, reduciendo el coste de energ\u00eda y ayuda a reducir el riesgo de quemaduras o encogimiento.<\/li>\n<li class=\"ng-star-inserted\">Semibrillante finland\u00e9s: sus impresiones preparadas proporcionan un aspecto profesional y atractivo.<\/li>\n<\/ul>\n<p class=\"ng-star-inserted\"><strong class=\"ng-star-inserted\"><span class=\"ng-star-inserted\">Pautas de curado para la tinta plastisol Shaliteink:<\/span><\/strong><\/p>\n<p>Obtener un tratamiento ideal es fundamental para la durabilidad y longevidad de su impresi\u00f3n. La tinta plastisol amarillo anaranjado Shaliteink ofrece un perfil de tratamiento eficiente:<\/p>\n<ul>\n<li>Temperatura de tratamiento: 160 \u00b0C (320 \u00b0F). Aseg\u00farese de que toda la capa de tinta alcance y mantenga esta temperatura durante el tiempo de residencia especificado. Se recomienda encarecidamente utilizar una sonda de d\u00f3nut para medir con precisi\u00f3n la temperatura interna de la capa de tinta, ya que las pistolas l\u00e1ser de temperatura pueden dar lecturas superficiales err\u00f3neas.<\/li>\n<li>Temperatura de secado: 120 \u00b0C \u2013 140 \u00b0C (248 \u00b0F \u2013 284 \u00b0F) durante 3-5 segundos. Este breve tiempo de secado contribuye a una producci\u00f3n r\u00e1pida al imprimir muchos colores o usar base.<\/li>\n<li class=\"ng-star-inserted\"><strong class=\"ng-star-inserted\"><span class=\"ng-star-inserted\">Poniendo a prueba tu cura:<\/span><\/strong><\/li>\n<li>Prueba de lavado: Espere 24 horas despu\u00e9s del lavado. El tratamiento completo suele confirmarse despu\u00e9s de 5 a 10 lavados sin deterioro. La ropa interior importante se agrietar\u00e1 o desaparecer\u00e1 despu\u00e9s de solo 1 a 3 lavados.<\/li>\n<li>Pruebas de estiramiento: Se estira una secci\u00f3n de prenda estampada aproximadamente dos tercios de su longitud original. Si la impresi\u00f3n se agrieta y no se estira con suavidad, indica que la prenda est\u00e1 desgastada.<\/li>\n<li>Consejos importantes: Los dep\u00f3sitos de tinta, la temperatura ambiente de la tinta, la longitud y la temperatura del t\u00fanel de secado, y el tipo de tela (algod\u00f3n o mezcla) influyen en todos los tiempos de impresi\u00f3n. Realice siempre una prueba de impresi\u00f3n y de lavado antes de la producci\u00f3n completa para ajustar la configuraci\u00f3n.<\/li>\n<\/ul>\n<p class=\"ng-star-inserted\"><strong class=\"ng-star-inserted\"><span class=\"ng-star-inserted\">Limpieza:<\/span><\/strong><\/p>\n<p>El mantenimiento de su equipo es f\u00e1cil con la tinta plastisol Shaliteink. Limpie el fregadero con el detergente est\u00e1ndar para tinta plastisol y los limpiadores de prensa.<\/p>\n<p class=\"ng-star-inserted\"><strong class=\"ng-star-inserted\"><span class=\"ng-star-inserted\">Informaci\u00f3n de almacenamiento:<\/span><\/strong><\/p>\n<p>Guarde la tinta plastisol Shaliteink a temperatura ambiente, idealmente entre 18 y 32 \u00b0C (65 y 90 \u00b0F), protegida de la luz solar directa. La tinta puede comenzar a tratarse en el envase si se expone a temperaturas superiores a 32 \u00b0C (90 \u00b0F).<\/p>\n<p class=\"ng-star-inserted\"><strong class=\"ng-star-inserted\"><span class=\"ng-star-inserted\">Consejos profesionales para obtener resultados \u00f3ptimos:<\/span><\/strong><\/p>\n<ul class=\"ng-star-inserted\">\n<li class=\"ng-star-inserted\">Base para ropa oscura: Para obtener los resultados de color amarillo anaranjado m\u00e1s vibrantes en ropa oscura, recomendamos encarecidamente imprimir una base blanca utilizando tinta blanca de alta densidad, como tinta plastisol de alta opacidad.<\/li>\n<li>Uniones mec\u00e1nicas: Recuerde que la tinta plastisol crea una uni\u00f3n mec\u00e1nica al envolverlas alrededor de la fibra de la tela en lugar de te\u00f1irlas. Un tratamiento adecuado garantiza que esta uni\u00f3n sea fuerte y duradera.<\/li>\n<\/ul>\n<p>Invierta hoy en Shaliteink Naranja Amarillo Serigraf\u00eda Plastisol Inc. y descubra por qu\u00e9 innumerables profesionales conf\u00edan en nosotros para sus necesidades de serigraf\u00eda. Obtenga impresiones frecuentes, de alta calidad y visualmente impactantes en cada proyecto. \u00a1Compre ahora y experimente la diferencia de Shaliteink!<\/p>\n<p><img decoding=\"async\" class=\"wp-image-3995 size-large aligncenter\" src=\"https:\/\/shaliteink.com\/wp-content\/uploads\/2025\/04\/Orange-Yellow-Screen-Printing-Plastisol-Ink-1-1024x683.jpg\" alt=\"Tinta plastisol para serigraf\u00eda de color amarillo anaranjado\" width=\"1024\" height=\"683\" srcset=\"https:\/\/shaliteink.com\/wp-content\/uploads\/2025\/04\/Orange-Yellow-Screen-Printing-Plastisol-Ink-1-1024x683.jpg 1024w, https:\/\/shaliteink.com\/wp-content\/uploads\/2025\/04\/Orange-Yellow-Screen-Printing-Plastisol-Ink-1-300x200.jpg 300w, https:\/\/shaliteink.com\/wp-content\/uploads\/2025\/04\/Orange-Yellow-Screen-Printing-Plastisol-Ink-1-768x512.jpg 768w, https:\/\/shaliteink.com\/wp-content\/uploads\/2025\/04\/Orange-Yellow-Screen-Printing-Plastisol-Ink-1-1536x1024.jpg 1536w, https:\/\/shaliteink.com\/wp-content\/uploads\/2025\/04\/Orange-Yellow-Screen-Printing-Plastisol-Ink-1-2048x1365.jpg 2048w, https:\/\/shaliteink.com\/wp-content\/uploads\/2025\/04\/Orange-Yellow-Screen-Printing-Plastisol-Ink-1-18x12.jpg 18w, https:\/\/shaliteink.com\/wp-content\/uploads\/2025\/04\/Orange-Yellow-Screen-Printing-Plastisol-Ink-1-1200x800.jpg 1200w, https:\/\/shaliteink.com\/wp-content\/uploads\/2025\/04\/Orange-Yellow-Screen-Printing-Plastisol-Ink-1-150x100.jpg 150w\" sizes=\"(max-width: 1024px) 100vw, 1024px\" \/><\/p>","protected":false},"excerpt":{"rendered":"<p>La tinta plastisol naranja-amarilla Shaliteink est\u00e1 cuidadosamente dise\u00f1ada para satisfacer las exigencias de los impresores serigr\u00e1ficos modernos, logrando un resultado vibrante, opaco y de tacto incre\u00edblemente suave. Su versatilidad la hace ideal para una amplia gama de aplicaciones textiles y de impresi\u00f3n. Su facilidad de uso reduce las complicaciones de producci\u00f3n y permite obtener productos finales de gran calidad. Olv\u00eddese de la configuraci\u00f3n compleja y d\u00e9 la bienvenida a una nueva era de impresi\u00f3n espont\u00e1nea y de alta calidad. Tanto si es un profesional experimentado como si est\u00e1 empezando, nuestra tinta plastisol optimizar\u00e1 su flujo de trabajo y aumentar\u00e1 su productividad.<\/p>","protected":false},"featured_media":2030,"comment_status":"open","ping_status":"closed","template":"","meta":[],"product_brand":[],"product_cat":[39],"product_tag":[],"class_list":{"0":"post-1168","1":"product","2":"type-product","3":"status-publish","4":"has-post-thumbnail","6":"product_cat-plastisol-ink","8":"first","9":"instock","10":"shipping-taxable","11":"purchasable","12":"product-type-variable"},"tiered_pricing_type":"fixed","tiered_pricing_fixed_rules":[],"tiered_pricing_product_settings":{"layout":"default","base_unit_name":{"singular":null,"plural":null},"default_variation":null},"tiered_pricing_minimum_quantity":null,"tiered_pricing_roles_data":[],"tiered_pricing_percentage_rules":[],"tiered_pricing_maximum_quantity":null,"tiered_pricing_quantity_step":null,"_links":{"self":[{"href":"https:\/\/shaliteink.com\/es\/wp-json\/wp\/v2\/product\/1168","targetHints":{"allow":["GET"]}}],"collection":[{"href":"https:\/\/shaliteink.com\/es\/wp-json\/wp\/v2\/product"}],"about":[{"href":"https:\/\/shaliteink.com\/es\/wp-json\/wp\/v2\/types\/product"}],"replies":[{"embeddable":true,"href":"https:\/\/shaliteink.com\/es\/wp-json\/wp\/v2\/comments?post=1168"}],"version-history":[{"count":0,"href":"https:\/\/shaliteink.com\/es\/wp-json\/wp\/v2\/product\/1168\/revisions"}],"wp:featuredmedia":[{"embeddable":true,"href":"https:\/\/shaliteink.com\/es\/wp-json\/wp\/v2\/media\/2030"}],"wp:attachment":[{"href":"https:\/\/shaliteink.com\/es\/wp-json\/wp\/v2\/media?parent=1168"}],"wp:term":[{"taxonomy":"product_brand","embeddable":true,"href":"https:\/\/shaliteink.com\/es\/wp-json\/wp\/v2\/product_brand?post=1168"},{"taxonomy":"product_cat","embeddable":true,"href":"https:\/\/shaliteink.com\/es\/wp-json\/wp\/v2\/product_cat?post=1168"},{"taxonomy":"product_tag","embeddable":true,"href":"https:\/\/shaliteink.com\/es\/wp-json\/wp\/v2\/product_tag?post=1168"}],"curies":[{"name":"wp","href":"https:\/\/api.w.org\/{rel}","templated":true}]}}