{"id":1163,"date":"2025-04-11T08:32:36","date_gmt":"2025-04-11T08:32:36","guid":{"rendered":"https:\/\/shaliteink.com\/?post_type=product&#038;p=1163"},"modified":"2025-12-10T11:29:08","modified_gmt":"2025-12-10T11:29:08","slug":"tinta-plastisol-para-serigrafia-naranja","status":"publish","type":"product","link":"https:\/\/shaliteink.com\/es\/producto\/tinta-plastisol-para-serigrafia-naranja\/","title":{"rendered":"Tinta plastisol para serigraf\u00eda naranja"},"content":{"rendered":"<h3 class=\"ng-star-inserted\"><span class=\"ng-star-inserted\">Descripci\u00f3n: Unlo<\/span>ck Brilliance con tinta plastisol naranja Shaliteink<\/h3>\n<p><img decoding=\"async\" class=\"wp-image-3991 size-large aligncenter\" src=\"https:\/\/shaliteink.com\/wp-content\/uploads\/2025\/04\/Orange-Screen-Printing-Plastisol-Ink-1024x683.jpg\" alt=\"Tinta plastisol para serigraf\u00eda naranja\" width=\"1024\" height=\"683\" srcset=\"https:\/\/shaliteink.com\/wp-content\/uploads\/2025\/04\/Orange-Screen-Printing-Plastisol-Ink-1024x683.jpg 1024w, https:\/\/shaliteink.com\/wp-content\/uploads\/2025\/04\/Orange-Screen-Printing-Plastisol-Ink-300x200.jpg 300w, https:\/\/shaliteink.com\/wp-content\/uploads\/2025\/04\/Orange-Screen-Printing-Plastisol-Ink-768x512.jpg 768w, https:\/\/shaliteink.com\/wp-content\/uploads\/2025\/04\/Orange-Screen-Printing-Plastisol-Ink-1536x1024.jpg 1536w, https:\/\/shaliteink.com\/wp-content\/uploads\/2025\/04\/Orange-Screen-Printing-Plastisol-Ink-2048x1365.jpg 2048w, https:\/\/shaliteink.com\/wp-content\/uploads\/2025\/04\/Orange-Screen-Printing-Plastisol-Ink-18x12.jpg 18w, https:\/\/shaliteink.com\/wp-content\/uploads\/2025\/04\/Orange-Screen-Printing-Plastisol-Ink-1200x800.jpg 1200w, https:\/\/shaliteink.com\/wp-content\/uploads\/2025\/04\/Orange-Screen-Printing-Plastisol-Ink-150x100.jpg 150w\" sizes=\"(max-width: 1024px) 100vw, 1024px\" \/><\/p>\n<p>Experimente la diferencia con la tinta plastisol naranja Shaliteink, dise\u00f1ada por expertos para lograr impresiones en un naranja brillante y vibrante. Esta tinta plastisol premium es el resultado de dos d\u00e9cadas de excelencia en la fabricaci\u00f3n, ofreciendo la combinaci\u00f3n perfecta de calidad, rendimiento y facilidad de uso. Tanto si es un profesional experimentado como si est\u00e1 empezando, nuestra tinta plastisol naranja para serigraf\u00eda le permite obtener impresiones vibrantes y duraderas con mucha m\u00e1s facilidad que antes.<\/p>\n<p>Nuestra tinta plastisol naranja est\u00e1 dise\u00f1ada para lograr un acabado suave y delicado, garantizando que sus prendas se sientan tan bien como se ven. Su compatibilidad universal con una variedad de prendas la convierte en una opci\u00f3n incre\u00edblemente vers\u00e1til para diversas necesidades de impresi\u00f3n. \u00bfLe preocupa el deste\u00f1ido en las mezclas de turnos? Nuestra tinta tiene propiedades de bajo deste\u00f1ido, lo que proporciona l\u00edneas n\u00edtidas y evita la migraci\u00f3n del tinte para obtener resultados profesionales en todo momento.<\/p>\n<p>Una de las caracter\u00edsticas destacadas de la tinta plastisol naranja Shaliteink es su tratamiento a baja temperatura. Al tratarse eficazmente a tan solo 160 \u00b0C, esta tinta ayuda a prevenir el quemado y la contracci\u00f3n, especialmente en materiales sensibles al calor. El tratamiento a baja temperatura tambi\u00e9n contribuye al ahorro de energ\u00eda y a una producci\u00f3n m\u00e1s r\u00e1pida, ya que reduce la necesidad de un riesgo de calor generalizado y permite un uso m\u00e1s eficiente del secador de cinta transportadora.<\/p>\n<p>Este no-gordito <a href=\"https:\/\/shaliteink.com\/es\/categoria-producto\/tinta-plastisol\/\"><strong>tinta plastisol<\/strong><\/a> Adem\u00e1s, es muy opaco, lo que significa que obtendr\u00e1 una excelente cobertura en ropa oscura. Su textura cremosa, su f\u00e1cil aplicaci\u00f3n, su estabilidad y su peque\u00f1o volumen hacen que sea un placer imprimirlo, reduce la fatiga y garantiza una aplicaci\u00f3n suave. El acabado semibrillante a\u00f1ade un toque de brillo profesional a sus dise\u00f1os, permitiendo que sus impresiones destaquen.<\/p>\n<p>El compromiso de Shaliteink con la calidad garantiza que cada cubo de nuestra tinta plastisol naranja ofrezca coloraci\u00f3n frecuente, excelente durabilidad y un rendimiento confiable. Esto convierte a cualquiera en la opci\u00f3n ideal para comprar tinta plastisol que combina resistencia con resultados de calidad profesional.<\/p>\n<h3 class=\"ng-star-inserted\"><span class=\"ng-star-inserted\">Caracter\u00edsticas y beneficios clave: \u00bfPor qu\u00e9 elegir la tinta plastisol naranja Shaliteink?<\/span><\/h3>\n<ul class=\"ng-star-inserted\">\n<li class=\"ng-star-inserted\">Color naranja vibrante: obtenga estampados naranjas llamativos, audaces y lujosos que exigen atenci\u00f3n.<\/li>\n<li class=\"ng-star-inserted\">Impresiones suaves a mano: disfrute de una experiencia suave y tersa en prendas estampadas, aumente la comodidad de uso.<\/li>\n<li class=\"ng-star-inserted\">Compatibilidad universal con tejidos: funciona b\u00e1sicamente con una amplia gama de prendas, desde algod\u00f3n 100% hasta varias mezclas de turnos.<\/li>\n<li class=\"ng-star-inserted\">F\u00f3rmula de bajo sangrado: garantiza un dise\u00f1o limpio y r\u00e1pido, reduce la migraci\u00f3n del tinte en mezclas de poli\u00e9ster y poli\u00e9ster.<\/li>\n<li class=\"ng-star-inserted\">Sin ftalatos: una opci\u00f3n segura tanto para la impresora como para el medio ambiente.<\/li>\n<li class=\"ng-star-inserted\">Extremadamente opaco: tambi\u00e9n proporciona una excelente cobertura sobre sustratos oscuros, reduciendo la necesidad de muchas pasadas.<\/li>\n<li class=\"ng-star-inserted\">Es f\u00e1cil trabajar con \u00e9l: impresi\u00f3n cremosa y espont\u00e1nea y estabilidad de cuerpo bajo para un flujo de trabajo fluido.<\/li>\n<li class=\"ng-star-inserted\">Baja temperatura de tratamiento: Tratamiento eficiente a 160\u00b0C, protege la ropa del da\u00f1o causado por el calor, ahorra energ\u00eda y acelera la producci\u00f3n.<\/li>\n<li class=\"ng-star-inserted\">Semibrillante Finland\u00e9s: A\u00f1ade un brillo profesional y atractivo a sus impresiones preparadas.<\/li>\n<li class=\"ng-star-inserted\">Duraderos y resistentes al lavado: impresiones que resisten el paso del tiempo y mantienen su vitalidad despu\u00e9s de varios lavados.<\/li>\n<\/ul>\n<h3 class=\"ng-star-inserted\"><span class=\"ng-star-inserted\">Instrucciones de curado: Lograr una durabilidad \u00f3ptima<\/span><\/h3>\n<p class=\"ng-star-inserted\"><span class=\"ng-star-inserted\">El curado adecuado es crucial para la longevidad y durabilidad de su\u00a0<\/span><a href=\"https:\/\/shaliteink.com\/es\/producto\/tinta-plastisol-para-serigrafia-naranja\/\"><strong class=\"ng-star-inserted\"><span class=\"ng-star-inserted\">tinta de serigraf\u00eda<\/span><\/strong><\/a><span class=\"ng-star-inserted\">. Para Shaliteink<a href=\"https:\/\/shaliteink.com\/es\/producto\/tinta-plastisol-para-serigrafia-naranja\/\">\u00a0<\/a><\/span><strong><span class=\"ng-star-inserted\">Tinta plastisol naranja<\/span><\/strong><span class=\"ng-star-inserted\">, le recomendamos lo siguiente:<\/span><\/p>\n<ul class=\"ng-star-inserted\">\n<li class=\"ng-star-inserted\">Temperatura de tratamiento: 160 \u00b0C (320 \u00b0F). Aseg\u00farese de que toda la capa de tinta alcance esta temperatura para completar el tratamiento.<\/li>\n<li class=\"ng-star-inserted\">\n<p class=\"ng-star-inserted\"><span class=\"ng-star-inserted\">Temperatura de destello<\/span><span class=\"ng-star-inserted\">:\u00a0<\/span><span class=\"ng-star-inserted\">120\u00b0C a 140\u00b0C<\/span><span class=\"ng-star-inserted\">\u00a0(120 \u00b0C a 140 \u00b0C) durante 3-5 segundos. La duraci\u00f3n del flash puede variar seg\u00fan el equipo.<\/span><\/p>\n<\/li>\n<\/ul>\n<p><strong class=\"ng-star-inserted\"><span class=\"ng-star-inserted\">Pautas importantes de curado<\/span><\/strong><span class=\"ng-star-inserted\">:<\/span><\/p>\n<p>Para confirmar un tratamiento completo, realice una prueba de lavado despu\u00e9s de 24 horas. Tras 5 a 10 lavados, la impresi\u00f3n no deber\u00eda mostrar ninguna p\u00e9rdida. Como alternativa, puede realizar la prueba de estiramiento: extienda la tela impresa hasta aproximadamente 2\/3 de su elasticidad m\u00e1xima. Si las grietas de la impresi\u00f3n no desaparecen, indica un tratamiento deficiente. Ajuste la velocidad y la temperatura de su secadora de cinta transportadora seg\u00fan corresponda. Recomendamos encarecidamente realizar pruebas peque\u00f1as y comprobar tanto la elasticidad como el lavado antes de iniciar grandes producciones. Los mejores resultados se obtienen generalmente con prendas de algod\u00f3n 100%.<\/p>\n<h3><img decoding=\"async\" class=\"aligncenter wp-image-3992 size-large\" src=\"https:\/\/shaliteink.com\/wp-content\/uploads\/2025\/04\/Orange-Screen-Printing-Plastisol-Ink-1-1024x683.jpg\" alt=\"Tinta plastisol para serigraf\u00eda naranja\" width=\"1024\" height=\"683\" srcset=\"https:\/\/shaliteink.com\/wp-content\/uploads\/2025\/04\/Orange-Screen-Printing-Plastisol-Ink-1-1024x683.jpg 1024w, https:\/\/shaliteink.com\/wp-content\/uploads\/2025\/04\/Orange-Screen-Printing-Plastisol-Ink-1-300x200.jpg 300w, https:\/\/shaliteink.com\/wp-content\/uploads\/2025\/04\/Orange-Screen-Printing-Plastisol-Ink-1-768x512.jpg 768w, https:\/\/shaliteink.com\/wp-content\/uploads\/2025\/04\/Orange-Screen-Printing-Plastisol-Ink-1-1536x1024.jpg 1536w, https:\/\/shaliteink.com\/wp-content\/uploads\/2025\/04\/Orange-Screen-Printing-Plastisol-Ink-1-2048x1365.jpg 2048w, https:\/\/shaliteink.com\/wp-content\/uploads\/2025\/04\/Orange-Screen-Printing-Plastisol-Ink-1-18x12.jpg 18w, https:\/\/shaliteink.com\/wp-content\/uploads\/2025\/04\/Orange-Screen-Printing-Plastisol-Ink-1-1200x800.jpg 1200w, https:\/\/shaliteink.com\/wp-content\/uploads\/2025\/04\/Orange-Screen-Printing-Plastisol-Ink-1-150x100.jpg 150w\" sizes=\"(max-width: 1024px) 100vw, 1024px\" \/><\/h3>\n<h3 class=\"ng-star-inserted\"><span class=\"ng-star-inserted\">Limpieza: F\u00e1cil mantenimiento<\/span><\/h3>\n<p>Es necesario mantener limpio el alcance en la serigraf\u00eda. La tinta plastisol naranja Shaliteink proporciona una limpieza directa:<\/p>\n<ul>\n<li>En la prensa: utilice un lavado de prensa de plastisol espec\u00edfico o un declive de tinta para eliminar r\u00e1pidamente la tinta de la pantalla.<\/li>\n<li>En el fregadero: para una limpieza completa de la pantalla, utilice limpiador de pantalla plastisol o degradador de tinta.<\/li>\n<\/ul>\n<p>Consejo profesional: La tinta plastisol no ti\u00f1e la tela; crea una uni\u00f3n mec\u00e1nica al envolver la fibra. Retire la tinta plastisol de la luz solar directa a temperatura ambiente (18-32 \u00b0C \/ 65-90 \u00b0F). La tinta puede comenzar a actuar en el envase si se expone a temperaturas superiores a 32 \u00b0C (90 \u00b0F).<\/p>\n<h3 class=\"ng-star-inserted\"><span class=\"ng-star-inserted\">\u00a1Compre tinta plastisol naranja Shaliteink hoy!<\/span><\/h3>\n<p>\u00bfListo para llevar tus proyectos de serigraf\u00eda a otro nivel? Elige la tinta plastisol naranja Shaliteink para una intensidad, facilidad de uso y durabilidad inigualables. Como proveedor l\u00edder de tinta plastisol, ofrecemos precios de f\u00e1brica y la garant\u00eda de dos d\u00e9cadas de experiencia en fabricaci\u00f3n. \u00a1Compra ahora y experimenta la diferencia con Shaliteink!<\/p>\n<p>\u00bfBuscas m\u00e1s informaci\u00f3n? \u00a1Consulta nuestro blog para obtener consejos sobre t\u00e9cnicas de tinta para serigraf\u00eda y mejores pr\u00e1cticas!<\/p>","protected":false},"excerpt":{"rendered":"<p>Bienvenido a Shaliteink, su aliado de confianza en tintas plastisol premium para serigraf\u00eda desde hace veinte a\u00f1os. Como l\u00edder mundial con ventas directas de f\u00e1brica y colaboraci\u00f3n con marcas de renombre internacional, nos dedicamos a ofrecerle tintas plastisol de la m\u00e1s alta calidad que optimizar\u00e1n sus proyectos de impresi\u00f3n. Busque nuestra tinta plastisol naranja para serigraf\u00eda, una soluci\u00f3n vibrante y de alta calidad dise\u00f1ada para obtener resultados extraordinarios.<\/p>","protected":false},"featured_media":1463,"comment_status":"open","ping_status":"closed","template":"","meta":[],"product_brand":[],"product_cat":[39],"product_tag":[],"class_list":{"0":"post-1163","1":"product","2":"type-product","3":"status-publish","4":"has-post-thumbnail","6":"product_cat-plastisol-ink","8":"first","9":"instock","10":"shipping-taxable","11":"purchasable","12":"product-type-variable"},"tiered_pricing_type":"fixed","tiered_pricing_fixed_rules":[],"tiered_pricing_product_settings":{"layout":"default","base_unit_name":{"singular":null,"plural":null},"default_variation":null},"tiered_pricing_minimum_quantity":null,"tiered_pricing_roles_data":[],"tiered_pricing_percentage_rules":[],"tiered_pricing_maximum_quantity":null,"tiered_pricing_quantity_step":null,"_links":{"self":[{"href":"https:\/\/shaliteink.com\/es\/wp-json\/wp\/v2\/product\/1163","targetHints":{"allow":["GET"]}}],"collection":[{"href":"https:\/\/shaliteink.com\/es\/wp-json\/wp\/v2\/product"}],"about":[{"href":"https:\/\/shaliteink.com\/es\/wp-json\/wp\/v2\/types\/product"}],"replies":[{"embeddable":true,"href":"https:\/\/shaliteink.com\/es\/wp-json\/wp\/v2\/comments?post=1163"}],"version-history":[{"count":0,"href":"https:\/\/shaliteink.com\/es\/wp-json\/wp\/v2\/product\/1163\/revisions"}],"wp:featuredmedia":[{"embeddable":true,"href":"https:\/\/shaliteink.com\/es\/wp-json\/wp\/v2\/media\/1463"}],"wp:attachment":[{"href":"https:\/\/shaliteink.com\/es\/wp-json\/wp\/v2\/media?parent=1163"}],"wp:term":[{"taxonomy":"product_brand","embeddable":true,"href":"https:\/\/shaliteink.com\/es\/wp-json\/wp\/v2\/product_brand?post=1163"},{"taxonomy":"product_cat","embeddable":true,"href":"https:\/\/shaliteink.com\/es\/wp-json\/wp\/v2\/product_cat?post=1163"},{"taxonomy":"product_tag","embeddable":true,"href":"https:\/\/shaliteink.com\/es\/wp-json\/wp\/v2\/product_tag?post=1163"}],"curies":[{"name":"wp","href":"https:\/\/api.w.org\/{rel}","templated":true}]}}