{"id":1158,"date":"2025-04-11T08:22:05","date_gmt":"2025-04-11T08:22:05","guid":{"rendered":"https:\/\/shaliteink.com\/?post_type=product&#038;p=1158"},"modified":"2025-12-10T11:31:39","modified_gmt":"2025-12-10T11:31:39","slug":"tinta-plastisol-para-serigrafia-de-color-amarillo-dorado-intenso","status":"publish","type":"product","link":"https:\/\/shaliteink.com\/es\/producto\/tinta-plastisol-para-serigrafia-de-color-amarillo-dorado-intenso\/","title":{"rendered":"Tinta plastisol para serigraf\u00eda de color amarillo dorado intenso"},"content":{"rendered":"<p class=\"ng-star-inserted\"><strong class=\"ng-star-inserted\"><span class=\"ng-star-inserted\">Beneficios clave de la tinta plastisol amarillo dorado intenso Shaliteink:<\/span><\/strong><\/p>\n<ul class=\"ng-star-inserted\">\n<li class=\"ng-star-inserted\">Amarillo dorado oscuro vibrante: impresiones en amarillo dorado sorprendentes, ricas y coherentes que fascinan.<\/li>\n<li class=\"ng-star-inserted\">Temperatura \u00f3ptima de tratamiento: 160\u00b0C (320\u00b0F) trata eficientemente, asegura una adecuada adhesi\u00f3n y durabilidad.<\/li>\n<li class=\"ng-star-inserted\">Huellas suaves a mano: experimente una experiencia incre\u00edblemente suave en su ropa preparada, aumente la comodidad y la calidad.<\/li>\n<li class=\"ng-star-inserted\">Cobertura extraordinaria: Proporciona una cobertura impresionante tanto en prendas claras como oscuras, eliminando a menudo la necesidad de una base.<\/li>\n<li class=\"ng-star-inserted\">F\u00f3rmula de bajo sangrado: preparada especialmente para reducir la migraci\u00f3n de tinte en prendas de poli\u00e9ster y poli\u00e9ster, garantizando una impresi\u00f3n n\u00edtida y limpia.<\/li>\n<li class=\"ng-star-inserted\">Es f\u00e1cil trabajar con \u00e9l: nuestra tinta plastisol cremosa de cuerpo corto proporciona una excelente capacidad de funcionamiento, lo que la convierte en la favorita de los impresores de todos los niveles.<\/li>\n<li class=\"ng-star-inserted\">Non-Fothlets: Nuestra tinta no es un retrato, est\u00e1 comprometida con la seguridad y la responsabilidad ambiental.<\/li>\n<li class=\"ng-star-inserted\">Compatibilidad de tejido universal: lo suficientemente vers\u00e1til para diferentes tipos de prendas, desde algod\u00f3n 100% hasta tejidos de poli\u00e9ster desafiantes.<\/li>\n<li class=\"ng-star-inserted\">Semibrillante Finland\u00e9s: Un producto profesional que proporciona un brillo sutil que aumenta la vitalidad del amarillo dorado oscuro.<\/li>\n<\/ul>\n<p><img decoding=\"async\" class=\"aligncenter wp-image-3988 size-large\" src=\"https:\/\/shaliteink.com\/wp-content\/uploads\/2025\/04\/Deep-Golden-Yellow-Screen-Printing-Plastisol-Ink-1024x683.jpg\" alt=\"Tinta plastisol para serigraf\u00eda de color amarillo dorado intenso\" width=\"1024\" height=\"683\" srcset=\"https:\/\/shaliteink.com\/wp-content\/uploads\/2025\/04\/Deep-Golden-Yellow-Screen-Printing-Plastisol-Ink-1024x683.jpg 1024w, https:\/\/shaliteink.com\/wp-content\/uploads\/2025\/04\/Deep-Golden-Yellow-Screen-Printing-Plastisol-Ink-300x200.jpg 300w, https:\/\/shaliteink.com\/wp-content\/uploads\/2025\/04\/Deep-Golden-Yellow-Screen-Printing-Plastisol-Ink-768x512.jpg 768w, https:\/\/shaliteink.com\/wp-content\/uploads\/2025\/04\/Deep-Golden-Yellow-Screen-Printing-Plastisol-Ink-1536x1024.jpg 1536w, https:\/\/shaliteink.com\/wp-content\/uploads\/2025\/04\/Deep-Golden-Yellow-Screen-Printing-Plastisol-Ink-2048x1365.jpg 2048w, https:\/\/shaliteink.com\/wp-content\/uploads\/2025\/04\/Deep-Golden-Yellow-Screen-Printing-Plastisol-Ink-18x12.jpg 18w, https:\/\/shaliteink.com\/wp-content\/uploads\/2025\/04\/Deep-Golden-Yellow-Screen-Printing-Plastisol-Ink-1200x800.jpg 1200w, https:\/\/shaliteink.com\/wp-content\/uploads\/2025\/04\/Deep-Golden-Yellow-Screen-Printing-Plastisol-Ink-150x100.jpg 150w\" sizes=\"(max-width: 1024px) 100vw, 1024px\" \/><\/p>\n<p>Shaliteink<strong> Tinta plastisol de color amarillo dorado intenso<\/strong> Es m\u00e1s que una simple tinta; es una soluci\u00f3n dise\u00f1ada para aumentar su producci\u00f3n de serigraf\u00eda. Su bajo rebaba y tratamiento ayudan a prevenir que las prendas se quemen y encojan por la temperatura, lo que permite una producci\u00f3n y un consumo de energ\u00eda m\u00e1s r\u00e1pidos. <strong><a href=\"https:\/\/shaliteink.com\/es\/categoria-producto\/tinta-plastisol\/\">tinta plastisol<\/a><\/strong> Es un ingeniero de alto rendimiento, lo que le brinda tranquilidad y excelentes resultados en cada impresi\u00f3n. Tanto si es un profesional experimentado como si est\u00e1 empezando, nuestra tinta amarillo dorado intenso le permitir\u00e1 aprovechar al m\u00e1ximo su trabajo y obtener mejores resultados.<\/p>\n<p class=\"ng-star-inserted\"><strong class=\"ng-star-inserted\"><span class=\"ng-star-inserted\">Pautas de curado para la tinta plastisol Shaliteink:<\/span><\/strong><\/p>\n<p>Un tratamiento \u00f3ptimo es fundamental para la durabilidad y la resistencia al lavado de sus impresiones. Nuestra tinta plastisol de color amarillo dorado intenso est\u00e1 preparada para un tratamiento fiable a 160 \u00b0C (320 \u00b0F) en toda la capa de tinta.<\/p>\n<ul>\n<li>Tratamiento de flash: Flash de 120 \u00b0C a 140 \u00b0C (250 \u00b0F a 285 \u00b0F) durante 3-5 segundos. Su unidad de flash y velocidad de producci\u00f3n podr\u00edan requerir un ligero ajuste. La tinta se seca al tacto, lo que permite aplicar capas posteriores o manipularla sin que se corra.<\/li>\n<li>Tratamiento final: La tinta est\u00e1 completamente curada cuando toda la capa alcanza los 160 \u00b0C (320 \u00b0F). Las pistolas l\u00e1ser pueden generar lecturas err\u00f3neas de la temperatura superficial, ya que no miden la temperatura interna de la tinta. Para una lectura precisa, recomendamos usar sondas de d\u00f3nut o tiras de temperatura colocadas dentro de la capa de tinta. El tiempo de secado de la tinta var\u00eda seg\u00fan los dep\u00f3sitos de tinta, el tipo de prenda (el algod\u00f3n absorbe m\u00e1s calor que el poli\u00e9ster), la longitud de la secadora y la eficiencia del panel.<\/li>\n<li>Prueba de lavado: Espere 24 horas despu\u00e9s del tratamiento antes de realizar la prueba. Una impresi\u00f3n completamente corregida resistir\u00e1 de 5 a 10 lavados sin agrietarse ni descascarillarse.<\/li>\n<li>Prueba de estiramiento: Extienda el \u00e1rea impresa hasta alcanzar un estiramiento normal de aproximadamente dos tercios de la prenda. Si la tinta se agrieta y no regresa, indica un tratamiento deficiente. Ajuste la temperatura o la velocidad de la cinta de la secadora seg\u00fan corresponda.<\/li>\n<\/ul>\n<p><img decoding=\"async\" class=\"aligncenter wp-image-3989 size-large\" src=\"https:\/\/shaliteink.com\/wp-content\/uploads\/2025\/04\/Deep-Golden-Yellow-Screen-Printing-Plastisol-Ink-1-1024x683.jpg\" alt=\"Tinta plastisol para serigraf\u00eda de color amarillo dorado intenso\" width=\"1024\" height=\"683\" srcset=\"https:\/\/shaliteink.com\/wp-content\/uploads\/2025\/04\/Deep-Golden-Yellow-Screen-Printing-Plastisol-Ink-1-1024x683.jpg 1024w, https:\/\/shaliteink.com\/wp-content\/uploads\/2025\/04\/Deep-Golden-Yellow-Screen-Printing-Plastisol-Ink-1-300x200.jpg 300w, https:\/\/shaliteink.com\/wp-content\/uploads\/2025\/04\/Deep-Golden-Yellow-Screen-Printing-Plastisol-Ink-1-768x512.jpg 768w, https:\/\/shaliteink.com\/wp-content\/uploads\/2025\/04\/Deep-Golden-Yellow-Screen-Printing-Plastisol-Ink-1-1536x1024.jpg 1536w, https:\/\/shaliteink.com\/wp-content\/uploads\/2025\/04\/Deep-Golden-Yellow-Screen-Printing-Plastisol-Ink-1-2048x1365.jpg 2048w, https:\/\/shaliteink.com\/wp-content\/uploads\/2025\/04\/Deep-Golden-Yellow-Screen-Printing-Plastisol-Ink-1-18x12.jpg 18w, https:\/\/shaliteink.com\/wp-content\/uploads\/2025\/04\/Deep-Golden-Yellow-Screen-Printing-Plastisol-Ink-1-1200x800.jpg 1200w, https:\/\/shaliteink.com\/wp-content\/uploads\/2025\/04\/Deep-Golden-Yellow-Screen-Printing-Plastisol-Ink-1-150x100.jpg 150w\" sizes=\"(max-width: 1024px) 100vw, 1024px\" \/><\/p>\n<p class=\"ng-star-inserted\"><strong class=\"ng-star-inserted\"><span class=\"ng-star-inserted\">Consejos profesionales para obtener resultados \u00f3ptimos:<\/span><\/strong><\/p>\n<ul>\n<li>Almacenamiento: Almacenar el <strong><a href=\"https:\/\/shaliteink.com\/es\/\">tinta de esquisto<\/a><\/strong> Tinta plastisol a temperatura ambiente, idealmente entre 18 \u00b0C y 32 \u00b0C (65 \u00b0F y 90 \u00b0F). Evite la luz solar directa o el contacto prolongado con temperaturas superiores a 32 \u00b0C (90 \u00b0F), ya que puede iniciarse el tratamiento en los contenedores de tinta.<\/li>\n<li>Base: si bien nuestro amarillo dorado oscuro brinda una alta variable operativa, se recomienda una base blanca para prendas extremadamente oscuras o para lograr la m\u00e1xima vitalidad.<\/li>\n<li>Mezcla de poli\u00e9ster: Al trabajar con poli\u00e9ster o poli\u00e9ster, el bajo tratamiento de la tinta Shalite ayuda a reducir el riesgo de migraci\u00f3n de color debido a la temperatura. Es importante evitar que los colores migren a la impresi\u00f3n desde temperaturas inferiores al punto de sangrado de la mayor\u00eda de los tintes de poli\u00e9ster (generalmente entre 130 \u00b0C y 149 \u00b0C).<\/li>\n<\/ul>\n<p class=\"ng-star-inserted\"><strong class=\"ng-star-inserted\"><span class=\"ng-star-inserted\">Limpieza:<\/span><\/strong><\/p>\n<p>La limpieza despu\u00e9s de imprimir con tinta plastisol es sencilla:<\/p>\n<ul>\n<li>En -res: Utilice un limpiador de prensa de plastisol aprobado o un degradador de tinta para limpiar r\u00e1pidamente la pantalla y el raspador.<\/li>\n<li>En el fregadero: para limpiar completamente, use un limpiador de pantallas con plastisol o un limpiador de tinta espec\u00edfico para eliminar todos los residuos de tinta de la pantalla.<\/li>\n<\/ul>\n<p>Shaliteink es su socio de confianza para suministros de serigraf\u00eda de alta calidad. Nuestra tinta plastisol de color amarillo dorado intenso est\u00e1 dise\u00f1ada para satisfacer las demandas de los serigrafistas modernos, que ofrecen una combinaci\u00f3n perfecta de rendimiento, colores vibrantes y facilidad de uso. Experimente hoy la diferencia de Shaliteink: donde la calidad nace de la innovaci\u00f3n.<\/p>","protected":false},"excerpt":{"rendered":"<p>Durante veinte a\u00f1os, Shaliteink ha estado a la vanguardia de la industria de tintas para serigraf\u00eda, siendo l\u00edder mundial en soluciones de tinta plastisol de alta calidad. Nos enorgullece presentar nuestra tinta plastisol amarillo dorado intenso, prueba fehaciente de nuestra experiencia en fabricaci\u00f3n y nuestro compromiso directo con la excelencia. En colaboraci\u00f3n con marcas de renombre mundial, le ofrecemos una tinta que simboliza colores vibrantes, un rendimiento superior y una credibilidad inigualable para todos sus proyectos de serigraf\u00eda.<\/p>","protected":false},"featured_media":1449,"comment_status":"open","ping_status":"closed","template":"","meta":[],"product_brand":[],"product_cat":[39],"product_tag":[],"class_list":{"0":"post-1158","1":"product","2":"type-product","3":"status-publish","4":"has-post-thumbnail","6":"product_cat-plastisol-ink","8":"first","9":"instock","10":"shipping-taxable","11":"purchasable","12":"product-type-variable"},"tiered_pricing_type":"fixed","tiered_pricing_fixed_rules":[],"tiered_pricing_product_settings":{"layout":"default","base_unit_name":{"singular":null,"plural":null},"default_variation":null},"tiered_pricing_minimum_quantity":null,"tiered_pricing_roles_data":[],"tiered_pricing_percentage_rules":[],"tiered_pricing_maximum_quantity":null,"tiered_pricing_quantity_step":null,"_links":{"self":[{"href":"https:\/\/shaliteink.com\/es\/wp-json\/wp\/v2\/product\/1158","targetHints":{"allow":["GET"]}}],"collection":[{"href":"https:\/\/shaliteink.com\/es\/wp-json\/wp\/v2\/product"}],"about":[{"href":"https:\/\/shaliteink.com\/es\/wp-json\/wp\/v2\/types\/product"}],"replies":[{"embeddable":true,"href":"https:\/\/shaliteink.com\/es\/wp-json\/wp\/v2\/comments?post=1158"}],"version-history":[{"count":0,"href":"https:\/\/shaliteink.com\/es\/wp-json\/wp\/v2\/product\/1158\/revisions"}],"wp:featuredmedia":[{"embeddable":true,"href":"https:\/\/shaliteink.com\/es\/wp-json\/wp\/v2\/media\/1449"}],"wp:attachment":[{"href":"https:\/\/shaliteink.com\/es\/wp-json\/wp\/v2\/media?parent=1158"}],"wp:term":[{"taxonomy":"product_brand","embeddable":true,"href":"https:\/\/shaliteink.com\/es\/wp-json\/wp\/v2\/product_brand?post=1158"},{"taxonomy":"product_cat","embeddable":true,"href":"https:\/\/shaliteink.com\/es\/wp-json\/wp\/v2\/product_cat?post=1158"},{"taxonomy":"product_tag","embeddable":true,"href":"https:\/\/shaliteink.com\/es\/wp-json\/wp\/v2\/product_tag?post=1158"}],"curies":[{"name":"wp","href":"https:\/\/api.w.org\/{rel}","templated":true}]}}