{"id":1153,"date":"2025-04-11T08:16:33","date_gmt":"2025-04-11T08:16:33","guid":{"rendered":"https:\/\/shaliteink.com\/?post_type=product&#038;p=1153"},"modified":"2025-12-10T11:32:05","modified_gmt":"2025-12-10T11:32:05","slug":"tinta-plastisol-para-serigrafia-de-color-amarillo-dorado","status":"publish","type":"product","link":"https:\/\/shaliteink.com\/es\/producto\/tinta-plastisol-para-serigrafia-de-color-amarillo-dorado\/","title":{"rendered":"Tinta plastisol para serigraf\u00eda de color amarillo dorado"},"content":{"rendered":"<p>Ilumina tus proyectos de serigraf\u00eda con shaliteink <strong>tinta plastisol de color amarillo dorado<\/strong>. Como l\u00edder mundial con dos d\u00e9cadas de experiencia en fabricaci\u00f3n y ventas directas de f\u00e1brica, Shaliteink le ofrece una soluci\u00f3n de tinta premium, de la confianza de marcas de renombre mundial. Nuestra tinta plastisol amarillo dorado est\u00e1 cuidadosamente dise\u00f1ada para producir impresiones sorprendentemente vibrantes y opacas que se destacan en una variedad de prendas. No es solo una tinta; es un compromiso de calidad, eficiencia y excelentes resultados para todo tipo de impresores, desde aficionados hasta grandes producciones.<\/p>\n<p><img decoding=\"async\" class=\"wp-image-3985 size-large aligncenter\" src=\"https:\/\/shaliteink.com\/wp-content\/uploads\/2025\/04\/Golden-Yellow-Screen-Printing-Plastisol-Ink-1024x683.jpg\" alt=\"\" width=\"1024\" height=\"683\" srcset=\"https:\/\/shaliteink.com\/wp-content\/uploads\/2025\/04\/Golden-Yellow-Screen-Printing-Plastisol-Ink-1024x683.jpg 1024w, https:\/\/shaliteink.com\/wp-content\/uploads\/2025\/04\/Golden-Yellow-Screen-Printing-Plastisol-Ink-300x200.jpg 300w, https:\/\/shaliteink.com\/wp-content\/uploads\/2025\/04\/Golden-Yellow-Screen-Printing-Plastisol-Ink-768x512.jpg 768w, https:\/\/shaliteink.com\/wp-content\/uploads\/2025\/04\/Golden-Yellow-Screen-Printing-Plastisol-Ink-1536x1024.jpg 1536w, https:\/\/shaliteink.com\/wp-content\/uploads\/2025\/04\/Golden-Yellow-Screen-Printing-Plastisol-Ink-2048x1365.jpg 2048w, https:\/\/shaliteink.com\/wp-content\/uploads\/2025\/04\/Golden-Yellow-Screen-Printing-Plastisol-Ink-18x12.jpg 18w, https:\/\/shaliteink.com\/wp-content\/uploads\/2025\/04\/Golden-Yellow-Screen-Printing-Plastisol-Ink-1200x800.jpg 1200w, https:\/\/shaliteink.com\/wp-content\/uploads\/2025\/04\/Golden-Yellow-Screen-Printing-Plastisol-Ink-150x100.jpg 150w\" sizes=\"(max-width: 1024px) 100vw, 1024px\" \/><\/p>\n<p class=\"ng-star-inserted\"><strong class=\"ng-star-inserted\"><span class=\"ng-star-inserted\">Caracter\u00edsticas y beneficios clave:<\/span><\/strong><\/p>\n<ul class=\"ng-star-inserted\">\n<li class=\"ng-star-inserted\">Amarillo dorado vibrante: Consigue un color amarillo dorado intenso y realista que resalta en cualquier vestido.<\/li>\n<li class=\"ng-star-inserted\">Suero de mantequilla de alto poder calor\u00edfico: excelente cobertura, reduce la necesidad de m\u00faltiples pasadas y garantiza impresiones brillantes y v\u00edvidas. Ideal para producir un color \u00fanico o para crear un efecto impactante.<\/li>\n<li class=\"ng-star-inserted\">Tacto suave: estampados incre\u00edblemente suaves al tacto, que aportan comodidad a la prenda y realzan su atractivo.<\/li>\n<li class=\"ng-star-inserted\">Es f\u00e1cil de trabajar: estabilidad de cuerpos cortos para una impresi\u00f3n cremosa y suave y una retirada espont\u00e1nea de la pantalla.<\/li>\n<li class=\"ng-star-inserted\">Compatibilidad universal con tejidos: Se adhiere perfectamente a una amplia gama de prendas, incluyendo algod\u00f3n 100%, mezclas de algod\u00f3n\/poli\u00e9ster y muchos tejidos sint\u00e9ticos.<\/li>\n<li class=\"ng-star-inserted\">F\u00f3rmula sin ftalatos: una opci\u00f3n segura tanto para la impresora como para el usuario.<\/li>\n<li class=\"ng-star-inserted\">Calidad Directa de F\u00e1brica: Beneficios de la excelencia en la fabricaci\u00f3n y la participaci\u00f3n global durante dos d\u00e9cadas.<\/li>\n<\/ul>\n<p class=\"ng-star-inserted\"><strong class=\"ng-star-inserted\"><span class=\"ng-star-inserted\">Pautas de curaci\u00f3n:<\/span><\/strong><\/p>\n<p>La tinta plastisol amarillo dorado Shaliteink est\u00e1 dise\u00f1ada para un rendimiento y eficiencia \u00f3ptimos, que tiene una temperatura de tratamiento baja para proteger su ropa y ahorrar energ\u00eda.<\/p>\n<ul>\n<li>Temperatura de tratamiento: Nuestra tinta trata toda la capa a 160 \u00b0C (320 \u00b0F). La medici\u00f3n precisa de la temperatura dentro de la pel\u00edcula de tinta es fundamental para un tratamiento duradero. Si bien las pistolas de temperatura superficial son \u00fatiles, recomendamos usar sondas toroidal o tiras termom\u00e9tricas para asegurar que la tinta alcance los 160 \u00b0C.<\/li>\n<li>Temperatura de destello: Para trabajos multicolor o para subestimar la calidad, nuestra tinta brilla de manera eficiente entre 120 \u00b0C y 140 \u00b0C (248 \u00b0F y 284 \u00b0F) durante 3 a 5 segundos.<\/li>\n<li>Prueba de lavado y prueba de estiramiento: Recomendamos encarecidamente realizar una prueba de lavado despu\u00e9s de 24 horas y una prueba de estiramiento para confirmar un tratamiento completo antes de iniciar una producci\u00f3n a gran escala. Una impresi\u00f3n corregida correctamente no se agrietar\u00e1 tras el estiramiento o varios lavados, ni mostrar\u00e1 deterioro. Si las pruebas fallan, aumente el tiempo de contacto o la temperatura.<\/li>\n<\/ul>\n<p class=\"ng-star-inserted\"><strong class=\"ng-star-inserted\"><span class=\"ng-star-inserted\">Limpieza:<\/span><\/strong><\/p>\n<p class=\"ng-star-inserted\"><span class=\"ng-star-inserted\">El mantenimiento de su equipo es sencillo con las tintas Shaliteink.<\/span><\/p>\n<ul class=\"ng-star-inserted\">\n<li class=\"ng-star-inserted\">En la prensa: utilice un lavado de prensa de plastisol est\u00e1ndar o un degradador de tinta para que la pantalla y la prensa se puedan limpiar r\u00e1pidamente.<\/li>\n<li class=\"ng-star-inserted\">En el fregadero: para recuperar completamente la pantalla, utilice un limpiador de pantalla a base de plastisol de alta calidad o un degradador de tinta.<\/li>\n<\/ul>\n<p class=\"ng-star-inserted\"><strong class=\"ng-star-inserted\"><span class=\"ng-star-inserted\">Consejos profesionales para obtener resultados \u00f3ptimos:<\/span><\/strong><\/p>\n<ul>\n<li>Subestimaci\u00f3n: para imprimir sobre ropa oscura, especialmente con colores claros, una base de tinta plastisol blanca puede aumentar significativamente la vitalidad y la opacidad del amarillo dorado.<\/li>\n<li>Almacenamiento: Guarda tu tinta shalite <strong><a href=\"https:\/\/shaliteink.com\/es\/categoria-producto\/tinta-plastisol\/\">tinta plastisol<\/a><\/strong> A temperatura ambiente, idealmente entre 18 y 32 \u00b0C (65 y 90 \u00b0F). Evite la exposici\u00f3n a temperaturas superiores a la luz solar directa y a temperaturas superiores a 32 \u00b0C durante per\u00edodos prolongados, permitiendo que la tinta inicie su tratamiento en el recipiente.<\/li>\n<li>Deste\u00f1ido del poli\u00e9ster: Nuestra tinta est\u00e1 dise\u00f1ada para reducir la migraci\u00f3n del colorante. Al tratarla a 160 \u00b0C, se evita eficazmente la subexposici\u00f3n de muchos colorantes de poli\u00e9ster, previniendo as\u00ed el sangrado de la tinta.<\/li>\n<\/ul>\n<p>\u00bfEst\u00e1s listo para experimentar la diferencia? \u00a1Compra ahora lo mejor! <strong><a href=\"https:\/\/shaliteink.com\/es\/screen-printing-ink\/\">tinta de serigraf\u00eda<\/a><\/strong> y obtenga resultados profesionales y excelentes en cada proyecto.<\/p>\n<p><img decoding=\"async\" class=\"aligncenter wp-image-3986 size-large\" src=\"https:\/\/shaliteink.com\/wp-content\/uploads\/2025\/04\/Golden-Yellow-Screen-Printing-Plastisol-Ink-1-1024x683.jpg\" alt=\"Tinta plastisol para serigraf\u00eda de color amarillo dorado\" width=\"1024\" height=\"683\" srcset=\"https:\/\/shaliteink.com\/wp-content\/uploads\/2025\/04\/Golden-Yellow-Screen-Printing-Plastisol-Ink-1-1024x683.jpg 1024w, https:\/\/shaliteink.com\/wp-content\/uploads\/2025\/04\/Golden-Yellow-Screen-Printing-Plastisol-Ink-1-300x200.jpg 300w, https:\/\/shaliteink.com\/wp-content\/uploads\/2025\/04\/Golden-Yellow-Screen-Printing-Plastisol-Ink-1-768x512.jpg 768w, https:\/\/shaliteink.com\/wp-content\/uploads\/2025\/04\/Golden-Yellow-Screen-Printing-Plastisol-Ink-1-1536x1024.jpg 1536w, https:\/\/shaliteink.com\/wp-content\/uploads\/2025\/04\/Golden-Yellow-Screen-Printing-Plastisol-Ink-1-2048x1365.jpg 2048w, https:\/\/shaliteink.com\/wp-content\/uploads\/2025\/04\/Golden-Yellow-Screen-Printing-Plastisol-Ink-1-18x12.jpg 18w, https:\/\/shaliteink.com\/wp-content\/uploads\/2025\/04\/Golden-Yellow-Screen-Printing-Plastisol-Ink-1-1200x800.jpg 1200w, https:\/\/shaliteink.com\/wp-content\/uploads\/2025\/04\/Golden-Yellow-Screen-Printing-Plastisol-Ink-1-150x100.jpg 150w\" sizes=\"(max-width: 1024px) 100vw, 1024px\" \/><\/p>","protected":false},"excerpt":{"rendered":"<p>La tinta plastisol amarillo dorado de Shaliteink est\u00e1 dise\u00f1ada para un uso espont\u00e1neo, lo que garantiza una textura suave y cremosa que se imprime con belleza y precisi\u00f3n desde el principio. Experimente un proceso de impresi\u00f3n excepcional que reduce las complicaciones y maximiza su creatividad. Entendemos que el tiempo y el costo son importantes para las empresas de serigraf\u00eda, por lo que nuestra tinta est\u00e1 dise\u00f1ada para ser altamente eficiente y econ\u00f3mica. Su mejor rendimiento permite obtener colores vivos con pasadas bajas, ahorrando tinta y tiempo de producci\u00f3n.<br \/>\nYa sea que trabaje con algod\u00f3n 100%, mezclas de poli\u00e9ster u otros textiles populares, nuestra tinta plastisol amarillo dorado ofrece excelente adhesi\u00f3n y durabilidad. Su tacto suave mantiene su ropa c\u00f3moda y atractiva, lo que la convierte en la opci\u00f3n ideal para disfraces de moda, art\u00edculos para predicadores y dise\u00f1os personalizados. La tradici\u00f3n de innovaci\u00f3n de la tinta shalliteink le garantiza un producto confiable y consistente, siempre que pueda concentrarse en crear una obra maestra.<\/p>","protected":false},"featured_media":1447,"comment_status":"open","ping_status":"closed","template":"","meta":[],"product_brand":[],"product_cat":[39],"product_tag":[],"class_list":{"0":"post-1153","1":"product","2":"type-product","3":"status-publish","4":"has-post-thumbnail","6":"product_cat-plastisol-ink","8":"first","9":"instock","10":"shipping-taxable","11":"purchasable","12":"product-type-variable"},"tiered_pricing_type":"fixed","tiered_pricing_fixed_rules":[],"tiered_pricing_product_settings":{"layout":"default","base_unit_name":{"singular":null,"plural":null},"default_variation":null},"tiered_pricing_minimum_quantity":null,"tiered_pricing_roles_data":[],"tiered_pricing_percentage_rules":[],"tiered_pricing_maximum_quantity":null,"tiered_pricing_quantity_step":null,"_links":{"self":[{"href":"https:\/\/shaliteink.com\/es\/wp-json\/wp\/v2\/product\/1153","targetHints":{"allow":["GET"]}}],"collection":[{"href":"https:\/\/shaliteink.com\/es\/wp-json\/wp\/v2\/product"}],"about":[{"href":"https:\/\/shaliteink.com\/es\/wp-json\/wp\/v2\/types\/product"}],"replies":[{"embeddable":true,"href":"https:\/\/shaliteink.com\/es\/wp-json\/wp\/v2\/comments?post=1153"}],"version-history":[{"count":0,"href":"https:\/\/shaliteink.com\/es\/wp-json\/wp\/v2\/product\/1153\/revisions"}],"wp:featuredmedia":[{"embeddable":true,"href":"https:\/\/shaliteink.com\/es\/wp-json\/wp\/v2\/media\/1447"}],"wp:attachment":[{"href":"https:\/\/shaliteink.com\/es\/wp-json\/wp\/v2\/media?parent=1153"}],"wp:term":[{"taxonomy":"product_brand","embeddable":true,"href":"https:\/\/shaliteink.com\/es\/wp-json\/wp\/v2\/product_brand?post=1153"},{"taxonomy":"product_cat","embeddable":true,"href":"https:\/\/shaliteink.com\/es\/wp-json\/wp\/v2\/product_cat?post=1153"},{"taxonomy":"product_tag","embeddable":true,"href":"https:\/\/shaliteink.com\/es\/wp-json\/wp\/v2\/product_tag?post=1153"}],"curies":[{"name":"wp","href":"https:\/\/api.w.org\/{rel}","templated":true}]}}