{"id":1148,"date":"2025-04-11T08:08:26","date_gmt":"2025-04-11T08:08:26","guid":{"rendered":"https:\/\/shaliteink.com\/?post_type=product&#038;p=1148"},"modified":"2025-12-10T11:31:37","modified_gmt":"2025-12-10T11:31:37","slug":"tinta-plastisol-para-serigrafia-amarilla","status":"publish","type":"product","link":"https:\/\/shaliteink.com\/es\/producto\/tinta-plastisol-para-serigrafia-amarilla\/","title":{"rendered":"Tinta plastisol amarilla para serigraf\u00eda"},"content":{"rendered":"<p>Ilumine sus proyectos de serigraf\u00eda con la tinta plastisol amarilla premium para serigraf\u00eda Shaliteink. Durante dos d\u00e9cadas, Shaliteink ha sido l\u00edder mundial en la fabricaci\u00f3n de tinta plastisol para serigraf\u00eda de alta calidad, colaborando estrechamente con marcas de renombre mundial. Nuestro enfoque personalizado en cada f\u00e1brica garantiza la obtenci\u00f3n de productos de la mejor calidad, respaldados por una amplia experiencia. Esta vibrante tinta plastisol amarilla est\u00e1 dise\u00f1ada para ofrecer resultados impecables y excepcionales, lo que la convierte en la opci\u00f3n ideal tanto para serigrafistas profesionales como para aficionados que exigen una calidad excepcional y facilidad de uso.<\/p>\n<p><img decoding=\"async\" class=\"aligncenter wp-image-3983 size-large\" src=\"https:\/\/shaliteink.com\/wp-content\/uploads\/2025\/04\/Yellow-Screen-Printing-Plastisol-Ink-1-1024x683.jpg\" alt=\"Tinta plastisol amarilla para serigraf\u00eda\" width=\"1024\" height=\"683\" srcset=\"https:\/\/shaliteink.com\/wp-content\/uploads\/2025\/04\/Yellow-Screen-Printing-Plastisol-Ink-1-1024x683.jpg 1024w, https:\/\/shaliteink.com\/wp-content\/uploads\/2025\/04\/Yellow-Screen-Printing-Plastisol-Ink-1-300x200.jpg 300w, https:\/\/shaliteink.com\/wp-content\/uploads\/2025\/04\/Yellow-Screen-Printing-Plastisol-Ink-1-768x512.jpg 768w, https:\/\/shaliteink.com\/wp-content\/uploads\/2025\/04\/Yellow-Screen-Printing-Plastisol-Ink-1-1536x1024.jpg 1536w, https:\/\/shaliteink.com\/wp-content\/uploads\/2025\/04\/Yellow-Screen-Printing-Plastisol-Ink-1-2048x1365.jpg 2048w, https:\/\/shaliteink.com\/wp-content\/uploads\/2025\/04\/Yellow-Screen-Printing-Plastisol-Ink-1-18x12.jpg 18w, https:\/\/shaliteink.com\/wp-content\/uploads\/2025\/04\/Yellow-Screen-Printing-Plastisol-Ink-1-1200x800.jpg 1200w, https:\/\/shaliteink.com\/wp-content\/uploads\/2025\/04\/Yellow-Screen-Printing-Plastisol-Ink-1-150x100.jpg 150w\" sizes=\"(max-width: 1024px) 100vw, 1024px\" \/><\/p>\n<p class=\"ng-star-inserted\"><strong class=\"ng-star-inserted\"><span class=\"ng-star-inserted\">Beneficios clave:<\/span><\/strong><\/p>\n<ul class=\"ng-star-inserted\">\n<li class=\"ng-star-inserted\">F\u00e1cil tratamiento a 160\u00b0C: Nuestro <strong><a href=\"https:\/\/shaliteink.com\/es\/categoria-producto\/tinta-plastisol\/\">tinta plastisol<\/a><\/strong> Se cura eficientemente a bajas temperaturas, lo que reduce especialmente el riesgo de quemaduras y encogimiento en prendas sensibles al calor. Adem\u00e1s, se traduce en ahorro de energ\u00eda y una producci\u00f3n m\u00e1s r\u00e1pida.<\/li>\n<li class=\"ng-star-inserted\">Estampado suave a mano: obtenga una experiencia lujosa y suave en su ropa estampada, comodidad de uso y aumente la calidad general de su vestido.<\/li>\n<li class=\"ng-star-inserted\">Compatibilidad universal con telas: lo suficientemente vers\u00e1til para una amplia gama de prendas, desde algod\u00f3n 100% hasta varios poli\u00e9steres, garantiza resultados frecuentes en tus proyectos.<\/li>\n<li class=\"ng-star-inserted\">Bajo sangrado para mezcla de poli\u00e9ster: especialmente dise\u00f1ado para evitar la migraci\u00f3n de tinte en prendas de poli\u00e9ster y mixtas, lo que mantiene la integridad y la vibraci\u00f3n de su impresi\u00f3n amarilla.<\/li>\n<li class=\"ng-star-inserted\">F\u00f3rmula sin ftalatos: comprometidos con la seguridad y la responsabilidad ambiental, nuestros <strong><a href=\"https:\/\/shaliteink.com\/es\/screen-printing-ink\/\">tinta de serigraf\u00eda<\/a><\/strong> se prepara sin ftalatos.<\/li>\n<li class=\"ng-star-inserted\">Extremadamente opaco: incluso una cobertura de color amarillo intenso y fuerte sobre prendas oscuras suele reducir la necesidad de realizar muchas pasadas.<\/li>\n<li class=\"ng-star-inserted\">Es f\u00e1cil trabajar con \u00e9l: la estabilidad suave y del cuerpo corto garantiza una impresi\u00f3n espont\u00e1nea, reduce la fatiga y aumenta la eficiencia.<\/li>\n<li class=\"ng-star-inserted\">Semibrillante finland\u00e9s: proporciona un brillo atractivo y profesional para sus impresiones preparadas.<\/li>\n<\/ul>\n<p>Shaliteink <strong>Tinta plastisol amarilla<\/strong> No es solo una tinta; es una soluci\u00f3n dise\u00f1ada para aumentar su productividad y la calidad de sus impresiones. Su baja temperatura de tratamiento la convierte en una opci\u00f3n econ\u00f3mica, lo que le ayuda a ahorrar electricidad y a reducir posibles fallos de funcionamiento. Esta tinta est\u00e1 dise\u00f1ada por serigrafistas, lo que garantiza que cumple con las estrictas exigencias de la industria.<\/p>\n<p class=\"ng-star-inserted\"><strong class=\"ng-star-inserted\"><span class=\"ng-star-inserted\">Caracter\u00edsticas:<\/span><\/strong><\/p>\n<ul class=\"ng-star-inserted\">\n<li class=\"ng-star-inserted\">\n<p class=\"ng-star-inserted\"><span class=\"ng-star-inserted\">Color amarillo intenso y vibrante.<\/span><\/p>\n<\/li>\n<li class=\"ng-star-inserted\">\n<p class=\"ng-star-inserted\"><span class=\"ng-star-inserted\">Alta opacidad para una excelente cobertura.<\/span><\/p>\n<\/li>\n<li class=\"ng-star-inserted\">\n<p class=\"ng-star-inserted\"><span class=\"ng-star-inserted\">Consistencia cremosa y f\u00e1cil de imprimir.<\/span><\/p>\n<\/li>\n<li class=\"ng-star-inserted\">\n<p class=\"ng-star-inserted\"><span class=\"ng-star-inserted\">Estampados suaves a mano para prendas c\u00f3modas.<\/span><\/p>\n<\/li>\n<li class=\"ng-star-inserted\">\n<p class=\"ng-star-inserted\"><span class=\"ng-star-inserted\">Tiempos de secado cortos y temperatura de curado m\u00e1s baja<\/span><\/p>\n<\/li>\n<li class=\"ng-star-inserted\">\n<p class=\"ng-star-inserted\"><span class=\"ng-star-inserted\">Excelente tanto para impresi\u00f3n directa como base.<\/span><\/p>\n<\/li>\n<\/ul>\n<p class=\"ng-star-inserted\"><strong class=\"ng-star-inserted\"><span class=\"ng-star-inserted\">Instrucciones de curado:<\/span><\/strong><\/p>\n<p>La tinta plastisol amarilla Shaliteink se trata a una temperatura estable de 160 \u00b0C. Para obtener resultados \u00f3ptimos, aseg\u00farese de que toda la capa de tinta alcance y mantenga esta temperatura. Dependiendo del equipo espec\u00edfico y las variables de producci\u00f3n de su taller, se puede obtener un tratamiento instant\u00e1neo de entre 120 \u00b0C y 140 \u00b0C durante 3-5 segundos.<\/p>\n<p class=\"ng-star-inserted\"><strong class=\"ng-star-inserted\"><span class=\"ng-star-inserted\">Pautas importantes de curado:<\/span><\/strong><\/p>\n<p>Para confirmar un tratamiento completo, recomendamos realizar una prueba de estiramiento y una de lavado. Imprima aproximadamente dos tercios de la elasticidad normal de la prenda; si la tinta se agrieta y no vuelve a su estado original, podr\u00eda tratarse de un tratamiento deficiente. Para una prueba de lavado completa, se suelen necesitar de 5 a 10 lavados para confirmar el tratamiento, aunque las impresiones con un tratamiento muy deficiente mostrar\u00e1n una disminuci\u00f3n despu\u00e9s de solo 1 a 3 lavados. Si la prueba falla, ajuste el tiempo de tratamiento.<br \/>\nAl trabajar con prendas de poli\u00e9ster o de poli\u00e9ster, la baja temperatura de tratamiento de la tinta Plastisol Shaliteink resulta especialmente beneficiosa. La mayor\u00eda de los tintes para telas de poli\u00e9ster se fijan entre 132 y 149 \u00b0C (270 y 300 \u00b0F). Al fijar nuestra tinta a 160 \u00b0C (320 \u00b0F), temperatura superior al umbral de migraci\u00f3n de tinte espec\u00edfico, garantizamos impresiones vibrantes sin sangrado de tinta. Esta f\u00f3rmula est\u00e1 dise\u00f1ada para reducir la migraci\u00f3n de tinte, lo que le brinda tranquilidad en sustratos dif\u00edciles.<\/p>\n<p class=\"ng-star-inserted\"><strong class=\"ng-star-inserted\"><span class=\"ng-star-inserted\">Limpieza:<\/span><\/strong><\/p>\n<p>La limpieza en seco se puede realizar eficazmente con plastisol para prensa o degradador de tinta. Para la limpieza de pantallas en el fregadero, utilice un plastisol espec\u00edfico para la limpieza de pantallas o degradador de tinta.<\/p>\n<p class=\"ng-star-inserted\"><strong class=\"ng-star-inserted\"><span class=\"ng-star-inserted\">Informaci\u00f3n de almacenamiento:<\/span><\/strong><\/p>\n<p>Conserve la tinta plastisol Shaliteink a temperatura ambiente, idealmente entre 18 y 32 \u00b0C (65 y 90 \u00b0F), evitando la luz solar directa. La tinta puede comenzar a tratarse en el envase si entra en contacto prolongado con temperaturas superiores a 32 \u00b0C (90 \u00b0F).<\/p>\n<p class=\"ng-star-inserted\"><strong class=\"ng-star-inserted\"><span class=\"ng-star-inserted\">Consejos profesionales:<\/span><\/strong><\/p>\n<ul class=\"ng-star-inserted\">\n<li class=\"ng-star-inserted\">La tinta plastisol no ti\u00f1e la tela; en cambio, crea una uni\u00f3n mec\u00e1nica envolvi\u00e9ndose alrededor de la fibra.<\/li>\n<li class=\"ng-star-inserted\">Recomendamos imprimir con una base blanca al imprimir con tinta plastisol amarilla Shaliteink sobre ropa oscura para lograr una vitalidad extrema.<\/li>\n<li class=\"ng-star-inserted\">Realice siempre una prueba de impresi\u00f3n, una prueba de estiramiento y una prueba de lavado antes de la producci\u00f3n completa para garantizar un tratamiento y una calidad de impresi\u00f3n correctos.<\/li>\n<\/ul>\n<p>Para obtener informaci\u00f3n m\u00e1s detallada, hoja de datos de seguridad y gu\u00eda de colores, consulte nuestro sitio web o comun\u00edquese con nuestro equipo de ayuda.<\/p>\n<p><img decoding=\"async\" class=\"aligncenter wp-image-3982 size-large\" src=\"https:\/\/shaliteink.com\/wp-content\/uploads\/2025\/04\/Yellow-Screen-Printing-Plastisol-Ink-1024x683.jpg\" alt=\"Tinta plastisol amarilla para serigraf\u00eda\" width=\"1024\" height=\"683\" srcset=\"https:\/\/shaliteink.com\/wp-content\/uploads\/2025\/04\/Yellow-Screen-Printing-Plastisol-Ink-1024x683.jpg 1024w, https:\/\/shaliteink.com\/wp-content\/uploads\/2025\/04\/Yellow-Screen-Printing-Plastisol-Ink-300x200.jpg 300w, https:\/\/shaliteink.com\/wp-content\/uploads\/2025\/04\/Yellow-Screen-Printing-Plastisol-Ink-768x512.jpg 768w, https:\/\/shaliteink.com\/wp-content\/uploads\/2025\/04\/Yellow-Screen-Printing-Plastisol-Ink-1536x1024.jpg 1536w, https:\/\/shaliteink.com\/wp-content\/uploads\/2025\/04\/Yellow-Screen-Printing-Plastisol-Ink-2048x1365.jpg 2048w, https:\/\/shaliteink.com\/wp-content\/uploads\/2025\/04\/Yellow-Screen-Printing-Plastisol-Ink-18x12.jpg 18w, https:\/\/shaliteink.com\/wp-content\/uploads\/2025\/04\/Yellow-Screen-Printing-Plastisol-Ink-1200x800.jpg 1200w, https:\/\/shaliteink.com\/wp-content\/uploads\/2025\/04\/Yellow-Screen-Printing-Plastisol-Ink-150x100.jpg 150w\" sizes=\"(max-width: 1024px) 100vw, 1024px\" \/><\/p>","protected":false},"excerpt":{"rendered":"<p>Nuestra tinta plastisol amarilla para serigraf\u00eda ofrece una textura cremosa y de bordes cortos, lo que permite una impresi\u00f3n uniforme y consistente en cada uso. Experimenta una cobertura intensa y opaca que resalta en diferentes tipos de prendas, brindando a tus dise\u00f1os el acabado profesional que merecen. Esta tinta plastisol es perfecta para lograr impresiones en amarillo vibrante, ya sea que trabajes con algod\u00f3n, mezclas de poli\u00e9ster u otras prendas populares. En Shaliteink, priorizamos el \u00e9xito de tus impresiones al proporcionarte una tinta que no solo ofrece un rendimiento excepcional, sino que tambi\u00e9n brinda importantes ventajas en la producci\u00f3n.<\/p>","protected":false},"featured_media":1443,"comment_status":"open","ping_status":"closed","template":"","meta":[],"product_brand":[],"product_cat":[39],"product_tag":[],"class_list":{"0":"post-1148","1":"product","2":"type-product","3":"status-publish","4":"has-post-thumbnail","6":"product_cat-plastisol-ink","8":"first","9":"instock","10":"shipping-taxable","11":"purchasable","12":"product-type-variable"},"tiered_pricing_type":"fixed","tiered_pricing_fixed_rules":[],"tiered_pricing_product_settings":{"layout":"default","base_unit_name":{"singular":null,"plural":null},"default_variation":null},"tiered_pricing_minimum_quantity":null,"tiered_pricing_roles_data":[],"tiered_pricing_percentage_rules":[],"tiered_pricing_maximum_quantity":null,"tiered_pricing_quantity_step":null,"_links":{"self":[{"href":"https:\/\/shaliteink.com\/es\/wp-json\/wp\/v2\/product\/1148","targetHints":{"allow":["GET"]}}],"collection":[{"href":"https:\/\/shaliteink.com\/es\/wp-json\/wp\/v2\/product"}],"about":[{"href":"https:\/\/shaliteink.com\/es\/wp-json\/wp\/v2\/types\/product"}],"replies":[{"embeddable":true,"href":"https:\/\/shaliteink.com\/es\/wp-json\/wp\/v2\/comments?post=1148"}],"version-history":[{"count":0,"href":"https:\/\/shaliteink.com\/es\/wp-json\/wp\/v2\/product\/1148\/revisions"}],"wp:featuredmedia":[{"embeddable":true,"href":"https:\/\/shaliteink.com\/es\/wp-json\/wp\/v2\/media\/1443"}],"wp:attachment":[{"href":"https:\/\/shaliteink.com\/es\/wp-json\/wp\/v2\/media?parent=1148"}],"wp:term":[{"taxonomy":"product_brand","embeddable":true,"href":"https:\/\/shaliteink.com\/es\/wp-json\/wp\/v2\/product_brand?post=1148"},{"taxonomy":"product_cat","embeddable":true,"href":"https:\/\/shaliteink.com\/es\/wp-json\/wp\/v2\/product_cat?post=1148"},{"taxonomy":"product_tag","embeddable":true,"href":"https:\/\/shaliteink.com\/es\/wp-json\/wp\/v2\/product_tag?post=1148"}],"curies":[{"name":"wp","href":"https:\/\/api.w.org\/{rel}","templated":true}]}}