{"id":1143,"date":"2025-04-11T07:47:43","date_gmt":"2025-04-11T07:47:43","guid":{"rendered":"https:\/\/shaliteink.com\/?post_type=product&#038;p=1143"},"modified":"2025-12-10T11:31:02","modified_gmt":"2025-12-10T11:31:02","slug":"tinta-plastisol-para-serigrafia-de-color-amarillo-limon-intenso","status":"publish","type":"product","link":"https:\/\/shaliteink.com\/es\/producto\/tinta-plastisol-para-serigrafia-de-color-amarillo-limon-intenso\/","title":{"rendered":"Tinta plastisol para serigraf\u00eda de color amarillo lim\u00f3n intenso"},"content":{"rendered":"<h3><img decoding=\"async\" class=\"aligncenter wp-image-3980 size-large\" src=\"https:\/\/shaliteink.com\/wp-content\/uploads\/2025\/04\/Deep-Lemon-Yellow-Screen-Printing-Plastisol-Ink-1-1024x683.jpg\" alt=\"Tinta plastisol para serigraf\u00eda de color amarillo lim\u00f3n intenso\" width=\"1024\" height=\"683\" srcset=\"https:\/\/shaliteink.com\/wp-content\/uploads\/2025\/04\/Deep-Lemon-Yellow-Screen-Printing-Plastisol-Ink-1-1024x683.jpg 1024w, https:\/\/shaliteink.com\/wp-content\/uploads\/2025\/04\/Deep-Lemon-Yellow-Screen-Printing-Plastisol-Ink-1-300x200.jpg 300w, https:\/\/shaliteink.com\/wp-content\/uploads\/2025\/04\/Deep-Lemon-Yellow-Screen-Printing-Plastisol-Ink-1-768x512.jpg 768w, https:\/\/shaliteink.com\/wp-content\/uploads\/2025\/04\/Deep-Lemon-Yellow-Screen-Printing-Plastisol-Ink-1-1536x1024.jpg 1536w, https:\/\/shaliteink.com\/wp-content\/uploads\/2025\/04\/Deep-Lemon-Yellow-Screen-Printing-Plastisol-Ink-1-2048x1365.jpg 2048w, https:\/\/shaliteink.com\/wp-content\/uploads\/2025\/04\/Deep-Lemon-Yellow-Screen-Printing-Plastisol-Ink-1-18x12.jpg 18w, https:\/\/shaliteink.com\/wp-content\/uploads\/2025\/04\/Deep-Lemon-Yellow-Screen-Printing-Plastisol-Ink-1-1200x800.jpg 1200w, https:\/\/shaliteink.com\/wp-content\/uploads\/2025\/04\/Deep-Lemon-Yellow-Screen-Printing-Plastisol-Ink-1-150x100.jpg 150w\" sizes=\"(max-width: 1024px) 100vw, 1024px\" \/><\/h3>\n<h3 class=\"ng-star-inserted\"><span class=\"ng-star-inserted\">Beneficios clave que te encantar\u00e1n:<\/span><\/h3>\n<ul class=\"ng-star-inserted\">\n<li class=\"ng-star-inserted\">Amarillo lim\u00f3n intenso vibrante: impresionante con una saturaci\u00f3n de color excepcional, obtenga la impresi\u00f3n amarilla que llama la atenci\u00f3n.<\/li>\n<li class=\"ng-star-inserted\">Tratamiento \u00f3ptimo de temperatura m\u00e1s baja: trata eficientemente a 160 \u00b0C (320 \u00b0F), reduce el consumo de energ\u00eda y evita que la tela se queme o encoja.<\/li>\n<li class=\"ng-star-inserted\">Tiempo de flash r\u00e1pido: 120 \u00b0 C (248 \u00b0 F) a 140 \u00b0 C (284 \u00b0 F) recibe el tratamiento, lo que aumenta su eficiencia de producci\u00f3n.<\/li>\n<li class=\"ng-star-inserted\">Cobertura superior: proporciona una cobertura excelente, incluso en prendas profundas, a menudo elimina la necesidad de una base.<\/li>\n<li class=\"ng-star-inserted\">Sensaci\u00f3n suave al tacto: crea una impresi\u00f3n suave y c\u00f3moda que mantiene la ca\u00edda natural de la tela.<\/li>\n<li class=\"ng-star-inserted\">Es f\u00e1cil de trabajar: nuestra f\u00f3rmula cremosa y de cuerpo corto garantiza una aplicaci\u00f3n suave y una excelente retenci\u00f3n de la expansi\u00f3n.<\/li>\n<li class=\"ng-star-inserted\">Compatibilidad vers\u00e1til con tejidos: ideal para diferentes tipos de materiales, incluidos algod\u00f3n 100%, mezclas de algod\u00f3n y poli\u00e9ster y poli\u00e9ster (con las precauciones adecuadas).<\/li>\n<li class=\"ng-star-inserted\">Propiedades de bajo sangrado: garantiza una impresi\u00f3n limpia y n\u00edtida, reduce la migraci\u00f3n del tinte en mezclas de poli\u00e9ster.<\/li>\n<\/ul>\n<p>F\u00f3rmula sin ftalatos: una opci\u00f3n segura tanto para la impresora como para el medio ambiente.<\/p>\n<h3 class=\"ng-star-inserted\"><span class=\"ng-star-inserted\">\u00bfPor qu\u00e9 elegir la tinta plastisol amarillo lim\u00f3n intenso Shaliteink?<\/span><\/h3>\n<p>En <strong><a href=\"https:\/\/shaliteink.com\/es\/\">Shaliteink<\/a><\/strong>, Entendemos las exigencias de la industria de la serigraf\u00eda. Nuestra tinta plastisol amarillo lim\u00f3n intenso es una m\u00e1quina de trabajo incansable que ofrece el equilibrio perfecto entre rendimiento, resistencia y facilidad de uso. Tanto si se dedica a la impresi\u00f3n comercial de gran formato como si es aficionado, apreciar\u00e1 la facilidad de uso y los resultados profesionales que ofrece nuestra tinta. Su baja temperatura de tratamiento es fundamental, lo que permite una producci\u00f3n r\u00e1pida, un ahorro energ\u00e9tico significativo y un m\u00ednimo da\u00f1o a las prendas. Dile adi\u00f3s a la impresi\u00f3n uniforme y espectacular con shaliteink y adi\u00f3s a Namaste.<\/p>\n<h3 class=\"ng-star-inserted\"><span class=\"ng-star-inserted\">Pautas de curado y secado r\u00e1pido:<\/span><\/h3>\n<p class=\"ng-star-inserted\"><span class=\"ng-star-inserted\">Lograr un curado perfecto es crucial para la durabilidad. Shaliteink\u00a0<\/span><strong class=\"ng-star-inserted\"><span class=\"ng-star-inserted\">Tinta plastisol de color amarillo lim\u00f3n intenso<\/span><\/strong><span class=\"ng-star-inserted\">\u00a0Est\u00e1 formulado para un curado eficiente a baja temperatura, lo que garantiza que sus impresiones resistan el paso del tiempo.<\/span><\/p>\n<ul class=\"ng-star-inserted\">\n<li class=\"ng-star-inserted\">Temperatura de tratamiento: 160 \u00b0C (320 \u00b0F). Aseg\u00farese de que toda la capa de tinta alcance esta temperatura para completar el tratamiento. Las pistolas l\u00e1ser pueden ser enga\u00f1osas en la lectura de la temperatura de la superficie. Para obtener mejores resultados, utilice una sonda de rosquilla o tiras de temperatura para medir la temperatura principal de la tinta.<\/li>\n<li class=\"ng-star-inserted\">Temperatura de flash: 120 \u00b0C (248 \u00b0F) a 140 \u00b0C (284 \u00b0F) durante 3-5 segundos. El tiempo de flash puede variar seg\u00fan el equipo y los dep\u00f3sitos de tinta.<\/li>\n<li class=\"ng-star-inserted\">Prueba de lavado: Recomendamos realizar una prueba de lavado despu\u00e9s de las primeras 24 horas. Una impresi\u00f3n correctamente corregida resistir\u00e1 de 5 a 10 lavados sin agrietarse ni deteriorarse.<\/li>\n<li class=\"ng-star-inserted\">Prueba de estiramiento: Extienda la tela impresa aproximadamente dos tercios de su longitud. Si las grietas de tinta no desaparecen, puede ser un tratamiento deficiente. Aumente ligeramente el tiempo o la temperatura de reposo.<\/li>\n<li class=\"ng-star-inserted\">Mezcla de poli\u00e9ster: Al imprimir sobre poli\u00e9ster o poliestireno, el tratamiento de baja temperatura de la tinta plastisol Shaliteink ayuda a prevenir la migraci\u00f3n de colorante por temperatura. La mayor\u00eda de los colorantes de poli\u00e9ster son activos a 132 \u00b0C (270 \u00b0F) y superiores. El tratamiento por debajo de este umbral reduce significativamente el riesgo de sangrado.<\/li>\n<\/ul>\n<h3 class=\"ng-star-inserted\"><span class=\"ng-star-inserted\">Consejos profesionales para obtener resultados \u00f3ptimos:<\/span><\/h3>\n<ul class=\"ng-star-inserted\">\n<li class=\"ng-star-inserted\">Almacenamiento: Conserve la tinta plastisol Shaliteink a temperatura ambiente, idealmente entre 18 y 32 \u00b0C (65 y 90 \u00b0F), alejada de la luz solar directa. La tinta puede comenzar a tratarse en el envase si se mantiene en contacto prolongado con temperaturas superiores a 32 \u00b0C (90 \u00b0F).<\/li>\n<li class=\"ng-star-inserted\">Adjirawar: Agite siempre bien la tinta antes de usarla para asegurar una buena viscosidad y color.<\/li>\n<li class=\"ng-star-inserted\">Base: si bien nuestro lim\u00f3n oscuro proporciona un alto vac\u00edo opaco de color amarillo, se recomienda imprimir una base blanca (por ejemplo, blanco de alta opaci\u00f2n) para lograr la m\u00e1xima vitalidad en prendas muy oscuras, especialmente si una impresi\u00f3n de una sola pasada no es suficiente.<\/li>\n<li class=\"ng-star-inserted\">Recuento de Aries: Para obtener los mejores resultados, consulte nuestra hoja de datos t\u00e9cnicos para conocer los c\u00e1lculos de Aries recomendados para diversas aplicaciones. Generalmente, las tramas de Aries inferiores son adecuadas para impresiones opacas sobre sustratos oscuros.<\/li>\n<\/ul>\n<h3><img decoding=\"async\" class=\"wp-image-3979 size-large aligncenter\" src=\"https:\/\/shaliteink.com\/wp-content\/uploads\/2025\/04\/Deep-Lemon-Yellow-Screen-Printing-Plastisol-Ink-1024x683.jpg\" alt=\"Tinta plastisol para serigraf\u00eda de color amarillo lim\u00f3n intenso\" width=\"1024\" height=\"683\" srcset=\"https:\/\/shaliteink.com\/wp-content\/uploads\/2025\/04\/Deep-Lemon-Yellow-Screen-Printing-Plastisol-Ink-1024x683.jpg 1024w, https:\/\/shaliteink.com\/wp-content\/uploads\/2025\/04\/Deep-Lemon-Yellow-Screen-Printing-Plastisol-Ink-300x200.jpg 300w, https:\/\/shaliteink.com\/wp-content\/uploads\/2025\/04\/Deep-Lemon-Yellow-Screen-Printing-Plastisol-Ink-768x512.jpg 768w, https:\/\/shaliteink.com\/wp-content\/uploads\/2025\/04\/Deep-Lemon-Yellow-Screen-Printing-Plastisol-Ink-1536x1024.jpg 1536w, https:\/\/shaliteink.com\/wp-content\/uploads\/2025\/04\/Deep-Lemon-Yellow-Screen-Printing-Plastisol-Ink-2048x1365.jpg 2048w, https:\/\/shaliteink.com\/wp-content\/uploads\/2025\/04\/Deep-Lemon-Yellow-Screen-Printing-Plastisol-Ink-18x12.jpg 18w, https:\/\/shaliteink.com\/wp-content\/uploads\/2025\/04\/Deep-Lemon-Yellow-Screen-Printing-Plastisol-Ink-1200x800.jpg 1200w, https:\/\/shaliteink.com\/wp-content\/uploads\/2025\/04\/Deep-Lemon-Yellow-Screen-Printing-Plastisol-Ink-150x100.jpg 150w\" sizes=\"(max-width: 1024px) 100vw, 1024px\" \/><\/h3>\n<h3 class=\"ng-star-inserted\"><span class=\"ng-star-inserted\">F\u00e1cil limpieza:<\/span><\/h3>\n<p class=\"ng-star-inserted\"><span class=\"ng-star-inserted\">Limpiar despu\u00e9s de una tirada de impresi\u00f3n exitosa es sencillo con Shaliteink. Nuestra\u00a0<\/span><a href=\"https:\/\/shaliteink.com\/es\/categoria-producto\/tinta-plastisol\/\"><strong class=\"ng-star-inserted\"><span class=\"ng-star-inserted\">Tinta plastisol<\/span><\/strong><\/a><span class=\"ng-star-inserted\">\u00a0Est\u00e1n dise\u00f1ados para retirarse f\u00e1cilmente de las pantallas y herramientas.<\/span><\/p>\n<ul class=\"ng-star-inserted\">\n<li class=\"ng-star-inserted\">En la prensa: utilice un lavado de prensa de plastisol espec\u00edfico o un degradador de tinta.<\/li>\n<li class=\"ng-star-inserted\">En el fregadero: para una limpieza completa de la pantalla, utilice plastisol limpiador de pantalla\/degradador de tinta para eliminar todos los residuos de tinta.<\/li>\n<\/ul>\n<h3 class=\"ng-star-inserted\"><span class=\"ng-star-inserted\">Hoja de datos de seguridad y gu\u00eda de colores:<\/span><\/h3>\n<p>Para obtener informaci\u00f3n detallada sobre seguridad, consulte nuestra ficha de datos de seguridad (FDS). Tambi\u00e9n disponemos de una gu\u00eda digital de colores para toda nuestra gama de tintas plastisol, que le ayudar\u00e1 a elegir los tonos adecuados para su pr\u00f3ximo proyecto de serigraf\u00eda.<\/p>\n<p>Experimente la diferencia Shaliteink hoy. \u00a1Consiga lo mejor por menos!<\/p>","protected":false},"excerpt":{"rendered":"<p>La tinta plastisol Shaliteink Deep Lemon Lemon eleva tus proyectos de serigraf\u00eda con una tinta premium libre de ftalatos, dise\u00f1ada tanto para profesionales como para aficionados. Con dos d\u00e9cadas de experiencia en fabricaci\u00f3n, Shaliteink te ofrece una soluci\u00f3n de calidad superior, colaboradora de marcas de renombre mundial, lo que garantiza una calidad y un rendimiento excepcionales. Nuestra tinta plastisol amarillo lim\u00f3n oscuro est\u00e1 dise\u00f1ada para brindar resultados vibrantes y uniformes en una amplia gama de prendas, logrando que tu dise\u00f1o resalte al m\u00e1ximo.<\/p>","protected":false},"featured_media":1445,"comment_status":"open","ping_status":"closed","template":"","meta":[],"product_brand":[],"product_cat":[39],"product_tag":[],"class_list":{"0":"post-1143","1":"product","2":"type-product","3":"status-publish","4":"has-post-thumbnail","6":"product_cat-plastisol-ink","8":"first","9":"instock","10":"shipping-taxable","11":"purchasable","12":"product-type-variable"},"tiered_pricing_type":"fixed","tiered_pricing_fixed_rules":[],"tiered_pricing_product_settings":{"layout":"default","base_unit_name":{"singular":null,"plural":null},"default_variation":null},"tiered_pricing_minimum_quantity":null,"tiered_pricing_roles_data":[],"tiered_pricing_percentage_rules":[],"tiered_pricing_maximum_quantity":null,"tiered_pricing_quantity_step":null,"_links":{"self":[{"href":"https:\/\/shaliteink.com\/es\/wp-json\/wp\/v2\/product\/1143","targetHints":{"allow":["GET"]}}],"collection":[{"href":"https:\/\/shaliteink.com\/es\/wp-json\/wp\/v2\/product"}],"about":[{"href":"https:\/\/shaliteink.com\/es\/wp-json\/wp\/v2\/types\/product"}],"replies":[{"embeddable":true,"href":"https:\/\/shaliteink.com\/es\/wp-json\/wp\/v2\/comments?post=1143"}],"version-history":[{"count":0,"href":"https:\/\/shaliteink.com\/es\/wp-json\/wp\/v2\/product\/1143\/revisions"}],"wp:featuredmedia":[{"embeddable":true,"href":"https:\/\/shaliteink.com\/es\/wp-json\/wp\/v2\/media\/1445"}],"wp:attachment":[{"href":"https:\/\/shaliteink.com\/es\/wp-json\/wp\/v2\/media?parent=1143"}],"wp:term":[{"taxonomy":"product_brand","embeddable":true,"href":"https:\/\/shaliteink.com\/es\/wp-json\/wp\/v2\/product_brand?post=1143"},{"taxonomy":"product_cat","embeddable":true,"href":"https:\/\/shaliteink.com\/es\/wp-json\/wp\/v2\/product_cat?post=1143"},{"taxonomy":"product_tag","embeddable":true,"href":"https:\/\/shaliteink.com\/es\/wp-json\/wp\/v2\/product_tag?post=1143"}],"curies":[{"name":"wp","href":"https:\/\/api.w.org\/{rel}","templated":true}]}}