{"id":1138,"date":"2025-04-11T07:21:11","date_gmt":"2025-04-11T07:21:11","guid":{"rendered":"https:\/\/shaliteink.com\/?post_type=product&#038;p=1138"},"modified":"2025-12-10T11:32:15","modified_gmt":"2025-12-10T11:32:15","slug":"tinta-plastisol-para-serigrafia-de-color-amarillo-limon","status":"publish","type":"product","link":"https:\/\/shaliteink.com\/es\/producto\/tinta-plastisol-para-serigrafia-de-color-amarillo-limon\/","title":{"rendered":"Tinta plastisol para serigraf\u00eda de color amarillo lim\u00f3n"},"content":{"rendered":"<p>Shaliteink Lemon es ingeniero para ambos <strong>Tinta plastisol de color amarillo lim\u00f3n <\/strong>Eficiencia y efectos visuales sorprendentes. Esta serigraf\u00eda premium est\u00e1 lista para usar directamente desde el tintero, ofreciendo una estabilidad suave y cremosa que simplifica la impresi\u00f3n. Tanto si es un profesional experimentado como si est\u00e1 empezando, apreciar\u00e1 su facilidad de uso y sus impresiones consistentes y de alta calidad. Olv\u00eddese de las configuraciones complejas y d\u00e9 la bienvenida a dise\u00f1os vibrantes y duraderos.<\/p>\n<p><img decoding=\"async\" class=\"wp-image-3976 size-large aligncenter\" src=\"https:\/\/shaliteink.com\/wp-content\/uploads\/2025\/04\/Lemon-Yellow-Screen-Printing-Plastisol-Ink-1024x683.jpg\" alt=\"Tinta plastisol para serigraf\u00eda de color amarillo lim\u00f3n\" width=\"1024\" height=\"683\" srcset=\"https:\/\/shaliteink.com\/wp-content\/uploads\/2025\/04\/Lemon-Yellow-Screen-Printing-Plastisol-Ink-1024x683.jpg 1024w, https:\/\/shaliteink.com\/wp-content\/uploads\/2025\/04\/Lemon-Yellow-Screen-Printing-Plastisol-Ink-300x200.jpg 300w, https:\/\/shaliteink.com\/wp-content\/uploads\/2025\/04\/Lemon-Yellow-Screen-Printing-Plastisol-Ink-768x512.jpg 768w, https:\/\/shaliteink.com\/wp-content\/uploads\/2025\/04\/Lemon-Yellow-Screen-Printing-Plastisol-Ink-1536x1024.jpg 1536w, https:\/\/shaliteink.com\/wp-content\/uploads\/2025\/04\/Lemon-Yellow-Screen-Printing-Plastisol-Ink-2048x1365.jpg 2048w, https:\/\/shaliteink.com\/wp-content\/uploads\/2025\/04\/Lemon-Yellow-Screen-Printing-Plastisol-Ink-18x12.jpg 18w, https:\/\/shaliteink.com\/wp-content\/uploads\/2025\/04\/Lemon-Yellow-Screen-Printing-Plastisol-Ink-1200x800.jpg 1200w, https:\/\/shaliteink.com\/wp-content\/uploads\/2025\/04\/Lemon-Yellow-Screen-Printing-Plastisol-Ink-150x100.jpg 150w\" sizes=\"(max-width: 1024px) 100vw, 1024px\" \/><\/p>\n<h3 class=\"ng-star-inserted\"><span class=\"ng-star-inserted\">Beneficios y caracter\u00edsticas clave:<\/span><\/h3>\n<ul class=\"ng-star-inserted\">\n<li class=\"ng-star-inserted\">Amarillo lim\u00f3n vibrante y opaco: estampados brillantes, llamativos y muy opacos que realmente resaltan, incluso en prendas oscuras (con una aplicaci\u00f3n adecuada de la base). <strong><a href=\"https:\/\/shaliteink.com\/es\/categoria-producto\/tinta-plastisol\/\">tinta plastisol<\/a><\/strong> Proporciona una saturaci\u00f3n de color frecuente para obtener resultados llamativos.<\/li>\n<li class=\"ng-star-inserted\">Estampados suaves: Disfruta de una sensaci\u00f3n de suavidad excepcional en tus prendas confeccionadas. Nuestra serigraf\u00eda crea una uni\u00f3n mec\u00e1nica con la tela con tinta plastisol que envuelve la fibra para una impresi\u00f3n c\u00f3moda y flexible que no se agrieta ni se siente pesada.<\/li>\n<li class=\"ng-star-inserted\">Temperatura de tratamiento \u00f3ptima (160 \u00b0C\/320 \u00b0F): Disfrute de tiempos de producci\u00f3n r\u00e1pidos y un ahorro energ\u00e9tico significativo. Nuestra tinta plastisol, especialmente dise\u00f1ada, cura eficazmente a bajas temperaturas, lo que reduce el riesgo de quemaduras o encogimiento, especialmente en prendas sensibles al calor.<\/li>\n<li class=\"ng-star-inserted\">Excelente temperatura de flash (120\u2013140 \u00b0C \/ 248-284 \u00b0F): obtenga un tiempo de flash r\u00e1pido para trabajos multicolor, promueva su productividad sin comprometer la calidad de impresi\u00f3n.<\/li>\n<li class=\"ng-star-inserted\">Compatibilidad universal con tejidos: este vers\u00e1til <strong><a href=\"https:\/\/shaliteink.com\/es\/screen-printing-ink\/\">tinta de serigraf\u00eda<\/a><\/strong> Funciona maravillosamente en una amplia gama de materiales, incluidos algod\u00f3n 100%, mezclas de algod\u00f3n y poli\u00e9ster e incluso algunas mezclas de poli\u00e9ster, lo que lo convierte en una opci\u00f3n ideal para diversos proyectos.<\/li>\n<li class=\"ng-star-inserted\">F\u00f3rmula sin pelusas: comprometida con la seguridad y la responsabilidad ambiental, la tinta plastisol de Shaliteink est\u00e1 dise\u00f1ada para no pelusas, lo que proporciona tranquilidad tanto a los impresores como a los usuarios.<\/li>\n<li class=\"ng-star-inserted\">Y es f\u00e1cil trabajar con un cuerpo corto: el cuerpo corto y cremoso de la tinta hace que sea incre\u00edblemente f\u00e1cil trabajar en la prensa de textura, lo que garantiza una aplicaci\u00f3n suave y detalles n\u00edtidos en sus dise\u00f1os.<br \/>\nAcabado semibrillante finland\u00e9s: obtenga un acabado semibrillante profesional que mejora el atractivo visual de sus gr\u00e1ficos impresos.<\/li>\n<\/ul>\n<h3 class=\"ng-star-inserted\"><span class=\"ng-star-inserted\">\u00bfPor qu\u00e9 elegir la tinta plastisol amarillo lim\u00f3n Shaliteink?<\/span><\/h3>\n<p>En <strong><a href=\"https:\/\/shaliteink.com\/es\/\">Shaliteink<\/a><\/strong>, Entendemos las exigencias de la serigraf\u00eda moderna. Nuestra tinta plastisol amarillo lim\u00f3n no se centra solo en el color; tambi\u00e9n se centra en el rendimiento y la fiabilidad, y le ayuda a lograr excelentes resultados de forma eficiente. La baja temperatura de tratamiento es clave, lo que reduce el coste de la electricidad y optimiza el flujo de trabajo. Esta caracter\u00edstica es especialmente beneficiosa al trabajar con mezclas de poli\u00e9ster, ya que ayuda a prevenir la migraci\u00f3n del tinte al fijar la tinta por debajo del punto de sangrado del poli\u00e9ster. Nuestro enfoque en una tinta de serigraf\u00eda premium, a la vez que asequible, garantiza la mejor rentabilidad de su inversi\u00f3n, proyecto tras proyecto.<\/p>\n<h3 class=\"ng-star-inserted\"><span class=\"ng-star-inserted\">Instrucciones de curado:<\/span><\/h3>\n<p>Un tratamiento completo es fundamental para la durabilidad de la impresi\u00f3n. Para obtener resultados \u00f3ptimos con la tinta plastisol amarillo lim\u00f3n Shaliteink:<\/p>\n<ul>\n<li>Temperatura de tratamiento: 160 \u00b0C (320 \u00b0F). Cuando toda la capa de tinta alcanza esta temperatura, la tinta est\u00e1 completamente curada.<\/li>\n<li>Temperatura de secado: Secado a 120\u2013140 \u00b0C (248\u2013284 \u00b0F) durante 3\u20135 segundos. El tiempo de secado puede variar seg\u00fan el equipo y las variables de producci\u00f3n.<\/li>\n<li>Pruebas: Recomendamos encarecidamente realizar una prueba de estiramiento y una prueba de lavado antes de la producci\u00f3n completa. Imprima aproximadamente dos tercios del ancho de la prenda. Si se agrieta y no vuelve a su forma original, aumente el tiempo de tratamiento. Lavar entre 5 y 10 veces confirmar\u00e1 que las pruebas de tratamiento han sido completadas.<\/li>\n<li>Consejo profesional: Para un tratamiento preciso, considere usar una sonda de rosquilla para medir la temperatura interna de la tinta. Las pistolas l\u00e1ser pueden ser enga\u00f1osas debido a las lecturas reflejadas de la temperatura de la superficie, y a menudo indican entre 60 y 100 \u00b0F m\u00e1s que la temperatura interna real de la tinta durante el ciclo de tratamiento. Ajuste la lectura de la temperatura de la superficie seg\u00fan corresponda para asegurar que el n\u00facleo de tinta alcance temporalmente una temperatura superficial alta de 160 \u00b0C.<\/li>\n<\/ul>\n<h3><img decoding=\"async\" class=\"aligncenter wp-image-3977 size-large\" src=\"https:\/\/shaliteink.com\/wp-content\/uploads\/2025\/04\/Lemon-Yellow-Screen-Printing-Plastisol-Ink-1-1024x683.jpg\" alt=\"Tinta plastisol para serigraf\u00eda de color amarillo lim\u00f3n\" width=\"1024\" height=\"683\" srcset=\"https:\/\/shaliteink.com\/wp-content\/uploads\/2025\/04\/Lemon-Yellow-Screen-Printing-Plastisol-Ink-1-1024x683.jpg 1024w, https:\/\/shaliteink.com\/wp-content\/uploads\/2025\/04\/Lemon-Yellow-Screen-Printing-Plastisol-Ink-1-300x200.jpg 300w, https:\/\/shaliteink.com\/wp-content\/uploads\/2025\/04\/Lemon-Yellow-Screen-Printing-Plastisol-Ink-1-768x512.jpg 768w, https:\/\/shaliteink.com\/wp-content\/uploads\/2025\/04\/Lemon-Yellow-Screen-Printing-Plastisol-Ink-1-1536x1024.jpg 1536w, https:\/\/shaliteink.com\/wp-content\/uploads\/2025\/04\/Lemon-Yellow-Screen-Printing-Plastisol-Ink-1-2048x1365.jpg 2048w, https:\/\/shaliteink.com\/wp-content\/uploads\/2025\/04\/Lemon-Yellow-Screen-Printing-Plastisol-Ink-1-18x12.jpg 18w, https:\/\/shaliteink.com\/wp-content\/uploads\/2025\/04\/Lemon-Yellow-Screen-Printing-Plastisol-Ink-1-1200x800.jpg 1200w, https:\/\/shaliteink.com\/wp-content\/uploads\/2025\/04\/Lemon-Yellow-Screen-Printing-Plastisol-Ink-1-150x100.jpg 150w\" sizes=\"(max-width: 1024px) 100vw, 1024px\" \/><\/h3>\n<h3 class=\"ng-star-inserted\"><span class=\"ng-star-inserted\">Limpieza:<\/span><\/h3>\n<p class=\"ng-star-inserted\"><span class=\"ng-star-inserted\">La f\u00e1cil limpieza es otra ventaja de\u00a0<\/span><strong class=\"ng-star-inserted\"><span class=\"ng-star-inserted\">Tinta plastisol de Shaliteink<\/span><\/strong><span class=\"ng-star-inserted\">.<\/span><\/p>\n<ul class=\"ng-star-inserted\">\n<li class=\"ng-star-inserted\">En la prensa: utilice un lavado de prensa de plastisol espec\u00edfico o un degradador de tinta.<\/li>\n<li>En el fregadero: utilice plastisol limpiador de pantalla o degradante de tinta para limpiar completamente la pantalla.<\/li>\n<\/ul>\n<h3 class=\"ng-star-inserted\"><span class=\"ng-star-inserted\">Informaci\u00f3n de almacenamiento:<\/span><\/h3>\n<p>Conserve la tinta plastisol Shaliteink a temperatura ambiente, idealmente entre 18 y 32 \u00b0C (65 y 90 \u00b0F), y evite la luz solar directa. La tinta puede comenzar a tratarse en el envase si entra en contacto prolongado con temperaturas superiores a 32 \u00b0C (90 \u00b0F).<\/p>\n<h3 class=\"ng-star-inserted\"><span class=\"ng-star-inserted\">\u00bfListo para imprimir con precisi\u00f3n y vitalidad?<\/span><\/h3>\n<p>Para su pr\u00f3ximo proyecto de serigraf\u00eda, elija la tinta plastisol amarillo lim\u00f3n Shaliteink y experimente la diferencia que marca la calidad y la innovaci\u00f3n. Nuestro compromiso con la excelencia, combinado con nuestros prestigiosos precios de f\u00e1brica, le garantiza el mejor material de serigraf\u00eda sin renunciar a nada. \u00a1Explore nuestra gama completa de colores de tinta plastisol y eleve su arte hoy mismo!<\/p>","protected":false},"excerpt":{"rendered":"<p>Ilumine sus proyectos de serigraf\u00eda con la tinta plastisol Amarillo Lim\u00f3n Shaliteink. Como l\u00edder mundial en la venta minorista de tinta plastisol para serigraf\u00eda, con dos d\u00e9cadas de experiencia en la fabricaci\u00f3n, le ofrecemos la calidad directa de f\u00e1brica que conf\u00edan en los profesionales. Nuestra estrecha colaboraci\u00f3n con marcas de renombre mundial le garantiza la mejor tinta plastisol, dise\u00f1ada para obtener resultados extraordinarios. Este vibrante tono amarillo lim\u00f3n es perfecto para a\u00f1adir color y un toque de personalidad a sus prendas, garantizando que su dise\u00f1o destaque con una claridad deslumbrante y una experiencia excepcional.<\/p>","protected":false},"featured_media":1441,"comment_status":"open","ping_status":"closed","template":"","meta":[],"product_brand":[],"product_cat":[39],"product_tag":[],"class_list":{"0":"post-1138","1":"product","2":"type-product","3":"status-publish","4":"has-post-thumbnail","6":"product_cat-plastisol-ink","8":"first","9":"instock","10":"shipping-taxable","11":"purchasable","12":"product-type-variable"},"tiered_pricing_type":"fixed","tiered_pricing_fixed_rules":[],"tiered_pricing_product_settings":{"layout":"default","base_unit_name":{"singular":null,"plural":null},"default_variation":null},"tiered_pricing_minimum_quantity":null,"tiered_pricing_roles_data":[],"tiered_pricing_percentage_rules":[],"tiered_pricing_maximum_quantity":null,"tiered_pricing_quantity_step":null,"_links":{"self":[{"href":"https:\/\/shaliteink.com\/es\/wp-json\/wp\/v2\/product\/1138","targetHints":{"allow":["GET"]}}],"collection":[{"href":"https:\/\/shaliteink.com\/es\/wp-json\/wp\/v2\/product"}],"about":[{"href":"https:\/\/shaliteink.com\/es\/wp-json\/wp\/v2\/types\/product"}],"replies":[{"embeddable":true,"href":"https:\/\/shaliteink.com\/es\/wp-json\/wp\/v2\/comments?post=1138"}],"version-history":[{"count":0,"href":"https:\/\/shaliteink.com\/es\/wp-json\/wp\/v2\/product\/1138\/revisions"}],"wp:featuredmedia":[{"embeddable":true,"href":"https:\/\/shaliteink.com\/es\/wp-json\/wp\/v2\/media\/1441"}],"wp:attachment":[{"href":"https:\/\/shaliteink.com\/es\/wp-json\/wp\/v2\/media?parent=1138"}],"wp:term":[{"taxonomy":"product_brand","embeddable":true,"href":"https:\/\/shaliteink.com\/es\/wp-json\/wp\/v2\/product_brand?post=1138"},{"taxonomy":"product_cat","embeddable":true,"href":"https:\/\/shaliteink.com\/es\/wp-json\/wp\/v2\/product_cat?post=1138"},{"taxonomy":"product_tag","embeddable":true,"href":"https:\/\/shaliteink.com\/es\/wp-json\/wp\/v2\/product_tag?post=1138"}],"curies":[{"name":"wp","href":"https:\/\/api.w.org\/{rel}","templated":true}]}}