{"id":1133,"date":"2025-04-11T07:11:51","date_gmt":"2025-04-11T07:11:51","guid":{"rendered":"https:\/\/shaliteink.com\/?post_type=product&#038;p=1133"},"modified":"2025-12-10T11:29:56","modified_gmt":"2025-12-10T11:29:56","slug":"tinta-plastisol-para-serigrafia-azul-acida","status":"publish","type":"product","link":"https:\/\/shaliteink.com\/es\/producto\/tinta-plastisol-para-serigrafia-azul-acida\/","title":{"rendered":"Tinta plastisol para serigraf\u00eda azul \u00e1cida"},"content":{"rendered":"<h2 class=\"ng-star-inserted\"><span class=\"ng-star-inserted\">\u00bfPor qu\u00e9 elegir Shaliteink Acid Blue?\u00a0<\/span><strong class=\"ng-star-inserted\"><span class=\"ng-star-inserted\">Tinta plastisol<\/span><\/strong><span class=\"ng-star-inserted\">?<\/span><\/h2>\n<p>En <a href=\"https:\/\/shaliteink.com\/es\/\"><strong>Shaliteink<\/strong><\/a>, Entendemos las demandas tanto de las imprentas comerciales como de los aficionados. Por eso, nuestros...<strong> tinta plastisol azul \u00e1cido<\/strong> Est\u00e1 dise\u00f1ado para ofrecer facilidad de uso, un mejor acabado y una larga durabilidad. Esto garantiza un entorno de impresi\u00f3n seguro sin comprometer la calidad de su f\u00f3rmula sin ftalatos. Desde dise\u00f1os complejos hasta gr\u00e1ficos llamativos, el azul \u00e1cido Shalietink ofrece resultados consistentes y llamativos.<\/p>\n<p><img decoding=\"async\" class=\"wp-image-3974 size-large aligncenter\" src=\"https:\/\/shaliteink.com\/wp-content\/uploads\/2025\/04\/Acid-Blue-Screen-Printing-Plastisol-Ink-1-1024x683.jpg\" alt=\"Tinta plastisol para serigraf\u00eda azul \u00e1cida\" width=\"1024\" height=\"683\" srcset=\"https:\/\/shaliteink.com\/wp-content\/uploads\/2025\/04\/Acid-Blue-Screen-Printing-Plastisol-Ink-1-1024x683.jpg 1024w, https:\/\/shaliteink.com\/wp-content\/uploads\/2025\/04\/Acid-Blue-Screen-Printing-Plastisol-Ink-1-300x200.jpg 300w, https:\/\/shaliteink.com\/wp-content\/uploads\/2025\/04\/Acid-Blue-Screen-Printing-Plastisol-Ink-1-768x512.jpg 768w, https:\/\/shaliteink.com\/wp-content\/uploads\/2025\/04\/Acid-Blue-Screen-Printing-Plastisol-Ink-1-1536x1024.jpg 1536w, https:\/\/shaliteink.com\/wp-content\/uploads\/2025\/04\/Acid-Blue-Screen-Printing-Plastisol-Ink-1-2048x1365.jpg 2048w, https:\/\/shaliteink.com\/wp-content\/uploads\/2025\/04\/Acid-Blue-Screen-Printing-Plastisol-Ink-1-18x12.jpg 18w, https:\/\/shaliteink.com\/wp-content\/uploads\/2025\/04\/Acid-Blue-Screen-Printing-Plastisol-Ink-1-1200x800.jpg 1200w, https:\/\/shaliteink.com\/wp-content\/uploads\/2025\/04\/Acid-Blue-Screen-Printing-Plastisol-Ink-1-150x100.jpg 150w\" sizes=\"(max-width: 1024px) 100vw, 1024px\" \/><\/p>\n<p class=\"ng-star-inserted\"><strong class=\"ng-star-inserted\"><span class=\"ng-star-inserted\">Beneficios clave de la tinta plastisol azul \u00e1cido Shaliteink:<\/span><\/strong><\/p>\n<ul class=\"ng-star-inserted\">\n<li class=\"ng-star-inserted\">Azul \u00e1cido vibrante y atrevido: obtenga una impresi\u00f3n realmente cautivadora con nuestro tono azul \u00e1cido de gran intensidad.<\/li>\n<li class=\"ng-star-inserted\">Cobertura extraordinaria: dise\u00f1ada para una excelente cobertura en distintos tipos de prendas, incluidas prendas oscuras.<\/li>\n<li class=\"ng-star-inserted\">Sensaci\u00f3n suave al tacto: sus impresiones listas ser\u00e1n suaves al tacto y la prenda mejora la comodidad.<\/li>\n<li class=\"ng-star-inserted\">Rendimiento confiable: F\u00e1cil de trabajar, ofrece una textura suave y cremosa para impresi\u00f3n frecuente.<\/li>\n<li class=\"ng-star-inserted\">Compatibilidad universal con tejidos: ideal para una amplia gama de textiles, especialmente algod\u00f3n 100%, mezcla de algod\u00f3n\/poli\u00e9ster y m\u00e1s.<\/li>\n<li class=\"ng-star-inserted\">F\u00f3rmula sin ftalatos: comprometida con la seguridad y la responsabilidad ambiental.<\/li>\n<li class=\"ng-star-inserted\">Calidad directa de f\u00e1brica: Nuestros veinte a\u00f1os de experiencia en fabricaci\u00f3n y ahorros directos de f\u00e1brica.<\/li>\n<\/ul>\n<p>Ya sea que est\u00e9 confeccionando prendas personalizadas, art\u00edculos de campa\u00f1a o ropa art\u00edstica, la tinta plastisol azul \u00e1cida Shaliteink brinda las soluciones de calidad profesional que necesita para resaltar sus dise\u00f1os.<\/p>\n<h2 class=\"ng-star-inserted\"><strong class=\"ng-star-inserted\"><span class=\"ng-star-inserted\">Pautas de curado y secado r\u00e1pido<\/span><\/strong><span class=\"ng-star-inserted\">\u00a0para obtener resultados \u00f3ptimos<\/span><\/h2>\n<p>Obtener una impresi\u00f3n completamente fijada es fundamental para una mayor durabilidad al lavado y un acabado profesional. La tinta plastisol azul \u00e1cido Shaliteink est\u00e1 preparada para un tratamiento fiable, garantizando que sus dise\u00f1os se puedan lavar con frecuencia o desaparecer\u00e1n sin problemas.<\/p>\n<ul>\n<li>Temperatura de tratamiento: Nuestra tinta plastisol se cura completamente en toda la capa de tinta a 160 \u00b0 C (320 \u00b0 F).<\/li>\n<li>Temperatura de secado r\u00e1pido: Para una impresi\u00f3n o base eficiente y de m\u00faltiples colores, seque r\u00e1pidamente a una temperatura de 120 \u00b0C a 140 \u00b0C (248 \u00b0F a 284 \u00b0F) durante 3-5 segundos. Esto crea una pel\u00edcula sobre la tinta, manteniendo una imprimibilidad \u00f3ptima y evitando manchas en capas posteriores.<\/li>\n<\/ul>\n<p>Consejo profesional para el tratamiento: Si bien las pistolas de temperatura superficial son \u00fatiles, recuerde que proporcionan una lectura reflectante. Para un tratamiento preciso, especialmente con dep\u00f3sitos de tinta espesos, aseg\u00farese de que la capa de tinta alcance los 160 \u00b0C. Para confirmar el tratamiento adecuado, realice una prueba de estiramiento y una prueba de lavado en una prenda de muestra antes de la producci\u00f3n. Una impresi\u00f3n bien tratada se descompondr\u00e1 con la tela y tolerar\u00e1 m\u00faltiples lavados.<\/p>\n<h2 class=\"ng-star-inserted\"><strong class=\"ng-star-inserted\"><span class=\"ng-star-inserted\">Limpieza y almacenamiento<\/span><\/strong><\/h2>\n<p>Manteniendo su equipo y preservando su <strong><a href=\"https:\/\/shaliteink.com\/es\/categoria-producto\/tinta-plastisol\/\">tinta plastisol<\/a><\/strong> Es simple con shaliteink.<\/p>\n<ul>\n<li>Limpieza en pantalla: utilice un limpiador de prensa de tinta plastisol espec\u00edfico o un degradante de tinta para limpiar la pantalla y apretar r\u00e1pidamente.<\/li>\n<li>Limpieza de pantalla y equipo: Para una limpieza completa de la pantalla y las herramientas de la prensa, utilice un limpiador de pantalla\/degradador de tinta fuerte.<\/li>\n<\/ul>\n<p>Almacenamiento: Conserve la tinta plastisol Shaliteink en un ambiente fresco y seco, idealmente entre 18 \u00b0C y 32 \u00b0C (65 \u00b0F y 90 \u00b0F). Evite la luz solar directa y el contacto prolongado con temperaturas superiores a 32 \u00b0C (90 \u00b0F), permitiendo que la tinta comience a actuar en el envase.<\/p>\n<h2 class=\"ng-star-inserted\"><strong class=\"ng-star-inserted\"><span class=\"ng-star-inserted\">Consejos de expertos para serigraf\u00eda con tinta plastisol Shaliteink<\/span><\/strong><\/h2>\n<ul class=\"ng-star-inserted\">\n<li class=\"ng-star-inserted\">Base sobre prendas oscuras: Para obtener el azul \u00e1cido m\u00e1s brillante y vibrante en prendas oscuras, recomendamos aplicar una base blanca excesiva. Esto har\u00e1 que los colores destaquen.<\/li>\n<li class=\"ng-star-inserted\">Recuento de Aries: Seleccione los detalles de su dise\u00f1o y el c\u00e1lculo de Aries adecuado para el dep\u00f3sito de tinta deseado. Generalmente, la malla fina se utiliza para impresiones anchas, mientras que la malla gruesa se utiliza para dep\u00f3sitos de tinta densos.<\/li>\n<li class=\"ng-star-inserted\">Impresi\u00f3n-flash-impresi\u00f3n: para lograr m\u00e1xima oposici\u00f3n y vitalidad, especialmente en ropa oscura, considere una t\u00e9cnica de impresi\u00f3n-flash-impresi\u00f3n utilizando una pantalla Aries m\u00e1s baja.<\/li>\n<li class=\"ng-star-inserted\">Prueba de estiramiento: Realice siempre una prueba de estiramiento despu\u00e9s del curado. Si las grietas de tinta no desaparecen, es posible que el tratamiento sea deficiente. Aumente el tiempo de permanencia en la secadora.<\/li>\n<li class=\"ng-star-inserted\">Prueba de lavado: Deje pasar 24 horas para que la tinta se fije por completo despu\u00e9s de la recuperaci\u00f3n, luego realice una prueba de lavado para confirmar la durabilidad.<\/li>\n<\/ul>\n<p class=\"ng-star-inserted\"><span class=\"ng-star-inserted\">Shaliteink es su socio de confianza para productos premium\u00a0<\/span><strong class=\"ng-star-inserted\"><span class=\"ng-star-inserted\">suministros de serigraf\u00eda<\/span><\/strong><span class=\"ng-star-inserted\">. Nuestro compromiso con la calidad, combinado con nuestro modelo directo de f\u00e1brica, significa que usted obtiene lo mejor.\u00a0<\/span><strong class=\"ng-star-inserted\"><span class=\"ng-star-inserted\">tinta plastisol<\/span><\/strong><span class=\"ng-star-inserted\">\u00a0a un precio inmejorable. Explora nuestra gama completa de\u00a0<\/span><strong class=\"ng-star-inserted\"><span class=\"ng-star-inserted\">tintas plastisol<\/span><\/strong><span class=\"ng-star-inserted\">\u00a0\u00a1y mejora tu juego de impresi\u00f3n hoy mismo!<\/span><\/p>\n<p><img decoding=\"async\" class=\"wp-image-3973 size-large aligncenter\" src=\"https:\/\/shaliteink.com\/wp-content\/uploads\/2025\/04\/Acid-Blue-Screen-Printing-Plastisol-Ink-1024x683.jpg\" alt=\"Tinta plastisol para serigraf\u00eda azul \u00e1cida\" width=\"1024\" height=\"683\" srcset=\"https:\/\/shaliteink.com\/wp-content\/uploads\/2025\/04\/Acid-Blue-Screen-Printing-Plastisol-Ink-1024x683.jpg 1024w, https:\/\/shaliteink.com\/wp-content\/uploads\/2025\/04\/Acid-Blue-Screen-Printing-Plastisol-Ink-300x200.jpg 300w, https:\/\/shaliteink.com\/wp-content\/uploads\/2025\/04\/Acid-Blue-Screen-Printing-Plastisol-Ink-768x512.jpg 768w, https:\/\/shaliteink.com\/wp-content\/uploads\/2025\/04\/Acid-Blue-Screen-Printing-Plastisol-Ink-1536x1024.jpg 1536w, https:\/\/shaliteink.com\/wp-content\/uploads\/2025\/04\/Acid-Blue-Screen-Printing-Plastisol-Ink-2048x1365.jpg 2048w, https:\/\/shaliteink.com\/wp-content\/uploads\/2025\/04\/Acid-Blue-Screen-Printing-Plastisol-Ink-18x12.jpg 18w, https:\/\/shaliteink.com\/wp-content\/uploads\/2025\/04\/Acid-Blue-Screen-Printing-Plastisol-Ink-1200x800.jpg 1200w, https:\/\/shaliteink.com\/wp-content\/uploads\/2025\/04\/Acid-Blue-Screen-Printing-Plastisol-Ink-150x100.jpg 150w\" sizes=\"(max-width: 1024px) 100vw, 1024px\" \/><\/p>","protected":false},"excerpt":{"rendered":"<p>Tinta plastisol azul \u00e1cido Shaliteink para serigraf\u00eda. Descubra un mundo de colores brillantes y resultados profesionales con la tinta plastisol. Durante dos d\u00e9cadas, Shaliteink ha sido l\u00edder mundial en la fabricaci\u00f3n de tintas premium para serigraf\u00eda, ofreciendo una calidad directa de f\u00e1brica avalada por marcas de renombre internacional. Nuestra tinta plastisol azul \u00e1cido ha sido cuidadosamente dise\u00f1ada para brindar una vibrante intensidad de color para todas sus necesidades de impresi\u00f3n textil, una extraordinaria reproducci\u00f3n del color y un rendimiento fiable. Experimente la diferencia que marca la diferencia, fruto de a\u00f1os de experiencia y excelencia.<\/p>","protected":false},"featured_media":1511,"comment_status":"open","ping_status":"closed","template":"","meta":[],"product_brand":[],"product_cat":[39],"product_tag":[],"class_list":{"0":"post-1133","1":"product","2":"type-product","3":"status-publish","4":"has-post-thumbnail","6":"product_cat-plastisol-ink","8":"first","9":"instock","10":"shipping-taxable","11":"purchasable","12":"product-type-variable"},"tiered_pricing_type":"fixed","tiered_pricing_fixed_rules":[],"tiered_pricing_product_settings":{"layout":"default","base_unit_name":{"singular":null,"plural":null},"default_variation":null},"tiered_pricing_minimum_quantity":null,"tiered_pricing_roles_data":[],"tiered_pricing_percentage_rules":[],"tiered_pricing_maximum_quantity":null,"tiered_pricing_quantity_step":null,"_links":{"self":[{"href":"https:\/\/shaliteink.com\/es\/wp-json\/wp\/v2\/product\/1133","targetHints":{"allow":["GET"]}}],"collection":[{"href":"https:\/\/shaliteink.com\/es\/wp-json\/wp\/v2\/product"}],"about":[{"href":"https:\/\/shaliteink.com\/es\/wp-json\/wp\/v2\/types\/product"}],"replies":[{"embeddable":true,"href":"https:\/\/shaliteink.com\/es\/wp-json\/wp\/v2\/comments?post=1133"}],"version-history":[{"count":0,"href":"https:\/\/shaliteink.com\/es\/wp-json\/wp\/v2\/product\/1133\/revisions"}],"wp:featuredmedia":[{"embeddable":true,"href":"https:\/\/shaliteink.com\/es\/wp-json\/wp\/v2\/media\/1511"}],"wp:attachment":[{"href":"https:\/\/shaliteink.com\/es\/wp-json\/wp\/v2\/media?parent=1133"}],"wp:term":[{"taxonomy":"product_brand","embeddable":true,"href":"https:\/\/shaliteink.com\/es\/wp-json\/wp\/v2\/product_brand?post=1133"},{"taxonomy":"product_cat","embeddable":true,"href":"https:\/\/shaliteink.com\/es\/wp-json\/wp\/v2\/product_cat?post=1133"},{"taxonomy":"product_tag","embeddable":true,"href":"https:\/\/shaliteink.com\/es\/wp-json\/wp\/v2\/product_tag?post=1133"}],"curies":[{"name":"wp","href":"https:\/\/api.w.org\/{rel}","templated":true}]}}