{"id":1128,"date":"2025-04-11T07:05:50","date_gmt":"2025-04-11T07:05:50","guid":{"rendered":"https:\/\/shaliteink.com\/?post_type=product&#038;p=1128"},"modified":"2025-12-10T11:29:40","modified_gmt":"2025-12-10T11:29:40","slug":"tinta-plastisol-para-serigrafia-azul-brillante","status":"publish","type":"product","link":"https:\/\/shaliteink.com\/es\/producto\/tinta-plastisol-para-serigrafia-azul-brillante\/","title":{"rendered":"Tinta plastisol para serigraf\u00eda azul brillante"},"content":{"rendered":"<h3 class=\"ng-star-inserted\"><span class=\"ng-star-inserted\">\u00bfPor qu\u00e9 elegir la tinta plastisol azul brillante Shaliteink?<\/span><\/h3>\n<p>Nuestro <strong>tinta plastisol azul brillante<\/strong> Est\u00e1 dise\u00f1ado tanto para profesionales experimentados como para principiantes, lo que garantiza mejores resultados en cada ocasi\u00f3n. <strong><a href=\"https:\/\/shaliteink.com\/es\/categoria-producto\/tinta-plastisol\/\">tinta de serigraf\u00eda<\/a><\/strong> Forma parte de nuestra l\u00ednea principal de tintas plastisol, elaboradas con precisi\u00f3n y un profundo conocimiento de las necesidades de los serigrafistas. Experimente un nuevo nivel de eficiencia y talento con shaliteink.<\/p>\n<p><img decoding=\"async\" class=\"wp-image-3970 size-large aligncenter\" src=\"https:\/\/shaliteink.com\/wp-content\/uploads\/2025\/04\/Bright-Blue-Screen-Printing-Plastisol-Ink-1024x683.jpg\" alt=\"Tinta plastisol para serigraf\u00eda azul brillante\" width=\"1024\" height=\"683\" srcset=\"https:\/\/shaliteink.com\/wp-content\/uploads\/2025\/04\/Bright-Blue-Screen-Printing-Plastisol-Ink-1024x683.jpg 1024w, https:\/\/shaliteink.com\/wp-content\/uploads\/2025\/04\/Bright-Blue-Screen-Printing-Plastisol-Ink-300x200.jpg 300w, https:\/\/shaliteink.com\/wp-content\/uploads\/2025\/04\/Bright-Blue-Screen-Printing-Plastisol-Ink-768x512.jpg 768w, https:\/\/shaliteink.com\/wp-content\/uploads\/2025\/04\/Bright-Blue-Screen-Printing-Plastisol-Ink-1536x1024.jpg 1536w, https:\/\/shaliteink.com\/wp-content\/uploads\/2025\/04\/Bright-Blue-Screen-Printing-Plastisol-Ink-2048x1365.jpg 2048w, https:\/\/shaliteink.com\/wp-content\/uploads\/2025\/04\/Bright-Blue-Screen-Printing-Plastisol-Ink-18x12.jpg 18w, https:\/\/shaliteink.com\/wp-content\/uploads\/2025\/04\/Bright-Blue-Screen-Printing-Plastisol-Ink-1200x800.jpg 1200w, https:\/\/shaliteink.com\/wp-content\/uploads\/2025\/04\/Bright-Blue-Screen-Printing-Plastisol-Ink-150x100.jpg 150w\" sizes=\"(max-width: 1024px) 100vw, 1024px\" \/><\/p>\n<p class=\"ng-star-inserted\"><strong class=\"ng-star-inserted\"><span class=\"ng-star-inserted\">Beneficios y caracter\u00edsticas clave:<\/span><\/strong><\/p>\n<ul class=\"ng-star-inserted\">\n<li class=\"ng-star-inserted\">Colores vibrantes y llamativos: obtenga impresiones en azul brillante, realistas y llamativas que se destacan en el exterior.<\/li>\n<li class=\"ng-star-inserted\">Mayor cobertura: nuestra tinta plastisol proporciona una excelente cobertura, incluso en ropa oscura, lo que a menudo reduce la necesidad de muchas pasadas.<\/li>\n<li class=\"ng-star-inserted\">Impresiones suaves a mano: disfrute de una sensaci\u00f3n suave y tersa en su ropa estampada, aumente la comodidad de uso.<\/li>\n<li class=\"ng-star-inserted\">Es f\u00e1cil trabajar con: C\u00e1ncer, la textura de cuerpo corto de nuestra tinta plastisol para serigraf\u00eda hace que sea incre\u00edblemente f\u00e1cil mezclarla, imprimirla y limpiarla.<\/li>\n<li class=\"ng-star-inserted\">Compatibilidad universal con tejidos: ideal para diferentes tipos de prendas, especialmente algod\u00f3n 100% y diversas mezclas.<\/li>\n<li class=\"ng-star-inserted\">F\u00f3rmula sin ftalatos: comprometida con la seguridad y la responsabilidad ambiental.<\/li>\n<li class=\"ng-star-inserted\">Tratamiento personalizado: Dise\u00f1ado para un tratamiento eficiente con el m\u00ednimo consumo energ\u00e9tico.<\/li>\n<\/ul>\n<h3 class=\"ng-star-inserted\"><span class=\"ng-star-inserted\">Detalles del producto<\/span><\/h3>\n<p>Nuestra tinta plastisol para serigraf\u00eda azul brillante ofrece un acabado de alto brillo que otorga a todas sus composiciones un aspecto profesional. Su reforzamiento garantiza una impresi\u00f3n gramaje limitado y un tiempo de secado r\u00e1pido, optimizando su flujo de trabajo de producci\u00f3n. Al imprimir sobre sustratos oscuros, recomendamos una t\u00e9cnica de impresi\u00f3n-flash-impresi\u00f3n o utilizar un blanco de base para una reproducci\u00f3n \u00f3ptima del color. Para colores de impresi\u00f3n individuales, la mejor reproducci\u00f3n ser\u00e1 sobre un sustrato azul, blanco vibrante o de color claro.<\/p>\n<h3 class=\"ng-star-inserted\"><span class=\"ng-star-inserted\">Instrucciones de curado para la tinta plastisol Shaliteink<\/span><\/h3>\n<p>Obtener un tratamiento ideal es fundamental para la durabilidad de la impresi\u00f3n. Nuestra tinta plastisol azul brillante le ofrece un perfil de tratamiento personalizado para ahorrar tiempo y energ\u00eda.<\/p>\n<ul>\n<li>Temperatura de tratamiento: Nuestra tinta se trata a 160 \u00b0C (320 \u00b0F). Aseg\u00farese de que toda la capa de tinta alcance y mantenga esta temperatura para un tratamiento adecuado.<\/li>\n<li>Temperatura del flash: Flash de 120 \u00b0C a 140 \u00b0C (248 \u00b0F a 284 \u00b0F) durante aproximadamente 3-5 segundos. La duraci\u00f3n del flash puede variar seg\u00fan el equipo y la configuraci\u00f3n.<\/li>\n<\/ul>\n<p><strong class=\"ng-star-inserted\"><span class=\"ng-star-inserted\">Pautas importantes de curado:<\/span><\/strong><\/p>\n<p>Para probar el tratamiento completo, espere de 5 a 10 lavados. Si la impresi\u00f3n se deteriora solo despu\u00e9s de 1 a 3 lavados, indica un tratamiento deficiente. La prueba de estiramiento es otro m\u00e9todo r\u00e1pido: extienda la impresi\u00f3n a lo largo de aproximadamente dos tercios de la camiseta. Si las grietas de la impresi\u00f3n no se retraen, se trata de un tratamiento deficiente. Recomendamos realizar una prueba de estiramiento y una prueba de lavado a peque\u00f1a escala antes de la gran producci\u00f3n para garantizar un tratamiento y una impresi\u00f3n correctos. Aumente el tiempo de tratamiento si las pruebas fallan.<\/p>\n<p><strong class=\"ng-star-inserted\"><span class=\"ng-star-inserted\">Mezclas de poli\u00e9ster y migraci\u00f3n de tintes:<\/span><\/strong><\/p>\n<p>Nuestra tinta plastisol est\u00e1 dise\u00f1ada para reducir el sangrado en mezclas de poli\u00e9ster. Al tratarla a 160 \u00b0C, se puede reducir significativamente el riesgo de migraci\u00f3n de tinte. La mayor\u00eda de los tintes para telas de poli\u00e9ster se ajustan entre 132 \u00b0C y 139 \u00b0C (270 \u00b0F y 300 \u00b0F). Un tratamiento por debajo de este rango ayuda a que los colores recuperen su estado gaseoso y evita el sangrado de la tinta.<\/p>\n<p><strong class=\"ng-star-inserted\"><span class=\"ng-star-inserted\">Consejo profesional sobre la medici\u00f3n de temperatura:<\/span><\/strong><\/p>\n<p>Tenga en cuenta que las pistolas l\u00e1ser de temperatura proporcionan lecturas superficiales que pueden ser enga\u00f1osas. Para obtener la temperatura exacta de la capa interna de tinta, considere usar una sonda de rosquilla. La lectura de la superficie puede ser de 60 \u00b0F a 100 \u00b0F en comparaci\u00f3n con la temperatura real del n\u00facleo de la tinta, especialmente en t\u00faneles de secado peque\u00f1os. Factores como el espesor de la tinta, la temperatura inicial de la tinta y la longitud del t\u00fanel de secado influyen en todos los tiempos afectados.<\/p>\n<p><img decoding=\"async\" class=\"aligncenter wp-image-3971 size-large\" src=\"https:\/\/shaliteink.com\/wp-content\/uploads\/2025\/04\/Bright-Blue-Screen-Printing-Plastisol-Ink-1-1024x683.jpg\" alt=\"Tinta plastisol para serigraf\u00eda azul brillante\" width=\"1024\" height=\"683\" srcset=\"https:\/\/shaliteink.com\/wp-content\/uploads\/2025\/04\/Bright-Blue-Screen-Printing-Plastisol-Ink-1-1024x683.jpg 1024w, https:\/\/shaliteink.com\/wp-content\/uploads\/2025\/04\/Bright-Blue-Screen-Printing-Plastisol-Ink-1-300x200.jpg 300w, https:\/\/shaliteink.com\/wp-content\/uploads\/2025\/04\/Bright-Blue-Screen-Printing-Plastisol-Ink-1-768x512.jpg 768w, https:\/\/shaliteink.com\/wp-content\/uploads\/2025\/04\/Bright-Blue-Screen-Printing-Plastisol-Ink-1-1536x1024.jpg 1536w, https:\/\/shaliteink.com\/wp-content\/uploads\/2025\/04\/Bright-Blue-Screen-Printing-Plastisol-Ink-1-2048x1365.jpg 2048w, https:\/\/shaliteink.com\/wp-content\/uploads\/2025\/04\/Bright-Blue-Screen-Printing-Plastisol-Ink-1-18x12.jpg 18w, https:\/\/shaliteink.com\/wp-content\/uploads\/2025\/04\/Bright-Blue-Screen-Printing-Plastisol-Ink-1-1200x800.jpg 1200w, https:\/\/shaliteink.com\/wp-content\/uploads\/2025\/04\/Bright-Blue-Screen-Printing-Plastisol-Ink-1-150x100.jpg 150w\" sizes=\"(max-width: 1024px) 100vw, 1024px\" \/><\/p>\n<h3 class=\"ng-star-inserted\"><span class=\"ng-star-inserted\">Limpieza y almacenamiento<\/span><\/h3>\n<p>El mantenimiento de su equipo y la conservaci\u00f3n de su tinta es tarea f\u00e1cil con shaliteink.<\/p>\n<ul>\n<li>En la prensa: utilice un producto de limpieza de prensa de plastisol\/degradador de tinta espec\u00edfico para lograr una limpieza eficiente.<\/li>\n<li>En el fregadero: un limpiador de pantallas con plastisol o un degrad\u00e9 de tinta limpiar\u00e1 eficazmente su pantalla.<\/li>\n<\/ul>\n<p><strong class=\"ng-star-inserted\"><span class=\"ng-star-inserted\">Informaci\u00f3n de almacenamiento:<\/span><\/strong><\/p>\n<p>Guarda tu tinta shalite <strong><a href=\"https:\/\/shaliteink.com\/es\/categoria-producto\/tinta-plastisol\/\">tinta plastisol<\/a><\/strong> A temperatura ambiente, idealmente entre 18 \u00b0C y 32 \u00b0C (65 \u00b0F y 90 \u00b0F), y evitando la luz solar directa. El contacto prolongado con temperaturas superiores a 32 \u00b0C (90 \u00b0F) puede da\u00f1ar la tinta del envase, lo que podr\u00eda afectar su funci\u00f3n.<\/p>\n<h3 class=\"ng-star-inserted\"><span class=\"ng-star-inserted\">Ficha de datos de seguridad<\/span><\/h3>\n<p>Para obtener informaci\u00f3n de seguridad detallada, consulte nuestra hoja de datos de seguridad (SDS), que est\u00e1 disponible para descargar en nuestro sitio web.<\/p>","protected":false},"excerpt":{"rendered":"<p>Shaliteink Screen Printing es l\u00edder mundial en la venta minorista de Plastisol Inc., respaldada por veinte a\u00f1os de experiencia en fabricaci\u00f3n y venta directa de f\u00e1brica. Colaboramos con numerosas marcas de renombre internacional, ofreci\u00e9ndole calidad superior y un rendimiento excepcional. Nuestra tinta plastisol azul brillante para serigraf\u00eda est\u00e1 dise\u00f1ada para realzar sus proyectos de impresi\u00f3n con una vibrante intensidad y facilidad de uso.<\/p>","protected":false},"featured_media":1473,"comment_status":"open","ping_status":"closed","template":"","meta":[],"product_brand":[],"product_cat":[39],"product_tag":[],"class_list":{"0":"post-1128","1":"product","2":"type-product","3":"status-publish","4":"has-post-thumbnail","6":"product_cat-plastisol-ink","8":"first","9":"instock","10":"shipping-taxable","11":"purchasable","12":"product-type-variable"},"tiered_pricing_type":"fixed","tiered_pricing_fixed_rules":[],"tiered_pricing_product_settings":{"layout":"default","base_unit_name":{"singular":null,"plural":null},"default_variation":null},"tiered_pricing_minimum_quantity":null,"tiered_pricing_roles_data":[],"tiered_pricing_percentage_rules":[],"tiered_pricing_maximum_quantity":null,"tiered_pricing_quantity_step":null,"_links":{"self":[{"href":"https:\/\/shaliteink.com\/es\/wp-json\/wp\/v2\/product\/1128","targetHints":{"allow":["GET"]}}],"collection":[{"href":"https:\/\/shaliteink.com\/es\/wp-json\/wp\/v2\/product"}],"about":[{"href":"https:\/\/shaliteink.com\/es\/wp-json\/wp\/v2\/types\/product"}],"replies":[{"embeddable":true,"href":"https:\/\/shaliteink.com\/es\/wp-json\/wp\/v2\/comments?post=1128"}],"version-history":[{"count":0,"href":"https:\/\/shaliteink.com\/es\/wp-json\/wp\/v2\/product\/1128\/revisions"}],"wp:featuredmedia":[{"embeddable":true,"href":"https:\/\/shaliteink.com\/es\/wp-json\/wp\/v2\/media\/1473"}],"wp:attachment":[{"href":"https:\/\/shaliteink.com\/es\/wp-json\/wp\/v2\/media?parent=1128"}],"wp:term":[{"taxonomy":"product_brand","embeddable":true,"href":"https:\/\/shaliteink.com\/es\/wp-json\/wp\/v2\/product_brand?post=1128"},{"taxonomy":"product_cat","embeddable":true,"href":"https:\/\/shaliteink.com\/es\/wp-json\/wp\/v2\/product_cat?post=1128"},{"taxonomy":"product_tag","embeddable":true,"href":"https:\/\/shaliteink.com\/es\/wp-json\/wp\/v2\/product_tag?post=1128"}],"curies":[{"name":"wp","href":"https:\/\/api.w.org\/{rel}","templated":true}]}}