{"id":1119,"date":"2025-04-11T07:01:39","date_gmt":"2025-04-11T07:01:39","guid":{"rendered":"https:\/\/shaliteink.com\/?post_type=product&#038;p=1119"},"modified":"2025-12-10T11:30:47","modified_gmt":"2025-12-10T11:30:47","slug":"tinta-plastisol-para-serigrafia-azul-real","status":"publish","type":"product","link":"https:\/\/shaliteink.com\/es\/producto\/tinta-plastisol-para-serigrafia-azul-real\/","title":{"rendered":"Tinta plastisol para serigraf\u00eda azul real"},"content":{"rendered":"<h3 class=\"ng-star-inserted\"><span class=\"ng-star-inserted\">\u00bfPor qu\u00e9 elegir la tinta plastisol azul real Shaliteink?<\/span><\/h3>\n<p>Nuestro<strong> Tinta plastisol azul real<\/strong> Est\u00e1 dise\u00f1ado para satisfacer las necesidades tanto de serigrafistas profesionales como de profesionales. Ofrece un equilibrio ideal entre opacidad, manejabilidad y durabilidad, un complemento esencial para su equipo de serigraf\u00eda. Experimente las diferencias que surgen de a\u00f1os de excelencia en la fabricaci\u00f3n y un profundo conocimiento de las necesidades reales del impresor.<\/p>\n<p><img decoding=\"async\" class=\"wp-image-3967 size-large aligncenter\" src=\"https:\/\/shaliteink.com\/wp-content\/uploads\/2025\/04\/Royal-Blue-Screen-Printing-Plastisol-Ink-1024x683.jpg\" alt=\"Tinta plastisol para serigraf\u00eda azul real\" width=\"1024\" height=\"683\" srcset=\"https:\/\/shaliteink.com\/wp-content\/uploads\/2025\/04\/Royal-Blue-Screen-Printing-Plastisol-Ink-1024x683.jpg 1024w, https:\/\/shaliteink.com\/wp-content\/uploads\/2025\/04\/Royal-Blue-Screen-Printing-Plastisol-Ink-300x200.jpg 300w, https:\/\/shaliteink.com\/wp-content\/uploads\/2025\/04\/Royal-Blue-Screen-Printing-Plastisol-Ink-768x512.jpg 768w, https:\/\/shaliteink.com\/wp-content\/uploads\/2025\/04\/Royal-Blue-Screen-Printing-Plastisol-Ink-1536x1024.jpg 1536w, https:\/\/shaliteink.com\/wp-content\/uploads\/2025\/04\/Royal-Blue-Screen-Printing-Plastisol-Ink-2048x1365.jpg 2048w, https:\/\/shaliteink.com\/wp-content\/uploads\/2025\/04\/Royal-Blue-Screen-Printing-Plastisol-Ink-18x12.jpg 18w, https:\/\/shaliteink.com\/wp-content\/uploads\/2025\/04\/Royal-Blue-Screen-Printing-Plastisol-Ink-1200x800.jpg 1200w, https:\/\/shaliteink.com\/wp-content\/uploads\/2025\/04\/Royal-Blue-Screen-Printing-Plastisol-Ink-150x100.jpg 150w\" sizes=\"(max-width: 1024px) 100vw, 1024px\" \/><\/p>\n<h3 class=\"ng-star-inserted\"><span class=\"ng-star-inserted\">Beneficios y caracter\u00edsticas clave:<\/span><\/h3>\n<ul class=\"ng-star-inserted\">\n<li class=\"ng-star-inserted\">Color Azul Real Vibrante: Estampados Azul Real llamativos y de tono real que llaman la atenci\u00f3n.<strong><a href=\"https:\/\/shaliteink.com\/es\/screen-printing-ink\/\"> tinta de serigraf\u00eda<\/a><\/strong> Proporciona colores intensos y atrevidos en varios tipos de tejidos.<\/li>\n<li class=\"ng-star-inserted\">Opini\u00f3n \u00f3ptima: Nuestra <strong><a href=\"https:\/\/shaliteink.com\/es\/categoria-producto\/tinta-plastisol\/\">tinta plastisol<\/a><\/strong> Proporciona una \u00f3ptima calidad y garantiza resultados intensos en prendas de tonos oscuros. Para una mayor intensidad en sustratos muy oscuros, se recomienda una base.<\/li>\n<li class=\"ng-star-inserted\">Sensaci\u00f3n suave al tacto: a pesar de su alta ambig\u00fcedad, las impresiones realizadas con tinta plastisol Shaliteink mantienen una sensaci\u00f3n suave y viable al tacto, realzan la comodidad y el atractivo de la prenda.<\/li>\n<li class=\"ng-star-inserted\">Estabilidad f\u00e1cil de usar: dise\u00f1ada para una impresi\u00f3n sencilla, incluso fuera del cubo. Nuestra tinta plastisol para serigraf\u00eda tiene una textura cremosa y de cuerpo corto que garantiza una aplicaci\u00f3n suave y una excelente retenci\u00f3n de la expansi\u00f3n.<\/li>\n<li class=\"ng-star-inserted\">F\u00f3rmula de bajo sangrado: especialmente dise\u00f1ada para reducir la migraci\u00f3n del tinte, lo que la hace ideal para imprimir en prendas dif\u00edciles, como mezclas de poli\u00e9ster, sin comprometer el color.<\/li>\n<li class=\"ng-star-inserted\">Tinta sin grasa: Shaliteink se compromete con la seguridad y la responsabilidad ambiental. Nuestra tinta de serigraf\u00eda tiene una f\u00f3rmula sin grasa, lo que le brinda tranquilidad.<\/li>\n<li class=\"ng-star-inserted\">Curado y flasheo r\u00e1pido: El flash r\u00e1pido personaliza su flujo de trabajo de producci\u00f3n a lo largo del tiempo y un tratamiento confiable a 160 \u00b0 C.<\/li>\n<li class=\"ng-star-inserted\">Aplicaci\u00f3n vers\u00e1til: esta tinta plastisol es universalmente compatible con una amplia variedad de prendas, desde algod\u00f3n 100% hasta mezclas de algod\u00f3n\/poli\u00e9ster e incluso poli\u00e9ster, lo que la convierte en una opci\u00f3n vers\u00e1til para cualquier trabajo de serigraf\u00eda.<\/li>\n<\/ul>\n<h3 class=\"ng-star-inserted\"><span class=\"ng-star-inserted\">Instrucciones y pautas de curado:<\/span><\/h3>\n<p>Un tratamiento adecuado es fundamental para la durabilidad de la impresi\u00f3n. La tinta plastisol Shaliteink Azul Real est\u00e1 lista para brindar eficiencia y confiabilidad.<\/p>\n<ul>\n<li>Temperatura de tratamiento: Cuando toda la capa de tinta alcance los 160 \u00b0C (320 \u00b0F), se realizar\u00e1 el tratamiento completo. Es necesario asegurar que la tinta alcance su espesor m\u00e1ximo a esta temperatura, no solo en la superficie.<\/li>\n<li>Temperatura de flash: Flash a 120 \u00b0C \u2013 140 \u00b0C (248 \u00b0F \u2013 284 \u00b0F) durante 3-5 segundos. Esto permite la impresi\u00f3n multicalle y evita las manchas sin corregir completamente la capa de tinta.<br \/>\nPrueba para tratamiento completo: Recomendamos realizar tanto la \u201cprueba de estiramiento\u201d como la prueba de lavado antes de la producci\u00f3n completa.<\/li>\n<li>Pruebas de estiramiento: Extienda la prenda impresa hasta alcanzar aproximadamente dos tercios de su elasticidad. Si la tinta se agrieta y no regresa, indica un tratamiento deficiente.<\/li>\n<li>Prueba de lavado: Realice de 5 a 10 lavados para confirmar el tratamiento. Si se observan signos de deterioro despu\u00e9s de 1 a 3 lavados, la impresi\u00f3n no se ha lavado lo suficiente.<\/li>\n<li>Personalizaci\u00f3n de su secadora: Para obtener los mejores resultados, especialmente con poli\u00e9ster, mantener la temperatura de tratamiento cerca de los 160 \u00b0C recomendados ayuda a prevenir la migraci\u00f3n de tinta de las prendas de poli\u00e9ster. La tinta Plastisol Shaliteink est\u00e1 dise\u00f1ada para reducir este problema, pero es importante controlar cuidadosamente la temperatura. Recuerde que los dep\u00f3sitos de tinta densos, una temperatura inicial de tinta m\u00e1s baja y la posibilidad de usar paneles de secado independientes pueden afectar el tiempo de tratamiento. Siempre pruebe la configuraci\u00f3n.<\/li>\n<\/ul>\n<h3 class=\"ng-star-inserted\"><span class=\"ng-star-inserted\">Limpieza y almacenamiento:<\/span><\/h3>\n<p>Un mantenimiento adecuado prolonga la vida \u00fatil de su equipo y de la tinta.<\/p>\n<ul>\n<li>Limpieza de prensa: utilice un limpiador de prensa de plastisol espec\u00edfico o un degradante de tinta r\u00e1pidamente para limpiar la pantalla limpia y raspar entre trabajos.<\/li>\n<li>Limpieza de pantalla: Para una limpieza profunda en el fregadero, utilice un limpiador de pantalla plastisol de alta calidad o un limpiador de tinta para recuperar su pantalla.<\/li>\n<li>Almacenamiento: Conserve la tinta plastisol Shaliteink a temperatura ambiente, idealmente entre 18 \u00b0C y 32 \u00b0C (65 \u00b0F y 90 \u00b0F), y alejada de la luz solar directa. El tratamiento prematuro en envases expuestos a temperaturas superiores a este rango puede considerarse prematuro.<\/li>\n<\/ul>\n<h3 class=\"ng-star-inserted\"><span class=\"ng-star-inserted\">Consejos profesionales para el \u00e9xito:<\/span><\/h3>\n<ul>\n<li>Base para prendas oscuras: Al imprimir Royal Blue Plastisol Inc. sobre telas oscuras, se recomienda aplicar una base blanca para lograr resultados m\u00e1s v\u00edvidos y con colores m\u00e1s fieles.<\/li>\n<li>Uniones mec\u00e1nicas: Recuerde que la tinta plastisol crea una uni\u00f3n mec\u00e1nica con la fibra de la tela en lugar de te\u00f1irla. Por eso, un tratamiento adecuado es fundamental para una mayor durabilidad al lavado.<\/li>\n<li>Fibra natural: si bien es vers\u00e1til, la tinta de serigraf\u00eda Shaliteink a menudo brinda los mejores resultados en prendas de algod\u00f3n 100%.<\/li>\n<\/ul>\n<p>Experimente las ventajas de Shaliteink: la mejor tinta de serigraf\u00eda que ofrece resultados profesionales en todo momento. Compre hoy mismo nuestra gama de tintas plastisol y descubra por qu\u00e9 somos la opci\u00f3n preferida de impresores de todo el mundo.<\/p>\n<p><img decoding=\"async\" class=\"alignnone size-medium wp-image-3968\" src=\"https:\/\/shaliteink.com\/wp-content\/uploads\/2025\/04\/Royal-Blue-Screen-Printing-Plastisol-Ink-1-300x200.jpg\" alt=\"Tinta plastisol para serigraf\u00eda azul real\" width=\"300\" height=\"200\" srcset=\"https:\/\/shaliteink.com\/wp-content\/uploads\/2025\/04\/Royal-Blue-Screen-Printing-Plastisol-Ink-1-300x200.jpg 300w, https:\/\/shaliteink.com\/wp-content\/uploads\/2025\/04\/Royal-Blue-Screen-Printing-Plastisol-Ink-1-1024x683.jpg 1024w, https:\/\/shaliteink.com\/wp-content\/uploads\/2025\/04\/Royal-Blue-Screen-Printing-Plastisol-Ink-1-768x512.jpg 768w, https:\/\/shaliteink.com\/wp-content\/uploads\/2025\/04\/Royal-Blue-Screen-Printing-Plastisol-Ink-1-1536x1024.jpg 1536w, https:\/\/shaliteink.com\/wp-content\/uploads\/2025\/04\/Royal-Blue-Screen-Printing-Plastisol-Ink-1-2048x1365.jpg 2048w, https:\/\/shaliteink.com\/wp-content\/uploads\/2025\/04\/Royal-Blue-Screen-Printing-Plastisol-Ink-1-18x12.jpg 18w, https:\/\/shaliteink.com\/wp-content\/uploads\/2025\/04\/Royal-Blue-Screen-Printing-Plastisol-Ink-1-1200x800.jpg 1200w, https:\/\/shaliteink.com\/wp-content\/uploads\/2025\/04\/Royal-Blue-Screen-Printing-Plastisol-Ink-1-150x100.jpg 150w\" sizes=\"(max-width: 300px) 100vw, 300px\" \/><\/p>","protected":false},"excerpt":{"rendered":"<p>Ilumine sus proyectos de serigraf\u00eda con Royal Blue Screen Printing Plastisol Inc. de shaliteink. Como l\u00edder mundial en la fabricaci\u00f3n de tintas plastisol con dos d\u00e9cadas de experiencia, le ofrecemos una tinta premium dise\u00f1ada para un rendimiento excelente, resultados vibrantes y una facilidad de uso inigualable. En shaliteink, nos comprometemos a ofrecer soluciones de tintas de serigraf\u00eda de alta calidad y con el mejor prestigio de f\u00e1brica, reconocidas por numerosas marcas de renombre mundial.<\/p>","protected":false},"featured_media":1475,"comment_status":"open","ping_status":"closed","template":"","meta":[],"product_brand":[],"product_cat":[39],"product_tag":[],"class_list":{"0":"post-1119","1":"product","2":"type-product","3":"status-publish","4":"has-post-thumbnail","6":"product_cat-plastisol-ink","8":"first","9":"instock","10":"shipping-taxable","11":"purchasable","12":"product-type-variable"},"tiered_pricing_type":"fixed","tiered_pricing_fixed_rules":[],"tiered_pricing_product_settings":{"layout":"default","base_unit_name":{"singular":null,"plural":null},"default_variation":null},"tiered_pricing_minimum_quantity":null,"tiered_pricing_roles_data":[],"tiered_pricing_percentage_rules":[],"tiered_pricing_maximum_quantity":null,"tiered_pricing_quantity_step":null,"_links":{"self":[{"href":"https:\/\/shaliteink.com\/es\/wp-json\/wp\/v2\/product\/1119","targetHints":{"allow":["GET"]}}],"collection":[{"href":"https:\/\/shaliteink.com\/es\/wp-json\/wp\/v2\/product"}],"about":[{"href":"https:\/\/shaliteink.com\/es\/wp-json\/wp\/v2\/types\/product"}],"replies":[{"embeddable":true,"href":"https:\/\/shaliteink.com\/es\/wp-json\/wp\/v2\/comments?post=1119"}],"version-history":[{"count":0,"href":"https:\/\/shaliteink.com\/es\/wp-json\/wp\/v2\/product\/1119\/revisions"}],"wp:featuredmedia":[{"embeddable":true,"href":"https:\/\/shaliteink.com\/es\/wp-json\/wp\/v2\/media\/1475"}],"wp:attachment":[{"href":"https:\/\/shaliteink.com\/es\/wp-json\/wp\/v2\/media?parent=1119"}],"wp:term":[{"taxonomy":"product_brand","embeddable":true,"href":"https:\/\/shaliteink.com\/es\/wp-json\/wp\/v2\/product_brand?post=1119"},{"taxonomy":"product_cat","embeddable":true,"href":"https:\/\/shaliteink.com\/es\/wp-json\/wp\/v2\/product_cat?post=1119"},{"taxonomy":"product_tag","embeddable":true,"href":"https:\/\/shaliteink.com\/es\/wp-json\/wp\/v2\/product_tag?post=1119"}],"curies":[{"name":"wp","href":"https:\/\/api.w.org\/{rel}","templated":true}]}}