{"id":1114,"date":"2025-04-11T06:41:46","date_gmt":"2025-04-11T06:41:46","guid":{"rendered":"https:\/\/shaliteink.com\/?post_type=product&#038;p=1114"},"modified":"2025-12-10T11:31:59","modified_gmt":"2025-12-10T11:31:59","slug":"tinta-plastisol-para-serigrafia-azul-marino","status":"publish","type":"product","link":"https:\/\/shaliteink.com\/es\/producto\/tinta-plastisol-para-serigrafia-azul-marino\/","title":{"rendered":"Tinta plastisol para serigraf\u00eda azul marino"},"content":{"rendered":"<p class=\"ng-star-inserted\"><strong class=\"ng-star-inserted\"><span class=\"ng-star-inserted\">Tinta plastisol para serigraf\u00eda azul marino Shaliteink: consiga resultados profesionales f\u00e1cilmente<\/span><\/strong><\/p>\n<p>\u00bfEst\u00e1 buscando un servicio confiable y de alta calidad? <strong><a href=\"https:\/\/shaliteink.com\/es\/categoria-producto\/tinta-plastisol\/\">tinta plastisol<\/a><\/strong> \u00bfQue ofrece resultados profesionales, vibrantes y consistentes? La serigraf\u00eda azul marino de Shaliteink no va m\u00e1s all\u00e1 de la tinta plastisol. Con dos d\u00e9cadas de experiencia en fabricaci\u00f3n y precios directos de f\u00e1brica, Shaliteink es l\u00edder mundial en <strong><a href=\"https:\/\/shaliteink.com\/es\/screen-printing-ink\/\">tinta de serigraf\u00eda<\/a><\/strong> Venta minorista, de confianza gracias a numerosas marcas de renombre mundial. Nuestro compromiso con la calidad y la innovaci\u00f3n garantiza que nuestra tinta satisfaga las exigentes exigencias tanto de profesionales experimentados como de principiantes ambiciosos.<\/p>\n<p><img decoding=\"async\" class=\"wp-image-3964 size-large aligncenter\" src=\"https:\/\/shaliteink.com\/wp-content\/uploads\/2025\/04\/Navy-Blue-Screen-Printing-Plastisol-Ink-1024x683.jpg\" alt=\"Tinta plastisol para serigraf\u00eda azul marino\" width=\"1024\" height=\"683\" srcset=\"https:\/\/shaliteink.com\/wp-content\/uploads\/2025\/04\/Navy-Blue-Screen-Printing-Plastisol-Ink-1024x683.jpg 1024w, https:\/\/shaliteink.com\/wp-content\/uploads\/2025\/04\/Navy-Blue-Screen-Printing-Plastisol-Ink-300x200.jpg 300w, https:\/\/shaliteink.com\/wp-content\/uploads\/2025\/04\/Navy-Blue-Screen-Printing-Plastisol-Ink-768x512.jpg 768w, https:\/\/shaliteink.com\/wp-content\/uploads\/2025\/04\/Navy-Blue-Screen-Printing-Plastisol-Ink-1536x1024.jpg 1536w, https:\/\/shaliteink.com\/wp-content\/uploads\/2025\/04\/Navy-Blue-Screen-Printing-Plastisol-Ink-2048x1365.jpg 2048w, https:\/\/shaliteink.com\/wp-content\/uploads\/2025\/04\/Navy-Blue-Screen-Printing-Plastisol-Ink-18x12.jpg 18w, https:\/\/shaliteink.com\/wp-content\/uploads\/2025\/04\/Navy-Blue-Screen-Printing-Plastisol-Ink-1200x800.jpg 1200w, https:\/\/shaliteink.com\/wp-content\/uploads\/2025\/04\/Navy-Blue-Screen-Printing-Plastisol-Ink-150x100.jpg 150w\" sizes=\"(max-width: 1024px) 100vw, 1024px\" \/><\/p>\n<p class=\"ng-star-inserted\"><strong class=\"ng-star-inserted\"><span class=\"ng-star-inserted\">Beneficios clave de <\/span><\/strong><strong><span class=\"ng-star-inserted\"><a href=\"https:\/\/shaliteink.com\/es\/\">Shaliteink<\/a><\/span><\/strong><strong class=\"ng-star-inserted\"><span class=\"ng-star-inserted\"> Tinta plastisol azul marino:<\/span><\/strong><\/p>\n<ul class=\"ng-star-inserted\">\n<li class=\"ng-star-inserted\">Cobertura vibrante y opaca: Incluso en prendas oscuras, consigue un estampado azul marino llamativo y v\u00edvido con una excelente calidad \u00f3ptima.<\/li>\n<li class=\"ng-star-inserted\">Impresiones suaves: disfrute de una sensaci\u00f3n s\u00faper suave en su ropa preparada, aumente la comodidad de uso.<\/li>\n<li class=\"ng-star-inserted\">Compatibilidad universal con telas: lo suficientemente vers\u00e1til para una variedad de prendas, incluidos algod\u00f3n, poli\u00e9ster y m\u00e1s.<\/li>\n<li class=\"ng-star-inserted\">Bajo sangrado para mezclas de poli\u00e9ster: especialmente dise\u00f1ado para reducir la migraci\u00f3n del tinte al trabajar con prendas con cabezal de poli\u00e9ster y poli\u00e9ster.<\/li>\n<li class=\"ng-star-inserted\">F\u00f3rmula sin ftalatos: una opci\u00f3n segura tanto para los impresores como para los usuarios, que cumple con los est\u00e1ndares modernos de la industria.<\/li>\n<li class=\"ng-star-inserted\">Es f\u00e1cil de trabajar: la estabilidad cremosa y los cuerpos peque\u00f1os hacen que la impresi\u00f3n sea suave, lo que reduce la fatiga y mejora la eficiencia.<\/li>\n<li class=\"ng-star-inserted\">Tratamiento r\u00e1pido a bajas temperaturas: Nuestra tinta plastisol se cura eficientemente a 160\u00b0C (320\u00b0F), lo que ahorra energ\u00eda y aumenta la producci\u00f3n.<\/li>\n<li class=\"ng-star-inserted\">Rendimiento \u00f3ptimo del flash: el flash se seca r\u00e1pidamente de 120 \u00b0C a 140 \u00b0C (248 \u00b0F a 284 \u00b0F), lo que permite t\u00e9cnicas eficientes de impresi\u00f3n-flash-impresi\u00f3n.<\/li>\n<li class=\"ng-star-inserted\">Semibrillante finland\u00e9s: proporciona un brillo sutil y atractivo que realza el atractivo visual de sus dise\u00f1os.<\/li>\n<\/ul>\n<p class=\"ng-star-inserted\"><strong class=\"ng-star-inserted\"><span class=\"ng-star-inserted\">Curado optimizado para un rendimiento m\u00e1ximo<\/span><\/strong><\/p>\n<p>La tinta plastisol azul marino de Shaliteink est\u00e1 dise\u00f1ada para un tratamiento eficiente y confiable. Recomendamos el tratamiento a 160 \u00b0C (320 \u00b0F). Para el secado instant\u00e1neo, la temperatura ideal es de 120 \u00b0C a 140 \u00b0C (248 \u00b0F a 284 \u00b0F) durante 3-5 segundos. Obtener la temperatura de tratamiento adecuada en toda la capa de tinta es fundamental para la durabilidad de la impresi\u00f3n. Si bien las pistolas l\u00e1ser de temperatura proporcionan lecturas superficiales, es fundamental asegurar que el n\u00facleo de la capa de tinta alcance la temperatura deseada. Recomendamos realizar pruebas de elasticidad y lavado antes de finalizar la producci\u00f3n para confirmar un tratamiento \u00f3ptimo. Una impresi\u00f3n correctamente corregida resistir\u00e1 varios lavados sin agrietarse ni decolorarse. Para obtener los mejores resultados, especialmente en ropa oscura, considere usar tinta plastisol blanca de alta opacidad, como la tinta base blanca, para una m\u00e1xima intensidad.<\/p>\n<p class=\"ng-star-inserted\"><strong class=\"ng-star-inserted\"><span class=\"ng-star-inserted\">La ciencia detr\u00e1s del curado a baja temperatura<\/span><\/strong><\/p>\n<p>Una de las ventajas importantes de la tinta plastisol de shaliteink es su baja temperatura de tratamiento. El tratamiento a 160 \u00b0C ayuda a prevenir problemas generales como quemaduras y encogimiento, especialmente beneficioso al trabajar con prendas sensibles al calor. Adem\u00e1s, esta baja temperatura reduce el riesgo de migraci\u00f3n de tintes en mezclas de poli\u00e9ster. Los tintes de poli\u00e9ster suelen reaccionar y convertirse en gaseosos a una temperatura de entre 130 y 149 \u00b0C. Al fijar nuestra tinta por debajo de este l\u00edmite, puede garantizar impresiones en vivo sin deste\u00f1idos indeseados de los colores de la prenda. Esto no solo mejora la calidad de la impresi\u00f3n, sino que tambi\u00e9n contribuye a reducir los costos de energ\u00eda y agiliza los tiempos de producci\u00f3n en sus operaciones de serigraf\u00eda.<\/p>\n<p class=\"ng-star-inserted\"><strong class=\"ng-star-inserted\"><span class=\"ng-star-inserted\">Limpieza y almacenamiento sin esfuerzo<\/span><\/strong><\/p>\n<p>Mantener su equipo y prolongar la vida \u00fatil de la tinta es sencillo con shaliteink. Para la limpieza en la prensa, utilice un limpiador de prensa espec\u00edfico para tinta plastisol o un degradante de tinta. Para limpiar la pantalla en el fregadero, un limpiador de pantalla de calidad para tinta plastisol eliminar\u00e1 eficazmente los residuos de tinta. Guarde la tinta plastisol shaliteink a temperatura ambiente, idealmente entre 18 \u00b0C y 32 \u00b0C (65 \u00b0F y 90 \u00b0F), y evite la luz solar directa. La tinta puede comenzar a tratarse en el envase si entra en contacto prolongado con temperaturas superiores a 32 \u00b0C (90 \u00b0F).<\/p>\n<p class=\"ng-star-inserted\"><strong class=\"ng-star-inserted\"><span class=\"ng-star-inserted\">Shaliteink: Su socio en excelencia en serigraf\u00eda<\/span><\/strong><\/p>\n<p>Durante dos d\u00e9cadas, la serigraf\u00eda Shaliteink ha sido sin\u00f3nimo de calidad y fiabilidad en la industria. Nuestro Navy simboliza nuestro compromiso de ofrecer tinta plastisol azul de primera calidad que le permitir\u00e1 crear impresiones incre\u00edbles y duraderas. Tanto si se encuentra abasteciendo para una producci\u00f3n apretada como si est\u00e1 iniciando un nuevo proyecto creativo, elija Shaliteink por su inigualable combinaci\u00f3n de rendimiento, precio y facilidad de uso. \u00a1Explore hoy mismo nuestra gama completa de tintas y suministros para serigraf\u00eda!<\/p>\n<p><img decoding=\"async\" class=\"wp-image-3965 size-large aligncenter\" src=\"https:\/\/shaliteink.com\/wp-content\/uploads\/2025\/04\/Navy-Blue-Screen-Printing-Plastisol-Ink-1-1024x683.jpg\" alt=\"Tinta plastisol para serigraf\u00eda azul marino\" width=\"1024\" height=\"683\" srcset=\"https:\/\/shaliteink.com\/wp-content\/uploads\/2025\/04\/Navy-Blue-Screen-Printing-Plastisol-Ink-1-1024x683.jpg 1024w, https:\/\/shaliteink.com\/wp-content\/uploads\/2025\/04\/Navy-Blue-Screen-Printing-Plastisol-Ink-1-300x200.jpg 300w, https:\/\/shaliteink.com\/wp-content\/uploads\/2025\/04\/Navy-Blue-Screen-Printing-Plastisol-Ink-1-768x512.jpg 768w, https:\/\/shaliteink.com\/wp-content\/uploads\/2025\/04\/Navy-Blue-Screen-Printing-Plastisol-Ink-1-1536x1024.jpg 1536w, https:\/\/shaliteink.com\/wp-content\/uploads\/2025\/04\/Navy-Blue-Screen-Printing-Plastisol-Ink-1-2048x1365.jpg 2048w, https:\/\/shaliteink.com\/wp-content\/uploads\/2025\/04\/Navy-Blue-Screen-Printing-Plastisol-Ink-1-18x12.jpg 18w, https:\/\/shaliteink.com\/wp-content\/uploads\/2025\/04\/Navy-Blue-Screen-Printing-Plastisol-Ink-1-1200x800.jpg 1200w, https:\/\/shaliteink.com\/wp-content\/uploads\/2025\/04\/Navy-Blue-Screen-Printing-Plastisol-Ink-1-150x100.jpg 150w\" sizes=\"(max-width: 1024px) 100vw, 1024px\" \/><\/p>","protected":false},"excerpt":{"rendered":"<p>Nuestra tinta plastisol azul marino est\u00e1 dise\u00f1ada para brindar una experiencia de serigraf\u00eda extraordinaria. Dise\u00f1ada por expertos para expertos, presenta un tono azul marino intenso y profundo que proporciona una opacidad y cobertura excepcionales, lo que la hace ideal para una amplia gama de aplicaciones. Ya sea que trabaje con prendas claras u oscuras, esta tinta proporciona un acabado opaco y audaz que realmente destaca. La cremosidad de la tinta plastisol de la tinta shaliteink, su textura de cuerpo corto, facilita su trabajo, la impresi\u00f3n es suave y espont\u00e1nea, y su excelente expansi\u00f3n permite la reproducci\u00f3n.<\/p>","protected":false},"featured_media":1437,"comment_status":"open","ping_status":"closed","template":"","meta":[],"product_brand":[],"product_cat":[39],"product_tag":[],"class_list":{"0":"post-1114","1":"product","2":"type-product","3":"status-publish","4":"has-post-thumbnail","6":"product_cat-plastisol-ink","8":"first","9":"instock","10":"shipping-taxable","11":"purchasable","12":"product-type-variable"},"tiered_pricing_type":"fixed","tiered_pricing_fixed_rules":[],"tiered_pricing_product_settings":{"layout":"default","base_unit_name":{"singular":null,"plural":null},"default_variation":null},"tiered_pricing_minimum_quantity":null,"tiered_pricing_roles_data":[],"tiered_pricing_percentage_rules":[],"tiered_pricing_maximum_quantity":null,"tiered_pricing_quantity_step":null,"_links":{"self":[{"href":"https:\/\/shaliteink.com\/es\/wp-json\/wp\/v2\/product\/1114","targetHints":{"allow":["GET"]}}],"collection":[{"href":"https:\/\/shaliteink.com\/es\/wp-json\/wp\/v2\/product"}],"about":[{"href":"https:\/\/shaliteink.com\/es\/wp-json\/wp\/v2\/types\/product"}],"replies":[{"embeddable":true,"href":"https:\/\/shaliteink.com\/es\/wp-json\/wp\/v2\/comments?post=1114"}],"version-history":[{"count":0,"href":"https:\/\/shaliteink.com\/es\/wp-json\/wp\/v2\/product\/1114\/revisions"}],"wp:featuredmedia":[{"embeddable":true,"href":"https:\/\/shaliteink.com\/es\/wp-json\/wp\/v2\/media\/1437"}],"wp:attachment":[{"href":"https:\/\/shaliteink.com\/es\/wp-json\/wp\/v2\/media?parent=1114"}],"wp:term":[{"taxonomy":"product_brand","embeddable":true,"href":"https:\/\/shaliteink.com\/es\/wp-json\/wp\/v2\/product_brand?post=1114"},{"taxonomy":"product_cat","embeddable":true,"href":"https:\/\/shaliteink.com\/es\/wp-json\/wp\/v2\/product_cat?post=1114"},{"taxonomy":"product_tag","embeddable":true,"href":"https:\/\/shaliteink.com\/es\/wp-json\/wp\/v2\/product_tag?post=1114"}],"curies":[{"name":"wp","href":"https:\/\/api.w.org\/{rel}","templated":true}]}}