{"id":1109,"date":"2025-04-11T06:18:04","date_gmt":"2025-04-11T06:18:04","guid":{"rendered":"https:\/\/shaliteink.com\/?post_type=product&#038;p=1109"},"modified":"2025-12-10T11:32:03","modified_gmt":"2025-12-10T11:32:03","slug":"tinta-plastisol-para-serigrafia-azul-intenso","status":"publish","type":"product","link":"https:\/\/shaliteink.com\/es\/producto\/tinta-plastisol-para-serigrafia-azul-intenso\/","title":{"rendered":"Tinta plastisol para serigraf\u00eda azul profundo"},"content":{"rendered":"<p class=\"ng-star-inserted\"><strong class=\"ng-star-inserted\"><span class=\"ng-star-inserted\">Beneficios y caracter\u00edsticas clave:<\/span><\/strong><\/p>\n<ul class=\"ng-star-inserted\">\n<li class=\"ng-star-inserted\">CURADO \u00d3PTIMO: Consiga impresiones perfectas con un curado uniforme a 160 \u00b0C (320 \u00b0F). Nuestra f\u00f3rmula de precisi\u00f3n... <strong><a href=\"https:\/\/shaliteink.com\/es\/categoria-producto\/tinta-plastisol\/\">tinta plastisol<\/a> <\/strong>garantiza una polimerizaci\u00f3n completa, asegurando la m\u00e1xima lavabilidad y durabilidad.<\/li>\n<li>Sensaci\u00f3n suave al tacto: a pesar de su alta opacidad, Shaliteink <strong>Tinta de serigraf\u00eda azul profundo<\/strong> Proporciona una sensaci\u00f3n incre\u00edblemente suave al tacto, haciendo que sus telas sean c\u00f3modas y deseables.<\/li>\n<li>Compatibilidad universal con telas: Dise\u00f1ado para un rendimiento excepcional en una amplia variedad de telas, desde algod\u00f3n 100% hasta diversas mezclas de poli\u00e9ster. Esta versatilidad lo convierte en la opci\u00f3n preferida para cualquier proyecto.<\/li>\n<li>Excelentes propiedades de bajo sangrado: Gracias a su f\u00f3rmula avanzada, reduce la migraci\u00f3n de tinta en telas de poli\u00e9ster y mezclas de poli\u00e9ster. Esto garantiza que sus impresiones en azul oscuro se mantengan n\u00edtidas y sin decoloraciones indeseadas.<\/li>\n<li>F\u00f3rmula sin ftalatos: Comprometidos con la seguridad y la responsabilidad ambiental, <strong><a href=\"https:\/\/shaliteink.com\/es\/\">Shaliteink<\/a><\/strong> La tinta plastisol no contiene ftalatos, lo que proporciona tranquilidad tanto a los impresores como a los usuarios finales.<\/li>\n<li>Cobertura altamente opaca: logre impresiones en azul profundo, brillantes y v\u00edvidas, tanto en telas claras como oscuras con una opacidad excepcional, que a menudo requiere menos pasadas.<\/li>\n<li>Consistencia f\u00e1cil de usar: Nuestras tintas plastisol tienen una textura cremosa de grano fino que es f\u00e1cil de trabajar, lo que permite una impresi\u00f3n suave e intuitiva y una excelente reproducci\u00f3n de detalles.<\/li>\n<li>Acabado semibrillante: proporciona un acabado semibrillante profesional que mejora el atractivo visual de sus dise\u00f1os, d\u00e1ndoles un aspecto pulido y de alta gama.<\/li>\n<li>Flash r\u00e1pido y producci\u00f3n eficiente: con un rango de temperatura de flash de 120 \u00b0C a 140 \u00b0C (248 \u00b0F a 284 \u00b0F), la tinta plastisol Shaliteink Deep Blue facilita ciclos de producci\u00f3n r\u00e1pidos, lo que aumenta la eficiencia de su taller y reduce los costos de energ\u00eda.<\/li>\n<\/ul>\n<p><img decoding=\"async\" class=\"wp-image-3961 size-large aligncenter\" src=\"https:\/\/shaliteink.com\/wp-content\/uploads\/2025\/04\/Deep-Blue-Screen-Printing-Plastisol-Ink-1024x683.jpg\" alt=\"Tinta plastisol para serigraf\u00eda azul profundo\" width=\"1024\" height=\"683\" srcset=\"https:\/\/shaliteink.com\/wp-content\/uploads\/2025\/04\/Deep-Blue-Screen-Printing-Plastisol-Ink-1024x683.jpg 1024w, https:\/\/shaliteink.com\/wp-content\/uploads\/2025\/04\/Deep-Blue-Screen-Printing-Plastisol-Ink-300x200.jpg 300w, https:\/\/shaliteink.com\/wp-content\/uploads\/2025\/04\/Deep-Blue-Screen-Printing-Plastisol-Ink-768x512.jpg 768w, https:\/\/shaliteink.com\/wp-content\/uploads\/2025\/04\/Deep-Blue-Screen-Printing-Plastisol-Ink-1536x1024.jpg 1536w, https:\/\/shaliteink.com\/wp-content\/uploads\/2025\/04\/Deep-Blue-Screen-Printing-Plastisol-Ink-2048x1365.jpg 2048w, https:\/\/shaliteink.com\/wp-content\/uploads\/2025\/04\/Deep-Blue-Screen-Printing-Plastisol-Ink-18x12.jpg 18w, https:\/\/shaliteink.com\/wp-content\/uploads\/2025\/04\/Deep-Blue-Screen-Printing-Plastisol-Ink-1200x800.jpg 1200w, https:\/\/shaliteink.com\/wp-content\/uploads\/2025\/04\/Deep-Blue-Screen-Printing-Plastisol-Ink-150x100.jpg 150w\" sizes=\"(max-width: 1024px) 100vw, 1024px\" \/><\/p>\n<p class=\"ng-star-inserted\"><strong class=\"ng-star-inserted\"><span class=\"ng-star-inserted\">Instrucciones de curado para la tinta plastisol azul oscuro Shaliteink:<\/span><\/strong><\/p>\n<p>Para obtener mejores resultados, cure la tinta plastisol Shaliteink Deep Blue a 160 \u00b0C (320 \u00b0F). La tinta estar\u00e1 completamente curada cuando toda la capa alcance los 160 \u00b0C. Recomendamos usar una sonda de d\u00f3nut o una pistola de temperatura especial para medir con precisi\u00f3n la temperatura interna de la tinta. Las lecturas de la temperatura superficial de las pistolas l\u00e1ser pueden ser enga\u00f1osas. Caliente la impresi\u00f3n entre 120 \u00b0C y 140 \u00b0C (248 \u00b0F y 284 \u00b0F) durante 3-5 segundos.<\/p>\n<p><strong class=\"ng-star-inserted\"><span class=\"ng-star-inserted\">Poniendo a prueba tu cura:<\/span><\/strong><\/p>\n<p>Para asegurar un curado adecuado, realice una prueba de estiramiento despu\u00e9s de que la impresi\u00f3n se haya enfriado. Estire el \u00e1rea impresa hasta aproximadamente dos tercios de la elasticidad normal de la prenda. Si la tinta se corre y no se retrae, indica un curado insuficiente. Para una prueba espec\u00edfica, realice una prueba de lavado; las impresiones completamente curadas resistir\u00e1n de 5 a 10 lavados sin deteriorarse. Siempre realice peque\u00f1as pruebas de impresi\u00f3n antes de la producci\u00f3n completa para ajustar la configuraci\u00f3n.<\/p>\n<p><strong class=\"ng-star-inserted\"><span class=\"ng-star-inserted\">Mezclas de poli\u00e9ster y migraci\u00f3n de tintes:<\/span><\/strong><\/p>\n<p>Nuestra f\u00f3rmula de bajo sangrado es excelente para mezclas de poli\u00e9ster. Al tratarla a 160 \u00b0C, se mantiene por debajo de la temperatura de sublimaci\u00f3n t\u00edpica de la mayor\u00eda de las telas de poli\u00e9ster (270-300 \u00b0F), lo que previene eficazmente la migraci\u00f3n del tinte y garantiza que su color azul intenso se mantenga intacto.<\/p>\n<p class=\"ng-star-inserted\"><strong class=\"ng-star-inserted\"><span class=\"ng-star-inserted\">Limpieza y almacenamiento:<\/span><\/strong><\/p>\n<ul class=\"ng-star-inserted\">\n<li class=\"ng-star-inserted\">En prensa: utilice un limpiador de prensa Plastisol espec\u00edfico o un degradante de tinta para una limpieza r\u00e1pida y sencilla durante la producci\u00f3n.<\/li>\n<li class=\"ng-star-inserted\">En el fregadero: para reacondicionar la pantalla, utilice Plastisol Screen Wash o degradante de tinta para eliminar eficazmente los residuos de tinta.<\/li>\n<li class=\"ng-star-inserted\">Almacenamiento: Conserve la tinta plastisol Shalitetink en un lugar fresco y seco, entre 18 \u00b0C y 32 \u00b0C (65 \u00b0F y 90 \u00b0F), alejada de la luz solar directa. La exposici\u00f3n prolongada a temperaturas superiores a 32 \u00b0C (90 \u00b0F) puede provocar que la tinta se solidifique en el envase.<\/li>\n<\/ul>\n<p class=\"ng-star-inserted\"><strong class=\"ng-star-inserted\"><span class=\"ng-star-inserted\">Consejos profesionales de Shaliteink:<\/span><\/strong><\/p>\n<p>La tinta plastisol forma una uni\u00f3n mec\u00e1nica con las fibras de la tela en lugar de te\u00f1irlas. Para obtener mejores resultados, especialmente en telas oscuras, considere usar una base blanca para maximizar la intensidad del azul oscuro. Aseg\u00farese siempre de que las pantallas est\u00e9n correctamente tensadas y utilice la densidad de malla adecuada para una \u00f3ptima deposici\u00f3n de la tinta.<\/p>\n<p><img decoding=\"async\" class=\"wp-image-3962 size-large aligncenter\" src=\"https:\/\/shaliteink.com\/wp-content\/uploads\/2025\/04\/Deep-Blue-Screen-Printing-Plastisol-Ink-1-1024x683.jpg\" alt=\"Tinta plastisol para serigraf\u00eda azul profundo\" width=\"1024\" height=\"683\" srcset=\"https:\/\/shaliteink.com\/wp-content\/uploads\/2025\/04\/Deep-Blue-Screen-Printing-Plastisol-Ink-1-1024x683.jpg 1024w, https:\/\/shaliteink.com\/wp-content\/uploads\/2025\/04\/Deep-Blue-Screen-Printing-Plastisol-Ink-1-300x200.jpg 300w, https:\/\/shaliteink.com\/wp-content\/uploads\/2025\/04\/Deep-Blue-Screen-Printing-Plastisol-Ink-1-768x512.jpg 768w, https:\/\/shaliteink.com\/wp-content\/uploads\/2025\/04\/Deep-Blue-Screen-Printing-Plastisol-Ink-1-1536x1024.jpg 1536w, https:\/\/shaliteink.com\/wp-content\/uploads\/2025\/04\/Deep-Blue-Screen-Printing-Plastisol-Ink-1-2048x1365.jpg 2048w, https:\/\/shaliteink.com\/wp-content\/uploads\/2025\/04\/Deep-Blue-Screen-Printing-Plastisol-Ink-1-18x12.jpg 18w, https:\/\/shaliteink.com\/wp-content\/uploads\/2025\/04\/Deep-Blue-Screen-Printing-Plastisol-Ink-1-1200x800.jpg 1200w, https:\/\/shaliteink.com\/wp-content\/uploads\/2025\/04\/Deep-Blue-Screen-Printing-Plastisol-Ink-1-150x100.jpg 150w\" sizes=\"(max-width: 1024px) 100vw, 1024px\" \/><\/p>","protected":false},"excerpt":{"rendered":"<p>Experimente el siguiente nivel de serigraf\u00eda con la tinta plastisol para serigraf\u00eda Shaliteink Deep Blue. Como l\u00edder mundial con m\u00e1s de dos d\u00e9cadas de experiencia en fabricaci\u00f3n y operaciones directas de f\u00e1brica, Shaliteink le ofrece tintas plastisol premium cuidadosamente dise\u00f1adas para un rendimiento superior y resultados impresionantes. Entendemos las exigencias de la serigraf\u00eda moderna, por eso nuestra tinta plastisol Deep Blue est\u00e1 dise\u00f1ada para ofrecer impresiones consistentes y de alta calidad, lo que la convierte en la opci\u00f3n ideal tanto para profesionales experimentados como para artistas en ciernes.<\/p>\n<p>Nuestra tinta plastisol azul intenso para serigraf\u00eda no es solo una tinta; es un testimonio de nuestro compromiso con la excelencia y la innovaci\u00f3n. Hemos colaborado estrechamente con numerosas marcas de renombre mundial, perfeccionando sus f\u00f3rmulas para garantizar que cada envase de Shaliteink ofrezca una intensidad y durabilidad inigualables. Este intenso tono azul intenso es perfecto para destacar y a\u00f1adir un toque de sofisticaci\u00f3n a sus dise\u00f1os. Ya sea que imprima sobre algod\u00f3n, mezclas de poli\u00e9ster u otras telas, la tinta plastisol Shaliteink Azul Intenso garantiza un color brillante y duradero que resiste el paso del tiempo y los lavados.<\/p>","protected":false},"featured_media":1469,"comment_status":"open","ping_status":"closed","template":"","meta":[],"product_brand":[],"product_cat":[39],"product_tag":[],"class_list":{"0":"post-1109","1":"product","2":"type-product","3":"status-publish","4":"has-post-thumbnail","6":"product_cat-plastisol-ink","8":"first","9":"instock","10":"shipping-taxable","11":"purchasable","12":"product-type-variable"},"tiered_pricing_type":"fixed","tiered_pricing_fixed_rules":[],"tiered_pricing_product_settings":{"layout":"default","base_unit_name":{"singular":null,"plural":null},"default_variation":null},"tiered_pricing_minimum_quantity":null,"tiered_pricing_roles_data":[],"tiered_pricing_percentage_rules":[],"tiered_pricing_maximum_quantity":null,"tiered_pricing_quantity_step":null,"_links":{"self":[{"href":"https:\/\/shaliteink.com\/es\/wp-json\/wp\/v2\/product\/1109","targetHints":{"allow":["GET"]}}],"collection":[{"href":"https:\/\/shaliteink.com\/es\/wp-json\/wp\/v2\/product"}],"about":[{"href":"https:\/\/shaliteink.com\/es\/wp-json\/wp\/v2\/types\/product"}],"replies":[{"embeddable":true,"href":"https:\/\/shaliteink.com\/es\/wp-json\/wp\/v2\/comments?post=1109"}],"version-history":[{"count":0,"href":"https:\/\/shaliteink.com\/es\/wp-json\/wp\/v2\/product\/1109\/revisions"}],"wp:featuredmedia":[{"embeddable":true,"href":"https:\/\/shaliteink.com\/es\/wp-json\/wp\/v2\/media\/1469"}],"wp:attachment":[{"href":"https:\/\/shaliteink.com\/es\/wp-json\/wp\/v2\/media?parent=1109"}],"wp:term":[{"taxonomy":"product_brand","embeddable":true,"href":"https:\/\/shaliteink.com\/es\/wp-json\/wp\/v2\/product_brand?post=1109"},{"taxonomy":"product_cat","embeddable":true,"href":"https:\/\/shaliteink.com\/es\/wp-json\/wp\/v2\/product_cat?post=1109"},{"taxonomy":"product_tag","embeddable":true,"href":"https:\/\/shaliteink.com\/es\/wp-json\/wp\/v2\/product_tag?post=1109"}],"curies":[{"name":"wp","href":"https:\/\/api.w.org\/{rel}","templated":true}]}}