{"id":1103,"date":"2025-04-11T05:56:47","date_gmt":"2025-04-11T05:56:47","guid":{"rendered":"https:\/\/shaliteink.com\/?post_type=product&#038;p=1103"},"modified":"2025-12-10T11:24:40","modified_gmt":"2025-12-10T11:24:40","slug":"tinta-plastisol-para-serigrafia-azul","status":"publish","type":"product","link":"https:\/\/shaliteink.com\/es\/producto\/tinta-plastisol-para-serigrafia-azul\/","title":{"rendered":"Tinta plastisol para serigraf\u00eda azul"},"content":{"rendered":"<p><strong><a href=\"https:\/\/shaliteink.com\/es\/\">Shaliteink<\/a><\/strong> La impresi\u00f3n con pantalla azul eleva tus impresiones textiles con tinta plastisol, dise\u00f1ada para obtener resultados extraordinarios y f\u00e1cil de usar, siendo una soluci\u00f3n premium. Con dos d\u00e9cadas de experiencia en fabricaci\u00f3n, Shaliteink ofrece una tinta plastisol personalizada que satisface las necesidades tanto de profesionales experimentados como de artistas emergentes. Nuestra s\u00f3lida colaboraci\u00f3n con marcas de renombre mundial subraya nuestro compromiso con la calidad y la innovaci\u00f3n en la industria de las tintas para serigraf\u00eda. Esta vibrante tinta plastisol es una soluci\u00f3n excepcional.<strong> tinta plastisol azul <\/strong>Est\u00e1 especialmente dise\u00f1ado para una amplia gama de prendas, ofreciendo un rendimiento excelente y un acabado que realmente destaca. Experimente la combinaci\u00f3n perfecta de alta resistencia, un tacto suave y lujoso, y unas caracter\u00edsticas de tratamiento fiables que optimizar\u00e1n su producci\u00f3n y cautivar\u00e1n a sus clientes.<\/p>\n<p><img decoding=\"async\" class=\"aligncenter wp-image-3843 size-full\" src=\"https:\/\/shaliteink.com\/wp-content\/uploads\/2025\/04\/Blue-Screen-Printing-Plastisol-Ink.png\" alt=\"Tinta plastisol para serigraf\u00eda azul\" width=\"1190\" height=\"1024\" srcset=\"https:\/\/shaliteink.com\/wp-content\/uploads\/2025\/04\/Blue-Screen-Printing-Plastisol-Ink.png 1190w, https:\/\/shaliteink.com\/wp-content\/uploads\/2025\/04\/Blue-Screen-Printing-Plastisol-Ink-300x258.png 300w, https:\/\/shaliteink.com\/wp-content\/uploads\/2025\/04\/Blue-Screen-Printing-Plastisol-Ink-1024x881.png 1024w, https:\/\/shaliteink.com\/wp-content\/uploads\/2025\/04\/Blue-Screen-Printing-Plastisol-Ink-768x661.png 768w, https:\/\/shaliteink.com\/wp-content\/uploads\/2025\/04\/Blue-Screen-Printing-Plastisol-Ink-14x12.png 14w, https:\/\/shaliteink.com\/wp-content\/uploads\/2025\/04\/Blue-Screen-Printing-Plastisol-Ink-150x129.png 150w\" sizes=\"(max-width: 1190px) 100vw, 1190px\" \/><\/p>\n<h3 class=\"ng-star-inserted\"><span class=\"ng-star-inserted\">Caracter\u00edsticas y beneficios clave<\/span><\/h3>\n<ul>\n<li>Temperatura \u00f3ptima de tratamiento: 160 \u00b0C (320 \u00b0F) trata eficazmente, lo que reduce el riesgo de da\u00f1os en las prendas y ahorra costes de energ\u00eda.<\/li>\n<li>Estampados suaves al tacto: Consigue una sensaci\u00f3n lujosa y suave al tacto en tus prendas confeccionadas, mejorando la comodidad de uso.<\/li>\n<li>Compatibilidad universal con tejidos: Ideal para diversos tipos de prendas, incluidos algod\u00f3n, mezclas de algod\u00f3n\/poli\u00e9ster y mezclas de poli\u00e9ster, crea una tinta de serigraf\u00eda vers\u00e1til.<\/li>\n<li>Baja transferencia de tinta para mezclas de poli\u00e9ster: preparada para reducir la migraci\u00f3n del tinte al imprimir sobre poli\u00e9ster y prendas con cabezal de poli\u00e9ster.<\/li>\n<li>F\u00f3rmula sin ftalatos: una opci\u00f3n segura tanto para la impresora como para el medio ambiente.<\/li>\n<li>Cobertura altamente opaca: Darkness tambi\u00e9n distribuye colores vivos e intensos con una excelente cobertura sobre el sustrato.<\/li>\n<li>Es f\u00e1cil de trabajar: su textura cremosa y la estabilidad de sus bordes cortos garantizan una aplicaci\u00f3n suave y mejores detalles.<\/li>\n<li>Acabado semibrillante: Proporciona un aspecto profesional que realza su impresi\u00f3n.<\/li>\n<li>Tiempos de destello r\u00e1pidos: Brilla r\u00e1pidamente a 120\u2013140 \u00b0C (248-284 \u00b0F) para una impresi\u00f3n eficiente de m\u00faltiples llamadas.<\/li>\n<li>Impacto en los costos y en el productor: Una baja temperatura de tratamiento significa una producci\u00f3n r\u00e1pida y reduce el consumo de energ\u00eda, maximizando su retorno de inversi\u00f3n.<\/li>\n<\/ul>\n<h3 class=\"ng-star-inserted\"><span class=\"ng-star-inserted\">Instrucciones de curado<\/span><\/h3>\n<p>Para una adhesi\u00f3n y durabilidad \u00f3ptimas, shaliteink azul <strong><a href=\"https:\/\/shaliteink.com\/es\/categoria-producto\/tinta-plastisol\/\">tinta plastisol<\/a><\/strong> Funciona bien a 160 \u00b0C (320 \u00b0F). Cuando toda la capa de tinta alcanza los 160 \u00b0C, la tinta est\u00e1 completamente curada. Para obtener brillo, se recomienda una temperatura de entre 120 y 140 \u00b0C (248 y 284 \u00b0F) durante 3 a 5 segundos. Tenga en cuenta que el tiempo de tratamiento real puede variar seg\u00fan el equipo, la cantidad de tinta depositada y el sustrato.<\/p>\n<p class=\"ng-star-inserted\"><strong class=\"ng-star-inserted\"><span class=\"ng-star-inserted\">Consejos importantes para la curaci\u00f3n:<\/span><\/strong><\/p>\n<ul class=\"ng-star-inserted\">\n<li class=\"ng-star-inserted\">Prueba de elasticidad: Tras el tratamiento, estire la tela estampada aproximadamente dos tercios de su longitud original. Si las grietas en la impresi\u00f3n no desaparecen, el tratamiento puede ser deficiente.<\/li>\n<li class=\"ng-star-inserted\">Prueba de lavado: Deje pasar 24 horas para que la tinta se fije por completo antes de lavar. Una impresi\u00f3n bien fijada resistir\u00e1 de 5 a 10 lavados sin deteriorarse. Si la impresi\u00f3n muestra un deterioro significativo despu\u00e9s de 1 a 3 lavados, aumente el tiempo de tratamiento.<\/li>\n<li class=\"ng-star-inserted\">Control de temperatura: Los term\u00f3metros infrarrojos pueden resultar enga\u00f1osos, ya que solo miden la temperatura de la capa superior. Para una medici\u00f3n precisa, especialmente de toda la capa de tinta, se recomienda utilizar una sonda toroidal.<\/li>\n<li class=\"ng-star-inserted\">Mezcla de poli\u00e9ster: Al trabajar con poli\u00e9ster o tejidos de poli\u00e9ster, es importante mantener la temperatura de tratamiento m\u00e1s baja posible (160 \u00b0C) para evitar la migraci\u00f3n del tinte (deste\u00f1ido). Esto se debe a que muchos tintes para poli\u00e9ster se activan a temperaturas entre 132 y 149 \u00b0C (270 y 300 \u00b0F).<\/li>\n<\/ul>\n<h3 class=\"ng-star-inserted\"><span class=\"ng-star-inserted\">Limpieza<\/span><\/h3>\n<p>Es c\u00f3modo usar Shaliteink para mantener tu \u00e1rea de trabajo limpia. Para la limpieza de residuos, usa un limpiador espec\u00edfico para prensas de tinta plastisol o un degradador de tinta. Para la limpieza de pantallas en el fregadero, un limpiador de pantallas plastisol o un degradador de tinta eliminar\u00e1 eficazmente todos los residuos de tinta.<\/p>\n<h3 class=\"ng-star-inserted\"><span class=\"ng-star-inserted\">Informaci\u00f3n de almacenamiento<\/span><\/h3>\n<p>Almacene la tinta plastisol azul Shaliteink a temperatura ambiente, idealmente entre 18 y 32 \u00b0C (65 y 90 \u00b0F), y lejos de la luz solar directa. La exposici\u00f3n prolongada a temperaturas superiores a 32 \u00b0C (90 \u00b0F) puede provocar que la tinta se degrade en el envase, afectando su eficacia.<\/p>\n<h3 class=\"ng-star-inserted\"><span class=\"ng-star-inserted\">Consejos profesionales<\/span><\/h3>\n<ul class=\"ng-star-inserted\">\n<li class=\"ng-star-inserted\">Base: Para imprimir sobre prendas oscuras, recomendamos utilizar una base blanca para garantizar una reproducci\u00f3n del azul muy viva y precisa.<\/li>\n<li class=\"ng-star-inserted\">Enlaces mec\u00e1nicos: Recuerda que la tinta plastisol crea un enlace mec\u00e1nico al envolver la fibra del tejido, en lugar de te\u00f1irla. Esto es importante para su durabilidad.<\/li>\n<li class=\"ng-star-inserted\">Prueba antes de la producci\u00f3n: Siempre pruebe la elasticidad y el lavado en una prenda de muestra para confirmar el tratamiento adecuado y la calidad de la impresi\u00f3n antes de comenzar una producci\u00f3n a gran escala.<\/li>\n<li>Hoja de datos de seguridad: Para obtener informaci\u00f3n detallada sobre seguridad, consulte nuestra hoja de datos de seguridad (SDS) disponible en nuestro sitio web.<\/li>\n<\/ul>\n<p>Descubre la diferencia que marca la calidad de la tinta Shaliteink en la serigraf\u00eda azul, en comparaci\u00f3n con la tinta plastisol. Perfecta para proyectos de serigraf\u00eda que buscan mejor color, durabilidad y una experiencia suave.<\/p>\n<p><img decoding=\"async\" class=\"aligncenter wp-image-3844 size-large\" src=\"https:\/\/shaliteink.com\/wp-content\/uploads\/2025\/04\/Blue-Screen-Printing-Plastisol-Ink-1-1024x894.png\" alt=\"Tinta plastisol para serigraf\u00eda azul\" width=\"1024\" height=\"894\" srcset=\"https:\/\/shaliteink.com\/wp-content\/uploads\/2025\/04\/Blue-Screen-Printing-Plastisol-Ink-1-1024x894.png 1024w, https:\/\/shaliteink.com\/wp-content\/uploads\/2025\/04\/Blue-Screen-Printing-Plastisol-Ink-1-300x262.png 300w, https:\/\/shaliteink.com\/wp-content\/uploads\/2025\/04\/Blue-Screen-Printing-Plastisol-Ink-1-768x670.png 768w, https:\/\/shaliteink.com\/wp-content\/uploads\/2025\/04\/Blue-Screen-Printing-Plastisol-Ink-1-1536x1341.png 1536w, https:\/\/shaliteink.com\/wp-content\/uploads\/2025\/04\/Blue-Screen-Printing-Plastisol-Ink-1-2048x1787.png 2048w, https:\/\/shaliteink.com\/wp-content\/uploads\/2025\/04\/Blue-Screen-Printing-Plastisol-Ink-1-14x12.png 14w, https:\/\/shaliteink.com\/wp-content\/uploads\/2025\/04\/Blue-Screen-Printing-Plastisol-Ink-1-1200x1047.png 1200w, https:\/\/shaliteink.com\/wp-content\/uploads\/2025\/04\/Blue-Screen-Printing-Plastisol-Ink-1-150x131.png 150w\" sizes=\"(max-width: 1024px) 100vw, 1024px\" \/><\/p>","protected":false},"excerpt":{"rendered":"<p>La tinta plastisol azul Shaliteink es una f\u00f3rmula sin ftalatos, dise\u00f1ada para prepararse directamente del envase, lo que le permite dedicar m\u00e1s tiempo a la preparaci\u00f3n y a la impresi\u00f3n. Su textura cremosa y de baja viscosidad facilita enormemente el trabajo en la prensa de textura, proporcionando una cobertura uniforme y homog\u00e9nea en cada pasada. Tanto para prendas claras como oscuras, esta tinta de alta opacidad ofrece estampados intensos y vibrantes que resisten el agrietamiento y la decoloraci\u00f3n, manteniendo su magn\u00edfica calidad lavado tras lavado. La compatibilidad universal de nuestra tinta plastisol la convierte en la opci\u00f3n ideal para diferentes materiales, incluyendo las dif\u00edciles mezclas de poli\u00e9ster, gracias a sus excelentes propiedades de baja temperatura. Olv\u00eddese de las quemaduras y el encogimiento con su temperatura de tratamiento personalizada, lo que se traduce en un proceso de impresi\u00f3n m\u00e1s eficiente y rentable.<\/p>","protected":false},"featured_media":1467,"comment_status":"open","ping_status":"closed","template":"","meta":[],"product_brand":[],"product_cat":[39],"product_tag":[],"class_list":{"0":"post-1103","1":"product","2":"type-product","3":"status-publish","4":"has-post-thumbnail","6":"product_cat-plastisol-ink","8":"first","9":"instock","10":"shipping-taxable","11":"purchasable","12":"product-type-variable"},"tiered_pricing_type":"fixed","tiered_pricing_fixed_rules":[],"tiered_pricing_product_settings":{"layout":"default","base_unit_name":{"singular":null,"plural":null},"default_variation":null},"tiered_pricing_minimum_quantity":null,"tiered_pricing_roles_data":[],"tiered_pricing_percentage_rules":[],"tiered_pricing_maximum_quantity":null,"tiered_pricing_quantity_step":null,"_links":{"self":[{"href":"https:\/\/shaliteink.com\/es\/wp-json\/wp\/v2\/product\/1103","targetHints":{"allow":["GET"]}}],"collection":[{"href":"https:\/\/shaliteink.com\/es\/wp-json\/wp\/v2\/product"}],"about":[{"href":"https:\/\/shaliteink.com\/es\/wp-json\/wp\/v2\/types\/product"}],"replies":[{"embeddable":true,"href":"https:\/\/shaliteink.com\/es\/wp-json\/wp\/v2\/comments?post=1103"}],"version-history":[{"count":0,"href":"https:\/\/shaliteink.com\/es\/wp-json\/wp\/v2\/product\/1103\/revisions"}],"wp:featuredmedia":[{"embeddable":true,"href":"https:\/\/shaliteink.com\/es\/wp-json\/wp\/v2\/media\/1467"}],"wp:attachment":[{"href":"https:\/\/shaliteink.com\/es\/wp-json\/wp\/v2\/media?parent=1103"}],"wp:term":[{"taxonomy":"product_brand","embeddable":true,"href":"https:\/\/shaliteink.com\/es\/wp-json\/wp\/v2\/product_brand?post=1103"},{"taxonomy":"product_cat","embeddable":true,"href":"https:\/\/shaliteink.com\/es\/wp-json\/wp\/v2\/product_cat?post=1103"},{"taxonomy":"product_tag","embeddable":true,"href":"https:\/\/shaliteink.com\/es\/wp-json\/wp\/v2\/product_tag?post=1103"}],"curies":[{"name":"wp","href":"https:\/\/api.w.org\/{rel}","templated":true}]}}