{"id":1097,"date":"2025-04-11T05:49:20","date_gmt":"2025-04-11T05:49:20","guid":{"rendered":"https:\/\/shaliteink.com\/?post_type=product&#038;p=1097"},"modified":"2025-12-10T11:31:46","modified_gmt":"2025-12-10T11:31:46","slug":"tinta-plastisol-para-serigrafia-de-color-rojo-violeta","status":"publish","type":"product","link":"https:\/\/shaliteink.com\/es\/producto\/tinta-plastisol-para-serigrafia-de-color-rojo-violeta\/","title":{"rendered":"Tinta plastisol para serigraf\u00eda rojo violeta"},"content":{"rendered":"<h3 class=\"ng-star-inserted\"><span class=\"ng-star-inserted\">Beneficios clave de la tinta plastisol rojo violeta Shaliteink:<\/span><\/h3>\n<ul class=\"ng-star-inserted\">\n<li class=\"ng-star-inserted\">Colores vivos y atrevidos: Los violetas llamativos y vivos reciben estampados rojos que llaman la atenci\u00f3n.<\/li>\n<li class=\"ng-star-inserted\">Altamente opaco: proporciona una excelente cobertura, incluso en ropa oscura, a menudo reduce la necesidad de varias pasadas.<\/li>\n<li class=\"ng-star-inserted\">Estampados suaves a mano: disfrute de un acabado suave y flexible que b\u00e1sicamente se integra con la ropa.<\/li>\n<li class=\"ng-star-inserted\">Compatibilidad universal con tejidos: ideal para una variedad de materiales, incluidos algod\u00f3n 100%, mezclas de algod\u00f3n y poli\u00e9ster y muchos tejidos sint\u00e9ticos.<\/li>\n<li class=\"ng-star-inserted\">F\u00f3rmula personalizada de bajo sangrado: dise\u00f1ada para reducir la migraci\u00f3n del tinte, especialmente importante para mezclas de poli\u00e9ster.<\/li>\n<li class=\"ng-star-inserted\">Sin ftalatos: una opci\u00f3n segura tanto para usted como para el medio ambiente.<\/li>\n<li class=\"ng-star-inserted\">Es f\u00e1cil de trabajar: una textura cremosa de bordes cortos para una impresi\u00f3n espont\u00e1nea y resultados coherentes.<\/li>\n<li class=\"ng-star-inserted\">Tratamiento especializado: Tratamiento r\u00e1pido en tiempo de producci\u00f3n y ahorro de costos energ\u00e9ticos, 160\u00b0C (320\u00b0F).<\/li>\n<li>Calidad constante: Shaliteink respaldado por veinte a\u00f1os de experiencia en fabricaci\u00f3n y un riguroso control de calidad.<\/li>\n<\/ul>\n<p>En\u00a0<strong><a href=\"https:\/\/shaliteink.com\/es\/\">Shaliteink<\/a><\/strong>, Entendemos que la eficiencia y la calidad son primordiales. Nuestra\u00a0<strong>tinta plastisol de color rojo violeta<\/strong>\u00a0Est\u00e1 especialmente dise\u00f1ado para tratarse a una temperatura baja de 160 \u00b0C (320 \u00b0F). Esto reduce significativamente el riesgo de quemaduras y encogimiento de la prenda, especialmente al trabajar con materiales sensibles al calor. La baja temperatura de tratamiento tambi\u00e9n contribuye a un bajo consumo de energ\u00eda, lo que hace que sus operaciones de serigraf\u00eda sean m\u00e1s econ\u00f3micas y duraderas.<\/p>\n<p><img decoding=\"async\" class=\"aligncenter wp-image-3838 size-large\" src=\"https:\/\/shaliteink.com\/wp-content\/uploads\/2025\/04\/Violet-Red-Screen-Printing-Plastisol-Ink-1024x768.png\" alt=\"Tinta plastisol para serigraf\u00eda rojo violeta\" width=\"1024\" height=\"768\" srcset=\"https:\/\/shaliteink.com\/wp-content\/uploads\/2025\/04\/Violet-Red-Screen-Printing-Plastisol-Ink-1024x768.png 1024w, https:\/\/shaliteink.com\/wp-content\/uploads\/2025\/04\/Violet-Red-Screen-Printing-Plastisol-Ink-300x225.png 300w, https:\/\/shaliteink.com\/wp-content\/uploads\/2025\/04\/Violet-Red-Screen-Printing-Plastisol-Ink-768x576.png 768w, https:\/\/shaliteink.com\/wp-content\/uploads\/2025\/04\/Violet-Red-Screen-Printing-Plastisol-Ink-1536x1152.png 1536w, https:\/\/shaliteink.com\/wp-content\/uploads\/2025\/04\/Violet-Red-Screen-Printing-Plastisol-Ink-2048x1536.png 2048w, https:\/\/shaliteink.com\/wp-content\/uploads\/2025\/04\/Violet-Red-Screen-Printing-Plastisol-Ink-16x12.png 16w, https:\/\/shaliteink.com\/wp-content\/uploads\/2025\/04\/Violet-Red-Screen-Printing-Plastisol-Ink-1200x900.png 1200w, https:\/\/shaliteink.com\/wp-content\/uploads\/2025\/04\/Violet-Red-Screen-Printing-Plastisol-Ink-150x113.png 150w\" sizes=\"(max-width: 1024px) 100vw, 1024px\" \/><\/p>\n<h3 class=\"ng-star-inserted\"><span class=\"ng-star-inserted\">Detalles y rendimiento:<\/span><\/h3>\n<p>Para obtener resultados \u00f3ptimos al imprimir monocrom\u00e1ticamente, nuestra tinta plastisol rojo violeta es la mejor opci\u00f3n en sustratos blancos o de colores claros. Al imprimir directamente sobre tela de algod\u00f3n oscuro, se recomienda la t\u00e9cnica de impresi\u00f3n-flash-impresi\u00f3n para lograr la m\u00e1xima intensidad indirecta y vibrante utilizando una pantalla de baja densidad. La alta opacidad de nuestra tinta produce impresiones brillantes y v\u00edvidas, a la vez que mantiene esa agradable sensaci\u00f3n de tacto suave, garantizando que sus productos finales sean visualmente atractivos y c\u00f3modos de llevar.<\/p>\n<h3 class=\"ng-star-inserted\"><span class=\"ng-star-inserted\">Pautas de curaci\u00f3n:<\/span><\/h3>\n<ul class=\"ng-star-inserted\">\n<li class=\"ng-star-inserted\">Temperatura de tratamiento: 160\u00b0C (320\u00b0F) en toda la capa de tinta.<\/li>\n<li>Temperatura del flash: 120\u00b0C (248\u00b0F) a 140\u00b0C (284\u00b0F) durante 3-5 segundos.<\/li>\n<li>Nota importante sobre el tratamiento: La tinta est\u00e1 completamente curada cuando toda la capa de tinta alcanza los 160 \u00b0C. Las pistolas l\u00e1ser pueden generar lecturas err\u00f3neas de la temperatura superficial, ya que solo miden la superficie reflectante. Para una verificaci\u00f3n precisa de la temperatura interna, recomendamos usar una sonda de rosquilla. Si se usa el term\u00f3metro l\u00e1ser, la temperatura superficial que alcance el n\u00facleo objetivo de la capa de tinta debe ser superior a 160 \u00b0C.<\/li>\n<li>Prueba de tratamiento completo: Recomendamos realizar una prueba de estiramiento y una prueba de lavado antes de la producci\u00f3n completa. Si la impresi\u00f3n no se deforma despu\u00e9s de las grietas o de aproximadamente dos tercios de la prenda, o si muestra una disminuci\u00f3n despu\u00e9s de 1 a 3 lavados, aumente ligeramente el tiempo o la temperatura del tratamiento. Las fibras naturales, como el algod\u00f3n 100%, suelen dar los mejores resultados.<\/li>\n<\/ul>\n<h3 class=\"ng-star-inserted\"><span class=\"ng-star-inserted\">Consejos profesionales para obtener resultados \u00f3ptimos:<\/span><\/h3>\n<p><strong><a href=\"https:\/\/shaliteink.com\/es\/categoria-producto\/tinta-plastisol\/\">Tinta plastisol<\/a><\/strong> Se adhiere mec\u00e1nicamente en lugar de te\u00f1irlas, en lugar de a la fibra textil. Esto significa que un tratamiento adecuado es necesario para su durabilidad. Guarde la tinta plastisol a temperatura ambiente, idealmente entre 18 y 32 \u00b0C (65 y 90 \u00b0F). La tinta puede comenzar a tratarse en el envase si entra en contacto prolongado con temperaturas superiores a 32 \u00b0C (90 \u00b0F). Al imprimir sobre ropa oscura, recomendamos usar una base blanca para obtener una representaci\u00f3n del color muy brillante y precisa.<\/p>\n<h3 class=\"ng-star-inserted\"><span class=\"ng-star-inserted\">Limpieza:<\/span><\/h3>\n<ul class=\"ng-star-inserted\">\n<li class=\"ng-star-inserted\">En la prensa: utilice un limpiador de prensa de plastisol espec\u00edfico o un degradante de tinta para facilitar la limpieza.<\/li>\n<li>En el fregadero: un limpiador de pantalla con plastisol o un limpiador de tinta limpiar\u00e1n eficazmente su pantalla.<\/li>\n<\/ul>\n<p>Por su extraordinaria calidad, colores vibrantes y rendimiento confiable, elija la tinta plastisol para serigraf\u00eda Shaliteink Vaulat Red. Experimente la diferencia de una empresa especializada en cada impresi\u00f3n durante veinte a\u00f1os. Haga su pedido ahora y descubra por qu\u00e9 Shaliteink es la opci\u00f3n favorita de las mejores marcas e impresores profesionales.<\/p>\n<p><img decoding=\"async\" class=\"aligncenter wp-image-3839 size-large\" src=\"https:\/\/shaliteink.com\/wp-content\/uploads\/2025\/04\/Violet-Red-Screen-Printing-Plastisol-Ink-1-1024x958.png\" alt=\"Tinta plastisol para serigraf\u00eda rojo violeta\" width=\"1024\" height=\"958\" srcset=\"https:\/\/shaliteink.com\/wp-content\/uploads\/2025\/04\/Violet-Red-Screen-Printing-Plastisol-Ink-1-1024x958.png 1024w, https:\/\/shaliteink.com\/wp-content\/uploads\/2025\/04\/Violet-Red-Screen-Printing-Plastisol-Ink-1-300x281.png 300w, https:\/\/shaliteink.com\/wp-content\/uploads\/2025\/04\/Violet-Red-Screen-Printing-Plastisol-Ink-1-768x718.png 768w, https:\/\/shaliteink.com\/wp-content\/uploads\/2025\/04\/Violet-Red-Screen-Printing-Plastisol-Ink-1-1536x1437.png 1536w, https:\/\/shaliteink.com\/wp-content\/uploads\/2025\/04\/Violet-Red-Screen-Printing-Plastisol-Ink-1-2048x1916.png 2048w, https:\/\/shaliteink.com\/wp-content\/uploads\/2025\/04\/Violet-Red-Screen-Printing-Plastisol-Ink-1-13x12.png 13w, https:\/\/shaliteink.com\/wp-content\/uploads\/2025\/04\/Violet-Red-Screen-Printing-Plastisol-Ink-1-1200x1122.png 1200w, https:\/\/shaliteink.com\/wp-content\/uploads\/2025\/04\/Violet-Red-Screen-Printing-Plastisol-Ink-1-150x140.png 150w\" sizes=\"(max-width: 1024px) 100vw, 1024px\" \/><\/p>","protected":false},"excerpt":{"rendered":"<p>Bienvenido a Shaliteink, su l\u00edder mundial de confianza en tintas para serigraf\u00eda durante dos d\u00e9cadas. Con una amplia experiencia en fabricaci\u00f3n y venta directa de f\u00e1brica, nos enorgullece colaborar con marcas de renombre mundial para ofrecerle una calidad excepcional. Nos especializamos en brindar las mejores soluciones de tinta plastisol, y nuestra tinta plastisol rojo violeta para serigraf\u00eda no es la excepci\u00f3n. Dise\u00f1ada tanto para impresores profesionales como para aquellos que buscan su primer empleo, esta tinta combina una est\u00e9tica vibrante con un rendimiento fiable, garantizando que sus dise\u00f1os destaquen.<\/p>\n<div class=\"woocommerce-product-details__short-description\">\n<p>La tinta plastisol rojo violeta de Shaliteink est\u00e1 dise\u00f1ada para que tus proyectos de serigraf\u00eda sean m\u00e1s f\u00e1ciles y efectivos. Esta tinta plastisol de alta calidad proporciona un hermoso y vibrante color rojo violeta que mantiene su intensidad incluso despu\u00e9s del tratamiento. Su avanzado fraccionador garantiza una excelente cobertura y un acabado suave y uniforme, lo que la convierte en la opci\u00f3n ideal para una amplia gama de prendas y dise\u00f1os.<\/p>\n<\/div>\n<div class=\"wd-product-info wd-sold-count\"><\/div>","protected":false},"featured_media":1477,"comment_status":"open","ping_status":"closed","template":"","meta":[],"product_brand":[],"product_cat":[39],"product_tag":[],"class_list":{"0":"post-1097","1":"product","2":"type-product","3":"status-publish","4":"has-post-thumbnail","6":"product_cat-plastisol-ink","8":"first","9":"instock","10":"shipping-taxable","11":"purchasable","12":"product-type-variable"},"tiered_pricing_type":"fixed","tiered_pricing_fixed_rules":[],"tiered_pricing_product_settings":{"layout":"default","base_unit_name":{"singular":null,"plural":null},"default_variation":null},"tiered_pricing_minimum_quantity":null,"tiered_pricing_roles_data":[],"tiered_pricing_percentage_rules":[],"tiered_pricing_maximum_quantity":null,"tiered_pricing_quantity_step":null,"_links":{"self":[{"href":"https:\/\/shaliteink.com\/es\/wp-json\/wp\/v2\/product\/1097","targetHints":{"allow":["GET"]}}],"collection":[{"href":"https:\/\/shaliteink.com\/es\/wp-json\/wp\/v2\/product"}],"about":[{"href":"https:\/\/shaliteink.com\/es\/wp-json\/wp\/v2\/types\/product"}],"replies":[{"embeddable":true,"href":"https:\/\/shaliteink.com\/es\/wp-json\/wp\/v2\/comments?post=1097"}],"version-history":[{"count":0,"href":"https:\/\/shaliteink.com\/es\/wp-json\/wp\/v2\/product\/1097\/revisions"}],"wp:featuredmedia":[{"embeddable":true,"href":"https:\/\/shaliteink.com\/es\/wp-json\/wp\/v2\/media\/1477"}],"wp:attachment":[{"href":"https:\/\/shaliteink.com\/es\/wp-json\/wp\/v2\/media?parent=1097"}],"wp:term":[{"taxonomy":"product_brand","embeddable":true,"href":"https:\/\/shaliteink.com\/es\/wp-json\/wp\/v2\/product_brand?post=1097"},{"taxonomy":"product_cat","embeddable":true,"href":"https:\/\/shaliteink.com\/es\/wp-json\/wp\/v2\/product_cat?post=1097"},{"taxonomy":"product_tag","embeddable":true,"href":"https:\/\/shaliteink.com\/es\/wp-json\/wp\/v2\/product_tag?post=1097"}],"curies":[{"name":"wp","href":"https:\/\/api.w.org\/{rel}","templated":true}]}}