{"id":1089,"date":"2025-04-11T05:27:42","date_gmt":"2025-04-11T05:27:42","guid":{"rendered":"https:\/\/shaliteink.com\/?post_type=product&#038;p=1089"},"modified":"2025-12-10T11:30:54","modified_gmt":"2025-12-10T11:30:54","slug":"tinta-plastisol-para-serigrafia-violeta","status":"publish","type":"product","link":"https:\/\/shaliteink.com\/es\/producto\/tinta-plastisol-para-serigrafia-violeta\/","title":{"rendered":"Tinta plastisol para serigraf\u00eda violeta"},"content":{"rendered":"<p class=\"ng-star-inserted\"><strong class=\"ng-star-inserted\"><span class=\"ng-star-inserted\">Beneficios clave de <\/span><\/strong><strong><span class=\"ng-star-inserted\"><a href=\"https:\/\/shaliteink.com\/es\/\">Shaliteink<\/a><\/span><\/strong><strong class=\"ng-star-inserted\"><span class=\"ng-star-inserted\"> Tinta plastisol violeta:<\/span><\/strong><\/p>\n<ul class=\"ng-star-inserted\">\n<li class=\"ng-star-inserted\">Colores contrastantes y vibrantes extraordinarios: Impresionantes impresiones en violeta con colores fieles y una mejor variedad de opaco, incluso en prendas oscuras.<\/li>\n<li>Tratamiento \u00f3ptimo a baja temperatura: Nuestra tinta plastisol trata eficazmente una temperatura precisa de 160 \u00b0 C (320 \u00b0 F), considera significativamente el costo de la energ\u00eda, acelera la producci\u00f3n y la prenda reduce el riesgo de que se decolore o se encoja.<\/li>\n<li>Sensaci\u00f3n de suavidad al tacto: experimente una impresi\u00f3n incre\u00edblemente suave que mantiene la ca\u00edda y la sensaci\u00f3n natural de la tela, lo que garantiza la m\u00e1xima comodidad para quien la usa.<\/li>\n<li>Compatibilidad universal con telas: esta serigraf\u00eda vers\u00e1til funciona de manera brillante en una amplia gama de <strong><a href=\"https:\/\/shaliteink.com\/es\/categoria-producto\/tinta-plastisol\/\">tinta plastisol<\/a><\/strong> Ropa, incluyendo algod\u00f3n 100%, mezclas de algod\u00f3n\/poli\u00e9ster e incluso delicadas mezclas de poli\u00e9ster, es una opci\u00f3n para diversos proyectos.<\/li>\n<li>F\u00f3rmula de bajo sangrado: dise\u00f1ada especialmente para combatir la migraci\u00f3n de tinte en prendas de poli\u00e9ster y mixtas, garantiza que sus impresiones violetas permanezcan n\u00edtidas y vivas sin sangrado de color no deseado.<\/li>\n<li>Experiencia de impresi\u00f3n espont\u00e1nea: Dise\u00f1ado con una estabilidad suave y de bordes cortos, es incre\u00edblemente f\u00e1cil de trabajar con nuestra tinta plastisol, permite resultados frecuentes y de alta calidad con cada puente.<\/li>\n<li>Non-Fothlet Formization: Comprometidos con la seguridad y la responsabilidad ambiental, <strong><a href=\"https:\/\/shaliteink.com\/es\/screen-printing-ink\/\">tinta de serigraf\u00eda<\/a><\/strong> Shaliteink se enorgullece de no ayunar.<\/li>\n<\/ul>\n<p><img decoding=\"async\" class=\"wp-image-3835 size-full aligncenter\" src=\"https:\/\/shaliteink.com\/wp-content\/uploads\/2025\/04\/Violet-Screen-Printing-Plastisol-Ink.png\" alt=\"Tinta plastisol para serigraf\u00eda violeta\" width=\"860\" height=\"855\" srcset=\"https:\/\/shaliteink.com\/wp-content\/uploads\/2025\/04\/Violet-Screen-Printing-Plastisol-Ink.png 860w, https:\/\/shaliteink.com\/wp-content\/uploads\/2025\/04\/Violet-Screen-Printing-Plastisol-Ink-300x298.png 300w, https:\/\/shaliteink.com\/wp-content\/uploads\/2025\/04\/Violet-Screen-Printing-Plastisol-Ink-150x149.png 150w, https:\/\/shaliteink.com\/wp-content\/uploads\/2025\/04\/Violet-Screen-Printing-Plastisol-Ink-768x764.png 768w, https:\/\/shaliteink.com\/wp-content\/uploads\/2025\/04\/Violet-Screen-Printing-Plastisol-Ink-12x12.png 12w\" sizes=\"(max-width: 860px) 100vw, 860px\" \/><\/p>\n<p class=\"ng-star-inserted\"><strong class=\"ng-star-inserted\"><span class=\"ng-star-inserted\">Descubra la diferencia de Shaliteink:<\/span><\/strong><\/p>\n<p>En Shaliteink, comprendemos las exigencias de la industria de la serigraf\u00eda. Nuestra tinta plastisol violeta para serigraf\u00eda no es una tinta cualquiera; es la expresi\u00f3n de nuestro compromiso con la innovaci\u00f3n y la calidad. Su viscosidad cuidadosamente preparada garantiza una excelente estabilidad de la pantalla y detalles n\u00edtidos, mientras que su r\u00e1pida capacidad de secado (120\u2013140 \u00b0C \/ 248\u2013284 \u00b0F) permite una impresi\u00f3n multicolor de alta calidad. Tanto si se trata de un impresor comercial de gran formato como de un artesano dedicado, la tinta plastisol de Shalitink ofrece resultados de calidad profesional que impactar\u00e1n a sus clientes y enriquecer\u00e1n su trabajo. Al comprar tinta plastisol con nosotros, invierte en fiabilidad y excelencia.<\/p>\n<p class=\"ng-star-inserted\"><strong class=\"ng-star-inserted\"><span class=\"ng-star-inserted\">Instrucciones de curado para un rendimiento \u00f3ptimo:<\/span><\/strong><\/p>\n<p>Obtener un tratamiento ideal es importante para la durabilidad y el lavado r\u00e1pido de sus impresiones.<\/p>\n<ul>\n<li>Temperatura de tratamiento: Nuestra tinta plastisol violeta est\u00e1 completamente curada cuando toda la capa de tinta alcanza los 160 \u00b0C (320 \u00b0F). Recomendamos usar una sonda de donut o una etiqueta t\u00e9rmica para medir con precisi\u00f3n la temperatura interna de la tinta y obtener resultados extremos, ya que las pistolas l\u00e1ser de temperatura pueden ser enga\u00f1osas en las lecturas de la superficie.<\/li>\n<li>Temperatura de secado r\u00e1pido: Para impresi\u00f3n multicapa o secado r\u00e1pido de la superficie, seque la tinta a 120-140 \u00b0C (248-284 \u00b0F) durante 3-5 segundos. Ajuste el tiempo de secado seg\u00fan su equipo y los dep\u00f3sitos de tinta.<\/li>\n<li>Prueba de tratamiento: Deje que la impresi\u00f3n se enfr\u00ede completamente antes de realizar una prueba de estiramiento. Extienda aproximadamente 2\/3 del \u00e1rea impresa del rango de elasticidad de la prenda. Si la tinta se agrieta y no regresa, indica un tratamiento deficiente. Adem\u00e1s, despu\u00e9s de 24 horas, una prueba de lavado confirmar\u00e1 que el tratamiento se ha completado; las impresiones con cord\u00f3n inferior mostrar\u00e1n una disminuci\u00f3n significativa despu\u00e9s de 1 a 3 lavados. Realice siempre la prueba inicial antes de completar la producci\u00f3n.<\/li>\n<\/ul>\n<p class=\"ng-star-inserted\"><strong class=\"ng-star-inserted\"><span class=\"ng-star-inserted\">Limpieza y almacenamiento:<\/span><\/strong><\/p>\n<ul>\n<li>Limpieza en la prensa: para un cambio de color r\u00e1pido o una limpieza al final del d\u00eda en la prensa, utilice un degradador de tinta plastisol espec\u00edfico o un lavado de prensa.<\/li>\n<li>Lavado de pantalla: Para una limpieza completa de la pantalla en cabinas de lavado, un lavado de pantalla con plastisol eficaz eliminar\u00e1 todos los residuos de tinta, preparando su pantalla para uso futuro.<\/li>\n<li>Almacenamiento: Conserve la tinta plastisol Shaliteink en un ambiente fresco y seco, idealmente entre 18 y 32 \u00b0C (65 y 90 \u00b0F). Evite la exposici\u00f3n prolongada a temperaturas superiores a la luz solar directa para evitar un tratamiento prematuro dentro del envase.<\/li>\n<\/ul>\n<p>Elija la tinta plastisol violeta para serigraf\u00eda Shaliteink para obtener colores vibrantes, mejor capacidad de impresi\u00f3n y un gran rendimiento. Es la tinta de serigraf\u00eda con los mejores resultados y una opci\u00f3n inteligente para la satisfacci\u00f3n del cliente final. \u00a1Explore nuestras posibilidades hoy mismo y eleve sus proyectos de serigraf\u00eda!<\/p>\n<p><img decoding=\"async\" class=\"wp-image-3836 size-large aligncenter\" src=\"https:\/\/shaliteink.com\/wp-content\/uploads\/2025\/04\/Violet-Screen-Printing-Plastisol-Ink-1-1024x987.png\" alt=\"Tinta plastisol para serigraf\u00eda violeta\" width=\"1024\" height=\"987\" srcset=\"https:\/\/shaliteink.com\/wp-content\/uploads\/2025\/04\/Violet-Screen-Printing-Plastisol-Ink-1-1024x987.png 1024w, https:\/\/shaliteink.com\/wp-content\/uploads\/2025\/04\/Violet-Screen-Printing-Plastisol-Ink-1-300x289.png 300w, https:\/\/shaliteink.com\/wp-content\/uploads\/2025\/04\/Violet-Screen-Printing-Plastisol-Ink-1-768x740.png 768w, https:\/\/shaliteink.com\/wp-content\/uploads\/2025\/04\/Violet-Screen-Printing-Plastisol-Ink-1-1536x1480.png 1536w, https:\/\/shaliteink.com\/wp-content\/uploads\/2025\/04\/Violet-Screen-Printing-Plastisol-Ink-1-2048x1974.png 2048w, https:\/\/shaliteink.com\/wp-content\/uploads\/2025\/04\/Violet-Screen-Printing-Plastisol-Ink-1-12x12.png 12w, https:\/\/shaliteink.com\/wp-content\/uploads\/2025\/04\/Violet-Screen-Printing-Plastisol-Ink-1-1200x1157.png 1200w, https:\/\/shaliteink.com\/wp-content\/uploads\/2025\/04\/Violet-Screen-Printing-Plastisol-Ink-1-150x145.png 150w\" sizes=\"(max-width: 1024px) 100vw, 1024px\" \/><\/p>\n<p>&nbsp;<\/p>","protected":false},"excerpt":{"rendered":"<p>Mejore sus textiles con la tinta plastisol violeta para serigraf\u00eda de shaliteink, una soluci\u00f3n premium dise\u00f1ada tanto para serigrafistas profesionales como para aficionados. Con dos d\u00e9cadas de experiencia en fabricaci\u00f3n, shaliteink se posiciona como un distribuidor l\u00edder a nivel mundial, ofreciendo calidad de f\u00e1brica, garantizada por marcas de renombre mundial. Nuestra tinta plastisol violeta simboliza esta tradici\u00f3n, ofreciendo un rendimiento \u00fanico, colores vibrantes y facilidad de uso, lo que la convierte en la opci\u00f3n ideal para cualquier proyecto de serigraf\u00eda.<\/p>","protected":false},"featured_media":1471,"comment_status":"open","ping_status":"closed","template":"","meta":[],"product_brand":[],"product_cat":[39],"product_tag":[],"class_list":{"0":"post-1089","1":"product","2":"type-product","3":"status-publish","4":"has-post-thumbnail","6":"product_cat-plastisol-ink","8":"first","9":"instock","10":"shipping-taxable","11":"purchasable","12":"product-type-variable"},"tiered_pricing_type":"fixed","tiered_pricing_fixed_rules":[],"tiered_pricing_product_settings":{"layout":"default","base_unit_name":{"singular":null,"plural":null},"default_variation":null},"tiered_pricing_minimum_quantity":null,"tiered_pricing_roles_data":[],"tiered_pricing_percentage_rules":[],"tiered_pricing_maximum_quantity":null,"tiered_pricing_quantity_step":null,"_links":{"self":[{"href":"https:\/\/shaliteink.com\/es\/wp-json\/wp\/v2\/product\/1089","targetHints":{"allow":["GET"]}}],"collection":[{"href":"https:\/\/shaliteink.com\/es\/wp-json\/wp\/v2\/product"}],"about":[{"href":"https:\/\/shaliteink.com\/es\/wp-json\/wp\/v2\/types\/product"}],"replies":[{"embeddable":true,"href":"https:\/\/shaliteink.com\/es\/wp-json\/wp\/v2\/comments?post=1089"}],"version-history":[{"count":0,"href":"https:\/\/shaliteink.com\/es\/wp-json\/wp\/v2\/product\/1089\/revisions"}],"wp:featuredmedia":[{"embeddable":true,"href":"https:\/\/shaliteink.com\/es\/wp-json\/wp\/v2\/media\/1471"}],"wp:attachment":[{"href":"https:\/\/shaliteink.com\/es\/wp-json\/wp\/v2\/media?parent=1089"}],"wp:term":[{"taxonomy":"product_brand","embeddable":true,"href":"https:\/\/shaliteink.com\/es\/wp-json\/wp\/v2\/product_brand?post=1089"},{"taxonomy":"product_cat","embeddable":true,"href":"https:\/\/shaliteink.com\/es\/wp-json\/wp\/v2\/product_cat?post=1089"},{"taxonomy":"product_tag","embeddable":true,"href":"https:\/\/shaliteink.com\/es\/wp-json\/wp\/v2\/product_tag?post=1089"}],"curies":[{"name":"wp","href":"https:\/\/api.w.org\/{rel}","templated":true}]}}