{"id":1084,"date":"2025-04-11T03:26:02","date_gmt":"2025-04-11T03:26:02","guid":{"rendered":"https:\/\/shaliteink.com\/?post_type=product&#038;p=1084"},"modified":"2025-12-10T11:32:11","modified_gmt":"2025-12-10T11:32:11","slug":"tinta-plastisol-para-serigrafia-extra-verde","status":"publish","type":"product","link":"https:\/\/shaliteink.com\/es\/producto\/tinta-plastisol-para-serigrafia-extra-verde\/","title":{"rendered":"Tinta plastisol para serigraf\u00eda extra verde"},"content":{"rendered":"<p>Ya sea que sea un profesional experimentado o reci\u00e9n est\u00e9 comenzando su experiencia en serigraf\u00eda, el adicional <strong>Tinta plastisol verde extra<\/strong> El rendimiento y la resistencia de la tinta Shaliteink ofrecen el equilibrio perfecto entre resistencia y durabilidad. Su f\u00f3rmula antiplagas, lista para usar (sin el envase), garantiza una textura cremosa y de baja densidad que se desliza suavemente por la pantalla. Experimente impresiones verdes vibrantes, llamativas y opacas que har\u00e1n que sus dise\u00f1os destaquen en diferentes tipos de ropa.<\/p>\n<p><img decoding=\"async\" class=\"wp-image-3956 size-large aligncenter\" src=\"https:\/\/shaliteink.com\/wp-content\/uploads\/2025\/04\/Extra-Green-Screen-Printing-Plastisol-Ink-1024x683.jpg\" alt=\"Tinta plastisol para serigraf\u00eda extra verde\" width=\"1024\" height=\"683\" srcset=\"https:\/\/shaliteink.com\/wp-content\/uploads\/2025\/04\/Extra-Green-Screen-Printing-Plastisol-Ink-1024x683.jpg 1024w, https:\/\/shaliteink.com\/wp-content\/uploads\/2025\/04\/Extra-Green-Screen-Printing-Plastisol-Ink-300x200.jpg 300w, https:\/\/shaliteink.com\/wp-content\/uploads\/2025\/04\/Extra-Green-Screen-Printing-Plastisol-Ink-768x512.jpg 768w, https:\/\/shaliteink.com\/wp-content\/uploads\/2025\/04\/Extra-Green-Screen-Printing-Plastisol-Ink-1536x1024.jpg 1536w, https:\/\/shaliteink.com\/wp-content\/uploads\/2025\/04\/Extra-Green-Screen-Printing-Plastisol-Ink-2048x1365.jpg 2048w, https:\/\/shaliteink.com\/wp-content\/uploads\/2025\/04\/Extra-Green-Screen-Printing-Plastisol-Ink-18x12.jpg 18w, https:\/\/shaliteink.com\/wp-content\/uploads\/2025\/04\/Extra-Green-Screen-Printing-Plastisol-Ink-1200x800.jpg 1200w, https:\/\/shaliteink.com\/wp-content\/uploads\/2025\/04\/Extra-Green-Screen-Printing-Plastisol-Ink-150x100.jpg 150w\" sizes=\"(max-width: 1024px) 100vw, 1024px\" \/><\/p>\n<p class=\"ng-star-inserted\"><strong class=\"ng-star-inserted\"><span class=\"ng-star-inserted\">Beneficios clave de la tinta plastisol verde extra Shaliteink:<\/span><\/strong><\/p>\n<ul class=\"ng-star-inserted\">\n<li class=\"ng-star-inserted\">Colores vivos y atrevidos: tonos verdes llamativos y realistas que resaltan en el exterior.<\/li>\n<li>Altamente opaco: Excelente cobertura, incluso en prendas oscuras, a menudo elimina la necesidad de una base con t\u00e9cnicas de impresi\u00f3n adecuadas.<\/li>\n<li>Impresi\u00f3n suave a mano: la ropa preparada se sentir\u00e1 suave y c\u00f3moda, no \u00e1spera.<\/li>\n<li>Es f\u00e1cil trabajar con ella: aplicaci\u00f3n fluida y preparada para obtener resultados coherentes, lo que hace que su proceso de impresi\u00f3n sea m\u00e1s eficiente.<\/li>\n<li>Universal para diferentes tipos de ropa: 100% funciona excepcionalmente bien con una amplia gama de materiales, incluidos algod\u00f3n, mezclas de algod\u00f3n\/poli\u00e9ster y poli\u00e9ster.<\/li>\n<li>Bajo sangrado para mezcla de poli\u00e9ster: especialmente dise\u00f1ado para reducir la migraci\u00f3n de tinte al imprimir en prendas de poli\u00e9ster y mezcla de poli\u00e9ster, lo que ayuda a evitar que la prenda se queme y encoja.<\/li>\n<li>F\u00f3rmula sin ftalatos: una opci\u00f3n segura tanto para la impresora como para el medio ambiente.<\/li>\n<\/ul>\n<p>Precio directo de f\u00e1brica: Calidad premium<a href=\"https:\/\/shaliteink.com\/es\/categoria-producto\/tinta-plastisol\/\"><strong> tinta plastisol<\/strong><\/a> Sin precio premium, directamente desde nuestra planta de fabricaci\u00f3n.<\/p>\n<h3 class=\"ng-star-inserted\"><span class=\"ng-star-inserted\">Curado \u00f3ptimo para impresiones duraderas<\/span><\/h3>\n<p class=\"ng-star-inserted\"><span class=\"ng-star-inserted\">Tinta Shalite Extra Verde <\/span><strong class=\"ng-star-inserted\"><span class=\"ng-star-inserted\">Tinta plastisol<\/span><\/strong><span class=\"ng-star-inserted\">\u00a0Est\u00e1 dise\u00f1ado para un curado eficiente, lo que le ayuda a maximizar la productividad y reducir los costos de energ\u00eda.<\/span><\/p>\n<ul class=\"ng-star-inserted\">\n<li class=\"ng-star-inserted\">\n<p class=\"ng-star-inserted\"><strong class=\"ng-star-inserted\"><span class=\"ng-star-inserted\">Temperatura de curado:<\/span><\/strong><span class=\"ng-star-inserted\">\u00a0160 \u00b0C (320 \u00b0F)<\/span><\/p>\n<\/li>\n<\/ul>\n<ul>\n<li class=\"ng-star-inserted\"><strong class=\"ng-star-inserted\"><span class=\"ng-star-inserted\">Temperatura de flash:<\/span><\/strong><span class=\"ng-star-inserted\">\u00a0120 \u00b0C \u2013 140 \u00b0C (248 \u00b0F \u2013 284 \u00b0F)<br \/>\n<\/span><\/li>\n<\/ul>\n<p class=\"ng-star-inserted\"><strong class=\"ng-star-inserted\"><span class=\"ng-star-inserted\">Pautas de curaci\u00f3n:<\/span><\/strong><span class=\"ng-star-inserted\">\u00a0Para garantizar una impresi\u00f3n completamente curada que resista lavados repetidos, toda la capa de tinta debe alcanzar los 160 \u00b0C. Las lecturas de temperatura superficial de las pistolas l\u00e1ser pueden ser enga\u00f1osas; recomendamos usar una sonda de d\u00f3nut para una medici\u00f3n precisa de la temperatura interna de la tinta. Factores como el grosor del dep\u00f3sito de tinta, el tipo de prenda (algod\u00f3n o poli\u00e9ster) y la longitud del t\u00fanel de secado influyen en los tiempos de curado. Realice siempre una prueba de estiramiento y una prueba de lavado para confirmar el curado correcto antes de la producci\u00f3n completa. Si la impresi\u00f3n se agrieta o se deteriora despu\u00e9s del lavado, aumente el tiempo de curado.<\/span><\/p>\n<p>Pruebas de flash y generales: Un tratamiento de flash a 120\u2013140 \u00b0C durante 3-5 segundos suele ser suficiente para impresiones multicolor. Antes de cualquier tirada importante, realice una prueba de estiramiento imprimiendo aproximadamente dos tercios del ancho de la prenda. Si las grietas de la impresi\u00f3n no retroceden, indica un tratamiento deficiente. Una prueba de lavado (5\u201310 lavados) confirma la durabilidad del tratamiento.<\/p>\n<h3 class=\"ng-star-inserted\"><span class=\"ng-star-inserted\">Limpieza y almacenamiento eficientes<\/span><\/h3>\n<p>Mantener su equipo y prolongar la vida de su tinta es sencillo con shaliteink.<\/p>\n<ul>\n<li>Limpieza en pantalla: utilice un limpiador de prensa de plastisol espec\u00edfico o un degradante de tinta para limpiar r\u00e1pidamente la pantalla y exprimirla.<\/li>\n<li>Limpieza en el enlace: para una limpieza completa de la pantalla, utilice un limpiador de pantalla plastisol o un degradador de tinta.<\/li>\n<\/ul>\n<p>Consejo profesional para el almacenamiento de la tinta plastisol: Conserve la tinta plastisol Shaliteink a temperatura ambiente, idealmente entre 18 y 32 \u00b0C (65 y 90 \u00b0F), y evite la luz solar directa. Para el contacto prolongado con temperaturas superiores a este l\u00edmite, el tratamiento puede comenzar en el contenedor de tinta. Recuerde que la tinta plastisol crea una uni\u00f3n mec\u00e1nica al envolver la fibra de la tela, en lugar de te\u00f1irla.<\/p>\n<h3 class=\"ng-star-inserted\"><span class=\"ng-star-inserted\">\u00bfPor qu\u00e9 elegir Shaliteink Extra Green?\u00a0<\/span><strong class=\"ng-star-inserted\"><span class=\"ng-star-inserted\">Tinta plastisol<\/span><\/strong><span class=\"ng-star-inserted\">?<\/span><\/h3>\n<p>Con shaliteink no solo est\u00e1s comprando <strong><a href=\"https:\/\/shaliteink.com\/es\/screen-printing-ink\/\">tinta de serigraf\u00eda<\/a><\/strong>; Est\u00e1 invirtiendo en un compromiso con la calidad y su \u00e9xito. Nuestra experiencia de dos d\u00e9cadas nos permite comprender las complejidades de la serigraf\u00eda, y nuestro modelo directo de f\u00e1brica le ofrece productos premium a precios competitivos. Con su excepcional opkar y su suave tacto, la tinta plastisol verde Shaliteink est\u00e1 dise\u00f1ada para optimizar su proceso de impresi\u00f3n y ofrecer resultados excelentes en todo momento.<\/p>\n<p>\u00bfBuscas tinta plastisol? Explora la diferencia de Shaliteink y compra tinta plastisol que potencia tu creatividad.<\/p>\n<p><img decoding=\"async\" class=\"wp-image-3957 size-large aligncenter\" src=\"https:\/\/shaliteink.com\/wp-content\/uploads\/2025\/04\/Extra-Green-Screen-Printing-Plastisol-Ink-1-1024x683.jpg\" alt=\"Tinta plastisol para serigraf\u00eda extra verde\" width=\"1024\" height=\"683\" srcset=\"https:\/\/shaliteink.com\/wp-content\/uploads\/2025\/04\/Extra-Green-Screen-Printing-Plastisol-Ink-1-1024x683.jpg 1024w, https:\/\/shaliteink.com\/wp-content\/uploads\/2025\/04\/Extra-Green-Screen-Printing-Plastisol-Ink-1-300x200.jpg 300w, https:\/\/shaliteink.com\/wp-content\/uploads\/2025\/04\/Extra-Green-Screen-Printing-Plastisol-Ink-1-768x512.jpg 768w, https:\/\/shaliteink.com\/wp-content\/uploads\/2025\/04\/Extra-Green-Screen-Printing-Plastisol-Ink-1-1536x1024.jpg 1536w, https:\/\/shaliteink.com\/wp-content\/uploads\/2025\/04\/Extra-Green-Screen-Printing-Plastisol-Ink-1-2048x1365.jpg 2048w, https:\/\/shaliteink.com\/wp-content\/uploads\/2025\/04\/Extra-Green-Screen-Printing-Plastisol-Ink-1-18x12.jpg 18w, https:\/\/shaliteink.com\/wp-content\/uploads\/2025\/04\/Extra-Green-Screen-Printing-Plastisol-Ink-1-1200x800.jpg 1200w, https:\/\/shaliteink.com\/wp-content\/uploads\/2025\/04\/Extra-Green-Screen-Printing-Plastisol-Ink-1-150x100.jpg 150w\" sizes=\"(max-width: 1024px) 100vw, 1024px\" \/><\/p>","protected":false},"excerpt":{"rendered":"<p>Adem\u00e1s de Shaliteink, mejora tus proyectos de serigraf\u00eda con tinta plastisol verde. Como l\u00edder mundial con dos d\u00e9cadas de experiencia en fabricaci\u00f3n, Shaliteink Premium ofrece una tinta plastisol de calidad profesional que supera las expectativas. Colaboramos con marcas de renombre mundial, que te brindan la misma calidad y fiabilidad a un precio inmejorable. Nuestra tinta plastisol verde adicional est\u00e1 especialmente dise\u00f1ada para impresores que buscan colores intensos, mayor definici\u00f3n y aplicaciones m\u00e1s fluidas.<\/p>","protected":false},"featured_media":1481,"comment_status":"open","ping_status":"closed","template":"","meta":[],"product_brand":[],"product_cat":[39],"product_tag":[],"class_list":{"0":"post-1084","1":"product","2":"type-product","3":"status-publish","4":"has-post-thumbnail","6":"product_cat-plastisol-ink","8":"first","9":"instock","10":"shipping-taxable","11":"purchasable","12":"product-type-variable"},"tiered_pricing_type":"fixed","tiered_pricing_fixed_rules":[],"tiered_pricing_product_settings":{"layout":"default","base_unit_name":{"singular":null,"plural":null},"default_variation":null},"tiered_pricing_minimum_quantity":null,"tiered_pricing_roles_data":[],"tiered_pricing_percentage_rules":[],"tiered_pricing_maximum_quantity":null,"tiered_pricing_quantity_step":null,"_links":{"self":[{"href":"https:\/\/shaliteink.com\/es\/wp-json\/wp\/v2\/product\/1084","targetHints":{"allow":["GET"]}}],"collection":[{"href":"https:\/\/shaliteink.com\/es\/wp-json\/wp\/v2\/product"}],"about":[{"href":"https:\/\/shaliteink.com\/es\/wp-json\/wp\/v2\/types\/product"}],"replies":[{"embeddable":true,"href":"https:\/\/shaliteink.com\/es\/wp-json\/wp\/v2\/comments?post=1084"}],"version-history":[{"count":0,"href":"https:\/\/shaliteink.com\/es\/wp-json\/wp\/v2\/product\/1084\/revisions"}],"wp:featuredmedia":[{"embeddable":true,"href":"https:\/\/shaliteink.com\/es\/wp-json\/wp\/v2\/media\/1481"}],"wp:attachment":[{"href":"https:\/\/shaliteink.com\/es\/wp-json\/wp\/v2\/media?parent=1084"}],"wp:term":[{"taxonomy":"product_brand","embeddable":true,"href":"https:\/\/shaliteink.com\/es\/wp-json\/wp\/v2\/product_brand?post=1084"},{"taxonomy":"product_cat","embeddable":true,"href":"https:\/\/shaliteink.com\/es\/wp-json\/wp\/v2\/product_cat?post=1084"},{"taxonomy":"product_tag","embeddable":true,"href":"https:\/\/shaliteink.com\/es\/wp-json\/wp\/v2\/product_tag?post=1084"}],"curies":[{"name":"wp","href":"https:\/\/api.w.org\/{rel}","templated":true}]}}