{"id":1078,"date":"2025-04-11T03:20:34","date_gmt":"2025-04-11T03:20:34","guid":{"rendered":"https:\/\/shaliteink.com\/?post_type=product&#038;p=1078"},"modified":"2025-12-10T11:26:00","modified_gmt":"2025-12-10T11:26:00","slug":"tinta-plastisol-para-serigrafia-verde","status":"publish","type":"product","link":"https:\/\/shaliteink.com\/es\/producto\/tinta-plastisol-para-serigrafia-verde\/","title":{"rendered":"Tinta plastisol para serigraf\u00eda verde"},"content":{"rendered":"<h3 class=\"ng-star-inserted\"><span class=\"ng-star-inserted\">Descubra la diferencia de Shaliteink<\/span><\/h3>\n<p>En Shaliteink, comprendemos las exigencias de la serigraf\u00eda moderna. Nuestra <strong><a href=\"https:\/\/shaliteink.com\/es\/categoria-producto\/tinta-plastisol\/\">tinta plastisol<\/a><\/strong> Es un producto directo de f\u00e1brica, lo que garantiza un producto de alta calidad a un precio competitivo. Hemos colaborado con numerosas marcas de renombre mundial, lo que consolida nuestra reputaci\u00f3n de credibilidad e innovaci\u00f3n en el mercado de las tintas plastisol. Nuestra tinta plastisol para serigraf\u00eda verde simboliza este compromiso, ofreciendo una soluci\u00f3n que no solo es eficaz, sino tambi\u00e9n incre\u00edblemente f\u00e1cil de usar.<\/p>\n<h3><img decoding=\"async\" class=\"wp-image-3823 size-large aligncenter\" src=\"https:\/\/shaliteink.com\/wp-content\/uploads\/2025\/04\/Green-Screen-Printing-Plastisol-Ink-1024x1006.png\" alt=\"Tinta plastisol para serigraf\u00eda verde\" width=\"1024\" height=\"1006\" srcset=\"https:\/\/shaliteink.com\/wp-content\/uploads\/2025\/04\/Green-Screen-Printing-Plastisol-Ink-1024x1006.png 1024w, https:\/\/shaliteink.com\/wp-content\/uploads\/2025\/04\/Green-Screen-Printing-Plastisol-Ink-300x295.png 300w, https:\/\/shaliteink.com\/wp-content\/uploads\/2025\/04\/Green-Screen-Printing-Plastisol-Ink-768x754.png 768w, https:\/\/shaliteink.com\/wp-content\/uploads\/2025\/04\/Green-Screen-Printing-Plastisol-Ink-1536x1509.png 1536w, https:\/\/shaliteink.com\/wp-content\/uploads\/2025\/04\/Green-Screen-Printing-Plastisol-Ink-2048x2011.png 2048w, https:\/\/shaliteink.com\/wp-content\/uploads\/2025\/04\/Green-Screen-Printing-Plastisol-Ink-12x12.png 12w, https:\/\/shaliteink.com\/wp-content\/uploads\/2025\/04\/Green-Screen-Printing-Plastisol-Ink-1200x1179.png 1200w, https:\/\/shaliteink.com\/wp-content\/uploads\/2025\/04\/Green-Screen-Printing-Plastisol-Ink-150x147.png 150w\" sizes=\"(max-width: 1024px) 100vw, 1024px\" \/><\/h3>\n<h3 class=\"ng-star-inserted\"><span class=\"ng-star-inserted\">Beneficios clave de la tinta plastisol verde Shaliteink:<\/span><\/h3>\n<ul class=\"ng-star-inserted\">\n<li class=\"ng-star-inserted\">Verde vibrante y opaco: obtenga una impresi\u00f3n impactante y de colores fieles a la realidad con nuestra f\u00f3rmula altamente opaca. <strong>tinta plastisol verde<\/strong> Se basa en los colores de diferentes telas, lo que reduce la necesidad de realizar muchas pasadas.<\/li>\n<li>Estampado suave: Independientemente de su ambig\u00fcedad, los estampados se sienten extraordinariamente suaves al tacto, lo que hace que la ropa sea relajante y atractiva. Esto hace que nuestra <strong><a href=\"https:\/\/shaliteink.com\/es\/screen-printing-ink\/\">tinta de serigraf\u00eda<\/a><\/strong> Perfecto para prendas de alta gama.<\/li>\n<li>Compatibilidad universal con telas: Dise\u00f1ada originalmente para una amplia gama de prendas, incluyendo algod\u00f3n 100%, mezclas de algod\u00f3n y poli\u00e9ster e incluso algunas sint\u00e9ticas. Nuestra tinta plastisol garantiza resultados consistentes en sus diversos proyectos.<\/li>\n<li>Bajo sangrado para mezclas de poli\u00e9ster: Olv\u00eddese de las preocupaciones por la migraci\u00f3n del tinte. Nuestra f\u00f3rmula especializada ayuda a prevenir el sangrado del tinte, especialmente al trabajar con mezclas de poli\u00e9ster complejas, logrando l\u00edneas n\u00edtidas y limpias.<\/li>\n<li>F\u00f3rmula sin pelusa: comprometida con la seguridad y la responsabilidad ambiental, nuestra tinta plastisol no contiene pelusa, lo que brinda tranquilidad tanto a los impresores como a los usuarios finales.<\/li>\n<li>Es f\u00e1cil trabajar con un cuerpo corto: Experimente una estabilidad cremosa y de bordes cortos que facilita la impresi\u00f3n. Nuestra tinta plastisol para serigraf\u00eda fluye suavemente por la pantalla, reduce la fatiga y aumenta la eficiencia.<\/li>\n<li>Tratamiento r\u00e1pido a 160 \u00b0C: Acelere su producci\u00f3n y ahorre energ\u00eda con nuestra tinta plastisol de tratamiento r\u00e1pido. Cura completamente a tan solo 160 \u00b0C, lo que reduce el tiempo de residencia y el riesgo de quemaduras en las prendas.<\/li>\n<li>Temperatura de flash \u00f3ptima: Nuestra tinta plastisol brilla eficazmente entre 120 \u00b0 C a 140 \u00b0 C, lo que permite un secado r\u00e1pido entre capas y una impresi\u00f3n multicolor eficiente.<\/li>\n<\/ul>\n<p>Acabado semibrillante finland\u00e9s: obtenga un acabado semibrillante profesional que agrega un toque de sofisticaci\u00f3n a sus dise\u00f1os impresos.<\/p>\n<h3 class=\"ng-star-inserted\"><span class=\"ng-star-inserted\">Optimizado para la eficiencia de producci\u00f3n<\/span><\/h3>\n<p>La tinta plastisol para serigraf\u00eda Shaliteink Green est\u00e1 dise\u00f1ada para optimizar su flujo de trabajo. Su tratamiento a una temperatura inferior a 160 \u00b0C evita que la tinta se contraiga y se queme, y tambi\u00e9n reduce el consumo de energ\u00eda, lo que la convierte en una opci\u00f3n asequible. Esta tinta plastisol es ideal para talleres que buscan secadoras con cinta transportadora de alta temperatura y costosas.<\/p>\n<p>Para prendas de tonos oscuros, recomendamos aplicar una base para maximizar la intensidad y la ambig\u00fcedad del verde. Nuestra tinta de serigraf\u00eda es incre\u00edblemente vers\u00e1til y garantiza excelentes resultados, tanto para dise\u00f1os complejos como para gr\u00e1ficos llamativos.<\/p>\n<h3 class=\"ng-star-inserted\"><span class=\"ng-star-inserted\">Pautas de curado para la tinta plastisol Shaliteink:<\/span><\/h3>\n<ul class=\"ng-star-inserted\">\n<li class=\"ng-star-inserted\">Temperatura de tratamiento: Complete el tratamiento a 160 \u00b0C (320 \u00b0F). Aseg\u00farese de que toda la capa de tinta alcance esta temperatura para una adhesi\u00f3n y una visibilidad \u00f3ptimas.<\/li>\n<li>Temperatura de secado r\u00e1pido: Seque entre 120 \u00b0C y 140 \u00b0C (248 \u00b0F-284 \u00b0F) durante 3-5 segundos. Ajuste el equipo de su taller y los dep\u00f3sitos de tinta seg\u00fan el espesor.<\/li>\n<li>Prueba de tratamiento: Un tratamiento fiable suele resistir de 5 a 10 lavados. Para una prueba r\u00e1pida, realice una &quot;Prueba de Estiramiento&quot;: Imprima aproximadamente dos tercios del ancho de la camiseta. Si las grietas de la impresi\u00f3n no se desmoronan, indica un tratamiento deficiente. Siempre recomendamos realizar pruebas de estiramiento y lavado antes de finalizar la producci\u00f3n.<\/li>\n<li>Recomendaciones de tela: para obtener mejores resultados, \u00faselo en fibras naturales, especialmente algod\u00f3n 100%.<\/li>\n<\/ul>\n<h3 class=\"ng-star-inserted\"><span class=\"ng-star-inserted\">F\u00e1cil limpieza:<\/span><\/h3>\n<ul>\n<li>En la prensa: utilice un lavado de prensa de plastisol espec\u00edfico o un degradador de tinta.<\/li>\n<li>En el fregadero: utilice un limpiador de pantalla a base de plastisol o un degradante de tinta para limpiar completamente la pantalla.<\/li>\n<\/ul>\n<h3 class=\"ng-star-inserted\"><span class=\"ng-star-inserted\">Consejos profesionales para la tinta Shaliteink Plastisol:<\/span><\/h3>\n<p>Recuerde que la tinta plastisol crea una uni\u00f3n mec\u00e1nica con la fibra de la tela en lugar de te\u00f1irla. Guarde su tinta plastisol Shaliteink a temperatura ambiente. La tinta puede comenzar a tratarse en el envase en un contacto prolongado a temperaturas superiores a 32 \u00b0C (90 \u00b0F), por lo que siempre debe conservarse en un lugar fresco y seco.<\/p>\n<p>La serigraf\u00eda Shaliteink Green Screen mejora tus proyectos de serigraf\u00eda con tinta plastisol. Experimenta la combinaci\u00f3n perfecta de calidad, rendimiento y valor.<\/p>\n<p><img decoding=\"async\" class=\"wp-image-3825 size-large aligncenter\" src=\"https:\/\/shaliteink.com\/wp-content\/uploads\/2025\/04\/Green-Screen-Printing-Plastisol-Ink-1-1013x1024.png\" alt=\"Tinta plastisol para serigraf\u00eda verde\" width=\"1013\" height=\"1024\" srcset=\"https:\/\/shaliteink.com\/wp-content\/uploads\/2025\/04\/Green-Screen-Printing-Plastisol-Ink-1-1013x1024.png 1013w, https:\/\/shaliteink.com\/wp-content\/uploads\/2025\/04\/Green-Screen-Printing-Plastisol-Ink-1-297x300.png 297w, https:\/\/shaliteink.com\/wp-content\/uploads\/2025\/04\/Green-Screen-Printing-Plastisol-Ink-1-768x776.png 768w, https:\/\/shaliteink.com\/wp-content\/uploads\/2025\/04\/Green-Screen-Printing-Plastisol-Ink-1-1520x1536.png 1520w, https:\/\/shaliteink.com\/wp-content\/uploads\/2025\/04\/Green-Screen-Printing-Plastisol-Ink-1-2026x2048.png 2026w, https:\/\/shaliteink.com\/wp-content\/uploads\/2025\/04\/Green-Screen-Printing-Plastisol-Ink-1-12x12.png 12w, https:\/\/shaliteink.com\/wp-content\/uploads\/2025\/04\/Green-Screen-Printing-Plastisol-Ink-1-1200x1213.png 1200w, https:\/\/shaliteink.com\/wp-content\/uploads\/2025\/04\/Green-Screen-Printing-Plastisol-Ink-1-150x152.png 150w\" sizes=\"(max-width: 1013px) 100vw, 1013px\" \/><\/p>","protected":false},"excerpt":{"rendered":"<p>\u00bfBuscas una tinta plastisol para serigraf\u00eda que ofrezca resultados extraordinarios y optimice tu proceso de producci\u00f3n? Shaliteink, l\u00edder mundial con dos d\u00e9cadas de experiencia en fabricaci\u00f3n, presenta con orgullo su tinta plastisol verde premium para serigraf\u00eda. Dise\u00f1ada para la excelencia, esta tinta ofrece una variedad de opciones \u00fanica, colores vibrantes y facilidad de uso, convirti\u00e9ndola en la opci\u00f3n ideal tanto para profesionales experimentados como para quienes se inician en la serigraf\u00eda.<\/p>","protected":false},"featured_media":1483,"comment_status":"open","ping_status":"closed","template":"","meta":[],"product_brand":[],"product_cat":[39],"product_tag":[],"class_list":{"0":"post-1078","1":"product","2":"type-product","3":"status-publish","4":"has-post-thumbnail","6":"product_cat-plastisol-ink","8":"first","9":"instock","10":"shipping-taxable","11":"purchasable","12":"product-type-variable"},"tiered_pricing_type":"fixed","tiered_pricing_fixed_rules":[],"tiered_pricing_product_settings":{"layout":"default","base_unit_name":{"singular":null,"plural":null},"default_variation":null},"tiered_pricing_minimum_quantity":null,"tiered_pricing_roles_data":[],"tiered_pricing_percentage_rules":[],"tiered_pricing_maximum_quantity":null,"tiered_pricing_quantity_step":null,"_links":{"self":[{"href":"https:\/\/shaliteink.com\/es\/wp-json\/wp\/v2\/product\/1078","targetHints":{"allow":["GET"]}}],"collection":[{"href":"https:\/\/shaliteink.com\/es\/wp-json\/wp\/v2\/product"}],"about":[{"href":"https:\/\/shaliteink.com\/es\/wp-json\/wp\/v2\/types\/product"}],"replies":[{"embeddable":true,"href":"https:\/\/shaliteink.com\/es\/wp-json\/wp\/v2\/comments?post=1078"}],"version-history":[{"count":0,"href":"https:\/\/shaliteink.com\/es\/wp-json\/wp\/v2\/product\/1078\/revisions"}],"wp:featuredmedia":[{"embeddable":true,"href":"https:\/\/shaliteink.com\/es\/wp-json\/wp\/v2\/media\/1483"}],"wp:attachment":[{"href":"https:\/\/shaliteink.com\/es\/wp-json\/wp\/v2\/media?parent=1078"}],"wp:term":[{"taxonomy":"product_brand","embeddable":true,"href":"https:\/\/shaliteink.com\/es\/wp-json\/wp\/v2\/product_brand?post=1078"},{"taxonomy":"product_cat","embeddable":true,"href":"https:\/\/shaliteink.com\/es\/wp-json\/wp\/v2\/product_cat?post=1078"},{"taxonomy":"product_tag","embeddable":true,"href":"https:\/\/shaliteink.com\/es\/wp-json\/wp\/v2\/product_tag?post=1078"}],"curies":[{"name":"wp","href":"https:\/\/api.w.org\/{rel}","templated":true}]}}