{"id":1072,"date":"2025-04-10T10:22:35","date_gmt":"2025-04-10T10:22:35","guid":{"rendered":"https:\/\/shaliteink.com\/?post_type=product&#038;p=1072"},"modified":"2025-12-10T11:31:49","modified_gmt":"2025-12-10T11:31:49","slug":"tinta-plastisol-para-serigrafia-extra-negra","status":"publish","type":"product","link":"https:\/\/shaliteink.com\/es\/producto\/tinta-plastisol-para-serigrafia-extra-negra\/","title":{"rendered":"Tinta plastisol para serigraf\u00eda extra negra"},"content":{"rendered":"<p>Esta alta demostraci\u00f3n <strong><a href=\"https:\/\/shaliteink.com\/es\/categoria-producto\/tinta-plastisol\/\">tinta plastisol<\/a><\/strong> Shaliteink Extra Black promete impresiones negras n\u00edtidas y vibrantes sobre prendas oscuras sin necesidad de superponer capas. Disfruta de una textura suave y agradable al tacto que mantiene tus productos terminados c\u00f3modos y atractivos. Dise\u00f1ado para una f\u00e1cil aplicaci\u00f3n, fluye suavemente por la pantalla y ofrece una excelente calidad de impresi\u00f3n, reduciendo complicaciones y maximizando la eficiencia.<\/p>\n<p>Comprendemos las exigencias de la serigraf\u00eda moderna. Por eso, nuestra tinta plastisol negra se ha dise\u00f1ado como una opci\u00f3n rentable sin sacrificar la calidad. Su estabilidad inmediata permite abrir el bote y empezar a imprimir al instante, ahorr\u00e1ndote tiempo y esfuerzo. Desde dise\u00f1os complejos hasta bloques de color s\u00f3lidos, Shaliteink ofrece un negro intenso y uniforme, con resultados profesionales que destacan.<\/p>\n<p><img decoding=\"async\" class=\"aligncenter wp-image-3953 size-large\" src=\"https:\/\/shaliteink.com\/wp-content\/uploads\/2025\/04\/Extra-Black-Screen-Printing-Plastisol-Ink-1024x683.jpg\" alt=\"Tinta plastisol para serigraf\u00eda extra negra\" width=\"1024\" height=\"683\" srcset=\"https:\/\/shaliteink.com\/wp-content\/uploads\/2025\/04\/Extra-Black-Screen-Printing-Plastisol-Ink-1024x683.jpg 1024w, https:\/\/shaliteink.com\/wp-content\/uploads\/2025\/04\/Extra-Black-Screen-Printing-Plastisol-Ink-300x200.jpg 300w, https:\/\/shaliteink.com\/wp-content\/uploads\/2025\/04\/Extra-Black-Screen-Printing-Plastisol-Ink-768x512.jpg 768w, https:\/\/shaliteink.com\/wp-content\/uploads\/2025\/04\/Extra-Black-Screen-Printing-Plastisol-Ink-1536x1024.jpg 1536w, https:\/\/shaliteink.com\/wp-content\/uploads\/2025\/04\/Extra-Black-Screen-Printing-Plastisol-Ink-2048x1365.jpg 2048w, https:\/\/shaliteink.com\/wp-content\/uploads\/2025\/04\/Extra-Black-Screen-Printing-Plastisol-Ink-18x12.jpg 18w, https:\/\/shaliteink.com\/wp-content\/uploads\/2025\/04\/Extra-Black-Screen-Printing-Plastisol-Ink-1200x800.jpg 1200w, https:\/\/shaliteink.com\/wp-content\/uploads\/2025\/04\/Extra-Black-Screen-Printing-Plastisol-Ink-150x100.jpg 150w\" sizes=\"(max-width: 1024px) 100vw, 1024px\" \/><\/p>\n<p class=\"ng-star-inserted\"><strong class=\"ng-star-inserted\"><span class=\"ng-star-inserted\">Beneficios clave:<\/span><\/strong><\/p>\n<ul class=\"ng-star-inserted\">\n<li class=\"ng-star-inserted\">Opkar extraordinario: Obtenga impresiones en negro intenso y profundo con pocas pasadas, incluso sobre sustratos oscuros.<\/li>\n<li class=\"ng-star-inserted\">Estampados suaves al tacto: Disfruta de un acabado c\u00f3modo y flexible que mejora la comodidad al usar la prenda.<\/li>\n<li class=\"ng-star-inserted\">Compatibilidad universal con tejidos: ideal para diferentes tipos de prendas, incluyendo algod\u00f3n, mezclas de poli\u00e9ster y m\u00e1s.<\/li>\n<li class=\"ng-star-inserted\">Sutra sin ftalatos: Una opci\u00f3n segura para tu tienda y el medio ambiente.<\/li>\n<li class=\"ng-star-inserted\">F\u00e1cil de trabajar: Su estabilidad cremosa y de bordes cortos garantiza una impresi\u00f3n suave y una baja obstrucci\u00f3n de la pantalla.<\/li>\n<li class=\"ng-star-inserted\">Calidad directa de f\u00e1brica: Veinte a\u00f1os de experiencia en la fabricaci\u00f3n y venta directa de Shaliteink, garant\u00eda de tinta de serigraf\u00eda de primera calidad a precios competitivos.<\/li>\n<\/ul>\n<p class=\"ng-star-inserted\"><strong class=\"ng-star-inserted\"><span class=\"ng-star-inserted\">Caracter\u00edsticas:<\/span><\/strong><\/p>\n<ul>\n<li>Negro intenso y vibrante: Un negro n\u00edtido y duradero que realmente resalta.<\/li>\n<li>Mayor variabilidad operativa: excelente cobertura, lo que reduce la necesidad de base en muchas aplicaciones.<\/li>\n<li>Impresi\u00f3n cremosa y sencilla: aplicaci\u00f3n fluida y dise\u00f1ada para obtener mejores detalles.<\/li>\n<li>Impresi\u00f3n suave al tacto: garantiza una experiencia c\u00f3moda en prendas estampadas.<\/li>\n<li>Propiedades de baja migraci\u00f3n: El poli\u00e9ster reduce la migraci\u00f3n del tinte en las mezclas, manteniendo la integridad de la impresi\u00f3n.<\/li>\n<li>Tiempo de secado r\u00e1pido, temperatura de tratamiento baja: aumenta la producci\u00f3n y reduce el coste de la energ\u00eda.<\/li>\n<\/ul>\n<p class=\"ng-star-inserted\"><strong class=\"ng-star-inserted\"><span class=\"ng-star-inserted\">Pautas de curaci\u00f3n:<\/span><\/strong><\/p>\n<p>Shaliteink <strong>Tinta plastisol negra extra<\/strong> Est\u00e1 dise\u00f1ado para un tratamiento eficiente, lo que le ayuda a optimizar la producci\u00f3n al garantizar impresiones sostenibles.<\/p>\n<ul>\n<li>Temperatura de tratamiento: Nuestra tinta plastisol se trata eficazmente a 160 \u00b0C (320 \u00b0F). Aseg\u00farese de que toda la capa de tinta alcance y mantenga esta temperatura durante el tiempo de contacto especificado para obtener un tratamiento completo.<\/li>\n<li>Temperatura de flash: Flashear entre 120 \u00b0C y 140 \u00b0C (248 \u00b0F y 284 \u00b0F) durante 3 a 5 segundos para aplicaciones eficientes de flasheo m\u00faltiple o impresi\u00f3n-flash-impresi\u00f3n. El tiempo de flasheo puede variar seg\u00fan la configuraci\u00f3n de la secadora y la cantidad de tinta depositada.<\/li>\n<li>Prueba de tratamiento completo: Recomendamos realizar una prueba de estiramiento y una prueba de lavado antes de la producci\u00f3n en serie. Estire aproximadamente dos tercios de la longitud de la tela; si se agrieta y no recupera su forma, puede reducir la producci\u00f3n. Para una prueba espec\u00edfica, deje enfriar la impresi\u00f3n, luego lave la tela de 5 a 10 veces y s\u00e9quela. Si la impresi\u00f3n se deteriora despu\u00e9s de 1 a 3 lavados, aumente el tiempo o la temperatura del tratamiento.<\/li>\n<li>Mezclas de poli\u00e9ster y migraci\u00f3n de tinte: Nuestra f\u00f3rmula de tratamiento suave ayuda a reducir la migraci\u00f3n de tinte, lo cual es especialmente importante para prendas de poli\u00e9ster. Al tratar a 160 \u00b0C, generalmente se trabaja por debajo de la temperatura a la que la mayor\u00eda de los tintes de poli\u00e9ster reabsorben (normalmente entre 270 y 300 \u00b0F), evitando as\u00ed que se corran en la tinta de serigraf\u00eda. Para obtener resultados \u00f3ptimos en mezclas de poli\u00e9ster dif\u00edciles, considere el m\u00e9todo de impresi\u00f3n-secado-impresi\u00f3n con una base clara.<\/li>\n<\/ul>\n<p class=\"ng-star-inserted\"><strong class=\"ng-star-inserted\"><span class=\"ng-star-inserted\">Limpieza:<\/span><\/strong><\/p>\n<p>Mantener el visor limpio es importante para una calidad constante.<\/p>\n<ul>\n<li>En la prensa: Utilice un limpiador espec\u00edfico para prensas de plastisol o un degradante de tinta para limpiar la pantalla y la prensa.<\/li>\n<li>En el fregadero: Para una limpieza profunda de la pantalla, utilice un limpiador de pantallas de plastisol o un decantador de tinta para eliminar todos los residuos de tinta.<\/li>\n<\/ul>\n<p class=\"ng-star-inserted\"><strong class=\"ng-star-inserted\"><span class=\"ng-star-inserted\">Consejos profesionales para la tinta Shaliteink Plastisol:<\/span><\/strong><\/p>\n<ul>\n<li>Almacenamiento: Guarde su tinta plastisol shaliteink a temperatura ambiente, idealmente entre 18 y 32 \u00b0C (65 y 90 \u00b0F). Evite la exposici\u00f3n prolongada a la luz solar directa y a temperaturas superiores a 32 \u00b0C (90 \u00b0F) para prevenir el envejecimiento prematuro del envase.<\/li>\n<li>Recomendaci\u00f3n sobre la base: Si bien Shaliteink Extra Black proporciona una excelente variaci\u00f3n de color, para obtener la m\u00e1xima viveza y en prendas de colores muy oscuros, una base suave puede aumentar la calidad final de la impresi\u00f3n.<\/li>\n<li>No es tinte: Recuerda que la tinta plastisol crea una uni\u00f3n mec\u00e1nica al adherirse a la fibra del tejido, en lugar de te\u00f1irla. Esto contribuye a su durabilidad y a su aspecto vibrante.<\/li>\n<\/ul>\n<p><img decoding=\"async\" class=\"wp-image-3954 size-large aligncenter\" src=\"https:\/\/shaliteink.com\/wp-content\/uploads\/2025\/04\/Extra-Black-Screen-Printing-Plastisol-Ink-1-1024x683.jpg\" alt=\"\" width=\"1024\" height=\"683\" srcset=\"https:\/\/shaliteink.com\/wp-content\/uploads\/2025\/04\/Extra-Black-Screen-Printing-Plastisol-Ink-1-1024x683.jpg 1024w, https:\/\/shaliteink.com\/wp-content\/uploads\/2025\/04\/Extra-Black-Screen-Printing-Plastisol-Ink-1-300x200.jpg 300w, https:\/\/shaliteink.com\/wp-content\/uploads\/2025\/04\/Extra-Black-Screen-Printing-Plastisol-Ink-1-768x512.jpg 768w, https:\/\/shaliteink.com\/wp-content\/uploads\/2025\/04\/Extra-Black-Screen-Printing-Plastisol-Ink-1-1536x1024.jpg 1536w, https:\/\/shaliteink.com\/wp-content\/uploads\/2025\/04\/Extra-Black-Screen-Printing-Plastisol-Ink-1-2048x1365.jpg 2048w, https:\/\/shaliteink.com\/wp-content\/uploads\/2025\/04\/Extra-Black-Screen-Printing-Plastisol-Ink-1-18x12.jpg 18w, https:\/\/shaliteink.com\/wp-content\/uploads\/2025\/04\/Extra-Black-Screen-Printing-Plastisol-Ink-1-1200x800.jpg 1200w, https:\/\/shaliteink.com\/wp-content\/uploads\/2025\/04\/Extra-Black-Screen-Printing-Plastisol-Ink-1-150x100.jpg 150w\" sizes=\"(max-width: 1024px) 100vw, 1024px\" \/><\/p>\n<p class=\"ng-star-inserted\"><strong class=\"ng-star-inserted\"><span class=\"ng-star-inserted\">Experimenta la diferencia de Shaliteink:<\/span><\/strong><\/p>\n<p>Como principal <strong><a href=\"https:\/\/shaliteink.com\/es\/screen-printing-ink\/\">tinta de serigraf\u00eda<\/a><\/strong> Como proveedor, Shaliteink se compromete no solo a ofrecer productos, sino soluciones que potencien su creatividad y mejoren sus resultados. Elija la tinta plastisol negra adicional de Shaliteink y cuente con un socio dedicado a la calidad constante, un rendimiento excepcional y el \u00e9xito de sus impresiones.<\/p>\n<p><span class=\"ng-star-inserted\">[Enlace a la ficha de datos de seguridad]<\/span><br class=\"ng-star-inserted\" \/><span class=\"ng-star-inserted\">[Enlace a la gu\u00eda de colores y c\u00f3digos hexadecimales de Shaliteink]<\/span><br class=\"ng-star-inserted\" \/><span class=\"ng-star-inserted\">[Enlace a los tutoriales de Shaliteink en YouTube]<\/span><\/p>","protected":false},"excerpt":{"rendered":"<p>Shaliteink Extra Black Screen Printing lleva la impresi\u00f3n textil con tinta plastisol a otro nivel. Dise\u00f1ada para obtener resultados profesionales, es una soluci\u00f3n premium con una versatilidad inigualable. Con dos d\u00e9cadas de excelencia en la fabricaci\u00f3n y ventas directas de f\u00e1brica, Shaliteink es l\u00edder mundial en tinta plastisol para serigraf\u00eda y colabora con marcas de renombre internacional para ofrecerte la mejor calidad. Nuestra tinta negra adicional est\u00e1 dise\u00f1ada para lograr impresiones intensas, v\u00edvidas y permanentes en una amplia gama de prendas, convirti\u00e9ndola en un producto indispensable tanto para profesionales experimentados como para talleres de impresi\u00f3n emergentes. Esta tinta plastisol de alta resoluci\u00f3n ofrece un rendimiento \u00f3ptimo extraordinario, garantizando impresiones negras vibrantes sobre prendas oscuras sin necesidad de aplicar capas adicionales. Disfruta de una textura suave y agradable al tacto que mantiene tus productos terminados c\u00f3modos y atractivos. Shaliteink Extra Black est\u00e1 dise\u00f1ada para facilitar su uso, fluye suavemente a trav\u00e9s de la pantalla y ofrece una excelente imprimibilidad, reduciendo los problemas de producci\u00f3n y maximizando la eficiencia.<\/p>","protected":false},"featured_media":1486,"comment_status":"open","ping_status":"closed","template":"","meta":[],"product_brand":[],"product_cat":[50,63,39],"product_tag":[],"class_list":{"0":"post-1072","1":"product","2":"type-product","3":"status-publish","4":"has-post-thumbnail","6":"product_cat-black-screen-printing-ink-plastisol","7":"product_cat-plastisol-cmyk-ink","8":"product_cat-plastisol-ink","10":"first","11":"instock","12":"shipping-taxable","13":"purchasable","14":"product-type-variable"},"tiered_pricing_type":"fixed","tiered_pricing_fixed_rules":[],"tiered_pricing_product_settings":{"layout":"default","base_unit_name":{"singular":null,"plural":null},"default_variation":null},"tiered_pricing_minimum_quantity":null,"tiered_pricing_roles_data":[],"tiered_pricing_percentage_rules":[],"tiered_pricing_maximum_quantity":null,"tiered_pricing_quantity_step":null,"_links":{"self":[{"href":"https:\/\/shaliteink.com\/es\/wp-json\/wp\/v2\/product\/1072","targetHints":{"allow":["GET"]}}],"collection":[{"href":"https:\/\/shaliteink.com\/es\/wp-json\/wp\/v2\/product"}],"about":[{"href":"https:\/\/shaliteink.com\/es\/wp-json\/wp\/v2\/types\/product"}],"replies":[{"embeddable":true,"href":"https:\/\/shaliteink.com\/es\/wp-json\/wp\/v2\/comments?post=1072"}],"version-history":[{"count":0,"href":"https:\/\/shaliteink.com\/es\/wp-json\/wp\/v2\/product\/1072\/revisions"}],"wp:featuredmedia":[{"embeddable":true,"href":"https:\/\/shaliteink.com\/es\/wp-json\/wp\/v2\/media\/1486"}],"wp:attachment":[{"href":"https:\/\/shaliteink.com\/es\/wp-json\/wp\/v2\/media?parent=1072"}],"wp:term":[{"taxonomy":"product_brand","embeddable":true,"href":"https:\/\/shaliteink.com\/es\/wp-json\/wp\/v2\/product_brand?post=1072"},{"taxonomy":"product_cat","embeddable":true,"href":"https:\/\/shaliteink.com\/es\/wp-json\/wp\/v2\/product_cat?post=1072"},{"taxonomy":"product_tag","embeddable":true,"href":"https:\/\/shaliteink.com\/es\/wp-json\/wp\/v2\/product_tag?post=1072"}],"curies":[{"name":"wp","href":"https:\/\/api.w.org\/{rel}","templated":true}]}}