{"id":1005,"date":"2025-04-10T08:56:06","date_gmt":"2025-04-10T08:56:06","guid":{"rendered":"https:\/\/shaliteink.com\/?post_type=product&#038;p=1005"},"modified":"2025-12-10T11:30:38","modified_gmt":"2025-12-10T11:30:38","slug":"tinta-plastisol-para-serigrafia-blanca","status":"publish","type":"product","link":"https:\/\/shaliteink.com\/es\/producto\/tinta-plastisol-para-serigrafia-blanca\/","title":{"rendered":"Tinta plastisol blanca para serigraf\u00eda"},"content":{"rendered":"<p class=\"ng-star-inserted\"><strong><span class=\"ng-star-inserted\">Beneficios clave de la tinta blanca plastisol Shaliteink:<\/span><\/strong><\/p>\n<ul class=\"ng-star-inserted\">\n<li class=\"ng-star-inserted\">\n<p class=\"ng-star-inserted\"><strong class=\"ng-star-inserted\"><span class=\"ng-star-inserted\">Opacidad excepcional:<\/span><\/strong><span class=\"ng-star-inserted\">\u00a0Consiga impresiones blancas brillantes y s\u00f3lidas incluso en prendas oscuras con una cobertura superior, minimizando la necesidad de m\u00faltiples pasadas.<\/span><\/p>\n<\/li>\n<li class=\"ng-star-inserted\">\n<p class=\"ng-star-inserted\"><strong class=\"ng-star-inserted\"><span class=\"ng-star-inserted\">Sensaci\u00f3n suave al tacto:<\/span><\/strong><span class=\"ng-star-inserted\">\u00a0A pesar de su alta opacidad, nuestra\u00a0<\/span><a href=\"https:\/\/shaliteink.com\/es\/categoria-producto\/tinta-plastisol\/\"><strong class=\"ng-star-inserted\"><span class=\"ng-star-inserted\">tinta plastisol<\/span><\/strong><\/a><span class=\"ng-star-inserted\">\u00a0Proporciona un acabado notablemente suave y flexible que resiste el paso del tiempo y el lavado.<\/span><\/p>\n<\/li>\n<li class=\"ng-star-inserted\">\n<p class=\"ng-star-inserted\"><strong class=\"ng-star-inserted\"><span class=\"ng-star-inserted\">Compatibilidad universal de tejidos:<\/span><\/strong><span class=\"ng-star-inserted\">\u00a0Dise\u00f1ado para la versatilidad, este\u00a0<\/span><a href=\"https:\/\/shaliteink.com\/es\/screen-printing-ink\/\"><strong class=\"ng-star-inserted\"><span class=\"ng-star-inserted\">tinta de serigraf\u00eda<\/span><\/strong><\/a><span class=\"ng-star-inserted\">\u00a0Funciona maravillosamente en una amplia gama de tejidos, desde algod\u00f3n 100% hasta mezclas de poli\u00e9ster.<\/span><\/p>\n<\/li>\n<li class=\"ng-star-inserted\">\n<p class=\"ng-star-inserted\"><strong class=\"ng-star-inserted\"><span class=\"ng-star-inserted\">F\u00f3rmula de bajo sangrado:<\/span><\/strong><span class=\"ng-star-inserted\">\u00a0D\u00edgale adi\u00f3s a las preocupaciones sobre la migraci\u00f3n del tinte, especialmente cuando trabaje con textiles desafiantes de poli\u00e9ster y mezclas de poli\u00e9ster.<\/span><\/p>\n<\/li>\n<li class=\"ng-star-inserted\">\n<p class=\"ng-star-inserted\"><strong class=\"ng-star-inserted\"><span class=\"ng-star-inserted\">F\u00f3rmula sin ftalatos:<\/span><\/strong><span class=\"ng-star-inserted\">\u00a0Comprometidos con la seguridad y la responsabilidad ambiental, nuestra tinta est\u00e1 libre de ftalatos nocivos.<\/span><\/p>\n<\/li>\n<li class=\"ng-star-inserted\">\n<p class=\"ng-star-inserted\"><strong class=\"ng-star-inserted\"><span class=\"ng-star-inserted\">Curado y flasheo \u00f3ptimos:<\/span><\/strong><span class=\"ng-star-inserted\">\u00a0Dise\u00f1ado para la eficiencia, garantizando tiempos de producci\u00f3n r\u00e1pidos y resultados consistentes y confiables.<\/span><\/p>\n<\/li>\n<li class=\"ng-star-inserted\">\n<p class=\"ng-star-inserted\"><strong class=\"ng-star-inserted\"><span class=\"ng-star-inserted\">Consistencia f\u00e1cil de usar:<\/span><\/strong><span class=\"ng-star-inserted\">\u00a0Nuestra cremosa, de cuerpo corto\u00a0<\/span><strong class=\"ng-star-inserted\"><span class=\"ng-star-inserted\">tinta plastisol<\/span><\/strong><span class=\"ng-star-inserted\">\u00a0Es f\u00e1cil de trabajar, lo que permite una impresi\u00f3n suave y una reproducci\u00f3n de detalles finos.<\/span><\/p>\n<\/li>\n<\/ul>\n<p class=\"ng-star-inserted\"><strong class=\"ng-star-inserted\"><span class=\"ng-star-inserted\">Acabado semibrillante:<\/span><\/strong><span class=\"ng-star-inserted\">\u00a0Consiga una apariencia profesional y de alta calidad con un brillo sutil que realza sus dise\u00f1os.<\/span><\/p>\n<p class=\"ng-star-inserted\"><strong class=\"ng-star-inserted\"><span class=\"ng-star-inserted\"><img decoding=\"async\" class=\"alignnone wp-image-3799 size-large\" src=\"https:\/\/shaliteink.com\/wp-content\/uploads\/2025\/09\/White-Screen-Printing-Ink-Plastisol-2-1024x794.png\" alt=\"Tinta de serigraf\u00eda blanca Plastisol\" width=\"1024\" height=\"794\" srcset=\"https:\/\/shaliteink.com\/wp-content\/uploads\/2025\/09\/White-Screen-Printing-Ink-Plastisol-2-1024x794.png 1024w, https:\/\/shaliteink.com\/wp-content\/uploads\/2025\/09\/White-Screen-Printing-Ink-Plastisol-2-300x233.png 300w, https:\/\/shaliteink.com\/wp-content\/uploads\/2025\/09\/White-Screen-Printing-Ink-Plastisol-2-768x596.png 768w, https:\/\/shaliteink.com\/wp-content\/uploads\/2025\/09\/White-Screen-Printing-Ink-Plastisol-2-1536x1192.png 1536w, https:\/\/shaliteink.com\/wp-content\/uploads\/2025\/09\/White-Screen-Printing-Ink-Plastisol-2-2048x1589.png 2048w, https:\/\/shaliteink.com\/wp-content\/uploads\/2025\/09\/White-Screen-Printing-Ink-Plastisol-2-15x12.png 15w, https:\/\/shaliteink.com\/wp-content\/uploads\/2025\/09\/White-Screen-Printing-Ink-Plastisol-2-1200x931.png 1200w, https:\/\/shaliteink.com\/wp-content\/uploads\/2025\/09\/White-Screen-Printing-Ink-Plastisol-2-150x116.png 150w\" sizes=\"(max-width: 1024px) 100vw, 1024px\" \/><\/span><\/strong><\/p>\n<p class=\"ng-star-inserted\"><strong class=\"ng-star-inserted\"><span class=\"ng-star-inserted\">Experimente la diferencia Shaliteink<\/span><\/strong><\/p>\n<p class=\"ng-star-inserted\"><span class=\"ng-star-inserted\">La tinta blanca Shaliteink Plastisol no es solo una tinta; mejora la productividad. Dise\u00f1ada por expertos con d\u00e9cadas de experiencia, esta\u00a0<\/span><strong class=\"ng-star-inserted\"><span class=\"ng-star-inserted\">tinta de serigraf\u00eda<\/span><\/strong><span class=\"ng-star-inserted\">\u00a0Est\u00e1 dise\u00f1ada para satisfacer las demandas tanto de imprentas con mucha actividad como de aficionados entusiastas. Su baja temperatura de curado reduce significativamente el riesgo de que las prendas se quemen y encojan, un problema com\u00fan con las tintas de alta temperatura, lo que la hace ideal para materiales sensibles al calor. Esto tambi\u00e9n se traduce en un ahorro sustancial en costos de electricidad y una producci\u00f3n m\u00e1s r\u00e1pida, sin comprometer la calidad de impresi\u00f3n.<\/span><\/p>\n<p class=\"ng-star-inserted\"><span class=\"ng-star-inserted\">Para obtener mejores resultados en prendas m\u00e1s oscuras, recomendamos aplicar una base con nuestro\u00a0<\/span><strong class=\"ng-star-inserted\"><span class=\"ng-star-inserted\">Shaliteink Plastisol Tinta Blanca<\/span><\/strong><span class=\"ng-star-inserted\">\u00a0Para lograr la m\u00e1xima intensidad y opacidad. La f\u00f3rmula de nuestra tinta garantiza una fuerte adhesi\u00f3n mec\u00e1nica a las fibras del tejido, garantizando impresiones resistentes al agrietamiento y la decoloraci\u00f3n, incluso despu\u00e9s de numerosos lavados.<\/span><\/p>\n<p class=\"ng-star-inserted\"><strong class=\"ng-star-inserted\"><span class=\"ng-star-inserted\">Pautas de curaci\u00f3n:<\/span><\/strong><\/p>\n<ul class=\"ng-star-inserted\">\n<li class=\"ng-star-inserted\">\n<p class=\"ng-star-inserted\"><strong class=\"ng-star-inserted\"><span class=\"ng-star-inserted\">Temperatura de curado:<\/span><\/strong><span class=\"ng-star-inserted\">\u00a0Nuestro\u00a0<\/span><strong class=\"ng-star-inserted\"><span class=\"ng-star-inserted\">tinta plastisol<\/span><\/strong><span class=\"ng-star-inserted\">\u00a0cura de forma fiable\u00a0<\/span><strong class=\"ng-star-inserted\"><span class=\"ng-star-inserted\">160 \u00b0C (320 \u00b0F)<\/span><\/strong><span class=\"ng-star-inserted\">. Aseg\u00farese de que toda la capa de tinta alcance esta temperatura para un curado completo y duradero.<\/span><\/p>\n<\/li>\n<li class=\"ng-star-inserted\">\n<p class=\"ng-star-inserted\"><strong class=\"ng-star-inserted\"><span class=\"ng-star-inserted\">Temperatura de flash:<\/span><\/strong><span class=\"ng-star-inserted\">\u00a0Consiga un parpadeo eficiente entre\u00a0<\/span><strong class=\"ng-star-inserted\"><span class=\"ng-star-inserted\">120 \u00b0C (248 \u00b0F) a 140 \u00b0C (284 \u00b0F)<\/span><\/strong><span class=\"ng-star-inserted\">\u00a0De 3 a 5 segundos. El tiempo de secado puede variar seg\u00fan el equipo y el espesor de la tinta.<\/span><\/p>\n<\/li>\n<li class=\"ng-star-inserted\">\n<p class=\"ng-star-inserted\"><strong class=\"ng-star-inserted\"><span class=\"ng-star-inserted\">Prueba de lavado:<\/span><\/strong><span class=\"ng-star-inserted\">\u00a0Para verificar el curado completo, realice una prueba de lavado despu\u00e9s de 5 a 10 lavados. Una impresi\u00f3n poco curada mostrar\u00e1 deterioro despu\u00e9s de 1 a 3 lavados.<\/span><\/p>\n<\/li>\n<li class=\"ng-star-inserted\">\n<p class=\"ng-star-inserted\"><strong class=\"ng-star-inserted\"><span class=\"ng-star-inserted\">Prueba de estiramiento:<\/span><\/strong><span class=\"ng-star-inserted\">\u00a0Una forma r\u00e1pida de comprobar el curado es la prueba de estiramiento. Estire el \u00e1rea impresa aproximadamente dos tercios de la elasticidad normal de la prenda. Si la impresi\u00f3n se agrieta y no se retrae, indica un curado insuficiente. Ajuste el tiempo o la temperatura de curado seg\u00fan corresponda.<\/span><\/p>\n<\/li>\n<li class=\"ng-star-inserted\">\n<p class=\"ng-star-inserted\"><strong class=\"ng-star-inserted\"><span class=\"ng-star-inserted\">Pruebas generales:<\/span><\/strong><span class=\"ng-star-inserted\">\u00a0Antes de cualquier tirada de producci\u00f3n grande, recomendamos encarecidamente realizar pruebas de estiramiento y lavado para confirmar el curado y la calidad de impresi\u00f3n adecuados. Si bien nuestros\u00a0<\/span><strong class=\"ng-star-inserted\"><span class=\"ng-star-inserted\">tinta plastisol<\/span><\/strong><span class=\"ng-star-inserted\">\u00a0Funciona en varios tejidos, los resultados \u00f3ptimos se ven a menudo en algod\u00f3n 100%.<\/span><\/p>\n<\/li>\n<\/ul>\n<p class=\"ng-star-inserted\"><strong class=\"ng-star-inserted\"><span class=\"ng-star-inserted\">Limpieza y almacenamiento:<\/span><\/strong><\/p>\n<ul class=\"ng-star-inserted\">\n<li class=\"ng-star-inserted\">\n<p class=\"ng-star-inserted\"><strong class=\"ng-star-inserted\"><span class=\"ng-star-inserted\">Limpieza durante la impresi\u00f3n:<\/span><\/strong><span class=\"ng-star-inserted\">\u00a0Para una limpieza r\u00e1pida durante la producci\u00f3n, utilice un limpiador de prensa de plastisol espec\u00edfico o un degradante de tinta.<\/span><\/p>\n<\/li>\n<li class=\"ng-star-inserted\">\n<p class=\"ng-star-inserted\"><strong class=\"ng-star-inserted\"><span class=\"ng-star-inserted\">Limpieza de pantalla:<\/span><\/strong><span class=\"ng-star-inserted\">\u00a0Despu\u00e9s de imprimir, limpie completamente las pantallas con un limpiador de pantallas de plastisol especializado o un degradante de tinta.<\/span><\/p>\n<\/li>\n<li class=\"ng-star-inserted\">\n<p class=\"ng-star-inserted\"><strong class=\"ng-star-inserted\"><span class=\"ng-star-inserted\">Almacenamiento:<\/span><\/strong><span class=\"ng-star-inserted\">\u00a0Tienda Shaliteink\u00a0<\/span><strong class=\"ng-star-inserted\"><span class=\"ng-star-inserted\">tinta plastisol<\/span><\/strong><span class=\"ng-star-inserted\">\u00a0A temperatura ambiente, idealmente entre 18 y 32 \u00b0C (65 y 90 \u00b0F). Evite la luz solar directa y la exposici\u00f3n prolongada a temperaturas superiores a 32 \u00b0C (90 \u00b0F), ya que esto puede provocar que la tinta comience a curarse en el contenedor.<\/span><\/p>\n<\/li>\n<\/ul>\n<p class=\"ng-star-inserted\"><strong class=\"ng-star-inserted\"><span class=\"ng-star-inserted\">\u00bfPor qu\u00e9 elegir Shaliteink?<\/span><\/strong><\/p>\n<p class=\"ng-star-inserted\"><span class=\"ng-star-inserted\">Nuestros veinte a\u00f1os de experiencia en fabricaci\u00f3n le garantizan un producto dise\u00f1ado para ofrecer rendimiento, fiabilidad y valor. Colaboramos estrechamente con marcas de renombre mundial y mejoramos constantemente nuestros productos.\u00a0<\/span><strong class=\"ng-star-inserted\"><span class=\"ng-star-inserted\">tinta de serigraf\u00eda<\/span><\/strong><span class=\"ng-star-inserted\">\u00a0para cumplir con los m\u00e1s altos est\u00e1ndares de la industria. Cuando usted\u00a0<\/span><strong class=\"ng-star-inserted\"><span class=\"ng-star-inserted\">comprar tinta plastisol<\/span><\/strong><span class=\"ng-star-inserted\">\u00a0Con Shaliteink, invierte en un producto que ofrece resultados consistentes y profesionales en todo momento. Experimente la tranquilidad de usar un producto de primera calidad.\u00a0<\/span><strong class=\"ng-star-inserted\"><span class=\"ng-star-inserted\">tinta de serigraf\u00eda<\/span><\/strong><span class=\"ng-star-inserted\">\u00a0Econ\u00f3mico y altamente efectivo. \u00a1Consigue lo mejor por menos y consulta nuestras ofertas hoy mismo!<\/span><\/p>\n<p><img decoding=\"async\" class=\"wp-image-3798 size-large aligncenter\" src=\"https:\/\/shaliteink.com\/wp-content\/uploads\/2025\/09\/White-Screen-Printing-Ink-Plastisol-1024x892.jpg\" alt=\"Tinta de serigraf\u00eda blanca Plastisol\" width=\"1024\" height=\"892\" srcset=\"https:\/\/shaliteink.com\/wp-content\/uploads\/2025\/09\/White-Screen-Printing-Ink-Plastisol-1024x892.jpg 1024w, https:\/\/shaliteink.com\/wp-content\/uploads\/2025\/09\/White-Screen-Printing-Ink-Plastisol-300x261.jpg 300w, https:\/\/shaliteink.com\/wp-content\/uploads\/2025\/09\/White-Screen-Printing-Ink-Plastisol-768x669.jpg 768w, https:\/\/shaliteink.com\/wp-content\/uploads\/2025\/09\/White-Screen-Printing-Ink-Plastisol-1536x1338.jpg 1536w, https:\/\/shaliteink.com\/wp-content\/uploads\/2025\/09\/White-Screen-Printing-Ink-Plastisol-2048x1784.jpg 2048w, https:\/\/shaliteink.com\/wp-content\/uploads\/2025\/09\/White-Screen-Printing-Ink-Plastisol-14x12.jpg 14w, https:\/\/shaliteink.com\/wp-content\/uploads\/2025\/09\/White-Screen-Printing-Ink-Plastisol-1200x1045.jpg 1200w, https:\/\/shaliteink.com\/wp-content\/uploads\/2025\/09\/White-Screen-Printing-Ink-Plastisol-150x131.jpg 150w\" sizes=\"(max-width: 1024px) 100vw, 1024px\" \/><\/p>","protected":false},"excerpt":{"rendered":"<p><span class=\"ng-star-inserted\">Descubre el secreto para lograr serigraf\u00edas de calidad profesional con\u00a0<\/span><strong class=\"ng-star-inserted\"><span class=\"ng-star-inserted\">Shaliteink Plastisol Tinta Blanca<\/span><\/strong><span class=\"ng-star-inserted\">, su soluci\u00f3n definitiva para dise\u00f1os vibrantes, duraderos y excepcionalmente opacos. Con dos d\u00e9cadas de excelencia en la fabricaci\u00f3n y precios directos de f\u00e1brica, Shaliteink es un l\u00edder mundialmente reconocido en\u00a0<\/span><strong class=\"ng-star-inserted\"><span class=\"ng-star-inserted\">tinta plastisol para serigraf\u00eda<\/span><\/strong><span class=\"ng-star-inserted\">, Con la confianza de marcas de renombre mundial. Nuestro compromiso con la calidad y la innovaci\u00f3n garantiza que cada impresi\u00f3n sea una obra maestra.<\/span><\/p>","protected":false},"featured_media":1438,"comment_status":"open","ping_status":"closed","template":"","meta":[],"product_brand":[],"product_cat":[39,49],"product_tag":[],"class_list":{"0":"post-1005","1":"product","2":"type-product","3":"status-publish","4":"has-post-thumbnail","6":"product_cat-plastisol-ink","7":"product_cat-white-screen-printing-ink-plastisol","9":"first","10":"instock","11":"shipping-taxable","12":"purchasable","13":"product-type-variable"},"tiered_pricing_type":"fixed","tiered_pricing_fixed_rules":[],"tiered_pricing_product_settings":{"layout":"default","base_unit_name":{"singular":null,"plural":null},"default_variation":null},"tiered_pricing_minimum_quantity":null,"tiered_pricing_roles_data":[],"tiered_pricing_percentage_rules":[],"tiered_pricing_maximum_quantity":null,"tiered_pricing_quantity_step":null,"_links":{"self":[{"href":"https:\/\/shaliteink.com\/es\/wp-json\/wp\/v2\/product\/1005","targetHints":{"allow":["GET"]}}],"collection":[{"href":"https:\/\/shaliteink.com\/es\/wp-json\/wp\/v2\/product"}],"about":[{"href":"https:\/\/shaliteink.com\/es\/wp-json\/wp\/v2\/types\/product"}],"replies":[{"embeddable":true,"href":"https:\/\/shaliteink.com\/es\/wp-json\/wp\/v2\/comments?post=1005"}],"version-history":[{"count":0,"href":"https:\/\/shaliteink.com\/es\/wp-json\/wp\/v2\/product\/1005\/revisions"}],"wp:featuredmedia":[{"embeddable":true,"href":"https:\/\/shaliteink.com\/es\/wp-json\/wp\/v2\/media\/1438"}],"wp:attachment":[{"href":"https:\/\/shaliteink.com\/es\/wp-json\/wp\/v2\/media?parent=1005"}],"wp:term":[{"taxonomy":"product_brand","embeddable":true,"href":"https:\/\/shaliteink.com\/es\/wp-json\/wp\/v2\/product_brand?post=1005"},{"taxonomy":"product_cat","embeddable":true,"href":"https:\/\/shaliteink.com\/es\/wp-json\/wp\/v2\/product_cat?post=1005"},{"taxonomy":"product_tag","embeddable":true,"href":"https:\/\/shaliteink.com\/es\/wp-json\/wp\/v2\/product_tag?post=1005"}],"curies":[{"name":"wp","href":"https:\/\/api.w.org\/{rel}","templated":true}]}}