{"id":1004,"date":"2025-04-10T09:02:11","date_gmt":"2025-04-10T09:02:11","guid":{"rendered":"https:\/\/shaliteink.com\/?post_type=product&#038;p=1004"},"modified":"2025-12-10T11:29:52","modified_gmt":"2025-12-10T11:29:52","slug":"tinta-plastisol-para-serigrafia-negra","status":"publish","type":"product","link":"https:\/\/shaliteink.com\/es\/producto\/tinta-plastisol-para-serigrafia-negra\/","title":{"rendered":"Tinta plastisol para serigraf\u00eda negra"},"content":{"rendered":"<p class=\"ng-star-inserted\"><strong class=\"ng-star-inserted\"><span class=\"ng-star-inserted\">Principales ventajas de la tinta plastisol negra Shaliteink:<\/span><\/strong><\/p>\n<ul class=\"ng-star-inserted\">\n<li class=\"ng-star-inserted\">Tratamiento \u00f3ptimo: El tratamiento eficaz a 160 \u00b0C reduce significativamente el tiempo y el riesgo de que las prendas se quemen o encojan, siendo especialmente beneficioso para las prendas sensibles al calor.<\/li>\n<li>Baja temperatura de flash: Obtenga un brillo r\u00e1pido entre 120 \u00b0C y 140 \u00b0C, mejorando sus capacidades de impresi\u00f3n gramaje sobre gramaje y optimizando la eficiencia del flujo de trabajo.<\/li>\n<li>Superior \u00f3ptimo: La cobertura de negro intenso y profundo tambi\u00e9n protege las prendas oscuras. Su alta ambig\u00fcedad significa que se necesitan menos pasadas, ahorrando tiempo y tinta.<\/li>\n<li>Tacto suave: Independientemente de su ambig\u00fcedad, los estampados siguen siendo incre\u00edblemente suaves al tacto, lo que garantiza la m\u00e1xima comodidad al usarlos.<\/li>\n<li>Viscosidad f\u00e1cil de usar: Nuestra tinta plastisol tiene una textura cremosa y de cuerpo corto, con la que es f\u00e1cil trabajar, y permite una impresi\u00f3n n\u00edtida y amplia que fluye suavemente a trav\u00e9s de la pantalla.<\/li>\n<li>F\u00f3rmula sin Fothlet: Shaliteink <strong>Tinta plastisol negra<\/strong> Se elabora sin ftalatos, comprometido con la seguridad y la responsabilidad ambiental.<\/li>\n<li>Aplicaci\u00f3n vers\u00e1til: Ideal para una amplia variedad de prendas de vestir, incluyendo algod\u00f3n 100%, mezcla de algod\u00f3n\/camisa, e incluso con mezclas con algo de poli\u00e9ster como base adecuada.<\/li>\n<li>Excelente resistencia al lavado: Garantiza una calidad prolongada, fijando los estampados para que resistan lavados repetidos sin agrietarse ni desaparecer cuando se recuperan correctamente.<\/li>\n<\/ul>\n<p><img decoding=\"async\" class=\"wp-image-3816 size-large aligncenter\" src=\"https:\/\/shaliteink.com\/wp-content\/uploads\/2025\/04\/Black-Screen-Printing-Plastisol-Ink-1024x988.png\" alt=\"Tinta plastisol para serigraf\u00eda negra\" width=\"1024\" height=\"988\" srcset=\"https:\/\/shaliteink.com\/wp-content\/uploads\/2025\/04\/Black-Screen-Printing-Plastisol-Ink-1024x988.png 1024w, https:\/\/shaliteink.com\/wp-content\/uploads\/2025\/04\/Black-Screen-Printing-Plastisol-Ink-300x290.png 300w, https:\/\/shaliteink.com\/wp-content\/uploads\/2025\/04\/Black-Screen-Printing-Plastisol-Ink-768x741.png 768w, https:\/\/shaliteink.com\/wp-content\/uploads\/2025\/04\/Black-Screen-Printing-Plastisol-Ink-12x12.png 12w, https:\/\/shaliteink.com\/wp-content\/uploads\/2025\/04\/Black-Screen-Printing-Plastisol-Ink-1200x1158.png 1200w, https:\/\/shaliteink.com\/wp-content\/uploads\/2025\/04\/Black-Screen-Printing-Plastisol-Ink-150x145.png 150w, https:\/\/shaliteink.com\/wp-content\/uploads\/2025\/04\/Black-Screen-Printing-Plastisol-Ink.png 1352w\" sizes=\"(max-width: 1024px) 100vw, 1024px\" \/><\/p>\n<p class=\"ng-star-inserted\"><strong class=\"ng-star-inserted\"><span class=\"ng-star-inserted\">Desbloquea eficiencia y calidad con Shaliteink<\/span><\/strong><\/p>\n<p>La tinta plastisol negra Shaliteink est\u00e1 dise\u00f1ada para optimizar su proceso de producci\u00f3n y aumentar la calidad de sus productos terminados. Nuestra f\u00f3rmula avanzada permite un secado r\u00e1pido a bajas temperaturas, lo que se traduce en beneficios tangibles para su negocio. El bajo consumo de energ\u00eda significa una factura de servicios reducida, mientras que la alta productividad le permite aceptar m\u00e1s proyectos y cumplir con plazos ajustados. <strong><a href=\"https:\/\/shaliteink.com\/es\/screen-printing-ink\/\">tinta de serigraf\u00eda<\/a> <\/strong>No se trata solo de un producto; es una inversi\u00f3n en su productividad y rentabilidad.<\/p>\n<p>La calidad constante de nuestros <strong><a href=\"https:\/\/shaliteink.com\/es\/categoria-producto\/tinta-plastisol\/\">tinta plastisol<\/a> <\/strong>Sus vibrantes pigmentos negros la convierten en una excelente opci\u00f3n tanto para bases como para impresi\u00f3n directa. Para lograr una mayor intensidad en prendas de colores muy oscuros, considere usar una base blanca. Strong Formation proporciona una fuerte uni\u00f3n mec\u00e1nica con la fibra del tejido, garantizando que sus dise\u00f1os resistan el paso del tiempo y el desgaste.<\/p>\n<p class=\"ng-star-inserted\"><strong class=\"ng-star-inserted\"><span class=\"ng-star-inserted\">Instrucciones de curado:<\/span><\/strong><\/p>\n<ul class=\"ng-star-inserted\">\n<li class=\"ng-star-inserted\">Temperatura de tratamiento: El tratamiento debe completarse a 160 \u00b0C (320 \u00b0F). Aseg\u00farese de que toda la capa de tinta alcance esta temperatura para una durabilidad \u00f3ptima. Recomendamos usar una sonda de temperatura o un term\u00f3metro infrarrojo para medir con precisi\u00f3n la temperatura interna de la tinta, ya que la lectura superficial puede resultar enga\u00f1osa.<\/li>\n<li>Temperatura de secado: Secar por flash entre 120 \u00b0C y 140 \u00b0C (248 \u00b0F y 284 \u00b0F) durante 3-5 segundos. Ajuste el tiempo de secado seg\u00fan su equipo y la cantidad de tinta depositada.<\/li>\n<li>Prueba de tratamiento: Un tratamiento de impresi\u00f3n fiable es importante para la durabilidad. Realice una prueba de elasticidad: estire la prenda impresa hasta aproximadamente dos tercios de su elasticidad m\u00e1xima; si la tinta se agrieta y no recupera su forma, el tratamiento es deficiente. Para ciertas pruebas, realice la prueba de lavado despu\u00e9s de 24 horas (para que la tinta se fije por completo). Las impresiones bien fijadas deber\u00edan resistir de 5 a 10 lavados sin deteriorarse.<\/li>\n<\/ul>\n<p class=\"ng-star-inserted\"><strong class=\"ng-star-inserted\"><span class=\"ng-star-inserted\">Consejos profesionales para obtener resultados \u00f3ptimos:<\/span><\/strong><\/p>\n<ul class=\"ng-star-inserted\">\n<li class=\"ng-star-inserted\">Almacenamiento: Guarde la tinta plastisol shaliteink a temperatura ambiente, idealmente entre 18 y 32 \u00b0C (65 y 90 \u00b0F). Evite la luz solar directa y la exposici\u00f3n prolongada a temperaturas superiores a 32 \u00b0C (90 \u00b0F), ya que esto provoca un pretratamiento de la tinta dentro del envase.<\/li>\n<li>Base blanca: Al imprimir sobre textiles oscuros para obtener la m\u00e1xima nitidez y viveza de los colores, especialmente en tejidos con alto contenido de poli\u00e9ster, recomendamos aplicar una base blanca abundante. Esto es fundamental para evitar la migraci\u00f3n del tinte en mezclas de poli\u00e9ster cuando se combina el tratamiento con una temperatura baja adecuada.<\/li>\n<li>Elecci\u00f3n del tejido: Si bien es vers\u00e1til, la tinta plastisol negra Shalitink ofrece un rendimiento excepcional en prendas de algod\u00f3n 100%. Siempre realice pruebas iniciales en tejidos nuevos para garantizar una adhesi\u00f3n y un tratamiento \u00f3ptimos.<\/li>\n<\/ul>\n<p class=\"ng-star-inserted\"><strong class=\"ng-star-inserted\"><span class=\"ng-star-inserted\">Limpieza:<\/span><\/strong><\/p>\n<ul>\n<li>En la prensa: Utilice un degradador de tinta plastisol ecol\u00f3gico o un limpiador de prensa dise\u00f1ado para la limpieza de tinta de serigraf\u00eda.<\/li>\n<li>En el fregadero: Para limpiar la pantalla, utilice un limpiador espec\u00edfico para tinta plastisol para eliminar eficazmente todos los residuos de tinta.<\/li>\n<\/ul>\n<p class=\"ng-star-inserted\"><strong class=\"ng-star-inserted\"><span class=\"ng-star-inserted\">Hoja de datos de seguridad:<\/span><\/strong><\/p>\n<p class=\"ng-star-inserted\"><span class=\"ng-star-inserted\">Haga clic aqu\u00ed para ver la ficha de datos de seguridad (FDS).<\/span><\/p>\n<p><img decoding=\"async\" class=\"wp-image-3817 size-large aligncenter\" src=\"https:\/\/shaliteink.com\/wp-content\/uploads\/2025\/04\/Black-Screen-Printing-Plastisol-Ink-1-1024x870.png\" alt=\"Tinta plastisol para serigraf\u00eda negra\" width=\"1024\" height=\"870\" srcset=\"https:\/\/shaliteink.com\/wp-content\/uploads\/2025\/04\/Black-Screen-Printing-Plastisol-Ink-1-1024x870.png 1024w, https:\/\/shaliteink.com\/wp-content\/uploads\/2025\/04\/Black-Screen-Printing-Plastisol-Ink-1-300x255.png 300w, https:\/\/shaliteink.com\/wp-content\/uploads\/2025\/04\/Black-Screen-Printing-Plastisol-Ink-1-768x652.png 768w, https:\/\/shaliteink.com\/wp-content\/uploads\/2025\/04\/Black-Screen-Printing-Plastisol-Ink-1-1536x1304.png 1536w, https:\/\/shaliteink.com\/wp-content\/uploads\/2025\/04\/Black-Screen-Printing-Plastisol-Ink-1-2048x1739.png 2048w, https:\/\/shaliteink.com\/wp-content\/uploads\/2025\/04\/Black-Screen-Printing-Plastisol-Ink-1-14x12.png 14w, https:\/\/shaliteink.com\/wp-content\/uploads\/2025\/04\/Black-Screen-Printing-Plastisol-Ink-1-1200x1019.png 1200w, https:\/\/shaliteink.com\/wp-content\/uploads\/2025\/04\/Black-Screen-Printing-Plastisol-Ink-1-150x127.png 150w\" sizes=\"(max-width: 1024px) 100vw, 1024px\" \/><\/p>","protected":false},"excerpt":{"rendered":"<p>Experimenta la diferencia con la tinta plastisol negra para serigraf\u00eda Shaliteink, dise\u00f1ada para obtener resultados excepcionales y una gran facilidad de uso. Como l\u00edder mundial en la fabricaci\u00f3n de tintas para serigraf\u00eda con dos d\u00e9cadas de experiencia, Shaliteink te ofrece una tinta plastisol de primera calidad que combina un rendimiento superior con la mejor relaci\u00f3n calidad-precio. Hemos colaborado estrechamente con marcas de renombre mundial para desarrollar una tinta que cumple con los m\u00e1s altos est\u00e1ndares de la industria, garantizando impresiones vibrantes, duraderas y profesionales en todo momento.<\/p>","protected":false},"featured_media":1484,"comment_status":"open","ping_status":"closed","template":"","meta":[],"product_brand":[],"product_cat":[50,39],"product_tag":[],"class_list":{"0":"post-1004","1":"product","2":"type-product","3":"status-publish","4":"has-post-thumbnail","6":"product_cat-black-screen-printing-ink-plastisol","7":"product_cat-plastisol-ink","9":"first","10":"instock","11":"shipping-taxable","12":"purchasable","13":"product-type-variable"},"tiered_pricing_type":"fixed","tiered_pricing_fixed_rules":[],"tiered_pricing_product_settings":{"layout":"default","base_unit_name":{"singular":null,"plural":null},"default_variation":null},"tiered_pricing_minimum_quantity":null,"tiered_pricing_roles_data":[],"tiered_pricing_percentage_rules":[],"tiered_pricing_maximum_quantity":null,"tiered_pricing_quantity_step":null,"_links":{"self":[{"href":"https:\/\/shaliteink.com\/es\/wp-json\/wp\/v2\/product\/1004","targetHints":{"allow":["GET"]}}],"collection":[{"href":"https:\/\/shaliteink.com\/es\/wp-json\/wp\/v2\/product"}],"about":[{"href":"https:\/\/shaliteink.com\/es\/wp-json\/wp\/v2\/types\/product"}],"replies":[{"embeddable":true,"href":"https:\/\/shaliteink.com\/es\/wp-json\/wp\/v2\/comments?post=1004"}],"version-history":[{"count":0,"href":"https:\/\/shaliteink.com\/es\/wp-json\/wp\/v2\/product\/1004\/revisions"}],"wp:featuredmedia":[{"embeddable":true,"href":"https:\/\/shaliteink.com\/es\/wp-json\/wp\/v2\/media\/1484"}],"wp:attachment":[{"href":"https:\/\/shaliteink.com\/es\/wp-json\/wp\/v2\/media?parent=1004"}],"wp:term":[{"taxonomy":"product_brand","embeddable":true,"href":"https:\/\/shaliteink.com\/es\/wp-json\/wp\/v2\/product_brand?post=1004"},{"taxonomy":"product_cat","embeddable":true,"href":"https:\/\/shaliteink.com\/es\/wp-json\/wp\/v2\/product_cat?post=1004"},{"taxonomy":"product_tag","embeddable":true,"href":"https:\/\/shaliteink.com\/es\/wp-json\/wp\/v2\/product_tag?post=1004"}],"curies":[{"name":"wp","href":"https:\/\/api.w.org\/{rel}","templated":true}]}}