{"id":63,"date":"2024-07-18T06:55:38","date_gmt":"2024-07-18T06:55:38","guid":{"rendered":"https:\/\/dummy.xtemos.com\/woodmart2\/pottery-elementor\/?page_id=63"},"modified":"2025-11-12T08:15:34","modified_gmt":"2025-11-12T08:15:34","slug":"historia-de-shaliteink","status":"publish","type":"page","link":"https:\/\/shaliteink.com\/es\/historia-de-shaliteink\/","title":{"rendered":"Nuestra historia"},"content":{"rendered":"<div data-elementor-type=\"wp-page\" data-elementor-id=\"63\" class=\"elementor elementor-63\">\n\t\t\t\t<div class=\"wd-negative-gap elementor-element elementor-element-3381320 e-flex e-con-boxed e-con e-parent\" data-id=\"3381320\" data-element_type=\"container\">\n\t\t\t\t\t<div class=\"e-con-inner\">\n\t\t\t\t<div class=\"elementor-element elementor-element-aa167ec elementor-widget__width-inherit color-scheme-inherit text-left elementor-widget elementor-widget-text-editor\" data-id=\"aa167ec\" data-element_type=\"widget\" data-widget_type=\"text-editor.default\">\n\t\t\t\t\t\t\t\t\t<p>Nuestra empresa cree que el color es m\u00e1s que una simple f\u00f3rmula qu\u00edmica. Es un sentimiento, una expresi\u00f3n, una historia que espera ser contada. Nuestro objetivo es brindar a cada dise\u00f1ador... <a href=\"https:\/\/shaliteink.com\/es\/screen-printing-ink\/\"><strong><span class=\"___SBox_epc1q-ko_ ___SText_zko9t-ko_\" data-ui-name=\"Link.Text\">La mejor tinta plastisol para serigraf\u00eda.<\/span><\/strong> <\/a>Para informar a los suyos.<\/p>\t\t\t\t\t\t\t\t<\/div>\n\t\t\t\t\t<\/div>\n\t\t\t\t<\/div>\n\t\t<div class=\"wd-negative-gap elementor-element elementor-element-7ae8f294 e-flex e-con-boxed e-con e-parent\" data-id=\"7ae8f294\" data-element_type=\"container\" data-settings=\"{&quot;background_background&quot;:&quot;classic&quot;}\">\n\t\t\t\t\t<div class=\"e-con-inner\">\n\t\t<div class=\"elementor-element elementor-element-2d7a902c e-con-full e-flex e-con e-child\" data-id=\"2d7a902c\" data-element_type=\"container\">\n\t\t\t\t<div class=\"elementor-element elementor-element-afa31d8 elementor-widget elementor-widget-heading\" data-id=\"afa31d8\" data-element_type=\"widget\" data-widget_type=\"heading.default\">\n\t\t\t\t\t<h2 class=\"elementor-heading-title elementor-size-default\">La Fundaci\u00f3n<\/h2>\t\t\t\t<\/div>\n\t\t\t\t<div class=\"elementor-element elementor-element-c59ef6f color-scheme-inherit text-left elementor-widget elementor-widget-text-editor\" data-id=\"c59ef6f\" data-element_type=\"widget\" data-widget_type=\"text-editor.default\">\n\t\t\t\t\t\t\t\t\t<p>Nuestra trayectoria no comenz\u00f3 en un ostentoso estudio de dise\u00f1o, sino en una f\u00e1brica hace m\u00e1s de 20 a\u00f1os. Durante dos d\u00e9cadas, hemos sido un socio discreto entre bastidores, creando meticulosamente productos de alto rendimiento. <a href=\"https:\/\/shaliteink.com\/es\/screen-printing-ink\/\">tintas de serigraf\u00eda<\/a> Para las principales marcas. Desde la materia prima hasta la producci\u00f3n y las pruebas, cumplimos con rigurosos est\u00e1ndares en cada paso. Hemos aprendido qu\u00e9 hace que la tinta premium sea realmente excepcional.<\/p>\t\t\t\t\t\t\t\t<\/div>\n\t\t\t\t<div class=\"elementor-element elementor-element-ff5a898 elementor-widget elementor-widget-heading\" data-id=\"ff5a898\" data-element_type=\"widget\" data-widget_type=\"heading.default\">\n\t\t\t\t\t<h2 class=\"elementor-heading-title elementor-size-default\">El momento &quot;\u00a1Aj\u00e1!&quot;<\/h2>\t\t\t\t<\/div>\n\t\t\t\t<div class=\"elementor-element elementor-element-f4f53c6 color-scheme-inherit text-left elementor-widget elementor-widget-text-editor\" data-id=\"f4f53c6\" data-element_type=\"widget\" data-widget_type=\"text-editor.default\">\n\t\t\t\t\t\t\t\t\t<p>Pero descubrimos un vac\u00edo. Los verdaderos desarrolladores que se dedicaban a su trabajo con pasi\u00f3n \u2014los m\u00fasicos aficionados, los so\u00f1adores de peque\u00f1as empresas, los vendedores de Etsy\u2014 sol\u00edan tener pocas opciones: expertos con precios excesivos <a href=\"https:\/\/shaliteink.com\/es\/categoria-producto\/tinta-plastisol\/\">tintas plastisol<\/a> o pinturas poco fiables para aficionados. Sab\u00edamos que pod\u00edamos hacerlo mucho mejor.<\/p>\t\t\t\t\t\t\t\t<\/div>\n\t\t\t\t<div class=\"elementor-element elementor-element-f8894f9 elementor-widget elementor-widget-heading\" data-id=\"f8894f9\" data-element_type=\"widget\" data-widget_type=\"heading.default\">\n\t\t\t\t\t<h2 class=\"elementor-heading-title elementor-size-default\">El nacimiento de Shaliteink<\/h2>\t\t\t\t<\/div>\n\t\t\t\t<div class=\"elementor-element elementor-element-84d499f color-scheme-inherit text-left elementor-widget elementor-widget-text-editor\" data-id=\"84d499f\" data-element_type=\"widget\" data-widget_type=\"text-editor.default\">\n\t\t\t\t\t\t\t\t\t<p>As\u00ed naci\u00f3 Shaliteink. Decidimos cerrar esa brecha. Tras a\u00f1os como fabricante de confianza entre bastidores, lanzamos nuestra propia tienda online. <a href=\"https:\/\/shaliteink.com\/es\/\">tienda online de tintas para serigraf\u00eda<\/a>, traemos nuestro producto premium de calidad de f\u00e1brica <strong>tinta de serigraf\u00eda plastisol<\/strong> Directamente a ti, eliminamos el sonido y las marcas. Nuestro objetivo es fundamental: potenciar tu creatividad con la tinta de calidad profesional que necesitas, a un precio que se ajuste a tu entusiasmo.<\/p>\t\t\t\t\t\t\t\t<\/div>\n\t\t\t\t<\/div>\n\t\t<div class=\"elementor-element elementor-element-28bfb1c9 e-con-full e-flex e-con e-child\" data-id=\"28bfb1c9\" data-element_type=\"container\">\n\t\t\t\t<div class=\"elementor-element elementor-element-280d38f7 elementor-absolute elementor-hidden-tablet elementor-hidden-phone elementor-widget elementor-widget-image\" data-id=\"280d38f7\" data-element_type=\"widget\" data-settings=\"{&quot;_position&quot;:&quot;absolute&quot;}\" data-widget_type=\"image.default\">\n\t\t\t\t\t\t\t\t\t\t\t\t\t\t\t<img decoding=\"async\" width=\"768\" height=\"862\" src=\"https:\/\/shaliteink.com\/wp-content\/uploads\/2025\/08\/plastisol-ink-shop-story-1-e1754450674334-768x862.png\" class=\"attachment-medium_large size-medium_large wp-image-3288\" alt=\"Historia de la tienda de tintas plastisol (1)\" srcset=\"https:\/\/shaliteink.com\/wp-content\/uploads\/2025\/08\/plastisol-ink-shop-story-1-e1754450674334-768x862.png 768w, https:\/\/shaliteink.com\/wp-content\/uploads\/2025\/08\/plastisol-ink-shop-story-1-e1754450674334-267x300.png 267w, https:\/\/shaliteink.com\/wp-content\/uploads\/2025\/08\/plastisol-ink-shop-story-1-e1754450674334-912x1024.png 912w, https:\/\/shaliteink.com\/wp-content\/uploads\/2025\/08\/plastisol-ink-shop-story-1-e1754450674334-11x12.png 11w, https:\/\/shaliteink.com\/wp-content\/uploads\/2025\/08\/plastisol-ink-shop-story-1-e1754450674334-150x168.png 150w, https:\/\/shaliteink.com\/wp-content\/uploads\/2025\/08\/plastisol-ink-shop-story-1-e1754450674334.png 978w\" sizes=\"(max-width: 768px) 100vw, 768px\" \/>\t\t\t\t\t\t\t\t\t\t\t\t\t\t\t<\/div>\n\t\t\t\t<div class=\"elementor-element elementor-element-2fd75a26 elementor-absolute elementor-hidden-tablet elementor-hidden-phone elementor-widget__width-initial elementor-widget elementor-widget-image\" data-id=\"2fd75a26\" data-element_type=\"widget\" data-settings=\"{&quot;_position&quot;:&quot;absolute&quot;}\" data-widget_type=\"image.default\">\n\t\t\t\t\t\t\t\t\t\t\t\t\t\t\t<img decoding=\"async\" width=\"768\" height=\"1152\" src=\"https:\/\/shaliteink.com\/wp-content\/uploads\/2025\/08\/plastisol-ink-story-1-768x1152.png\" class=\"attachment-medium_large size-medium_large wp-image-3289\" alt=\"Historia de la tinta plastisol (1)\" srcset=\"https:\/\/shaliteink.com\/wp-content\/uploads\/2025\/08\/plastisol-ink-story-1-768x1152.png 768w, https:\/\/shaliteink.com\/wp-content\/uploads\/2025\/08\/plastisol-ink-story-1-200x300.png 200w, https:\/\/shaliteink.com\/wp-content\/uploads\/2025\/08\/plastisol-ink-story-1-683x1024.png 683w, https:\/\/shaliteink.com\/wp-content\/uploads\/2025\/08\/plastisol-ink-story-1-8x12.png 8w, https:\/\/shaliteink.com\/wp-content\/uploads\/2025\/08\/plastisol-ink-story-1-150x225.png 150w, https:\/\/shaliteink.com\/wp-content\/uploads\/2025\/08\/plastisol-ink-story-1.png 1024w\" sizes=\"(max-width: 768px) 100vw, 768px\" \/>\t\t\t\t\t\t\t\t\t\t\t\t\t\t\t<\/div>\n\t\t\t\t<\/div>\n\t\t\t\t\t<\/div>\n\t\t\t\t<\/div>\n\t\t<div class=\"elementor-element elementor-element-e471038 e-con-full wd-section-stretch e-flex e-con e-parent\" data-id=\"e471038\" data-element_type=\"container\" data-settings=\"{&quot;background_background&quot;:&quot;classic&quot;}\">\n\t\t<div class=\"elementor-element elementor-element-9a18581 e-con-full e-flex e-con e-child\" data-id=\"9a18581\" data-element_type=\"container\">\n\t\t\t\t<div class=\"elementor-element elementor-element-54c1bbb elementor-view-default elementor-widget elementor-widget-icon\" data-id=\"54c1bbb\" data-element_type=\"widget\" data-widget_type=\"icon.default\">\n\t\t\t\t\t\t\t<div class=\"elementor-icon-wrapper\">\n\t\t\t<div class=\"elementor-icon elementor-animation-pulse-grow\">\n\t\t\t<i aria-hidden=\"true\" class=\"icon icon-trophy\"><\/i>\t\t\t<\/div>\n\t\t<\/div>\n\t\t\t\t\t\t<\/div>\n\t\t\t\t<div class=\"elementor-element elementor-element-3a12c3f elementor-widget elementor-widget-heading\" data-id=\"3a12c3f\" data-element_type=\"widget\" data-widget_type=\"heading.default\">\n\t\t\t\t\t<h2 class=\"elementor-heading-title elementor-size-default\">Calidad sin concesiones<\/h2>\t\t\t\t<\/div>\n\t\t\t\t<div class=\"elementor-element elementor-element-89f50e5 color-scheme-inherit text-left elementor-widget elementor-widget-text-editor\" data-id=\"89f50e5\" data-element_type=\"widget\" data-widget_type=\"text-editor.default\">\n\t\t\t\t\t\t\t\t\t<p>Nuestras dos d\u00e9cadas de experiencia nos permiten examinar cada set para garantizar un color vibrante, una aplicaci\u00f3n suave y una durabilidad excepcional. Nos obsesionamos con la informaci\u00f3n, para que usted pueda concentrarse en la producci\u00f3n.<\/p>\t\t\t\t\t\t\t\t<\/div>\n\t\t\t\t<\/div>\n\t\t<div class=\"elementor-element elementor-element-f74f852 e-con-full e-flex e-con e-child\" data-id=\"f74f852\" data-element_type=\"container\">\n\t\t\t\t<div class=\"elementor-element elementor-element-0fac8fb elementor-view-default elementor-widget elementor-widget-icon\" data-id=\"0fac8fb\" data-element_type=\"widget\" data-widget_type=\"icon.default\">\n\t\t\t\t\t\t\t<div class=\"elementor-icon-wrapper\">\n\t\t\t<div class=\"elementor-icon elementor-animation-pulse-grow\">\n\t\t\t<i aria-hidden=\"true\" class=\"icon icon-Leaf\"><\/i>\t\t\t<\/div>\n\t\t<\/div>\n\t\t\t\t\t\t<\/div>\n\t\t\t\t<div class=\"elementor-element elementor-element-6d65152 elementor-widget elementor-widget-heading\" data-id=\"6d65152\" data-element_type=\"widget\" data-widget_type=\"heading.default\">\n\t\t\t\t\t<h2 class=\"elementor-heading-title elementor-size-default\">Creaci\u00f3n consciente<\/h2>\t\t\t\t<\/div>\n\t\t\t\t<div class=\"elementor-element elementor-element-a750fd8 color-scheme-inherit text-left elementor-widget elementor-widget-text-editor\" data-id=\"a750fd8\" data-element_type=\"widget\" data-widget_type=\"text-editor.default\">\n\t\t\t\t\t\t\t\t\t<p>Creemos que la creatividad no debe ir en detrimento del planeta. Por eso, todas nuestras tintas son libres de solventes y somos los primeros en ofrecer <a href=\"https:\/\/shaliteink.com\/es\/categoria-producto\/tinta-plastisol-sin-pvc\/\">Tinta plastisol sin PVC<\/a> que cumplen con las m\u00e1s altas certificaciones ambientales. Es nuestro compromiso con un futuro de impresi\u00f3n m\u00e1s seguro y sostenible para usted, su familia y nuestro planeta.<\/p>\t\t\t\t\t\t\t\t<\/div>\n\t\t\t\t<\/div>\n\t\t<div class=\"elementor-element elementor-element-c1cb928 e-con-full e-flex e-con e-child\" data-id=\"c1cb928\" data-element_type=\"container\">\n\t\t\t\t<div class=\"elementor-element elementor-element-df3673a elementor-view-default elementor-widget elementor-widget-icon\" data-id=\"df3673a\" data-element_type=\"widget\" data-widget_type=\"icon.default\">\n\t\t\t\t\t\t\t<div class=\"elementor-icon-wrapper\">\n\t\t\t<div class=\"elementor-icon elementor-animation-pulse-grow\">\n\t\t\t<i aria-hidden=\"true\" class=\"icon icon-customer-support-2\"><\/i>\t\t\t<\/div>\n\t\t<\/div>\n\t\t\t\t\t\t<\/div>\n\t\t\t\t<div class=\"elementor-element elementor-element-7d5516c elementor-widget elementor-widget-heading\" data-id=\"7d5516c\" data-element_type=\"widget\" data-widget_type=\"heading.default\">\n\t\t\t\t\t<h2 class=\"elementor-heading-title elementor-size-default\">Apoyo centrado en el creador<\/h2>\t\t\t\t<\/div>\n\t\t\t\t<div class=\"elementor-element elementor-element-38bf0b3 color-scheme-inherit text-left elementor-widget elementor-widget-text-editor\" data-id=\"38bf0b3\" data-element_type=\"widget\" data-widget_type=\"text-editor.default\">\n\t\t\t\t\t\t\t\t\t<p>Somos m\u00e1s que una tienda de tintas para serigraf\u00eda; somos tu socio creativo. Desde tutoriales \u00fatiles hasta un servicio al cliente atento, estamos aqu\u00ed para apoyarte en cada paso de tu proceso de impresi\u00f3n.<\/p>\t\t\t\t\t\t\t\t<\/div>\n\t\t\t\t<\/div>\n\t\t\t\t<\/div>\n\t\t<div class=\"wd-negative-gap elementor-element elementor-element-6bc8e2f8 e-flex e-con-boxed e-con e-parent\" data-id=\"6bc8e2f8\" data-element_type=\"container\">\n\t\t\t\t\t<div class=\"e-con-inner\">\n\t\t<div class=\"elementor-element elementor-element-4f376385 e-con-full e-flex e-con e-child\" data-id=\"4f376385\" data-element_type=\"container\">\n\t\t\t\t<div class=\"elementor-element elementor-element-f26848e elementor-widget elementor-widget-heading\" data-id=\"f26848e\" data-element_type=\"widget\" data-widget_type=\"heading.default\">\n\t\t\t\t\t<h4 class=\"elementor-heading-title elementor-size-default\">\u00a1\u00danete al club de tintas para serigraf\u00eda en Telegram o Messenger!<\/h4>\t\t\t\t<\/div>\n\t\t\t\t<\/div>\n\t\t\t\t\t<\/div>\n\t\t\t\t<\/div>\n\t\t<div class=\"wd-negative-gap elementor-element elementor-element-94e78d1 e-flex e-con-boxed e-con e-parent\" data-id=\"94e78d1\" data-element_type=\"container\">\n\t\t\t\t\t<div class=\"e-con-inner\">\n\t\t<div class=\"elementor-element elementor-element-0052d97 e-con-full e-flex e-con e-child\" data-id=\"0052d97\" data-element_type=\"container\">\n\t\t\t\t<div class=\"elementor-element elementor-element-0f0bf66 elementor-widget elementor-widget-image\" data-id=\"0f0bf66\" data-element_type=\"widget\" data-widget_type=\"image.default\">\n\t\t\t\t\t\t\t\t\t\t\t\t\t\t\t<img decoding=\"async\" width=\"150\" height=\"150\" src=\"https:\/\/shaliteink.com\/wp-content\/uploads\/2025\/08\/screen-printing-ink-contact2-150x150.jpg\" class=\"attachment-thumbnail size-thumbnail wp-image-3191\" alt=\"contacto de tinta de serigraf\u00eda2\" srcset=\"https:\/\/shaliteink.com\/wp-content\/uploads\/2025\/08\/screen-printing-ink-contact2-150x150.jpg 150w, https:\/\/shaliteink.com\/wp-content\/uploads\/2025\/08\/screen-printing-ink-contact2-12x12.jpg 12w\" sizes=\"(max-width: 150px) 100vw, 150px\" \/>\t\t\t\t\t\t\t\t\t\t\t\t\t\t\t<\/div>\n\t\t\t\t<\/div>\n\t\t<div class=\"elementor-element elementor-element-70ef07c e-con-full e-flex e-con e-child\" data-id=\"70ef07c\" data-element_type=\"container\">\n\t\t\t\t<div class=\"elementor-element elementor-element-5cbaee3 elementor-widget elementor-widget-image\" data-id=\"5cbaee3\" data-element_type=\"widget\" data-widget_type=\"image.default\">\n\t\t\t\t\t\t\t\t\t\t\t\t\t\t\t<img decoding=\"async\" width=\"150\" height=\"150\" src=\"https:\/\/shaliteink.com\/wp-content\/uploads\/2025\/08\/screen-printing-ink-contact1-150x150.jpg\" class=\"attachment-thumbnail size-thumbnail wp-image-3190\" alt=\"contacto de tinta de serigraf\u00eda2\" srcset=\"https:\/\/shaliteink.com\/wp-content\/uploads\/2025\/08\/screen-printing-ink-contact1-150x150.jpg 150w, https:\/\/shaliteink.com\/wp-content\/uploads\/2025\/08\/screen-printing-ink-contact1-12x12.jpg 12w, https:\/\/shaliteink.com\/wp-content\/uploads\/2025\/08\/screen-printing-ink-contact1-600x600.jpg 600w\" sizes=\"(max-width: 150px) 100vw, 150px\" \/>\t\t\t\t\t\t\t\t\t\t\t\t\t\t\t<\/div>\n\t\t\t\t<\/div>\n\t\t\t\t\t<\/div>\n\t\t\t\t<\/div>\n\t\t<div class=\"elementor-element elementor-element-72fc336 e-con-full e-flex e-con e-parent\" data-id=\"72fc336\" data-element_type=\"container\">\n\t\t\t\t<div class=\"elementor-element elementor-element-e61242d wd-width-100 wd-nav-accordion-mb-on elementor-widget elementor-widget-wd_product_categories\" data-id=\"e61242d\" data-element_type=\"widget\" data-widget_type=\"wd_product_categories.default\">\n\t\t\t\t<div class=\"elementor-widget-container\">\n\t\t\t\t\t\t\t\t\t\t\t\t\t\t\n\t\t\t\t<div class=\"wd-cats-element\">\n\t\t\t\t\t<div class=\"wd-grid-g wd-cats products columns-4 elements-grid\" style=\"--wd-col-lg:4;--wd-col-md:4;--wd-col-sm:2;--wd-gap-lg:30px;--wd-gap-sm:10px;\">\n\t\t\t\t\t\t\t\t\t\t\t\t\t\n<div class=\"wd-col category-grid-item wd-cat cat-design-center without-product-count product-category product first\" data-loop=\"1\">\n\t\n\t<div class=\"wd-cat-inner wrapp-category\">\n\t\t<div class=\"wd-cat-thumb category-image-wrapp\">\n\t\t\t<a class=\"wd-cat-image category-image\" href=\"https:\/\/shaliteink.com\/es\/categoria-producto\/tinta-plastisol-sin-pvc\/\" aria-label=\"Tinta plastisol sin PVC\">\n\t\t\t\t\n\t\t\t\t<img decoding=\"async\" width=\"1024\" height=\"1024\" src=\"https:\/\/shaliteink.com\/wp-content\/uploads\/2025\/07\/screen-printing-ink10-1024x1024.jpg\" class=\"attachment-large size-large\" alt=\"tinta de serigraf\u00eda(5)\" srcset=\"https:\/\/shaliteink.com\/wp-content\/uploads\/2025\/07\/screen-printing-ink10-1024x1024.jpg 1024w, https:\/\/shaliteink.com\/wp-content\/uploads\/2025\/07\/screen-printing-ink10-300x300.jpg 300w, https:\/\/shaliteink.com\/wp-content\/uploads\/2025\/07\/screen-printing-ink10-150x150.jpg 150w, https:\/\/shaliteink.com\/wp-content\/uploads\/2025\/07\/screen-printing-ink10-768x768.jpg 768w, https:\/\/shaliteink.com\/wp-content\/uploads\/2025\/07\/screen-printing-ink10-12x12.jpg 12w, https:\/\/shaliteink.com\/wp-content\/uploads\/2025\/07\/screen-printing-ink10-600x600.jpg 600w, https:\/\/shaliteink.com\/wp-content\/uploads\/2025\/07\/screen-printing-ink10.jpg 1080w\" sizes=\"(max-width: 1024px) 100vw, 1024px\" \/>\t\t\t<\/a>\n\t\t<\/div>\n\t\t<div class=\"wd-cat-content hover-mask\">\n\t\t\t<h3 class=\"wd-entities-title\">\n\t\t\t\tTinta plastisol sin PVC\t\t\t<\/h3>\n\n\t\t\t\n\t\t\t\t\t<\/div>\n\n\t\t\t\t<a class=\"wd-fill category-link\" href=\"https:\/\/shaliteink.com\/es\/categoria-producto\/tinta-plastisol-sin-pvc\/\" aria-label=\"Product category pvc-free-plastisol-ink\"><\/a>\n\t\t\t<\/div>\n\n\t<\/div>\n\t\t\t\t\t\t\t\t\t\t\t\t\t\n<div class=\"wd-col category-grid-item wd-cat cat-design-center without-product-count product-category product\" data-loop=\"2\">\n\t\n\t<div class=\"wd-cat-inner wrapp-category\">\n\t\t<div class=\"wd-cat-thumb category-image-wrapp\">\n\t\t\t<a class=\"wd-cat-image category-image\" href=\"https:\/\/shaliteink.com\/es\/categoria-producto\/tinta-plastisol-cmyk\/\" aria-label=\"Tinta Plastisol CMYK\">\n\t\t\t\t\n\t\t\t\t<img decoding=\"async\" width=\"1024\" height=\"1024\" src=\"https:\/\/shaliteink.com\/wp-content\/uploads\/2025\/07\/Plastisol-CMYK-Ink-2.png\" class=\"attachment-large size-large\" alt=\"Tinta Plastisol CMYK (2)\" srcset=\"https:\/\/shaliteink.com\/wp-content\/uploads\/2025\/07\/Plastisol-CMYK-Ink-2.png 1024w, https:\/\/shaliteink.com\/wp-content\/uploads\/2025\/07\/Plastisol-CMYK-Ink-2-300x300.png 300w, https:\/\/shaliteink.com\/wp-content\/uploads\/2025\/07\/Plastisol-CMYK-Ink-2-150x150.png 150w, https:\/\/shaliteink.com\/wp-content\/uploads\/2025\/07\/Plastisol-CMYK-Ink-2-768x768.png 768w, https:\/\/shaliteink.com\/wp-content\/uploads\/2025\/07\/Plastisol-CMYK-Ink-2-12x12.png 12w, https:\/\/shaliteink.com\/wp-content\/uploads\/2025\/07\/Plastisol-CMYK-Ink-2-600x600.png 600w\" sizes=\"(max-width: 1024px) 100vw, 1024px\" \/>\t\t\t<\/a>\n\t\t<\/div>\n\t\t<div class=\"wd-cat-content hover-mask\">\n\t\t\t<h3 class=\"wd-entities-title\">\n\t\t\t\tTinta Plastisol CMYK\t\t\t<\/h3>\n\n\t\t\t\n\t\t\t\t\t<\/div>\n\n\t\t\t\t<a class=\"wd-fill category-link\" href=\"https:\/\/shaliteink.com\/es\/categoria-producto\/tinta-plastisol-cmyk\/\" aria-label=\"Product category plastisol-cmyk-ink\"><\/a>\n\t\t\t<\/div>\n\n\t<\/div>\n\t\t\t\t\t\t\t\t\t\t\t\t\t\n<div class=\"wd-col category-grid-item wd-cat cat-design-center without-product-count product-category product\" data-loop=\"3\">\n\t\n\t<div class=\"wd-cat-inner wrapp-category\">\n\t\t<div class=\"wd-cat-thumb category-image-wrapp\">\n\t\t\t<a class=\"wd-cat-image category-image\" href=\"https:\/\/shaliteink.com\/es\/categoria-producto\/tinta-de-serigrafia-nb-sin-pvc\/\" aria-label=\"Tinta de impresi\u00f3n NB\">\n\t\t\t\t\n\t\t\t\t<img decoding=\"async\" width=\"1024\" height=\"1024\" src=\"https:\/\/shaliteink.com\/wp-content\/uploads\/2025\/07\/screen-printing-ink5-1024x1024.jpg\" class=\"attachment-large size-large\" alt=\"tinta de serigraf\u00eda(5)\" srcset=\"https:\/\/shaliteink.com\/wp-content\/uploads\/2025\/07\/screen-printing-ink5-1024x1024.jpg 1024w, https:\/\/shaliteink.com\/wp-content\/uploads\/2025\/07\/screen-printing-ink5-300x300.jpg 300w, https:\/\/shaliteink.com\/wp-content\/uploads\/2025\/07\/screen-printing-ink5-150x150.jpg 150w, https:\/\/shaliteink.com\/wp-content\/uploads\/2025\/07\/screen-printing-ink5-768x768.jpg 768w, https:\/\/shaliteink.com\/wp-content\/uploads\/2025\/07\/screen-printing-ink5-12x12.jpg 12w, https:\/\/shaliteink.com\/wp-content\/uploads\/2025\/07\/screen-printing-ink5-600x600.jpg 600w, https:\/\/shaliteink.com\/wp-content\/uploads\/2025\/07\/screen-printing-ink5.jpg 1080w\" sizes=\"(max-width: 1024px) 100vw, 1024px\" \/>\t\t\t<\/a>\n\t\t<\/div>\n\t\t<div class=\"wd-cat-content hover-mask\">\n\t\t\t<h3 class=\"wd-entities-title\">\n\t\t\t\tTinta de impresi\u00f3n NB\t\t\t<\/h3>\n\n\t\t\t\n\t\t\t\t\t<\/div>\n\n\t\t\t\t<a class=\"wd-fill category-link\" href=\"https:\/\/shaliteink.com\/es\/categoria-producto\/tinta-de-serigrafia-nb-sin-pvc\/\" aria-label=\"Product category pvc-free-nb-screen-printing-ink\"><\/a>\n\t\t\t<\/div>\n\n\t<\/div>\n\t\t\t\t\t\t\t\t\t\t\t\t\t\n<div class=\"wd-col category-grid-item wd-cat cat-design-center without-product-count product-category product\" data-loop=\"4\">\n\t\n\t<div class=\"wd-cat-inner wrapp-category\">\n\t\t<div class=\"wd-cat-thumb category-image-wrapp\">\n\t\t\t<a class=\"wd-cat-image category-image\" href=\"https:\/\/shaliteink.com\/es\/categoria-producto\/tinta-de-serigrafia-metalica\/\" aria-label=\"Tinta de serigraf\u00eda met\u00e1lica\">\n\t\t\t\t\n\t\t\t\t<img decoding=\"async\" width=\"1024\" height=\"1024\" src=\"https:\/\/shaliteink.com\/wp-content\/uploads\/2025\/07\/screen-printing-ink8.png\" class=\"attachment-large size-large\" alt=\"\" srcset=\"https:\/\/shaliteink.com\/wp-content\/uploads\/2025\/07\/screen-printing-ink8.png 1024w, https:\/\/shaliteink.com\/wp-content\/uploads\/2025\/07\/screen-printing-ink8-300x300.png 300w, https:\/\/shaliteink.com\/wp-content\/uploads\/2025\/07\/screen-printing-ink8-150x150.png 150w, https:\/\/shaliteink.com\/wp-content\/uploads\/2025\/07\/screen-printing-ink8-768x768.png 768w, https:\/\/shaliteink.com\/wp-content\/uploads\/2025\/07\/screen-printing-ink8-12x12.png 12w, https:\/\/shaliteink.com\/wp-content\/uploads\/2025\/07\/screen-printing-ink8-600x600.png 600w\" sizes=\"(max-width: 1024px) 100vw, 1024px\" \/>\t\t\t<\/a>\n\t\t<\/div>\n\t\t<div class=\"wd-cat-content hover-mask\">\n\t\t\t<h3 class=\"wd-entities-title\">\n\t\t\t\tTinta de serigraf\u00eda met\u00e1lica\t\t\t<\/h3>\n\n\t\t\t\n\t\t\t\t\t<\/div>\n\n\t\t\t\t<a class=\"wd-fill category-link\" href=\"https:\/\/shaliteink.com\/es\/categoria-producto\/tinta-de-serigrafia-metalica\/\" aria-label=\"Product category metallic-screen-printing-ink\"><\/a>\n\t\t\t<\/div>\n\n\t<\/div>\n\t\t\t\t\t\t\t\t\t\t\t<\/div>\n\t\t\t\t<\/div>\n\t\t\t\t\t\t\t\t\t\t\t<\/div>\n\t\t\t\t<\/div>\n\t\t\t\t<\/div>\n\t\t\t\t<\/div>","protected":false},"excerpt":{"rendered":"<p>Our company believe color is greater than simply a chemical formula. It&#8217;s a feeling, an expression, a story waiting to<\/p>","protected":false},"author":1,"featured_media":3836,"parent":0,"menu_order":0,"comment_status":"closed","ping_status":"closed","template":"elementor_header_footer","meta":{"footnotes":""},"class_list":["post-63","page","type-page","status-publish","has-post-thumbnail","hentry"],"_links":{"self":[{"href":"https:\/\/shaliteink.com\/es\/wp-json\/wp\/v2\/pages\/63","targetHints":{"allow":["GET"]}}],"collection":[{"href":"https:\/\/shaliteink.com\/es\/wp-json\/wp\/v2\/pages"}],"about":[{"href":"https:\/\/shaliteink.com\/es\/wp-json\/wp\/v2\/types\/page"}],"author":[{"embeddable":true,"href":"https:\/\/shaliteink.com\/es\/wp-json\/wp\/v2\/users\/1"}],"replies":[{"embeddable":true,"href":"https:\/\/shaliteink.com\/es\/wp-json\/wp\/v2\/comments?post=63"}],"version-history":[{"count":0,"href":"https:\/\/shaliteink.com\/es\/wp-json\/wp\/v2\/pages\/63\/revisions"}],"wp:featuredmedia":[{"embeddable":true,"href":"https:\/\/shaliteink.com\/es\/wp-json\/wp\/v2\/media\/3836"}],"wp:attachment":[{"href":"https:\/\/shaliteink.com\/es\/wp-json\/wp\/v2\/media?parent=63"}],"curies":[{"name":"wp","href":"https:\/\/api.w.org\/{rel}","templated":true}]}}