{"id":3169,"date":"2025-08-05T08:20:50","date_gmt":"2025-08-05T08:20:50","guid":{"rendered":"https:\/\/shaliteink.com\/?page_id=3169"},"modified":"2025-11-12T08:07:03","modified_gmt":"2025-11-12T08:07:03","slug":"conviertete-en-distribuidor-de-shaliteink","status":"publish","type":"page","link":"https:\/\/shaliteink.com\/es\/conviertete-en-distribuidor-de-shaliteink\/","title":{"rendered":"Convi\u00e9rtete en distribuidor de Shaliteink"},"content":{"rendered":"<div data-elementor-type=\"wp-page\" data-elementor-id=\"3169\" class=\"elementor elementor-3169\">\n\t\t\t\t<div class=\"wd-negative-gap elementor-element elementor-element-98134d0 e-flex e-con-boxed e-con e-parent\" data-id=\"98134d0\" data-element_type=\"container\">\n\t\t\t\t\t<div class=\"e-con-inner\">\n\t\t\t\t<div class=\"elementor-element elementor-element-a74ed14 color-scheme-inherit text-left elementor-widget elementor-widget-text-editor\" data-id=\"a74ed14\" data-element_type=\"widget\" data-widget_type=\"text-editor.default\">\n\t\t\t\t\t\t\t\t\t<p>Estamos buscando compa\u00f1eros apasionados para unirse a nuestro\u00a0<strong>tinta de serigraf\u00eda<\/strong>\u00a0Red internacional. Aproveche nuestros m\u00e1s de 20 a\u00f1os de experiencia en fabricaci\u00f3n y un producto de alta demanda para impulsar su \u00e9xito.<\/p>\t\t\t\t\t\t\t\t<\/div>\n\t\t\t\t\t<\/div>\n\t\t\t\t<\/div>\n\t\t<div class=\"elementor-element elementor-element-3cdecba e-flex e-con-boxed e-con e-parent\" data-id=\"3cdecba\" data-element_type=\"container\">\n\t\t\t\t\t<div class=\"e-con-inner\">\n\t\t<div class=\"elementor-element elementor-element-2f7ea91 e-con-full e-flex e-con e-child\" data-id=\"2f7ea91\" data-element_type=\"container\">\n\t\t\t\t<div class=\"elementor-element elementor-element-61e4154 elementor-widget elementor-widget-heading\" data-id=\"61e4154\" data-element_type=\"widget\" data-widget_type=\"heading.default\">\n\t\t\t\t\t<h2 class=\"elementor-heading-title elementor-size-default\">\u00bfPor qu\u00e9 elegir Shliteink?<\/h2>\t\t\t\t<\/div>\n\t\t\t\t<div class=\"elementor-element elementor-element-1d74b9b color-scheme-inherit text-left elementor-widget elementor-widget-text-editor\" data-id=\"1d74b9b\" data-element_type=\"widget\" data-widget_type=\"text-editor.default\">\n\t\t\t\t\t\t\t\t\t<p><strong>Excelentes m\u00e1rgenes de beneficio:<\/strong><br \/>Como el\u00a0<strong>fabricante de tintas para serigraf\u00eda<\/strong>, Ofrecemos precios directos y competitivos que eliminan a los intermediarios. Esta ventaja de venta directa de f\u00e1brica le permite maximizar su rentabilidad.<\/p><div class=\"elementor-element elementor-element-a6e31f8 color-scheme-inherit text-left elementor-widget elementor-widget-text-editor\" data-id=\"a6e31f8\" data-element_type=\"widget\" data-widget_type=\"text-editor.default\"><div class=\"elementor-widget-container\"><p><strong>Productos premium con gran demanda:<\/strong><br \/>Ofrecemos un producto con 20 a\u00f1os de I+D. Nuestras tintas son conocidas por su color vibrante, consistencia y durabilidad. Nuestro ingenioso...\u00a0<a href=\"https:\/\/shaliteink.com\/es\/categoria-producto\/tinta-plastisol-sin-pvc\/\"><strong>Tinta plastisol sin PVC<\/strong><\/a>\u00a0ofrece un diferenciador de mercado vital que los consumidores modernos buscan activamente.<\/p><p><strong>Soporte de socio dedicado:<\/strong><br \/>Prosperamos cuando usted prospera. Nuestros socios reciben asistencia completa, incluyendo acceso a fotograf\u00edas de productos premium, hojas de informaci\u00f3n tecnol\u00f3gica, productos de marketing y acceso a nuestro equipo de expertos para cualquier consulta.<\/p><p><strong>Suministro confiable y constante:<\/strong><br \/>Olv\u00eddese de la imprevisibilidad de la cadena de suministro. Al regular todo nuestro proceso de fabricaci\u00f3n, garantizamos un suministro estable y confiable, ayud\u00e1ndole a mantener sus estantes abastecidos y a sus clientes satisfechos.<\/p><\/div><\/div>\t\t\t\t\t\t\t\t<\/div>\n\t\t\t\t<\/div>\n\t\t<div class=\"elementor-element elementor-element-59d0d29 e-con-full e-flex e-con e-child\" data-id=\"59d0d29\" data-element_type=\"container\">\n\t\t\t\t<div class=\"elementor-element elementor-element-9e96560 elementor-widget elementor-widget-image\" data-id=\"9e96560\" data-element_type=\"widget\" data-widget_type=\"image.default\">\n\t\t\t\t\t\t\t\t\t\t\t\t\t\t\t<img decoding=\"async\" src=\"https:\/\/shaliteink.com\/wp-content\/uploads\/elementor\/thumbs\/plastisol-inks-shop-1-ra51hxx4t9zslhchxkmys5g6eqoh5sheythpk5wfqk.png\" title=\"Preguntas frecuentes sobre la tienda de tintas plastisol (1)\" alt=\"tienda de tintas plastisol (1)\" loading=\"lazy\" \/>\t\t\t\t\t\t\t\t\t\t\t\t\t\t\t<\/div>\n\t\t\t\t<\/div>\n\t\t\t\t\t<\/div>\n\t\t\t\t<\/div>\n\t\t<div class=\"elementor-element elementor-element-145d505 e-con-full wd-section-stretch e-flex e-con e-parent\" data-id=\"145d505\" data-element_type=\"container\" data-settings=\"{&quot;background_background&quot;:&quot;classic&quot;}\">\n\t\t<div class=\"elementor-element elementor-element-72b6062 e-con-full e-flex e-con e-child\" data-id=\"72b6062\" data-element_type=\"container\">\n\t\t\t\t<div class=\"elementor-element elementor-element-c98f6b1 elementor-widget elementor-widget-heading\" data-id=\"c98f6b1\" data-element_type=\"widget\" data-widget_type=\"heading.default\">\n\t\t\t\t\t<h2 class=\"elementor-heading-title elementor-size-default\">Nuestros socios ideales<\/h2>\t\t\t\t<\/div>\n\t\t\t\t<div class=\"elementor-element elementor-element-07c2f57 elementor-widget__width-initial elementor-widget elementor-widget-wd_text_block\" data-id=\"07c2f57\" data-element_type=\"widget\" data-widget_type=\"wd_text_block.default\">\n\t\t\t\t<div class=\"elementor-widget-container\">\n\t\t\t\t\t\t\t<div class=\"wd-text-block reset-last-child text-center color-scheme-light\">\n\t\t\t\n\t\t\t<p>Buscamos construir relaciones duraderas y exitosas con empresas que compartan nuestra pasi\u00f3n por la creatividad y la excelencia. Buscamos activamente compa\u00f1eros que:<\/p><ul><li>Minoristas establecidos: tiendas de suministros de impresi\u00f3n fuera de l\u00ednea o grandes supermercados.<\/li><li>L\u00edderes en comercio electr\u00f3nico: tiendas en l\u00ednea que se especializan en materiales y equipos innovadores.<\/li><li>Distribuidores Regionales: Empresas con una comunidad de distribuci\u00f3n presente y experiencia en la industria.<\/li><\/ul>\n\t\t\t\t\t<\/div>\n\t\t\t\t\t\t<\/div>\n\t\t\t\t<\/div>\n\t\t\t\t<\/div>\n\t\t\t\t<\/div>\n\t\t<div class=\"elementor-element elementor-element-1cccaf6 e-flex e-con-boxed e-con e-parent\" data-id=\"1cccaf6\" data-element_type=\"container\">\n\t\t\t\t\t<div class=\"e-con-inner\">\n\t\t\t\t<div class=\"elementor-element elementor-element-5cc50b5 elementor-widget__width-initial elementor-widget elementor-widget-wd_accordion\" data-id=\"5cc50b5\" data-element_type=\"widget\" data-widget_type=\"wd_accordion.default\">\n\t\t\t\t<div class=\"elementor-widget-container\">\n\t\t\t\t\t\n\t\t<div class=\"wd-accordion wd-style-shadow wd-titles-left wd-opener-pos-left wd-opener-style-arrow\" data-state=\"first\">\n\t\t\t\t\t\t\t\n\t\t\t\t<div class=\"wd-accordion-item\">\n\t\t\t\t\t<div class=\"wd-accordion-title wd-role-btn wd-active\" data-accordion-index=\"0\" tabindex=\"0\">\n\t\t\t\t\t\t<div class=\"wd-accordion-title-text color-scheme-dark\">\n\t\t\t\t\t\t\t\t\t\t\t\t\t\t<span>\n\t\t\t\t\t\t\t\t \u00bfExiste una cantidad m\u00ednima de pedido (MOQ)?\t\t\t\t\t\t\t<\/span>\n\t\t\t\t\t\t<\/div>\n\t\t\t\t\t\t<span class=\"wd-accordion-opener\"><\/span>\n\t\t\t\t\t<\/div>\n\n\t\t\t\t\t<div class=\"wd-accordion-content wd-entry-content wd-active color-scheme-dark\" data-accordion-index=\"0\">\n\t\t\t\t\t\t\t\t\t\t\t\t\t\n\t\t\t\t\t\t\t<p>S\u00ed, tenemos un requisito de pedido inicial para convertirnos en un distribuidor respetable, con un m\u00ednimo anual asequible para mantener la reputaci\u00f3n de nuestra asociaci\u00f3n. Esto se detallar\u00e1 en nuestro comunicado de seguimiento.<\/p>\n\t\t\t\t\t\t\t\t\t\t\t\t\t\t\t\t\t\t<\/div>\n\t\t\t\t<\/div>\n\t\t\t\t\t\t\t\n\t\t\t\t<div class=\"wd-accordion-item\">\n\t\t\t\t\t<div class=\"wd-accordion-title wd-role-btn\" data-accordion-index=\"1\" tabindex=\"0\">\n\t\t\t\t\t\t<div class=\"wd-accordion-title-text color-scheme-dark\">\n\t\t\t\t\t\t\t\t\t\t\t\t\t\t<span>\n\t\t\t\t\t\t\t\t \u00bfOfrecen territorios \u00fanicos?\t\t\t\t\t\t\t<\/span>\n\t\t\t\t\t\t<\/div>\n\t\t\t\t\t\t<span class=\"wd-accordion-opener\"><\/span>\n\t\t\t\t\t<\/div>\n\n\t\t\t\t\t<div class=\"wd-accordion-content wd-entry-content color-scheme-dark\" data-accordion-index=\"1\">\n\t\t\t\t\t\t\t\t\t\t\t\t\t\n\t\t\t\t\t\t\t<p>La exclusividad territorial se eval\u00faa caso por caso, en funci\u00f3n de su regi\u00f3n, volumen de negocio y penetraci\u00f3n de mercado. Nos comprometemos a crear un entorno justo y rentable para todos nuestros socios.<\/p>\n\t\t\t\t\t\t\t\t\t\t\t\t\t\t\t\t\t\t<\/div>\n\t\t\t\t<\/div>\n\t\t\t\t\t\t\t\n\t\t\t\t<div class=\"wd-accordion-item\">\n\t\t\t\t\t<div class=\"wd-accordion-title wd-role-btn\" data-accordion-index=\"2\" tabindex=\"0\">\n\t\t\t\t\t\t<div class=\"wd-accordion-title-text color-scheme-dark\">\n\t\t\t\t\t\t\t\t\t\t\t\t\t\t<span>\n\t\t\t\t\t\t\t\t \u00bfQu\u00e9 tipo de ayuda publicitaria ofrece?\t\t\t\t\t\t\t<\/span>\n\t\t\t\t\t\t<\/div>\n\t\t\t\t\t\t<span class=\"wd-accordion-opener\"><\/span>\n\t\t\t\t\t<\/div>\n\n\t\t\t\t\t<div class=\"wd-accordion-content wd-entry-content color-scheme-dark\" data-accordion-index=\"2\">\n\t\t\t\t\t\t\t\t\t\t\t\t\t\n\t\t\t\t\t\t\t<p>Los proveedores aprobados tienen acceso a nuestro portal de asociados, que incorpora im\u00e1genes de productos de alta resoluci\u00f3n, marcas comerciales, sugerencias de logotipos y hojas de informaci\u00f3n de productos para ayudarlo a comercializar Shaliteink correctamente.<\/p>\n\t\t\t\t\t\t\t\t\t\t\t\t\t\t\t\t\t\t<\/div>\n\t\t\t\t<\/div>\n\t\t\t\t\t<\/div>\n\t\t\t\t\t\t<\/div>\n\t\t\t\t<\/div>\n\t\t\t\t\t<\/div>\n\t\t\t\t<\/div>\n\t\t<div class=\"elementor-element elementor-element-1f0bb6a e-flex e-con-boxed e-con e-parent\" data-id=\"1f0bb6a\" data-element_type=\"container\">\n\t\t\t\t\t<div class=\"e-con-inner\">\n\t\t\t\t<div class=\"elementor-element elementor-element-f55cabe elementor-widget elementor-widget-heading\" data-id=\"f55cabe\" data-element_type=\"widget\" data-widget_type=\"heading.default\">\n\t\t\t\t\t<h2 class=\"elementor-heading-title elementor-size-default\">\u00bfListo para crecer con nosotros? \u00a1Cu\u00e9ntanos sobre tu negocio!<\/h2>\t\t\t\t<\/div>\n\t\t\t\t<div class=\"elementor-element elementor-element-64f9b80 elementor-widget elementor-widget-wpforms\" data-id=\"64f9b80\" data-element_type=\"widget\" data-widget_type=\"wpforms.default\">\n\t\t\t\t<div class=\"elementor-widget-container\">\n\t\t\t\t\t<style id=\"wpforms-css-vars-elementor-widget-64f9b80\">\n\t\t\t\t.elementor-widget-wpforms.elementor-element-64f9b80 {\n\t\t\t\t--wpforms-field-border-color: #000000;\n--wpforms-field-border-color-spare: #000000;\n--wpforms-field-text-color: #444444;\n--wpforms-label-color: #262626;\n--wpforms-label-sublabel-color: #7f7f7f;\n--wpforms-label-error-color: #ff0000;\n--wpforms-button-border-style: solid;\n--wpforms-button-background-color: #0D52D6;\n--wpforms-button-text-color: #FFFFFF;\n--wpforms-page-break-color: #dddddd;\n--wpforms-button-border-color: #0D52D6;\n--wpforms-label-size-font-size: 14px;\n--wpforms-label-size-line-height: 17px;\n--wpforms-label-size-sublabel-font-size: 13px;\n--wpforms-label-size-sublabel-line-height: 16px;\n\t\t\t}\n\t\t\t<\/style><div class=\"wpforms-container wpforms-container-full wpforms-render-modern\" id=\"wpforms-2897\"><form id=\"wpforms-form-2897\" class=\"wpforms-validate wpforms-form wpforms-ajax-form\" data-formid=\"2897\" method=\"post\" enctype=\"multipart\/form-data\" action=\"\/es\/wp-json\/wp\/v2\/pages\/3169\" data-token=\"68a6ffb1f84a99091b2f3707f0a6b78d\" data-token-time=\"1775809069\" data-trp-original-action=\"\/es\/wp-json\/wp\/v2\/pages\/3169\"><noscript class=\"wpforms-error-noscript\">Habilite JavaScript en su navegador para completar este formulario.<\/noscript><div id=\"wpforms-error-noscript\" style=\"display: none;\">Habilite JavaScript en su navegador para completar este formulario.<\/div><div class=\"wpforms-field-container\"><div id=\"wpforms-2897-field_8-container\" class=\"wpforms-field wpforms-field-name\" data-field-id=\"8\"><fieldset><legend class=\"wpforms-field-label\">Nombre <span class=\"wpforms-required-label\" aria-hidden=\"true\">*<\/span><\/legend><div class=\"wpforms-field-row wpforms-field-medium\"><div class=\"wpforms-field-row-block wpforms-first wpforms-one-half\"><input type=\"text\" id=\"wpforms-2897-field_8\" class=\"wpforms-field-name-first wpforms-field-required\" name=\"wpforms[fields][8][first]\" aria-errormessage=\"wpforms-2897-field_8-error\" required><label for=\"wpforms-2897-field_8\" class=\"wpforms-field-sublabel after\">Primero<\/label><\/div><div class=\"wpforms-field-row-block wpforms-one-half\"><input type=\"text\" id=\"wpforms-2897-field_8-last\" class=\"wpforms-field-name-last wpforms-field-required\" name=\"wpforms[fields][8][last]\" aria-errormessage=\"wpforms-2897-field_8-last-error\" required><label for=\"wpforms-2897-field_8-last\" class=\"wpforms-field-sublabel after\">\u00daltimo<\/label><\/div><\/div><\/fieldset><\/div><div id=\"wpforms-2897-field_4-container\" class=\"wpforms-field wpforms-field-email\" data-field-id=\"4\"><label class=\"wpforms-field-label\" for=\"wpforms-2897-field_4\">Correo electr\u00f3nico <span class=\"wpforms-required-label\" aria-hidden=\"true\">*<\/span><\/label><input type=\"email\" id=\"wpforms-2897-field_4\" class=\"wpforms-field-medium wpforms-field-required\" name=\"wpforms[fields][4]\" spellcheck=\"false\" aria-errormessage=\"wpforms-2897-field_4-error\" required><\/div><div id=\"wpforms-2897-field_7-container\" class=\"wpforms-field wpforms-field-text\" data-field-id=\"7\"><label class=\"wpforms-field-label\" for=\"wpforms-2897-field_7\">Pa\u00eds<\/label><input type=\"text\" id=\"wpforms-2897-field_7\" class=\"wpforms-field-medium\" name=\"wpforms[fields][7]\" aria-errormessage=\"wpforms-2897-field_7-error\" ><\/div>\t\t<div id=\"wpforms-2897-field_1-container\"\n\t\t\tclass=\"wpforms-field wpforms-field-text\"\n\t\t\tdata-field-type=\"text\"\n\t\t\tdata-field-id=\"1\"\n\t\t\t>\n\t\t\t<label class=\"wpforms-field-label\" for=\"wpforms-2897-field_1\" >Correo electr\u00f3nico Nombre Mensaje<\/label>\n\t\t\t<input type=\"text\" id=\"wpforms-2897-field_1\" class=\"wpforms-field-medium\" name=\"wpforms[fields][1]\" >\n\t\t<\/div>\n\t\t<div id=\"wpforms-2897-field_5-container\" class=\"wpforms-field wpforms-field-number\" data-field-id=\"5\"><label class=\"wpforms-field-label\" for=\"wpforms-2897-field_5\">N\u00fameros<\/label><input type=\"number\" id=\"wpforms-2897-field_5\" class=\"wpforms-field-medium\" name=\"wpforms[fields][5]\" step=\"any\" aria-errormessage=\"wpforms-2897-field_5-error\" ><\/div><div id=\"wpforms-2897-field_6-container\" class=\"wpforms-field wpforms-field-textarea\" data-field-id=\"6\"><label class=\"wpforms-field-label\" for=\"wpforms-2897-field_6\">Mensaje <span class=\"wpforms-required-label\" aria-hidden=\"true\">*<\/span><\/label><textarea id=\"wpforms-2897-field_6\" class=\"wpforms-field-medium wpforms-field-required\" name=\"wpforms[fields][6]\" aria-errormessage=\"wpforms-2897-field_6-error\" required><\/textarea><\/div><script>\n\t\t\t\t( function() {\n\t\t\t\t\tconst style = document.createElement( 'style' );\n\t\t\t\t\tstyle.appendChild( document.createTextNode( '#wpforms-2897-field_1-container { position: absolute !important; overflow: hidden !important; display: inline !important; height: 1px !important; width: 1px !important; z-index: -1000 !important; padding: 0 !important; } #wpforms-2897-field_1-container input { visibility: hidden; } #wpforms-conversational-form-page #wpforms-2897-field_1-container label { counter-increment: none; }' ) );\n\t\t\t\t\tdocument.head.appendChild( style );\n\t\t\t\t\tdocument.currentScript?.remove();\n\t\t\t\t} )();\n\t\t\t<\/script><\/div><!-- .wpforms-field-container --><div class=\"wpforms-submit-container\" ><input type=\"hidden\" name=\"wpforms[id]\" value=\"2897\"><input type=\"hidden\" name=\"page_title\" value=\"\"><input type=\"hidden\" name=\"page_url\" value=\"https:\/\/shaliteink.com\/es\/wp-json\/wp\/v2\/pages\/3169\"><input type=\"hidden\" name=\"url_referer\" value=\"\"><button type=\"submit\" name=\"wpforms[submit]\" id=\"wpforms-submit-2897\" class=\"wpforms-submit\" data-alt-text=\"Sending...\" data-submit-text=\"Submit\" aria-live=\"assertive\" value=\"wpforms-submit\">Entregar<\/button><img decoding=\"async\" src=\"https:\/\/shaliteink.com\/wp-content\/plugins\/wpforms\/assets\/images\/submit-spin.svg\" class=\"wpforms-submit-spinner\" style=\"display: none;\" width=\"26\" height=\"26\" alt=\"Loading\"><\/div><input type=\"hidden\" name=\"trp-form-language\" value=\"es\"\/><\/form><\/div>  <!-- .wpforms-container -->\t\t\t\t<\/div>\n\t\t\t\t<\/div>\n\t\t\t\t<div class=\"elementor-element elementor-element-27a6685 elementor-widget elementor-widget-spacer\" data-id=\"27a6685\" data-element_type=\"widget\" data-widget_type=\"spacer.default\">\n\t\t\t\t\t\t\t<div class=\"elementor-spacer\">\n\t\t\t<div class=\"elementor-spacer-inner\"><\/div>\n\t\t<\/div>\n\t\t\t\t\t\t<\/div>\n\t\t\t\t\t<\/div>\n\t\t\t\t<\/div>\n\t\t\t\t<\/div>","protected":false},"excerpt":{"rendered":"<p>Buscamos personas apasionadas que se unan a nuestra red internacional de tintas para serigraf\u00eda. Aproveche nuestros m\u00e1s de 20 a\u00f1os de experiencia en la fabricaci\u00f3n de tintas y...<\/p>","protected":false},"author":1,"featured_media":3718,"parent":0,"menu_order":0,"comment_status":"closed","ping_status":"closed","template":"","meta":{"footnotes":""},"class_list":["post-3169","page","type-page","status-publish","has-post-thumbnail","hentry"],"_links":{"self":[{"href":"https:\/\/shaliteink.com\/es\/wp-json\/wp\/v2\/pages\/3169","targetHints":{"allow":["GET"]}}],"collection":[{"href":"https:\/\/shaliteink.com\/es\/wp-json\/wp\/v2\/pages"}],"about":[{"href":"https:\/\/shaliteink.com\/es\/wp-json\/wp\/v2\/types\/page"}],"author":[{"embeddable":true,"href":"https:\/\/shaliteink.com\/es\/wp-json\/wp\/v2\/users\/1"}],"replies":[{"embeddable":true,"href":"https:\/\/shaliteink.com\/es\/wp-json\/wp\/v2\/comments?post=3169"}],"version-history":[{"count":0,"href":"https:\/\/shaliteink.com\/es\/wp-json\/wp\/v2\/pages\/3169\/revisions"}],"wp:featuredmedia":[{"embeddable":true,"href":"https:\/\/shaliteink.com\/es\/wp-json\/wp\/v2\/media\/3718"}],"wp:attachment":[{"href":"https:\/\/shaliteink.com\/es\/wp-json\/wp\/v2\/media?parent=3169"}],"curies":[{"name":"wp","href":"https:\/\/api.w.org\/{rel}","templated":true}]}}