{"id":2956,"date":"2025-08-01T10:56:11","date_gmt":"2025-08-01T10:56:11","guid":{"rendered":"https:\/\/shaliteink.com\/?page_id=2956"},"modified":"2025-11-12T06:51:17","modified_gmt":"2025-11-12T06:51:17","slug":"preguntas-frecuentes","status":"publish","type":"page","link":"https:\/\/shaliteink.com\/es\/preguntas-frecuentes\/","title":{"rendered":"Preguntas frecuentes"},"content":{"rendered":"<div data-elementor-type=\"wp-page\" data-elementor-id=\"2956\" class=\"elementor elementor-2956\">\n\t\t\t\t<div class=\"wd-negative-gap elementor-element elementor-element-d31b16d e-flex e-con-boxed e-con e-parent\" data-id=\"d31b16d\" data-element_type=\"container\">\n\t\t\t\t\t<div class=\"e-con-inner\">\n\t\t\t\t<div class=\"elementor-element elementor-element-b75f4b2 color-scheme-inherit text-left elementor-widget elementor-widget-text-editor\" data-id=\"b75f4b2\" data-element_type=\"widget\" data-widget_type=\"text-editor.default\">\n\t\t\t\t\t\t\t\t\t<p>\u00a1Bienvenido a nuestro Centro de Ayuda! Hemos recopilado las respuestas a nuestras preguntas m\u00e1s frecuentes a continuaci\u00f3n. Si tiene alguna pregunta sobre nuestro... <a href=\"https:\/\/shaliteink.com\/es\/screen-printing-ink\/\">tintas de serigraf\u00eda<\/a>, Si necesita una sugerencia de impresi\u00f3n o tiene alguna duda sobre su pedido, est\u00e1 en el lugar correcto. Si no encuentra la respuesta a continuaci\u00f3n, no dude en contactarnos. <a href=\"https:\/\/shaliteink.com\/es\/contactanos\/\">Cont\u00e1ctanos<\/a>.<\/p>\t\t\t\t\t\t\t\t<\/div>\n\t\t\t\t\t<\/div>\n\t\t\t\t<\/div>\n\t\t<div class=\"wd-negative-gap elementor-element elementor-element-63928a3 e-flex e-con-boxed e-con e-parent\" data-id=\"63928a3\" data-element_type=\"container\">\n\t\t\t\t\t<div class=\"e-con-inner\">\n\t\t\t\t<div class=\"elementor-element elementor-element-b2507e6 elementor-widget elementor-widget-heading\" data-id=\"b2507e6\" data-element_type=\"widget\" data-widget_type=\"heading.default\">\n\t\t\t\t\t<h2 class=\"elementor-heading-title elementor-size-default\">Primeros pasos y preguntas generales<\/h2>\t\t\t\t<\/div>\n\t\t\t\t<div class=\"elementor-element elementor-element-01efd9d elementor-widget elementor-widget-wd_accordion\" data-id=\"01efd9d\" data-element_type=\"widget\" data-widget_type=\"wd_accordion.default\">\n\t\t\t\t<div class=\"elementor-widget-container\">\n\t\t\t\t\t\n\t\t<div class=\"wd-accordion wd-style-shadow wd-titles-left wd-opener-pos-left wd-opener-style-arrow\" data-state=\"first\">\n\t\t\t\t\t\t\t\n\t\t\t\t<div class=\"wd-accordion-item\">\n\t\t\t\t\t<div class=\"wd-accordion-title wd-role-btn wd-active\" data-accordion-index=\"0\" tabindex=\"0\">\n\t\t\t\t\t\t<div class=\"wd-accordion-title-text\">\n\t\t\t\t\t\t\t\t\t\t\t\t\t\t<span>\n\t\t\t\t\t\t\t\tSoy nuevo en serigraf\u00eda. \u00bfCon qu\u00e9 tinta deber\u00eda empezar?\t\t\t\t\t\t\t<\/span>\n\t\t\t\t\t\t<\/div>\n\t\t\t\t\t\t<span class=\"wd-accordion-opener\"><\/span>\n\t\t\t\t\t<\/div>\n\n\t\t\t\t\t<div class=\"wd-accordion-content wd-entry-content wd-active\" data-accordion-index=\"0\">\n\t\t\t\t\t\t\t\t\t\t\t\t\t\n\t\t\t\t\t\t\t<p>Bienvenido al innovador mundo de <strong>serigraf\u00eda<\/strong>Para principiantes, recomendamos nuestra tinta Plastisol. Es muy sencilla, ya que no se seca en la pantalla, lo que te da mucho tiempo para trabajar. Si te apasiona la sostenibilidad y buscas una sensaci\u00f3n extrasuave, nuestra... <strong>Tinta plastisol sin PVC<\/strong> Es una opci\u00f3n maravillosa y muy f\u00e1cil de usar. Para obtener la mejor relaci\u00f3n calidad-precio, consulte nuestra <strong>Tinta de serigraf\u00eda<\/strong> Paquetes que contienen nuestros tonos m\u00e1s populares.<\/p>\n\t\t\t\t\t\t\t\t\t\t\t\t\t\t\t\t\t\t<\/div>\n\t\t\t\t<\/div>\n\t\t\t\t\t\t\t\n\t\t\t\t<div class=\"wd-accordion-item\">\n\t\t\t\t\t<div class=\"wd-accordion-title wd-role-btn\" data-accordion-index=\"1\" tabindex=\"0\">\n\t\t\t\t\t\t<div class=\"wd-accordion-title-text\">\n\t\t\t\t\t\t\t\t\t\t\t\t\t\t<span>\n\t\t\t\t\t\t\t\t\u00bfQu\u00e9 equipo necesito para curar sus tintas plastisol en casa?\t\t\t\t\t\t\t<\/span>\n\t\t\t\t\t\t<\/div>\n\t\t\t\t\t\t<span class=\"wd-accordion-opener\"><\/span>\n\t\t\t\t\t<\/div>\n\n\t\t\t\t\t<div class=\"wd-accordion-content wd-entry-content\" data-accordion-index=\"1\">\n\t\t\t\t\t\t\t\t\t\t\t\t\t\n\t\t\t\t\t\t\t<p>\u00a1Excelente consulta! Si bien una prensa en caliente experta es el criterio de la industria para la uniformidad, definitivamente puede solucionar nuestro problema. <strong>tintas plastisol<\/strong> En casa. Una pistola de calor de alta calidad es una opci\u00f3n popular para quienes prefieren el bricolaje. Tambi\u00e9n puede usar un horno dom\u00e9stico, pero h\u00e1galo con mucho cuidado, con buena ventilaci\u00f3n y util\u00edcelo solo para imprimir, no para cocinar despu\u00e9s. El truco est\u00e1 en asegurarse de que toda la capa de tinta alcance su temperatura de curado completa (normalmente 160 \u00b0C\/320 \u00b0F).<\/p>\n\t\t\t\t\t\t\t\t\t\t\t\t\t\t\t\t\t\t<\/div>\n\t\t\t\t<\/div>\n\t\t\t\t\t\t\t\n\t\t\t\t<div class=\"wd-accordion-item\">\n\t\t\t\t\t<div class=\"wd-accordion-title wd-role-btn\" data-accordion-index=\"2\" tabindex=\"0\">\n\t\t\t\t\t\t<div class=\"wd-accordion-title-text\">\n\t\t\t\t\t\t\t\t\t\t\t\t\t\t<span>\n\t\t\t\t\t\t\t\t\u00bfPuedo mezclar sus tintas para crear colores personalizados?\t\t\t\t\t\t\t<\/span>\n\t\t\t\t\t\t<\/div>\n\t\t\t\t\t\t<span class=\"wd-accordion-opener\"><\/span>\n\t\t\t\t\t<\/div>\n\n\t\t\t\t\t<div class=\"wd-accordion-content wd-entry-content\" data-accordion-index=\"2\">\n\t\t\t\t\t\t\t\t\t\t\t\t\t\n\t\t\t\t\t\t\t<p>\u00a1S\u00ed, por supuesto! Puedes mezclar cualquiera de nuestras tintas plastisol est\u00e1ndar para crear tus propios tonos \u00fanicos. Recomendamos mezclar tintas de la misma serie (por ejemplo, plastisol est\u00e1ndar con plastisol com\u00fan) para obtener resultados m\u00e1s predecibles y fiables. No recomendamos mezclar nuestras tintas. <strong>tintas especiales<\/strong> como Puff o Glitter sin probar primero, ya que puede modificar su impacto especial.<\/p>\n\t\t\t\t\t\t\t\t\t\t\t\t\t\t\t\t\t\t<\/div>\n\t\t\t\t<\/div>\n\t\t\t\t\t<\/div>\n\t\t\t\t\t\t<\/div>\n\t\t\t\t<\/div>\n\t\t\t\t\t<\/div>\n\t\t\t\t<\/div>\n\t\t<div class=\"wd-negative-gap elementor-element elementor-element-01e6a77 e-flex e-con-boxed e-con e-parent\" data-id=\"01e6a77\" data-element_type=\"container\">\n\t\t\t\t\t<div class=\"e-con-inner\">\n\t\t\t\t<div class=\"elementor-element elementor-element-8144c39 elementor-widget elementor-widget-heading\" data-id=\"8144c39\" data-element_type=\"widget\" data-widget_type=\"heading.default\">\n\t\t\t\t\t<h2 class=\"elementor-heading-title elementor-size-default\">Nuestras tintas: Los detalles<\/h2>\t\t\t\t<\/div>\n\t\t\t\t<div class=\"elementor-element elementor-element-03e97d0 elementor-widget elementor-widget-wd_accordion\" data-id=\"03e97d0\" data-element_type=\"widget\" data-widget_type=\"wd_accordion.default\">\n\t\t\t\t<div class=\"elementor-widget-container\">\n\t\t\t\t\t\n\t\t<div class=\"wd-accordion wd-style-shadow wd-titles-left wd-opener-pos-left wd-opener-style-arrow\" data-state=\"first\">\n\t\t\t\t\t\t\t\n\t\t\t\t<div class=\"wd-accordion-item\">\n\t\t\t\t\t<div class=\"wd-accordion-title wd-role-btn wd-active\" data-accordion-index=\"0\" tabindex=\"0\">\n\t\t\t\t\t\t<div class=\"wd-accordion-title-text\">\n\t\t\t\t\t\t\t\t\t\t\t\t\t\t<span>\n\t\t\t\t\t\t\t\t\u00bfQu\u00e9 es exactamente la tinta plastisol sin PVC y por qu\u00e9 es mejor?\t\t\t\t\t\t\t<\/span>\n\t\t\t\t\t\t<\/div>\n\t\t\t\t\t\t<span class=\"wd-accordion-opener\"><\/span>\n\t\t\t\t\t<\/div>\n\n\t\t\t\t\t<div class=\"wd-accordion-content wd-entry-content wd-active\" data-accordion-index=\"0\">\n\t\t\t\t\t\t\t\t\t\t\t\t\t\n\t\t\t\t\t\t\t<p><strong>Por qu\u00e9 es mejor:<\/strong><br \/><strong>M\u00e1s seguro:<\/strong> No contiene PVC ni ftalatos, lo que lo convierte en una opci\u00f3n mucho mejor para imprimir ropa para ni\u00f1os y para cualquier persona que trabaje en un entorno dom\u00e9stico o institucional.<br \/><strong>Ecol\u00f3gico:<\/strong> Es una opci\u00f3n mucho m\u00e1s sostenible y respetuosa con el medio ambiente.<br \/><strong>Excepcionalmente suave:<\/strong> Genera una &quot;sensaci\u00f3n de suavidad&quot;, lo que implica que la impresi\u00f3n final realmente se siente menos como una capa de pl\u00e1stico y m\u00e1s como parte del tejido mismo.<br \/>Rendimiento profesional: obtiene todos los beneficios del plastisol est\u00e1ndar (color vivo, opacidad fant\u00e1stica y simplicidad de uso) sin comprometer nada.<\/p>\n\t\t\t\t\t\t\t\t\t\t\t\t\t\t\t\t\t\t<\/div>\n\t\t\t\t<\/div>\n\t\t\t\t\t\t\t\n\t\t\t\t<div class=\"wd-accordion-item\">\n\t\t\t\t\t<div class=\"wd-accordion-title wd-role-btn\" data-accordion-index=\"1\" tabindex=\"0\">\n\t\t\t\t\t\t<div class=\"wd-accordion-title-text\">\n\t\t\t\t\t\t\t\t\t\t\t\t\t\t<span>\n\t\t\t\t\t\t\t\t\u00bfCu\u00e1l es la vida \u00fatil de sus tintas?\t\t\t\t\t\t\t<\/span>\n\t\t\t\t\t\t<\/div>\n\t\t\t\t\t\t<span class=\"wd-accordion-opener\"><\/span>\n\t\t\t\t\t<\/div>\n\n\t\t\t\t\t<div class=\"wd-accordion-content wd-entry-content\" data-accordion-index=\"1\">\n\t\t\t\t\t\t\t\t\t\t\t\t\t\n\t\t\t\t\t\t\t<p>Cuando se almacena adecuadamente en un lugar fresco y seco con la tapa bien sellada, nuestro <strong>tintas plastisol<\/strong> Tienen una vida \u00fatil excepcional, que suele durar m\u00e1s de un a\u00f1o. Con el tiempo, es normal que se agrieten. Simplemente remueva bien la tinta antes de usarla para recuperar su consistencia suave y aterciopelada.<\/p>\n\t\t\t\t\t\t\t\t\t\t\t\t\t\t\t\t\t\t<\/div>\n\t\t\t\t<\/div>\n\t\t\t\t\t<\/div>\n\t\t\t\t\t\t<\/div>\n\t\t\t\t<\/div>\n\t\t\t\t\t<\/div>\n\t\t\t\t<\/div>\n\t\t<div class=\"wd-negative-gap elementor-element elementor-element-bb82c2c e-flex e-con-boxed e-con e-parent\" data-id=\"bb82c2c\" data-element_type=\"container\">\n\t\t\t\t\t<div class=\"e-con-inner\">\n\t\t\t\t<div class=\"elementor-element elementor-element-329f3e6 elementor-widget elementor-widget-heading\" data-id=\"329f3e6\" data-element_type=\"widget\" data-widget_type=\"heading.default\">\n\t\t\t\t\t<h2 class=\"elementor-heading-title elementor-size-default\">El proceso de impresi\u00f3n y curado<\/h2>\t\t\t\t<\/div>\n\t\t\t\t<div class=\"elementor-element elementor-element-969b6c3 elementor-widget elementor-widget-wd_accordion\" data-id=\"969b6c3\" data-element_type=\"widget\" data-widget_type=\"wd_accordion.default\">\n\t\t\t\t<div class=\"elementor-widget-container\">\n\t\t\t\t\t\n\t\t<div class=\"wd-accordion wd-style-shadow wd-titles-left wd-opener-pos-left wd-opener-style-arrow\" data-state=\"first\">\n\t\t\t\t\t\t\t\n\t\t\t\t<div class=\"wd-accordion-item\">\n\t\t\t\t\t<div class=\"wd-accordion-title wd-role-btn wd-active\" data-accordion-index=\"0\" tabindex=\"0\">\n\t\t\t\t\t\t<div class=\"wd-accordion-title-text\">\n\t\t\t\t\t\t\t\t\t\t\t\t\t\t<span>\n\t\t\t\t\t\t\t\t\u00bfC\u00f3mo s\u00e9 cuando mi tinta est\u00e1 completamente curada?\t\t\t\t\t\t\t<\/span>\n\t\t\t\t\t\t<\/div>\n\t\t\t\t\t\t<span class=\"wd-accordion-opener\"><\/span>\n\t\t\t\t\t<\/div>\n\n\t\t\t\t\t<div class=\"wd-accordion-content wd-entry-content wd-active\" data-accordion-index=\"0\">\n\t\t\t\t\t\t\t\t\t\t\t\t\t\n\t\t\t\t\t\t\t<p>El m\u00e9todo de &quot;examen de estiramiento&quot; es el m\u00e1s confiable. Una vez que la impresi\u00f3n se haya enfriado, extienda suavemente el \u00e1rea impresa entre 2,5 y 5 cm. Si la tinta se estira con el material y no muestra signos de agrietamiento, est\u00e1 completamente curada. Si se agrieta, requiere mucho m\u00e1s calor. Una impresi\u00f3n poco curada no sobrevivir\u00e1 al primer lavado.<\/p>\n\t\t\t\t\t\t\t\t\t\t\t\t\t\t\t\t\t\t<\/div>\n\t\t\t\t<\/div>\n\t\t\t\t\t\t\t\n\t\t\t\t<div class=\"wd-accordion-item\">\n\t\t\t\t\t<div class=\"wd-accordion-title wd-role-btn\" data-accordion-index=\"1\" tabindex=\"0\">\n\t\t\t\t\t\t<div class=\"wd-accordion-title-text\">\n\t\t\t\t\t\t\t\t\t\t\t\t\t\t<span>\n\t\t\t\t\t\t\t\t\u00bfEn qu\u00e9 tipos de telas puedo imprimir con sus tintas?\t\t\t\t\t\t\t<\/span>\n\t\t\t\t\t\t<\/div>\n\t\t\t\t\t\t<span class=\"wd-accordion-opener\"><\/span>\n\t\t\t\t\t<\/div>\n\n\t\t\t\t\t<div class=\"wd-accordion-content wd-entry-content\" data-accordion-index=\"1\">\n\t\t\t\t\t\t\t\t\t\t\t\t\t\n\t\t\t\t\t\t\t<p>Nuestras tintas plastisol son incre\u00edblemente vers\u00e1tiles y funcionan mejor con algod\u00f3n 100%, mezclas 50\/50 de algod\u00f3n y poli\u00e9ster, y muchas mezclas tri-mezcla. Para el poli\u00e9ster 100% u otros textiles sint\u00e9ticos, tenga en cuenta el &quot;movimiento de color&quot; (cuando el tinte del textil se difumina en la tinta). Para estos, recomendamos usar una tinta blanca de bajo sangrado como base. \u00a1Siempre haga primero una impresi\u00f3n de prueba en un trozo de tela!<\/p>\n\t\t\t\t\t\t\t\t\t\t\t\t\t\t\t\t\t\t<\/div>\n\t\t\t\t<\/div>\n\t\t\t\t\t\t\t\n\t\t\t\t<div class=\"wd-accordion-item\">\n\t\t\t\t\t<div class=\"wd-accordion-title wd-role-btn\" data-accordion-index=\"2\" tabindex=\"0\">\n\t\t\t\t\t\t<div class=\"wd-accordion-title-text\">\n\t\t\t\t\t\t\t\t\t\t\t\t\t\t<span>\n\t\t\t\t\t\t\t\t\u00bfC\u00f3mo limpio la tinta plastisol de mis pantallas y herramientas?\t\t\t\t\t\t\t<\/span>\n\t\t\t\t\t\t<\/div>\n\t\t\t\t\t\t<span class=\"wd-accordion-opener\"><\/span>\n\t\t\t\t\t<\/div>\n\n\t\t\t\t\t<div class=\"wd-accordion-content wd-entry-content\" data-accordion-index=\"2\">\n\t\t\t\t\t\t\t\t\t\t\t\t\t\n\t\t\t\t\t\t\t<p>Una de las ventajas del plastisol es que no se seca completamente al difuminarse. Para limpiarlo, necesitar\u00e1 un disolvente especial. Recomendamos usar un limpiador de pantallas espec\u00edfico para plastisol o un degradador de tinta. Simplemente aplique el limpiador, frote con un cepillo suave o un pa\u00f1o para disolver la tinta y limpie la pantalla.<\/p>\n\t\t\t\t\t\t\t\t\t\t\t\t\t\t\t\t\t\t<\/div>\n\t\t\t\t<\/div>\n\t\t\t\t\t<\/div>\n\t\t\t\t\t\t<\/div>\n\t\t\t\t<\/div>\n\t\t\t\t\t<\/div>\n\t\t\t\t<\/div>\n\t\t<div class=\"wd-negative-gap elementor-element elementor-element-3733777 e-flex e-con-boxed e-con e-parent\" data-id=\"3733777\" data-element_type=\"container\">\n\t\t\t\t\t<div class=\"e-con-inner\">\n\t\t\t\t<div class=\"elementor-element elementor-element-07784a3 elementor-widget elementor-widget-heading\" data-id=\"07784a3\" data-element_type=\"widget\" data-widget_type=\"heading.default\">\n\t\t\t\t\t<h2 class=\"elementor-heading-title elementor-size-default\">Pedidos y env\u00edos<\/h2>\t\t\t\t<\/div>\n\t\t\t\t<div class=\"elementor-element elementor-element-09ffae7 elementor-widget elementor-widget-wd_accordion\" data-id=\"09ffae7\" data-element_type=\"widget\" data-widget_type=\"wd_accordion.default\">\n\t\t\t\t<div class=\"elementor-widget-container\">\n\t\t\t\t\t\n\t\t<div class=\"wd-accordion wd-style-shadow wd-titles-left wd-opener-pos-left wd-opener-style-arrow\" data-state=\"first\">\n\t\t\t\t\t\t\t\n\t\t\t\t<div class=\"wd-accordion-item\">\n\t\t\t\t\t<div class=\"wd-accordion-title wd-role-btn wd-active\" data-accordion-index=\"0\" tabindex=\"0\">\n\t\t\t\t\t\t<div class=\"wd-accordion-title-text\">\n\t\t\t\t\t\t\t\t\t\t\t\t\t\t<span>\n\t\t\t\t\t\t\t\t\u00bfCu\u00e1nto tiempo tardar\u00e9 en recibir mi pedido?\t\t\t\t\t\t\t<\/span>\n\t\t\t\t\t\t<\/div>\n\t\t\t\t\t\t<span class=\"wd-accordion-opener\"><\/span>\n\t\t\t\t\t<\/div>\n\n\t\t\t\t\t<div class=\"wd-accordion-content wd-entry-content wd-active\" data-accordion-index=\"0\">\n\t\t\t\t\t\t\t\t\t\t\t\t\t\n\t\t\t\t\t\t\t<p>Procesamos los pedidos en un plazo de 1 a 2 d\u00edas laborables. El tiempo de env\u00edo depender\u00e1 de su ubicaci\u00f3n y del m\u00e9todo de env\u00edo que seleccione al finalizar la compra. Recibir\u00e1 un correo electr\u00f3nico de confirmaci\u00f3n de env\u00edo con un n\u00famero de seguimiento en cuanto su pedido salga de nuestro taller. Para m\u00e1s informaci\u00f3n, consulte nuestra <a href=\"https:\/\/shaliteink.com\/es\/politicas-de-devolucion-de-envios\/\"><strong>Pol\u00edtica de env\u00edos<\/strong><\/a>.<\/p>\n\t\t\t\t\t\t\t\t\t\t\t\t\t\t\t\t\t\t<\/div>\n\t\t\t\t<\/div>\n\t\t\t\t\t\t\t\n\t\t\t\t<div class=\"wd-accordion-item\">\n\t\t\t\t\t<div class=\"wd-accordion-title wd-role-btn\" data-accordion-index=\"1\" tabindex=\"0\">\n\t\t\t\t\t\t<div class=\"wd-accordion-title-text\">\n\t\t\t\t\t\t\t\t\t\t\t\t\t\t<span>\n\t\t\t\t\t\t\t\t\u00bfHacen env\u00edos internacionales?\t\t\t\t\t\t\t<\/span>\n\t\t\t\t\t\t<\/div>\n\t\t\t\t\t\t<span class=\"wd-accordion-opener\"><\/span>\n\t\t\t\t\t<\/div>\n\n\t\t\t\t\t<div class=\"wd-accordion-content wd-entry-content\" data-accordion-index=\"1\">\n\t\t\t\t\t\t\t\t\t\t\t\t\t\n\t\t\t\t\t\t\t<p>S\u00ed, \u00a1nos enorgullece entregar nuestras tintas a creadores de todo el mundo! Los precios y plazos de env\u00edo internacional var\u00edan seg\u00fan el pa\u00eds. Tenga en cuenta que su pedido puede estar sujeto a aranceles de importaci\u00f3n o cargos aduaneros, los cuales son determinados por el gobierno federal de su pa\u00eds y son responsabilidad del destinatario.<\/p>\n\t\t\t\t\t\t\t\t\t\t\t\t\t\t\t\t\t\t<\/div>\n\t\t\t\t<\/div>\n\t\t\t\t\t\t\t\n\t\t\t\t<div class=\"wd-accordion-item\">\n\t\t\t\t\t<div class=\"wd-accordion-title wd-role-btn\" data-accordion-index=\"2\" tabindex=\"0\">\n\t\t\t\t\t\t<div class=\"wd-accordion-title-text\">\n\t\t\t\t\t\t\t\t\t\t\t\t\t\t<span>\n\t\t\t\t\t\t\t\t\u00bfCu\u00e1l es su pol\u00edtica de devoluci\u00f3n?\t\t\t\t\t\t\t<\/span>\n\t\t\t\t\t\t<\/div>\n\t\t\t\t\t\t<span class=\"wd-accordion-opener\"><\/span>\n\t\t\t\t\t<\/div>\n\n\t\t\t\t\t<div class=\"wd-accordion-content wd-entry-content\" data-accordion-index=\"2\">\n\t\t\t\t\t\t\t\t\t\t\t\t\t\n\t\t\t\t\t\t\t<p>Queremos que est\u00e9 encantado con su compra. Aceptamos la devoluci\u00f3n de productos sin abrir ni usar en su embalaje original dentro de los 30 d\u00edas posteriores a la entrega. Para obtener informaci\u00f3n m\u00e1s detallada o para iniciar una devoluci\u00f3n, visite nuestra p\u00e1gina web. <a href=\"https:\/\/shaliteink.com\/es\/politicas-de-devolucion-de-envios\/\"><strong>Pol\u00edtica de devoluciones y reembolsos<\/strong><\/a>\u00a0p\u00e1gina.<\/p>\n\t\t\t\t\t\t\t\t\t\t\t\t\t\t\t\t\t\t<\/div>\n\t\t\t\t<\/div>\n\t\t\t\t\t<\/div>\n\t\t\t\t\t\t<\/div>\n\t\t\t\t<\/div>\n\t\t\t\t\t<\/div>\n\t\t\t\t<\/div>\n\t\t\t\t<\/div>","protected":false},"excerpt":{"rendered":"<p>\u00a1Bienvenido a nuestro Centro de Ayuda! Hemos recopilado las respuestas a nuestras preguntas m\u00e1s frecuentes a continuaci\u00f3n. Si se pregunta...<\/p>","protected":false},"author":1,"featured_media":4161,"parent":0,"menu_order":0,"comment_status":"closed","ping_status":"closed","template":"","meta":{"footnotes":""},"class_list":["post-2956","page","type-page","status-publish","has-post-thumbnail","hentry"],"_links":{"self":[{"href":"https:\/\/shaliteink.com\/es\/wp-json\/wp\/v2\/pages\/2956","targetHints":{"allow":["GET"]}}],"collection":[{"href":"https:\/\/shaliteink.com\/es\/wp-json\/wp\/v2\/pages"}],"about":[{"href":"https:\/\/shaliteink.com\/es\/wp-json\/wp\/v2\/types\/page"}],"author":[{"embeddable":true,"href":"https:\/\/shaliteink.com\/es\/wp-json\/wp\/v2\/users\/1"}],"replies":[{"embeddable":true,"href":"https:\/\/shaliteink.com\/es\/wp-json\/wp\/v2\/comments?post=2956"}],"version-history":[{"count":0,"href":"https:\/\/shaliteink.com\/es\/wp-json\/wp\/v2\/pages\/2956\/revisions"}],"wp:featuredmedia":[{"embeddable":true,"href":"https:\/\/shaliteink.com\/es\/wp-json\/wp\/v2\/media\/4161"}],"wp:attachment":[{"href":"https:\/\/shaliteink.com\/es\/wp-json\/wp\/v2\/media?parent=2956"}],"curies":[{"name":"wp","href":"https:\/\/api.w.org\/{rel}","templated":true}]}}